{"id":76636,"date":"2024-03-12T17:39:57","date_gmt":"2024-03-12T16:39:57","guid":{"rendered":"http:\/\/lamigraf.com\/home\/"},"modified":"2026-04-09T15:30:23","modified_gmt":"2026-04-09T13:30:23","slug":"home","status":"publish","type":"page","link":"https:\/\/www.lamigraf.com\/de\/","title":{"rendered":"Home"},"content":{"rendered":"\n<div class=\"wp-block-group alignfull has-basecolor-color has-contrastcolor-background-color has-text-color has-background has-link-color wp-elements-8347cfc6bc951ed459c277ae47ea4bf7 has-global-padding is-layout-constrained wp-block-group-is-layout-constrained\">\n<div class=\"wp-block-cover alignfull is-style-default\" style=\"margin-top:0;margin-bottom:0;padding-top:0;padding-bottom:0;min-height:650px;aspect-ratio:unset;\"><img loading=\"lazy\" decoding=\"async\" width=\"1920\" height=\"1080\" class=\"wp-block-cover__image-background wp-image-117955 size-full\" alt=\"\" src=\"https:\/\/www.lamigraf.com\/wp-content\/uploads\/2026\/04\/HEADER-50.jpg\" data-object-fit=\"cover\" srcset=\"https:\/\/www.lamigraf.com\/wp-content\/uploads\/2026\/04\/HEADER-50.jpg 1920w, https:\/\/www.lamigraf.com\/wp-content\/uploads\/2026\/04\/HEADER-50-300x169.jpg 300w, https:\/\/www.lamigraf.com\/wp-content\/uploads\/2026\/04\/HEADER-50-1024x576.jpg 1024w, https:\/\/www.lamigraf.com\/wp-content\/uploads\/2026\/04\/HEADER-50-768x432.jpg 768w, https:\/\/www.lamigraf.com\/wp-content\/uploads\/2026\/04\/HEADER-50-1536x864.jpg 1536w\" sizes=\"auto, (max-width: 1920px) 100vw, 1920px\" \/><span aria-hidden=\"true\" class=\"wp-block-cover__background has-basecolor-background-color has-background-dim\"><\/span><div class=\"wp-block-cover__inner-container is-layout-flow wp-container-core-cover-is-layout-3230bf4d wp-block-cover-is-layout-flow\">\n<div class=\"wp-block-group has-global-padding is-layout-constrained wp-container-core-group-is-layout-5a9cf7b8 wp-block-group-is-layout-constrained\" style=\"margin-top:0;margin-bottom:0\">\n<div style=\"height:100px\" aria-hidden=\"true\" class=\"wp-block-spacer\"><\/div>\n\n\n\n<div class=\"wp-block-greenshift-blocks-row gspb_row gspb_row-id-gsbp-06580ce\" id=\"gspb_row-id-gsbp-06580ce\"><div class=\"gspb_row__content\"> \n<div class=\"wp-block-greenshift-blocks-row-column gspb_row__col--12 gspb_col-id-gsbp-13ca1ef\" id=\"gspb_col-id-gsbp-13ca1ef\">\n<h2 class=\"wp-block-heading has-text-align-center br-z-2 has-secondary-font-family\" id=\"decors-as-human-emotions\" style=\"margin-top:71px;margin-bottom:0px;font-size:clamp(42.068px, 2.629rem + ((1vw - 3.2px) * 2.963), 80px);line-height:1\">D\u00c9CORS AS HUMAN EMOTIONS<\/h2>\n<\/div>\n <\/div><\/div>\n\n\n\n<div class=\"wp-block-greenshift-blocks-row gspb_row gspb_row-id-gsbp-43818cd\" id=\"gspb_row-id-gsbp-43818cd\"><div class=\"gspb_row__content\"> \n<div class=\"wp-block-greenshift-blocks-row-column gspb_row__col--12 gspb_col-id-gsbp-1cfb632\" id=\"gspb_col-id-gsbp-1cfb632\">\n<div class=\"wp-block-greenshift-blocks-video gs-video video gspb_video-id-gsbp-3c848d1\" id=\"gs-video-gsbp-3c848d1\"><div class=\"gs-video-wrapper\" itemscope><div class=\"gs-video-element\" data-src=\"https:\/\/www.lamigraf.com\/wp-content\/uploads\/2025\/06\/Web_250602.mp4\" data-autoplay=\"true\" data-playsinline=\"true\" data-controls=\"false\" data-loop=\"true\" data-mute=\"true\" data-poster=\"\" data-provider=\"video\" data-overlay=\"false\" data-lightbox=\"false\"><\/div><\/div><\/div>\n<\/div>\n <\/div><\/div>\n\n\n\n<div class=\"wp-block-greenshift-blocks-row gspb_row gspb_row-id-gsbp-87937cb\" id=\"gspb_row-id-gsbp-87937cb\"><div class=\"gspb_row__content\"> \n<div class=\"wp-block-greenshift-blocks-row-column gspb_row__col--4 gspb_col-id-gsbp-399bf4f\" id=\"gspb_col-id-gsbp-399bf4f\">\n<div class=\"gspb_button_wrapper gspb_button-id-gsbp-7b85a52\" id=\"gspb_button-id-gsbp-7b85a52\"><a class=\"wp-block-greenshift-blocks-buttonbox gspb-buttonbox wp-element-button\" href=\"\/designs\/\" rel=\"noopener\"><span class=\"gspb-buttonbox-textwrap\"><span class=\"gspb-buttonbox-text\"><span class=\"gspb-buttonbox-title\">Finde dein Dekor<\/span><\/span><\/span><\/a><\/div>\n<\/div>\n <\/div><\/div>\n\n\n\n<div style=\"height:70px\" aria-hidden=\"true\" class=\"wp-block-spacer\"><\/div>\n<\/div>\n<\/div><\/div>\n<\/div>\n","protected":false},"excerpt":{"rendered":"","protected":false},"author":1,"featured_media":91971,"parent":0,"menu_order":0,"comment_status":"closed","ping_status":"closed","template":"no-title","meta":{"_acf_changed":false,"_gspb_post_css":"#gspb_row-id-gsbp-06580ce{justify-content:space-between;margin-top:0;display:flex;flex-wrap:wrap;margin-bottom:0;padding:0}#gspb_row-id-gsbp-06580ce>.gspb_row__content{display:flex;justify-content:space-between;margin:0 auto;width:100%;flex-wrap:wrap}div[id^=gspb_col-id]{box-sizing:border-box;position:relative;padding:var(--gs-row-column-padding, 15px min(3vw, 20px))}body.gspb-bodyfront #gspb_row-id-gsbp-06580ce{z-index:2}#gspb_col-id-gsbp-13ca1ef.gspb_row__col--12{width:100%}@media (max-width:575.98px){#gspb_col-id-gsbp-13ca1ef.gspb_row__col--12{width:100%}}.gspb_row #gspb_col-id-gsbp-13ca1ef.gspb_row__col--12{padding:0}#gspb_row-id-gsbp-43818cd,#gspb_row-id-gsbp-87937cb{justify-content:space-between;margin-bottom:0;display:flex;flex-wrap:wrap;margin-top:-40px}#gspb_row-id-gsbp-43818cd>.gspb_row__content{display:flex;justify-content:space-between;margin:0 auto;width:100%;flex-wrap:wrap;max-width:880px}#gspb_col-id-gsbp-1cfb632.gspb_row__col--12{width:100%}@media (max-width:575.98px){#gspb_col-id-gsbp-1cfb632.gspb_row__col--12{width:100%}}.gs-video{position:relative}.gs-video-wrapper{position:relative;height:inherit;max-width:100%}.gs-video-header{text-align:center}.gs-video-header .gs-video-header-title{font-size:24px;line-height:1.3;font-weight:700;margin:0 0 15px}.gs-video-header .gs-video-header-description{font-size:16px;line-height:1.5;margin:0 0 25px}.gs-video video{display:block}.gs-video .gs-video-element,.gs-video .gs-video-wrapper iframe{width:100%;height:100%;object-fit:cover;border:0}.gs-video .gs-video-wrapper iframe{aspect-ratio:16\/9;display:block}.gs-video-overlay{position:absolute;left:0;top:0;width:100%;height:100%;z-index:3;background-color:rgba(0,0,0,.1);background-size:cover;background-position:center;background-repeat:no-repeat;cursor:pointer}.gs-video-overlay .gs-overlay-color{position:absolute;left:0;top:0;width:100%;height:100%;z-index:2}.gs-video-overlay:hover .gs-play-icon{opacity:1}.gs-video-popup .slbContentOuter{width:100%;max-width:1000px}.gs-video-popup .slbContentOuter .slbContent iframe,.gs-video-popup .slbContentOuter .slbContent video{width:100%;height:100%;object-fit:cover}.gs-video-popup .slbContentOuter .slbContent iframe{aspect-ratio:16\/9}.gs-video-popup .slbCloseBtn{font-size:30px;width:40px;height:40px;line-height:40px;right:0;top:-50px}#gs-video-gsbp-3c848d1 .gs-video-wrapper .gs-overlay-color,#gs-video-gsbp-3c848d1 .gs-video-wrapper .gs-overlay-image,#gs-video-gsbp-3c848d1 .gs-video-wrapper .gs-video-overlay,#gs-video-gsbp-3c848d1 .gs-video-wrapper iframe,#gs-video-gsbp-3c848d1 .gs-video-wrapper video,.gs-video-gsbp-3c848d1 .slbContentOuter .slbContent iframe,.gs-video-gsbp-3c848d1 .slbContentOuter .slbContent video{border-top-left-radius:8px;border-top-right-radius:8px;border-bottom-right-radius:8px;border-bottom-left-radius:8px}#gspb_row-id-gsbp-87937cb{margin-top:40px}#gspb_row-id-gsbp-87937cb>.gspb_row__content{display:flex;margin:0 auto;width:100%;flex-wrap:wrap;max-width:800px;justify-content:center}.gspb_row{position:relative}#gspb_col-id-gsbp-399bf4f.gspb_row__col--4{width:33.333333333333336%}@media (max-width:575.98px){#gspb_col-id-gsbp-399bf4f.gspb_row__col--4{width:100%}}body #gspb_col-id-gsbp-399bf4f.gspb_row__col--4{display:flex;justify-content:center}#gspb_button-id-gsbp-7b85a52{display:flex;justify-content:flex-start}#gspb_button-id-gsbp-7b85a52 .gspb-buttonbox-text{display:flex;flex-direction:column}#gspb_button-id-gsbp-7b85a52>.gspb-buttonbox{box-sizing:border-box;min-width:250px;text-align:center!important}#gspb_button-id-gsbp-7b85a52>.gspb-buttonbox .gsap-g-line{text-align:center!important}","footnotes":""},"class_list":["post-76636","page","type-page","status-publish","has-post-thumbnail","hentry"],"acf":[],"yoast_head":"<!-- This site is optimized with the Yoast SEO plugin v25.2 - https:\/\/yoast.com\/wordpress\/plugins\/seo\/ -->\n<title>Spezialisten f\u00fcr dekoratives bedrucktes Papier f\u00fcr M\u00f6bel und Fu\u00dfb\u00f6den - Lamigraf<\/title>\n<meta name=\"description\" content=\"Mit mehr als 40 Jahren Erfahrung haben wir uns zu einem der weltweit f\u00fchrenden Dekordrucker f\u00fcr die M\u00f6beloberfl\u00e4chen- und Bodenbelagsindustrie entwickelt.\" \/>\n<meta name=\"robots\" content=\"index, follow, max-snippet:-1, max-image-preview:large, max-video-preview:-1\" \/>\n<link rel=\"canonical\" href=\"https:\/\/www.lamigraf.com\/de\/\" \/>\n<meta property=\"og:locale\" content=\"de_DE\" \/>\n<meta property=\"og:type\" content=\"article\" \/>\n<meta property=\"og:title\" content=\"Spezialisten f\u00fcr dekoratives bedrucktes Papier f\u00fcr M\u00f6bel und Fu\u00dfb\u00f6den - Lamigraf\" \/>\n<meta property=\"og:description\" content=\"Mit mehr als 40 Jahren Erfahrung haben wir uns zu einem der weltweit f\u00fchrenden Dekordrucker f\u00fcr die M\u00f6beloberfl\u00e4chen- und Bodenbelagsindustrie entwickelt.\" \/>\n<meta property=\"og:url\" content=\"https:\/\/www.lamigraf.com\/de\/\" \/>\n<meta property=\"og:site_name\" content=\"Lamigraf\" \/>\n<meta property=\"article:modified_time\" content=\"2026-04-09T13:30:23+00:00\" \/>\n<meta property=\"og:image\" content=\"https:\/\/www.lamigraf.com\/wp-content\/uploads\/2025\/05\/CT_13_S_3099-304_250404-scaled.jpg\" \/>\n\t<meta property=\"og:image:width\" content=\"2560\" \/>\n\t<meta property=\"og:image:height\" content=\"2560\" \/>\n\t<meta property=\"og:image:type\" content=\"image\/jpeg\" \/>\n<meta name=\"twitter:card\" content=\"summary_large_image\" \/>\n<meta name=\"twitter:label1\" content=\"Gesch\u00e4tzte Lesezeit\" \/>\n\t<meta name=\"twitter:data1\" content=\"1\u00a0Minute\" \/>\n<script type=\"application\/ld+json\" class=\"yoast-schema-graph\">{\"@context\":\"https:\/\/schema.org\",\"@graph\":[{\"@type\":\"WebPage\",\"@id\":\"https:\/\/www.lamigraf.com\/de\/\",\"url\":\"https:\/\/www.lamigraf.com\/de\/\",\"name\":\"Spezialisten f\u00fcr dekoratives bedrucktes Papier f\u00fcr M\u00f6bel und Fu\u00dfb\u00f6den - Lamigraf\",\"isPartOf\":{\"@id\":\"https:\/\/www.lamigraf.com\/#website\"},\"primaryImageOfPage\":{\"@id\":\"https:\/\/www.lamigraf.com\/de\/#primaryimage\"},\"image\":{\"@id\":\"https:\/\/www.lamigraf.com\/de\/#primaryimage\"},\"thumbnailUrl\":\"https:\/\/www.lamigraf.com\/wp-content\/uploads\/2025\/05\/CT_13_S_3099-304_250404-scaled.jpg\",\"datePublished\":\"2024-03-12T16:39:57+00:00\",\"dateModified\":\"2026-04-09T13:30:23+00:00\",\"description\":\"Mit mehr als 40 Jahren Erfahrung haben wir uns zu einem der weltweit f\u00fchrenden Dekordrucker f\u00fcr die M\u00f6beloberfl\u00e4chen- und Bodenbelagsindustrie entwickelt.\",\"breadcrumb\":{\"@id\":\"https:\/\/www.lamigraf.com\/de\/#breadcrumb\"},\"inLanguage\":\"de\",\"potentialAction\":[{\"@type\":\"ReadAction\",\"target\":[\"https:\/\/www.lamigraf.com\/de\/\"]}]},{\"@type\":\"ImageObject\",\"inLanguage\":\"de\",\"@id\":\"https:\/\/www.lamigraf.com\/de\/#primaryimage\",\"url\":\"https:\/\/www.lamigraf.com\/wp-content\/uploads\/2025\/05\/CT_13_S_3099-304_250404-scaled.jpg\",\"contentUrl\":\"https:\/\/www.lamigraf.com\/wp-content\/uploads\/2025\/05\/CT_13_S_3099-304_250404-scaled.jpg\",\"width\":2560,\"height\":2560},{\"@type\":\"BreadcrumbList\",\"@id\":\"https:\/\/www.lamigraf.com\/de\/#breadcrumb\",\"itemListElement\":[{\"@type\":\"ListItem\",\"position\":1,\"name\":\"Home\",\"item\":\"https:\/\/www.lamigraf.com\/de\/\"},{\"@type\":\"ListItem\",\"position\":2,\"name\":\"Home\"}]},{\"@type\":\"WebSite\",\"@id\":\"https:\/\/www.lamigraf.com\/#website\",\"url\":\"https:\/\/www.lamigraf.com\/\",\"name\":\"Lamigraf\",\"description\":\"\",\"publisher\":{\"@id\":\"https:\/\/www.lamigraf.com\/#organization\"},\"potentialAction\":[{\"@type\":\"SearchAction\",\"target\":{\"@type\":\"EntryPoint\",\"urlTemplate\":\"https:\/\/www.lamigraf.com\/?s={search_term_string}\"},\"query-input\":{\"@type\":\"PropertyValueSpecification\",\"valueRequired\":true,\"valueName\":\"search_term_string\"}}],\"inLanguage\":\"de\"},{\"@type\":\"Organization\",\"@id\":\"https:\/\/www.lamigraf.com\/#organization\",\"name\":\"Lamigraf\",\"url\":\"https:\/\/www.lamigraf.com\/\",\"logo\":{\"@type\":\"ImageObject\",\"inLanguage\":\"de\",\"@id\":\"https:\/\/www.lamigraf.com\/#\/schema\/logo\/image\/\",\"url\":\"https:\/\/www.lamigraf.com\/wp-content\/uploads\/2024\/05\/Logo-white.svg\",\"contentUrl\":\"https:\/\/www.lamigraf.com\/wp-content\/uploads\/2024\/05\/Logo-white.svg\",\"width\":147,\"height\":36,\"caption\":\"Lamigraf\"},\"image\":{\"@id\":\"https:\/\/www.lamigraf.com\/#\/schema\/logo\/image\/\"}}]}<\/script>\n<!-- \/ Yoast SEO plugin. -->","yoast_head_json":{"title":"Spezialisten f\u00fcr dekoratives bedrucktes Papier f\u00fcr M\u00f6bel und Fu\u00dfb\u00f6den - Lamigraf","description":"Mit mehr als 40 Jahren Erfahrung haben wir uns zu einem der weltweit f\u00fchrenden Dekordrucker f\u00fcr die M\u00f6beloberfl\u00e4chen- und Bodenbelagsindustrie entwickelt.","robots":{"index":"index","follow":"follow","max-snippet":"max-snippet:-1","max-image-preview":"max-image-preview:large","max-video-preview":"max-video-preview:-1"},"canonical":"https:\/\/www.lamigraf.com\/de\/","og_locale":"de_DE","og_type":"article","og_title":"Spezialisten f\u00fcr dekoratives bedrucktes Papier f\u00fcr M\u00f6bel und Fu\u00dfb\u00f6den - Lamigraf","og_description":"Mit mehr als 40 Jahren Erfahrung haben wir uns zu einem der weltweit f\u00fchrenden Dekordrucker f\u00fcr die M\u00f6beloberfl\u00e4chen- und Bodenbelagsindustrie entwickelt.","og_url":"https:\/\/www.lamigraf.com\/de\/","og_site_name":"Lamigraf","article_modified_time":"2026-04-09T13:30:23+00:00","og_image":[{"width":2560,"height":2560,"url":"https:\/\/www.lamigraf.com\/wp-content\/uploads\/2025\/05\/CT_13_S_3099-304_250404-scaled.jpg","type":"image\/jpeg"}],"twitter_card":"summary_large_image","twitter_misc":{"Gesch\u00e4tzte Lesezeit":"1\u00a0Minute"},"schema":{"@context":"https:\/\/schema.org","@graph":[{"@type":"WebPage","@id":"https:\/\/www.lamigraf.com\/de\/","url":"https:\/\/www.lamigraf.com\/de\/","name":"Spezialisten f\u00fcr dekoratives bedrucktes Papier f\u00fcr M\u00f6bel und Fu\u00dfb\u00f6den - Lamigraf","isPartOf":{"@id":"https:\/\/www.lamigraf.com\/#website"},"primaryImageOfPage":{"@id":"https:\/\/www.lamigraf.com\/de\/#primaryimage"},"image":{"@id":"https:\/\/www.lamigraf.com\/de\/#primaryimage"},"thumbnailUrl":"https:\/\/www.lamigraf.com\/wp-content\/uploads\/2025\/05\/CT_13_S_3099-304_250404-scaled.jpg","datePublished":"2024-03-12T16:39:57+00:00","dateModified":"2026-04-09T13:30:23+00:00","description":"Mit mehr als 40 Jahren Erfahrung haben wir uns zu einem der weltweit f\u00fchrenden Dekordrucker f\u00fcr die M\u00f6beloberfl\u00e4chen- und Bodenbelagsindustrie entwickelt.","breadcrumb":{"@id":"https:\/\/www.lamigraf.com\/de\/#breadcrumb"},"inLanguage":"de","potentialAction":[{"@type":"ReadAction","target":["https:\/\/www.lamigraf.com\/de\/"]}]},{"@type":"ImageObject","inLanguage":"de","@id":"https:\/\/www.lamigraf.com\/de\/#primaryimage","url":"https:\/\/www.lamigraf.com\/wp-content\/uploads\/2025\/05\/CT_13_S_3099-304_250404-scaled.jpg","contentUrl":"https:\/\/www.lamigraf.com\/wp-content\/uploads\/2025\/05\/CT_13_S_3099-304_250404-scaled.jpg","width":2560,"height":2560},{"@type":"BreadcrumbList","@id":"https:\/\/www.lamigraf.com\/de\/#breadcrumb","itemListElement":[{"@type":"ListItem","position":1,"name":"Home","item":"https:\/\/www.lamigraf.com\/de\/"},{"@type":"ListItem","position":2,"name":"Home"}]},{"@type":"WebSite","@id":"https:\/\/www.lamigraf.com\/#website","url":"https:\/\/www.lamigraf.com\/","name":"Lamigraf","description":"","publisher":{"@id":"https:\/\/www.lamigraf.com\/#organization"},"potentialAction":[{"@type":"SearchAction","target":{"@type":"EntryPoint","urlTemplate":"https:\/\/www.lamigraf.com\/?s={search_term_string}"},"query-input":{"@type":"PropertyValueSpecification","valueRequired":true,"valueName":"search_term_string"}}],"inLanguage":"de"},{"@type":"Organization","@id":"https:\/\/www.lamigraf.com\/#organization","name":"Lamigraf","url":"https:\/\/www.lamigraf.com\/","logo":{"@type":"ImageObject","inLanguage":"de","@id":"https:\/\/www.lamigraf.com\/#\/schema\/logo\/image\/","url":"https:\/\/www.lamigraf.com\/wp-content\/uploads\/2024\/05\/Logo-white.svg","contentUrl":"https:\/\/www.lamigraf.com\/wp-content\/uploads\/2024\/05\/Logo-white.svg","width":147,"height":36,"caption":"Lamigraf"},"image":{"@id":"https:\/\/www.lamigraf.com\/#\/schema\/logo\/image\/"}}]}},"_links":{"self":[{"href":"https:\/\/www.lamigraf.com\/de\/wp-json\/wp\/v2\/pages\/76636","targetHints":{"allow":["GET"]}}],"collection":[{"href":"https:\/\/www.lamigraf.com\/de\/wp-json\/wp\/v2\/pages"}],"about":[{"href":"https:\/\/www.lamigraf.com\/de\/wp-json\/wp\/v2\/types\/page"}],"author":[{"embeddable":true,"href":"https:\/\/www.lamigraf.com\/de\/wp-json\/wp\/v2\/users\/1"}],"replies":[{"embeddable":true,"href":"https:\/\/www.lamigraf.com\/de\/wp-json\/wp\/v2\/comments?post=76636"}],"version-history":[{"count":5,"href":"https:\/\/www.lamigraf.com\/de\/wp-json\/wp\/v2\/pages\/76636\/revisions"}],"predecessor-version":[{"id":117962,"href":"https:\/\/www.lamigraf.com\/de\/wp-json\/wp\/v2\/pages\/76636\/revisions\/117962"}],"wp:featuredmedia":[{"embeddable":true,"href":"https:\/\/www.lamigraf.com\/de\/wp-json\/wp\/v2\/media\/91971"}],"wp:attachment":[{"href":"https:\/\/www.lamigraf.com\/de\/wp-json\/wp\/v2\/media?parent=76636"}],"curies":[{"name":"wp","href":"https:\/\/api.w.org\/{rel}","templated":true}]}}