{"id":76876,"date":"2024-05-31T10:19:35","date_gmt":"2024-05-31T08:19:35","guid":{"rendered":"http:\/\/lamigraf.com\/join-us\/"},"modified":"2025-03-24T14:36:27","modified_gmt":"2025-03-24T13:36:27","slug":"schliessen-sie-sich-uns-an","status":"publish","type":"page","link":"https:\/\/www.lamigraf.com\/de\/schliessen-sie-sich-uns-an\/","title":{"rendered":"Schlie\u00dfen Sie sich uns an"},"content":{"rendered":"\n<div class=\"wp-block-greenshift-blocks-row gspb_row gspb_row-id-gsbp-ae8a852\" id=\"gspb_row-id-gsbp-ae8a852\"><div class=\"gspb_row__content\"> \n<div class=\"wp-block-greenshift-blocks-row-column gspb_row__col--12 gspb_col-id-gsbp-e4f79b1\" id=\"gspb_col-id-gsbp-e4f79b1\">\n<div class=\"wpcf7 no-js\" id=\"wpcf7-f77090-o1\" lang=\"de-DE\" dir=\"ltr\" data-wpcf7-id=\"77090\">\n<div class=\"screen-reader-response\"><p role=\"status\" aria-live=\"polite\" aria-atomic=\"true\"><\/p> <ul><\/ul><\/div>\n<form action=\"\/de\/wp-json\/wp\/v2\/pages\/76876#wpcf7-f77090-o1\" method=\"post\" class=\"wpcf7-form init\" aria-label=\"Kontaktformular\" enctype=\"multipart\/form-data\" novalidate=\"novalidate\" data-status=\"init\">\n<div style=\"display: none;\">\n<input type=\"hidden\" name=\"_wpcf7\" value=\"77090\" \/>\n<input type=\"hidden\" name=\"_wpcf7_version\" value=\"6.0.6\" \/>\n<input type=\"hidden\" name=\"_wpcf7_locale\" value=\"de_DE\" \/>\n<input type=\"hidden\" name=\"_wpcf7_unit_tag\" value=\"wpcf7-f77090-o1\" \/>\n<input type=\"hidden\" name=\"_wpcf7_container_post\" value=\"0\" \/>\n<input type=\"hidden\" name=\"_wpcf7_posted_data_hash\" value=\"\" \/>\n<input type=\"hidden\" name=\"_wpcf7dtx_version\" value=\"5.0.3\" \/>\n<input type=\"hidden\" name=\"_wpcf7_recaptcha_response\" value=\"\" \/>\n<\/div>\n<div class=\"solid-form\" class=\"clearfix\">\n<div class=\"wpcf7-inline-wrapper\">\n<div class=\"wpcf7-inline-field\">Vorname <span class=\"wpcf7-form-control-wrap\" data-name=\"first-name\"><input size=\"40\" maxlength=\"400\" class=\"wpcf7-form-control wpcf7-text wpcf7-validates-as-required\" aria-required=\"true\" aria-invalid=\"false\" placeholder=\"Vorname\" value=\"\" type=\"text\" name=\"first-name\" \/><\/span><\/div>\n<div class=\"wpcf7-inline-field\">Nachname <span class=\"wpcf7-form-control-wrap\" data-name=\"last-name\"><input size=\"40\" maxlength=\"400\" class=\"wpcf7-form-control wpcf7-text wpcf7-validates-as-required\" aria-required=\"true\" aria-invalid=\"false\" placeholder=\"Nachname\" value=\"\" type=\"text\" name=\"last-name\" \/><\/span><\/div>\n<\/div>\n<div class=\"wpcf7-inline-wrapper\">\n<div class=\"wpcf7-inline-field\">E-Mail <span class=\"wpcf7-form-control-wrap\" data-name=\"your-email\"><input size=\"40\" maxlength=\"400\" class=\"wpcf7-form-control wpcf7-email wpcf7-validates-as-required wpcf7-text wpcf7-validates-as-email\" aria-required=\"true\" aria-invalid=\"false\" placeholder=\"email@email.com\" value=\"\" type=\"email\" name=\"your-email\" \/><\/span><\/div>\n<div class=\"wpcf7-inline-field\">Telefon<span class=\"wpcf7-form-control-wrap\" data-name=\"phone\"><input size=\"40\" maxlength=\"400\" class=\"wpcf7-form-control wpcf7-tel wpcf7-validates-as-required wpcf7-text wpcf7-validates-as-tel\" aria-required=\"true\" aria-invalid=\"false\" placeholder=\"+00 000 000\" value=\"\" type=\"tel\" name=\"phone\" \/><\/span><\/div>\n<\/div>\n<div class=\"\">\n<div class=\"\">Nachricht <span class=\"wpcf7-form-control-wrap\" data-name=\"your-message\"><textarea cols=\"40\" rows=\"5\" maxlength=\"2000\" class=\"wpcf7-form-control wpcf7-textarea\" aria-invalid=\"false\" name=\"your-message\"><\/textarea><\/span><\/div>\n<\/div>\n<div class=\"\">\n<div class=\"\">Anhang <span class=\"wpcf7-form-control-wrap\" data-name=\"attached-file\"><input size=\"40\" class=\"wpcf7-form-control wpcf7-file wpcf7-validates-as-required\" accept=\".pdf\" aria-required=\"true\" aria-invalid=\"false\" type=\"file\" name=\"attached-file\" \/><\/span><\/div>\n<\/div>\n<div class=\"\">\n<div class=\"\">Bewerbungsschreiben <span class=\"wpcf7-form-control-wrap\" data-name=\"attached-cover\"><input size=\"40\" class=\"wpcf7-form-control wpcf7-file\" accept=\".pdf\" aria-invalid=\"false\" type=\"file\" name=\"attached-cover\" \/><\/span><\/div>\n<div class=\"\">\n<span class=\"wpcf7-form-control-wrap\" data-name=\"acceptance\"><span class=\"wpcf7-form-control wpcf7-acceptance\"><span class=\"wpcf7-list-item\"><label><input type=\"checkbox\" name=\"acceptance\" value=\"1\" aria-invalid=\"false\" \/><span class=\"wpcf7-list-item-label\">Mit dem Absenden dieser Bewerbung erkl\u00e4re ich, dass ich die Datenschutzrichtlinie gelesen habe und best\u00e4tige, dass Lamigraf meine pers\u00f6nlichen Daten speichert, um meine Bewerbung zu bearbeiten.<\/span><\/label><\/span><\/span><\/span>\n<div class=\"\" style=\"margin:25px 0px\"><input class=\"wpcf7-form-control wpcf7-submit has-spinner wp-block-button__link\" type=\"submit\" value=\"Bewerbung absenden\" \/><\/div>\n<\/div>\n<\/div><div class=\"wpcf7-response-output\" aria-hidden=\"true\"><\/div>\n<\/form>\n<\/div>\n\n<\/div>\n <\/div><\/div>\n\n<div class=\"wp-block-greenshift-blocks-row gspb_row gspb_row-id-gsbp-0098819\" id=\"gspb_row-id-gsbp-0098819\"><div class=\"gspb_row__content\"> \n<div class=\"wp-block-greenshift-blocks-row-column gspb_row__col--12 gspb_col-id-gsbp-9c95b5b\" id=\"gspb_col-id-gsbp-9c95b5b\">\n<div class=\"gspb_button_wrapper gspb_button-id-gsbp-9f1c3a2\" id=\"gspb_button-id-gsbp-9f1c3a2\"><a class=\"wp-block-greenshift-blocks-buttonbox gspb-buttonbox wp-element-button br-btn-outline\" href=\"https:\/\/www.lamigraf.com\/de\/werden-sie-teil-unseres-teams\/\" rel=\"noopener\"><span class=\"gspb-buttonbox-textwrap\"><span class=\"gspb-buttonbox-text\"><span class=\"gspb-buttonbox-title\">Zur\u00fcck<\/span><\/span><\/span><\/a><\/div>\n<\/div>\n <\/div><\/div>\n","protected":false},"excerpt":{"rendered":"","protected":false},"author":2,"featured_media":74767,"parent":0,"menu_order":0,"comment_status":"closed","ping_status":"closed","template":"","meta":{"_acf_changed":false,"_gspb_post_css":"#gspb_row-id-gsbp-0098819,#gspb_row-id-gsbp-ae8a852,#gspb_row-id-gsbp-ae8a852>.gspb_row__content{justify-content:space-between;display:flex;flex-wrap:wrap}#gspb_row-id-gsbp-ae8a852{margin-top:0;margin-bottom:0}#gspb_row-id-gsbp-ae8a852>.gspb_row__content{margin:0 auto;width:100%;max-width:800px}.gspb_row{position:relative}div[id^=gspb_col-id]{box-sizing:border-box;position:relative;padding:var(--gs-row-column-padding, 15px min(3vw, 20px))}#gspb_col-id-gsbp-e4f79b1.gspb_row__col--12{width:100%}@media (max-width:575.98px){#gspb_col-id-gsbp-e4f79b1.gspb_row__col--12{width:100%}}#gspb_row-id-gsbp-0098819>.gspb_row__content{display:flex;justify-content:space-between;margin:0 auto;width:100%;flex-wrap:wrap;max-width:1200px}#gspb_row-id-gsbp-0098819{margin-top:50px;margin-bottom:-50px}#gspb_col-id-gsbp-9c95b5b.gspb_row__col--12{width:100%}@media (max-width:575.98px){#gspb_col-id-gsbp-9c95b5b.gspb_row__col--12{width:100%}}#gspb_button-id-gsbp-9f1c3a2{display:flex;justify-content:center}#gspb_button-id-gsbp-9f1c3a2 .gspb-buttonbox-text{display:flex;flex-direction:column}#gspb_button-id-gsbp-9f1c3a2>.gspb-buttonbox{box-sizing:border-box}#gspb_button-id-gsbp-9f1c3a2>.gspb-buttonbox>.gspb-buttonbox-textwrap>.gspb-buttonbox-icon{display:flex}#gspb_button-id-gsbp-9f1c3a2>.gspb-buttonbox .gspb-buttonbox-icon svg,#gspb_button-id-gsbp-9f1c3a2>.gspb-buttonbox .gspb-buttonbox-icon svg path,#gspb_button-id-gsbp-9f1c3a2>.gspb-buttonbox:hover .gspb-buttonbox-icon svg,#gspb_button-id-gsbp-9f1c3a2>.gspb-buttonbox:hover .gspb-buttonbox-icon svg path{fill:currentColor!important}#gspb_button-id-gsbp-9f1c3a2>.gspb-buttonbox .gspb-buttonbox-icon svg{margin:0!important}#gspb_button-id-gsbp-9f1c3a2>.gspb-buttonbox>.gspb-buttonbox-textwrap{display:flex;flex-direction:row;align-items:center}#gspb_button-id-gsbp-9f1c3a2 .gspb-buttonbox-icon{margin-right:13px}#gspb_button-id-gsbp-9f1c3a2>.gspb-buttonbox{background-color:var(--wp--preset--color--contrastcolor, #ffffff);color:var(--wp--preset--color--basecolor, #282828);border-style:solid;border-width:1px;border-color:var(--wp--preset--color--basecolor, #282828)}","footnotes":""},"class_list":["post-76876","page","type-page","status-publish","has-post-thumbnail","hentry"],"acf":[],"yoast_head":"<!-- This site is optimized with the Yoast SEO plugin v25.2 - https:\/\/yoast.com\/wordpress\/plugins\/seo\/ -->\n<title>Schlie\u00dfen Sie sich uns an - Lamigraf<\/title>\n<meta name=\"robots\" content=\"index, follow, max-snippet:-1, max-image-preview:large, max-video-preview:-1\" \/>\n<link rel=\"canonical\" href=\"https:\/\/www.lamigraf.com\/de\/schliessen-sie-sich-uns-an\/\" \/>\n<meta property=\"og:locale\" content=\"de_DE\" \/>\n<meta property=\"og:type\" content=\"article\" \/>\n<meta property=\"og:title\" content=\"Schlie\u00dfen Sie sich uns an - Lamigraf\" \/>\n<meta property=\"og:url\" content=\"https:\/\/www.lamigraf.com\/de\/schliessen-sie-sich-uns-an\/\" \/>\n<meta property=\"og:site_name\" content=\"Lamigraf\" \/>\n<meta property=\"article:modified_time\" content=\"2025-03-24T13:36:27+00:00\" \/>\n<meta property=\"og:image\" content=\"https:\/\/www.lamigraf.com\/wp-content\/uploads\/2024\/06\/join-us.webp\" \/>\n\t<meta property=\"og:image:width\" content=\"2000\" \/>\n\t<meta property=\"og:image:height\" content=\"1018\" \/>\n\t<meta property=\"og:image:type\" content=\"image\/webp\" \/>\n<meta name=\"twitter:card\" content=\"summary_large_image\" \/>\n<script type=\"application\/ld+json\" class=\"yoast-schema-graph\">{\"@context\":\"https:\/\/schema.org\",\"@graph\":[{\"@type\":\"WebPage\",\"@id\":\"https:\/\/www.lamigraf.com\/de\/schliessen-sie-sich-uns-an\/\",\"url\":\"https:\/\/www.lamigraf.com\/de\/schliessen-sie-sich-uns-an\/\",\"name\":\"Schlie\u00dfen Sie sich uns an - Lamigraf\",\"isPartOf\":{\"@id\":\"https:\/\/www.lamigraf.com\/#website\"},\"primaryImageOfPage\":{\"@id\":\"https:\/\/www.lamigraf.com\/de\/schliessen-sie-sich-uns-an\/#primaryimage\"},\"image\":{\"@id\":\"https:\/\/www.lamigraf.com\/de\/schliessen-sie-sich-uns-an\/#primaryimage\"},\"thumbnailUrl\":\"https:\/\/www.lamigraf.com\/wp-content\/uploads\/2024\/06\/join-us.webp\",\"datePublished\":\"2024-05-31T08:19:35+00:00\",\"dateModified\":\"2025-03-24T13:36:27+00:00\",\"breadcrumb\":{\"@id\":\"https:\/\/www.lamigraf.com\/de\/schliessen-sie-sich-uns-an\/#breadcrumb\"},\"inLanguage\":\"de\",\"potentialAction\":[{\"@type\":\"ReadAction\",\"target\":[\"https:\/\/www.lamigraf.com\/de\/schliessen-sie-sich-uns-an\/\"]}]},{\"@type\":\"ImageObject\",\"inLanguage\":\"de\",\"@id\":\"https:\/\/www.lamigraf.com\/de\/schliessen-sie-sich-uns-an\/#primaryimage\",\"url\":\"https:\/\/www.lamigraf.com\/wp-content\/uploads\/2024\/06\/join-us.webp\",\"contentUrl\":\"https:\/\/www.lamigraf.com\/wp-content\/uploads\/2024\/06\/join-us.webp\",\"width\":2000,\"height\":1018},{\"@type\":\"BreadcrumbList\",\"@id\":\"https:\/\/www.lamigraf.com\/de\/schliessen-sie-sich-uns-an\/#breadcrumb\",\"itemListElement\":[{\"@type\":\"ListItem\",\"position\":1,\"name\":\"Home\",\"item\":\"https:\/\/www.lamigraf.com\/de\/\"},{\"@type\":\"ListItem\",\"position\":2,\"name\":\"Schlie\u00dfen Sie sich uns an\"}]},{\"@type\":\"WebSite\",\"@id\":\"https:\/\/www.lamigraf.com\/#website\",\"url\":\"https:\/\/www.lamigraf.com\/\",\"name\":\"Lamigraf\",\"description\":\"\",\"publisher\":{\"@id\":\"https:\/\/www.lamigraf.com\/#organization\"},\"potentialAction\":[{\"@type\":\"SearchAction\",\"target\":{\"@type\":\"EntryPoint\",\"urlTemplate\":\"https:\/\/www.lamigraf.com\/?s={search_term_string}\"},\"query-input\":{\"@type\":\"PropertyValueSpecification\",\"valueRequired\":true,\"valueName\":\"search_term_string\"}}],\"inLanguage\":\"de\"},{\"@type\":\"Organization\",\"@id\":\"https:\/\/www.lamigraf.com\/#organization\",\"name\":\"Lamigraf\",\"url\":\"https:\/\/www.lamigraf.com\/\",\"logo\":{\"@type\":\"ImageObject\",\"inLanguage\":\"de\",\"@id\":\"https:\/\/www.lamigraf.com\/#\/schema\/logo\/image\/\",\"url\":\"https:\/\/www.lamigraf.com\/wp-content\/uploads\/2024\/05\/Logo-white.svg\",\"contentUrl\":\"https:\/\/www.lamigraf.com\/wp-content\/uploads\/2024\/05\/Logo-white.svg\",\"width\":147,\"height\":36,\"caption\":\"Lamigraf\"},\"image\":{\"@id\":\"https:\/\/www.lamigraf.com\/#\/schema\/logo\/image\/\"}}]}<\/script>\n<!-- \/ Yoast SEO plugin. -->","yoast_head_json":{"title":"Schlie\u00dfen Sie sich uns an - Lamigraf","robots":{"index":"index","follow":"follow","max-snippet":"max-snippet:-1","max-image-preview":"max-image-preview:large","max-video-preview":"max-video-preview:-1"},"canonical":"https:\/\/www.lamigraf.com\/de\/schliessen-sie-sich-uns-an\/","og_locale":"de_DE","og_type":"article","og_title":"Schlie\u00dfen Sie sich uns an - Lamigraf","og_url":"https:\/\/www.lamigraf.com\/de\/schliessen-sie-sich-uns-an\/","og_site_name":"Lamigraf","article_modified_time":"2025-03-24T13:36:27+00:00","og_image":[{"width":2000,"height":1018,"url":"https:\/\/www.lamigraf.com\/wp-content\/uploads\/2024\/06\/join-us.webp","type":"image\/webp"}],"twitter_card":"summary_large_image","schema":{"@context":"https:\/\/schema.org","@graph":[{"@type":"WebPage","@id":"https:\/\/www.lamigraf.com\/de\/schliessen-sie-sich-uns-an\/","url":"https:\/\/www.lamigraf.com\/de\/schliessen-sie-sich-uns-an\/","name":"Schlie\u00dfen Sie sich uns an - Lamigraf","isPartOf":{"@id":"https:\/\/www.lamigraf.com\/#website"},"primaryImageOfPage":{"@id":"https:\/\/www.lamigraf.com\/de\/schliessen-sie-sich-uns-an\/#primaryimage"},"image":{"@id":"https:\/\/www.lamigraf.com\/de\/schliessen-sie-sich-uns-an\/#primaryimage"},"thumbnailUrl":"https:\/\/www.lamigraf.com\/wp-content\/uploads\/2024\/06\/join-us.webp","datePublished":"2024-05-31T08:19:35+00:00","dateModified":"2025-03-24T13:36:27+00:00","breadcrumb":{"@id":"https:\/\/www.lamigraf.com\/de\/schliessen-sie-sich-uns-an\/#breadcrumb"},"inLanguage":"de","potentialAction":[{"@type":"ReadAction","target":["https:\/\/www.lamigraf.com\/de\/schliessen-sie-sich-uns-an\/"]}]},{"@type":"ImageObject","inLanguage":"de","@id":"https:\/\/www.lamigraf.com\/de\/schliessen-sie-sich-uns-an\/#primaryimage","url":"https:\/\/www.lamigraf.com\/wp-content\/uploads\/2024\/06\/join-us.webp","contentUrl":"https:\/\/www.lamigraf.com\/wp-content\/uploads\/2024\/06\/join-us.webp","width":2000,"height":1018},{"@type":"BreadcrumbList","@id":"https:\/\/www.lamigraf.com\/de\/schliessen-sie-sich-uns-an\/#breadcrumb","itemListElement":[{"@type":"ListItem","position":1,"name":"Home","item":"https:\/\/www.lamigraf.com\/de\/"},{"@type":"ListItem","position":2,"name":"Schlie\u00dfen Sie sich uns an"}]},{"@type":"WebSite","@id":"https:\/\/www.lamigraf.com\/#website","url":"https:\/\/www.lamigraf.com\/","name":"Lamigraf","description":"","publisher":{"@id":"https:\/\/www.lamigraf.com\/#organization"},"potentialAction":[{"@type":"SearchAction","target":{"@type":"EntryPoint","urlTemplate":"https:\/\/www.lamigraf.com\/?s={search_term_string}"},"query-input":{"@type":"PropertyValueSpecification","valueRequired":true,"valueName":"search_term_string"}}],"inLanguage":"de"},{"@type":"Organization","@id":"https:\/\/www.lamigraf.com\/#organization","name":"Lamigraf","url":"https:\/\/www.lamigraf.com\/","logo":{"@type":"ImageObject","inLanguage":"de","@id":"https:\/\/www.lamigraf.com\/#\/schema\/logo\/image\/","url":"https:\/\/www.lamigraf.com\/wp-content\/uploads\/2024\/05\/Logo-white.svg","contentUrl":"https:\/\/www.lamigraf.com\/wp-content\/uploads\/2024\/05\/Logo-white.svg","width":147,"height":36,"caption":"Lamigraf"},"image":{"@id":"https:\/\/www.lamigraf.com\/#\/schema\/logo\/image\/"}}]}},"_links":{"self":[{"href":"https:\/\/www.lamigraf.com\/de\/wp-json\/wp\/v2\/pages\/76876","targetHints":{"allow":["GET"]}}],"collection":[{"href":"https:\/\/www.lamigraf.com\/de\/wp-json\/wp\/v2\/pages"}],"about":[{"href":"https:\/\/www.lamigraf.com\/de\/wp-json\/wp\/v2\/types\/page"}],"author":[{"embeddable":true,"href":"https:\/\/www.lamigraf.com\/de\/wp-json\/wp\/v2\/users\/2"}],"replies":[{"embeddable":true,"href":"https:\/\/www.lamigraf.com\/de\/wp-json\/wp\/v2\/comments?post=76876"}],"version-history":[{"count":5,"href":"https:\/\/www.lamigraf.com\/de\/wp-json\/wp\/v2\/pages\/76876\/revisions"}],"predecessor-version":[{"id":86850,"href":"https:\/\/www.lamigraf.com\/de\/wp-json\/wp\/v2\/pages\/76876\/revisions\/86850"}],"wp:featuredmedia":[{"embeddable":true,"href":"https:\/\/www.lamigraf.com\/de\/wp-json\/wp\/v2\/media\/74767"}],"wp:attachment":[{"href":"https:\/\/www.lamigraf.com\/de\/wp-json\/wp\/v2\/media?parent=76876"}],"curies":[{"name":"wp","href":"https:\/\/api.w.org\/{rel}","templated":true}]}}