{"id":10114,"date":"2024-06-07T09:41:39","date_gmt":"2024-06-07T07:41:39","guid":{"rendered":"http:\/\/lamigraf.com\/designs\/roxanne-2\/"},"modified":"2024-06-07T09:41:39","modified_gmt":"2024-06-07T07:41:39","slug":"roxanne-2","status":"publish","type":"product","link":"https:\/\/www.lamigraf.com\/de\/designs\/roxanne-2\/","title":{"rendered":"ROXANNE"},"content":{"rendered":"Dynamisch und einzigartig zeichnet sich dieser tunesische Marmor durch die Exklusivit\u00e4t und die Sch\u00f6nheit seiner feinen, warmen, r\u00f6tlichen Adern aus. Mit einem dezenten Hintergrund, der seine metallischen Maserungen hervorhebt, verleiht dieser Stein Arbeitsplatten und gro\u00dfz\u00fcgigen Fl\u00e4chen Temperament. Eleganz, Anmut und Luxus vereinen sich und versch\u00f6nern jeden Raum mit Pers\u00f6nlichkeit.","protected":false},"excerpt":{"rendered":"<p>Dynamisch und einzigartig zeichnet sich dieser tunesische Marmor durch die Exklusivit\u00e4t und die Sch\u00f6nheit seiner feinen, warmen, r\u00f6tlichen Adern aus. Mit einem dezenten Hintergrund, der seine metallischen Maserungen hervorhebt, verleiht dieser Stein Arbeitsplatten und gro\u00dfz\u00fcgigen Fl\u00e4chen Temperament. Eleganz, Anmut und Luxus vereinen sich und versch\u00f6nern jeden Raum mit Pers\u00f6nlichkeit.<\/p>\n","protected":false},"featured_media":48251,"template":"","meta":{"_acf_changed":false,"_gspb_post_css":"","footnotes":""},"applications":[8,691],"design-types":[614],"characteristics":[197],"appearance":[],"class_list":["post-10114","product","type-product","status-publish","has-post-thumbnail","hentry","product_applications-furniture","product_applications-furniture-de","product_type-marble","product_characteristics-metallic-effect"],"acf":{"code":"02477","peripheral_development":"1300","axial_development":"1200","cylinders":"4","data_sheet":79559,"collections":[{"code":" R1","thumbnail":48212,"render":""},{"code":"0401","thumbnail":48219,"render":""},{"code":"0402","thumbnail":48226,"render":""},{"code":"0403","thumbnail":48233,"render":""}],"usages":[48261,48268],"inspiration":{"top":{"title":"","thumbnail":"","reference":""},"bottom_title":""},"hover_image":48261,"eir":"","collaborator":{"name":"","link":""},"synchro_wood":false,"novedad":false},"yoast_head":"<!-- This site is optimized with the Yoast SEO plugin v25.2 - https:\/\/yoast.com\/wordpress\/plugins\/seo\/ -->\n<title>ROXANNE - Lamigraf<\/title>\n<meta name=\"robots\" content=\"index, follow, max-snippet:-1, max-image-preview:large, max-video-preview:-1\" \/>\n<link rel=\"canonical\" href=\"https:\/\/www.lamigraf.com\/de\/designs\/roxanne-2\/\" \/>\n<meta property=\"og:locale\" content=\"de_DE\" \/>\n<meta property=\"og:type\" content=\"article\" \/>\n<meta property=\"og:title\" content=\"ROXANNE - Lamigraf\" \/>\n<meta property=\"og:description\" content=\"Dynamisch und einzigartig zeichnet sich dieser tunesische Marmor durch die Exklusivit\u00e4t und die Sch\u00f6nheit seiner feinen, warmen, r\u00f6tlichen Adern aus. Mit einem dezenten Hintergrund, der seine metallischen Maserungen hervorhebt, verleiht dieser Stein Arbeitsplatten und gro\u00dfz\u00fcgigen Fl\u00e4chen Temperament. Eleganz, Anmut und Luxus vereinen sich und versch\u00f6nern jeden Raum mit Pers\u00f6nlichkeit.\" \/>\n<meta property=\"og:url\" content=\"https:\/\/www.lamigraf.com\/de\/designs\/roxanne-2\/\" \/>\n<meta property=\"og:site_name\" content=\"Lamigraf\" \/>\n<meta property=\"og:image\" content=\"https:\/\/www.lamigraf.com\/wp-content\/uploads\/2024\/06\/02477-O.jpg\" \/>\n\t<meta property=\"og:image:width\" content=\"1920\" \/>\n\t<meta property=\"og:image:height\" content=\"2079\" \/>\n\t<meta property=\"og:image:type\" content=\"image\/jpeg\" \/>\n<meta name=\"twitter:card\" content=\"summary_large_image\" \/>\n<script type=\"application\/ld+json\" class=\"yoast-schema-graph\">{\"@context\":\"https:\/\/schema.org\",\"@graph\":[{\"@type\":\"WebPage\",\"@id\":\"https:\/\/www.lamigraf.com\/de\/designs\/roxanne-2\/\",\"url\":\"https:\/\/www.lamigraf.com\/de\/designs\/roxanne-2\/\",\"name\":\"ROXANNE - Lamigraf\",\"isPartOf\":{\"@id\":\"https:\/\/www.lamigraf.com\/#website\"},\"primaryImageOfPage\":{\"@id\":\"https:\/\/www.lamigraf.com\/de\/designs\/roxanne-2\/#primaryimage\"},\"image\":{\"@id\":\"https:\/\/www.lamigraf.com\/de\/designs\/roxanne-2\/#primaryimage\"},\"thumbnailUrl\":\"https:\/\/www.lamigraf.com\/wp-content\/uploads\/2024\/06\/02477-O.jpg\",\"datePublished\":\"2024-06-07T07:41:39+00:00\",\"breadcrumb\":{\"@id\":\"https:\/\/www.lamigraf.com\/de\/designs\/roxanne-2\/#breadcrumb\"},\"inLanguage\":\"de\",\"potentialAction\":[{\"@type\":\"ReadAction\",\"target\":[\"https:\/\/www.lamigraf.com\/de\/designs\/roxanne-2\/\"]}]},{\"@type\":\"ImageObject\",\"inLanguage\":\"de\",\"@id\":\"https:\/\/www.lamigraf.com\/de\/designs\/roxanne-2\/#primaryimage\",\"url\":\"https:\/\/www.lamigraf.com\/wp-content\/uploads\/2024\/06\/02477-O.jpg\",\"contentUrl\":\"https:\/\/www.lamigraf.com\/wp-content\/uploads\/2024\/06\/02477-O.jpg\",\"width\":1920,\"height\":2079},{\"@type\":\"BreadcrumbList\",\"@id\":\"https:\/\/www.lamigraf.com\/de\/designs\/roxanne-2\/#breadcrumb\",\"itemListElement\":[{\"@type\":\"ListItem\",\"position\":1,\"name\":\"Home\",\"item\":\"https:\/\/www.lamigraf.com\/de\/\"},{\"@type\":\"ListItem\",\"position\":2,\"name\":\"Designs\",\"item\":\"https:\/\/www.lamigraf.com\/designs\/\"},{\"@type\":\"ListItem\",\"position\":3,\"name\":\"ROXANNE\"}]},{\"@type\":\"WebSite\",\"@id\":\"https:\/\/www.lamigraf.com\/#website\",\"url\":\"https:\/\/www.lamigraf.com\/\",\"name\":\"Lamigraf\",\"description\":\"\",\"publisher\":{\"@id\":\"https:\/\/www.lamigraf.com\/#organization\"},\"potentialAction\":[{\"@type\":\"SearchAction\",\"target\":{\"@type\":\"EntryPoint\",\"urlTemplate\":\"https:\/\/www.lamigraf.com\/?s={search_term_string}\"},\"query-input\":{\"@type\":\"PropertyValueSpecification\",\"valueRequired\":true,\"valueName\":\"search_term_string\"}}],\"inLanguage\":\"de\"},{\"@type\":\"Organization\",\"@id\":\"https:\/\/www.lamigraf.com\/#organization\",\"name\":\"Lamigraf\",\"url\":\"https:\/\/www.lamigraf.com\/\",\"logo\":{\"@type\":\"ImageObject\",\"inLanguage\":\"de\",\"@id\":\"https:\/\/www.lamigraf.com\/#\/schema\/logo\/image\/\",\"url\":\"https:\/\/www.lamigraf.com\/wp-content\/uploads\/2024\/05\/Logo-white.svg\",\"contentUrl\":\"https:\/\/www.lamigraf.com\/wp-content\/uploads\/2024\/05\/Logo-white.svg\",\"width\":147,\"height\":36,\"caption\":\"Lamigraf\"},\"image\":{\"@id\":\"https:\/\/www.lamigraf.com\/#\/schema\/logo\/image\/\"}}]}<\/script>\n<!-- \/ Yoast SEO plugin. -->","yoast_head_json":{"title":"ROXANNE - Lamigraf","robots":{"index":"index","follow":"follow","max-snippet":"max-snippet:-1","max-image-preview":"max-image-preview:large","max-video-preview":"max-video-preview:-1"},"canonical":"https:\/\/www.lamigraf.com\/de\/designs\/roxanne-2\/","og_locale":"de_DE","og_type":"article","og_title":"ROXANNE - Lamigraf","og_description":"Dynamisch und einzigartig zeichnet sich dieser tunesische Marmor durch die Exklusivit\u00e4t und die Sch\u00f6nheit seiner feinen, warmen, r\u00f6tlichen Adern aus. Mit einem dezenten Hintergrund, der seine metallischen Maserungen hervorhebt, verleiht dieser Stein Arbeitsplatten und gro\u00dfz\u00fcgigen Fl\u00e4chen Temperament. Eleganz, Anmut und Luxus vereinen sich und versch\u00f6nern jeden Raum mit Pers\u00f6nlichkeit.","og_url":"https:\/\/www.lamigraf.com\/de\/designs\/roxanne-2\/","og_site_name":"Lamigraf","og_image":[{"width":1920,"height":2079,"url":"https:\/\/www.lamigraf.com\/wp-content\/uploads\/2024\/06\/02477-O.jpg","type":"image\/jpeg"}],"twitter_card":"summary_large_image","schema":{"@context":"https:\/\/schema.org","@graph":[{"@type":"WebPage","@id":"https:\/\/www.lamigraf.com\/de\/designs\/roxanne-2\/","url":"https:\/\/www.lamigraf.com\/de\/designs\/roxanne-2\/","name":"ROXANNE - Lamigraf","isPartOf":{"@id":"https:\/\/www.lamigraf.com\/#website"},"primaryImageOfPage":{"@id":"https:\/\/www.lamigraf.com\/de\/designs\/roxanne-2\/#primaryimage"},"image":{"@id":"https:\/\/www.lamigraf.com\/de\/designs\/roxanne-2\/#primaryimage"},"thumbnailUrl":"https:\/\/www.lamigraf.com\/wp-content\/uploads\/2024\/06\/02477-O.jpg","datePublished":"2024-06-07T07:41:39+00:00","breadcrumb":{"@id":"https:\/\/www.lamigraf.com\/de\/designs\/roxanne-2\/#breadcrumb"},"inLanguage":"de","potentialAction":[{"@type":"ReadAction","target":["https:\/\/www.lamigraf.com\/de\/designs\/roxanne-2\/"]}]},{"@type":"ImageObject","inLanguage":"de","@id":"https:\/\/www.lamigraf.com\/de\/designs\/roxanne-2\/#primaryimage","url":"https:\/\/www.lamigraf.com\/wp-content\/uploads\/2024\/06\/02477-O.jpg","contentUrl":"https:\/\/www.lamigraf.com\/wp-content\/uploads\/2024\/06\/02477-O.jpg","width":1920,"height":2079},{"@type":"BreadcrumbList","@id":"https:\/\/www.lamigraf.com\/de\/designs\/roxanne-2\/#breadcrumb","itemListElement":[{"@type":"ListItem","position":1,"name":"Home","item":"https:\/\/www.lamigraf.com\/de\/"},{"@type":"ListItem","position":2,"name":"Designs","item":"https:\/\/www.lamigraf.com\/designs\/"},{"@type":"ListItem","position":3,"name":"ROXANNE"}]},{"@type":"WebSite","@id":"https:\/\/www.lamigraf.com\/#website","url":"https:\/\/www.lamigraf.com\/","name":"Lamigraf","description":"","publisher":{"@id":"https:\/\/www.lamigraf.com\/#organization"},"potentialAction":[{"@type":"SearchAction","target":{"@type":"EntryPoint","urlTemplate":"https:\/\/www.lamigraf.com\/?s={search_term_string}"},"query-input":{"@type":"PropertyValueSpecification","valueRequired":true,"valueName":"search_term_string"}}],"inLanguage":"de"},{"@type":"Organization","@id":"https:\/\/www.lamigraf.com\/#organization","name":"Lamigraf","url":"https:\/\/www.lamigraf.com\/","logo":{"@type":"ImageObject","inLanguage":"de","@id":"https:\/\/www.lamigraf.com\/#\/schema\/logo\/image\/","url":"https:\/\/www.lamigraf.com\/wp-content\/uploads\/2024\/05\/Logo-white.svg","contentUrl":"https:\/\/www.lamigraf.com\/wp-content\/uploads\/2024\/05\/Logo-white.svg","width":147,"height":36,"caption":"Lamigraf"},"image":{"@id":"https:\/\/www.lamigraf.com\/#\/schema\/logo\/image\/"}}]}},"_links":{"self":[{"href":"https:\/\/www.lamigraf.com\/de\/wp-json\/wp\/v2\/product\/10114","targetHints":{"allow":["GET"]}}],"collection":[{"href":"https:\/\/www.lamigraf.com\/de\/wp-json\/wp\/v2\/product"}],"about":[{"href":"https:\/\/www.lamigraf.com\/de\/wp-json\/wp\/v2\/types\/product"}],"version-history":[{"count":0,"href":"https:\/\/www.lamigraf.com\/de\/wp-json\/wp\/v2\/product\/10114\/revisions"}],"acf:attachment":[{"embeddable":true,"href":"https:\/\/www.lamigraf.com\/de\/wp-json\/wp\/v2\/media\/48268"},{"embeddable":true,"href":"https:\/\/www.lamigraf.com\/de\/wp-json\/wp\/v2\/media\/48261"}],"wp:featuredmedia":[{"embeddable":true,"href":"https:\/\/www.lamigraf.com\/de\/wp-json\/wp\/v2\/media\/48251"}],"wp:attachment":[{"href":"https:\/\/www.lamigraf.com\/de\/wp-json\/wp\/v2\/media?parent=10114"}],"wp:term":[{"taxonomy":"product_applications","embeddable":true,"href":"https:\/\/www.lamigraf.com\/de\/wp-json\/wp\/v2\/applications?post=10114"},{"taxonomy":"product_type","embeddable":true,"href":"https:\/\/www.lamigraf.com\/de\/wp-json\/wp\/v2\/design-types?post=10114"},{"taxonomy":"product_characteristics","embeddable":true,"href":"https:\/\/www.lamigraf.com\/de\/wp-json\/wp\/v2\/characteristics?post=10114"},{"taxonomy":"product_apparence","embeddable":true,"href":"https:\/\/www.lamigraf.com\/de\/wp-json\/wp\/v2\/appearance?post=10114"}],"curies":[{"name":"wp","href":"https:\/\/api.w.org\/{rel}","templated":true}]}}