{"id":117123,"date":"2026-02-10T12:29:17","date_gmt":"2026-02-10T11:29:17","guid":{"rendered":"https:\/\/www.lamigraf.com\/?post_type=product&#038;p=117123"},"modified":"2026-02-10T12:29:18","modified_gmt":"2026-02-10T11:29:18","slug":"litha","status":"publish","type":"product","link":"https:\/\/www.lamigraf.com\/de\/designs\/litha\/","title":{"rendered":"LITHA"},"content":{"rendered":"\n<p>Litha ist ein Steindesign, das Gelassenheit und Raffinesse verk\u00f6rpert. Seine hellen, warmen Farbt\u00f6ne mit sanften Beige- und Cremet\u00f6nen vermitteln ein Gef\u00fchl von Ruhe und visueller Ausgewogenheit. Die zarten, diffusen Adern verleihen Tiefe, ohne die Oberfl\u00e4che zu dominieren, und entsprechen damit dem aktuellen Trend zu ruhigeren, eleganteren Materialien. Das nat\u00fcrliche und raffinierte Erscheinungsbild von \u00d2nix macht es zur idealen Wahl f\u00fcr moderne Innenr\u00e4ume, die Helligkeit, Ger\u00e4umigkeit und ein Gef\u00fchl des Wohlbefindens vermitteln sollen. Seine ruhige \u00c4sthetik f\u00fcgt sich nahtlos in minimalistische, organische, Japandi- oder mediterran inspirierte R\u00e4ume ein, in denen Materialien die Umgebung aufwerten, ohne sie zu dominieren.<\/p>\n","protected":false},"excerpt":{"rendered":"<p>Litha ist ein Steindesign, das Gelassenheit und Raffinesse verk\u00f6rpert. Seine hellen, warmen Farbt\u00f6ne mit sanften Beige- und Cremet\u00f6nen vermitteln ein Gef\u00fchl von Ruhe und visueller Ausgewogenheit. Die zarten, diffusen Adern verleihen Tiefe, ohne die Oberfl\u00e4che zu dominieren, und entsprechen damit dem aktuellen Trend zu ruhigeren, eleganteren Materialien. Das nat\u00fcrliche und raffinierte Erscheinungsbild von \u00d2nix macht [&hellip;]<\/p>\n","protected":false},"featured_media":117075,"template":"","meta":{"_acf_changed":false,"_gspb_post_css":"","footnotes":""},"applications":[],"design-types":[],"characteristics":[],"appearance":[],"class_list":["post-117123","product","type-product","status-publish","has-post-thumbnail","hentry"],"acf":{"code":"3167","peripheral_development":"1,300","axial_development":"2,200","cylinders":"3","data_sheet":117054,"collections":[{"code":"3167-0101","thumbnail":117061,"render":117148},{"code":"3167-0102","thumbnail":117068,"render":""},{"code":"3167-0201","thumbnail":117075,"render":""},{"code":"3167-0301","thumbnail":117082,"render":117155},{"code":"3167-302","thumbnail":117089,"render":117141}],"usages":[117096,117103],"inspiration":{"top":{"title":"","thumbnail":117162,"reference":"3092-303"},"bottom_title":""},"hover_image":117103,"eir":"","collaborator":{"name":"","link":""},"synchro_wood":false,"novedad":true},"yoast_head":"<!-- This site is optimized with the Yoast SEO plugin v25.2 - https:\/\/yoast.com\/wordpress\/plugins\/seo\/ -->\n<title>LITHA - Lamigraf<\/title>\n<meta name=\"robots\" content=\"index, follow, max-snippet:-1, max-image-preview:large, max-video-preview:-1\" \/>\n<link rel=\"canonical\" href=\"https:\/\/www.lamigraf.com\/de\/designs\/litha\/\" \/>\n<meta property=\"og:locale\" content=\"de_DE\" \/>\n<meta property=\"og:type\" content=\"article\" \/>\n<meta property=\"og:title\" content=\"LITHA - Lamigraf\" \/>\n<meta property=\"og:description\" content=\"Litha ist ein Steindesign, das Gelassenheit und Raffinesse verk\u00f6rpert. Seine hellen, warmen Farbt\u00f6ne mit sanften Beige- und Cremet\u00f6nen vermitteln ein Gef\u00fchl von Ruhe und visueller Ausgewogenheit. Die zarten, diffusen Adern verleihen Tiefe, ohne die Oberfl\u00e4che zu dominieren, und entsprechen damit dem aktuellen Trend zu ruhigeren, eleganteren Materialien. Das nat\u00fcrliche und raffinierte Erscheinungsbild von \u00d2nix macht [&hellip;]\" \/>\n<meta property=\"og:url\" content=\"https:\/\/www.lamigraf.com\/de\/designs\/litha\/\" \/>\n<meta property=\"og:site_name\" content=\"Lamigraf\" \/>\n<meta property=\"article:modified_time\" content=\"2026-02-10T11:29:18+00:00\" \/>\n<meta property=\"og:image\" content=\"https:\/\/www.lamigraf.com\/wp-content\/uploads\/2026\/02\/03167-0201-red-scaled.jpg\" \/>\n\t<meta property=\"og:image:width\" content=\"2560\" \/>\n\t<meta property=\"og:image:height\" content=\"1513\" \/>\n\t<meta property=\"og:image:type\" content=\"image\/jpeg\" \/>\n<meta name=\"twitter:card\" content=\"summary_large_image\" \/>\n<meta name=\"twitter:label1\" content=\"Gesch\u00e4tzte Lesezeit\" \/>\n\t<meta name=\"twitter:data1\" content=\"1\u00a0Minute\" \/>\n<script type=\"application\/ld+json\" class=\"yoast-schema-graph\">{\"@context\":\"https:\/\/schema.org\",\"@graph\":[{\"@type\":\"WebPage\",\"@id\":\"https:\/\/www.lamigraf.com\/de\/designs\/litha\/\",\"url\":\"https:\/\/www.lamigraf.com\/de\/designs\/litha\/\",\"name\":\"LITHA - Lamigraf\",\"isPartOf\":{\"@id\":\"https:\/\/www.lamigraf.com\/#website\"},\"primaryImageOfPage\":{\"@id\":\"https:\/\/www.lamigraf.com\/de\/designs\/litha\/#primaryimage\"},\"image\":{\"@id\":\"https:\/\/www.lamigraf.com\/de\/designs\/litha\/#primaryimage\"},\"thumbnailUrl\":\"https:\/\/www.lamigraf.com\/wp-content\/uploads\/2026\/02\/03167-0201-red-scaled.jpg\",\"datePublished\":\"2026-02-10T11:29:17+00:00\",\"dateModified\":\"2026-02-10T11:29:18+00:00\",\"breadcrumb\":{\"@id\":\"https:\/\/www.lamigraf.com\/de\/designs\/litha\/#breadcrumb\"},\"inLanguage\":\"de\",\"potentialAction\":[{\"@type\":\"ReadAction\",\"target\":[\"https:\/\/www.lamigraf.com\/de\/designs\/litha\/\"]}]},{\"@type\":\"ImageObject\",\"inLanguage\":\"de\",\"@id\":\"https:\/\/www.lamigraf.com\/de\/designs\/litha\/#primaryimage\",\"url\":\"https:\/\/www.lamigraf.com\/wp-content\/uploads\/2026\/02\/03167-0201-red-scaled.jpg\",\"contentUrl\":\"https:\/\/www.lamigraf.com\/wp-content\/uploads\/2026\/02\/03167-0201-red-scaled.jpg\",\"width\":2560,\"height\":1513},{\"@type\":\"BreadcrumbList\",\"@id\":\"https:\/\/www.lamigraf.com\/de\/designs\/litha\/#breadcrumb\",\"itemListElement\":[{\"@type\":\"ListItem\",\"position\":1,\"name\":\"Home\",\"item\":\"https:\/\/www.lamigraf.com\/de\/\"},{\"@type\":\"ListItem\",\"position\":2,\"name\":\"Designs\",\"item\":\"https:\/\/www.lamigraf.com\/designs\/\"},{\"@type\":\"ListItem\",\"position\":3,\"name\":\"LITHA\"}]},{\"@type\":\"WebSite\",\"@id\":\"https:\/\/www.lamigraf.com\/#website\",\"url\":\"https:\/\/www.lamigraf.com\/\",\"name\":\"Lamigraf\",\"description\":\"\",\"publisher\":{\"@id\":\"https:\/\/www.lamigraf.com\/#organization\"},\"potentialAction\":[{\"@type\":\"SearchAction\",\"target\":{\"@type\":\"EntryPoint\",\"urlTemplate\":\"https:\/\/www.lamigraf.com\/?s={search_term_string}\"},\"query-input\":{\"@type\":\"PropertyValueSpecification\",\"valueRequired\":true,\"valueName\":\"search_term_string\"}}],\"inLanguage\":\"de\"},{\"@type\":\"Organization\",\"@id\":\"https:\/\/www.lamigraf.com\/#organization\",\"name\":\"Lamigraf\",\"url\":\"https:\/\/www.lamigraf.com\/\",\"logo\":{\"@type\":\"ImageObject\",\"inLanguage\":\"de\",\"@id\":\"https:\/\/www.lamigraf.com\/#\/schema\/logo\/image\/\",\"url\":\"https:\/\/www.lamigraf.com\/wp-content\/uploads\/2024\/05\/Logo-white.svg\",\"contentUrl\":\"https:\/\/www.lamigraf.com\/wp-content\/uploads\/2024\/05\/Logo-white.svg\",\"width\":147,\"height\":36,\"caption\":\"Lamigraf\"},\"image\":{\"@id\":\"https:\/\/www.lamigraf.com\/#\/schema\/logo\/image\/\"}}]}<\/script>\n<!-- \/ Yoast SEO plugin. -->","yoast_head_json":{"title":"LITHA - Lamigraf","robots":{"index":"index","follow":"follow","max-snippet":"max-snippet:-1","max-image-preview":"max-image-preview:large","max-video-preview":"max-video-preview:-1"},"canonical":"https:\/\/www.lamigraf.com\/de\/designs\/litha\/","og_locale":"de_DE","og_type":"article","og_title":"LITHA - Lamigraf","og_description":"Litha ist ein Steindesign, das Gelassenheit und Raffinesse verk\u00f6rpert. Seine hellen, warmen Farbt\u00f6ne mit sanften Beige- und Cremet\u00f6nen vermitteln ein Gef\u00fchl von Ruhe und visueller Ausgewogenheit. Die zarten, diffusen Adern verleihen Tiefe, ohne die Oberfl\u00e4che zu dominieren, und entsprechen damit dem aktuellen Trend zu ruhigeren, eleganteren Materialien. Das nat\u00fcrliche und raffinierte Erscheinungsbild von \u00d2nix macht [&hellip;]","og_url":"https:\/\/www.lamigraf.com\/de\/designs\/litha\/","og_site_name":"Lamigraf","article_modified_time":"2026-02-10T11:29:18+00:00","og_image":[{"width":2560,"height":1513,"url":"https:\/\/www.lamigraf.com\/wp-content\/uploads\/2026\/02\/03167-0201-red-scaled.jpg","type":"image\/jpeg"}],"twitter_card":"summary_large_image","twitter_misc":{"Gesch\u00e4tzte Lesezeit":"1\u00a0Minute"},"schema":{"@context":"https:\/\/schema.org","@graph":[{"@type":"WebPage","@id":"https:\/\/www.lamigraf.com\/de\/designs\/litha\/","url":"https:\/\/www.lamigraf.com\/de\/designs\/litha\/","name":"LITHA - Lamigraf","isPartOf":{"@id":"https:\/\/www.lamigraf.com\/#website"},"primaryImageOfPage":{"@id":"https:\/\/www.lamigraf.com\/de\/designs\/litha\/#primaryimage"},"image":{"@id":"https:\/\/www.lamigraf.com\/de\/designs\/litha\/#primaryimage"},"thumbnailUrl":"https:\/\/www.lamigraf.com\/wp-content\/uploads\/2026\/02\/03167-0201-red-scaled.jpg","datePublished":"2026-02-10T11:29:17+00:00","dateModified":"2026-02-10T11:29:18+00:00","breadcrumb":{"@id":"https:\/\/www.lamigraf.com\/de\/designs\/litha\/#breadcrumb"},"inLanguage":"de","potentialAction":[{"@type":"ReadAction","target":["https:\/\/www.lamigraf.com\/de\/designs\/litha\/"]}]},{"@type":"ImageObject","inLanguage":"de","@id":"https:\/\/www.lamigraf.com\/de\/designs\/litha\/#primaryimage","url":"https:\/\/www.lamigraf.com\/wp-content\/uploads\/2026\/02\/03167-0201-red-scaled.jpg","contentUrl":"https:\/\/www.lamigraf.com\/wp-content\/uploads\/2026\/02\/03167-0201-red-scaled.jpg","width":2560,"height":1513},{"@type":"BreadcrumbList","@id":"https:\/\/www.lamigraf.com\/de\/designs\/litha\/#breadcrumb","itemListElement":[{"@type":"ListItem","position":1,"name":"Home","item":"https:\/\/www.lamigraf.com\/de\/"},{"@type":"ListItem","position":2,"name":"Designs","item":"https:\/\/www.lamigraf.com\/designs\/"},{"@type":"ListItem","position":3,"name":"LITHA"}]},{"@type":"WebSite","@id":"https:\/\/www.lamigraf.com\/#website","url":"https:\/\/www.lamigraf.com\/","name":"Lamigraf","description":"","publisher":{"@id":"https:\/\/www.lamigraf.com\/#organization"},"potentialAction":[{"@type":"SearchAction","target":{"@type":"EntryPoint","urlTemplate":"https:\/\/www.lamigraf.com\/?s={search_term_string}"},"query-input":{"@type":"PropertyValueSpecification","valueRequired":true,"valueName":"search_term_string"}}],"inLanguage":"de"},{"@type":"Organization","@id":"https:\/\/www.lamigraf.com\/#organization","name":"Lamigraf","url":"https:\/\/www.lamigraf.com\/","logo":{"@type":"ImageObject","inLanguage":"de","@id":"https:\/\/www.lamigraf.com\/#\/schema\/logo\/image\/","url":"https:\/\/www.lamigraf.com\/wp-content\/uploads\/2024\/05\/Logo-white.svg","contentUrl":"https:\/\/www.lamigraf.com\/wp-content\/uploads\/2024\/05\/Logo-white.svg","width":147,"height":36,"caption":"Lamigraf"},"image":{"@id":"https:\/\/www.lamigraf.com\/#\/schema\/logo\/image\/"}}]}},"_links":{"self":[{"href":"https:\/\/www.lamigraf.com\/de\/wp-json\/wp\/v2\/product\/117123","targetHints":{"allow":["GET"]}}],"collection":[{"href":"https:\/\/www.lamigraf.com\/de\/wp-json\/wp\/v2\/product"}],"about":[{"href":"https:\/\/www.lamigraf.com\/de\/wp-json\/wp\/v2\/types\/product"}],"version-history":[{"count":1,"href":"https:\/\/www.lamigraf.com\/de\/wp-json\/wp\/v2\/product\/117123\/revisions"}],"predecessor-version":[{"id":117124,"href":"https:\/\/www.lamigraf.com\/de\/wp-json\/wp\/v2\/product\/117123\/revisions\/117124"}],"acf:attachment":[{"embeddable":true,"href":"https:\/\/www.lamigraf.com\/de\/wp-json\/wp\/v2\/media\/117103"},{"embeddable":true,"href":"https:\/\/www.lamigraf.com\/de\/wp-json\/wp\/v2\/media\/117096"}],"wp:featuredmedia":[{"embeddable":true,"href":"https:\/\/www.lamigraf.com\/de\/wp-json\/wp\/v2\/media\/117075"}],"wp:attachment":[{"href":"https:\/\/www.lamigraf.com\/de\/wp-json\/wp\/v2\/media?parent=117123"}],"wp:term":[{"taxonomy":"product_applications","embeddable":true,"href":"https:\/\/www.lamigraf.com\/de\/wp-json\/wp\/v2\/applications?post=117123"},{"taxonomy":"product_type","embeddable":true,"href":"https:\/\/www.lamigraf.com\/de\/wp-json\/wp\/v2\/design-types?post=117123"},{"taxonomy":"product_characteristics","embeddable":true,"href":"https:\/\/www.lamigraf.com\/de\/wp-json\/wp\/v2\/characteristics?post=117123"},{"taxonomy":"product_apparence","embeddable":true,"href":"https:\/\/www.lamigraf.com\/de\/wp-json\/wp\/v2\/appearance?post=117123"}],"curies":[{"name":"wp","href":"https:\/\/api.w.org\/{rel}","templated":true}]}}