{"id":118307,"date":"2026-04-16T12:24:57","date_gmt":"2026-04-16T10:24:57","guid":{"rendered":"https:\/\/www.lamigraf.com\/?post_type=product&#038;p=118307"},"modified":"2026-04-16T12:24:57","modified_gmt":"2026-04-16T10:24:57","slug":"trace","status":"publish","type":"product","link":"https:\/\/www.lamigraf.com\/de\/designs\/trace\/","title":{"rendered":"TRACE"},"content":{"rendered":"\n<p>Trace ist vom nat\u00fcrlichen Verlauf echter Holzfurniere inspiriert, bei dem jede Maserung den Lauf der Zeit und die handwerkliche Arbeit widerspiegelt. Sein Design vermittelt Kontinuit\u00e4t, Rhythmus und Ausgewogenheit und \u00fcbertr\u00e4gt die Eleganz von Holz in eine zeitgen\u00f6ssische \u00c4sthetik.<\/p>\n\n\n\n<p>Die Maserungsmuster erzeugen eine sanfte visuelle Bewegung, die den Blick auf nat\u00fcrliche Weise lenkt und Ruhe, Ordnung sowie dezente Raffinesse verleiht. Eine ideale Wahl f\u00fcr minimalistische, organische oder moderne Innenr\u00e4ume, in denen die Authentizit\u00e4t des Materials im Mittelpunkt steht.<\/p>\n","protected":false},"excerpt":{"rendered":"<p>Trace ist vom nat\u00fcrlichen Verlauf echter Holzfurniere inspiriert, bei dem jede Maserung den Lauf der Zeit und die handwerkliche Arbeit widerspiegelt. Sein Design vermittelt Kontinuit\u00e4t, Rhythmus und Ausgewogenheit und \u00fcbertr\u00e4gt die Eleganz von Holz in eine zeitgen\u00f6ssische \u00c4sthetik. Die Maserungsmuster erzeugen eine sanfte visuelle Bewegung, die den Blick auf nat\u00fcrliche Weise lenkt und Ruhe, Ordnung [&hellip;]<\/p>\n","protected":false},"featured_media":118236,"template":"","meta":{"_acf_changed":false,"_gspb_post_css":"","footnotes":""},"applications":[],"design-types":[],"characteristics":[],"appearance":[],"class_list":["post-118307","product","type-product","status-publish","has-post-thumbnail","hentry"],"acf":{"code":"3178","peripheral_development":"1,300","axial_development":"2,200","cylinders":"3","data_sheet":118301,"collections":[{"code":"3178-0302","thumbnail":118258,"render":""},{"code":"3178-0303","thumbnail":118265,"render":""},{"code":"3178-0304","thumbnail":118272,"render":""},{"code":"3178-0305","thumbnail":118279,"render":""},{"code":"3178-0306","thumbnail":118286,"render":""},{"code":"3178-0307","thumbnail":118293,"render":""}],"usages":[118243,118250],"inspiration":{"top":{"title":"","thumbnail":"","reference":""},"bottom_title":""},"hover_image":118250,"eir":"","collaborator":{"name":"","link":""},"synchro_wood":false,"novedad":true},"yoast_head":"<!-- This site is optimized with the Yoast SEO plugin v25.2 - https:\/\/yoast.com\/wordpress\/plugins\/seo\/ -->\n<title>TRACE - Lamigraf<\/title>\n<meta name=\"robots\" content=\"index, follow, max-snippet:-1, max-image-preview:large, max-video-preview:-1\" \/>\n<link rel=\"canonical\" href=\"https:\/\/www.lamigraf.com\/de\/designs\/trace\/\" \/>\n<meta property=\"og:locale\" content=\"de_DE\" \/>\n<meta property=\"og:type\" content=\"article\" \/>\n<meta property=\"og:title\" content=\"TRACE - Lamigraf\" \/>\n<meta property=\"og:description\" content=\"Trace ist vom nat\u00fcrlichen Verlauf echter Holzfurniere inspiriert, bei dem jede Maserung den Lauf der Zeit und die handwerkliche Arbeit widerspiegelt. Sein Design vermittelt Kontinuit\u00e4t, Rhythmus und Ausgewogenheit und \u00fcbertr\u00e4gt die Eleganz von Holz in eine zeitgen\u00f6ssische \u00c4sthetik. Die Maserungsmuster erzeugen eine sanfte visuelle Bewegung, die den Blick auf nat\u00fcrliche Weise lenkt und Ruhe, Ordnung [&hellip;]\" \/>\n<meta property=\"og:url\" content=\"https:\/\/www.lamigraf.com\/de\/designs\/trace\/\" \/>\n<meta property=\"og:site_name\" content=\"Lamigraf\" \/>\n<meta property=\"og:image\" content=\"https:\/\/www.lamigraf.com\/wp-content\/uploads\/2026\/04\/03178-0301-red-scaled.jpg\" \/>\n\t<meta property=\"og:image:width\" content=\"2560\" \/>\n\t<meta property=\"og:image:height\" content=\"1514\" \/>\n\t<meta property=\"og:image:type\" content=\"image\/jpeg\" \/>\n<meta name=\"twitter:card\" content=\"summary_large_image\" \/>\n<meta name=\"twitter:label1\" content=\"Gesch\u00e4tzte Lesezeit\" \/>\n\t<meta name=\"twitter:data1\" content=\"1\u00a0Minute\" \/>\n<script type=\"application\/ld+json\" class=\"yoast-schema-graph\">{\"@context\":\"https:\/\/schema.org\",\"@graph\":[{\"@type\":\"WebPage\",\"@id\":\"https:\/\/www.lamigraf.com\/de\/designs\/trace\/\",\"url\":\"https:\/\/www.lamigraf.com\/de\/designs\/trace\/\",\"name\":\"TRACE - Lamigraf\",\"isPartOf\":{\"@id\":\"https:\/\/www.lamigraf.com\/#website\"},\"primaryImageOfPage\":{\"@id\":\"https:\/\/www.lamigraf.com\/de\/designs\/trace\/#primaryimage\"},\"image\":{\"@id\":\"https:\/\/www.lamigraf.com\/de\/designs\/trace\/#primaryimage\"},\"thumbnailUrl\":\"https:\/\/www.lamigraf.com\/wp-content\/uploads\/2026\/04\/03178-0301-red-scaled.jpg\",\"datePublished\":\"2026-04-16T10:24:57+00:00\",\"breadcrumb\":{\"@id\":\"https:\/\/www.lamigraf.com\/de\/designs\/trace\/#breadcrumb\"},\"inLanguage\":\"de\",\"potentialAction\":[{\"@type\":\"ReadAction\",\"target\":[\"https:\/\/www.lamigraf.com\/de\/designs\/trace\/\"]}]},{\"@type\":\"ImageObject\",\"inLanguage\":\"de\",\"@id\":\"https:\/\/www.lamigraf.com\/de\/designs\/trace\/#primaryimage\",\"url\":\"https:\/\/www.lamigraf.com\/wp-content\/uploads\/2026\/04\/03178-0301-red-scaled.jpg\",\"contentUrl\":\"https:\/\/www.lamigraf.com\/wp-content\/uploads\/2026\/04\/03178-0301-red-scaled.jpg\",\"width\":2560,\"height\":1514},{\"@type\":\"BreadcrumbList\",\"@id\":\"https:\/\/www.lamigraf.com\/de\/designs\/trace\/#breadcrumb\",\"itemListElement\":[{\"@type\":\"ListItem\",\"position\":1,\"name\":\"Home\",\"item\":\"https:\/\/www.lamigraf.com\/de\/\"},{\"@type\":\"ListItem\",\"position\":2,\"name\":\"Designs\",\"item\":\"https:\/\/www.lamigraf.com\/designs\/\"},{\"@type\":\"ListItem\",\"position\":3,\"name\":\"TRACE\"}]},{\"@type\":\"WebSite\",\"@id\":\"https:\/\/www.lamigraf.com\/#website\",\"url\":\"https:\/\/www.lamigraf.com\/\",\"name\":\"Lamigraf\",\"description\":\"\",\"publisher\":{\"@id\":\"https:\/\/www.lamigraf.com\/#organization\"},\"potentialAction\":[{\"@type\":\"SearchAction\",\"target\":{\"@type\":\"EntryPoint\",\"urlTemplate\":\"https:\/\/www.lamigraf.com\/?s={search_term_string}\"},\"query-input\":{\"@type\":\"PropertyValueSpecification\",\"valueRequired\":true,\"valueName\":\"search_term_string\"}}],\"inLanguage\":\"de\"},{\"@type\":\"Organization\",\"@id\":\"https:\/\/www.lamigraf.com\/#organization\",\"name\":\"Lamigraf\",\"url\":\"https:\/\/www.lamigraf.com\/\",\"logo\":{\"@type\":\"ImageObject\",\"inLanguage\":\"de\",\"@id\":\"https:\/\/www.lamigraf.com\/#\/schema\/logo\/image\/\",\"url\":\"https:\/\/www.lamigraf.com\/wp-content\/uploads\/2024\/05\/Logo-white.svg\",\"contentUrl\":\"https:\/\/www.lamigraf.com\/wp-content\/uploads\/2024\/05\/Logo-white.svg\",\"width\":147,\"height\":36,\"caption\":\"Lamigraf\"},\"image\":{\"@id\":\"https:\/\/www.lamigraf.com\/#\/schema\/logo\/image\/\"}}]}<\/script>\n<!-- \/ Yoast SEO plugin. -->","yoast_head_json":{"title":"TRACE - Lamigraf","robots":{"index":"index","follow":"follow","max-snippet":"max-snippet:-1","max-image-preview":"max-image-preview:large","max-video-preview":"max-video-preview:-1"},"canonical":"https:\/\/www.lamigraf.com\/de\/designs\/trace\/","og_locale":"de_DE","og_type":"article","og_title":"TRACE - Lamigraf","og_description":"Trace ist vom nat\u00fcrlichen Verlauf echter Holzfurniere inspiriert, bei dem jede Maserung den Lauf der Zeit und die handwerkliche Arbeit widerspiegelt. Sein Design vermittelt Kontinuit\u00e4t, Rhythmus und Ausgewogenheit und \u00fcbertr\u00e4gt die Eleganz von Holz in eine zeitgen\u00f6ssische \u00c4sthetik. Die Maserungsmuster erzeugen eine sanfte visuelle Bewegung, die den Blick auf nat\u00fcrliche Weise lenkt und Ruhe, Ordnung [&hellip;]","og_url":"https:\/\/www.lamigraf.com\/de\/designs\/trace\/","og_site_name":"Lamigraf","og_image":[{"width":2560,"height":1514,"url":"https:\/\/www.lamigraf.com\/wp-content\/uploads\/2026\/04\/03178-0301-red-scaled.jpg","type":"image\/jpeg"}],"twitter_card":"summary_large_image","twitter_misc":{"Gesch\u00e4tzte Lesezeit":"1\u00a0Minute"},"schema":{"@context":"https:\/\/schema.org","@graph":[{"@type":"WebPage","@id":"https:\/\/www.lamigraf.com\/de\/designs\/trace\/","url":"https:\/\/www.lamigraf.com\/de\/designs\/trace\/","name":"TRACE - Lamigraf","isPartOf":{"@id":"https:\/\/www.lamigraf.com\/#website"},"primaryImageOfPage":{"@id":"https:\/\/www.lamigraf.com\/de\/designs\/trace\/#primaryimage"},"image":{"@id":"https:\/\/www.lamigraf.com\/de\/designs\/trace\/#primaryimage"},"thumbnailUrl":"https:\/\/www.lamigraf.com\/wp-content\/uploads\/2026\/04\/03178-0301-red-scaled.jpg","datePublished":"2026-04-16T10:24:57+00:00","breadcrumb":{"@id":"https:\/\/www.lamigraf.com\/de\/designs\/trace\/#breadcrumb"},"inLanguage":"de","potentialAction":[{"@type":"ReadAction","target":["https:\/\/www.lamigraf.com\/de\/designs\/trace\/"]}]},{"@type":"ImageObject","inLanguage":"de","@id":"https:\/\/www.lamigraf.com\/de\/designs\/trace\/#primaryimage","url":"https:\/\/www.lamigraf.com\/wp-content\/uploads\/2026\/04\/03178-0301-red-scaled.jpg","contentUrl":"https:\/\/www.lamigraf.com\/wp-content\/uploads\/2026\/04\/03178-0301-red-scaled.jpg","width":2560,"height":1514},{"@type":"BreadcrumbList","@id":"https:\/\/www.lamigraf.com\/de\/designs\/trace\/#breadcrumb","itemListElement":[{"@type":"ListItem","position":1,"name":"Home","item":"https:\/\/www.lamigraf.com\/de\/"},{"@type":"ListItem","position":2,"name":"Designs","item":"https:\/\/www.lamigraf.com\/designs\/"},{"@type":"ListItem","position":3,"name":"TRACE"}]},{"@type":"WebSite","@id":"https:\/\/www.lamigraf.com\/#website","url":"https:\/\/www.lamigraf.com\/","name":"Lamigraf","description":"","publisher":{"@id":"https:\/\/www.lamigraf.com\/#organization"},"potentialAction":[{"@type":"SearchAction","target":{"@type":"EntryPoint","urlTemplate":"https:\/\/www.lamigraf.com\/?s={search_term_string}"},"query-input":{"@type":"PropertyValueSpecification","valueRequired":true,"valueName":"search_term_string"}}],"inLanguage":"de"},{"@type":"Organization","@id":"https:\/\/www.lamigraf.com\/#organization","name":"Lamigraf","url":"https:\/\/www.lamigraf.com\/","logo":{"@type":"ImageObject","inLanguage":"de","@id":"https:\/\/www.lamigraf.com\/#\/schema\/logo\/image\/","url":"https:\/\/www.lamigraf.com\/wp-content\/uploads\/2024\/05\/Logo-white.svg","contentUrl":"https:\/\/www.lamigraf.com\/wp-content\/uploads\/2024\/05\/Logo-white.svg","width":147,"height":36,"caption":"Lamigraf"},"image":{"@id":"https:\/\/www.lamigraf.com\/#\/schema\/logo\/image\/"}}]}},"_links":{"self":[{"href":"https:\/\/www.lamigraf.com\/de\/wp-json\/wp\/v2\/product\/118307","targetHints":{"allow":["GET"]}}],"collection":[{"href":"https:\/\/www.lamigraf.com\/de\/wp-json\/wp\/v2\/product"}],"about":[{"href":"https:\/\/www.lamigraf.com\/de\/wp-json\/wp\/v2\/types\/product"}],"version-history":[{"count":1,"href":"https:\/\/www.lamigraf.com\/de\/wp-json\/wp\/v2\/product\/118307\/revisions"}],"predecessor-version":[{"id":118308,"href":"https:\/\/www.lamigraf.com\/de\/wp-json\/wp\/v2\/product\/118307\/revisions\/118308"}],"acf:attachment":[{"embeddable":true,"href":"https:\/\/www.lamigraf.com\/de\/wp-json\/wp\/v2\/media\/118250"},{"embeddable":true,"href":"https:\/\/www.lamigraf.com\/de\/wp-json\/wp\/v2\/media\/118243"}],"wp:featuredmedia":[{"embeddable":true,"href":"https:\/\/www.lamigraf.com\/de\/wp-json\/wp\/v2\/media\/118236"}],"wp:attachment":[{"href":"https:\/\/www.lamigraf.com\/de\/wp-json\/wp\/v2\/media?parent=118307"}],"wp:term":[{"taxonomy":"product_applications","embeddable":true,"href":"https:\/\/www.lamigraf.com\/de\/wp-json\/wp\/v2\/applications?post=118307"},{"taxonomy":"product_type","embeddable":true,"href":"https:\/\/www.lamigraf.com\/de\/wp-json\/wp\/v2\/design-types?post=118307"},{"taxonomy":"product_characteristics","embeddable":true,"href":"https:\/\/www.lamigraf.com\/de\/wp-json\/wp\/v2\/characteristics?post=118307"},{"taxonomy":"product_apparence","embeddable":true,"href":"https:\/\/www.lamigraf.com\/de\/wp-json\/wp\/v2\/appearance?post=118307"}],"curies":[{"name":"wp","href":"https:\/\/api.w.org\/{rel}","templated":true}]}}