{"id":12145,"date":"2024-06-07T09:50:36","date_gmt":"2024-06-07T07:50:36","guid":{"rendered":"http:\/\/lamigraf.com\/designs\/tambora-2\/"},"modified":"2024-06-07T09:50:36","modified_gmt":"2024-06-07T07:50:36","slug":"tambora-2","status":"publish","type":"product","link":"https:\/\/www.lamigraf.com\/de\/designs\/tambora-2\/","title":{"rendered":"TAMBORA"},"content":{"rendered":"Die vulkanisch grau pr\u00e4sentierte \u00c4stethik mit einem Hauch von metallischem Rost, vereint Eleganz und urspr\u00fcngliches Wesen in perfekter Harmonie. Das Material stellt sich mit  Markierungen und Hohlr\u00e4umen zwischen neutralen und steinigen Farben dar.  Diese Charakteristiken machen es zum perfekten Verb\u00fcndeten f\u00fcr Innen- und Au\u00dfenbereiche, verbinden Stil und Nat\u00fcrlichkeit in authentischer Darstellung.","protected":false},"excerpt":{"rendered":"<p>Die vulkanisch grau pr\u00e4sentierte \u00c4stethik mit einem Hauch von metallischem Rost, vereint Eleganz und urspr\u00fcngliches Wesen in perfekter Harmonie. Das Material stellt sich mit Markierungen und Hohlr\u00e4umen zwischen neutralen und steinigen Farben dar. Diese Charakteristiken machen es zum perfekten Verb\u00fcndeten f\u00fcr Innen- und Au\u00dfenbereiche, verbinden Stil und Nat\u00fcrlichkeit in authentischer Darstellung.<\/p>\n","protected":false},"featured_media":17710,"template":"","meta":{"_acf_changed":false,"_gspb_post_css":"","footnotes":""},"applications":[8,691],"design-types":[],"characteristics":[],"appearance":[357],"class_list":["post-12145","product","type-product","status-publish","has-post-thumbnail","hentry","product_applications-furniture","product_applications-furniture-de","product_apparence-thermally-treated"],"acf":{"code":"02623","peripheral_development":"1300","axial_development":"2200","cylinders":"4","data_sheet":79250,"collections":[{"code":"0301","thumbnail":17664,"render":""},{"code":"0302","thumbnail":17671,"render":""},{"code":"0401","thumbnail":17678,"render":""},{"code":"0404","thumbnail":17699,"render":""}],"usages":[17720],"inspiration":{"top":{"title":"","thumbnail":"","reference":""},"bottom_title":""},"hover_image":17720,"eir":"","collaborator":{"name":"","link":""},"synchro_wood":false,"novedad":false},"yoast_head":"<!-- This site is optimized with the Yoast SEO plugin v25.2 - https:\/\/yoast.com\/wordpress\/plugins\/seo\/ -->\n<title>TAMBORA - Lamigraf<\/title>\n<meta name=\"robots\" content=\"index, follow, max-snippet:-1, max-image-preview:large, max-video-preview:-1\" \/>\n<link rel=\"canonical\" href=\"https:\/\/www.lamigraf.com\/de\/designs\/tambora-2\/\" \/>\n<meta property=\"og:locale\" content=\"de_DE\" \/>\n<meta property=\"og:type\" content=\"article\" \/>\n<meta property=\"og:title\" content=\"TAMBORA - Lamigraf\" \/>\n<meta property=\"og:description\" content=\"Die vulkanisch grau pr\u00e4sentierte \u00c4stethik mit einem Hauch von metallischem Rost, vereint Eleganz und urspr\u00fcngliches Wesen in perfekter Harmonie. Das Material stellt sich mit Markierungen und Hohlr\u00e4umen zwischen neutralen und steinigen Farben dar. Diese Charakteristiken machen es zum perfekten Verb\u00fcndeten f\u00fcr Innen- und Au\u00dfenbereiche, verbinden Stil und Nat\u00fcrlichkeit in authentischer Darstellung.\" \/>\n<meta property=\"og:url\" content=\"https:\/\/www.lamigraf.com\/de\/designs\/tambora-2\/\" \/>\n<meta property=\"og:site_name\" content=\"Lamigraf\" \/>\n<meta property=\"og:image\" content=\"https:\/\/www.lamigraf.com\/wp-content\/uploads\/2024\/06\/02623-O.jpg\" \/>\n\t<meta property=\"og:image:width\" content=\"1920\" \/>\n\t<meta property=\"og:image:height\" content=\"2080\" \/>\n\t<meta property=\"og:image:type\" content=\"image\/jpeg\" \/>\n<meta name=\"twitter:card\" content=\"summary_large_image\" \/>\n<script type=\"application\/ld+json\" class=\"yoast-schema-graph\">{\"@context\":\"https:\/\/schema.org\",\"@graph\":[{\"@type\":\"WebPage\",\"@id\":\"https:\/\/www.lamigraf.com\/de\/designs\/tambora-2\/\",\"url\":\"https:\/\/www.lamigraf.com\/de\/designs\/tambora-2\/\",\"name\":\"TAMBORA - Lamigraf\",\"isPartOf\":{\"@id\":\"https:\/\/www.lamigraf.com\/#website\"},\"primaryImageOfPage\":{\"@id\":\"https:\/\/www.lamigraf.com\/de\/designs\/tambora-2\/#primaryimage\"},\"image\":{\"@id\":\"https:\/\/www.lamigraf.com\/de\/designs\/tambora-2\/#primaryimage\"},\"thumbnailUrl\":\"https:\/\/www.lamigraf.com\/wp-content\/uploads\/2024\/06\/02623-O.jpg\",\"datePublished\":\"2024-06-07T07:50:36+00:00\",\"breadcrumb\":{\"@id\":\"https:\/\/www.lamigraf.com\/de\/designs\/tambora-2\/#breadcrumb\"},\"inLanguage\":\"de\",\"potentialAction\":[{\"@type\":\"ReadAction\",\"target\":[\"https:\/\/www.lamigraf.com\/de\/designs\/tambora-2\/\"]}]},{\"@type\":\"ImageObject\",\"inLanguage\":\"de\",\"@id\":\"https:\/\/www.lamigraf.com\/de\/designs\/tambora-2\/#primaryimage\",\"url\":\"https:\/\/www.lamigraf.com\/wp-content\/uploads\/2024\/06\/02623-O.jpg\",\"contentUrl\":\"https:\/\/www.lamigraf.com\/wp-content\/uploads\/2024\/06\/02623-O.jpg\",\"width\":1920,\"height\":2080},{\"@type\":\"BreadcrumbList\",\"@id\":\"https:\/\/www.lamigraf.com\/de\/designs\/tambora-2\/#breadcrumb\",\"itemListElement\":[{\"@type\":\"ListItem\",\"position\":1,\"name\":\"Home\",\"item\":\"https:\/\/www.lamigraf.com\/de\/\"},{\"@type\":\"ListItem\",\"position\":2,\"name\":\"Designs\",\"item\":\"https:\/\/www.lamigraf.com\/designs\/\"},{\"@type\":\"ListItem\",\"position\":3,\"name\":\"TAMBORA\"}]},{\"@type\":\"WebSite\",\"@id\":\"https:\/\/www.lamigraf.com\/#website\",\"url\":\"https:\/\/www.lamigraf.com\/\",\"name\":\"Lamigraf\",\"description\":\"\",\"publisher\":{\"@id\":\"https:\/\/www.lamigraf.com\/#organization\"},\"potentialAction\":[{\"@type\":\"SearchAction\",\"target\":{\"@type\":\"EntryPoint\",\"urlTemplate\":\"https:\/\/www.lamigraf.com\/?s={search_term_string}\"},\"query-input\":{\"@type\":\"PropertyValueSpecification\",\"valueRequired\":true,\"valueName\":\"search_term_string\"}}],\"inLanguage\":\"de\"},{\"@type\":\"Organization\",\"@id\":\"https:\/\/www.lamigraf.com\/#organization\",\"name\":\"Lamigraf\",\"url\":\"https:\/\/www.lamigraf.com\/\",\"logo\":{\"@type\":\"ImageObject\",\"inLanguage\":\"de\",\"@id\":\"https:\/\/www.lamigraf.com\/#\/schema\/logo\/image\/\",\"url\":\"https:\/\/www.lamigraf.com\/wp-content\/uploads\/2024\/05\/Logo-white.svg\",\"contentUrl\":\"https:\/\/www.lamigraf.com\/wp-content\/uploads\/2024\/05\/Logo-white.svg\",\"width\":147,\"height\":36,\"caption\":\"Lamigraf\"},\"image\":{\"@id\":\"https:\/\/www.lamigraf.com\/#\/schema\/logo\/image\/\"}}]}<\/script>\n<!-- \/ Yoast SEO plugin. -->","yoast_head_json":{"title":"TAMBORA - Lamigraf","robots":{"index":"index","follow":"follow","max-snippet":"max-snippet:-1","max-image-preview":"max-image-preview:large","max-video-preview":"max-video-preview:-1"},"canonical":"https:\/\/www.lamigraf.com\/de\/designs\/tambora-2\/","og_locale":"de_DE","og_type":"article","og_title":"TAMBORA - Lamigraf","og_description":"Die vulkanisch grau pr\u00e4sentierte \u00c4stethik mit einem Hauch von metallischem Rost, vereint Eleganz und urspr\u00fcngliches Wesen in perfekter Harmonie. Das Material stellt sich mit Markierungen und Hohlr\u00e4umen zwischen neutralen und steinigen Farben dar. Diese Charakteristiken machen es zum perfekten Verb\u00fcndeten f\u00fcr Innen- und Au\u00dfenbereiche, verbinden Stil und Nat\u00fcrlichkeit in authentischer Darstellung.","og_url":"https:\/\/www.lamigraf.com\/de\/designs\/tambora-2\/","og_site_name":"Lamigraf","og_image":[{"width":1920,"height":2080,"url":"https:\/\/www.lamigraf.com\/wp-content\/uploads\/2024\/06\/02623-O.jpg","type":"image\/jpeg"}],"twitter_card":"summary_large_image","schema":{"@context":"https:\/\/schema.org","@graph":[{"@type":"WebPage","@id":"https:\/\/www.lamigraf.com\/de\/designs\/tambora-2\/","url":"https:\/\/www.lamigraf.com\/de\/designs\/tambora-2\/","name":"TAMBORA - Lamigraf","isPartOf":{"@id":"https:\/\/www.lamigraf.com\/#website"},"primaryImageOfPage":{"@id":"https:\/\/www.lamigraf.com\/de\/designs\/tambora-2\/#primaryimage"},"image":{"@id":"https:\/\/www.lamigraf.com\/de\/designs\/tambora-2\/#primaryimage"},"thumbnailUrl":"https:\/\/www.lamigraf.com\/wp-content\/uploads\/2024\/06\/02623-O.jpg","datePublished":"2024-06-07T07:50:36+00:00","breadcrumb":{"@id":"https:\/\/www.lamigraf.com\/de\/designs\/tambora-2\/#breadcrumb"},"inLanguage":"de","potentialAction":[{"@type":"ReadAction","target":["https:\/\/www.lamigraf.com\/de\/designs\/tambora-2\/"]}]},{"@type":"ImageObject","inLanguage":"de","@id":"https:\/\/www.lamigraf.com\/de\/designs\/tambora-2\/#primaryimage","url":"https:\/\/www.lamigraf.com\/wp-content\/uploads\/2024\/06\/02623-O.jpg","contentUrl":"https:\/\/www.lamigraf.com\/wp-content\/uploads\/2024\/06\/02623-O.jpg","width":1920,"height":2080},{"@type":"BreadcrumbList","@id":"https:\/\/www.lamigraf.com\/de\/designs\/tambora-2\/#breadcrumb","itemListElement":[{"@type":"ListItem","position":1,"name":"Home","item":"https:\/\/www.lamigraf.com\/de\/"},{"@type":"ListItem","position":2,"name":"Designs","item":"https:\/\/www.lamigraf.com\/designs\/"},{"@type":"ListItem","position":3,"name":"TAMBORA"}]},{"@type":"WebSite","@id":"https:\/\/www.lamigraf.com\/#website","url":"https:\/\/www.lamigraf.com\/","name":"Lamigraf","description":"","publisher":{"@id":"https:\/\/www.lamigraf.com\/#organization"},"potentialAction":[{"@type":"SearchAction","target":{"@type":"EntryPoint","urlTemplate":"https:\/\/www.lamigraf.com\/?s={search_term_string}"},"query-input":{"@type":"PropertyValueSpecification","valueRequired":true,"valueName":"search_term_string"}}],"inLanguage":"de"},{"@type":"Organization","@id":"https:\/\/www.lamigraf.com\/#organization","name":"Lamigraf","url":"https:\/\/www.lamigraf.com\/","logo":{"@type":"ImageObject","inLanguage":"de","@id":"https:\/\/www.lamigraf.com\/#\/schema\/logo\/image\/","url":"https:\/\/www.lamigraf.com\/wp-content\/uploads\/2024\/05\/Logo-white.svg","contentUrl":"https:\/\/www.lamigraf.com\/wp-content\/uploads\/2024\/05\/Logo-white.svg","width":147,"height":36,"caption":"Lamigraf"},"image":{"@id":"https:\/\/www.lamigraf.com\/#\/schema\/logo\/image\/"}}]}},"_links":{"self":[{"href":"https:\/\/www.lamigraf.com\/de\/wp-json\/wp\/v2\/product\/12145","targetHints":{"allow":["GET"]}}],"collection":[{"href":"https:\/\/www.lamigraf.com\/de\/wp-json\/wp\/v2\/product"}],"about":[{"href":"https:\/\/www.lamigraf.com\/de\/wp-json\/wp\/v2\/types\/product"}],"version-history":[{"count":0,"href":"https:\/\/www.lamigraf.com\/de\/wp-json\/wp\/v2\/product\/12145\/revisions"}],"acf:attachment":[{"embeddable":true,"href":"https:\/\/www.lamigraf.com\/de\/wp-json\/wp\/v2\/media\/17720"}],"wp:featuredmedia":[{"embeddable":true,"href":"https:\/\/www.lamigraf.com\/de\/wp-json\/wp\/v2\/media\/17710"}],"wp:attachment":[{"href":"https:\/\/www.lamigraf.com\/de\/wp-json\/wp\/v2\/media?parent=12145"}],"wp:term":[{"taxonomy":"product_applications","embeddable":true,"href":"https:\/\/www.lamigraf.com\/de\/wp-json\/wp\/v2\/applications?post=12145"},{"taxonomy":"product_type","embeddable":true,"href":"https:\/\/www.lamigraf.com\/de\/wp-json\/wp\/v2\/design-types?post=12145"},{"taxonomy":"product_characteristics","embeddable":true,"href":"https:\/\/www.lamigraf.com\/de\/wp-json\/wp\/v2\/characteristics?post=12145"},{"taxonomy":"product_apparence","embeddable":true,"href":"https:\/\/www.lamigraf.com\/de\/wp-json\/wp\/v2\/appearance?post=12145"}],"curies":[{"name":"wp","href":"https:\/\/api.w.org\/{rel}","templated":true}]}}