{"id":12181,"date":"2024-06-07T09:50:39","date_gmt":"2024-06-07T07:50:39","guid":{"rendered":"http:\/\/lamigraf.com\/designs\/hickory-jones-2\/"},"modified":"2024-06-07T09:50:39","modified_gmt":"2024-06-07T07:50:39","slug":"hickory-jones-2","status":"publish","type":"product","link":"https:\/\/www.lamigraf.com\/de\/designs\/hickory-jones-2\/","title":{"rendered":"HICKORY JONES"},"content":{"rendered":"Hickory Jones pr\u00e4sentiert sich gleichm\u00e4\u00dfig und entspannt. Es ist erstaunlich, wie sch\u00f6n sich sowohl seine Kathedralen als auch seine gro\u00dfen \u00c4ste in Harmonie verbinden. Er wird zweifellos einen sehr eleganten und dennoch gem\u00fctlichen Look in jedes Zuhause transportieren.","protected":false},"excerpt":{"rendered":"<p>Hickory Jones pr\u00e4sentiert sich gleichm\u00e4\u00dfig und entspannt. Es ist erstaunlich, wie sch\u00f6n sich sowohl seine Kathedralen als auch seine gro\u00dfen \u00c4ste in Harmonie verbinden. Er wird zweifellos einen sehr eleganten und dennoch gem\u00fctlichen Look in jedes Zuhause transportieren.<\/p>\n","protected":false},"featured_media":17038,"template":"","meta":{"_acf_changed":false,"_gspb_post_css":"","footnotes":""},"applications":[10],"design-types":[],"characteristics":[195,692,196],"appearance":[],"class_list":["post-12181","product","type-product","status-publish","has-post-thumbnail","hentry","product_applications-flooring","product_characteristics-cathedrals","product_characteristics-cathedrals-de","product_characteristics-knots"],"acf":{"code":"02675","peripheral_development":"1300","axial_development":"2200","cylinders":"3","data_sheet":79096,"collections":[{"code":"0201","thumbnail":17013,"render":""},{"code":"0303","thumbnail":17055,"render":""},{"code":"0305","thumbnail":17020,"render":""},{"code":"","thumbnail":17027,"render":""}],"usages":[17048,81267],"inspiration":{"top":{"title":"","thumbnail":"","reference":""},"bottom_title":""},"hover_image":17048,"eir":"","collaborator":{"name":"","link":""},"synchro_wood":false,"novedad":false},"yoast_head":"<!-- This site is optimized with the Yoast SEO plugin v25.2 - https:\/\/yoast.com\/wordpress\/plugins\/seo\/ -->\n<title>HICKORY JONES - Lamigraf<\/title>\n<meta name=\"robots\" content=\"index, follow, max-snippet:-1, max-image-preview:large, max-video-preview:-1\" \/>\n<link rel=\"canonical\" href=\"https:\/\/www.lamigraf.com\/de\/designs\/hickory-jones-2\/\" \/>\n<meta property=\"og:locale\" content=\"de_DE\" \/>\n<meta property=\"og:type\" content=\"article\" \/>\n<meta property=\"og:title\" content=\"HICKORY JONES - Lamigraf\" \/>\n<meta property=\"og:description\" content=\"Hickory Jones pr\u00e4sentiert sich gleichm\u00e4\u00dfig und entspannt. Es ist erstaunlich, wie sch\u00f6n sich sowohl seine Kathedralen als auch seine gro\u00dfen \u00c4ste in Harmonie verbinden. Er wird zweifellos einen sehr eleganten und dennoch gem\u00fctlichen Look in jedes Zuhause transportieren.\" \/>\n<meta property=\"og:url\" content=\"https:\/\/www.lamigraf.com\/de\/designs\/hickory-jones-2\/\" \/>\n<meta property=\"og:site_name\" content=\"Lamigraf\" \/>\n<meta property=\"og:image\" content=\"https:\/\/www.lamigraf.com\/wp-content\/uploads\/2024\/06\/02675-O.jpg\" \/>\n\t<meta property=\"og:image:width\" content=\"1920\" \/>\n\t<meta property=\"og:image:height\" content=\"1229\" \/>\n\t<meta property=\"og:image:type\" content=\"image\/jpeg\" \/>\n<meta name=\"twitter:card\" content=\"summary_large_image\" \/>\n<script type=\"application\/ld+json\" class=\"yoast-schema-graph\">{\"@context\":\"https:\/\/schema.org\",\"@graph\":[{\"@type\":\"WebPage\",\"@id\":\"https:\/\/www.lamigraf.com\/de\/designs\/hickory-jones-2\/\",\"url\":\"https:\/\/www.lamigraf.com\/de\/designs\/hickory-jones-2\/\",\"name\":\"HICKORY JONES - Lamigraf\",\"isPartOf\":{\"@id\":\"https:\/\/www.lamigraf.com\/#website\"},\"primaryImageOfPage\":{\"@id\":\"https:\/\/www.lamigraf.com\/de\/designs\/hickory-jones-2\/#primaryimage\"},\"image\":{\"@id\":\"https:\/\/www.lamigraf.com\/de\/designs\/hickory-jones-2\/#primaryimage\"},\"thumbnailUrl\":\"https:\/\/www.lamigraf.com\/wp-content\/uploads\/2024\/06\/02675-O.jpg\",\"datePublished\":\"2024-06-07T07:50:39+00:00\",\"breadcrumb\":{\"@id\":\"https:\/\/www.lamigraf.com\/de\/designs\/hickory-jones-2\/#breadcrumb\"},\"inLanguage\":\"de\",\"potentialAction\":[{\"@type\":\"ReadAction\",\"target\":[\"https:\/\/www.lamigraf.com\/de\/designs\/hickory-jones-2\/\"]}]},{\"@type\":\"ImageObject\",\"inLanguage\":\"de\",\"@id\":\"https:\/\/www.lamigraf.com\/de\/designs\/hickory-jones-2\/#primaryimage\",\"url\":\"https:\/\/www.lamigraf.com\/wp-content\/uploads\/2024\/06\/02675-O.jpg\",\"contentUrl\":\"https:\/\/www.lamigraf.com\/wp-content\/uploads\/2024\/06\/02675-O.jpg\",\"width\":1920,\"height\":1229},{\"@type\":\"BreadcrumbList\",\"@id\":\"https:\/\/www.lamigraf.com\/de\/designs\/hickory-jones-2\/#breadcrumb\",\"itemListElement\":[{\"@type\":\"ListItem\",\"position\":1,\"name\":\"Home\",\"item\":\"https:\/\/www.lamigraf.com\/de\/\"},{\"@type\":\"ListItem\",\"position\":2,\"name\":\"Designs\",\"item\":\"https:\/\/www.lamigraf.com\/designs\/\"},{\"@type\":\"ListItem\",\"position\":3,\"name\":\"HICKORY JONES\"}]},{\"@type\":\"WebSite\",\"@id\":\"https:\/\/www.lamigraf.com\/#website\",\"url\":\"https:\/\/www.lamigraf.com\/\",\"name\":\"Lamigraf\",\"description\":\"\",\"publisher\":{\"@id\":\"https:\/\/www.lamigraf.com\/#organization\"},\"potentialAction\":[{\"@type\":\"SearchAction\",\"target\":{\"@type\":\"EntryPoint\",\"urlTemplate\":\"https:\/\/www.lamigraf.com\/?s={search_term_string}\"},\"query-input\":{\"@type\":\"PropertyValueSpecification\",\"valueRequired\":true,\"valueName\":\"search_term_string\"}}],\"inLanguage\":\"de\"},{\"@type\":\"Organization\",\"@id\":\"https:\/\/www.lamigraf.com\/#organization\",\"name\":\"Lamigraf\",\"url\":\"https:\/\/www.lamigraf.com\/\",\"logo\":{\"@type\":\"ImageObject\",\"inLanguage\":\"de\",\"@id\":\"https:\/\/www.lamigraf.com\/#\/schema\/logo\/image\/\",\"url\":\"https:\/\/www.lamigraf.com\/wp-content\/uploads\/2024\/05\/Logo-white.svg\",\"contentUrl\":\"https:\/\/www.lamigraf.com\/wp-content\/uploads\/2024\/05\/Logo-white.svg\",\"width\":147,\"height\":36,\"caption\":\"Lamigraf\"},\"image\":{\"@id\":\"https:\/\/www.lamigraf.com\/#\/schema\/logo\/image\/\"}}]}<\/script>\n<!-- \/ Yoast SEO plugin. -->","yoast_head_json":{"title":"HICKORY JONES - Lamigraf","robots":{"index":"index","follow":"follow","max-snippet":"max-snippet:-1","max-image-preview":"max-image-preview:large","max-video-preview":"max-video-preview:-1"},"canonical":"https:\/\/www.lamigraf.com\/de\/designs\/hickory-jones-2\/","og_locale":"de_DE","og_type":"article","og_title":"HICKORY JONES - Lamigraf","og_description":"Hickory Jones pr\u00e4sentiert sich gleichm\u00e4\u00dfig und entspannt. Es ist erstaunlich, wie sch\u00f6n sich sowohl seine Kathedralen als auch seine gro\u00dfen \u00c4ste in Harmonie verbinden. Er wird zweifellos einen sehr eleganten und dennoch gem\u00fctlichen Look in jedes Zuhause transportieren.","og_url":"https:\/\/www.lamigraf.com\/de\/designs\/hickory-jones-2\/","og_site_name":"Lamigraf","og_image":[{"width":1920,"height":1229,"url":"https:\/\/www.lamigraf.com\/wp-content\/uploads\/2024\/06\/02675-O.jpg","type":"image\/jpeg"}],"twitter_card":"summary_large_image","schema":{"@context":"https:\/\/schema.org","@graph":[{"@type":"WebPage","@id":"https:\/\/www.lamigraf.com\/de\/designs\/hickory-jones-2\/","url":"https:\/\/www.lamigraf.com\/de\/designs\/hickory-jones-2\/","name":"HICKORY JONES - Lamigraf","isPartOf":{"@id":"https:\/\/www.lamigraf.com\/#website"},"primaryImageOfPage":{"@id":"https:\/\/www.lamigraf.com\/de\/designs\/hickory-jones-2\/#primaryimage"},"image":{"@id":"https:\/\/www.lamigraf.com\/de\/designs\/hickory-jones-2\/#primaryimage"},"thumbnailUrl":"https:\/\/www.lamigraf.com\/wp-content\/uploads\/2024\/06\/02675-O.jpg","datePublished":"2024-06-07T07:50:39+00:00","breadcrumb":{"@id":"https:\/\/www.lamigraf.com\/de\/designs\/hickory-jones-2\/#breadcrumb"},"inLanguage":"de","potentialAction":[{"@type":"ReadAction","target":["https:\/\/www.lamigraf.com\/de\/designs\/hickory-jones-2\/"]}]},{"@type":"ImageObject","inLanguage":"de","@id":"https:\/\/www.lamigraf.com\/de\/designs\/hickory-jones-2\/#primaryimage","url":"https:\/\/www.lamigraf.com\/wp-content\/uploads\/2024\/06\/02675-O.jpg","contentUrl":"https:\/\/www.lamigraf.com\/wp-content\/uploads\/2024\/06\/02675-O.jpg","width":1920,"height":1229},{"@type":"BreadcrumbList","@id":"https:\/\/www.lamigraf.com\/de\/designs\/hickory-jones-2\/#breadcrumb","itemListElement":[{"@type":"ListItem","position":1,"name":"Home","item":"https:\/\/www.lamigraf.com\/de\/"},{"@type":"ListItem","position":2,"name":"Designs","item":"https:\/\/www.lamigraf.com\/designs\/"},{"@type":"ListItem","position":3,"name":"HICKORY JONES"}]},{"@type":"WebSite","@id":"https:\/\/www.lamigraf.com\/#website","url":"https:\/\/www.lamigraf.com\/","name":"Lamigraf","description":"","publisher":{"@id":"https:\/\/www.lamigraf.com\/#organization"},"potentialAction":[{"@type":"SearchAction","target":{"@type":"EntryPoint","urlTemplate":"https:\/\/www.lamigraf.com\/?s={search_term_string}"},"query-input":{"@type":"PropertyValueSpecification","valueRequired":true,"valueName":"search_term_string"}}],"inLanguage":"de"},{"@type":"Organization","@id":"https:\/\/www.lamigraf.com\/#organization","name":"Lamigraf","url":"https:\/\/www.lamigraf.com\/","logo":{"@type":"ImageObject","inLanguage":"de","@id":"https:\/\/www.lamigraf.com\/#\/schema\/logo\/image\/","url":"https:\/\/www.lamigraf.com\/wp-content\/uploads\/2024\/05\/Logo-white.svg","contentUrl":"https:\/\/www.lamigraf.com\/wp-content\/uploads\/2024\/05\/Logo-white.svg","width":147,"height":36,"caption":"Lamigraf"},"image":{"@id":"https:\/\/www.lamigraf.com\/#\/schema\/logo\/image\/"}}]}},"_links":{"self":[{"href":"https:\/\/www.lamigraf.com\/de\/wp-json\/wp\/v2\/product\/12181","targetHints":{"allow":["GET"]}}],"collection":[{"href":"https:\/\/www.lamigraf.com\/de\/wp-json\/wp\/v2\/product"}],"about":[{"href":"https:\/\/www.lamigraf.com\/de\/wp-json\/wp\/v2\/types\/product"}],"version-history":[{"count":0,"href":"https:\/\/www.lamigraf.com\/de\/wp-json\/wp\/v2\/product\/12181\/revisions"}],"acf:attachment":[{"embeddable":true,"href":"https:\/\/www.lamigraf.com\/de\/wp-json\/wp\/v2\/media\/81267"},{"embeddable":true,"href":"https:\/\/www.lamigraf.com\/de\/wp-json\/wp\/v2\/media\/17048"}],"wp:featuredmedia":[{"embeddable":true,"href":"https:\/\/www.lamigraf.com\/de\/wp-json\/wp\/v2\/media\/17038"}],"wp:attachment":[{"href":"https:\/\/www.lamigraf.com\/de\/wp-json\/wp\/v2\/media?parent=12181"}],"wp:term":[{"taxonomy":"product_applications","embeddable":true,"href":"https:\/\/www.lamigraf.com\/de\/wp-json\/wp\/v2\/applications?post=12181"},{"taxonomy":"product_type","embeddable":true,"href":"https:\/\/www.lamigraf.com\/de\/wp-json\/wp\/v2\/design-types?post=12181"},{"taxonomy":"product_characteristics","embeddable":true,"href":"https:\/\/www.lamigraf.com\/de\/wp-json\/wp\/v2\/characteristics?post=12181"},{"taxonomy":"product_apparence","embeddable":true,"href":"https:\/\/www.lamigraf.com\/de\/wp-json\/wp\/v2\/appearance?post=12181"}],"curies":[{"name":"wp","href":"https:\/\/api.w.org\/{rel}","templated":true}]}}