{"id":12256,"date":"2024-06-07T09:50:43","date_gmt":"2024-06-07T07:50:43","guid":{"rendered":"http:\/\/lamigraf.com\/designs\/dune-rosse-2\/"},"modified":"2025-04-23T15:59:36","modified_gmt":"2025-04-23T13:59:36","slug":"dune-rosse-2","status":"publish","type":"product","link":"https:\/\/www.lamigraf.com\/de\/designs\/dune-rosse-2\/","title":{"rendered":"DUNE ROSSE"},"content":{"rendered":"\n<p>Ein Design, das aus wertvollen Rohstoffresten entstanden ist. Dune Rosse wurde aus Sp\u00e4nen der Metallverarbeitung kreiert. Unterschiedlich kleine, ausgerichtete Sp\u00e4ne auf einer flachen Oberfl\u00e4che erzeugen im Zusammenspiel mit Licht eine einzigartige, uneinheitliche, aber gleichzeitig ruhige Struktur \u2014 perfekt kombinierbar mit vielen trendigen Unifarben. Ein ganz neues Spielfeld f\u00fcr Struktur und Farbe entsteht.<\/p>\n\n\n\n<p><\/p>\n","protected":false},"excerpt":{"rendered":"<p>Ein Design, das aus wertvollen Rohstoffresten entstanden ist. Dune Rosse wurde aus Sp\u00e4nen der Metallverarbeitung kreiert. Unterschiedlich kleine, ausgerichtete Sp\u00e4ne auf einer flachen Oberfl\u00e4che erzeugen im Zusammenspiel mit Licht eine einzigartige, uneinheitliche, aber gleichzeitig ruhige Struktur \u2014 perfekt kombinierbar mit vielen trendigen Unifarben. Ein ganz neues Spielfeld f\u00fcr Struktur und Farbe entsteht.<\/p>\n","protected":false},"featured_media":15631,"template":"","meta":{"_acf_changed":false,"_gspb_post_css":"","footnotes":""},"applications":[8,691],"design-types":[839,837],"characteristics":[197,757],"appearance":[],"class_list":["post-12256","product","type-product","status-publish","has-post-thumbnail","hentry","product_applications-furniture","product_applications-furniture-de","product_type-fantasy-de","product_type-creatives-de","product_characteristics-metallic-effect","product_characteristics-metallic-effect-de"],"acf":{"code":"2782","peripheral_development":"1250","axial_development":"2200","cylinders":"3","data_sheet":78837,"collections":[{"code":"2782-0302","thumbnail":85068,"render":78497},{"code":"2782-0307","thumbnail":85074,"render":78503},{"code":"2782-0309","thumbnail":85080,"render":81175},{"code":"2782-0310","thumbnail":85086,"render":81181},{"code":"2782-0311","thumbnail":85092,"render":78509},{"code":"2782-0312","thumbnail":85098,"render":78515}],"usages":[15641,15648,78515],"inspiration":{"top":{"title":"Regale","thumbnail":18294,"reference":"02667-0301"},"bottom_title":"K\u00fcchenarbeitsplatte"},"hover_image":15641,"eir":"","collaborator":{"name":"","link":""},"synchro_wood":false,"novedad":false},"yoast_head":"<!-- This site is optimized with the Yoast SEO plugin v25.2 - https:\/\/yoast.com\/wordpress\/plugins\/seo\/ -->\n<title>DUNE ROSSE - Lamigraf<\/title>\n<meta name=\"robots\" content=\"index, follow, max-snippet:-1, max-image-preview:large, max-video-preview:-1\" \/>\n<link rel=\"canonical\" href=\"https:\/\/www.lamigraf.com\/de\/designs\/dune-rosse-2\/\" \/>\n<meta property=\"og:locale\" content=\"de_DE\" \/>\n<meta property=\"og:type\" content=\"article\" \/>\n<meta property=\"og:title\" content=\"DUNE ROSSE - Lamigraf\" \/>\n<meta property=\"og:description\" content=\"Ein Design, das aus wertvollen Rohstoffresten entstanden ist. Dune Rosse wurde aus Sp\u00e4nen der Metallverarbeitung kreiert. Unterschiedlich kleine, ausgerichtete Sp\u00e4ne auf einer flachen Oberfl\u00e4che erzeugen im Zusammenspiel mit Licht eine einzigartige, uneinheitliche, aber gleichzeitig ruhige Struktur \u2014 perfekt kombinierbar mit vielen trendigen Unifarben. Ein ganz neues Spielfeld f\u00fcr Struktur und Farbe entsteht.\" \/>\n<meta property=\"og:url\" content=\"https:\/\/www.lamigraf.com\/de\/designs\/dune-rosse-2\/\" \/>\n<meta property=\"og:site_name\" content=\"Lamigraf\" \/>\n<meta property=\"article:modified_time\" content=\"2025-04-23T13:59:36+00:00\" \/>\n<meta property=\"og:image\" content=\"https:\/\/www.lamigraf.com\/wp-content\/uploads\/2024\/06\/02782-O-scaled.jpg\" \/>\n\t<meta property=\"og:image:width\" content=\"1259\" \/>\n\t<meta property=\"og:image:height\" content=\"2560\" \/>\n\t<meta property=\"og:image:type\" content=\"image\/jpeg\" \/>\n<meta name=\"twitter:card\" content=\"summary_large_image\" \/>\n<meta name=\"twitter:label1\" content=\"Gesch\u00e4tzte Lesezeit\" \/>\n\t<meta name=\"twitter:data1\" content=\"1\u00a0Minute\" \/>\n<script type=\"application\/ld+json\" class=\"yoast-schema-graph\">{\"@context\":\"https:\/\/schema.org\",\"@graph\":[{\"@type\":\"WebPage\",\"@id\":\"https:\/\/www.lamigraf.com\/de\/designs\/dune-rosse-2\/\",\"url\":\"https:\/\/www.lamigraf.com\/de\/designs\/dune-rosse-2\/\",\"name\":\"DUNE ROSSE - Lamigraf\",\"isPartOf\":{\"@id\":\"https:\/\/www.lamigraf.com\/#website\"},\"primaryImageOfPage\":{\"@id\":\"https:\/\/www.lamigraf.com\/de\/designs\/dune-rosse-2\/#primaryimage\"},\"image\":{\"@id\":\"https:\/\/www.lamigraf.com\/de\/designs\/dune-rosse-2\/#primaryimage\"},\"thumbnailUrl\":\"https:\/\/www.lamigraf.com\/wp-content\/uploads\/2024\/06\/02782-O-scaled.jpg\",\"datePublished\":\"2024-06-07T07:50:43+00:00\",\"dateModified\":\"2025-04-23T13:59:36+00:00\",\"breadcrumb\":{\"@id\":\"https:\/\/www.lamigraf.com\/de\/designs\/dune-rosse-2\/#breadcrumb\"},\"inLanguage\":\"de\",\"potentialAction\":[{\"@type\":\"ReadAction\",\"target\":[\"https:\/\/www.lamigraf.com\/de\/designs\/dune-rosse-2\/\"]}]},{\"@type\":\"ImageObject\",\"inLanguage\":\"de\",\"@id\":\"https:\/\/www.lamigraf.com\/de\/designs\/dune-rosse-2\/#primaryimage\",\"url\":\"https:\/\/www.lamigraf.com\/wp-content\/uploads\/2024\/06\/02782-O-scaled.jpg\",\"contentUrl\":\"https:\/\/www.lamigraf.com\/wp-content\/uploads\/2024\/06\/02782-O-scaled.jpg\",\"width\":1259,\"height\":2560},{\"@type\":\"BreadcrumbList\",\"@id\":\"https:\/\/www.lamigraf.com\/de\/designs\/dune-rosse-2\/#breadcrumb\",\"itemListElement\":[{\"@type\":\"ListItem\",\"position\":1,\"name\":\"Home\",\"item\":\"https:\/\/www.lamigraf.com\/de\/\"},{\"@type\":\"ListItem\",\"position\":2,\"name\":\"Designs\",\"item\":\"https:\/\/www.lamigraf.com\/designs\/\"},{\"@type\":\"ListItem\",\"position\":3,\"name\":\"DUNE ROSSE\"}]},{\"@type\":\"WebSite\",\"@id\":\"https:\/\/www.lamigraf.com\/#website\",\"url\":\"https:\/\/www.lamigraf.com\/\",\"name\":\"Lamigraf\",\"description\":\"\",\"publisher\":{\"@id\":\"https:\/\/www.lamigraf.com\/#organization\"},\"potentialAction\":[{\"@type\":\"SearchAction\",\"target\":{\"@type\":\"EntryPoint\",\"urlTemplate\":\"https:\/\/www.lamigraf.com\/?s={search_term_string}\"},\"query-input\":{\"@type\":\"PropertyValueSpecification\",\"valueRequired\":true,\"valueName\":\"search_term_string\"}}],\"inLanguage\":\"de\"},{\"@type\":\"Organization\",\"@id\":\"https:\/\/www.lamigraf.com\/#organization\",\"name\":\"Lamigraf\",\"url\":\"https:\/\/www.lamigraf.com\/\",\"logo\":{\"@type\":\"ImageObject\",\"inLanguage\":\"de\",\"@id\":\"https:\/\/www.lamigraf.com\/#\/schema\/logo\/image\/\",\"url\":\"https:\/\/www.lamigraf.com\/wp-content\/uploads\/2024\/05\/Logo-white.svg\",\"contentUrl\":\"https:\/\/www.lamigraf.com\/wp-content\/uploads\/2024\/05\/Logo-white.svg\",\"width\":147,\"height\":36,\"caption\":\"Lamigraf\"},\"image\":{\"@id\":\"https:\/\/www.lamigraf.com\/#\/schema\/logo\/image\/\"}}]}<\/script>\n<!-- \/ Yoast SEO plugin. -->","yoast_head_json":{"title":"DUNE ROSSE - Lamigraf","robots":{"index":"index","follow":"follow","max-snippet":"max-snippet:-1","max-image-preview":"max-image-preview:large","max-video-preview":"max-video-preview:-1"},"canonical":"https:\/\/www.lamigraf.com\/de\/designs\/dune-rosse-2\/","og_locale":"de_DE","og_type":"article","og_title":"DUNE ROSSE - Lamigraf","og_description":"Ein Design, das aus wertvollen Rohstoffresten entstanden ist. Dune Rosse wurde aus Sp\u00e4nen der Metallverarbeitung kreiert. Unterschiedlich kleine, ausgerichtete Sp\u00e4ne auf einer flachen Oberfl\u00e4che erzeugen im Zusammenspiel mit Licht eine einzigartige, uneinheitliche, aber gleichzeitig ruhige Struktur \u2014 perfekt kombinierbar mit vielen trendigen Unifarben. Ein ganz neues Spielfeld f\u00fcr Struktur und Farbe entsteht.","og_url":"https:\/\/www.lamigraf.com\/de\/designs\/dune-rosse-2\/","og_site_name":"Lamigraf","article_modified_time":"2025-04-23T13:59:36+00:00","og_image":[{"width":1259,"height":2560,"url":"https:\/\/www.lamigraf.com\/wp-content\/uploads\/2024\/06\/02782-O-scaled.jpg","type":"image\/jpeg"}],"twitter_card":"summary_large_image","twitter_misc":{"Gesch\u00e4tzte Lesezeit":"1\u00a0Minute"},"schema":{"@context":"https:\/\/schema.org","@graph":[{"@type":"WebPage","@id":"https:\/\/www.lamigraf.com\/de\/designs\/dune-rosse-2\/","url":"https:\/\/www.lamigraf.com\/de\/designs\/dune-rosse-2\/","name":"DUNE ROSSE - Lamigraf","isPartOf":{"@id":"https:\/\/www.lamigraf.com\/#website"},"primaryImageOfPage":{"@id":"https:\/\/www.lamigraf.com\/de\/designs\/dune-rosse-2\/#primaryimage"},"image":{"@id":"https:\/\/www.lamigraf.com\/de\/designs\/dune-rosse-2\/#primaryimage"},"thumbnailUrl":"https:\/\/www.lamigraf.com\/wp-content\/uploads\/2024\/06\/02782-O-scaled.jpg","datePublished":"2024-06-07T07:50:43+00:00","dateModified":"2025-04-23T13:59:36+00:00","breadcrumb":{"@id":"https:\/\/www.lamigraf.com\/de\/designs\/dune-rosse-2\/#breadcrumb"},"inLanguage":"de","potentialAction":[{"@type":"ReadAction","target":["https:\/\/www.lamigraf.com\/de\/designs\/dune-rosse-2\/"]}]},{"@type":"ImageObject","inLanguage":"de","@id":"https:\/\/www.lamigraf.com\/de\/designs\/dune-rosse-2\/#primaryimage","url":"https:\/\/www.lamigraf.com\/wp-content\/uploads\/2024\/06\/02782-O-scaled.jpg","contentUrl":"https:\/\/www.lamigraf.com\/wp-content\/uploads\/2024\/06\/02782-O-scaled.jpg","width":1259,"height":2560},{"@type":"BreadcrumbList","@id":"https:\/\/www.lamigraf.com\/de\/designs\/dune-rosse-2\/#breadcrumb","itemListElement":[{"@type":"ListItem","position":1,"name":"Home","item":"https:\/\/www.lamigraf.com\/de\/"},{"@type":"ListItem","position":2,"name":"Designs","item":"https:\/\/www.lamigraf.com\/designs\/"},{"@type":"ListItem","position":3,"name":"DUNE ROSSE"}]},{"@type":"WebSite","@id":"https:\/\/www.lamigraf.com\/#website","url":"https:\/\/www.lamigraf.com\/","name":"Lamigraf","description":"","publisher":{"@id":"https:\/\/www.lamigraf.com\/#organization"},"potentialAction":[{"@type":"SearchAction","target":{"@type":"EntryPoint","urlTemplate":"https:\/\/www.lamigraf.com\/?s={search_term_string}"},"query-input":{"@type":"PropertyValueSpecification","valueRequired":true,"valueName":"search_term_string"}}],"inLanguage":"de"},{"@type":"Organization","@id":"https:\/\/www.lamigraf.com\/#organization","name":"Lamigraf","url":"https:\/\/www.lamigraf.com\/","logo":{"@type":"ImageObject","inLanguage":"de","@id":"https:\/\/www.lamigraf.com\/#\/schema\/logo\/image\/","url":"https:\/\/www.lamigraf.com\/wp-content\/uploads\/2024\/05\/Logo-white.svg","contentUrl":"https:\/\/www.lamigraf.com\/wp-content\/uploads\/2024\/05\/Logo-white.svg","width":147,"height":36,"caption":"Lamigraf"},"image":{"@id":"https:\/\/www.lamigraf.com\/#\/schema\/logo\/image\/"}}]}},"_links":{"self":[{"href":"https:\/\/www.lamigraf.com\/de\/wp-json\/wp\/v2\/product\/12256","targetHints":{"allow":["GET"]}}],"collection":[{"href":"https:\/\/www.lamigraf.com\/de\/wp-json\/wp\/v2\/product"}],"about":[{"href":"https:\/\/www.lamigraf.com\/de\/wp-json\/wp\/v2\/types\/product"}],"version-history":[{"count":1,"href":"https:\/\/www.lamigraf.com\/de\/wp-json\/wp\/v2\/product\/12256\/revisions"}],"predecessor-version":[{"id":89677,"href":"https:\/\/www.lamigraf.com\/de\/wp-json\/wp\/v2\/product\/12256\/revisions\/89677"}],"acf:attachment":[{"embeddable":true,"href":"https:\/\/www.lamigraf.com\/de\/wp-json\/wp\/v2\/media\/78515"},{"embeddable":true,"href":"https:\/\/www.lamigraf.com\/de\/wp-json\/wp\/v2\/media\/15648"},{"embeddable":true,"href":"https:\/\/www.lamigraf.com\/de\/wp-json\/wp\/v2\/media\/15641"}],"wp:featuredmedia":[{"embeddable":true,"href":"https:\/\/www.lamigraf.com\/de\/wp-json\/wp\/v2\/media\/15631"}],"wp:attachment":[{"href":"https:\/\/www.lamigraf.com\/de\/wp-json\/wp\/v2\/media?parent=12256"}],"wp:term":[{"taxonomy":"product_applications","embeddable":true,"href":"https:\/\/www.lamigraf.com\/de\/wp-json\/wp\/v2\/applications?post=12256"},{"taxonomy":"product_type","embeddable":true,"href":"https:\/\/www.lamigraf.com\/de\/wp-json\/wp\/v2\/design-types?post=12256"},{"taxonomy":"product_characteristics","embeddable":true,"href":"https:\/\/www.lamigraf.com\/de\/wp-json\/wp\/v2\/characteristics?post=12256"},{"taxonomy":"product_apparence","embeddable":true,"href":"https:\/\/www.lamigraf.com\/de\/wp-json\/wp\/v2\/appearance?post=12256"}],"curies":[{"name":"wp","href":"https:\/\/api.w.org\/{rel}","templated":true}]}}