{"id":12259,"date":"2024-06-07T09:50:43","date_gmt":"2024-06-07T07:50:43","guid":{"rendered":"http:\/\/lamigraf.com\/designs\/bengala-chestnut-2\/"},"modified":"2024-06-07T09:50:43","modified_gmt":"2024-06-07T07:50:43","slug":"bengala-chestnut-2","status":"publish","type":"product","link":"https:\/\/www.lamigraf.com\/de\/designs\/bengala-chestnut-2\/","title":{"rendered":"BENGALA CHESTNUT"},"content":{"rendered":"Das Gegenteil eines ruhigen Designs aber dennoch nicht aufdringlich. Die Basis ist eine Kastanie wie sich die Natur sch\u00f6ner nicht h\u00e4tte komponieren k\u00f6nnen. Markante Bereiche erh\u00f6hen die Wiedererkennung dieses sch\u00f6nen Bildes. Ganze Blumen , strukturiert und geb\u00fcrstet im wechsel mit markanten Streifer Partien und kern Bereiche. Das Auge f\u00fchlt sich direkt umschmeichelt und angefasst. Nichts dr\u00e4ngt sich hier auf und dennoch charakterstark und Eigenst\u00e4ndig. Dieses Design wurde mit einer Synchronpore entwickelt die den nat\u00fcrlichen Effekt nochmals unterstreicht und hervorhebt.","protected":false},"excerpt":{"rendered":"<p>Das Gegenteil eines ruhigen Designs aber dennoch nicht aufdringlich. Die Basis ist eine Kastanie wie sich die Natur sch\u00f6ner nicht h\u00e4tte komponieren k\u00f6nnen. Markante Bereiche erh\u00f6hen die Wiedererkennung dieses sch\u00f6nen Bildes. Ganze Blumen , strukturiert und geb\u00fcrstet im wechsel mit markanten Streifer Partien und kern Bereiche. Das Auge f\u00fchlt sich direkt umschmeichelt und angefasst. Nichts [&hellip;]<\/p>\n","protected":false},"featured_media":15540,"template":"","meta":{"_acf_changed":false,"_gspb_post_css":"","footnotes":""},"applications":[8,691],"design-types":[597,811,702],"characteristics":[195,692],"appearance":[],"class_list":["post-12259","product","type-product","status-publish","has-post-thumbnail","hentry","product_applications-furniture","product_applications-furniture-de","product_type-chestnut","product_type-wood-de","product_type-chestnut-de","product_characteristics-cathedrals","product_characteristics-cathedrals-de"],"acf":{"code":"02784","peripheral_development":"1300","axial_development":"770","cylinders":"3","data_sheet":78823,"collections":[{"code":"0202","thumbnail":84997,"render":""},{"code":"0203","thumbnail":85003,"render":""},{"code":"0301","thumbnail":85009,"render":""},{"code":"","thumbnail":85015,"render":""}],"usages":[15550,15557,15564,15571,15578],"inspiration":{"top":{"title":"","thumbnail":"","reference":""},"bottom_title":""},"hover_image":15578,"eir":"","collaborator":{"name":"","link":""},"synchro_wood":false,"novedad":false},"yoast_head":"<!-- This site is optimized with the Yoast SEO plugin v25.2 - https:\/\/yoast.com\/wordpress\/plugins\/seo\/ -->\n<title>BENGALA CHESTNUT - Lamigraf<\/title>\n<meta name=\"robots\" content=\"index, follow, max-snippet:-1, max-image-preview:large, max-video-preview:-1\" \/>\n<link rel=\"canonical\" href=\"https:\/\/www.lamigraf.com\/de\/designs\/bengala-chestnut-2\/\" \/>\n<meta property=\"og:locale\" content=\"de_DE\" \/>\n<meta property=\"og:type\" content=\"article\" \/>\n<meta property=\"og:title\" content=\"BENGALA CHESTNUT - Lamigraf\" \/>\n<meta property=\"og:description\" content=\"Das Gegenteil eines ruhigen Designs aber dennoch nicht aufdringlich. Die Basis ist eine Kastanie wie sich die Natur sch\u00f6ner nicht h\u00e4tte komponieren k\u00f6nnen. Markante Bereiche erh\u00f6hen die Wiedererkennung dieses sch\u00f6nen Bildes. Ganze Blumen , strukturiert und geb\u00fcrstet im wechsel mit markanten Streifer Partien und kern Bereiche. Das Auge f\u00fchlt sich direkt umschmeichelt und angefasst. Nichts [&hellip;]\" \/>\n<meta property=\"og:url\" content=\"https:\/\/www.lamigraf.com\/de\/designs\/bengala-chestnut-2\/\" \/>\n<meta property=\"og:site_name\" content=\"Lamigraf\" \/>\n<meta property=\"og:image\" content=\"https:\/\/www.lamigraf.com\/wp-content\/uploads\/2024\/06\/02784-O-scaled.jpg\" \/>\n\t<meta property=\"og:image:width\" content=\"1516\" \/>\n\t<meta property=\"og:image:height\" content=\"2560\" \/>\n\t<meta property=\"og:image:type\" content=\"image\/jpeg\" \/>\n<meta name=\"twitter:card\" content=\"summary_large_image\" \/>\n<script type=\"application\/ld+json\" class=\"yoast-schema-graph\">{\"@context\":\"https:\/\/schema.org\",\"@graph\":[{\"@type\":\"WebPage\",\"@id\":\"https:\/\/www.lamigraf.com\/de\/designs\/bengala-chestnut-2\/\",\"url\":\"https:\/\/www.lamigraf.com\/de\/designs\/bengala-chestnut-2\/\",\"name\":\"BENGALA CHESTNUT - Lamigraf\",\"isPartOf\":{\"@id\":\"https:\/\/www.lamigraf.com\/#website\"},\"primaryImageOfPage\":{\"@id\":\"https:\/\/www.lamigraf.com\/de\/designs\/bengala-chestnut-2\/#primaryimage\"},\"image\":{\"@id\":\"https:\/\/www.lamigraf.com\/de\/designs\/bengala-chestnut-2\/#primaryimage\"},\"thumbnailUrl\":\"https:\/\/www.lamigraf.com\/wp-content\/uploads\/2024\/06\/02784-O-scaled.jpg\",\"datePublished\":\"2024-06-07T07:50:43+00:00\",\"breadcrumb\":{\"@id\":\"https:\/\/www.lamigraf.com\/de\/designs\/bengala-chestnut-2\/#breadcrumb\"},\"inLanguage\":\"de\",\"potentialAction\":[{\"@type\":\"ReadAction\",\"target\":[\"https:\/\/www.lamigraf.com\/de\/designs\/bengala-chestnut-2\/\"]}]},{\"@type\":\"ImageObject\",\"inLanguage\":\"de\",\"@id\":\"https:\/\/www.lamigraf.com\/de\/designs\/bengala-chestnut-2\/#primaryimage\",\"url\":\"https:\/\/www.lamigraf.com\/wp-content\/uploads\/2024\/06\/02784-O-scaled.jpg\",\"contentUrl\":\"https:\/\/www.lamigraf.com\/wp-content\/uploads\/2024\/06\/02784-O-scaled.jpg\",\"width\":1516,\"height\":2560},{\"@type\":\"BreadcrumbList\",\"@id\":\"https:\/\/www.lamigraf.com\/de\/designs\/bengala-chestnut-2\/#breadcrumb\",\"itemListElement\":[{\"@type\":\"ListItem\",\"position\":1,\"name\":\"Home\",\"item\":\"https:\/\/www.lamigraf.com\/de\/\"},{\"@type\":\"ListItem\",\"position\":2,\"name\":\"Designs\",\"item\":\"https:\/\/www.lamigraf.com\/designs\/\"},{\"@type\":\"ListItem\",\"position\":3,\"name\":\"BENGALA CHESTNUT\"}]},{\"@type\":\"WebSite\",\"@id\":\"https:\/\/www.lamigraf.com\/#website\",\"url\":\"https:\/\/www.lamigraf.com\/\",\"name\":\"Lamigraf\",\"description\":\"\",\"publisher\":{\"@id\":\"https:\/\/www.lamigraf.com\/#organization\"},\"potentialAction\":[{\"@type\":\"SearchAction\",\"target\":{\"@type\":\"EntryPoint\",\"urlTemplate\":\"https:\/\/www.lamigraf.com\/?s={search_term_string}\"},\"query-input\":{\"@type\":\"PropertyValueSpecification\",\"valueRequired\":true,\"valueName\":\"search_term_string\"}}],\"inLanguage\":\"de\"},{\"@type\":\"Organization\",\"@id\":\"https:\/\/www.lamigraf.com\/#organization\",\"name\":\"Lamigraf\",\"url\":\"https:\/\/www.lamigraf.com\/\",\"logo\":{\"@type\":\"ImageObject\",\"inLanguage\":\"de\",\"@id\":\"https:\/\/www.lamigraf.com\/#\/schema\/logo\/image\/\",\"url\":\"https:\/\/www.lamigraf.com\/wp-content\/uploads\/2024\/05\/Logo-white.svg\",\"contentUrl\":\"https:\/\/www.lamigraf.com\/wp-content\/uploads\/2024\/05\/Logo-white.svg\",\"width\":147,\"height\":36,\"caption\":\"Lamigraf\"},\"image\":{\"@id\":\"https:\/\/www.lamigraf.com\/#\/schema\/logo\/image\/\"}}]}<\/script>\n<!-- \/ Yoast SEO plugin. -->","yoast_head_json":{"title":"BENGALA CHESTNUT - Lamigraf","robots":{"index":"index","follow":"follow","max-snippet":"max-snippet:-1","max-image-preview":"max-image-preview:large","max-video-preview":"max-video-preview:-1"},"canonical":"https:\/\/www.lamigraf.com\/de\/designs\/bengala-chestnut-2\/","og_locale":"de_DE","og_type":"article","og_title":"BENGALA CHESTNUT - Lamigraf","og_description":"Das Gegenteil eines ruhigen Designs aber dennoch nicht aufdringlich. Die Basis ist eine Kastanie wie sich die Natur sch\u00f6ner nicht h\u00e4tte komponieren k\u00f6nnen. Markante Bereiche erh\u00f6hen die Wiedererkennung dieses sch\u00f6nen Bildes. Ganze Blumen , strukturiert und geb\u00fcrstet im wechsel mit markanten Streifer Partien und kern Bereiche. Das Auge f\u00fchlt sich direkt umschmeichelt und angefasst. Nichts [&hellip;]","og_url":"https:\/\/www.lamigraf.com\/de\/designs\/bengala-chestnut-2\/","og_site_name":"Lamigraf","og_image":[{"width":1516,"height":2560,"url":"https:\/\/www.lamigraf.com\/wp-content\/uploads\/2024\/06\/02784-O-scaled.jpg","type":"image\/jpeg"}],"twitter_card":"summary_large_image","schema":{"@context":"https:\/\/schema.org","@graph":[{"@type":"WebPage","@id":"https:\/\/www.lamigraf.com\/de\/designs\/bengala-chestnut-2\/","url":"https:\/\/www.lamigraf.com\/de\/designs\/bengala-chestnut-2\/","name":"BENGALA CHESTNUT - Lamigraf","isPartOf":{"@id":"https:\/\/www.lamigraf.com\/#website"},"primaryImageOfPage":{"@id":"https:\/\/www.lamigraf.com\/de\/designs\/bengala-chestnut-2\/#primaryimage"},"image":{"@id":"https:\/\/www.lamigraf.com\/de\/designs\/bengala-chestnut-2\/#primaryimage"},"thumbnailUrl":"https:\/\/www.lamigraf.com\/wp-content\/uploads\/2024\/06\/02784-O-scaled.jpg","datePublished":"2024-06-07T07:50:43+00:00","breadcrumb":{"@id":"https:\/\/www.lamigraf.com\/de\/designs\/bengala-chestnut-2\/#breadcrumb"},"inLanguage":"de","potentialAction":[{"@type":"ReadAction","target":["https:\/\/www.lamigraf.com\/de\/designs\/bengala-chestnut-2\/"]}]},{"@type":"ImageObject","inLanguage":"de","@id":"https:\/\/www.lamigraf.com\/de\/designs\/bengala-chestnut-2\/#primaryimage","url":"https:\/\/www.lamigraf.com\/wp-content\/uploads\/2024\/06\/02784-O-scaled.jpg","contentUrl":"https:\/\/www.lamigraf.com\/wp-content\/uploads\/2024\/06\/02784-O-scaled.jpg","width":1516,"height":2560},{"@type":"BreadcrumbList","@id":"https:\/\/www.lamigraf.com\/de\/designs\/bengala-chestnut-2\/#breadcrumb","itemListElement":[{"@type":"ListItem","position":1,"name":"Home","item":"https:\/\/www.lamigraf.com\/de\/"},{"@type":"ListItem","position":2,"name":"Designs","item":"https:\/\/www.lamigraf.com\/designs\/"},{"@type":"ListItem","position":3,"name":"BENGALA CHESTNUT"}]},{"@type":"WebSite","@id":"https:\/\/www.lamigraf.com\/#website","url":"https:\/\/www.lamigraf.com\/","name":"Lamigraf","description":"","publisher":{"@id":"https:\/\/www.lamigraf.com\/#organization"},"potentialAction":[{"@type":"SearchAction","target":{"@type":"EntryPoint","urlTemplate":"https:\/\/www.lamigraf.com\/?s={search_term_string}"},"query-input":{"@type":"PropertyValueSpecification","valueRequired":true,"valueName":"search_term_string"}}],"inLanguage":"de"},{"@type":"Organization","@id":"https:\/\/www.lamigraf.com\/#organization","name":"Lamigraf","url":"https:\/\/www.lamigraf.com\/","logo":{"@type":"ImageObject","inLanguage":"de","@id":"https:\/\/www.lamigraf.com\/#\/schema\/logo\/image\/","url":"https:\/\/www.lamigraf.com\/wp-content\/uploads\/2024\/05\/Logo-white.svg","contentUrl":"https:\/\/www.lamigraf.com\/wp-content\/uploads\/2024\/05\/Logo-white.svg","width":147,"height":36,"caption":"Lamigraf"},"image":{"@id":"https:\/\/www.lamigraf.com\/#\/schema\/logo\/image\/"}}]}},"_links":{"self":[{"href":"https:\/\/www.lamigraf.com\/de\/wp-json\/wp\/v2\/product\/12259","targetHints":{"allow":["GET"]}}],"collection":[{"href":"https:\/\/www.lamigraf.com\/de\/wp-json\/wp\/v2\/product"}],"about":[{"href":"https:\/\/www.lamigraf.com\/de\/wp-json\/wp\/v2\/types\/product"}],"version-history":[{"count":0,"href":"https:\/\/www.lamigraf.com\/de\/wp-json\/wp\/v2\/product\/12259\/revisions"}],"acf:attachment":[{"embeddable":true,"href":"https:\/\/www.lamigraf.com\/de\/wp-json\/wp\/v2\/media\/15578"},{"embeddable":true,"href":"https:\/\/www.lamigraf.com\/de\/wp-json\/wp\/v2\/media\/15571"},{"embeddable":true,"href":"https:\/\/www.lamigraf.com\/de\/wp-json\/wp\/v2\/media\/15564"},{"embeddable":true,"href":"https:\/\/www.lamigraf.com\/de\/wp-json\/wp\/v2\/media\/15557"},{"embeddable":true,"href":"https:\/\/www.lamigraf.com\/de\/wp-json\/wp\/v2\/media\/15550"}],"wp:featuredmedia":[{"embeddable":true,"href":"https:\/\/www.lamigraf.com\/de\/wp-json\/wp\/v2\/media\/15540"}],"wp:attachment":[{"href":"https:\/\/www.lamigraf.com\/de\/wp-json\/wp\/v2\/media?parent=12259"}],"wp:term":[{"taxonomy":"product_applications","embeddable":true,"href":"https:\/\/www.lamigraf.com\/de\/wp-json\/wp\/v2\/applications?post=12259"},{"taxonomy":"product_type","embeddable":true,"href":"https:\/\/www.lamigraf.com\/de\/wp-json\/wp\/v2\/design-types?post=12259"},{"taxonomy":"product_characteristics","embeddable":true,"href":"https:\/\/www.lamigraf.com\/de\/wp-json\/wp\/v2\/characteristics?post=12259"},{"taxonomy":"product_apparence","embeddable":true,"href":"https:\/\/www.lamigraf.com\/de\/wp-json\/wp\/v2\/appearance?post=12259"}],"curies":[{"name":"wp","href":"https:\/\/api.w.org\/{rel}","templated":true}]}}