{"id":12262,"date":"2024-06-07T09:50:43","date_gmt":"2024-06-07T07:50:43","guid":{"rendered":"http:\/\/lamigraf.com\/designs\/monet-2\/"},"modified":"2024-06-07T09:50:43","modified_gmt":"2024-06-07T07:50:43","slug":"monet-2","status":"publish","type":"product","link":"https:\/\/www.lamigraf.com\/de\/designs\/monet-2\/","title":{"rendered":"MONET"},"content":{"rendered":"Kann eine Buche nach langer Abstinenz wieder zur\u00fcck auf die B\u00fchne der K\u00fcchen und Wohnm\u00f6bel. Eindeutig :ja!\nEine Buche die auf dem ersten Blick mit dem Look eine klassischen Buchen mit angestaubten Ausdruck der 90 und 2000 Jahre bricht.\nDas Design lebt davon auf dem ersten Blick nicht die Klischees der Buche zu erf\u00fcllen .. eine Mischung aus eleganter Rustikalit\u00e4t, markanten Partien die sich einbetten in das Gesamtkonzept dieses Dekors&#8230;in blassen leicht geblichenen Farben sowie dunkleren Farbwelten besitzt das Dekor eine ganz besondere Eigenst\u00e4ndigkeit die es erlaubt wieder an Buche zu denken ","protected":false},"excerpt":{"rendered":"<p>Kann eine Buche nach langer Abstinenz wieder zur\u00fcck auf die B\u00fchne der K\u00fcchen und Wohnm\u00f6bel. Eindeutig :ja! Eine Buche die auf dem ersten Blick mit dem Look eine klassischen Buchen mit angestaubten Ausdruck der 90 und 2000 Jahre bricht. Das Design lebt davon auf dem ersten Blick nicht die Klischees der Buche zu erf\u00fcllen .. [&hellip;]<\/p>\n","protected":false},"featured_media":15491,"template":"","meta":{"_acf_changed":false,"_gspb_post_css":"","footnotes":""},"applications":[8,691],"design-types":[611,714,811],"characteristics":[195,692,755,862,858],"appearance":[],"class_list":["post-12262","product","type-product","status-publish","has-post-thumbnail","hentry","product_applications-furniture","product_applications-furniture-de","product_type-beech","product_type-beech-de","product_type-wood-de","product_characteristics-cathedrals","product_characteristics-cathedrals-de","product_characteristics-knots-de","product_characteristics-planked-de","product_characteristics-cracks-de"],"acf":{"code":"02780","peripheral_development":"1300","axial_development":"665","cylinders":"4","data_sheet":78851,"collections":[{"code":"0403","thumbnail":85129,"render":85113},{"code":"0404","thumbnail":85135,"render":""},{"code":"0405","thumbnail":85141,"render":""},{"code":"","thumbnail":85147,"render":85119}],"usages":[15501,85107],"inspiration":{"top":{"title":"","thumbnail":84530,"reference":""},"bottom_title":""},"hover_image":15501,"eir":"","collaborator":{"name":"","link":""},"synchro_wood":false,"novedad":false},"yoast_head":"<!-- This site is optimized with the Yoast SEO plugin v25.2 - https:\/\/yoast.com\/wordpress\/plugins\/seo\/ -->\n<title>MONET - Lamigraf<\/title>\n<meta name=\"robots\" content=\"index, follow, max-snippet:-1, max-image-preview:large, max-video-preview:-1\" \/>\n<link rel=\"canonical\" href=\"https:\/\/www.lamigraf.com\/de\/designs\/monet-2\/\" \/>\n<meta property=\"og:locale\" content=\"de_DE\" \/>\n<meta property=\"og:type\" content=\"article\" \/>\n<meta property=\"og:title\" content=\"MONET - Lamigraf\" \/>\n<meta property=\"og:description\" content=\"Kann eine Buche nach langer Abstinenz wieder zur\u00fcck auf die B\u00fchne der K\u00fcchen und Wohnm\u00f6bel. Eindeutig :ja! Eine Buche die auf dem ersten Blick mit dem Look eine klassischen Buchen mit angestaubten Ausdruck der 90 und 2000 Jahre bricht. Das Design lebt davon auf dem ersten Blick nicht die Klischees der Buche zu erf\u00fcllen .. [&hellip;]\" \/>\n<meta property=\"og:url\" content=\"https:\/\/www.lamigraf.com\/de\/designs\/monet-2\/\" \/>\n<meta property=\"og:site_name\" content=\"Lamigraf\" \/>\n<meta property=\"og:image\" content=\"https:\/\/www.lamigraf.com\/wp-content\/uploads\/2024\/06\/02780-O-scaled.jpg\" \/>\n\t<meta property=\"og:image:width\" content=\"1310\" \/>\n\t<meta property=\"og:image:height\" content=\"2560\" \/>\n\t<meta property=\"og:image:type\" content=\"image\/jpeg\" \/>\n<meta name=\"twitter:card\" content=\"summary_large_image\" \/>\n<script type=\"application\/ld+json\" class=\"yoast-schema-graph\">{\"@context\":\"https:\/\/schema.org\",\"@graph\":[{\"@type\":\"WebPage\",\"@id\":\"https:\/\/www.lamigraf.com\/de\/designs\/monet-2\/\",\"url\":\"https:\/\/www.lamigraf.com\/de\/designs\/monet-2\/\",\"name\":\"MONET - Lamigraf\",\"isPartOf\":{\"@id\":\"https:\/\/www.lamigraf.com\/#website\"},\"primaryImageOfPage\":{\"@id\":\"https:\/\/www.lamigraf.com\/de\/designs\/monet-2\/#primaryimage\"},\"image\":{\"@id\":\"https:\/\/www.lamigraf.com\/de\/designs\/monet-2\/#primaryimage\"},\"thumbnailUrl\":\"https:\/\/www.lamigraf.com\/wp-content\/uploads\/2024\/06\/02780-O-scaled.jpg\",\"datePublished\":\"2024-06-07T07:50:43+00:00\",\"breadcrumb\":{\"@id\":\"https:\/\/www.lamigraf.com\/de\/designs\/monet-2\/#breadcrumb\"},\"inLanguage\":\"de\",\"potentialAction\":[{\"@type\":\"ReadAction\",\"target\":[\"https:\/\/www.lamigraf.com\/de\/designs\/monet-2\/\"]}]},{\"@type\":\"ImageObject\",\"inLanguage\":\"de\",\"@id\":\"https:\/\/www.lamigraf.com\/de\/designs\/monet-2\/#primaryimage\",\"url\":\"https:\/\/www.lamigraf.com\/wp-content\/uploads\/2024\/06\/02780-O-scaled.jpg\",\"contentUrl\":\"https:\/\/www.lamigraf.com\/wp-content\/uploads\/2024\/06\/02780-O-scaled.jpg\",\"width\":1310,\"height\":2560},{\"@type\":\"BreadcrumbList\",\"@id\":\"https:\/\/www.lamigraf.com\/de\/designs\/monet-2\/#breadcrumb\",\"itemListElement\":[{\"@type\":\"ListItem\",\"position\":1,\"name\":\"Home\",\"item\":\"https:\/\/www.lamigraf.com\/de\/\"},{\"@type\":\"ListItem\",\"position\":2,\"name\":\"Designs\",\"item\":\"https:\/\/www.lamigraf.com\/designs\/\"},{\"@type\":\"ListItem\",\"position\":3,\"name\":\"MONET\"}]},{\"@type\":\"WebSite\",\"@id\":\"https:\/\/www.lamigraf.com\/#website\",\"url\":\"https:\/\/www.lamigraf.com\/\",\"name\":\"Lamigraf\",\"description\":\"\",\"publisher\":{\"@id\":\"https:\/\/www.lamigraf.com\/#organization\"},\"potentialAction\":[{\"@type\":\"SearchAction\",\"target\":{\"@type\":\"EntryPoint\",\"urlTemplate\":\"https:\/\/www.lamigraf.com\/?s={search_term_string}\"},\"query-input\":{\"@type\":\"PropertyValueSpecification\",\"valueRequired\":true,\"valueName\":\"search_term_string\"}}],\"inLanguage\":\"de\"},{\"@type\":\"Organization\",\"@id\":\"https:\/\/www.lamigraf.com\/#organization\",\"name\":\"Lamigraf\",\"url\":\"https:\/\/www.lamigraf.com\/\",\"logo\":{\"@type\":\"ImageObject\",\"inLanguage\":\"de\",\"@id\":\"https:\/\/www.lamigraf.com\/#\/schema\/logo\/image\/\",\"url\":\"https:\/\/www.lamigraf.com\/wp-content\/uploads\/2024\/05\/Logo-white.svg\",\"contentUrl\":\"https:\/\/www.lamigraf.com\/wp-content\/uploads\/2024\/05\/Logo-white.svg\",\"width\":147,\"height\":36,\"caption\":\"Lamigraf\"},\"image\":{\"@id\":\"https:\/\/www.lamigraf.com\/#\/schema\/logo\/image\/\"}}]}<\/script>\n<!-- \/ Yoast SEO plugin. -->","yoast_head_json":{"title":"MONET - Lamigraf","robots":{"index":"index","follow":"follow","max-snippet":"max-snippet:-1","max-image-preview":"max-image-preview:large","max-video-preview":"max-video-preview:-1"},"canonical":"https:\/\/www.lamigraf.com\/de\/designs\/monet-2\/","og_locale":"de_DE","og_type":"article","og_title":"MONET - Lamigraf","og_description":"Kann eine Buche nach langer Abstinenz wieder zur\u00fcck auf die B\u00fchne der K\u00fcchen und Wohnm\u00f6bel. Eindeutig :ja! Eine Buche die auf dem ersten Blick mit dem Look eine klassischen Buchen mit angestaubten Ausdruck der 90 und 2000 Jahre bricht. Das Design lebt davon auf dem ersten Blick nicht die Klischees der Buche zu erf\u00fcllen .. [&hellip;]","og_url":"https:\/\/www.lamigraf.com\/de\/designs\/monet-2\/","og_site_name":"Lamigraf","og_image":[{"width":1310,"height":2560,"url":"https:\/\/www.lamigraf.com\/wp-content\/uploads\/2024\/06\/02780-O-scaled.jpg","type":"image\/jpeg"}],"twitter_card":"summary_large_image","schema":{"@context":"https:\/\/schema.org","@graph":[{"@type":"WebPage","@id":"https:\/\/www.lamigraf.com\/de\/designs\/monet-2\/","url":"https:\/\/www.lamigraf.com\/de\/designs\/monet-2\/","name":"MONET - Lamigraf","isPartOf":{"@id":"https:\/\/www.lamigraf.com\/#website"},"primaryImageOfPage":{"@id":"https:\/\/www.lamigraf.com\/de\/designs\/monet-2\/#primaryimage"},"image":{"@id":"https:\/\/www.lamigraf.com\/de\/designs\/monet-2\/#primaryimage"},"thumbnailUrl":"https:\/\/www.lamigraf.com\/wp-content\/uploads\/2024\/06\/02780-O-scaled.jpg","datePublished":"2024-06-07T07:50:43+00:00","breadcrumb":{"@id":"https:\/\/www.lamigraf.com\/de\/designs\/monet-2\/#breadcrumb"},"inLanguage":"de","potentialAction":[{"@type":"ReadAction","target":["https:\/\/www.lamigraf.com\/de\/designs\/monet-2\/"]}]},{"@type":"ImageObject","inLanguage":"de","@id":"https:\/\/www.lamigraf.com\/de\/designs\/monet-2\/#primaryimage","url":"https:\/\/www.lamigraf.com\/wp-content\/uploads\/2024\/06\/02780-O-scaled.jpg","contentUrl":"https:\/\/www.lamigraf.com\/wp-content\/uploads\/2024\/06\/02780-O-scaled.jpg","width":1310,"height":2560},{"@type":"BreadcrumbList","@id":"https:\/\/www.lamigraf.com\/de\/designs\/monet-2\/#breadcrumb","itemListElement":[{"@type":"ListItem","position":1,"name":"Home","item":"https:\/\/www.lamigraf.com\/de\/"},{"@type":"ListItem","position":2,"name":"Designs","item":"https:\/\/www.lamigraf.com\/designs\/"},{"@type":"ListItem","position":3,"name":"MONET"}]},{"@type":"WebSite","@id":"https:\/\/www.lamigraf.com\/#website","url":"https:\/\/www.lamigraf.com\/","name":"Lamigraf","description":"","publisher":{"@id":"https:\/\/www.lamigraf.com\/#organization"},"potentialAction":[{"@type":"SearchAction","target":{"@type":"EntryPoint","urlTemplate":"https:\/\/www.lamigraf.com\/?s={search_term_string}"},"query-input":{"@type":"PropertyValueSpecification","valueRequired":true,"valueName":"search_term_string"}}],"inLanguage":"de"},{"@type":"Organization","@id":"https:\/\/www.lamigraf.com\/#organization","name":"Lamigraf","url":"https:\/\/www.lamigraf.com\/","logo":{"@type":"ImageObject","inLanguage":"de","@id":"https:\/\/www.lamigraf.com\/#\/schema\/logo\/image\/","url":"https:\/\/www.lamigraf.com\/wp-content\/uploads\/2024\/05\/Logo-white.svg","contentUrl":"https:\/\/www.lamigraf.com\/wp-content\/uploads\/2024\/05\/Logo-white.svg","width":147,"height":36,"caption":"Lamigraf"},"image":{"@id":"https:\/\/www.lamigraf.com\/#\/schema\/logo\/image\/"}}]}},"_links":{"self":[{"href":"https:\/\/www.lamigraf.com\/de\/wp-json\/wp\/v2\/product\/12262","targetHints":{"allow":["GET"]}}],"collection":[{"href":"https:\/\/www.lamigraf.com\/de\/wp-json\/wp\/v2\/product"}],"about":[{"href":"https:\/\/www.lamigraf.com\/de\/wp-json\/wp\/v2\/types\/product"}],"version-history":[{"count":0,"href":"https:\/\/www.lamigraf.com\/de\/wp-json\/wp\/v2\/product\/12262\/revisions"}],"acf:attachment":[{"embeddable":true,"href":"https:\/\/www.lamigraf.com\/de\/wp-json\/wp\/v2\/media\/85107"},{"embeddable":true,"href":"https:\/\/www.lamigraf.com\/de\/wp-json\/wp\/v2\/media\/15501"}],"wp:featuredmedia":[{"embeddable":true,"href":"https:\/\/www.lamigraf.com\/de\/wp-json\/wp\/v2\/media\/15491"}],"wp:attachment":[{"href":"https:\/\/www.lamigraf.com\/de\/wp-json\/wp\/v2\/media?parent=12262"}],"wp:term":[{"taxonomy":"product_applications","embeddable":true,"href":"https:\/\/www.lamigraf.com\/de\/wp-json\/wp\/v2\/applications?post=12262"},{"taxonomy":"product_type","embeddable":true,"href":"https:\/\/www.lamigraf.com\/de\/wp-json\/wp\/v2\/design-types?post=12262"},{"taxonomy":"product_characteristics","embeddable":true,"href":"https:\/\/www.lamigraf.com\/de\/wp-json\/wp\/v2\/characteristics?post=12262"},{"taxonomy":"product_apparence","embeddable":true,"href":"https:\/\/www.lamigraf.com\/de\/wp-json\/wp\/v2\/appearance?post=12262"}],"curies":[{"name":"wp","href":"https:\/\/api.w.org\/{rel}","templated":true}]}}