{"id":12274,"date":"2024-06-07T09:50:44","date_gmt":"2024-06-07T07:50:44","guid":{"rendered":"http:\/\/lamigraf.com\/designs\/borneo-ebony-2\/"},"modified":"2024-06-07T09:50:44","modified_gmt":"2024-06-07T07:50:44","slug":"borneo-ebony-2","status":"publish","type":"product","link":"https:\/\/www.lamigraf.com\/de\/designs\/borneo-ebony-2\/","title":{"rendered":"BORNEO EBONY"},"content":{"rendered":"Kr\u00e4ftig und dunkel im Ausdruck, mit polierter Textur und parallelen Lichtreihen gestaltet, offeriert Borneo exotische und einzigartige Attribute. Die Faszination wird in exponierteren Anwendungen, wie einem K\u00fcchenambiente oder dem Interieur einer Lobby noch verst\u00e4rkt.","protected":false},"excerpt":{"rendered":"<p>Kr\u00e4ftig und dunkel im Ausdruck, mit polierter Textur und parallelen Lichtreihen gestaltet, offeriert Borneo exotische und einzigartige Attribute. Die Faszination wird in exponierteren Anwendungen, wie einem K\u00fcchenambiente oder dem Interieur einer Lobby noch verst\u00e4rkt.<\/p>\n","protected":false},"featured_media":15309,"template":"","meta":{"_acf_changed":false,"_gspb_post_css":"","footnotes":""},"applications":[8,691],"design-types":[],"characteristics":[202],"appearance":[357],"class_list":["post-12274","product","type-product","status-publish","has-post-thumbnail","hentry","product_applications-furniture","product_applications-furniture-de","product_characteristics-striped","product_apparence-thermally-treated"],"acf":{"code":"02499","peripheral_development":"1250","axial_development":"2200","cylinders":"3","data_sheet":"","collections":[{"code":"0302","thumbnail":15319,"render":""},{"code":"0305","thumbnail":15284,"render":""},{"code":"0306","thumbnail":15291,"render":""},{"code":"","thumbnail":15298,"render":""}],"usages":[80035,80041,80047],"inspiration":{"top":{"title":"","thumbnail":"","reference":""},"bottom_title":""},"hover_image":80035,"eir":"","collaborator":{"name":"","link":""},"synchro_wood":false,"novedad":false},"yoast_head":"<!-- This site is optimized with the Yoast SEO plugin v25.2 - https:\/\/yoast.com\/wordpress\/plugins\/seo\/ -->\n<title>BORNEO EBONY - Lamigraf<\/title>\n<meta name=\"robots\" content=\"index, follow, max-snippet:-1, max-image-preview:large, max-video-preview:-1\" \/>\n<link rel=\"canonical\" href=\"https:\/\/www.lamigraf.com\/de\/designs\/borneo-ebony-2\/\" \/>\n<meta property=\"og:locale\" content=\"de_DE\" \/>\n<meta property=\"og:type\" content=\"article\" \/>\n<meta property=\"og:title\" content=\"BORNEO EBONY - Lamigraf\" \/>\n<meta property=\"og:description\" content=\"Kr\u00e4ftig und dunkel im Ausdruck, mit polierter Textur und parallelen Lichtreihen gestaltet, offeriert Borneo exotische und einzigartige Attribute. Die Faszination wird in exponierteren Anwendungen, wie einem K\u00fcchenambiente oder dem Interieur einer Lobby noch verst\u00e4rkt.\" \/>\n<meta property=\"og:url\" content=\"https:\/\/www.lamigraf.com\/de\/designs\/borneo-ebony-2\/\" \/>\n<meta property=\"og:site_name\" content=\"Lamigraf\" \/>\n<meta property=\"og:image\" content=\"https:\/\/www.lamigraf.com\/wp-content\/uploads\/2024\/06\/02499-O.jpg\" \/>\n\t<meta property=\"og:image:width\" content=\"1920\" \/>\n\t<meta property=\"og:image:height\" content=\"1090\" \/>\n\t<meta property=\"og:image:type\" content=\"image\/jpeg\" \/>\n<meta name=\"twitter:card\" content=\"summary_large_image\" \/>\n<script type=\"application\/ld+json\" class=\"yoast-schema-graph\">{\"@context\":\"https:\/\/schema.org\",\"@graph\":[{\"@type\":\"WebPage\",\"@id\":\"https:\/\/www.lamigraf.com\/de\/designs\/borneo-ebony-2\/\",\"url\":\"https:\/\/www.lamigraf.com\/de\/designs\/borneo-ebony-2\/\",\"name\":\"BORNEO EBONY - Lamigraf\",\"isPartOf\":{\"@id\":\"https:\/\/www.lamigraf.com\/#website\"},\"primaryImageOfPage\":{\"@id\":\"https:\/\/www.lamigraf.com\/de\/designs\/borneo-ebony-2\/#primaryimage\"},\"image\":{\"@id\":\"https:\/\/www.lamigraf.com\/de\/designs\/borneo-ebony-2\/#primaryimage\"},\"thumbnailUrl\":\"https:\/\/www.lamigraf.com\/wp-content\/uploads\/2024\/06\/02499-O.jpg\",\"datePublished\":\"2024-06-07T07:50:44+00:00\",\"breadcrumb\":{\"@id\":\"https:\/\/www.lamigraf.com\/de\/designs\/borneo-ebony-2\/#breadcrumb\"},\"inLanguage\":\"de\",\"potentialAction\":[{\"@type\":\"ReadAction\",\"target\":[\"https:\/\/www.lamigraf.com\/de\/designs\/borneo-ebony-2\/\"]}]},{\"@type\":\"ImageObject\",\"inLanguage\":\"de\",\"@id\":\"https:\/\/www.lamigraf.com\/de\/designs\/borneo-ebony-2\/#primaryimage\",\"url\":\"https:\/\/www.lamigraf.com\/wp-content\/uploads\/2024\/06\/02499-O.jpg\",\"contentUrl\":\"https:\/\/www.lamigraf.com\/wp-content\/uploads\/2024\/06\/02499-O.jpg\",\"width\":1920,\"height\":1090},{\"@type\":\"BreadcrumbList\",\"@id\":\"https:\/\/www.lamigraf.com\/de\/designs\/borneo-ebony-2\/#breadcrumb\",\"itemListElement\":[{\"@type\":\"ListItem\",\"position\":1,\"name\":\"Home\",\"item\":\"https:\/\/www.lamigraf.com\/de\/\"},{\"@type\":\"ListItem\",\"position\":2,\"name\":\"Designs\",\"item\":\"https:\/\/www.lamigraf.com\/designs\/\"},{\"@type\":\"ListItem\",\"position\":3,\"name\":\"BORNEO EBONY\"}]},{\"@type\":\"WebSite\",\"@id\":\"https:\/\/www.lamigraf.com\/#website\",\"url\":\"https:\/\/www.lamigraf.com\/\",\"name\":\"Lamigraf\",\"description\":\"\",\"publisher\":{\"@id\":\"https:\/\/www.lamigraf.com\/#organization\"},\"potentialAction\":[{\"@type\":\"SearchAction\",\"target\":{\"@type\":\"EntryPoint\",\"urlTemplate\":\"https:\/\/www.lamigraf.com\/?s={search_term_string}\"},\"query-input\":{\"@type\":\"PropertyValueSpecification\",\"valueRequired\":true,\"valueName\":\"search_term_string\"}}],\"inLanguage\":\"de\"},{\"@type\":\"Organization\",\"@id\":\"https:\/\/www.lamigraf.com\/#organization\",\"name\":\"Lamigraf\",\"url\":\"https:\/\/www.lamigraf.com\/\",\"logo\":{\"@type\":\"ImageObject\",\"inLanguage\":\"de\",\"@id\":\"https:\/\/www.lamigraf.com\/#\/schema\/logo\/image\/\",\"url\":\"https:\/\/www.lamigraf.com\/wp-content\/uploads\/2024\/05\/Logo-white.svg\",\"contentUrl\":\"https:\/\/www.lamigraf.com\/wp-content\/uploads\/2024\/05\/Logo-white.svg\",\"width\":147,\"height\":36,\"caption\":\"Lamigraf\"},\"image\":{\"@id\":\"https:\/\/www.lamigraf.com\/#\/schema\/logo\/image\/\"}}]}<\/script>\n<!-- \/ Yoast SEO plugin. -->","yoast_head_json":{"title":"BORNEO EBONY - Lamigraf","robots":{"index":"index","follow":"follow","max-snippet":"max-snippet:-1","max-image-preview":"max-image-preview:large","max-video-preview":"max-video-preview:-1"},"canonical":"https:\/\/www.lamigraf.com\/de\/designs\/borneo-ebony-2\/","og_locale":"de_DE","og_type":"article","og_title":"BORNEO EBONY - Lamigraf","og_description":"Kr\u00e4ftig und dunkel im Ausdruck, mit polierter Textur und parallelen Lichtreihen gestaltet, offeriert Borneo exotische und einzigartige Attribute. Die Faszination wird in exponierteren Anwendungen, wie einem K\u00fcchenambiente oder dem Interieur einer Lobby noch verst\u00e4rkt.","og_url":"https:\/\/www.lamigraf.com\/de\/designs\/borneo-ebony-2\/","og_site_name":"Lamigraf","og_image":[{"width":1920,"height":1090,"url":"https:\/\/www.lamigraf.com\/wp-content\/uploads\/2024\/06\/02499-O.jpg","type":"image\/jpeg"}],"twitter_card":"summary_large_image","schema":{"@context":"https:\/\/schema.org","@graph":[{"@type":"WebPage","@id":"https:\/\/www.lamigraf.com\/de\/designs\/borneo-ebony-2\/","url":"https:\/\/www.lamigraf.com\/de\/designs\/borneo-ebony-2\/","name":"BORNEO EBONY - Lamigraf","isPartOf":{"@id":"https:\/\/www.lamigraf.com\/#website"},"primaryImageOfPage":{"@id":"https:\/\/www.lamigraf.com\/de\/designs\/borneo-ebony-2\/#primaryimage"},"image":{"@id":"https:\/\/www.lamigraf.com\/de\/designs\/borneo-ebony-2\/#primaryimage"},"thumbnailUrl":"https:\/\/www.lamigraf.com\/wp-content\/uploads\/2024\/06\/02499-O.jpg","datePublished":"2024-06-07T07:50:44+00:00","breadcrumb":{"@id":"https:\/\/www.lamigraf.com\/de\/designs\/borneo-ebony-2\/#breadcrumb"},"inLanguage":"de","potentialAction":[{"@type":"ReadAction","target":["https:\/\/www.lamigraf.com\/de\/designs\/borneo-ebony-2\/"]}]},{"@type":"ImageObject","inLanguage":"de","@id":"https:\/\/www.lamigraf.com\/de\/designs\/borneo-ebony-2\/#primaryimage","url":"https:\/\/www.lamigraf.com\/wp-content\/uploads\/2024\/06\/02499-O.jpg","contentUrl":"https:\/\/www.lamigraf.com\/wp-content\/uploads\/2024\/06\/02499-O.jpg","width":1920,"height":1090},{"@type":"BreadcrumbList","@id":"https:\/\/www.lamigraf.com\/de\/designs\/borneo-ebony-2\/#breadcrumb","itemListElement":[{"@type":"ListItem","position":1,"name":"Home","item":"https:\/\/www.lamigraf.com\/de\/"},{"@type":"ListItem","position":2,"name":"Designs","item":"https:\/\/www.lamigraf.com\/designs\/"},{"@type":"ListItem","position":3,"name":"BORNEO EBONY"}]},{"@type":"WebSite","@id":"https:\/\/www.lamigraf.com\/#website","url":"https:\/\/www.lamigraf.com\/","name":"Lamigraf","description":"","publisher":{"@id":"https:\/\/www.lamigraf.com\/#organization"},"potentialAction":[{"@type":"SearchAction","target":{"@type":"EntryPoint","urlTemplate":"https:\/\/www.lamigraf.com\/?s={search_term_string}"},"query-input":{"@type":"PropertyValueSpecification","valueRequired":true,"valueName":"search_term_string"}}],"inLanguage":"de"},{"@type":"Organization","@id":"https:\/\/www.lamigraf.com\/#organization","name":"Lamigraf","url":"https:\/\/www.lamigraf.com\/","logo":{"@type":"ImageObject","inLanguage":"de","@id":"https:\/\/www.lamigraf.com\/#\/schema\/logo\/image\/","url":"https:\/\/www.lamigraf.com\/wp-content\/uploads\/2024\/05\/Logo-white.svg","contentUrl":"https:\/\/www.lamigraf.com\/wp-content\/uploads\/2024\/05\/Logo-white.svg","width":147,"height":36,"caption":"Lamigraf"},"image":{"@id":"https:\/\/www.lamigraf.com\/#\/schema\/logo\/image\/"}}]}},"_links":{"self":[{"href":"https:\/\/www.lamigraf.com\/de\/wp-json\/wp\/v2\/product\/12274","targetHints":{"allow":["GET"]}}],"collection":[{"href":"https:\/\/www.lamigraf.com\/de\/wp-json\/wp\/v2\/product"}],"about":[{"href":"https:\/\/www.lamigraf.com\/de\/wp-json\/wp\/v2\/types\/product"}],"version-history":[{"count":0,"href":"https:\/\/www.lamigraf.com\/de\/wp-json\/wp\/v2\/product\/12274\/revisions"}],"acf:attachment":[{"embeddable":true,"href":"https:\/\/www.lamigraf.com\/de\/wp-json\/wp\/v2\/media\/80047"},{"embeddable":true,"href":"https:\/\/www.lamigraf.com\/de\/wp-json\/wp\/v2\/media\/80041"},{"embeddable":true,"href":"https:\/\/www.lamigraf.com\/de\/wp-json\/wp\/v2\/media\/80035"}],"wp:featuredmedia":[{"embeddable":true,"href":"https:\/\/www.lamigraf.com\/de\/wp-json\/wp\/v2\/media\/15309"}],"wp:attachment":[{"href":"https:\/\/www.lamigraf.com\/de\/wp-json\/wp\/v2\/media?parent=12274"}],"wp:term":[{"taxonomy":"product_applications","embeddable":true,"href":"https:\/\/www.lamigraf.com\/de\/wp-json\/wp\/v2\/applications?post=12274"},{"taxonomy":"product_type","embeddable":true,"href":"https:\/\/www.lamigraf.com\/de\/wp-json\/wp\/v2\/design-types?post=12274"},{"taxonomy":"product_characteristics","embeddable":true,"href":"https:\/\/www.lamigraf.com\/de\/wp-json\/wp\/v2\/characteristics?post=12274"},{"taxonomy":"product_apparence","embeddable":true,"href":"https:\/\/www.lamigraf.com\/de\/wp-json\/wp\/v2\/appearance?post=12274"}],"curies":[{"name":"wp","href":"https:\/\/api.w.org\/{rel}","templated":true}]}}