{"id":12289,"date":"2024-06-07T09:50:45","date_gmt":"2024-06-07T07:50:45","guid":{"rendered":"http:\/\/lamigraf.com\/designs\/boulevard-2\/"},"modified":"2025-04-23T15:23:26","modified_gmt":"2025-04-23T13:23:26","slug":"boulevard-2","status":"publish","type":"product","link":"https:\/\/www.lamigraf.com\/de\/designs\/boulevard-2\/","title":{"rendered":"BOULEVARD"},"content":{"rendered":"\n<p>Die Wiedergeburt l\u00e4ngst vergessener europ\u00e4ischer Materialien und H\u00f6lzer. Ein Ahorn, der modern und zeitlos ist und sich nicht aufdr\u00e4ngt \u2013 ideal f\u00fcr sehr moderne Einrichtungskonzepte.<br>Eine farbintensive Komposition aus gestreiften sowie voll- und halbgeschnittenen Blumen und Kathedralen sind die Merkmale dieses Designs.<br>Dieser Ahorn l\u00e4sst sich perfekt von blonden bis zu walnussfarbenen T\u00f6nen einf\u00e4rben.<\/p>\n","protected":false},"excerpt":{"rendered":"<p>Die Wiedergeburt l\u00e4ngst vergessener europ\u00e4ischer Materialien und H\u00f6lzer. Ein Ahorn, der modern und zeitlos ist und sich nicht aufdr\u00e4ngt \u2013 ideal f\u00fcr sehr moderne Einrichtungskonzepte.Eine farbintensive Komposition aus gestreiften sowie voll- und halbgeschnittenen Blumen und Kathedralen sind die Merkmale dieses Designs.Dieser Ahorn l\u00e4sst sich perfekt von blonden bis zu walnussfarbenen T\u00f6nen einf\u00e4rben.<\/p>\n","protected":false},"featured_media":15036,"template":"","meta":{"_acf_changed":false,"_gspb_post_css":"","footnotes":""},"applications":[8,691],"design-types":[851,811],"characteristics":[761,203,862],"appearance":[373,873],"class_list":["post-12289","product","type-product","status-publish","has-post-thumbnail","hentry","product_applications-furniture","product_applications-furniture-de","product_type-maple-de","product_type-wood-de","product_characteristics-half-cathedrals-de","product_characteristics-half-cathedrals","product_characteristics-planked-de","product_apparence-french-bleed","product_apparence-oiled-varnished-de"],"acf":{"code":"2769","peripheral_development":"1300","axial_development":"2200","cylinders":"3","data_sheet":78880,"collections":[{"code":"2769-0301","thumbnail":85275,"render":78381},{"code":"2769-0302","thumbnail":85281,"render":78387},{"code":"2769-0303","thumbnail":85287,"render":78393},{"code":"2769-0304","thumbnail":85293,"render":78399}],"usages":[15046,15053,15060,85299],"inspiration":{"top":{"title":"Wandpaneel","thumbnail":48289,"reference":"02435-0103"},"bottom_title":"Regale"},"hover_image":15060,"eir":"","collaborator":{"name":"","link":""},"synchro_wood":false,"novedad":false},"yoast_head":"<!-- This site is optimized with the Yoast SEO plugin v25.2 - https:\/\/yoast.com\/wordpress\/plugins\/seo\/ -->\n<title>BOULEVARD - Lamigraf<\/title>\n<meta name=\"robots\" content=\"index, follow, max-snippet:-1, max-image-preview:large, max-video-preview:-1\" \/>\n<link rel=\"canonical\" href=\"https:\/\/www.lamigraf.com\/de\/designs\/boulevard-2\/\" \/>\n<meta property=\"og:locale\" content=\"de_DE\" \/>\n<meta property=\"og:type\" content=\"article\" \/>\n<meta property=\"og:title\" content=\"BOULEVARD - Lamigraf\" \/>\n<meta property=\"og:description\" content=\"Die Wiedergeburt l\u00e4ngst vergessener europ\u00e4ischer Materialien und H\u00f6lzer. Ein Ahorn, der modern und zeitlos ist und sich nicht aufdr\u00e4ngt \u2013 ideal f\u00fcr sehr moderne Einrichtungskonzepte.Eine farbintensive Komposition aus gestreiften sowie voll- und halbgeschnittenen Blumen und Kathedralen sind die Merkmale dieses Designs.Dieser Ahorn l\u00e4sst sich perfekt von blonden bis zu walnussfarbenen T\u00f6nen einf\u00e4rben.\" \/>\n<meta property=\"og:url\" content=\"https:\/\/www.lamigraf.com\/de\/designs\/boulevard-2\/\" \/>\n<meta property=\"og:site_name\" content=\"Lamigraf\" \/>\n<meta property=\"article:modified_time\" content=\"2025-04-23T13:23:26+00:00\" \/>\n<meta property=\"og:image\" content=\"https:\/\/www.lamigraf.com\/wp-content\/uploads\/2024\/06\/02769-O-scaled.jpg\" \/>\n\t<meta property=\"og:image:width\" content=\"1339\" \/>\n\t<meta property=\"og:image:height\" content=\"2560\" \/>\n\t<meta property=\"og:image:type\" content=\"image\/jpeg\" \/>\n<meta name=\"twitter:card\" content=\"summary_large_image\" \/>\n<meta name=\"twitter:label1\" content=\"Gesch\u00e4tzte Lesezeit\" \/>\n\t<meta name=\"twitter:data1\" content=\"1\u00a0Minute\" \/>\n<script type=\"application\/ld+json\" class=\"yoast-schema-graph\">{\"@context\":\"https:\/\/schema.org\",\"@graph\":[{\"@type\":\"WebPage\",\"@id\":\"https:\/\/www.lamigraf.com\/de\/designs\/boulevard-2\/\",\"url\":\"https:\/\/www.lamigraf.com\/de\/designs\/boulevard-2\/\",\"name\":\"BOULEVARD - Lamigraf\",\"isPartOf\":{\"@id\":\"https:\/\/www.lamigraf.com\/#website\"},\"primaryImageOfPage\":{\"@id\":\"https:\/\/www.lamigraf.com\/de\/designs\/boulevard-2\/#primaryimage\"},\"image\":{\"@id\":\"https:\/\/www.lamigraf.com\/de\/designs\/boulevard-2\/#primaryimage\"},\"thumbnailUrl\":\"https:\/\/www.lamigraf.com\/wp-content\/uploads\/2024\/06\/02769-O-scaled.jpg\",\"datePublished\":\"2024-06-07T07:50:45+00:00\",\"dateModified\":\"2025-04-23T13:23:26+00:00\",\"breadcrumb\":{\"@id\":\"https:\/\/www.lamigraf.com\/de\/designs\/boulevard-2\/#breadcrumb\"},\"inLanguage\":\"de\",\"potentialAction\":[{\"@type\":\"ReadAction\",\"target\":[\"https:\/\/www.lamigraf.com\/de\/designs\/boulevard-2\/\"]}]},{\"@type\":\"ImageObject\",\"inLanguage\":\"de\",\"@id\":\"https:\/\/www.lamigraf.com\/de\/designs\/boulevard-2\/#primaryimage\",\"url\":\"https:\/\/www.lamigraf.com\/wp-content\/uploads\/2024\/06\/02769-O-scaled.jpg\",\"contentUrl\":\"https:\/\/www.lamigraf.com\/wp-content\/uploads\/2024\/06\/02769-O-scaled.jpg\",\"width\":1339,\"height\":2560},{\"@type\":\"BreadcrumbList\",\"@id\":\"https:\/\/www.lamigraf.com\/de\/designs\/boulevard-2\/#breadcrumb\",\"itemListElement\":[{\"@type\":\"ListItem\",\"position\":1,\"name\":\"Home\",\"item\":\"https:\/\/www.lamigraf.com\/de\/\"},{\"@type\":\"ListItem\",\"position\":2,\"name\":\"Designs\",\"item\":\"https:\/\/www.lamigraf.com\/designs\/\"},{\"@type\":\"ListItem\",\"position\":3,\"name\":\"BOULEVARD\"}]},{\"@type\":\"WebSite\",\"@id\":\"https:\/\/www.lamigraf.com\/#website\",\"url\":\"https:\/\/www.lamigraf.com\/\",\"name\":\"Lamigraf\",\"description\":\"\",\"publisher\":{\"@id\":\"https:\/\/www.lamigraf.com\/#organization\"},\"potentialAction\":[{\"@type\":\"SearchAction\",\"target\":{\"@type\":\"EntryPoint\",\"urlTemplate\":\"https:\/\/www.lamigraf.com\/?s={search_term_string}\"},\"query-input\":{\"@type\":\"PropertyValueSpecification\",\"valueRequired\":true,\"valueName\":\"search_term_string\"}}],\"inLanguage\":\"de\"},{\"@type\":\"Organization\",\"@id\":\"https:\/\/www.lamigraf.com\/#organization\",\"name\":\"Lamigraf\",\"url\":\"https:\/\/www.lamigraf.com\/\",\"logo\":{\"@type\":\"ImageObject\",\"inLanguage\":\"de\",\"@id\":\"https:\/\/www.lamigraf.com\/#\/schema\/logo\/image\/\",\"url\":\"https:\/\/www.lamigraf.com\/wp-content\/uploads\/2024\/05\/Logo-white.svg\",\"contentUrl\":\"https:\/\/www.lamigraf.com\/wp-content\/uploads\/2024\/05\/Logo-white.svg\",\"width\":147,\"height\":36,\"caption\":\"Lamigraf\"},\"image\":{\"@id\":\"https:\/\/www.lamigraf.com\/#\/schema\/logo\/image\/\"}}]}<\/script>\n<!-- \/ Yoast SEO plugin. -->","yoast_head_json":{"title":"BOULEVARD - Lamigraf","robots":{"index":"index","follow":"follow","max-snippet":"max-snippet:-1","max-image-preview":"max-image-preview:large","max-video-preview":"max-video-preview:-1"},"canonical":"https:\/\/www.lamigraf.com\/de\/designs\/boulevard-2\/","og_locale":"de_DE","og_type":"article","og_title":"BOULEVARD - Lamigraf","og_description":"Die Wiedergeburt l\u00e4ngst vergessener europ\u00e4ischer Materialien und H\u00f6lzer. Ein Ahorn, der modern und zeitlos ist und sich nicht aufdr\u00e4ngt \u2013 ideal f\u00fcr sehr moderne Einrichtungskonzepte.Eine farbintensive Komposition aus gestreiften sowie voll- und halbgeschnittenen Blumen und Kathedralen sind die Merkmale dieses Designs.Dieser Ahorn l\u00e4sst sich perfekt von blonden bis zu walnussfarbenen T\u00f6nen einf\u00e4rben.","og_url":"https:\/\/www.lamigraf.com\/de\/designs\/boulevard-2\/","og_site_name":"Lamigraf","article_modified_time":"2025-04-23T13:23:26+00:00","og_image":[{"width":1339,"height":2560,"url":"https:\/\/www.lamigraf.com\/wp-content\/uploads\/2024\/06\/02769-O-scaled.jpg","type":"image\/jpeg"}],"twitter_card":"summary_large_image","twitter_misc":{"Gesch\u00e4tzte Lesezeit":"1\u00a0Minute"},"schema":{"@context":"https:\/\/schema.org","@graph":[{"@type":"WebPage","@id":"https:\/\/www.lamigraf.com\/de\/designs\/boulevard-2\/","url":"https:\/\/www.lamigraf.com\/de\/designs\/boulevard-2\/","name":"BOULEVARD - Lamigraf","isPartOf":{"@id":"https:\/\/www.lamigraf.com\/#website"},"primaryImageOfPage":{"@id":"https:\/\/www.lamigraf.com\/de\/designs\/boulevard-2\/#primaryimage"},"image":{"@id":"https:\/\/www.lamigraf.com\/de\/designs\/boulevard-2\/#primaryimage"},"thumbnailUrl":"https:\/\/www.lamigraf.com\/wp-content\/uploads\/2024\/06\/02769-O-scaled.jpg","datePublished":"2024-06-07T07:50:45+00:00","dateModified":"2025-04-23T13:23:26+00:00","breadcrumb":{"@id":"https:\/\/www.lamigraf.com\/de\/designs\/boulevard-2\/#breadcrumb"},"inLanguage":"de","potentialAction":[{"@type":"ReadAction","target":["https:\/\/www.lamigraf.com\/de\/designs\/boulevard-2\/"]}]},{"@type":"ImageObject","inLanguage":"de","@id":"https:\/\/www.lamigraf.com\/de\/designs\/boulevard-2\/#primaryimage","url":"https:\/\/www.lamigraf.com\/wp-content\/uploads\/2024\/06\/02769-O-scaled.jpg","contentUrl":"https:\/\/www.lamigraf.com\/wp-content\/uploads\/2024\/06\/02769-O-scaled.jpg","width":1339,"height":2560},{"@type":"BreadcrumbList","@id":"https:\/\/www.lamigraf.com\/de\/designs\/boulevard-2\/#breadcrumb","itemListElement":[{"@type":"ListItem","position":1,"name":"Home","item":"https:\/\/www.lamigraf.com\/de\/"},{"@type":"ListItem","position":2,"name":"Designs","item":"https:\/\/www.lamigraf.com\/designs\/"},{"@type":"ListItem","position":3,"name":"BOULEVARD"}]},{"@type":"WebSite","@id":"https:\/\/www.lamigraf.com\/#website","url":"https:\/\/www.lamigraf.com\/","name":"Lamigraf","description":"","publisher":{"@id":"https:\/\/www.lamigraf.com\/#organization"},"potentialAction":[{"@type":"SearchAction","target":{"@type":"EntryPoint","urlTemplate":"https:\/\/www.lamigraf.com\/?s={search_term_string}"},"query-input":{"@type":"PropertyValueSpecification","valueRequired":true,"valueName":"search_term_string"}}],"inLanguage":"de"},{"@type":"Organization","@id":"https:\/\/www.lamigraf.com\/#organization","name":"Lamigraf","url":"https:\/\/www.lamigraf.com\/","logo":{"@type":"ImageObject","inLanguage":"de","@id":"https:\/\/www.lamigraf.com\/#\/schema\/logo\/image\/","url":"https:\/\/www.lamigraf.com\/wp-content\/uploads\/2024\/05\/Logo-white.svg","contentUrl":"https:\/\/www.lamigraf.com\/wp-content\/uploads\/2024\/05\/Logo-white.svg","width":147,"height":36,"caption":"Lamigraf"},"image":{"@id":"https:\/\/www.lamigraf.com\/#\/schema\/logo\/image\/"}}]}},"_links":{"self":[{"href":"https:\/\/www.lamigraf.com\/de\/wp-json\/wp\/v2\/product\/12289","targetHints":{"allow":["GET"]}}],"collection":[{"href":"https:\/\/www.lamigraf.com\/de\/wp-json\/wp\/v2\/product"}],"about":[{"href":"https:\/\/www.lamigraf.com\/de\/wp-json\/wp\/v2\/types\/product"}],"version-history":[{"count":1,"href":"https:\/\/www.lamigraf.com\/de\/wp-json\/wp\/v2\/product\/12289\/revisions"}],"predecessor-version":[{"id":89644,"href":"https:\/\/www.lamigraf.com\/de\/wp-json\/wp\/v2\/product\/12289\/revisions\/89644"}],"acf:attachment":[{"embeddable":true,"href":"https:\/\/www.lamigraf.com\/de\/wp-json\/wp\/v2\/media\/85299"},{"embeddable":true,"href":"https:\/\/www.lamigraf.com\/de\/wp-json\/wp\/v2\/media\/15060"},{"embeddable":true,"href":"https:\/\/www.lamigraf.com\/de\/wp-json\/wp\/v2\/media\/15053"},{"embeddable":true,"href":"https:\/\/www.lamigraf.com\/de\/wp-json\/wp\/v2\/media\/15046"}],"wp:featuredmedia":[{"embeddable":true,"href":"https:\/\/www.lamigraf.com\/de\/wp-json\/wp\/v2\/media\/15036"}],"wp:attachment":[{"href":"https:\/\/www.lamigraf.com\/de\/wp-json\/wp\/v2\/media?parent=12289"}],"wp:term":[{"taxonomy":"product_applications","embeddable":true,"href":"https:\/\/www.lamigraf.com\/de\/wp-json\/wp\/v2\/applications?post=12289"},{"taxonomy":"product_type","embeddable":true,"href":"https:\/\/www.lamigraf.com\/de\/wp-json\/wp\/v2\/design-types?post=12289"},{"taxonomy":"product_characteristics","embeddable":true,"href":"https:\/\/www.lamigraf.com\/de\/wp-json\/wp\/v2\/characteristics?post=12289"},{"taxonomy":"product_apparence","embeddable":true,"href":"https:\/\/www.lamigraf.com\/de\/wp-json\/wp\/v2\/appearance?post=12289"}],"curies":[{"name":"wp","href":"https:\/\/api.w.org\/{rel}","templated":true}]}}