{"id":12316,"date":"2024-06-07T09:50:54","date_gmt":"2024-06-07T07:50:54","guid":{"rendered":"http:\/\/lamigraf.com\/designs\/kora-oak-2\/"},"modified":"2025-04-14T10:10:42","modified_gmt":"2025-04-14T08:10:42","slug":"kora-oak-2","status":"publish","type":"product","link":"https:\/\/www.lamigraf.com\/de\/designs\/kora-oak-2\/","title":{"rendered":"KORA OAK"},"content":{"rendered":"\n<p>Kora Oak ist die perfekte Eiche, um in jedem Raum ein Gef\u00fchl von Kontinuit\u00e4t und Fluss zu schaffen und gleichzeitig einen Hauch von Raffinesse und Eleganz hinzuzuf\u00fcgen. Die Kombination aus Bohlenoptik, 3\/4-Kathedralen und einem eleganten Effekt macht es zu einem echten Highlight in jedem Interior-Design-Konzept.<\/p>\n","protected":false},"excerpt":{"rendered":"<p>Kora Oak ist die perfekte Eiche, um in jedem Raum ein Gef\u00fchl von Kontinuit\u00e4t und Fluss zu schaffen und gleichzeitig einen Hauch von Raffinesse und Eleganz hinzuzuf\u00fcgen. Die Kombination aus Bohlenoptik, 3\/4-Kathedralen und einem eleganten Effekt macht es zu einem echten Highlight in jedem Interior-Design-Konzept.<\/p>\n","protected":false},"featured_media":14546,"template":"","meta":{"_acf_changed":false,"_gspb_post_css":"","footnotes":""},"applications":[8,691],"design-types":[706,811,604],"characteristics":[755,860],"appearance":[],"class_list":["post-12316","product","type-product","status-publish","has-post-thumbnail","hentry","product_applications-furniture","product_applications-furniture-de","product_type-oak-de","product_type-wood-de","product_type-oak","product_characteristics-knots-de","product_characteristics-2-3-cathedrals-de"],"acf":{"code":"2909","peripheral_development":"1300","axial_development":"2200","cylinders":"3","data_sheet":78641,"collections":[{"code":"2909-0301","thumbnail":84636,"render":78209},{"code":"2909-0302","thumbnail":84642,"render":78215},{"code":"2909-0303","thumbnail":84648,"render":78221},{"code":"2909-0304","thumbnail":84654,"render":78227},{"code":"2909-0305","thumbnail":84660,"render":78233}],"usages":[14556,14563,78221],"inspiration":{"top":{"title":"K\u00fcchenarbeitsplatte","thumbnail":14577,"reference":"02889-0301"},"bottom_title":"Regale"},"hover_image":78635,"eir":"","collaborator":{"name":"","link":""},"synchro_wood":false,"novedad":false},"yoast_head":"<!-- This site is optimized with the Yoast SEO plugin v25.2 - https:\/\/yoast.com\/wordpress\/plugins\/seo\/ -->\n<title>KORA OAK - Lamigraf<\/title>\n<meta name=\"robots\" content=\"index, follow, max-snippet:-1, max-image-preview:large, max-video-preview:-1\" \/>\n<link rel=\"canonical\" href=\"https:\/\/www.lamigraf.com\/de\/designs\/kora-oak-2\/\" \/>\n<meta property=\"og:locale\" content=\"de_DE\" \/>\n<meta property=\"og:type\" content=\"article\" \/>\n<meta property=\"og:title\" content=\"KORA OAK - Lamigraf\" \/>\n<meta property=\"og:description\" content=\"Kora Oak ist die perfekte Eiche, um in jedem Raum ein Gef\u00fchl von Kontinuit\u00e4t und Fluss zu schaffen und gleichzeitig einen Hauch von Raffinesse und Eleganz hinzuzuf\u00fcgen. Die Kombination aus Bohlenoptik, 3\/4-Kathedralen und einem eleganten Effekt macht es zu einem echten Highlight in jedem Interior-Design-Konzept.\" \/>\n<meta property=\"og:url\" content=\"https:\/\/www.lamigraf.com\/de\/designs\/kora-oak-2\/\" \/>\n<meta property=\"og:site_name\" content=\"Lamigraf\" \/>\n<meta property=\"article:modified_time\" content=\"2025-04-14T08:10:42+00:00\" \/>\n<meta property=\"og:image\" content=\"https:\/\/www.lamigraf.com\/wp-content\/uploads\/2024\/06\/02909-O.jpg\" \/>\n\t<meta property=\"og:image:width\" content=\"1920\" \/>\n\t<meta property=\"og:image:height\" content=\"1135\" \/>\n\t<meta property=\"og:image:type\" content=\"image\/jpeg\" \/>\n<meta name=\"twitter:card\" content=\"summary_large_image\" \/>\n<meta name=\"twitter:label1\" content=\"Gesch\u00e4tzte Lesezeit\" \/>\n\t<meta name=\"twitter:data1\" content=\"1\u00a0Minute\" \/>\n<script type=\"application\/ld+json\" class=\"yoast-schema-graph\">{\"@context\":\"https:\/\/schema.org\",\"@graph\":[{\"@type\":\"WebPage\",\"@id\":\"https:\/\/www.lamigraf.com\/de\/designs\/kora-oak-2\/\",\"url\":\"https:\/\/www.lamigraf.com\/de\/designs\/kora-oak-2\/\",\"name\":\"KORA OAK - Lamigraf\",\"isPartOf\":{\"@id\":\"https:\/\/www.lamigraf.com\/#website\"},\"primaryImageOfPage\":{\"@id\":\"https:\/\/www.lamigraf.com\/de\/designs\/kora-oak-2\/#primaryimage\"},\"image\":{\"@id\":\"https:\/\/www.lamigraf.com\/de\/designs\/kora-oak-2\/#primaryimage\"},\"thumbnailUrl\":\"https:\/\/www.lamigraf.com\/wp-content\/uploads\/2024\/06\/02909-O.jpg\",\"datePublished\":\"2024-06-07T07:50:54+00:00\",\"dateModified\":\"2025-04-14T08:10:42+00:00\",\"breadcrumb\":{\"@id\":\"https:\/\/www.lamigraf.com\/de\/designs\/kora-oak-2\/#breadcrumb\"},\"inLanguage\":\"de\",\"potentialAction\":[{\"@type\":\"ReadAction\",\"target\":[\"https:\/\/www.lamigraf.com\/de\/designs\/kora-oak-2\/\"]}]},{\"@type\":\"ImageObject\",\"inLanguage\":\"de\",\"@id\":\"https:\/\/www.lamigraf.com\/de\/designs\/kora-oak-2\/#primaryimage\",\"url\":\"https:\/\/www.lamigraf.com\/wp-content\/uploads\/2024\/06\/02909-O.jpg\",\"contentUrl\":\"https:\/\/www.lamigraf.com\/wp-content\/uploads\/2024\/06\/02909-O.jpg\",\"width\":1920,\"height\":1135},{\"@type\":\"BreadcrumbList\",\"@id\":\"https:\/\/www.lamigraf.com\/de\/designs\/kora-oak-2\/#breadcrumb\",\"itemListElement\":[{\"@type\":\"ListItem\",\"position\":1,\"name\":\"Home\",\"item\":\"https:\/\/www.lamigraf.com\/de\/\"},{\"@type\":\"ListItem\",\"position\":2,\"name\":\"Designs\",\"item\":\"https:\/\/www.lamigraf.com\/designs\/\"},{\"@type\":\"ListItem\",\"position\":3,\"name\":\"KORA OAK\"}]},{\"@type\":\"WebSite\",\"@id\":\"https:\/\/www.lamigraf.com\/#website\",\"url\":\"https:\/\/www.lamigraf.com\/\",\"name\":\"Lamigraf\",\"description\":\"\",\"publisher\":{\"@id\":\"https:\/\/www.lamigraf.com\/#organization\"},\"potentialAction\":[{\"@type\":\"SearchAction\",\"target\":{\"@type\":\"EntryPoint\",\"urlTemplate\":\"https:\/\/www.lamigraf.com\/?s={search_term_string}\"},\"query-input\":{\"@type\":\"PropertyValueSpecification\",\"valueRequired\":true,\"valueName\":\"search_term_string\"}}],\"inLanguage\":\"de\"},{\"@type\":\"Organization\",\"@id\":\"https:\/\/www.lamigraf.com\/#organization\",\"name\":\"Lamigraf\",\"url\":\"https:\/\/www.lamigraf.com\/\",\"logo\":{\"@type\":\"ImageObject\",\"inLanguage\":\"de\",\"@id\":\"https:\/\/www.lamigraf.com\/#\/schema\/logo\/image\/\",\"url\":\"https:\/\/www.lamigraf.com\/wp-content\/uploads\/2024\/05\/Logo-white.svg\",\"contentUrl\":\"https:\/\/www.lamigraf.com\/wp-content\/uploads\/2024\/05\/Logo-white.svg\",\"width\":147,\"height\":36,\"caption\":\"Lamigraf\"},\"image\":{\"@id\":\"https:\/\/www.lamigraf.com\/#\/schema\/logo\/image\/\"}}]}<\/script>\n<!-- \/ Yoast SEO plugin. -->","yoast_head_json":{"title":"KORA OAK - Lamigraf","robots":{"index":"index","follow":"follow","max-snippet":"max-snippet:-1","max-image-preview":"max-image-preview:large","max-video-preview":"max-video-preview:-1"},"canonical":"https:\/\/www.lamigraf.com\/de\/designs\/kora-oak-2\/","og_locale":"de_DE","og_type":"article","og_title":"KORA OAK - Lamigraf","og_description":"Kora Oak ist die perfekte Eiche, um in jedem Raum ein Gef\u00fchl von Kontinuit\u00e4t und Fluss zu schaffen und gleichzeitig einen Hauch von Raffinesse und Eleganz hinzuzuf\u00fcgen. Die Kombination aus Bohlenoptik, 3\/4-Kathedralen und einem eleganten Effekt macht es zu einem echten Highlight in jedem Interior-Design-Konzept.","og_url":"https:\/\/www.lamigraf.com\/de\/designs\/kora-oak-2\/","og_site_name":"Lamigraf","article_modified_time":"2025-04-14T08:10:42+00:00","og_image":[{"width":1920,"height":1135,"url":"https:\/\/www.lamigraf.com\/wp-content\/uploads\/2024\/06\/02909-O.jpg","type":"image\/jpeg"}],"twitter_card":"summary_large_image","twitter_misc":{"Gesch\u00e4tzte Lesezeit":"1\u00a0Minute"},"schema":{"@context":"https:\/\/schema.org","@graph":[{"@type":"WebPage","@id":"https:\/\/www.lamigraf.com\/de\/designs\/kora-oak-2\/","url":"https:\/\/www.lamigraf.com\/de\/designs\/kora-oak-2\/","name":"KORA OAK - Lamigraf","isPartOf":{"@id":"https:\/\/www.lamigraf.com\/#website"},"primaryImageOfPage":{"@id":"https:\/\/www.lamigraf.com\/de\/designs\/kora-oak-2\/#primaryimage"},"image":{"@id":"https:\/\/www.lamigraf.com\/de\/designs\/kora-oak-2\/#primaryimage"},"thumbnailUrl":"https:\/\/www.lamigraf.com\/wp-content\/uploads\/2024\/06\/02909-O.jpg","datePublished":"2024-06-07T07:50:54+00:00","dateModified":"2025-04-14T08:10:42+00:00","breadcrumb":{"@id":"https:\/\/www.lamigraf.com\/de\/designs\/kora-oak-2\/#breadcrumb"},"inLanguage":"de","potentialAction":[{"@type":"ReadAction","target":["https:\/\/www.lamigraf.com\/de\/designs\/kora-oak-2\/"]}]},{"@type":"ImageObject","inLanguage":"de","@id":"https:\/\/www.lamigraf.com\/de\/designs\/kora-oak-2\/#primaryimage","url":"https:\/\/www.lamigraf.com\/wp-content\/uploads\/2024\/06\/02909-O.jpg","contentUrl":"https:\/\/www.lamigraf.com\/wp-content\/uploads\/2024\/06\/02909-O.jpg","width":1920,"height":1135},{"@type":"BreadcrumbList","@id":"https:\/\/www.lamigraf.com\/de\/designs\/kora-oak-2\/#breadcrumb","itemListElement":[{"@type":"ListItem","position":1,"name":"Home","item":"https:\/\/www.lamigraf.com\/de\/"},{"@type":"ListItem","position":2,"name":"Designs","item":"https:\/\/www.lamigraf.com\/designs\/"},{"@type":"ListItem","position":3,"name":"KORA OAK"}]},{"@type":"WebSite","@id":"https:\/\/www.lamigraf.com\/#website","url":"https:\/\/www.lamigraf.com\/","name":"Lamigraf","description":"","publisher":{"@id":"https:\/\/www.lamigraf.com\/#organization"},"potentialAction":[{"@type":"SearchAction","target":{"@type":"EntryPoint","urlTemplate":"https:\/\/www.lamigraf.com\/?s={search_term_string}"},"query-input":{"@type":"PropertyValueSpecification","valueRequired":true,"valueName":"search_term_string"}}],"inLanguage":"de"},{"@type":"Organization","@id":"https:\/\/www.lamigraf.com\/#organization","name":"Lamigraf","url":"https:\/\/www.lamigraf.com\/","logo":{"@type":"ImageObject","inLanguage":"de","@id":"https:\/\/www.lamigraf.com\/#\/schema\/logo\/image\/","url":"https:\/\/www.lamigraf.com\/wp-content\/uploads\/2024\/05\/Logo-white.svg","contentUrl":"https:\/\/www.lamigraf.com\/wp-content\/uploads\/2024\/05\/Logo-white.svg","width":147,"height":36,"caption":"Lamigraf"},"image":{"@id":"https:\/\/www.lamigraf.com\/#\/schema\/logo\/image\/"}}]}},"_links":{"self":[{"href":"https:\/\/www.lamigraf.com\/de\/wp-json\/wp\/v2\/product\/12316","targetHints":{"allow":["GET"]}}],"collection":[{"href":"https:\/\/www.lamigraf.com\/de\/wp-json\/wp\/v2\/product"}],"about":[{"href":"https:\/\/www.lamigraf.com\/de\/wp-json\/wp\/v2\/types\/product"}],"version-history":[{"count":1,"href":"https:\/\/www.lamigraf.com\/de\/wp-json\/wp\/v2\/product\/12316\/revisions"}],"predecessor-version":[{"id":88634,"href":"https:\/\/www.lamigraf.com\/de\/wp-json\/wp\/v2\/product\/12316\/revisions\/88634"}],"acf:attachment":[{"embeddable":true,"href":"https:\/\/www.lamigraf.com\/de\/wp-json\/wp\/v2\/media\/78221"},{"embeddable":true,"href":"https:\/\/www.lamigraf.com\/de\/wp-json\/wp\/v2\/media\/14563"},{"embeddable":true,"href":"https:\/\/www.lamigraf.com\/de\/wp-json\/wp\/v2\/media\/14556"}],"wp:featuredmedia":[{"embeddable":true,"href":"https:\/\/www.lamigraf.com\/de\/wp-json\/wp\/v2\/media\/14546"}],"wp:attachment":[{"href":"https:\/\/www.lamigraf.com\/de\/wp-json\/wp\/v2\/media?parent=12316"}],"wp:term":[{"taxonomy":"product_applications","embeddable":true,"href":"https:\/\/www.lamigraf.com\/de\/wp-json\/wp\/v2\/applications?post=12316"},{"taxonomy":"product_type","embeddable":true,"href":"https:\/\/www.lamigraf.com\/de\/wp-json\/wp\/v2\/design-types?post=12316"},{"taxonomy":"product_characteristics","embeddable":true,"href":"https:\/\/www.lamigraf.com\/de\/wp-json\/wp\/v2\/characteristics?post=12316"},{"taxonomy":"product_apparence","embeddable":true,"href":"https:\/\/www.lamigraf.com\/de\/wp-json\/wp\/v2\/appearance?post=12316"}],"curies":[{"name":"wp","href":"https:\/\/api.w.org\/{rel}","templated":true}]}}