{"id":12328,"date":"2024-06-07T09:50:54","date_gmt":"2024-06-07T07:50:54","guid":{"rendered":"http:\/\/lamigraf.com\/designs\/tramonto-2\/"},"modified":"2025-04-14T10:42:54","modified_gmt":"2025-04-14T08:42:54","slug":"tramonto-2","status":"publish","type":"product","link":"https:\/\/www.lamigraf.com\/de\/designs\/tramonto-2\/","title":{"rendered":"TRAMONTO"},"content":{"rendered":"\n<p>Tramonto bringt die Natur nach drinnen. Bestehend aus leuchtend blauen Kornblumenbl\u00e4ttern, vermittelt es ein Gef\u00fchl von Ruhe, Innovation und einer einzigartig kreativen Struktur. Mit Tramonto ist jede Anwendung im Interior Design m\u00f6glich.<\/p>\n","protected":false},"excerpt":{"rendered":"<p>Tramonto bringt die Natur nach drinnen. Bestehend aus leuchtend blauen Kornblumenbl\u00e4ttern, vermittelt es ein Gef\u00fchl von Ruhe, Innovation und einer einzigartig kreativen Struktur. Mit Tramonto ist jede Anwendung im Interior Design m\u00f6glich.<\/p>\n","protected":false},"featured_media":14301,"template":"","meta":{"_acf_changed":false,"_gspb_post_css":"","footnotes":""},"applications":[8,691],"design-types":[841,613],"characteristics":[],"appearance":[],"class_list":["post-12328","product","type-product","status-publish","has-post-thumbnail","hentry","product_applications-furniture","product_applications-furniture-de","product_type-fusions-hybrids-de","product_type-others"],"acf":{"code":"2893","peripheral_development":"1250","axial_development":"2200","cylinders":"4","data_sheet":78752,"collections":[{"code":"2893-0401","thumbnail":14276,"render":78297},{"code":"2893-0402","thumbnail":14283,"render":""},{"code":"2893-0403","thumbnail":14325,"render":78309},{"code":"2893-0404","thumbnail":14290,"render":78315}],"usages":[14311,14318,78309],"inspiration":{"top":{"title":"Schrank","thumbnail":12568,"reference":"02994-0301"},"bottom_title":"Wandpaneel"},"hover_image":14311,"eir":"","collaborator":{"name":"","link":""},"synchro_wood":false,"novedad":false},"yoast_head":"<!-- This site is optimized with the Yoast SEO plugin v25.2 - https:\/\/yoast.com\/wordpress\/plugins\/seo\/ -->\n<title>TRAMONTO - Lamigraf<\/title>\n<meta name=\"robots\" content=\"index, follow, max-snippet:-1, max-image-preview:large, max-video-preview:-1\" \/>\n<link rel=\"canonical\" href=\"https:\/\/www.lamigraf.com\/de\/designs\/tramonto-2\/\" \/>\n<meta property=\"og:locale\" content=\"de_DE\" \/>\n<meta property=\"og:type\" content=\"article\" \/>\n<meta property=\"og:title\" content=\"TRAMONTO - Lamigraf\" \/>\n<meta property=\"og:description\" content=\"Tramonto bringt die Natur nach drinnen. Bestehend aus leuchtend blauen Kornblumenbl\u00e4ttern, vermittelt es ein Gef\u00fchl von Ruhe, Innovation und einer einzigartig kreativen Struktur. Mit Tramonto ist jede Anwendung im Interior Design m\u00f6glich.\" \/>\n<meta property=\"og:url\" content=\"https:\/\/www.lamigraf.com\/de\/designs\/tramonto-2\/\" \/>\n<meta property=\"og:site_name\" content=\"Lamigraf\" \/>\n<meta property=\"article:modified_time\" content=\"2025-04-14T08:42:54+00:00\" \/>\n<meta property=\"og:image\" content=\"https:\/\/www.lamigraf.com\/wp-content\/uploads\/2024\/06\/02893-O.jpg\" \/>\n\t<meta property=\"og:image:width\" content=\"1920\" \/>\n\t<meta property=\"og:image:height\" content=\"1091\" \/>\n\t<meta property=\"og:image:type\" content=\"image\/jpeg\" \/>\n<meta name=\"twitter:card\" content=\"summary_large_image\" \/>\n<meta name=\"twitter:label1\" content=\"Gesch\u00e4tzte Lesezeit\" \/>\n\t<meta name=\"twitter:data1\" content=\"1\u00a0Minute\" \/>\n<script type=\"application\/ld+json\" class=\"yoast-schema-graph\">{\"@context\":\"https:\/\/schema.org\",\"@graph\":[{\"@type\":\"WebPage\",\"@id\":\"https:\/\/www.lamigraf.com\/de\/designs\/tramonto-2\/\",\"url\":\"https:\/\/www.lamigraf.com\/de\/designs\/tramonto-2\/\",\"name\":\"TRAMONTO - Lamigraf\",\"isPartOf\":{\"@id\":\"https:\/\/www.lamigraf.com\/#website\"},\"primaryImageOfPage\":{\"@id\":\"https:\/\/www.lamigraf.com\/de\/designs\/tramonto-2\/#primaryimage\"},\"image\":{\"@id\":\"https:\/\/www.lamigraf.com\/de\/designs\/tramonto-2\/#primaryimage\"},\"thumbnailUrl\":\"https:\/\/www.lamigraf.com\/wp-content\/uploads\/2024\/06\/02893-O.jpg\",\"datePublished\":\"2024-06-07T07:50:54+00:00\",\"dateModified\":\"2025-04-14T08:42:54+00:00\",\"breadcrumb\":{\"@id\":\"https:\/\/www.lamigraf.com\/de\/designs\/tramonto-2\/#breadcrumb\"},\"inLanguage\":\"de\",\"potentialAction\":[{\"@type\":\"ReadAction\",\"target\":[\"https:\/\/www.lamigraf.com\/de\/designs\/tramonto-2\/\"]}]},{\"@type\":\"ImageObject\",\"inLanguage\":\"de\",\"@id\":\"https:\/\/www.lamigraf.com\/de\/designs\/tramonto-2\/#primaryimage\",\"url\":\"https:\/\/www.lamigraf.com\/wp-content\/uploads\/2024\/06\/02893-O.jpg\",\"contentUrl\":\"https:\/\/www.lamigraf.com\/wp-content\/uploads\/2024\/06\/02893-O.jpg\",\"width\":1920,\"height\":1091},{\"@type\":\"BreadcrumbList\",\"@id\":\"https:\/\/www.lamigraf.com\/de\/designs\/tramonto-2\/#breadcrumb\",\"itemListElement\":[{\"@type\":\"ListItem\",\"position\":1,\"name\":\"Home\",\"item\":\"https:\/\/www.lamigraf.com\/de\/\"},{\"@type\":\"ListItem\",\"position\":2,\"name\":\"Designs\",\"item\":\"https:\/\/www.lamigraf.com\/designs\/\"},{\"@type\":\"ListItem\",\"position\":3,\"name\":\"TRAMONTO\"}]},{\"@type\":\"WebSite\",\"@id\":\"https:\/\/www.lamigraf.com\/#website\",\"url\":\"https:\/\/www.lamigraf.com\/\",\"name\":\"Lamigraf\",\"description\":\"\",\"publisher\":{\"@id\":\"https:\/\/www.lamigraf.com\/#organization\"},\"potentialAction\":[{\"@type\":\"SearchAction\",\"target\":{\"@type\":\"EntryPoint\",\"urlTemplate\":\"https:\/\/www.lamigraf.com\/?s={search_term_string}\"},\"query-input\":{\"@type\":\"PropertyValueSpecification\",\"valueRequired\":true,\"valueName\":\"search_term_string\"}}],\"inLanguage\":\"de\"},{\"@type\":\"Organization\",\"@id\":\"https:\/\/www.lamigraf.com\/#organization\",\"name\":\"Lamigraf\",\"url\":\"https:\/\/www.lamigraf.com\/\",\"logo\":{\"@type\":\"ImageObject\",\"inLanguage\":\"de\",\"@id\":\"https:\/\/www.lamigraf.com\/#\/schema\/logo\/image\/\",\"url\":\"https:\/\/www.lamigraf.com\/wp-content\/uploads\/2024\/05\/Logo-white.svg\",\"contentUrl\":\"https:\/\/www.lamigraf.com\/wp-content\/uploads\/2024\/05\/Logo-white.svg\",\"width\":147,\"height\":36,\"caption\":\"Lamigraf\"},\"image\":{\"@id\":\"https:\/\/www.lamigraf.com\/#\/schema\/logo\/image\/\"}}]}<\/script>\n<!-- \/ Yoast SEO plugin. -->","yoast_head_json":{"title":"TRAMONTO - Lamigraf","robots":{"index":"index","follow":"follow","max-snippet":"max-snippet:-1","max-image-preview":"max-image-preview:large","max-video-preview":"max-video-preview:-1"},"canonical":"https:\/\/www.lamigraf.com\/de\/designs\/tramonto-2\/","og_locale":"de_DE","og_type":"article","og_title":"TRAMONTO - Lamigraf","og_description":"Tramonto bringt die Natur nach drinnen. Bestehend aus leuchtend blauen Kornblumenbl\u00e4ttern, vermittelt es ein Gef\u00fchl von Ruhe, Innovation und einer einzigartig kreativen Struktur. Mit Tramonto ist jede Anwendung im Interior Design m\u00f6glich.","og_url":"https:\/\/www.lamigraf.com\/de\/designs\/tramonto-2\/","og_site_name":"Lamigraf","article_modified_time":"2025-04-14T08:42:54+00:00","og_image":[{"width":1920,"height":1091,"url":"https:\/\/www.lamigraf.com\/wp-content\/uploads\/2024\/06\/02893-O.jpg","type":"image\/jpeg"}],"twitter_card":"summary_large_image","twitter_misc":{"Gesch\u00e4tzte Lesezeit":"1\u00a0Minute"},"schema":{"@context":"https:\/\/schema.org","@graph":[{"@type":"WebPage","@id":"https:\/\/www.lamigraf.com\/de\/designs\/tramonto-2\/","url":"https:\/\/www.lamigraf.com\/de\/designs\/tramonto-2\/","name":"TRAMONTO - Lamigraf","isPartOf":{"@id":"https:\/\/www.lamigraf.com\/#website"},"primaryImageOfPage":{"@id":"https:\/\/www.lamigraf.com\/de\/designs\/tramonto-2\/#primaryimage"},"image":{"@id":"https:\/\/www.lamigraf.com\/de\/designs\/tramonto-2\/#primaryimage"},"thumbnailUrl":"https:\/\/www.lamigraf.com\/wp-content\/uploads\/2024\/06\/02893-O.jpg","datePublished":"2024-06-07T07:50:54+00:00","dateModified":"2025-04-14T08:42:54+00:00","breadcrumb":{"@id":"https:\/\/www.lamigraf.com\/de\/designs\/tramonto-2\/#breadcrumb"},"inLanguage":"de","potentialAction":[{"@type":"ReadAction","target":["https:\/\/www.lamigraf.com\/de\/designs\/tramonto-2\/"]}]},{"@type":"ImageObject","inLanguage":"de","@id":"https:\/\/www.lamigraf.com\/de\/designs\/tramonto-2\/#primaryimage","url":"https:\/\/www.lamigraf.com\/wp-content\/uploads\/2024\/06\/02893-O.jpg","contentUrl":"https:\/\/www.lamigraf.com\/wp-content\/uploads\/2024\/06\/02893-O.jpg","width":1920,"height":1091},{"@type":"BreadcrumbList","@id":"https:\/\/www.lamigraf.com\/de\/designs\/tramonto-2\/#breadcrumb","itemListElement":[{"@type":"ListItem","position":1,"name":"Home","item":"https:\/\/www.lamigraf.com\/de\/"},{"@type":"ListItem","position":2,"name":"Designs","item":"https:\/\/www.lamigraf.com\/designs\/"},{"@type":"ListItem","position":3,"name":"TRAMONTO"}]},{"@type":"WebSite","@id":"https:\/\/www.lamigraf.com\/#website","url":"https:\/\/www.lamigraf.com\/","name":"Lamigraf","description":"","publisher":{"@id":"https:\/\/www.lamigraf.com\/#organization"},"potentialAction":[{"@type":"SearchAction","target":{"@type":"EntryPoint","urlTemplate":"https:\/\/www.lamigraf.com\/?s={search_term_string}"},"query-input":{"@type":"PropertyValueSpecification","valueRequired":true,"valueName":"search_term_string"}}],"inLanguage":"de"},{"@type":"Organization","@id":"https:\/\/www.lamigraf.com\/#organization","name":"Lamigraf","url":"https:\/\/www.lamigraf.com\/","logo":{"@type":"ImageObject","inLanguage":"de","@id":"https:\/\/www.lamigraf.com\/#\/schema\/logo\/image\/","url":"https:\/\/www.lamigraf.com\/wp-content\/uploads\/2024\/05\/Logo-white.svg","contentUrl":"https:\/\/www.lamigraf.com\/wp-content\/uploads\/2024\/05\/Logo-white.svg","width":147,"height":36,"caption":"Lamigraf"},"image":{"@id":"https:\/\/www.lamigraf.com\/#\/schema\/logo\/image\/"}}]}},"_links":{"self":[{"href":"https:\/\/www.lamigraf.com\/de\/wp-json\/wp\/v2\/product\/12328","targetHints":{"allow":["GET"]}}],"collection":[{"href":"https:\/\/www.lamigraf.com\/de\/wp-json\/wp\/v2\/product"}],"about":[{"href":"https:\/\/www.lamigraf.com\/de\/wp-json\/wp\/v2\/types\/product"}],"version-history":[{"count":1,"href":"https:\/\/www.lamigraf.com\/de\/wp-json\/wp\/v2\/product\/12328\/revisions"}],"predecessor-version":[{"id":88671,"href":"https:\/\/www.lamigraf.com\/de\/wp-json\/wp\/v2\/product\/12328\/revisions\/88671"}],"acf:attachment":[{"embeddable":true,"href":"https:\/\/www.lamigraf.com\/de\/wp-json\/wp\/v2\/media\/78309"},{"embeddable":true,"href":"https:\/\/www.lamigraf.com\/de\/wp-json\/wp\/v2\/media\/14318"},{"embeddable":true,"href":"https:\/\/www.lamigraf.com\/de\/wp-json\/wp\/v2\/media\/14311"}],"wp:featuredmedia":[{"embeddable":true,"href":"https:\/\/www.lamigraf.com\/de\/wp-json\/wp\/v2\/media\/14301"}],"wp:attachment":[{"href":"https:\/\/www.lamigraf.com\/de\/wp-json\/wp\/v2\/media?parent=12328"}],"wp:term":[{"taxonomy":"product_applications","embeddable":true,"href":"https:\/\/www.lamigraf.com\/de\/wp-json\/wp\/v2\/applications?post=12328"},{"taxonomy":"product_type","embeddable":true,"href":"https:\/\/www.lamigraf.com\/de\/wp-json\/wp\/v2\/design-types?post=12328"},{"taxonomy":"product_characteristics","embeddable":true,"href":"https:\/\/www.lamigraf.com\/de\/wp-json\/wp\/v2\/characteristics?post=12328"},{"taxonomy":"product_apparence","embeddable":true,"href":"https:\/\/www.lamigraf.com\/de\/wp-json\/wp\/v2\/appearance?post=12328"}],"curies":[{"name":"wp","href":"https:\/\/api.w.org\/{rel}","templated":true}]}}