{"id":12379,"date":"2024-06-07T09:50:57","date_gmt":"2024-06-07T07:50:57","guid":{"rendered":"http:\/\/lamigraf.com\/designs\/dallas-2\/"},"modified":"2025-04-09T13:30:08","modified_gmt":"2025-04-09T11:30:08","slug":"dallas-2","status":"publish","type":"product","link":"https:\/\/www.lamigraf.com\/de\/designs\/dallas-2\/","title":{"rendered":"DALLAS"},"content":{"rendered":"\n<p>In einer harmonischen Verbindung von Holz und Fantasie entsteht das innovative und einzigartige Design &#8222;Dallas&#8220;. Dieses Design bricht mit Konventionen und bringt eine frische, zeitgem\u00e4\u00dfe Vision mit sich, die ein wirklich einzigartiges visuelles Erlebnis bietet. In einer sanften und ruhigen Farbpalette pr\u00e4sentiert, strahlt es eine ruhige und einladende Atmosph\u00e4re aus, w\u00e4hrend mittlere und dunkle T\u00f6ne ein Gef\u00fchl von Eleganz und Erhabenheit vermitteln. Dallas bietet nicht nur eine fesselnde \u00c4sthetik, sondern l\u00e4dt auch zu einem einzigartigen sinnlichen Erlebnis ein und hebt R\u00e4ume auf ein neues Niveau von Stil und Raffinesse.<\/p>\n","protected":false},"excerpt":{"rendered":"<p>In einer harmonischen Verbindung von Holz und Fantasie entsteht das innovative und einzigartige Design &#8222;Dallas&#8220;. Dieses Design bricht mit Konventionen und bringt eine frische, zeitgem\u00e4\u00dfe Vision mit sich, die ein wirklich einzigartiges visuelles Erlebnis bietet. In einer sanften und ruhigen Farbpalette pr\u00e4sentiert, strahlt es eine ruhige und einladende Atmosph\u00e4re aus, w\u00e4hrend mittlere und dunkle T\u00f6ne [&hellip;]<\/p>\n","protected":false},"featured_media":13261,"template":"","meta":{"_acf_changed":false,"_gspb_post_css":"","footnotes":""},"applications":[8,691],"design-types":[839,613],"characteristics":[],"appearance":[],"class_list":["post-12379","product","type-product","status-publish","has-post-thumbnail","hentry","product_applications-furniture","product_applications-furniture-de","product_type-fantasy-de","product_type-others"],"acf":{"code":"3006","peripheral_development":"1300","axial_development":"2200","cylinders":"3","data_sheet":79640,"collections":[{"code":"3006-0301","thumbnail":84297,"render":77855},{"code":"3006-0302","thumbnail":84303,"render":77861},{"code":"3006-0303","thumbnail":84309,"render":77867},{"code":"3006-0304","thumbnail":84315,"render":77873}],"usages":[13268,77855],"inspiration":{"top":{"title":"Innere Regale","thumbnail":12575,"reference":"2994-0305"},"bottom_title":"Paneelwand"},"hover_image":77855,"eir":"","collaborator":{"name":"","link":""},"synchro_wood":false,"novedad":false},"yoast_head":"<!-- This site is optimized with the Yoast SEO plugin v25.2 - https:\/\/yoast.com\/wordpress\/plugins\/seo\/ -->\n<title>DALLAS - Lamigraf<\/title>\n<meta name=\"robots\" content=\"index, follow, max-snippet:-1, max-image-preview:large, max-video-preview:-1\" \/>\n<link rel=\"canonical\" href=\"https:\/\/www.lamigraf.com\/de\/designs\/dallas-2\/\" \/>\n<meta property=\"og:locale\" content=\"de_DE\" \/>\n<meta property=\"og:type\" content=\"article\" \/>\n<meta property=\"og:title\" content=\"DALLAS - Lamigraf\" \/>\n<meta property=\"og:description\" content=\"In einer harmonischen Verbindung von Holz und Fantasie entsteht das innovative und einzigartige Design &#8222;Dallas&#8220;. Dieses Design bricht mit Konventionen und bringt eine frische, zeitgem\u00e4\u00dfe Vision mit sich, die ein wirklich einzigartiges visuelles Erlebnis bietet. In einer sanften und ruhigen Farbpalette pr\u00e4sentiert, strahlt es eine ruhige und einladende Atmosph\u00e4re aus, w\u00e4hrend mittlere und dunkle T\u00f6ne [&hellip;]\" \/>\n<meta property=\"og:url\" content=\"https:\/\/www.lamigraf.com\/de\/designs\/dallas-2\/\" \/>\n<meta property=\"og:site_name\" content=\"Lamigraf\" \/>\n<meta property=\"article:modified_time\" content=\"2025-04-09T11:30:08+00:00\" \/>\n<meta property=\"og:image\" content=\"https:\/\/www.lamigraf.com\/wp-content\/uploads\/2024\/06\/03006-O.jpg\" \/>\n\t<meta property=\"og:image:width\" content=\"1920\" \/>\n\t<meta property=\"og:image:height\" content=\"1135\" \/>\n\t<meta property=\"og:image:type\" content=\"image\/jpeg\" \/>\n<meta name=\"twitter:card\" content=\"summary_large_image\" \/>\n<meta name=\"twitter:label1\" content=\"Gesch\u00e4tzte Lesezeit\" \/>\n\t<meta name=\"twitter:data1\" content=\"1\u00a0Minute\" \/>\n<script type=\"application\/ld+json\" class=\"yoast-schema-graph\">{\"@context\":\"https:\/\/schema.org\",\"@graph\":[{\"@type\":\"WebPage\",\"@id\":\"https:\/\/www.lamigraf.com\/de\/designs\/dallas-2\/\",\"url\":\"https:\/\/www.lamigraf.com\/de\/designs\/dallas-2\/\",\"name\":\"DALLAS - Lamigraf\",\"isPartOf\":{\"@id\":\"https:\/\/www.lamigraf.com\/#website\"},\"primaryImageOfPage\":{\"@id\":\"https:\/\/www.lamigraf.com\/de\/designs\/dallas-2\/#primaryimage\"},\"image\":{\"@id\":\"https:\/\/www.lamigraf.com\/de\/designs\/dallas-2\/#primaryimage\"},\"thumbnailUrl\":\"https:\/\/www.lamigraf.com\/wp-content\/uploads\/2024\/06\/03006-O.jpg\",\"datePublished\":\"2024-06-07T07:50:57+00:00\",\"dateModified\":\"2025-04-09T11:30:08+00:00\",\"breadcrumb\":{\"@id\":\"https:\/\/www.lamigraf.com\/de\/designs\/dallas-2\/#breadcrumb\"},\"inLanguage\":\"de\",\"potentialAction\":[{\"@type\":\"ReadAction\",\"target\":[\"https:\/\/www.lamigraf.com\/de\/designs\/dallas-2\/\"]}]},{\"@type\":\"ImageObject\",\"inLanguage\":\"de\",\"@id\":\"https:\/\/www.lamigraf.com\/de\/designs\/dallas-2\/#primaryimage\",\"url\":\"https:\/\/www.lamigraf.com\/wp-content\/uploads\/2024\/06\/03006-O.jpg\",\"contentUrl\":\"https:\/\/www.lamigraf.com\/wp-content\/uploads\/2024\/06\/03006-O.jpg\",\"width\":1920,\"height\":1135},{\"@type\":\"BreadcrumbList\",\"@id\":\"https:\/\/www.lamigraf.com\/de\/designs\/dallas-2\/#breadcrumb\",\"itemListElement\":[{\"@type\":\"ListItem\",\"position\":1,\"name\":\"Home\",\"item\":\"https:\/\/www.lamigraf.com\/de\/\"},{\"@type\":\"ListItem\",\"position\":2,\"name\":\"Designs\",\"item\":\"https:\/\/www.lamigraf.com\/designs\/\"},{\"@type\":\"ListItem\",\"position\":3,\"name\":\"DALLAS\"}]},{\"@type\":\"WebSite\",\"@id\":\"https:\/\/www.lamigraf.com\/#website\",\"url\":\"https:\/\/www.lamigraf.com\/\",\"name\":\"Lamigraf\",\"description\":\"\",\"publisher\":{\"@id\":\"https:\/\/www.lamigraf.com\/#organization\"},\"potentialAction\":[{\"@type\":\"SearchAction\",\"target\":{\"@type\":\"EntryPoint\",\"urlTemplate\":\"https:\/\/www.lamigraf.com\/?s={search_term_string}\"},\"query-input\":{\"@type\":\"PropertyValueSpecification\",\"valueRequired\":true,\"valueName\":\"search_term_string\"}}],\"inLanguage\":\"de\"},{\"@type\":\"Organization\",\"@id\":\"https:\/\/www.lamigraf.com\/#organization\",\"name\":\"Lamigraf\",\"url\":\"https:\/\/www.lamigraf.com\/\",\"logo\":{\"@type\":\"ImageObject\",\"inLanguage\":\"de\",\"@id\":\"https:\/\/www.lamigraf.com\/#\/schema\/logo\/image\/\",\"url\":\"https:\/\/www.lamigraf.com\/wp-content\/uploads\/2024\/05\/Logo-white.svg\",\"contentUrl\":\"https:\/\/www.lamigraf.com\/wp-content\/uploads\/2024\/05\/Logo-white.svg\",\"width\":147,\"height\":36,\"caption\":\"Lamigraf\"},\"image\":{\"@id\":\"https:\/\/www.lamigraf.com\/#\/schema\/logo\/image\/\"}}]}<\/script>\n<!-- \/ Yoast SEO plugin. -->","yoast_head_json":{"title":"DALLAS - Lamigraf","robots":{"index":"index","follow":"follow","max-snippet":"max-snippet:-1","max-image-preview":"max-image-preview:large","max-video-preview":"max-video-preview:-1"},"canonical":"https:\/\/www.lamigraf.com\/de\/designs\/dallas-2\/","og_locale":"de_DE","og_type":"article","og_title":"DALLAS - Lamigraf","og_description":"In einer harmonischen Verbindung von Holz und Fantasie entsteht das innovative und einzigartige Design &#8222;Dallas&#8220;. Dieses Design bricht mit Konventionen und bringt eine frische, zeitgem\u00e4\u00dfe Vision mit sich, die ein wirklich einzigartiges visuelles Erlebnis bietet. In einer sanften und ruhigen Farbpalette pr\u00e4sentiert, strahlt es eine ruhige und einladende Atmosph\u00e4re aus, w\u00e4hrend mittlere und dunkle T\u00f6ne [&hellip;]","og_url":"https:\/\/www.lamigraf.com\/de\/designs\/dallas-2\/","og_site_name":"Lamigraf","article_modified_time":"2025-04-09T11:30:08+00:00","og_image":[{"width":1920,"height":1135,"url":"https:\/\/www.lamigraf.com\/wp-content\/uploads\/2024\/06\/03006-O.jpg","type":"image\/jpeg"}],"twitter_card":"summary_large_image","twitter_misc":{"Gesch\u00e4tzte Lesezeit":"1\u00a0Minute"},"schema":{"@context":"https:\/\/schema.org","@graph":[{"@type":"WebPage","@id":"https:\/\/www.lamigraf.com\/de\/designs\/dallas-2\/","url":"https:\/\/www.lamigraf.com\/de\/designs\/dallas-2\/","name":"DALLAS - Lamigraf","isPartOf":{"@id":"https:\/\/www.lamigraf.com\/#website"},"primaryImageOfPage":{"@id":"https:\/\/www.lamigraf.com\/de\/designs\/dallas-2\/#primaryimage"},"image":{"@id":"https:\/\/www.lamigraf.com\/de\/designs\/dallas-2\/#primaryimage"},"thumbnailUrl":"https:\/\/www.lamigraf.com\/wp-content\/uploads\/2024\/06\/03006-O.jpg","datePublished":"2024-06-07T07:50:57+00:00","dateModified":"2025-04-09T11:30:08+00:00","breadcrumb":{"@id":"https:\/\/www.lamigraf.com\/de\/designs\/dallas-2\/#breadcrumb"},"inLanguage":"de","potentialAction":[{"@type":"ReadAction","target":["https:\/\/www.lamigraf.com\/de\/designs\/dallas-2\/"]}]},{"@type":"ImageObject","inLanguage":"de","@id":"https:\/\/www.lamigraf.com\/de\/designs\/dallas-2\/#primaryimage","url":"https:\/\/www.lamigraf.com\/wp-content\/uploads\/2024\/06\/03006-O.jpg","contentUrl":"https:\/\/www.lamigraf.com\/wp-content\/uploads\/2024\/06\/03006-O.jpg","width":1920,"height":1135},{"@type":"BreadcrumbList","@id":"https:\/\/www.lamigraf.com\/de\/designs\/dallas-2\/#breadcrumb","itemListElement":[{"@type":"ListItem","position":1,"name":"Home","item":"https:\/\/www.lamigraf.com\/de\/"},{"@type":"ListItem","position":2,"name":"Designs","item":"https:\/\/www.lamigraf.com\/designs\/"},{"@type":"ListItem","position":3,"name":"DALLAS"}]},{"@type":"WebSite","@id":"https:\/\/www.lamigraf.com\/#website","url":"https:\/\/www.lamigraf.com\/","name":"Lamigraf","description":"","publisher":{"@id":"https:\/\/www.lamigraf.com\/#organization"},"potentialAction":[{"@type":"SearchAction","target":{"@type":"EntryPoint","urlTemplate":"https:\/\/www.lamigraf.com\/?s={search_term_string}"},"query-input":{"@type":"PropertyValueSpecification","valueRequired":true,"valueName":"search_term_string"}}],"inLanguage":"de"},{"@type":"Organization","@id":"https:\/\/www.lamigraf.com\/#organization","name":"Lamigraf","url":"https:\/\/www.lamigraf.com\/","logo":{"@type":"ImageObject","inLanguage":"de","@id":"https:\/\/www.lamigraf.com\/#\/schema\/logo\/image\/","url":"https:\/\/www.lamigraf.com\/wp-content\/uploads\/2024\/05\/Logo-white.svg","contentUrl":"https:\/\/www.lamigraf.com\/wp-content\/uploads\/2024\/05\/Logo-white.svg","width":147,"height":36,"caption":"Lamigraf"},"image":{"@id":"https:\/\/www.lamigraf.com\/#\/schema\/logo\/image\/"}}]}},"_links":{"self":[{"href":"https:\/\/www.lamigraf.com\/de\/wp-json\/wp\/v2\/product\/12379","targetHints":{"allow":["GET"]}}],"collection":[{"href":"https:\/\/www.lamigraf.com\/de\/wp-json\/wp\/v2\/product"}],"about":[{"href":"https:\/\/www.lamigraf.com\/de\/wp-json\/wp\/v2\/types\/product"}],"version-history":[{"count":1,"href":"https:\/\/www.lamigraf.com\/de\/wp-json\/wp\/v2\/product\/12379\/revisions"}],"predecessor-version":[{"id":88011,"href":"https:\/\/www.lamigraf.com\/de\/wp-json\/wp\/v2\/product\/12379\/revisions\/88011"}],"acf:attachment":[{"embeddable":true,"href":"https:\/\/www.lamigraf.com\/de\/wp-json\/wp\/v2\/media\/77855"},{"embeddable":true,"href":"https:\/\/www.lamigraf.com\/de\/wp-json\/wp\/v2\/media\/13268"}],"wp:featuredmedia":[{"embeddable":true,"href":"https:\/\/www.lamigraf.com\/de\/wp-json\/wp\/v2\/media\/13261"}],"wp:attachment":[{"href":"https:\/\/www.lamigraf.com\/de\/wp-json\/wp\/v2\/media?parent=12379"}],"wp:term":[{"taxonomy":"product_applications","embeddable":true,"href":"https:\/\/www.lamigraf.com\/de\/wp-json\/wp\/v2\/applications?post=12379"},{"taxonomy":"product_type","embeddable":true,"href":"https:\/\/www.lamigraf.com\/de\/wp-json\/wp\/v2\/design-types?post=12379"},{"taxonomy":"product_characteristics","embeddable":true,"href":"https:\/\/www.lamigraf.com\/de\/wp-json\/wp\/v2\/characteristics?post=12379"},{"taxonomy":"product_apparence","embeddable":true,"href":"https:\/\/www.lamigraf.com\/de\/wp-json\/wp\/v2\/appearance?post=12379"}],"curies":[{"name":"wp","href":"https:\/\/api.w.org\/{rel}","templated":true}]}}