{"id":12385,"date":"2024-06-07T09:50:57","date_gmt":"2024-06-07T07:50:57","guid":{"rendered":"http:\/\/lamigraf.com\/designs\/verona-2\/"},"modified":"2025-04-10T11:53:30","modified_gmt":"2025-04-10T09:53:30","slug":"verona-2","status":"publish","type":"product","link":"https:\/\/www.lamigraf.com\/de\/designs\/verona-2\/","title":{"rendered":"VERONA"},"content":{"rendered":"\n<p>Durch die harmonische Kombination nat\u00fcrlicher Elemente mit einem Hauch von K\u00fchnheit verk\u00f6rpert Verona das ideale Gleichgewicht zwischen modern und rustikal. Nat\u00fcrliches Eichenholz mit sanften Rissen ist die perfekte Antwort auf die wachsende Beliebtheit neu interpretierter rustikaler Stile. Seine Vielseitigkeit ist bemerkenswert und erm\u00f6glicht den Einsatz in einer Vielzahl von R\u00e4umen, in denen es eine Aura von Raffinesse und zeitlosem Charme verleiht.<\/p>\n","protected":false},"excerpt":{"rendered":"<p>Durch die harmonische Kombination nat\u00fcrlicher Elemente mit einem Hauch von K\u00fchnheit verk\u00f6rpert Verona das ideale Gleichgewicht zwischen modern und rustikal. Nat\u00fcrliches Eichenholz mit sanften Rissen ist die perfekte Antwort auf die wachsende Beliebtheit neu interpretierter rustikaler Stile. Seine Vielseitigkeit ist bemerkenswert und erm\u00f6glicht den Einsatz in einer Vielzahl von R\u00e4umen, in denen es eine Aura [&hellip;]<\/p>\n","protected":false},"featured_media":13163,"template":"","meta":{"_acf_changed":false,"_gspb_post_css":"","footnotes":""},"applications":[8,691],"design-types":[706,811,604],"characteristics":[195,692,862,858],"appearance":[783],"class_list":["post-12385","product","type-product","status-publish","has-post-thumbnail","hentry","product_applications-furniture","product_applications-furniture-de","product_type-oak-de","product_type-wood-de","product_type-oak","product_characteristics-cathedrals","product_characteristics-cathedrals-de","product_characteristics-planked-de","product_characteristics-cracks-de","product_apparence-brushed-de"],"acf":{"code":"3014","peripheral_development":"1300","axial_development":"2200","cylinders":"3","data_sheet":79612,"collections":[{"code":"3014-0201","thumbnail":84078,"render":84106},{"code":"3014-0301","thumbnail":84072,"render":84112},{"code":"3014-0302","thumbnail":84084,"render":84118},{"code":"3014-0303","thumbnail":84090,"render":84124},{"code":"3014-0304","thumbnail":84096,"render":84130}],"usages":[13170,80736],"inspiration":{"top":{"title":"Tischplatte","thumbnail":16586,"reference":"2697-0301"},"bottom_title":"Regale"},"hover_image":13170,"eir":"","collaborator":{"name":"","link":""},"synchro_wood":false,"novedad":false},"yoast_head":"<!-- This site is optimized with the Yoast SEO plugin v25.2 - https:\/\/yoast.com\/wordpress\/plugins\/seo\/ -->\n<title>VERONA - Lamigraf<\/title>\n<meta name=\"robots\" content=\"index, follow, max-snippet:-1, max-image-preview:large, max-video-preview:-1\" \/>\n<link rel=\"canonical\" href=\"https:\/\/www.lamigraf.com\/de\/designs\/verona-2\/\" \/>\n<meta property=\"og:locale\" content=\"de_DE\" \/>\n<meta property=\"og:type\" content=\"article\" \/>\n<meta property=\"og:title\" content=\"VERONA - Lamigraf\" \/>\n<meta property=\"og:description\" content=\"Durch die harmonische Kombination nat\u00fcrlicher Elemente mit einem Hauch von K\u00fchnheit verk\u00f6rpert Verona das ideale Gleichgewicht zwischen modern und rustikal. Nat\u00fcrliches Eichenholz mit sanften Rissen ist die perfekte Antwort auf die wachsende Beliebtheit neu interpretierter rustikaler Stile. Seine Vielseitigkeit ist bemerkenswert und erm\u00f6glicht den Einsatz in einer Vielzahl von R\u00e4umen, in denen es eine Aura [&hellip;]\" \/>\n<meta property=\"og:url\" content=\"https:\/\/www.lamigraf.com\/de\/designs\/verona-2\/\" \/>\n<meta property=\"og:site_name\" content=\"Lamigraf\" \/>\n<meta property=\"article:modified_time\" content=\"2025-04-10T09:53:30+00:00\" \/>\n<meta property=\"og:image\" content=\"https:\/\/www.lamigraf.com\/wp-content\/uploads\/2024\/06\/03014-O-scaled.jpg\" \/>\n\t<meta property=\"og:image:width\" content=\"1390\" \/>\n\t<meta property=\"og:image:height\" content=\"2560\" \/>\n\t<meta property=\"og:image:type\" content=\"image\/jpeg\" \/>\n<meta name=\"twitter:card\" content=\"summary_large_image\" \/>\n<meta name=\"twitter:label1\" content=\"Gesch\u00e4tzte Lesezeit\" \/>\n\t<meta name=\"twitter:data1\" content=\"1\u00a0Minute\" \/>\n<script type=\"application\/ld+json\" class=\"yoast-schema-graph\">{\"@context\":\"https:\/\/schema.org\",\"@graph\":[{\"@type\":\"WebPage\",\"@id\":\"https:\/\/www.lamigraf.com\/de\/designs\/verona-2\/\",\"url\":\"https:\/\/www.lamigraf.com\/de\/designs\/verona-2\/\",\"name\":\"VERONA - Lamigraf\",\"isPartOf\":{\"@id\":\"https:\/\/www.lamigraf.com\/#website\"},\"primaryImageOfPage\":{\"@id\":\"https:\/\/www.lamigraf.com\/de\/designs\/verona-2\/#primaryimage\"},\"image\":{\"@id\":\"https:\/\/www.lamigraf.com\/de\/designs\/verona-2\/#primaryimage\"},\"thumbnailUrl\":\"https:\/\/www.lamigraf.com\/wp-content\/uploads\/2024\/06\/03014-O-scaled.jpg\",\"datePublished\":\"2024-06-07T07:50:57+00:00\",\"dateModified\":\"2025-04-10T09:53:30+00:00\",\"breadcrumb\":{\"@id\":\"https:\/\/www.lamigraf.com\/de\/designs\/verona-2\/#breadcrumb\"},\"inLanguage\":\"de\",\"potentialAction\":[{\"@type\":\"ReadAction\",\"target\":[\"https:\/\/www.lamigraf.com\/de\/designs\/verona-2\/\"]}]},{\"@type\":\"ImageObject\",\"inLanguage\":\"de\",\"@id\":\"https:\/\/www.lamigraf.com\/de\/designs\/verona-2\/#primaryimage\",\"url\":\"https:\/\/www.lamigraf.com\/wp-content\/uploads\/2024\/06\/03014-O-scaled.jpg\",\"contentUrl\":\"https:\/\/www.lamigraf.com\/wp-content\/uploads\/2024\/06\/03014-O-scaled.jpg\",\"width\":1390,\"height\":2560},{\"@type\":\"BreadcrumbList\",\"@id\":\"https:\/\/www.lamigraf.com\/de\/designs\/verona-2\/#breadcrumb\",\"itemListElement\":[{\"@type\":\"ListItem\",\"position\":1,\"name\":\"Home\",\"item\":\"https:\/\/www.lamigraf.com\/de\/\"},{\"@type\":\"ListItem\",\"position\":2,\"name\":\"Designs\",\"item\":\"https:\/\/www.lamigraf.com\/designs\/\"},{\"@type\":\"ListItem\",\"position\":3,\"name\":\"VERONA\"}]},{\"@type\":\"WebSite\",\"@id\":\"https:\/\/www.lamigraf.com\/#website\",\"url\":\"https:\/\/www.lamigraf.com\/\",\"name\":\"Lamigraf\",\"description\":\"\",\"publisher\":{\"@id\":\"https:\/\/www.lamigraf.com\/#organization\"},\"potentialAction\":[{\"@type\":\"SearchAction\",\"target\":{\"@type\":\"EntryPoint\",\"urlTemplate\":\"https:\/\/www.lamigraf.com\/?s={search_term_string}\"},\"query-input\":{\"@type\":\"PropertyValueSpecification\",\"valueRequired\":true,\"valueName\":\"search_term_string\"}}],\"inLanguage\":\"de\"},{\"@type\":\"Organization\",\"@id\":\"https:\/\/www.lamigraf.com\/#organization\",\"name\":\"Lamigraf\",\"url\":\"https:\/\/www.lamigraf.com\/\",\"logo\":{\"@type\":\"ImageObject\",\"inLanguage\":\"de\",\"@id\":\"https:\/\/www.lamigraf.com\/#\/schema\/logo\/image\/\",\"url\":\"https:\/\/www.lamigraf.com\/wp-content\/uploads\/2024\/05\/Logo-white.svg\",\"contentUrl\":\"https:\/\/www.lamigraf.com\/wp-content\/uploads\/2024\/05\/Logo-white.svg\",\"width\":147,\"height\":36,\"caption\":\"Lamigraf\"},\"image\":{\"@id\":\"https:\/\/www.lamigraf.com\/#\/schema\/logo\/image\/\"}}]}<\/script>\n<!-- \/ Yoast SEO plugin. -->","yoast_head_json":{"title":"VERONA - Lamigraf","robots":{"index":"index","follow":"follow","max-snippet":"max-snippet:-1","max-image-preview":"max-image-preview:large","max-video-preview":"max-video-preview:-1"},"canonical":"https:\/\/www.lamigraf.com\/de\/designs\/verona-2\/","og_locale":"de_DE","og_type":"article","og_title":"VERONA - Lamigraf","og_description":"Durch die harmonische Kombination nat\u00fcrlicher Elemente mit einem Hauch von K\u00fchnheit verk\u00f6rpert Verona das ideale Gleichgewicht zwischen modern und rustikal. Nat\u00fcrliches Eichenholz mit sanften Rissen ist die perfekte Antwort auf die wachsende Beliebtheit neu interpretierter rustikaler Stile. Seine Vielseitigkeit ist bemerkenswert und erm\u00f6glicht den Einsatz in einer Vielzahl von R\u00e4umen, in denen es eine Aura [&hellip;]","og_url":"https:\/\/www.lamigraf.com\/de\/designs\/verona-2\/","og_site_name":"Lamigraf","article_modified_time":"2025-04-10T09:53:30+00:00","og_image":[{"width":1390,"height":2560,"url":"https:\/\/www.lamigraf.com\/wp-content\/uploads\/2024\/06\/03014-O-scaled.jpg","type":"image\/jpeg"}],"twitter_card":"summary_large_image","twitter_misc":{"Gesch\u00e4tzte Lesezeit":"1\u00a0Minute"},"schema":{"@context":"https:\/\/schema.org","@graph":[{"@type":"WebPage","@id":"https:\/\/www.lamigraf.com\/de\/designs\/verona-2\/","url":"https:\/\/www.lamigraf.com\/de\/designs\/verona-2\/","name":"VERONA - Lamigraf","isPartOf":{"@id":"https:\/\/www.lamigraf.com\/#website"},"primaryImageOfPage":{"@id":"https:\/\/www.lamigraf.com\/de\/designs\/verona-2\/#primaryimage"},"image":{"@id":"https:\/\/www.lamigraf.com\/de\/designs\/verona-2\/#primaryimage"},"thumbnailUrl":"https:\/\/www.lamigraf.com\/wp-content\/uploads\/2024\/06\/03014-O-scaled.jpg","datePublished":"2024-06-07T07:50:57+00:00","dateModified":"2025-04-10T09:53:30+00:00","breadcrumb":{"@id":"https:\/\/www.lamigraf.com\/de\/designs\/verona-2\/#breadcrumb"},"inLanguage":"de","potentialAction":[{"@type":"ReadAction","target":["https:\/\/www.lamigraf.com\/de\/designs\/verona-2\/"]}]},{"@type":"ImageObject","inLanguage":"de","@id":"https:\/\/www.lamigraf.com\/de\/designs\/verona-2\/#primaryimage","url":"https:\/\/www.lamigraf.com\/wp-content\/uploads\/2024\/06\/03014-O-scaled.jpg","contentUrl":"https:\/\/www.lamigraf.com\/wp-content\/uploads\/2024\/06\/03014-O-scaled.jpg","width":1390,"height":2560},{"@type":"BreadcrumbList","@id":"https:\/\/www.lamigraf.com\/de\/designs\/verona-2\/#breadcrumb","itemListElement":[{"@type":"ListItem","position":1,"name":"Home","item":"https:\/\/www.lamigraf.com\/de\/"},{"@type":"ListItem","position":2,"name":"Designs","item":"https:\/\/www.lamigraf.com\/designs\/"},{"@type":"ListItem","position":3,"name":"VERONA"}]},{"@type":"WebSite","@id":"https:\/\/www.lamigraf.com\/#website","url":"https:\/\/www.lamigraf.com\/","name":"Lamigraf","description":"","publisher":{"@id":"https:\/\/www.lamigraf.com\/#organization"},"potentialAction":[{"@type":"SearchAction","target":{"@type":"EntryPoint","urlTemplate":"https:\/\/www.lamigraf.com\/?s={search_term_string}"},"query-input":{"@type":"PropertyValueSpecification","valueRequired":true,"valueName":"search_term_string"}}],"inLanguage":"de"},{"@type":"Organization","@id":"https:\/\/www.lamigraf.com\/#organization","name":"Lamigraf","url":"https:\/\/www.lamigraf.com\/","logo":{"@type":"ImageObject","inLanguage":"de","@id":"https:\/\/www.lamigraf.com\/#\/schema\/logo\/image\/","url":"https:\/\/www.lamigraf.com\/wp-content\/uploads\/2024\/05\/Logo-white.svg","contentUrl":"https:\/\/www.lamigraf.com\/wp-content\/uploads\/2024\/05\/Logo-white.svg","width":147,"height":36,"caption":"Lamigraf"},"image":{"@id":"https:\/\/www.lamigraf.com\/#\/schema\/logo\/image\/"}}]}},"_links":{"self":[{"href":"https:\/\/www.lamigraf.com\/de\/wp-json\/wp\/v2\/product\/12385","targetHints":{"allow":["GET"]}}],"collection":[{"href":"https:\/\/www.lamigraf.com\/de\/wp-json\/wp\/v2\/product"}],"about":[{"href":"https:\/\/www.lamigraf.com\/de\/wp-json\/wp\/v2\/types\/product"}],"version-history":[{"count":1,"href":"https:\/\/www.lamigraf.com\/de\/wp-json\/wp\/v2\/product\/12385\/revisions"}],"predecessor-version":[{"id":88179,"href":"https:\/\/www.lamigraf.com\/de\/wp-json\/wp\/v2\/product\/12385\/revisions\/88179"}],"acf:attachment":[{"embeddable":true,"href":"https:\/\/www.lamigraf.com\/de\/wp-json\/wp\/v2\/media\/80736"},{"embeddable":true,"href":"https:\/\/www.lamigraf.com\/de\/wp-json\/wp\/v2\/media\/13170"}],"wp:featuredmedia":[{"embeddable":true,"href":"https:\/\/www.lamigraf.com\/de\/wp-json\/wp\/v2\/media\/13163"}],"wp:attachment":[{"href":"https:\/\/www.lamigraf.com\/de\/wp-json\/wp\/v2\/media?parent=12385"}],"wp:term":[{"taxonomy":"product_applications","embeddable":true,"href":"https:\/\/www.lamigraf.com\/de\/wp-json\/wp\/v2\/applications?post=12385"},{"taxonomy":"product_type","embeddable":true,"href":"https:\/\/www.lamigraf.com\/de\/wp-json\/wp\/v2\/design-types?post=12385"},{"taxonomy":"product_characteristics","embeddable":true,"href":"https:\/\/www.lamigraf.com\/de\/wp-json\/wp\/v2\/characteristics?post=12385"},{"taxonomy":"product_apparence","embeddable":true,"href":"https:\/\/www.lamigraf.com\/de\/wp-json\/wp\/v2\/appearance?post=12385"}],"curies":[{"name":"wp","href":"https:\/\/api.w.org\/{rel}","templated":true}]}}