{"id":12388,"date":"2024-06-07T09:50:58","date_gmt":"2024-06-07T07:50:58","guid":{"rendered":"http:\/\/lamigraf.com\/designs\/levante-2\/"},"modified":"2025-04-09T11:34:00","modified_gmt":"2025-04-09T09:34:00","slug":"levante-2","status":"publish","type":"product","link":"https:\/\/www.lamigraf.com\/de\/designs\/levante-2\/","title":{"rendered":"LEVANTE"},"content":{"rendered":"\n<p>Levante\u00a0ist mehr als nur ein St\u00fcck Holz \u2013 es ist eine nostalgische Erz\u00e4hlung \u00fcber den Lauf der Zeit, verwurzelt in einem innovativen und zeitgem\u00e4\u00dfen Ansatz zur Nutzung dieses vertrauten Materials. Durch die Erkundung der \u00e4sthetischen und expressiven M\u00f6glichkeiten geometrischer Formen nimmt uns\u00a0Levante\u00a0mit auf eine emotionale und visuell fesselnde Reise. Die dynamischen Muster und Texturen, die durch Geometrie entstehen, verleihen der Holzoberfl\u00e4che eine zus\u00e4tzliche Tiefe und visuelle Spannung und definieren ihre Einzigartigkeit und Originalit\u00e4t neu. Durch die Verschmelzung der nat\u00fcrlichen Sch\u00f6nheit des Holzes mit geometrischer Pr\u00e4zision bringt dieses Konzept R\u00e4ume zum Leben, die nicht nur visuell beeindruckend, sondern auch funktional und inspirierend sind \u2013 und l\u00e4dt uns ein, die Schnittstelle zwischen Vergangenheit und Gegenwart, Nostalgie und Innovation zu erkunden.<\/p>\n","protected":false},"excerpt":{"rendered":"<p>Levante\u00a0ist mehr als nur ein St\u00fcck Holz \u2013 es ist eine nostalgische Erz\u00e4hlung \u00fcber den Lauf der Zeit, verwurzelt in einem innovativen und zeitgem\u00e4\u00dfen Ansatz zur Nutzung dieses vertrauten Materials. Durch die Erkundung der \u00e4sthetischen und expressiven M\u00f6glichkeiten geometrischer Formen nimmt uns\u00a0Levante\u00a0mit auf eine emotionale und visuell fesselnde Reise. Die dynamischen Muster und Texturen, die [&hellip;]<\/p>\n","protected":false},"featured_media":97667,"template":"","meta":{"_acf_changed":false,"_gspb_post_css":"","footnotes":""},"applications":[8,691],"design-types":[837,622,726,838],"characteristics":[],"appearance":[],"class_list":["post-12388","product","type-product","status-publish","has-post-thumbnail","hentry","product_applications-furniture","product_applications-furniture-de","product_type-creatives-de","product_type-geometrics","product_type-geometrics-de","product_type-digital-print-innovations-de"],"acf":{"code":"3013","peripheral_development":"1300","axial_development":"850","cylinders":"0","data_sheet":79619,"collections":[{"code":"3013-J002","thumbnail":13086,"render":97695},{"code":"3013-J003","thumbnail":13093,"render":97688},{"code":"3013-J009","thumbnail":13121,"render":97681},{"code":"3013-J015","thumbnail":13100,"render":97674}],"usages":[97702,97681],"inspiration":{"top":{"title":"Paneelwand","thumbnail":16376,"reference":"2698-0302"},"bottom_title":"Kopfteil"},"hover_image":97702,"eir":"","collaborator":{"name":"","link":""},"synchro_wood":false,"novedad":false},"yoast_head":"<!-- This site is optimized with the Yoast SEO plugin v25.2 - https:\/\/yoast.com\/wordpress\/plugins\/seo\/ -->\n<title>LEVANTE - Lamigraf<\/title>\n<meta name=\"robots\" content=\"index, follow, max-snippet:-1, max-image-preview:large, max-video-preview:-1\" \/>\n<link rel=\"canonical\" href=\"https:\/\/www.lamigraf.com\/de\/designs\/levante-2\/\" \/>\n<meta property=\"og:locale\" content=\"de_DE\" \/>\n<meta property=\"og:type\" content=\"article\" \/>\n<meta property=\"og:title\" content=\"LEVANTE - Lamigraf\" \/>\n<meta property=\"og:description\" content=\"Levante\u00a0ist mehr als nur ein St\u00fcck Holz \u2013 es ist eine nostalgische Erz\u00e4hlung \u00fcber den Lauf der Zeit, verwurzelt in einem innovativen und zeitgem\u00e4\u00dfen Ansatz zur Nutzung dieses vertrauten Materials. Durch die Erkundung der \u00e4sthetischen und expressiven M\u00f6glichkeiten geometrischer Formen nimmt uns\u00a0Levante\u00a0mit auf eine emotionale und visuell fesselnde Reise. Die dynamischen Muster und Texturen, die [&hellip;]\" \/>\n<meta property=\"og:url\" content=\"https:\/\/www.lamigraf.com\/de\/designs\/levante-2\/\" \/>\n<meta property=\"og:site_name\" content=\"Lamigraf\" \/>\n<meta property=\"article:modified_time\" content=\"2025-04-09T09:34:00+00:00\" \/>\n<meta property=\"og:image\" content=\"https:\/\/www.lamigraf.com\/wp-content\/uploads\/2024\/06\/03013-O-scaled.jpg\" \/>\n\t<meta property=\"og:image:width\" content=\"1674\" \/>\n\t<meta property=\"og:image:height\" content=\"2560\" \/>\n\t<meta property=\"og:image:type\" content=\"image\/jpeg\" \/>\n<meta name=\"twitter:card\" content=\"summary_large_image\" \/>\n<meta name=\"twitter:label1\" content=\"Gesch\u00e4tzte Lesezeit\" \/>\n\t<meta name=\"twitter:data1\" content=\"1\u00a0Minute\" \/>\n<script type=\"application\/ld+json\" class=\"yoast-schema-graph\">{\"@context\":\"https:\/\/schema.org\",\"@graph\":[{\"@type\":\"WebPage\",\"@id\":\"https:\/\/www.lamigraf.com\/de\/designs\/levante-2\/\",\"url\":\"https:\/\/www.lamigraf.com\/de\/designs\/levante-2\/\",\"name\":\"LEVANTE - Lamigraf\",\"isPartOf\":{\"@id\":\"https:\/\/www.lamigraf.com\/#website\"},\"primaryImageOfPage\":{\"@id\":\"https:\/\/www.lamigraf.com\/de\/designs\/levante-2\/#primaryimage\"},\"image\":{\"@id\":\"https:\/\/www.lamigraf.com\/de\/designs\/levante-2\/#primaryimage\"},\"thumbnailUrl\":\"https:\/\/www.lamigraf.com\/wp-content\/uploads\/2024\/06\/03013-J009.jpg\",\"datePublished\":\"2024-06-07T07:50:58+00:00\",\"dateModified\":\"2025-04-09T09:34:00+00:00\",\"breadcrumb\":{\"@id\":\"https:\/\/www.lamigraf.com\/de\/designs\/levante-2\/#breadcrumb\"},\"inLanguage\":\"de\",\"potentialAction\":[{\"@type\":\"ReadAction\",\"target\":[\"https:\/\/www.lamigraf.com\/de\/designs\/levante-2\/\"]}]},{\"@type\":\"ImageObject\",\"inLanguage\":\"de\",\"@id\":\"https:\/\/www.lamigraf.com\/de\/designs\/levante-2\/#primaryimage\",\"url\":\"https:\/\/www.lamigraf.com\/wp-content\/uploads\/2024\/06\/03013-J009.jpg\",\"contentUrl\":\"https:\/\/www.lamigraf.com\/wp-content\/uploads\/2024\/06\/03013-J009.jpg\",\"width\":1256,\"height\":1920},{\"@type\":\"BreadcrumbList\",\"@id\":\"https:\/\/www.lamigraf.com\/de\/designs\/levante-2\/#breadcrumb\",\"itemListElement\":[{\"@type\":\"ListItem\",\"position\":1,\"name\":\"Home\",\"item\":\"https:\/\/www.lamigraf.com\/de\/\"},{\"@type\":\"ListItem\",\"position\":2,\"name\":\"Designs\",\"item\":\"https:\/\/www.lamigraf.com\/designs\/\"},{\"@type\":\"ListItem\",\"position\":3,\"name\":\"LEVANTE\"}]},{\"@type\":\"WebSite\",\"@id\":\"https:\/\/www.lamigraf.com\/#website\",\"url\":\"https:\/\/www.lamigraf.com\/\",\"name\":\"Lamigraf\",\"description\":\"\",\"publisher\":{\"@id\":\"https:\/\/www.lamigraf.com\/#organization\"},\"potentialAction\":[{\"@type\":\"SearchAction\",\"target\":{\"@type\":\"EntryPoint\",\"urlTemplate\":\"https:\/\/www.lamigraf.com\/?s={search_term_string}\"},\"query-input\":{\"@type\":\"PropertyValueSpecification\",\"valueRequired\":true,\"valueName\":\"search_term_string\"}}],\"inLanguage\":\"de\"},{\"@type\":\"Organization\",\"@id\":\"https:\/\/www.lamigraf.com\/#organization\",\"name\":\"Lamigraf\",\"url\":\"https:\/\/www.lamigraf.com\/\",\"logo\":{\"@type\":\"ImageObject\",\"inLanguage\":\"de\",\"@id\":\"https:\/\/www.lamigraf.com\/#\/schema\/logo\/image\/\",\"url\":\"https:\/\/www.lamigraf.com\/wp-content\/uploads\/2024\/05\/Logo-white.svg\",\"contentUrl\":\"https:\/\/www.lamigraf.com\/wp-content\/uploads\/2024\/05\/Logo-white.svg\",\"width\":147,\"height\":36,\"caption\":\"Lamigraf\"},\"image\":{\"@id\":\"https:\/\/www.lamigraf.com\/#\/schema\/logo\/image\/\"}}]}<\/script>\n<!-- \/ Yoast SEO plugin. -->","yoast_head_json":{"title":"LEVANTE - Lamigraf","robots":{"index":"index","follow":"follow","max-snippet":"max-snippet:-1","max-image-preview":"max-image-preview:large","max-video-preview":"max-video-preview:-1"},"canonical":"https:\/\/www.lamigraf.com\/de\/designs\/levante-2\/","og_locale":"de_DE","og_type":"article","og_title":"LEVANTE - Lamigraf","og_description":"Levante\u00a0ist mehr als nur ein St\u00fcck Holz \u2013 es ist eine nostalgische Erz\u00e4hlung \u00fcber den Lauf der Zeit, verwurzelt in einem innovativen und zeitgem\u00e4\u00dfen Ansatz zur Nutzung dieses vertrauten Materials. Durch die Erkundung der \u00e4sthetischen und expressiven M\u00f6glichkeiten geometrischer Formen nimmt uns\u00a0Levante\u00a0mit auf eine emotionale und visuell fesselnde Reise. Die dynamischen Muster und Texturen, die [&hellip;]","og_url":"https:\/\/www.lamigraf.com\/de\/designs\/levante-2\/","og_site_name":"Lamigraf","article_modified_time":"2025-04-09T09:34:00+00:00","og_image":[{"width":1674,"height":2560,"url":"https:\/\/www.lamigraf.com\/wp-content\/uploads\/2024\/06\/03013-O-scaled.jpg","type":"image\/jpeg"}],"twitter_card":"summary_large_image","twitter_misc":{"Gesch\u00e4tzte Lesezeit":"1\u00a0Minute"},"schema":{"@context":"https:\/\/schema.org","@graph":[{"@type":"WebPage","@id":"https:\/\/www.lamigraf.com\/de\/designs\/levante-2\/","url":"https:\/\/www.lamigraf.com\/de\/designs\/levante-2\/","name":"LEVANTE - Lamigraf","isPartOf":{"@id":"https:\/\/www.lamigraf.com\/#website"},"primaryImageOfPage":{"@id":"https:\/\/www.lamigraf.com\/de\/designs\/levante-2\/#primaryimage"},"image":{"@id":"https:\/\/www.lamigraf.com\/de\/designs\/levante-2\/#primaryimage"},"thumbnailUrl":"https:\/\/www.lamigraf.com\/wp-content\/uploads\/2024\/06\/03013-J009.jpg","datePublished":"2024-06-07T07:50:58+00:00","dateModified":"2025-04-09T09:34:00+00:00","breadcrumb":{"@id":"https:\/\/www.lamigraf.com\/de\/designs\/levante-2\/#breadcrumb"},"inLanguage":"de","potentialAction":[{"@type":"ReadAction","target":["https:\/\/www.lamigraf.com\/de\/designs\/levante-2\/"]}]},{"@type":"ImageObject","inLanguage":"de","@id":"https:\/\/www.lamigraf.com\/de\/designs\/levante-2\/#primaryimage","url":"https:\/\/www.lamigraf.com\/wp-content\/uploads\/2024\/06\/03013-J009.jpg","contentUrl":"https:\/\/www.lamigraf.com\/wp-content\/uploads\/2024\/06\/03013-J009.jpg","width":1256,"height":1920},{"@type":"BreadcrumbList","@id":"https:\/\/www.lamigraf.com\/de\/designs\/levante-2\/#breadcrumb","itemListElement":[{"@type":"ListItem","position":1,"name":"Home","item":"https:\/\/www.lamigraf.com\/de\/"},{"@type":"ListItem","position":2,"name":"Designs","item":"https:\/\/www.lamigraf.com\/designs\/"},{"@type":"ListItem","position":3,"name":"LEVANTE"}]},{"@type":"WebSite","@id":"https:\/\/www.lamigraf.com\/#website","url":"https:\/\/www.lamigraf.com\/","name":"Lamigraf","description":"","publisher":{"@id":"https:\/\/www.lamigraf.com\/#organization"},"potentialAction":[{"@type":"SearchAction","target":{"@type":"EntryPoint","urlTemplate":"https:\/\/www.lamigraf.com\/?s={search_term_string}"},"query-input":{"@type":"PropertyValueSpecification","valueRequired":true,"valueName":"search_term_string"}}],"inLanguage":"de"},{"@type":"Organization","@id":"https:\/\/www.lamigraf.com\/#organization","name":"Lamigraf","url":"https:\/\/www.lamigraf.com\/","logo":{"@type":"ImageObject","inLanguage":"de","@id":"https:\/\/www.lamigraf.com\/#\/schema\/logo\/image\/","url":"https:\/\/www.lamigraf.com\/wp-content\/uploads\/2024\/05\/Logo-white.svg","contentUrl":"https:\/\/www.lamigraf.com\/wp-content\/uploads\/2024\/05\/Logo-white.svg","width":147,"height":36,"caption":"Lamigraf"},"image":{"@id":"https:\/\/www.lamigraf.com\/#\/schema\/logo\/image\/"}}]}},"_links":{"self":[{"href":"https:\/\/www.lamigraf.com\/de\/wp-json\/wp\/v2\/product\/12388","targetHints":{"allow":["GET"]}}],"collection":[{"href":"https:\/\/www.lamigraf.com\/de\/wp-json\/wp\/v2\/product"}],"about":[{"href":"https:\/\/www.lamigraf.com\/de\/wp-json\/wp\/v2\/types\/product"}],"version-history":[{"count":2,"href":"https:\/\/www.lamigraf.com\/de\/wp-json\/wp\/v2\/product\/12388\/revisions"}],"predecessor-version":[{"id":87944,"href":"https:\/\/www.lamigraf.com\/de\/wp-json\/wp\/v2\/product\/12388\/revisions\/87944"}],"acf:attachment":[{"embeddable":true,"href":"https:\/\/www.lamigraf.com\/de\/wp-json\/wp\/v2\/media\/97681"},{"embeddable":true,"href":"https:\/\/www.lamigraf.com\/de\/wp-json\/wp\/v2\/media\/97702"}],"wp:featuredmedia":[{"embeddable":true,"href":"https:\/\/www.lamigraf.com\/de\/wp-json\/wp\/v2\/media\/97667"}],"wp:attachment":[{"href":"https:\/\/www.lamigraf.com\/de\/wp-json\/wp\/v2\/media?parent=12388"}],"wp:term":[{"taxonomy":"product_applications","embeddable":true,"href":"https:\/\/www.lamigraf.com\/de\/wp-json\/wp\/v2\/applications?post=12388"},{"taxonomy":"product_type","embeddable":true,"href":"https:\/\/www.lamigraf.com\/de\/wp-json\/wp\/v2\/design-types?post=12388"},{"taxonomy":"product_characteristics","embeddable":true,"href":"https:\/\/www.lamigraf.com\/de\/wp-json\/wp\/v2\/characteristics?post=12388"},{"taxonomy":"product_apparence","embeddable":true,"href":"https:\/\/www.lamigraf.com\/de\/wp-json\/wp\/v2\/appearance?post=12388"}],"curies":[{"name":"wp","href":"https:\/\/api.w.org\/{rel}","templated":true}]}}