{"id":12394,"date":"2024-06-07T09:50:58","date_gmt":"2024-06-07T07:50:58","guid":{"rendered":"http:\/\/lamigraf.com\/designs\/cairo-2\/"},"modified":"2025-04-09T12:46:37","modified_gmt":"2025-04-09T10:46:37","slug":"cairo-2","status":"publish","type":"product","link":"https:\/\/www.lamigraf.com\/de\/designs\/cairo-2\/","title":{"rendered":"CAIRO"},"content":{"rendered":"\n<p>Im Einklang mit den wachsenden Umweltbedenken setzt Kairo auf Nachhaltigkeit als grundlegendes Prinzip und integriert zugleich zeitgen\u00f6ssische Elemente, um ein wirklich einzigartiges, modernes Design zu schaffen. Die unverwechselbare \u00c4sthetik in Kombination mit einer sanften, einladenden Farbpalette verspricht nicht nur visuell beeindruckende R\u00e4ume, sondern inspiriert auch zu einem dauerhaften \u00f6kologischen Engagement.<\/p>\n","protected":false},"excerpt":{"rendered":"<p>Im Einklang mit den wachsenden Umweltbedenken setzt Kairo auf Nachhaltigkeit als grundlegendes Prinzip und integriert zugleich zeitgen\u00f6ssische Elemente, um ein wirklich einzigartiges, modernes Design zu schaffen. Die unverwechselbare \u00c4sthetik in Kombination mit einer sanften, einladenden Farbpalette verspricht nicht nur visuell beeindruckende R\u00e4ume, sondern inspiriert auch zu einem dauerhaften \u00f6kologischen Engagement.<\/p>\n","protected":false},"featured_media":13009,"template":"","meta":{"_acf_changed":false,"_gspb_post_css":"","footnotes":""},"applications":[8,691],"design-types":[839,837,613],"characteristics":[],"appearance":[],"class_list":["post-12394","product","type-product","status-publish","has-post-thumbnail","hentry","product_applications-furniture","product_applications-furniture-de","product_type-fantasy-de","product_type-creatives-de","product_type-others"],"acf":{"code":"3016","peripheral_development":"1300","axial_development":"1250","cylinders":"2","data_sheet":79574,"collections":[{"code":"3016-0201","thumbnail":12988,"render":84037},{"code":"3016-0202","thumbnail":13023,"render":84043},{"code":"3016-0203","thumbnail":12995,"render":84049}],"usages":[13016,77725],"inspiration":{"top":{"title":"Innenraum","thumbnail":12568,"reference":"2994-0301"},"bottom_title":"Schrank"},"hover_image":13016,"eir":"","collaborator":{"name":"","link":""},"synchro_wood":false,"novedad":false},"yoast_head":"<!-- This site is optimized with the Yoast SEO plugin v25.2 - https:\/\/yoast.com\/wordpress\/plugins\/seo\/ -->\n<title>CAIRO - Lamigraf<\/title>\n<meta name=\"robots\" content=\"index, follow, max-snippet:-1, max-image-preview:large, max-video-preview:-1\" \/>\n<link rel=\"canonical\" href=\"https:\/\/www.lamigraf.com\/de\/designs\/cairo-2\/\" \/>\n<meta property=\"og:locale\" content=\"de_DE\" \/>\n<meta property=\"og:type\" content=\"article\" \/>\n<meta property=\"og:title\" content=\"CAIRO - Lamigraf\" \/>\n<meta property=\"og:description\" content=\"Im Einklang mit den wachsenden Umweltbedenken setzt Kairo auf Nachhaltigkeit als grundlegendes Prinzip und integriert zugleich zeitgen\u00f6ssische Elemente, um ein wirklich einzigartiges, modernes Design zu schaffen. Die unverwechselbare \u00c4sthetik in Kombination mit einer sanften, einladenden Farbpalette verspricht nicht nur visuell beeindruckende R\u00e4ume, sondern inspiriert auch zu einem dauerhaften \u00f6kologischen Engagement.\" \/>\n<meta property=\"og:url\" content=\"https:\/\/www.lamigraf.com\/de\/designs\/cairo-2\/\" \/>\n<meta property=\"og:site_name\" content=\"Lamigraf\" \/>\n<meta property=\"article:modified_time\" content=\"2025-04-09T10:46:37+00:00\" \/>\n<meta property=\"og:image\" content=\"https:\/\/www.lamigraf.com\/wp-content\/uploads\/2024\/06\/03016-O-985x1024.jpg\" \/>\n\t<meta property=\"og:image:width\" content=\"985\" \/>\n\t<meta property=\"og:image:height\" content=\"1024\" \/>\n\t<meta property=\"og:image:type\" content=\"image\/jpeg\" \/>\n<meta name=\"twitter:card\" content=\"summary_large_image\" \/>\n<meta name=\"twitter:label1\" content=\"Gesch\u00e4tzte Lesezeit\" \/>\n\t<meta name=\"twitter:data1\" content=\"1\u00a0Minute\" \/>\n<script type=\"application\/ld+json\" class=\"yoast-schema-graph\">{\"@context\":\"https:\/\/schema.org\",\"@graph\":[{\"@type\":\"WebPage\",\"@id\":\"https:\/\/www.lamigraf.com\/de\/designs\/cairo-2\/\",\"url\":\"https:\/\/www.lamigraf.com\/de\/designs\/cairo-2\/\",\"name\":\"CAIRO - Lamigraf\",\"isPartOf\":{\"@id\":\"https:\/\/www.lamigraf.com\/#website\"},\"primaryImageOfPage\":{\"@id\":\"https:\/\/www.lamigraf.com\/de\/designs\/cairo-2\/#primaryimage\"},\"image\":{\"@id\":\"https:\/\/www.lamigraf.com\/de\/designs\/cairo-2\/#primaryimage\"},\"thumbnailUrl\":\"https:\/\/www.lamigraf.com\/wp-content\/uploads\/2024\/06\/03016-O.jpg\",\"datePublished\":\"2024-06-07T07:50:58+00:00\",\"dateModified\":\"2025-04-09T10:46:37+00:00\",\"breadcrumb\":{\"@id\":\"https:\/\/www.lamigraf.com\/de\/designs\/cairo-2\/#breadcrumb\"},\"inLanguage\":\"de\",\"potentialAction\":[{\"@type\":\"ReadAction\",\"target\":[\"https:\/\/www.lamigraf.com\/de\/designs\/cairo-2\/\"]}]},{\"@type\":\"ImageObject\",\"inLanguage\":\"de\",\"@id\":\"https:\/\/www.lamigraf.com\/de\/designs\/cairo-2\/#primaryimage\",\"url\":\"https:\/\/www.lamigraf.com\/wp-content\/uploads\/2024\/06\/03016-O.jpg\",\"contentUrl\":\"https:\/\/www.lamigraf.com\/wp-content\/uploads\/2024\/06\/03016-O.jpg\",\"width\":1920,\"height\":1997},{\"@type\":\"BreadcrumbList\",\"@id\":\"https:\/\/www.lamigraf.com\/de\/designs\/cairo-2\/#breadcrumb\",\"itemListElement\":[{\"@type\":\"ListItem\",\"position\":1,\"name\":\"Home\",\"item\":\"https:\/\/www.lamigraf.com\/de\/\"},{\"@type\":\"ListItem\",\"position\":2,\"name\":\"Designs\",\"item\":\"https:\/\/www.lamigraf.com\/designs\/\"},{\"@type\":\"ListItem\",\"position\":3,\"name\":\"CAIRO\"}]},{\"@type\":\"WebSite\",\"@id\":\"https:\/\/www.lamigraf.com\/#website\",\"url\":\"https:\/\/www.lamigraf.com\/\",\"name\":\"Lamigraf\",\"description\":\"\",\"publisher\":{\"@id\":\"https:\/\/www.lamigraf.com\/#organization\"},\"potentialAction\":[{\"@type\":\"SearchAction\",\"target\":{\"@type\":\"EntryPoint\",\"urlTemplate\":\"https:\/\/www.lamigraf.com\/?s={search_term_string}\"},\"query-input\":{\"@type\":\"PropertyValueSpecification\",\"valueRequired\":true,\"valueName\":\"search_term_string\"}}],\"inLanguage\":\"de\"},{\"@type\":\"Organization\",\"@id\":\"https:\/\/www.lamigraf.com\/#organization\",\"name\":\"Lamigraf\",\"url\":\"https:\/\/www.lamigraf.com\/\",\"logo\":{\"@type\":\"ImageObject\",\"inLanguage\":\"de\",\"@id\":\"https:\/\/www.lamigraf.com\/#\/schema\/logo\/image\/\",\"url\":\"https:\/\/www.lamigraf.com\/wp-content\/uploads\/2024\/05\/Logo-white.svg\",\"contentUrl\":\"https:\/\/www.lamigraf.com\/wp-content\/uploads\/2024\/05\/Logo-white.svg\",\"width\":147,\"height\":36,\"caption\":\"Lamigraf\"},\"image\":{\"@id\":\"https:\/\/www.lamigraf.com\/#\/schema\/logo\/image\/\"}}]}<\/script>\n<!-- \/ Yoast SEO plugin. -->","yoast_head_json":{"title":"CAIRO - Lamigraf","robots":{"index":"index","follow":"follow","max-snippet":"max-snippet:-1","max-image-preview":"max-image-preview:large","max-video-preview":"max-video-preview:-1"},"canonical":"https:\/\/www.lamigraf.com\/de\/designs\/cairo-2\/","og_locale":"de_DE","og_type":"article","og_title":"CAIRO - Lamigraf","og_description":"Im Einklang mit den wachsenden Umweltbedenken setzt Kairo auf Nachhaltigkeit als grundlegendes Prinzip und integriert zugleich zeitgen\u00f6ssische Elemente, um ein wirklich einzigartiges, modernes Design zu schaffen. Die unverwechselbare \u00c4sthetik in Kombination mit einer sanften, einladenden Farbpalette verspricht nicht nur visuell beeindruckende R\u00e4ume, sondern inspiriert auch zu einem dauerhaften \u00f6kologischen Engagement.","og_url":"https:\/\/www.lamigraf.com\/de\/designs\/cairo-2\/","og_site_name":"Lamigraf","article_modified_time":"2025-04-09T10:46:37+00:00","og_image":[{"width":985,"height":1024,"url":"https:\/\/www.lamigraf.com\/wp-content\/uploads\/2024\/06\/03016-O-985x1024.jpg","type":"image\/jpeg"}],"twitter_card":"summary_large_image","twitter_misc":{"Gesch\u00e4tzte Lesezeit":"1\u00a0Minute"},"schema":{"@context":"https:\/\/schema.org","@graph":[{"@type":"WebPage","@id":"https:\/\/www.lamigraf.com\/de\/designs\/cairo-2\/","url":"https:\/\/www.lamigraf.com\/de\/designs\/cairo-2\/","name":"CAIRO - Lamigraf","isPartOf":{"@id":"https:\/\/www.lamigraf.com\/#website"},"primaryImageOfPage":{"@id":"https:\/\/www.lamigraf.com\/de\/designs\/cairo-2\/#primaryimage"},"image":{"@id":"https:\/\/www.lamigraf.com\/de\/designs\/cairo-2\/#primaryimage"},"thumbnailUrl":"https:\/\/www.lamigraf.com\/wp-content\/uploads\/2024\/06\/03016-O.jpg","datePublished":"2024-06-07T07:50:58+00:00","dateModified":"2025-04-09T10:46:37+00:00","breadcrumb":{"@id":"https:\/\/www.lamigraf.com\/de\/designs\/cairo-2\/#breadcrumb"},"inLanguage":"de","potentialAction":[{"@type":"ReadAction","target":["https:\/\/www.lamigraf.com\/de\/designs\/cairo-2\/"]}]},{"@type":"ImageObject","inLanguage":"de","@id":"https:\/\/www.lamigraf.com\/de\/designs\/cairo-2\/#primaryimage","url":"https:\/\/www.lamigraf.com\/wp-content\/uploads\/2024\/06\/03016-O.jpg","contentUrl":"https:\/\/www.lamigraf.com\/wp-content\/uploads\/2024\/06\/03016-O.jpg","width":1920,"height":1997},{"@type":"BreadcrumbList","@id":"https:\/\/www.lamigraf.com\/de\/designs\/cairo-2\/#breadcrumb","itemListElement":[{"@type":"ListItem","position":1,"name":"Home","item":"https:\/\/www.lamigraf.com\/de\/"},{"@type":"ListItem","position":2,"name":"Designs","item":"https:\/\/www.lamigraf.com\/designs\/"},{"@type":"ListItem","position":3,"name":"CAIRO"}]},{"@type":"WebSite","@id":"https:\/\/www.lamigraf.com\/#website","url":"https:\/\/www.lamigraf.com\/","name":"Lamigraf","description":"","publisher":{"@id":"https:\/\/www.lamigraf.com\/#organization"},"potentialAction":[{"@type":"SearchAction","target":{"@type":"EntryPoint","urlTemplate":"https:\/\/www.lamigraf.com\/?s={search_term_string}"},"query-input":{"@type":"PropertyValueSpecification","valueRequired":true,"valueName":"search_term_string"}}],"inLanguage":"de"},{"@type":"Organization","@id":"https:\/\/www.lamigraf.com\/#organization","name":"Lamigraf","url":"https:\/\/www.lamigraf.com\/","logo":{"@type":"ImageObject","inLanguage":"de","@id":"https:\/\/www.lamigraf.com\/#\/schema\/logo\/image\/","url":"https:\/\/www.lamigraf.com\/wp-content\/uploads\/2024\/05\/Logo-white.svg","contentUrl":"https:\/\/www.lamigraf.com\/wp-content\/uploads\/2024\/05\/Logo-white.svg","width":147,"height":36,"caption":"Lamigraf"},"image":{"@id":"https:\/\/www.lamigraf.com\/#\/schema\/logo\/image\/"}}]}},"_links":{"self":[{"href":"https:\/\/www.lamigraf.com\/de\/wp-json\/wp\/v2\/product\/12394","targetHints":{"allow":["GET"]}}],"collection":[{"href":"https:\/\/www.lamigraf.com\/de\/wp-json\/wp\/v2\/product"}],"about":[{"href":"https:\/\/www.lamigraf.com\/de\/wp-json\/wp\/v2\/types\/product"}],"version-history":[{"count":1,"href":"https:\/\/www.lamigraf.com\/de\/wp-json\/wp\/v2\/product\/12394\/revisions"}],"predecessor-version":[{"id":87959,"href":"https:\/\/www.lamigraf.com\/de\/wp-json\/wp\/v2\/product\/12394\/revisions\/87959"}],"acf:attachment":[{"embeddable":true,"href":"https:\/\/www.lamigraf.com\/de\/wp-json\/wp\/v2\/media\/77725"},{"embeddable":true,"href":"https:\/\/www.lamigraf.com\/de\/wp-json\/wp\/v2\/media\/13016"}],"wp:featuredmedia":[{"embeddable":true,"href":"https:\/\/www.lamigraf.com\/de\/wp-json\/wp\/v2\/media\/13009"}],"wp:attachment":[{"href":"https:\/\/www.lamigraf.com\/de\/wp-json\/wp\/v2\/media?parent=12394"}],"wp:term":[{"taxonomy":"product_applications","embeddable":true,"href":"https:\/\/www.lamigraf.com\/de\/wp-json\/wp\/v2\/applications?post=12394"},{"taxonomy":"product_type","embeddable":true,"href":"https:\/\/www.lamigraf.com\/de\/wp-json\/wp\/v2\/design-types?post=12394"},{"taxonomy":"product_characteristics","embeddable":true,"href":"https:\/\/www.lamigraf.com\/de\/wp-json\/wp\/v2\/characteristics?post=12394"},{"taxonomy":"product_apparence","embeddable":true,"href":"https:\/\/www.lamigraf.com\/de\/wp-json\/wp\/v2\/appearance?post=12394"}],"curies":[{"name":"wp","href":"https:\/\/api.w.org\/{rel}","templated":true}]}}