{"id":12397,"date":"2024-06-07T09:50:58","date_gmt":"2024-06-07T07:50:58","guid":{"rendered":"http:\/\/lamigraf.com\/designs\/bali-2\/"},"modified":"2025-04-09T12:53:22","modified_gmt":"2025-04-09T10:53:22","slug":"bali-2","status":"publish","type":"product","link":"https:\/\/www.lamigraf.com\/de\/designs\/bali-2\/","title":{"rendered":"BALI"},"content":{"rendered":"\n<p>Bali ist eine Einladung zur Verschmelzung der klassischen Sch\u00f6nheit von Walnussholz mit der zeitgen\u00f6ssischen Eleganz moderner Designs \u2013 das Ergebnis sind R\u00e4ume, die Komfort, Raffinesse und Zeitlosigkeit ausstrahlen. Bali bietet nicht nur eine atemberaubende \u00c4sthetik, sondern ist auch \u00e4u\u00dferst funktional, da es in verschiedensten Anwendungen eingesetzt und mit unterschiedlichen Materialien kombiniert werden kann, um unterschiedliche Atmosph\u00e4ren zu schaffen. Von der Weichheit heller Farben bis zur Tiefe dunkler T\u00f6ne \u2013 dieses Design interpretiert Walnuss neu und entf\u00fchrt uns in R\u00e4ume, in denen alles m\u00f6glich ist.<\/p>\n","protected":false},"excerpt":{"rendered":"<p>Bali ist eine Einladung zur Verschmelzung der klassischen Sch\u00f6nheit von Walnussholz mit der zeitgen\u00f6ssischen Eleganz moderner Designs \u2013 das Ergebnis sind R\u00e4ume, die Komfort, Raffinesse und Zeitlosigkeit ausstrahlen. Bali bietet nicht nur eine atemberaubende \u00c4sthetik, sondern ist auch \u00e4u\u00dferst funktional, da es in verschiedensten Anwendungen eingesetzt und mit unterschiedlichen Materialien kombiniert werden kann, um unterschiedliche [&hellip;]<\/p>\n","protected":false},"featured_media":97596,"template":"","meta":{"_acf_changed":false,"_gspb_post_css":"","footnotes":""},"applications":[8,691],"design-types":[811,712,608],"characteristics":[757,862,759,202],"appearance":[],"class_list":["post-12397","product","type-product","status-publish","has-post-thumbnail","hentry","product_applications-furniture","product_applications-furniture-de","product_type-wood-de","product_type-walnut-de","product_type-walnut","product_characteristics-metallic-effect-de","product_characteristics-planked-de","product_characteristics-striped-de","product_characteristics-striped"],"acf":{"code":"3012","peripheral_development":"1300","axial_development":"2200","cylinders":"4","data_sheet":79626,"collections":[{"code":"3012-0302","thumbnail":97603,"render":97652},{"code":"3012-0303","thumbnail":97610,"render":97645},{"code":"3012-0401","thumbnail":97617,"render":97638},{"code":"3012-0402","thumbnail":97624,"render":97631}],"usages":[97631,97659],"inspiration":{"top":{"title":"Tischplatte","thumbnail":17944,"reference":"2636-0203"},"bottom_title":"Regal"},"hover_image":97659,"eir":"","collaborator":{"name":"","link":""},"synchro_wood":false,"novedad":false},"yoast_head":"<!-- This site is optimized with the Yoast SEO plugin v25.2 - https:\/\/yoast.com\/wordpress\/plugins\/seo\/ -->\n<title>BALI - Lamigraf<\/title>\n<meta name=\"robots\" content=\"index, follow, max-snippet:-1, max-image-preview:large, max-video-preview:-1\" \/>\n<link rel=\"canonical\" href=\"https:\/\/www.lamigraf.com\/de\/designs\/bali-2\/\" \/>\n<meta property=\"og:locale\" content=\"de_DE\" \/>\n<meta property=\"og:type\" content=\"article\" \/>\n<meta property=\"og:title\" content=\"BALI - Lamigraf\" \/>\n<meta property=\"og:description\" content=\"Bali ist eine Einladung zur Verschmelzung der klassischen Sch\u00f6nheit von Walnussholz mit der zeitgen\u00f6ssischen Eleganz moderner Designs \u2013 das Ergebnis sind R\u00e4ume, die Komfort, Raffinesse und Zeitlosigkeit ausstrahlen. Bali bietet nicht nur eine atemberaubende \u00c4sthetik, sondern ist auch \u00e4u\u00dferst funktional, da es in verschiedensten Anwendungen eingesetzt und mit unterschiedlichen Materialien kombiniert werden kann, um unterschiedliche [&hellip;]\" \/>\n<meta property=\"og:url\" content=\"https:\/\/www.lamigraf.com\/de\/designs\/bali-2\/\" \/>\n<meta property=\"og:site_name\" content=\"Lamigraf\" \/>\n<meta property=\"article:modified_time\" content=\"2025-04-09T10:53:22+00:00\" \/>\n<meta property=\"og:image\" content=\"https:\/\/www.lamigraf.com\/wp-content\/uploads\/2024\/06\/03012-O.jpg\" \/>\n\t<meta property=\"og:image:width\" content=\"1920\" \/>\n\t<meta property=\"og:image:height\" content=\"1135\" \/>\n\t<meta property=\"og:image:type\" content=\"image\/jpeg\" \/>\n<meta name=\"twitter:card\" content=\"summary_large_image\" \/>\n<meta name=\"twitter:label1\" content=\"Gesch\u00e4tzte Lesezeit\" \/>\n\t<meta name=\"twitter:data1\" content=\"1\u00a0Minute\" \/>\n<script type=\"application\/ld+json\" class=\"yoast-schema-graph\">{\"@context\":\"https:\/\/schema.org\",\"@graph\":[{\"@type\":\"WebPage\",\"@id\":\"https:\/\/www.lamigraf.com\/de\/designs\/bali-2\/\",\"url\":\"https:\/\/www.lamigraf.com\/de\/designs\/bali-2\/\",\"name\":\"BALI - Lamigraf\",\"isPartOf\":{\"@id\":\"https:\/\/www.lamigraf.com\/#website\"},\"primaryImageOfPage\":{\"@id\":\"https:\/\/www.lamigraf.com\/de\/designs\/bali-2\/#primaryimage\"},\"image\":{\"@id\":\"https:\/\/www.lamigraf.com\/de\/designs\/bali-2\/#primaryimage\"},\"thumbnailUrl\":\"https:\/\/www.lamigraf.com\/wp-content\/uploads\/2024\/06\/03012-0402.jpg\",\"datePublished\":\"2024-06-07T07:50:58+00:00\",\"dateModified\":\"2025-04-09T10:53:22+00:00\",\"breadcrumb\":{\"@id\":\"https:\/\/www.lamigraf.com\/de\/designs\/bali-2\/#breadcrumb\"},\"inLanguage\":\"de\",\"potentialAction\":[{\"@type\":\"ReadAction\",\"target\":[\"https:\/\/www.lamigraf.com\/de\/designs\/bali-2\/\"]}]},{\"@type\":\"ImageObject\",\"inLanguage\":\"de\",\"@id\":\"https:\/\/www.lamigraf.com\/de\/designs\/bali-2\/#primaryimage\",\"url\":\"https:\/\/www.lamigraf.com\/wp-content\/uploads\/2024\/06\/03012-0402.jpg\",\"contentUrl\":\"https:\/\/www.lamigraf.com\/wp-content\/uploads\/2024\/06\/03012-0402.jpg\",\"width\":1135,\"height\":1920},{\"@type\":\"BreadcrumbList\",\"@id\":\"https:\/\/www.lamigraf.com\/de\/designs\/bali-2\/#breadcrumb\",\"itemListElement\":[{\"@type\":\"ListItem\",\"position\":1,\"name\":\"Home\",\"item\":\"https:\/\/www.lamigraf.com\/de\/\"},{\"@type\":\"ListItem\",\"position\":2,\"name\":\"Designs\",\"item\":\"https:\/\/www.lamigraf.com\/designs\/\"},{\"@type\":\"ListItem\",\"position\":3,\"name\":\"BALI\"}]},{\"@type\":\"WebSite\",\"@id\":\"https:\/\/www.lamigraf.com\/#website\",\"url\":\"https:\/\/www.lamigraf.com\/\",\"name\":\"Lamigraf\",\"description\":\"\",\"publisher\":{\"@id\":\"https:\/\/www.lamigraf.com\/#organization\"},\"potentialAction\":[{\"@type\":\"SearchAction\",\"target\":{\"@type\":\"EntryPoint\",\"urlTemplate\":\"https:\/\/www.lamigraf.com\/?s={search_term_string}\"},\"query-input\":{\"@type\":\"PropertyValueSpecification\",\"valueRequired\":true,\"valueName\":\"search_term_string\"}}],\"inLanguage\":\"de\"},{\"@type\":\"Organization\",\"@id\":\"https:\/\/www.lamigraf.com\/#organization\",\"name\":\"Lamigraf\",\"url\":\"https:\/\/www.lamigraf.com\/\",\"logo\":{\"@type\":\"ImageObject\",\"inLanguage\":\"de\",\"@id\":\"https:\/\/www.lamigraf.com\/#\/schema\/logo\/image\/\",\"url\":\"https:\/\/www.lamigraf.com\/wp-content\/uploads\/2024\/05\/Logo-white.svg\",\"contentUrl\":\"https:\/\/www.lamigraf.com\/wp-content\/uploads\/2024\/05\/Logo-white.svg\",\"width\":147,\"height\":36,\"caption\":\"Lamigraf\"},\"image\":{\"@id\":\"https:\/\/www.lamigraf.com\/#\/schema\/logo\/image\/\"}}]}<\/script>\n<!-- \/ Yoast SEO plugin. -->","yoast_head_json":{"title":"BALI - Lamigraf","robots":{"index":"index","follow":"follow","max-snippet":"max-snippet:-1","max-image-preview":"max-image-preview:large","max-video-preview":"max-video-preview:-1"},"canonical":"https:\/\/www.lamigraf.com\/de\/designs\/bali-2\/","og_locale":"de_DE","og_type":"article","og_title":"BALI - Lamigraf","og_description":"Bali ist eine Einladung zur Verschmelzung der klassischen Sch\u00f6nheit von Walnussholz mit der zeitgen\u00f6ssischen Eleganz moderner Designs \u2013 das Ergebnis sind R\u00e4ume, die Komfort, Raffinesse und Zeitlosigkeit ausstrahlen. Bali bietet nicht nur eine atemberaubende \u00c4sthetik, sondern ist auch \u00e4u\u00dferst funktional, da es in verschiedensten Anwendungen eingesetzt und mit unterschiedlichen Materialien kombiniert werden kann, um unterschiedliche [&hellip;]","og_url":"https:\/\/www.lamigraf.com\/de\/designs\/bali-2\/","og_site_name":"Lamigraf","article_modified_time":"2025-04-09T10:53:22+00:00","og_image":[{"width":1920,"height":1135,"url":"https:\/\/www.lamigraf.com\/wp-content\/uploads\/2024\/06\/03012-O.jpg","type":"image\/jpeg"}],"twitter_card":"summary_large_image","twitter_misc":{"Gesch\u00e4tzte Lesezeit":"1\u00a0Minute"},"schema":{"@context":"https:\/\/schema.org","@graph":[{"@type":"WebPage","@id":"https:\/\/www.lamigraf.com\/de\/designs\/bali-2\/","url":"https:\/\/www.lamigraf.com\/de\/designs\/bali-2\/","name":"BALI - Lamigraf","isPartOf":{"@id":"https:\/\/www.lamigraf.com\/#website"},"primaryImageOfPage":{"@id":"https:\/\/www.lamigraf.com\/de\/designs\/bali-2\/#primaryimage"},"image":{"@id":"https:\/\/www.lamigraf.com\/de\/designs\/bali-2\/#primaryimage"},"thumbnailUrl":"https:\/\/www.lamigraf.com\/wp-content\/uploads\/2024\/06\/03012-0402.jpg","datePublished":"2024-06-07T07:50:58+00:00","dateModified":"2025-04-09T10:53:22+00:00","breadcrumb":{"@id":"https:\/\/www.lamigraf.com\/de\/designs\/bali-2\/#breadcrumb"},"inLanguage":"de","potentialAction":[{"@type":"ReadAction","target":["https:\/\/www.lamigraf.com\/de\/designs\/bali-2\/"]}]},{"@type":"ImageObject","inLanguage":"de","@id":"https:\/\/www.lamigraf.com\/de\/designs\/bali-2\/#primaryimage","url":"https:\/\/www.lamigraf.com\/wp-content\/uploads\/2024\/06\/03012-0402.jpg","contentUrl":"https:\/\/www.lamigraf.com\/wp-content\/uploads\/2024\/06\/03012-0402.jpg","width":1135,"height":1920},{"@type":"BreadcrumbList","@id":"https:\/\/www.lamigraf.com\/de\/designs\/bali-2\/#breadcrumb","itemListElement":[{"@type":"ListItem","position":1,"name":"Home","item":"https:\/\/www.lamigraf.com\/de\/"},{"@type":"ListItem","position":2,"name":"Designs","item":"https:\/\/www.lamigraf.com\/designs\/"},{"@type":"ListItem","position":3,"name":"BALI"}]},{"@type":"WebSite","@id":"https:\/\/www.lamigraf.com\/#website","url":"https:\/\/www.lamigraf.com\/","name":"Lamigraf","description":"","publisher":{"@id":"https:\/\/www.lamigraf.com\/#organization"},"potentialAction":[{"@type":"SearchAction","target":{"@type":"EntryPoint","urlTemplate":"https:\/\/www.lamigraf.com\/?s={search_term_string}"},"query-input":{"@type":"PropertyValueSpecification","valueRequired":true,"valueName":"search_term_string"}}],"inLanguage":"de"},{"@type":"Organization","@id":"https:\/\/www.lamigraf.com\/#organization","name":"Lamigraf","url":"https:\/\/www.lamigraf.com\/","logo":{"@type":"ImageObject","inLanguage":"de","@id":"https:\/\/www.lamigraf.com\/#\/schema\/logo\/image\/","url":"https:\/\/www.lamigraf.com\/wp-content\/uploads\/2024\/05\/Logo-white.svg","contentUrl":"https:\/\/www.lamigraf.com\/wp-content\/uploads\/2024\/05\/Logo-white.svg","width":147,"height":36,"caption":"Lamigraf"},"image":{"@id":"https:\/\/www.lamigraf.com\/#\/schema\/logo\/image\/"}}]}},"_links":{"self":[{"href":"https:\/\/www.lamigraf.com\/de\/wp-json\/wp\/v2\/product\/12397","targetHints":{"allow":["GET"]}}],"collection":[{"href":"https:\/\/www.lamigraf.com\/de\/wp-json\/wp\/v2\/product"}],"about":[{"href":"https:\/\/www.lamigraf.com\/de\/wp-json\/wp\/v2\/types\/product"}],"version-history":[{"count":1,"href":"https:\/\/www.lamigraf.com\/de\/wp-json\/wp\/v2\/product\/12397\/revisions"}],"predecessor-version":[{"id":87964,"href":"https:\/\/www.lamigraf.com\/de\/wp-json\/wp\/v2\/product\/12397\/revisions\/87964"}],"acf:attachment":[{"embeddable":true,"href":"https:\/\/www.lamigraf.com\/de\/wp-json\/wp\/v2\/media\/97659"},{"embeddable":true,"href":"https:\/\/www.lamigraf.com\/de\/wp-json\/wp\/v2\/media\/97631"}],"wp:featuredmedia":[{"embeddable":true,"href":"https:\/\/www.lamigraf.com\/de\/wp-json\/wp\/v2\/media\/97596"}],"wp:attachment":[{"href":"https:\/\/www.lamigraf.com\/de\/wp-json\/wp\/v2\/media?parent=12397"}],"wp:term":[{"taxonomy":"product_applications","embeddable":true,"href":"https:\/\/www.lamigraf.com\/de\/wp-json\/wp\/v2\/applications?post=12397"},{"taxonomy":"product_type","embeddable":true,"href":"https:\/\/www.lamigraf.com\/de\/wp-json\/wp\/v2\/design-types?post=12397"},{"taxonomy":"product_characteristics","embeddable":true,"href":"https:\/\/www.lamigraf.com\/de\/wp-json\/wp\/v2\/characteristics?post=12397"},{"taxonomy":"product_apparence","embeddable":true,"href":"https:\/\/www.lamigraf.com\/de\/wp-json\/wp\/v2\/appearance?post=12397"}],"curies":[{"name":"wp","href":"https:\/\/api.w.org\/{rel}","templated":true}]}}