{"id":12400,"date":"2024-06-07T09:50:58","date_gmt":"2024-06-07T07:50:58","guid":{"rendered":"http:\/\/lamigraf.com\/designs\/java-2\/"},"modified":"2025-04-09T13:00:28","modified_gmt":"2025-04-09T11:00:28","slug":"java-2","status":"publish","type":"product","link":"https:\/\/www.lamigraf.com\/de\/designs\/java-2\/","title":{"rendered":"JAVA"},"content":{"rendered":"\n<p>Java ist eine Hommage an die nat\u00fcrliche und harmonische Sch\u00f6nheit von Eichenholz und f\u00e4ngt dessen zeitlose und elegante Essenz ein. Umgeben von modernen Elementen ist dieses Design ein Ausdruck vielseitiger Raffinesse und schafft ein Designerst\u00fcck, das sowohl elegant als auch anpassungsf\u00e4hig ist. Es wurde entworfen, um sich harmonisch in eine Vielzahl von R\u00e4umen und Einrichtungsstilen zu integrieren. Dank seiner Vielseitigkeit in Bezug auf Strukturen und Farbt\u00f6ne l\u00e4sst es sich m\u00fchelos und stilvoll in jede Umgebung einf\u00fcgen.<\/p>\n","protected":false},"excerpt":{"rendered":"<p>Java ist eine Hommage an die nat\u00fcrliche und harmonische Sch\u00f6nheit von Eichenholz und f\u00e4ngt dessen zeitlose und elegante Essenz ein. Umgeben von modernen Elementen ist dieses Design ein Ausdruck vielseitiger Raffinesse und schafft ein Designerst\u00fcck, das sowohl elegant als auch anpassungsf\u00e4hig ist. Es wurde entworfen, um sich harmonisch in eine Vielzahl von R\u00e4umen und Einrichtungsstilen [&hellip;]<\/p>\n","protected":false},"featured_media":12904,"template":"","meta":{"_acf_changed":false,"_gspb_post_css":"","footnotes":""},"applications":[8,691],"design-types":[706,811,604],"characteristics":[692,755,862],"appearance":[],"class_list":["post-12400","product","type-product","status-publish","has-post-thumbnail","hentry","product_applications-furniture","product_applications-furniture-de","product_type-oak-de","product_type-wood-de","product_type-oak","product_characteristics-cathedrals-de","product_characteristics-knots-de","product_characteristics-planked-de"],"acf":{"code":"3017","peripheral_development":"1400","axial_development":"1220","cylinders":"3","data_sheet":79567,"collections":[{"code":"3017-0201","thumbnail":84001,"render":83970},{"code":"3017-0301","thumbnail":84007,"render":83976},{"code":"3017-0302","thumbnail":84013,"render":83982},{"code":"3017-0303","thumbnail":84019,"render":83988},{"code":"3017-0304","thumbnail":84025,"render":83994}],"usages":[12911,77810],"inspiration":{"top":{"title":"K\u00fcchenarbeitsplatte","thumbnail":50557,"reference":"2397-0309"},"bottom_title":"Regale"},"hover_image":12911,"eir":"","collaborator":{"name":"","link":""},"synchro_wood":false,"novedad":false},"yoast_head":"<!-- This site is optimized with the Yoast SEO plugin v25.2 - https:\/\/yoast.com\/wordpress\/plugins\/seo\/ -->\n<title>JAVA - Lamigraf<\/title>\n<meta name=\"robots\" content=\"index, follow, max-snippet:-1, max-image-preview:large, max-video-preview:-1\" \/>\n<link rel=\"canonical\" href=\"https:\/\/www.lamigraf.com\/de\/designs\/java-2\/\" \/>\n<meta property=\"og:locale\" content=\"de_DE\" \/>\n<meta property=\"og:type\" content=\"article\" \/>\n<meta property=\"og:title\" content=\"JAVA - Lamigraf\" \/>\n<meta property=\"og:description\" content=\"Java ist eine Hommage an die nat\u00fcrliche und harmonische Sch\u00f6nheit von Eichenholz und f\u00e4ngt dessen zeitlose und elegante Essenz ein. Umgeben von modernen Elementen ist dieses Design ein Ausdruck vielseitiger Raffinesse und schafft ein Designerst\u00fcck, das sowohl elegant als auch anpassungsf\u00e4hig ist. Es wurde entworfen, um sich harmonisch in eine Vielzahl von R\u00e4umen und Einrichtungsstilen [&hellip;]\" \/>\n<meta property=\"og:url\" content=\"https:\/\/www.lamigraf.com\/de\/designs\/java-2\/\" \/>\n<meta property=\"og:site_name\" content=\"Lamigraf\" \/>\n<meta property=\"article:modified_time\" content=\"2025-04-09T11:00:28+00:00\" \/>\n<meta property=\"og:image\" content=\"https:\/\/www.lamigraf.com\/wp-content\/uploads\/2024\/06\/03017-O.jpg\" \/>\n\t<meta property=\"og:image:width\" content=\"1920\" \/>\n\t<meta property=\"og:image:height\" content=\"1135\" \/>\n\t<meta property=\"og:image:type\" content=\"image\/jpeg\" \/>\n<meta name=\"twitter:card\" content=\"summary_large_image\" \/>\n<meta name=\"twitter:label1\" content=\"Gesch\u00e4tzte Lesezeit\" \/>\n\t<meta name=\"twitter:data1\" content=\"1\u00a0Minute\" \/>\n<script type=\"application\/ld+json\" class=\"yoast-schema-graph\">{\"@context\":\"https:\/\/schema.org\",\"@graph\":[{\"@type\":\"WebPage\",\"@id\":\"https:\/\/www.lamigraf.com\/de\/designs\/java-2\/\",\"url\":\"https:\/\/www.lamigraf.com\/de\/designs\/java-2\/\",\"name\":\"JAVA - Lamigraf\",\"isPartOf\":{\"@id\":\"https:\/\/www.lamigraf.com\/#website\"},\"primaryImageOfPage\":{\"@id\":\"https:\/\/www.lamigraf.com\/de\/designs\/java-2\/#primaryimage\"},\"image\":{\"@id\":\"https:\/\/www.lamigraf.com\/de\/designs\/java-2\/#primaryimage\"},\"thumbnailUrl\":\"https:\/\/www.lamigraf.com\/wp-content\/uploads\/2024\/06\/03017-O.jpg\",\"datePublished\":\"2024-06-07T07:50:58+00:00\",\"dateModified\":\"2025-04-09T11:00:28+00:00\",\"breadcrumb\":{\"@id\":\"https:\/\/www.lamigraf.com\/de\/designs\/java-2\/#breadcrumb\"},\"inLanguage\":\"de\",\"potentialAction\":[{\"@type\":\"ReadAction\",\"target\":[\"https:\/\/www.lamigraf.com\/de\/designs\/java-2\/\"]}]},{\"@type\":\"ImageObject\",\"inLanguage\":\"de\",\"@id\":\"https:\/\/www.lamigraf.com\/de\/designs\/java-2\/#primaryimage\",\"url\":\"https:\/\/www.lamigraf.com\/wp-content\/uploads\/2024\/06\/03017-O.jpg\",\"contentUrl\":\"https:\/\/www.lamigraf.com\/wp-content\/uploads\/2024\/06\/03017-O.jpg\",\"width\":1920,\"height\":1135},{\"@type\":\"BreadcrumbList\",\"@id\":\"https:\/\/www.lamigraf.com\/de\/designs\/java-2\/#breadcrumb\",\"itemListElement\":[{\"@type\":\"ListItem\",\"position\":1,\"name\":\"Home\",\"item\":\"https:\/\/www.lamigraf.com\/de\/\"},{\"@type\":\"ListItem\",\"position\":2,\"name\":\"Designs\",\"item\":\"https:\/\/www.lamigraf.com\/designs\/\"},{\"@type\":\"ListItem\",\"position\":3,\"name\":\"JAVA\"}]},{\"@type\":\"WebSite\",\"@id\":\"https:\/\/www.lamigraf.com\/#website\",\"url\":\"https:\/\/www.lamigraf.com\/\",\"name\":\"Lamigraf\",\"description\":\"\",\"publisher\":{\"@id\":\"https:\/\/www.lamigraf.com\/#organization\"},\"potentialAction\":[{\"@type\":\"SearchAction\",\"target\":{\"@type\":\"EntryPoint\",\"urlTemplate\":\"https:\/\/www.lamigraf.com\/?s={search_term_string}\"},\"query-input\":{\"@type\":\"PropertyValueSpecification\",\"valueRequired\":true,\"valueName\":\"search_term_string\"}}],\"inLanguage\":\"de\"},{\"@type\":\"Organization\",\"@id\":\"https:\/\/www.lamigraf.com\/#organization\",\"name\":\"Lamigraf\",\"url\":\"https:\/\/www.lamigraf.com\/\",\"logo\":{\"@type\":\"ImageObject\",\"inLanguage\":\"de\",\"@id\":\"https:\/\/www.lamigraf.com\/#\/schema\/logo\/image\/\",\"url\":\"https:\/\/www.lamigraf.com\/wp-content\/uploads\/2024\/05\/Logo-white.svg\",\"contentUrl\":\"https:\/\/www.lamigraf.com\/wp-content\/uploads\/2024\/05\/Logo-white.svg\",\"width\":147,\"height\":36,\"caption\":\"Lamigraf\"},\"image\":{\"@id\":\"https:\/\/www.lamigraf.com\/#\/schema\/logo\/image\/\"}}]}<\/script>\n<!-- \/ Yoast SEO plugin. -->","yoast_head_json":{"title":"JAVA - Lamigraf","robots":{"index":"index","follow":"follow","max-snippet":"max-snippet:-1","max-image-preview":"max-image-preview:large","max-video-preview":"max-video-preview:-1"},"canonical":"https:\/\/www.lamigraf.com\/de\/designs\/java-2\/","og_locale":"de_DE","og_type":"article","og_title":"JAVA - Lamigraf","og_description":"Java ist eine Hommage an die nat\u00fcrliche und harmonische Sch\u00f6nheit von Eichenholz und f\u00e4ngt dessen zeitlose und elegante Essenz ein. Umgeben von modernen Elementen ist dieses Design ein Ausdruck vielseitiger Raffinesse und schafft ein Designerst\u00fcck, das sowohl elegant als auch anpassungsf\u00e4hig ist. Es wurde entworfen, um sich harmonisch in eine Vielzahl von R\u00e4umen und Einrichtungsstilen [&hellip;]","og_url":"https:\/\/www.lamigraf.com\/de\/designs\/java-2\/","og_site_name":"Lamigraf","article_modified_time":"2025-04-09T11:00:28+00:00","og_image":[{"width":1920,"height":1135,"url":"https:\/\/www.lamigraf.com\/wp-content\/uploads\/2024\/06\/03017-O.jpg","type":"image\/jpeg"}],"twitter_card":"summary_large_image","twitter_misc":{"Gesch\u00e4tzte Lesezeit":"1\u00a0Minute"},"schema":{"@context":"https:\/\/schema.org","@graph":[{"@type":"WebPage","@id":"https:\/\/www.lamigraf.com\/de\/designs\/java-2\/","url":"https:\/\/www.lamigraf.com\/de\/designs\/java-2\/","name":"JAVA - Lamigraf","isPartOf":{"@id":"https:\/\/www.lamigraf.com\/#website"},"primaryImageOfPage":{"@id":"https:\/\/www.lamigraf.com\/de\/designs\/java-2\/#primaryimage"},"image":{"@id":"https:\/\/www.lamigraf.com\/de\/designs\/java-2\/#primaryimage"},"thumbnailUrl":"https:\/\/www.lamigraf.com\/wp-content\/uploads\/2024\/06\/03017-O.jpg","datePublished":"2024-06-07T07:50:58+00:00","dateModified":"2025-04-09T11:00:28+00:00","breadcrumb":{"@id":"https:\/\/www.lamigraf.com\/de\/designs\/java-2\/#breadcrumb"},"inLanguage":"de","potentialAction":[{"@type":"ReadAction","target":["https:\/\/www.lamigraf.com\/de\/designs\/java-2\/"]}]},{"@type":"ImageObject","inLanguage":"de","@id":"https:\/\/www.lamigraf.com\/de\/designs\/java-2\/#primaryimage","url":"https:\/\/www.lamigraf.com\/wp-content\/uploads\/2024\/06\/03017-O.jpg","contentUrl":"https:\/\/www.lamigraf.com\/wp-content\/uploads\/2024\/06\/03017-O.jpg","width":1920,"height":1135},{"@type":"BreadcrumbList","@id":"https:\/\/www.lamigraf.com\/de\/designs\/java-2\/#breadcrumb","itemListElement":[{"@type":"ListItem","position":1,"name":"Home","item":"https:\/\/www.lamigraf.com\/de\/"},{"@type":"ListItem","position":2,"name":"Designs","item":"https:\/\/www.lamigraf.com\/designs\/"},{"@type":"ListItem","position":3,"name":"JAVA"}]},{"@type":"WebSite","@id":"https:\/\/www.lamigraf.com\/#website","url":"https:\/\/www.lamigraf.com\/","name":"Lamigraf","description":"","publisher":{"@id":"https:\/\/www.lamigraf.com\/#organization"},"potentialAction":[{"@type":"SearchAction","target":{"@type":"EntryPoint","urlTemplate":"https:\/\/www.lamigraf.com\/?s={search_term_string}"},"query-input":{"@type":"PropertyValueSpecification","valueRequired":true,"valueName":"search_term_string"}}],"inLanguage":"de"},{"@type":"Organization","@id":"https:\/\/www.lamigraf.com\/#organization","name":"Lamigraf","url":"https:\/\/www.lamigraf.com\/","logo":{"@type":"ImageObject","inLanguage":"de","@id":"https:\/\/www.lamigraf.com\/#\/schema\/logo\/image\/","url":"https:\/\/www.lamigraf.com\/wp-content\/uploads\/2024\/05\/Logo-white.svg","contentUrl":"https:\/\/www.lamigraf.com\/wp-content\/uploads\/2024\/05\/Logo-white.svg","width":147,"height":36,"caption":"Lamigraf"},"image":{"@id":"https:\/\/www.lamigraf.com\/#\/schema\/logo\/image\/"}}]}},"_links":{"self":[{"href":"https:\/\/www.lamigraf.com\/de\/wp-json\/wp\/v2\/product\/12400","targetHints":{"allow":["GET"]}}],"collection":[{"href":"https:\/\/www.lamigraf.com\/de\/wp-json\/wp\/v2\/product"}],"about":[{"href":"https:\/\/www.lamigraf.com\/de\/wp-json\/wp\/v2\/types\/product"}],"version-history":[{"count":2,"href":"https:\/\/www.lamigraf.com\/de\/wp-json\/wp\/v2\/product\/12400\/revisions"}],"predecessor-version":[{"id":87972,"href":"https:\/\/www.lamigraf.com\/de\/wp-json\/wp\/v2\/product\/12400\/revisions\/87972"}],"acf:attachment":[{"embeddable":true,"href":"https:\/\/www.lamigraf.com\/de\/wp-json\/wp\/v2\/media\/77810"},{"embeddable":true,"href":"https:\/\/www.lamigraf.com\/de\/wp-json\/wp\/v2\/media\/12911"}],"wp:featuredmedia":[{"embeddable":true,"href":"https:\/\/www.lamigraf.com\/de\/wp-json\/wp\/v2\/media\/12904"}],"wp:attachment":[{"href":"https:\/\/www.lamigraf.com\/de\/wp-json\/wp\/v2\/media?parent=12400"}],"wp:term":[{"taxonomy":"product_applications","embeddable":true,"href":"https:\/\/www.lamigraf.com\/de\/wp-json\/wp\/v2\/applications?post=12400"},{"taxonomy":"product_type","embeddable":true,"href":"https:\/\/www.lamigraf.com\/de\/wp-json\/wp\/v2\/design-types?post=12400"},{"taxonomy":"product_characteristics","embeddable":true,"href":"https:\/\/www.lamigraf.com\/de\/wp-json\/wp\/v2\/characteristics?post=12400"},{"taxonomy":"product_apparence","embeddable":true,"href":"https:\/\/www.lamigraf.com\/de\/wp-json\/wp\/v2\/appearance?post=12400"}],"curies":[{"name":"wp","href":"https:\/\/api.w.org\/{rel}","templated":true}]}}