{"id":12403,"date":"2024-06-07T09:50:58","date_gmt":"2024-06-07T07:50:58","guid":{"rendered":"http:\/\/lamigraf.com\/designs\/austin-2\/"},"modified":"2025-04-09T13:08:40","modified_gmt":"2025-04-09T11:08:40","slug":"austin-2","status":"publish","type":"product","link":"https:\/\/www.lamigraf.com\/de\/designs\/austin-2\/","title":{"rendered":"AUSTIN"},"content":{"rendered":"\n<p>Voll von Pers\u00f6nlichkeit und Authentizit\u00e4t ist Austin ein moderner und eleganter Ausdruck von Kiefernholz. Mit seinen sanften Rissen und einer lebendigen Farbpalette erreicht es eine perfekte Balance \u2013 es kann sowohl als Hauptdarsteller in R\u00e4umen mit mittleren und dunklen T\u00f6nen auftreten als auch als sanftes, leicht kombinierbares Holz in hellen und ruhigen Farben \u00fcberzeugen. Diese Vielseitigkeit macht Austin zu einer gro\u00dfartigen Wahl f\u00fcr verschiedene Designstile und garantiert eine harmonische Integration in jedes Interieur.<\/p>\n","protected":false},"excerpt":{"rendered":"<p>Voll von Pers\u00f6nlichkeit und Authentizit\u00e4t ist Austin ein moderner und eleganter Ausdruck von Kiefernholz. Mit seinen sanften Rissen und einer lebendigen Farbpalette erreicht es eine perfekte Balance \u2013 es kann sowohl als Hauptdarsteller in R\u00e4umen mit mittleren und dunklen T\u00f6nen auftreten als auch als sanftes, leicht kombinierbares Holz in hellen und ruhigen Farben \u00fcberzeugen. Diese [&hellip;]<\/p>\n","protected":false},"featured_media":12848,"template":"","meta":{"_acf_changed":false,"_gspb_post_css":"","footnotes":""},"applications":[8,691],"design-types":[811,606,708],"characteristics":[862,858],"appearance":[],"class_list":["post-12403","product","type-product","status-publish","has-post-thumbnail","hentry","product_applications-furniture","product_applications-furniture-de","product_type-wood-de","product_type-pine","product_type-pine-de","product_characteristics-planked-de","product_characteristics-cracks-de"],"acf":{"code":"2995","peripheral_development":"1300","axial_development":"2200","cylinders":"3","data_sheet":79668,"collections":[{"code":"2995-0201","thumbnail":12813,"render":""},{"code":"2995-0301","thumbnail":12862,"render":77829},{"code":"2995-0302","thumbnail":12820,"render":77835},{"code":"2995-0303","thumbnail":12827,"render":77841},{"code":"2995-0304","thumbnail":12834,"render":77847}],"usages":[77829,12855],"inspiration":{"top":{"title":"Bodenbelag","thumbnail":16908,"reference":"2622-0206"},"bottom_title":"Regale"},"hover_image":12855,"eir":"","collaborator":{"name":"","link":""},"synchro_wood":false,"novedad":false},"yoast_head":"<!-- This site is optimized with the Yoast SEO plugin v25.2 - https:\/\/yoast.com\/wordpress\/plugins\/seo\/ -->\n<title>AUSTIN - Lamigraf<\/title>\n<meta name=\"robots\" content=\"index, follow, max-snippet:-1, max-image-preview:large, max-video-preview:-1\" \/>\n<link rel=\"canonical\" href=\"https:\/\/www.lamigraf.com\/de\/designs\/austin-2\/\" \/>\n<meta property=\"og:locale\" content=\"de_DE\" \/>\n<meta property=\"og:type\" content=\"article\" \/>\n<meta property=\"og:title\" content=\"AUSTIN - Lamigraf\" \/>\n<meta property=\"og:description\" content=\"Voll von Pers\u00f6nlichkeit und Authentizit\u00e4t ist Austin ein moderner und eleganter Ausdruck von Kiefernholz. Mit seinen sanften Rissen und einer lebendigen Farbpalette erreicht es eine perfekte Balance \u2013 es kann sowohl als Hauptdarsteller in R\u00e4umen mit mittleren und dunklen T\u00f6nen auftreten als auch als sanftes, leicht kombinierbares Holz in hellen und ruhigen Farben \u00fcberzeugen. Diese [&hellip;]\" \/>\n<meta property=\"og:url\" content=\"https:\/\/www.lamigraf.com\/de\/designs\/austin-2\/\" \/>\n<meta property=\"og:site_name\" content=\"Lamigraf\" \/>\n<meta property=\"article:modified_time\" content=\"2025-04-09T11:08:40+00:00\" \/>\n<meta property=\"og:image\" content=\"https:\/\/www.lamigraf.com\/wp-content\/uploads\/2024\/06\/02995-O.jpg\" \/>\n\t<meta property=\"og:image:width\" content=\"1920\" \/>\n\t<meta property=\"og:image:height\" content=\"1135\" \/>\n\t<meta property=\"og:image:type\" content=\"image\/jpeg\" \/>\n<meta name=\"twitter:card\" content=\"summary_large_image\" \/>\n<meta name=\"twitter:label1\" content=\"Gesch\u00e4tzte Lesezeit\" \/>\n\t<meta name=\"twitter:data1\" content=\"1\u00a0Minute\" \/>\n<script type=\"application\/ld+json\" class=\"yoast-schema-graph\">{\"@context\":\"https:\/\/schema.org\",\"@graph\":[{\"@type\":\"WebPage\",\"@id\":\"https:\/\/www.lamigraf.com\/de\/designs\/austin-2\/\",\"url\":\"https:\/\/www.lamigraf.com\/de\/designs\/austin-2\/\",\"name\":\"AUSTIN - Lamigraf\",\"isPartOf\":{\"@id\":\"https:\/\/www.lamigraf.com\/#website\"},\"primaryImageOfPage\":{\"@id\":\"https:\/\/www.lamigraf.com\/de\/designs\/austin-2\/#primaryimage\"},\"image\":{\"@id\":\"https:\/\/www.lamigraf.com\/de\/designs\/austin-2\/#primaryimage\"},\"thumbnailUrl\":\"https:\/\/www.lamigraf.com\/wp-content\/uploads\/2024\/06\/02995-O.jpg\",\"datePublished\":\"2024-06-07T07:50:58+00:00\",\"dateModified\":\"2025-04-09T11:08:40+00:00\",\"breadcrumb\":{\"@id\":\"https:\/\/www.lamigraf.com\/de\/designs\/austin-2\/#breadcrumb\"},\"inLanguage\":\"de\",\"potentialAction\":[{\"@type\":\"ReadAction\",\"target\":[\"https:\/\/www.lamigraf.com\/de\/designs\/austin-2\/\"]}]},{\"@type\":\"ImageObject\",\"inLanguage\":\"de\",\"@id\":\"https:\/\/www.lamigraf.com\/de\/designs\/austin-2\/#primaryimage\",\"url\":\"https:\/\/www.lamigraf.com\/wp-content\/uploads\/2024\/06\/02995-O.jpg\",\"contentUrl\":\"https:\/\/www.lamigraf.com\/wp-content\/uploads\/2024\/06\/02995-O.jpg\",\"width\":1920,\"height\":1135},{\"@type\":\"BreadcrumbList\",\"@id\":\"https:\/\/www.lamigraf.com\/de\/designs\/austin-2\/#breadcrumb\",\"itemListElement\":[{\"@type\":\"ListItem\",\"position\":1,\"name\":\"Home\",\"item\":\"https:\/\/www.lamigraf.com\/de\/\"},{\"@type\":\"ListItem\",\"position\":2,\"name\":\"Designs\",\"item\":\"https:\/\/www.lamigraf.com\/designs\/\"},{\"@type\":\"ListItem\",\"position\":3,\"name\":\"AUSTIN\"}]},{\"@type\":\"WebSite\",\"@id\":\"https:\/\/www.lamigraf.com\/#website\",\"url\":\"https:\/\/www.lamigraf.com\/\",\"name\":\"Lamigraf\",\"description\":\"\",\"publisher\":{\"@id\":\"https:\/\/www.lamigraf.com\/#organization\"},\"potentialAction\":[{\"@type\":\"SearchAction\",\"target\":{\"@type\":\"EntryPoint\",\"urlTemplate\":\"https:\/\/www.lamigraf.com\/?s={search_term_string}\"},\"query-input\":{\"@type\":\"PropertyValueSpecification\",\"valueRequired\":true,\"valueName\":\"search_term_string\"}}],\"inLanguage\":\"de\"},{\"@type\":\"Organization\",\"@id\":\"https:\/\/www.lamigraf.com\/#organization\",\"name\":\"Lamigraf\",\"url\":\"https:\/\/www.lamigraf.com\/\",\"logo\":{\"@type\":\"ImageObject\",\"inLanguage\":\"de\",\"@id\":\"https:\/\/www.lamigraf.com\/#\/schema\/logo\/image\/\",\"url\":\"https:\/\/www.lamigraf.com\/wp-content\/uploads\/2024\/05\/Logo-white.svg\",\"contentUrl\":\"https:\/\/www.lamigraf.com\/wp-content\/uploads\/2024\/05\/Logo-white.svg\",\"width\":147,\"height\":36,\"caption\":\"Lamigraf\"},\"image\":{\"@id\":\"https:\/\/www.lamigraf.com\/#\/schema\/logo\/image\/\"}}]}<\/script>\n<!-- \/ Yoast SEO plugin. -->","yoast_head_json":{"title":"AUSTIN - Lamigraf","robots":{"index":"index","follow":"follow","max-snippet":"max-snippet:-1","max-image-preview":"max-image-preview:large","max-video-preview":"max-video-preview:-1"},"canonical":"https:\/\/www.lamigraf.com\/de\/designs\/austin-2\/","og_locale":"de_DE","og_type":"article","og_title":"AUSTIN - Lamigraf","og_description":"Voll von Pers\u00f6nlichkeit und Authentizit\u00e4t ist Austin ein moderner und eleganter Ausdruck von Kiefernholz. Mit seinen sanften Rissen und einer lebendigen Farbpalette erreicht es eine perfekte Balance \u2013 es kann sowohl als Hauptdarsteller in R\u00e4umen mit mittleren und dunklen T\u00f6nen auftreten als auch als sanftes, leicht kombinierbares Holz in hellen und ruhigen Farben \u00fcberzeugen. Diese [&hellip;]","og_url":"https:\/\/www.lamigraf.com\/de\/designs\/austin-2\/","og_site_name":"Lamigraf","article_modified_time":"2025-04-09T11:08:40+00:00","og_image":[{"width":1920,"height":1135,"url":"https:\/\/www.lamigraf.com\/wp-content\/uploads\/2024\/06\/02995-O.jpg","type":"image\/jpeg"}],"twitter_card":"summary_large_image","twitter_misc":{"Gesch\u00e4tzte Lesezeit":"1\u00a0Minute"},"schema":{"@context":"https:\/\/schema.org","@graph":[{"@type":"WebPage","@id":"https:\/\/www.lamigraf.com\/de\/designs\/austin-2\/","url":"https:\/\/www.lamigraf.com\/de\/designs\/austin-2\/","name":"AUSTIN - Lamigraf","isPartOf":{"@id":"https:\/\/www.lamigraf.com\/#website"},"primaryImageOfPage":{"@id":"https:\/\/www.lamigraf.com\/de\/designs\/austin-2\/#primaryimage"},"image":{"@id":"https:\/\/www.lamigraf.com\/de\/designs\/austin-2\/#primaryimage"},"thumbnailUrl":"https:\/\/www.lamigraf.com\/wp-content\/uploads\/2024\/06\/02995-O.jpg","datePublished":"2024-06-07T07:50:58+00:00","dateModified":"2025-04-09T11:08:40+00:00","breadcrumb":{"@id":"https:\/\/www.lamigraf.com\/de\/designs\/austin-2\/#breadcrumb"},"inLanguage":"de","potentialAction":[{"@type":"ReadAction","target":["https:\/\/www.lamigraf.com\/de\/designs\/austin-2\/"]}]},{"@type":"ImageObject","inLanguage":"de","@id":"https:\/\/www.lamigraf.com\/de\/designs\/austin-2\/#primaryimage","url":"https:\/\/www.lamigraf.com\/wp-content\/uploads\/2024\/06\/02995-O.jpg","contentUrl":"https:\/\/www.lamigraf.com\/wp-content\/uploads\/2024\/06\/02995-O.jpg","width":1920,"height":1135},{"@type":"BreadcrumbList","@id":"https:\/\/www.lamigraf.com\/de\/designs\/austin-2\/#breadcrumb","itemListElement":[{"@type":"ListItem","position":1,"name":"Home","item":"https:\/\/www.lamigraf.com\/de\/"},{"@type":"ListItem","position":2,"name":"Designs","item":"https:\/\/www.lamigraf.com\/designs\/"},{"@type":"ListItem","position":3,"name":"AUSTIN"}]},{"@type":"WebSite","@id":"https:\/\/www.lamigraf.com\/#website","url":"https:\/\/www.lamigraf.com\/","name":"Lamigraf","description":"","publisher":{"@id":"https:\/\/www.lamigraf.com\/#organization"},"potentialAction":[{"@type":"SearchAction","target":{"@type":"EntryPoint","urlTemplate":"https:\/\/www.lamigraf.com\/?s={search_term_string}"},"query-input":{"@type":"PropertyValueSpecification","valueRequired":true,"valueName":"search_term_string"}}],"inLanguage":"de"},{"@type":"Organization","@id":"https:\/\/www.lamigraf.com\/#organization","name":"Lamigraf","url":"https:\/\/www.lamigraf.com\/","logo":{"@type":"ImageObject","inLanguage":"de","@id":"https:\/\/www.lamigraf.com\/#\/schema\/logo\/image\/","url":"https:\/\/www.lamigraf.com\/wp-content\/uploads\/2024\/05\/Logo-white.svg","contentUrl":"https:\/\/www.lamigraf.com\/wp-content\/uploads\/2024\/05\/Logo-white.svg","width":147,"height":36,"caption":"Lamigraf"},"image":{"@id":"https:\/\/www.lamigraf.com\/#\/schema\/logo\/image\/"}}]}},"_links":{"self":[{"href":"https:\/\/www.lamigraf.com\/de\/wp-json\/wp\/v2\/product\/12403","targetHints":{"allow":["GET"]}}],"collection":[{"href":"https:\/\/www.lamigraf.com\/de\/wp-json\/wp\/v2\/product"}],"about":[{"href":"https:\/\/www.lamigraf.com\/de\/wp-json\/wp\/v2\/types\/product"}],"version-history":[{"count":1,"href":"https:\/\/www.lamigraf.com\/de\/wp-json\/wp\/v2\/product\/12403\/revisions"}],"predecessor-version":[{"id":87978,"href":"https:\/\/www.lamigraf.com\/de\/wp-json\/wp\/v2\/product\/12403\/revisions\/87978"}],"acf:attachment":[{"embeddable":true,"href":"https:\/\/www.lamigraf.com\/de\/wp-json\/wp\/v2\/media\/12855"},{"embeddable":true,"href":"https:\/\/www.lamigraf.com\/de\/wp-json\/wp\/v2\/media\/77829"}],"wp:featuredmedia":[{"embeddable":true,"href":"https:\/\/www.lamigraf.com\/de\/wp-json\/wp\/v2\/media\/12848"}],"wp:attachment":[{"href":"https:\/\/www.lamigraf.com\/de\/wp-json\/wp\/v2\/media?parent=12403"}],"wp:term":[{"taxonomy":"product_applications","embeddable":true,"href":"https:\/\/www.lamigraf.com\/de\/wp-json\/wp\/v2\/applications?post=12403"},{"taxonomy":"product_type","embeddable":true,"href":"https:\/\/www.lamigraf.com\/de\/wp-json\/wp\/v2\/design-types?post=12403"},{"taxonomy":"product_characteristics","embeddable":true,"href":"https:\/\/www.lamigraf.com\/de\/wp-json\/wp\/v2\/characteristics?post=12403"},{"taxonomy":"product_apparence","embeddable":true,"href":"https:\/\/www.lamigraf.com\/de\/wp-json\/wp\/v2\/appearance?post=12403"}],"curies":[{"name":"wp","href":"https:\/\/api.w.org\/{rel}","templated":true}]}}