{"id":12409,"date":"2024-06-07T09:50:59","date_gmt":"2024-06-07T07:50:59","guid":{"rendered":"http:\/\/lamigraf.com\/designs\/conjo-oak-2\/"},"modified":"2025-04-02T16:40:15","modified_gmt":"2025-04-02T14:40:15","slug":"conjo-oak-2","status":"publish","type":"product","link":"https:\/\/www.lamigraf.com\/de\/designs\/conjo-oak-2\/","title":{"rendered":"CONJO OAK"},"content":{"rendered":"\n<p>Ein rustikales und elegantes Holz, Conjo Oak, erz\u00e4hlt die Geschichte seiner Reise durch die Zeit durch seine Astl\u00f6cher, feinen Risse und Elemente, die seine unregelm\u00e4\u00dfige Sch\u00f6nheit und ausgepr\u00e4gten nat\u00fcrlichen Merkmale feiern. Mit erdigen und organischen Farbt\u00f6nen, die von hell- bis dunkelbraun reichen, vermittelt dieses Design ein Gef\u00fchl der Verbundenheit mit der Natur und bringt die Ruhe und W\u00e4rme nat\u00fcrlicher Umgebungen in Innenr\u00e4ume.<\/p>\n","protected":false},"excerpt":{"rendered":"<p>Ein rustikales und elegantes Holz, Conjo Oak, erz\u00e4hlt die Geschichte seiner Reise durch die Zeit durch seine Astl\u00f6cher, feinen Risse und Elemente, die seine unregelm\u00e4\u00dfige Sch\u00f6nheit und ausgepr\u00e4gten nat\u00fcrlichen Merkmale feiern. Mit erdigen und organischen Farbt\u00f6nen, die von hell- bis dunkelbraun reichen, vermittelt dieses Design ein Gef\u00fchl der Verbundenheit mit der Natur und bringt die [&hellip;]<\/p>\n","protected":false},"featured_media":12743,"template":"","meta":{"_acf_changed":false,"_gspb_post_css":"","footnotes":""},"applications":[8,691],"design-types":[706,811,604],"characteristics":[692,755,862],"appearance":[],"class_list":["post-12409","product","type-product","status-publish","has-post-thumbnail","hentry","product_applications-furniture","product_applications-furniture-de","product_type-oak-de","product_type-wood-de","product_type-oak","product_characteristics-cathedrals-de","product_characteristics-knots-de","product_characteristics-planked-de"],"acf":{"code":"2968","peripheral_development":"1300","axial_development":"2200","cylinders":"3","data_sheet":79703,"collections":[{"code":"2968-0302","thumbnail":84562,"render":84592},{"code":"2968-0303","thumbnail":84568,"render":""},{"code":"2968-0304","thumbnail":84574,"render":""},{"code":"2968-0306","thumbnail":84580,"render":84598},{"code":"2968-0307","thumbnail":84586,"render":""}],"usages":[12750,80229],"inspiration":{"top":{"title":"Arbeitsplatte & Frontwand","thumbnail":13954,"reference":"2882-302 "},"bottom_title":"Fronten"},"hover_image":12750,"eir":"","collaborator":{"name":"","link":""},"synchro_wood":false,"novedad":false},"yoast_head":"<!-- This site is optimized with the Yoast SEO plugin v25.2 - https:\/\/yoast.com\/wordpress\/plugins\/seo\/ -->\n<title>CONJO OAK - Lamigraf<\/title>\n<meta name=\"robots\" content=\"index, follow, max-snippet:-1, max-image-preview:large, max-video-preview:-1\" \/>\n<link rel=\"canonical\" href=\"https:\/\/www.lamigraf.com\/de\/designs\/conjo-oak-2\/\" \/>\n<meta property=\"og:locale\" content=\"de_DE\" \/>\n<meta property=\"og:type\" content=\"article\" \/>\n<meta property=\"og:title\" content=\"CONJO OAK - Lamigraf\" \/>\n<meta property=\"og:description\" content=\"Ein rustikales und elegantes Holz, Conjo Oak, erz\u00e4hlt die Geschichte seiner Reise durch die Zeit durch seine Astl\u00f6cher, feinen Risse und Elemente, die seine unregelm\u00e4\u00dfige Sch\u00f6nheit und ausgepr\u00e4gten nat\u00fcrlichen Merkmale feiern. Mit erdigen und organischen Farbt\u00f6nen, die von hell- bis dunkelbraun reichen, vermittelt dieses Design ein Gef\u00fchl der Verbundenheit mit der Natur und bringt die [&hellip;]\" \/>\n<meta property=\"og:url\" content=\"https:\/\/www.lamigraf.com\/de\/designs\/conjo-oak-2\/\" \/>\n<meta property=\"og:site_name\" content=\"Lamigraf\" \/>\n<meta property=\"article:modified_time\" content=\"2025-04-02T14:40:15+00:00\" \/>\n<meta property=\"og:image\" content=\"https:\/\/www.lamigraf.com\/wp-content\/uploads\/2024\/06\/02968-O-scaled.jpg\" \/>\n\t<meta property=\"og:image:width\" content=\"1320\" \/>\n\t<meta property=\"og:image:height\" content=\"2560\" \/>\n\t<meta property=\"og:image:type\" content=\"image\/jpeg\" \/>\n<meta name=\"twitter:card\" content=\"summary_large_image\" \/>\n<script type=\"application\/ld+json\" class=\"yoast-schema-graph\">{\"@context\":\"https:\/\/schema.org\",\"@graph\":[{\"@type\":\"WebPage\",\"@id\":\"https:\/\/www.lamigraf.com\/de\/designs\/conjo-oak-2\/\",\"url\":\"https:\/\/www.lamigraf.com\/de\/designs\/conjo-oak-2\/\",\"name\":\"CONJO OAK - Lamigraf\",\"isPartOf\":{\"@id\":\"https:\/\/www.lamigraf.com\/#website\"},\"primaryImageOfPage\":{\"@id\":\"https:\/\/www.lamigraf.com\/de\/designs\/conjo-oak-2\/#primaryimage\"},\"image\":{\"@id\":\"https:\/\/www.lamigraf.com\/de\/designs\/conjo-oak-2\/#primaryimage\"},\"thumbnailUrl\":\"https:\/\/www.lamigraf.com\/wp-content\/uploads\/2024\/06\/02968-O-scaled.jpg\",\"datePublished\":\"2024-06-07T07:50:59+00:00\",\"dateModified\":\"2025-04-02T14:40:15+00:00\",\"breadcrumb\":{\"@id\":\"https:\/\/www.lamigraf.com\/de\/designs\/conjo-oak-2\/#breadcrumb\"},\"inLanguage\":\"de\",\"potentialAction\":[{\"@type\":\"ReadAction\",\"target\":[\"https:\/\/www.lamigraf.com\/de\/designs\/conjo-oak-2\/\"]}]},{\"@type\":\"ImageObject\",\"inLanguage\":\"de\",\"@id\":\"https:\/\/www.lamigraf.com\/de\/designs\/conjo-oak-2\/#primaryimage\",\"url\":\"https:\/\/www.lamigraf.com\/wp-content\/uploads\/2024\/06\/02968-O-scaled.jpg\",\"contentUrl\":\"https:\/\/www.lamigraf.com\/wp-content\/uploads\/2024\/06\/02968-O-scaled.jpg\",\"width\":1320,\"height\":2560},{\"@type\":\"BreadcrumbList\",\"@id\":\"https:\/\/www.lamigraf.com\/de\/designs\/conjo-oak-2\/#breadcrumb\",\"itemListElement\":[{\"@type\":\"ListItem\",\"position\":1,\"name\":\"Home\",\"item\":\"https:\/\/www.lamigraf.com\/de\/\"},{\"@type\":\"ListItem\",\"position\":2,\"name\":\"Designs\",\"item\":\"https:\/\/www.lamigraf.com\/designs\/\"},{\"@type\":\"ListItem\",\"position\":3,\"name\":\"CONJO OAK\"}]},{\"@type\":\"WebSite\",\"@id\":\"https:\/\/www.lamigraf.com\/#website\",\"url\":\"https:\/\/www.lamigraf.com\/\",\"name\":\"Lamigraf\",\"description\":\"\",\"publisher\":{\"@id\":\"https:\/\/www.lamigraf.com\/#organization\"},\"potentialAction\":[{\"@type\":\"SearchAction\",\"target\":{\"@type\":\"EntryPoint\",\"urlTemplate\":\"https:\/\/www.lamigraf.com\/?s={search_term_string}\"},\"query-input\":{\"@type\":\"PropertyValueSpecification\",\"valueRequired\":true,\"valueName\":\"search_term_string\"}}],\"inLanguage\":\"de\"},{\"@type\":\"Organization\",\"@id\":\"https:\/\/www.lamigraf.com\/#organization\",\"name\":\"Lamigraf\",\"url\":\"https:\/\/www.lamigraf.com\/\",\"logo\":{\"@type\":\"ImageObject\",\"inLanguage\":\"de\",\"@id\":\"https:\/\/www.lamigraf.com\/#\/schema\/logo\/image\/\",\"url\":\"https:\/\/www.lamigraf.com\/wp-content\/uploads\/2024\/05\/Logo-white.svg\",\"contentUrl\":\"https:\/\/www.lamigraf.com\/wp-content\/uploads\/2024\/05\/Logo-white.svg\",\"width\":147,\"height\":36,\"caption\":\"Lamigraf\"},\"image\":{\"@id\":\"https:\/\/www.lamigraf.com\/#\/schema\/logo\/image\/\"}}]}<\/script>\n<!-- \/ Yoast SEO plugin. -->","yoast_head_json":{"title":"CONJO OAK - Lamigraf","robots":{"index":"index","follow":"follow","max-snippet":"max-snippet:-1","max-image-preview":"max-image-preview:large","max-video-preview":"max-video-preview:-1"},"canonical":"https:\/\/www.lamigraf.com\/de\/designs\/conjo-oak-2\/","og_locale":"de_DE","og_type":"article","og_title":"CONJO OAK - Lamigraf","og_description":"Ein rustikales und elegantes Holz, Conjo Oak, erz\u00e4hlt die Geschichte seiner Reise durch die Zeit durch seine Astl\u00f6cher, feinen Risse und Elemente, die seine unregelm\u00e4\u00dfige Sch\u00f6nheit und ausgepr\u00e4gten nat\u00fcrlichen Merkmale feiern. Mit erdigen und organischen Farbt\u00f6nen, die von hell- bis dunkelbraun reichen, vermittelt dieses Design ein Gef\u00fchl der Verbundenheit mit der Natur und bringt die [&hellip;]","og_url":"https:\/\/www.lamigraf.com\/de\/designs\/conjo-oak-2\/","og_site_name":"Lamigraf","article_modified_time":"2025-04-02T14:40:15+00:00","og_image":[{"width":1320,"height":2560,"url":"https:\/\/www.lamigraf.com\/wp-content\/uploads\/2024\/06\/02968-O-scaled.jpg","type":"image\/jpeg"}],"twitter_card":"summary_large_image","schema":{"@context":"https:\/\/schema.org","@graph":[{"@type":"WebPage","@id":"https:\/\/www.lamigraf.com\/de\/designs\/conjo-oak-2\/","url":"https:\/\/www.lamigraf.com\/de\/designs\/conjo-oak-2\/","name":"CONJO OAK - Lamigraf","isPartOf":{"@id":"https:\/\/www.lamigraf.com\/#website"},"primaryImageOfPage":{"@id":"https:\/\/www.lamigraf.com\/de\/designs\/conjo-oak-2\/#primaryimage"},"image":{"@id":"https:\/\/www.lamigraf.com\/de\/designs\/conjo-oak-2\/#primaryimage"},"thumbnailUrl":"https:\/\/www.lamigraf.com\/wp-content\/uploads\/2024\/06\/02968-O-scaled.jpg","datePublished":"2024-06-07T07:50:59+00:00","dateModified":"2025-04-02T14:40:15+00:00","breadcrumb":{"@id":"https:\/\/www.lamigraf.com\/de\/designs\/conjo-oak-2\/#breadcrumb"},"inLanguage":"de","potentialAction":[{"@type":"ReadAction","target":["https:\/\/www.lamigraf.com\/de\/designs\/conjo-oak-2\/"]}]},{"@type":"ImageObject","inLanguage":"de","@id":"https:\/\/www.lamigraf.com\/de\/designs\/conjo-oak-2\/#primaryimage","url":"https:\/\/www.lamigraf.com\/wp-content\/uploads\/2024\/06\/02968-O-scaled.jpg","contentUrl":"https:\/\/www.lamigraf.com\/wp-content\/uploads\/2024\/06\/02968-O-scaled.jpg","width":1320,"height":2560},{"@type":"BreadcrumbList","@id":"https:\/\/www.lamigraf.com\/de\/designs\/conjo-oak-2\/#breadcrumb","itemListElement":[{"@type":"ListItem","position":1,"name":"Home","item":"https:\/\/www.lamigraf.com\/de\/"},{"@type":"ListItem","position":2,"name":"Designs","item":"https:\/\/www.lamigraf.com\/designs\/"},{"@type":"ListItem","position":3,"name":"CONJO OAK"}]},{"@type":"WebSite","@id":"https:\/\/www.lamigraf.com\/#website","url":"https:\/\/www.lamigraf.com\/","name":"Lamigraf","description":"","publisher":{"@id":"https:\/\/www.lamigraf.com\/#organization"},"potentialAction":[{"@type":"SearchAction","target":{"@type":"EntryPoint","urlTemplate":"https:\/\/www.lamigraf.com\/?s={search_term_string}"},"query-input":{"@type":"PropertyValueSpecification","valueRequired":true,"valueName":"search_term_string"}}],"inLanguage":"de"},{"@type":"Organization","@id":"https:\/\/www.lamigraf.com\/#organization","name":"Lamigraf","url":"https:\/\/www.lamigraf.com\/","logo":{"@type":"ImageObject","inLanguage":"de","@id":"https:\/\/www.lamigraf.com\/#\/schema\/logo\/image\/","url":"https:\/\/www.lamigraf.com\/wp-content\/uploads\/2024\/05\/Logo-white.svg","contentUrl":"https:\/\/www.lamigraf.com\/wp-content\/uploads\/2024\/05\/Logo-white.svg","width":147,"height":36,"caption":"Lamigraf"},"image":{"@id":"https:\/\/www.lamigraf.com\/#\/schema\/logo\/image\/"}}]}},"_links":{"self":[{"href":"https:\/\/www.lamigraf.com\/de\/wp-json\/wp\/v2\/product\/12409","targetHints":{"allow":["GET"]}}],"collection":[{"href":"https:\/\/www.lamigraf.com\/de\/wp-json\/wp\/v2\/product"}],"about":[{"href":"https:\/\/www.lamigraf.com\/de\/wp-json\/wp\/v2\/types\/product"}],"version-history":[{"count":2,"href":"https:\/\/www.lamigraf.com\/de\/wp-json\/wp\/v2\/product\/12409\/revisions"}],"predecessor-version":[{"id":87063,"href":"https:\/\/www.lamigraf.com\/de\/wp-json\/wp\/v2\/product\/12409\/revisions\/87063"}],"acf:attachment":[{"embeddable":true,"href":"https:\/\/www.lamigraf.com\/de\/wp-json\/wp\/v2\/media\/80229"},{"embeddable":true,"href":"https:\/\/www.lamigraf.com\/de\/wp-json\/wp\/v2\/media\/12750"}],"wp:featuredmedia":[{"embeddable":true,"href":"https:\/\/www.lamigraf.com\/de\/wp-json\/wp\/v2\/media\/12743"}],"wp:attachment":[{"href":"https:\/\/www.lamigraf.com\/de\/wp-json\/wp\/v2\/media?parent=12409"}],"wp:term":[{"taxonomy":"product_applications","embeddable":true,"href":"https:\/\/www.lamigraf.com\/de\/wp-json\/wp\/v2\/applications?post=12409"},{"taxonomy":"product_type","embeddable":true,"href":"https:\/\/www.lamigraf.com\/de\/wp-json\/wp\/v2\/design-types?post=12409"},{"taxonomy":"product_characteristics","embeddable":true,"href":"https:\/\/www.lamigraf.com\/de\/wp-json\/wp\/v2\/characteristics?post=12409"},{"taxonomy":"product_apparence","embeddable":true,"href":"https:\/\/www.lamigraf.com\/de\/wp-json\/wp\/v2\/appearance?post=12409"}],"curies":[{"name":"wp","href":"https:\/\/api.w.org\/{rel}","templated":true}]}}