{"id":12412,"date":"2024-06-07T09:50:59","date_gmt":"2024-06-07T07:50:59","guid":{"rendered":"http:\/\/lamigraf.com\/designs\/aris-2\/"},"modified":"2025-04-07T18:20:30","modified_gmt":"2025-04-07T16:20:30","slug":"aris-2","status":"publish","type":"product","link":"https:\/\/www.lamigraf.com\/de\/designs\/aris-2\/","title":{"rendered":"\u00c1RIS"},"content":{"rendered":"\n<p>\u00c1ris repr\u00e4sentiert ein wahrhaft vielseitiges Design, das perfekt mit den aufstrebenden Trends neuer Metalle \u00fcbereinstimmt, die auf den letzten gro\u00dfen Designmessen hervorgehoben wurden. Mit der einzigartigen F\u00e4higkeit, zwischen hellen und dunklen T\u00f6nen zu wechseln, bietet dieses Konzept eine hervorragende Alternative zur Ersetzung von Unifarben und Unimetallen, wenn es in sanften und einladenden Farben angewendet wird. In lebhafteren und ges\u00e4ttigten Farbt\u00f6nen hingegen wird \u00c1ris zum unangefochtenen Protagonisten von R\u00e4umen und besticht durch eine fesselnde und anspruchsvolle Pr\u00e4senz.<\/p>\n","protected":false},"excerpt":{"rendered":"<p>\u00c1ris repr\u00e4sentiert ein wahrhaft vielseitiges Design, das perfekt mit den aufstrebenden Trends neuer Metalle \u00fcbereinstimmt, die auf den letzten gro\u00dfen Designmessen hervorgehoben wurden. Mit der einzigartigen F\u00e4higkeit, zwischen hellen und dunklen T\u00f6nen zu wechseln, bietet dieses Konzept eine hervorragende Alternative zur Ersetzung von Unifarben und Unimetallen, wenn es in sanften und einladenden Farben angewendet wird. [&hellip;]<\/p>\n","protected":false},"featured_media":97510,"template":"","meta":{"_acf_changed":false,"_gspb_post_css":"","footnotes":""},"applications":[691],"design-types":[836,839],"characteristics":[757],"appearance":[],"class_list":["post-12412","product","type-product","status-publish","has-post-thumbnail","hentry","product_applications-furniture-de","product_type-cementmetal-de","product_type-fantasy-de","product_characteristics-metallic-effect-de"],"acf":{"code":"2996","peripheral_development":"1250","axial_development":"650","cylinders":"2","data_sheet":79661,"collections":[{"code":"2996-0106","thumbnail":12659,"render":97452},{"code":"2996-0107","thumbnail":12666,"render":97459},{"code":"2996-0108","thumbnail":12673,"render":97466},{"code":"2996-0110","thumbnail":12701,"render":97473}],"usages":[97480,97487],"inspiration":{"top":{"title":"K\u00fcchenarbeitsplatte","thumbnail":18833,"reference":"2596-D001"},"bottom_title":"Regale"},"hover_image":97487,"eir":"","collaborator":{"name":"","link":""},"synchro_wood":false,"novedad":false},"yoast_head":"<!-- This site is optimized with the Yoast SEO plugin v25.2 - https:\/\/yoast.com\/wordpress\/plugins\/seo\/ -->\n<title>\u00c1RIS - Lamigraf<\/title>\n<meta name=\"robots\" content=\"index, follow, max-snippet:-1, max-image-preview:large, max-video-preview:-1\" \/>\n<link rel=\"canonical\" href=\"https:\/\/www.lamigraf.com\/de\/designs\/aris-2\/\" \/>\n<meta property=\"og:locale\" content=\"de_DE\" \/>\n<meta property=\"og:type\" content=\"article\" \/>\n<meta property=\"og:title\" content=\"\u00c1RIS - Lamigraf\" \/>\n<meta property=\"og:description\" content=\"\u00c1ris repr\u00e4sentiert ein wahrhaft vielseitiges Design, das perfekt mit den aufstrebenden Trends neuer Metalle \u00fcbereinstimmt, die auf den letzten gro\u00dfen Designmessen hervorgehoben wurden. Mit der einzigartigen F\u00e4higkeit, zwischen hellen und dunklen T\u00f6nen zu wechseln, bietet dieses Konzept eine hervorragende Alternative zur Ersetzung von Unifarben und Unimetallen, wenn es in sanften und einladenden Farben angewendet wird. [&hellip;]\" \/>\n<meta property=\"og:url\" content=\"https:\/\/www.lamigraf.com\/de\/designs\/aris-2\/\" \/>\n<meta property=\"og:site_name\" content=\"Lamigraf\" \/>\n<meta property=\"article:modified_time\" content=\"2025-04-07T16:20:30+00:00\" \/>\n<meta property=\"og:image\" content=\"https:\/\/www.lamigraf.com\/wp-content\/uploads\/2024\/06\/02996-O-scaled.jpg\" \/>\n\t<meta property=\"og:image:width\" content=\"1331\" \/>\n\t<meta property=\"og:image:height\" content=\"2560\" \/>\n\t<meta property=\"og:image:type\" content=\"image\/jpeg\" \/>\n<meta name=\"twitter:card\" content=\"summary_large_image\" \/>\n<meta name=\"twitter:label1\" content=\"Gesch\u00e4tzte Lesezeit\" \/>\n\t<meta name=\"twitter:data1\" content=\"1\u00a0Minute\" \/>\n<script type=\"application\/ld+json\" class=\"yoast-schema-graph\">{\"@context\":\"https:\/\/schema.org\",\"@graph\":[{\"@type\":\"WebPage\",\"@id\":\"https:\/\/www.lamigraf.com\/de\/designs\/aris-2\/\",\"url\":\"https:\/\/www.lamigraf.com\/de\/designs\/aris-2\/\",\"name\":\"\u00c1RIS - Lamigraf\",\"isPartOf\":{\"@id\":\"https:\/\/www.lamigraf.com\/#website\"},\"primaryImageOfPage\":{\"@id\":\"https:\/\/www.lamigraf.com\/de\/designs\/aris-2\/#primaryimage\"},\"image\":{\"@id\":\"https:\/\/www.lamigraf.com\/de\/designs\/aris-2\/#primaryimage\"},\"thumbnailUrl\":\"https:\/\/www.lamigraf.com\/wp-content\/uploads\/2024\/06\/02996-0110.jpg\",\"datePublished\":\"2024-06-07T07:50:59+00:00\",\"dateModified\":\"2025-04-07T16:20:30+00:00\",\"breadcrumb\":{\"@id\":\"https:\/\/www.lamigraf.com\/de\/designs\/aris-2\/#breadcrumb\"},\"inLanguage\":\"de\",\"potentialAction\":[{\"@type\":\"ReadAction\",\"target\":[\"https:\/\/www.lamigraf.com\/de\/designs\/aris-2\/\"]}]},{\"@type\":\"ImageObject\",\"inLanguage\":\"de\",\"@id\":\"https:\/\/www.lamigraf.com\/de\/designs\/aris-2\/#primaryimage\",\"url\":\"https:\/\/www.lamigraf.com\/wp-content\/uploads\/2024\/06\/02996-0110.jpg\",\"contentUrl\":\"https:\/\/www.lamigraf.com\/wp-content\/uploads\/2024\/06\/02996-0110.jpg\",\"width\":998,\"height\":1920},{\"@type\":\"BreadcrumbList\",\"@id\":\"https:\/\/www.lamigraf.com\/de\/designs\/aris-2\/#breadcrumb\",\"itemListElement\":[{\"@type\":\"ListItem\",\"position\":1,\"name\":\"Home\",\"item\":\"https:\/\/www.lamigraf.com\/de\/\"},{\"@type\":\"ListItem\",\"position\":2,\"name\":\"Designs\",\"item\":\"https:\/\/www.lamigraf.com\/designs\/\"},{\"@type\":\"ListItem\",\"position\":3,\"name\":\"\u00c1RIS\"}]},{\"@type\":\"WebSite\",\"@id\":\"https:\/\/www.lamigraf.com\/#website\",\"url\":\"https:\/\/www.lamigraf.com\/\",\"name\":\"Lamigraf\",\"description\":\"\",\"publisher\":{\"@id\":\"https:\/\/www.lamigraf.com\/#organization\"},\"potentialAction\":[{\"@type\":\"SearchAction\",\"target\":{\"@type\":\"EntryPoint\",\"urlTemplate\":\"https:\/\/www.lamigraf.com\/?s={search_term_string}\"},\"query-input\":{\"@type\":\"PropertyValueSpecification\",\"valueRequired\":true,\"valueName\":\"search_term_string\"}}],\"inLanguage\":\"de\"},{\"@type\":\"Organization\",\"@id\":\"https:\/\/www.lamigraf.com\/#organization\",\"name\":\"Lamigraf\",\"url\":\"https:\/\/www.lamigraf.com\/\",\"logo\":{\"@type\":\"ImageObject\",\"inLanguage\":\"de\",\"@id\":\"https:\/\/www.lamigraf.com\/#\/schema\/logo\/image\/\",\"url\":\"https:\/\/www.lamigraf.com\/wp-content\/uploads\/2024\/05\/Logo-white.svg\",\"contentUrl\":\"https:\/\/www.lamigraf.com\/wp-content\/uploads\/2024\/05\/Logo-white.svg\",\"width\":147,\"height\":36,\"caption\":\"Lamigraf\"},\"image\":{\"@id\":\"https:\/\/www.lamigraf.com\/#\/schema\/logo\/image\/\"}}]}<\/script>\n<!-- \/ Yoast SEO plugin. -->","yoast_head_json":{"title":"\u00c1RIS - Lamigraf","robots":{"index":"index","follow":"follow","max-snippet":"max-snippet:-1","max-image-preview":"max-image-preview:large","max-video-preview":"max-video-preview:-1"},"canonical":"https:\/\/www.lamigraf.com\/de\/designs\/aris-2\/","og_locale":"de_DE","og_type":"article","og_title":"\u00c1RIS - Lamigraf","og_description":"\u00c1ris repr\u00e4sentiert ein wahrhaft vielseitiges Design, das perfekt mit den aufstrebenden Trends neuer Metalle \u00fcbereinstimmt, die auf den letzten gro\u00dfen Designmessen hervorgehoben wurden. Mit der einzigartigen F\u00e4higkeit, zwischen hellen und dunklen T\u00f6nen zu wechseln, bietet dieses Konzept eine hervorragende Alternative zur Ersetzung von Unifarben und Unimetallen, wenn es in sanften und einladenden Farben angewendet wird. [&hellip;]","og_url":"https:\/\/www.lamigraf.com\/de\/designs\/aris-2\/","og_site_name":"Lamigraf","article_modified_time":"2025-04-07T16:20:30+00:00","og_image":[{"width":1331,"height":2560,"url":"https:\/\/www.lamigraf.com\/wp-content\/uploads\/2024\/06\/02996-O-scaled.jpg","type":"image\/jpeg"}],"twitter_card":"summary_large_image","twitter_misc":{"Gesch\u00e4tzte Lesezeit":"1\u00a0Minute"},"schema":{"@context":"https:\/\/schema.org","@graph":[{"@type":"WebPage","@id":"https:\/\/www.lamigraf.com\/de\/designs\/aris-2\/","url":"https:\/\/www.lamigraf.com\/de\/designs\/aris-2\/","name":"\u00c1RIS - Lamigraf","isPartOf":{"@id":"https:\/\/www.lamigraf.com\/#website"},"primaryImageOfPage":{"@id":"https:\/\/www.lamigraf.com\/de\/designs\/aris-2\/#primaryimage"},"image":{"@id":"https:\/\/www.lamigraf.com\/de\/designs\/aris-2\/#primaryimage"},"thumbnailUrl":"https:\/\/www.lamigraf.com\/wp-content\/uploads\/2024\/06\/02996-0110.jpg","datePublished":"2024-06-07T07:50:59+00:00","dateModified":"2025-04-07T16:20:30+00:00","breadcrumb":{"@id":"https:\/\/www.lamigraf.com\/de\/designs\/aris-2\/#breadcrumb"},"inLanguage":"de","potentialAction":[{"@type":"ReadAction","target":["https:\/\/www.lamigraf.com\/de\/designs\/aris-2\/"]}]},{"@type":"ImageObject","inLanguage":"de","@id":"https:\/\/www.lamigraf.com\/de\/designs\/aris-2\/#primaryimage","url":"https:\/\/www.lamigraf.com\/wp-content\/uploads\/2024\/06\/02996-0110.jpg","contentUrl":"https:\/\/www.lamigraf.com\/wp-content\/uploads\/2024\/06\/02996-0110.jpg","width":998,"height":1920},{"@type":"BreadcrumbList","@id":"https:\/\/www.lamigraf.com\/de\/designs\/aris-2\/#breadcrumb","itemListElement":[{"@type":"ListItem","position":1,"name":"Home","item":"https:\/\/www.lamigraf.com\/de\/"},{"@type":"ListItem","position":2,"name":"Designs","item":"https:\/\/www.lamigraf.com\/designs\/"},{"@type":"ListItem","position":3,"name":"\u00c1RIS"}]},{"@type":"WebSite","@id":"https:\/\/www.lamigraf.com\/#website","url":"https:\/\/www.lamigraf.com\/","name":"Lamigraf","description":"","publisher":{"@id":"https:\/\/www.lamigraf.com\/#organization"},"potentialAction":[{"@type":"SearchAction","target":{"@type":"EntryPoint","urlTemplate":"https:\/\/www.lamigraf.com\/?s={search_term_string}"},"query-input":{"@type":"PropertyValueSpecification","valueRequired":true,"valueName":"search_term_string"}}],"inLanguage":"de"},{"@type":"Organization","@id":"https:\/\/www.lamigraf.com\/#organization","name":"Lamigraf","url":"https:\/\/www.lamigraf.com\/","logo":{"@type":"ImageObject","inLanguage":"de","@id":"https:\/\/www.lamigraf.com\/#\/schema\/logo\/image\/","url":"https:\/\/www.lamigraf.com\/wp-content\/uploads\/2024\/05\/Logo-white.svg","contentUrl":"https:\/\/www.lamigraf.com\/wp-content\/uploads\/2024\/05\/Logo-white.svg","width":147,"height":36,"caption":"Lamigraf"},"image":{"@id":"https:\/\/www.lamigraf.com\/#\/schema\/logo\/image\/"}}]}},"_links":{"self":[{"href":"https:\/\/www.lamigraf.com\/de\/wp-json\/wp\/v2\/product\/12412","targetHints":{"allow":["GET"]}}],"collection":[{"href":"https:\/\/www.lamigraf.com\/de\/wp-json\/wp\/v2\/product"}],"about":[{"href":"https:\/\/www.lamigraf.com\/de\/wp-json\/wp\/v2\/types\/product"}],"version-history":[{"count":3,"href":"https:\/\/www.lamigraf.com\/de\/wp-json\/wp\/v2\/product\/12412\/revisions"}],"predecessor-version":[{"id":87085,"href":"https:\/\/www.lamigraf.com\/de\/wp-json\/wp\/v2\/product\/12412\/revisions\/87085"}],"acf:attachment":[{"embeddable":true,"href":"https:\/\/www.lamigraf.com\/de\/wp-json\/wp\/v2\/media\/97487"},{"embeddable":true,"href":"https:\/\/www.lamigraf.com\/de\/wp-json\/wp\/v2\/media\/97480"}],"wp:featuredmedia":[{"embeddable":true,"href":"https:\/\/www.lamigraf.com\/de\/wp-json\/wp\/v2\/media\/97510"}],"wp:attachment":[{"href":"https:\/\/www.lamigraf.com\/de\/wp-json\/wp\/v2\/media?parent=12412"}],"wp:term":[{"taxonomy":"product_applications","embeddable":true,"href":"https:\/\/www.lamigraf.com\/de\/wp-json\/wp\/v2\/applications?post=12412"},{"taxonomy":"product_type","embeddable":true,"href":"https:\/\/www.lamigraf.com\/de\/wp-json\/wp\/v2\/design-types?post=12412"},{"taxonomy":"product_characteristics","embeddable":true,"href":"https:\/\/www.lamigraf.com\/de\/wp-json\/wp\/v2\/characteristics?post=12412"},{"taxonomy":"product_apparence","embeddable":true,"href":"https:\/\/www.lamigraf.com\/de\/wp-json\/wp\/v2\/appearance?post=12412"}],"curies":[{"name":"wp","href":"https:\/\/api.w.org\/{rel}","templated":true}]}}