{"id":12415,"date":"2024-06-07T09:50:59","date_gmt":"2024-06-07T07:50:59","guid":{"rendered":"http:\/\/lamigraf.com\/designs\/terranova-2\/"},"modified":"2025-04-03T09:35:03","modified_gmt":"2025-04-03T07:35:03","slug":"terranova-2","status":"publish","type":"product","link":"https:\/\/www.lamigraf.com\/de\/designs\/terranova-2\/","title":{"rendered":"TERRANOVA"},"content":{"rendered":"\n<p>Ger\u00fchmt f\u00fcr seine \u00fcppige nat\u00fcrliche Sch\u00f6nheit, bringt Terranova die perfekte Fusion zwischen zeitgen\u00f6ssischer Modernit\u00e4t und der zeitlosen Gelassenheit des Alabastersteins mit sich. Bekannt als der \u201eOnyx der Alten\u201c, strahlt dieses Material eine Aura zeitlosen Charmes und raffinierter Eleganz aus. Seine angenehme, vielseitige und anspruchsvolle Natur macht es zur idealen Wahl, um jedem Raum einen Hauch von Helligkeit und Komfort zu verleihen und ihn mit seiner fesselnden und ruhigen Pr\u00e4senz zu verwandeln.<\/p>\n","protected":false},"excerpt":{"rendered":"<p>Ger\u00fchmt f\u00fcr seine \u00fcppige nat\u00fcrliche Sch\u00f6nheit, bringt Terranova die perfekte Fusion zwischen zeitgen\u00f6ssischer Modernit\u00e4t und der zeitlosen Gelassenheit des Alabastersteins mit sich. Bekannt als der \u201eOnyx der Alten\u201c, strahlt dieses Material eine Aura zeitlosen Charmes und raffinierter Eleganz aus. Seine angenehme, vielseitige und anspruchsvolle Natur macht es zur idealen Wahl, um jedem Raum einen Hauch [&hellip;]<\/p>\n","protected":false},"featured_media":97331,"template":"","meta":{"_acf_changed":false,"_gspb_post_css":"","footnotes":""},"applications":[8,691],"design-types":[614,843,842],"characteristics":[757],"appearance":[],"class_list":["post-12415","product","type-product","status-publish","has-post-thumbnail","hentry","product_applications-furniture","product_applications-furniture-de","product_type-marble","product_type-stone-de-de","product_type-stone-de","product_characteristics-metallic-effect-de"],"acf":{"code":"2992","peripheral_development":"1300","axial_development":"2200","cylinders":"4","data_sheet":79689,"collections":[{"code":"2992-0201","thumbnail":97303,"render":97352},{"code":"2992-0205","thumbnail":97317,"render":97359},{"code":"2992-0206","thumbnail":97345,"render":97366}],"usages":[97338,97324,97359],"inspiration":{"top":{"title":"Schrank","thumbnail":13142,"reference":"3014-0303"},"bottom_title":"Tischoberfl\u00e4che"},"hover_image":97310,"eir":"","collaborator":{"name":"","link":""},"synchro_wood":false,"novedad":false},"yoast_head":"<!-- This site is optimized with the Yoast SEO plugin v25.2 - https:\/\/yoast.com\/wordpress\/plugins\/seo\/ -->\n<title>TERRANOVA - Lamigraf<\/title>\n<meta name=\"robots\" content=\"index, follow, max-snippet:-1, max-image-preview:large, max-video-preview:-1\" \/>\n<link rel=\"canonical\" href=\"https:\/\/www.lamigraf.com\/de\/designs\/terranova-2\/\" \/>\n<meta property=\"og:locale\" content=\"de_DE\" \/>\n<meta property=\"og:type\" content=\"article\" \/>\n<meta property=\"og:title\" content=\"TERRANOVA - Lamigraf\" \/>\n<meta property=\"og:description\" content=\"Ger\u00fchmt f\u00fcr seine \u00fcppige nat\u00fcrliche Sch\u00f6nheit, bringt Terranova die perfekte Fusion zwischen zeitgen\u00f6ssischer Modernit\u00e4t und der zeitlosen Gelassenheit des Alabastersteins mit sich. Bekannt als der \u201eOnyx der Alten\u201c, strahlt dieses Material eine Aura zeitlosen Charmes und raffinierter Eleganz aus. Seine angenehme, vielseitige und anspruchsvolle Natur macht es zur idealen Wahl, um jedem Raum einen Hauch [&hellip;]\" \/>\n<meta property=\"og:url\" content=\"https:\/\/www.lamigraf.com\/de\/designs\/terranova-2\/\" \/>\n<meta property=\"og:site_name\" content=\"Lamigraf\" \/>\n<meta property=\"article:modified_time\" content=\"2025-04-03T07:35:03+00:00\" \/>\n<meta property=\"og:image\" content=\"https:\/\/www.lamigraf.com\/wp-content\/uploads\/2024\/06\/02992-O.jpg\" \/>\n\t<meta property=\"og:image:width\" content=\"1920\" \/>\n\t<meta property=\"og:image:height\" content=\"1135\" \/>\n\t<meta property=\"og:image:type\" content=\"image\/jpeg\" \/>\n<meta name=\"twitter:card\" content=\"summary_large_image\" \/>\n<meta name=\"twitter:label1\" content=\"Gesch\u00e4tzte Lesezeit\" \/>\n\t<meta name=\"twitter:data1\" content=\"1\u00a0Minute\" \/>\n<script type=\"application\/ld+json\" class=\"yoast-schema-graph\">{\"@context\":\"https:\/\/schema.org\",\"@graph\":[{\"@type\":\"WebPage\",\"@id\":\"https:\/\/www.lamigraf.com\/de\/designs\/terranova-2\/\",\"url\":\"https:\/\/www.lamigraf.com\/de\/designs\/terranova-2\/\",\"name\":\"TERRANOVA - Lamigraf\",\"isPartOf\":{\"@id\":\"https:\/\/www.lamigraf.com\/#website\"},\"primaryImageOfPage\":{\"@id\":\"https:\/\/www.lamigraf.com\/de\/designs\/terranova-2\/#primaryimage\"},\"image\":{\"@id\":\"https:\/\/www.lamigraf.com\/de\/designs\/terranova-2\/#primaryimage\"},\"thumbnailUrl\":\"https:\/\/www.lamigraf.com\/wp-content\/uploads\/2024\/06\/02992-0205.jpg\",\"datePublished\":\"2024-06-07T07:50:59+00:00\",\"dateModified\":\"2025-04-03T07:35:03+00:00\",\"breadcrumb\":{\"@id\":\"https:\/\/www.lamigraf.com\/de\/designs\/terranova-2\/#breadcrumb\"},\"inLanguage\":\"de\",\"potentialAction\":[{\"@type\":\"ReadAction\",\"target\":[\"https:\/\/www.lamigraf.com\/de\/designs\/terranova-2\/\"]}]},{\"@type\":\"ImageObject\",\"inLanguage\":\"de\",\"@id\":\"https:\/\/www.lamigraf.com\/de\/designs\/terranova-2\/#primaryimage\",\"url\":\"https:\/\/www.lamigraf.com\/wp-content\/uploads\/2024\/06\/02992-0205.jpg\",\"contentUrl\":\"https:\/\/www.lamigraf.com\/wp-content\/uploads\/2024\/06\/02992-0205.jpg\",\"width\":1135,\"height\":1920},{\"@type\":\"BreadcrumbList\",\"@id\":\"https:\/\/www.lamigraf.com\/de\/designs\/terranova-2\/#breadcrumb\",\"itemListElement\":[{\"@type\":\"ListItem\",\"position\":1,\"name\":\"Home\",\"item\":\"https:\/\/www.lamigraf.com\/de\/\"},{\"@type\":\"ListItem\",\"position\":2,\"name\":\"Designs\",\"item\":\"https:\/\/www.lamigraf.com\/designs\/\"},{\"@type\":\"ListItem\",\"position\":3,\"name\":\"TERRANOVA\"}]},{\"@type\":\"WebSite\",\"@id\":\"https:\/\/www.lamigraf.com\/#website\",\"url\":\"https:\/\/www.lamigraf.com\/\",\"name\":\"Lamigraf\",\"description\":\"\",\"publisher\":{\"@id\":\"https:\/\/www.lamigraf.com\/#organization\"},\"potentialAction\":[{\"@type\":\"SearchAction\",\"target\":{\"@type\":\"EntryPoint\",\"urlTemplate\":\"https:\/\/www.lamigraf.com\/?s={search_term_string}\"},\"query-input\":{\"@type\":\"PropertyValueSpecification\",\"valueRequired\":true,\"valueName\":\"search_term_string\"}}],\"inLanguage\":\"de\"},{\"@type\":\"Organization\",\"@id\":\"https:\/\/www.lamigraf.com\/#organization\",\"name\":\"Lamigraf\",\"url\":\"https:\/\/www.lamigraf.com\/\",\"logo\":{\"@type\":\"ImageObject\",\"inLanguage\":\"de\",\"@id\":\"https:\/\/www.lamigraf.com\/#\/schema\/logo\/image\/\",\"url\":\"https:\/\/www.lamigraf.com\/wp-content\/uploads\/2024\/05\/Logo-white.svg\",\"contentUrl\":\"https:\/\/www.lamigraf.com\/wp-content\/uploads\/2024\/05\/Logo-white.svg\",\"width\":147,\"height\":36,\"caption\":\"Lamigraf\"},\"image\":{\"@id\":\"https:\/\/www.lamigraf.com\/#\/schema\/logo\/image\/\"}}]}<\/script>\n<!-- \/ Yoast SEO plugin. -->","yoast_head_json":{"title":"TERRANOVA - Lamigraf","robots":{"index":"index","follow":"follow","max-snippet":"max-snippet:-1","max-image-preview":"max-image-preview:large","max-video-preview":"max-video-preview:-1"},"canonical":"https:\/\/www.lamigraf.com\/de\/designs\/terranova-2\/","og_locale":"de_DE","og_type":"article","og_title":"TERRANOVA - Lamigraf","og_description":"Ger\u00fchmt f\u00fcr seine \u00fcppige nat\u00fcrliche Sch\u00f6nheit, bringt Terranova die perfekte Fusion zwischen zeitgen\u00f6ssischer Modernit\u00e4t und der zeitlosen Gelassenheit des Alabastersteins mit sich. Bekannt als der \u201eOnyx der Alten\u201c, strahlt dieses Material eine Aura zeitlosen Charmes und raffinierter Eleganz aus. Seine angenehme, vielseitige und anspruchsvolle Natur macht es zur idealen Wahl, um jedem Raum einen Hauch [&hellip;]","og_url":"https:\/\/www.lamigraf.com\/de\/designs\/terranova-2\/","og_site_name":"Lamigraf","article_modified_time":"2025-04-03T07:35:03+00:00","og_image":[{"width":1920,"height":1135,"url":"https:\/\/www.lamigraf.com\/wp-content\/uploads\/2024\/06\/02992-O.jpg","type":"image\/jpeg"}],"twitter_card":"summary_large_image","twitter_misc":{"Gesch\u00e4tzte Lesezeit":"1\u00a0Minute"},"schema":{"@context":"https:\/\/schema.org","@graph":[{"@type":"WebPage","@id":"https:\/\/www.lamigraf.com\/de\/designs\/terranova-2\/","url":"https:\/\/www.lamigraf.com\/de\/designs\/terranova-2\/","name":"TERRANOVA - Lamigraf","isPartOf":{"@id":"https:\/\/www.lamigraf.com\/#website"},"primaryImageOfPage":{"@id":"https:\/\/www.lamigraf.com\/de\/designs\/terranova-2\/#primaryimage"},"image":{"@id":"https:\/\/www.lamigraf.com\/de\/designs\/terranova-2\/#primaryimage"},"thumbnailUrl":"https:\/\/www.lamigraf.com\/wp-content\/uploads\/2024\/06\/02992-0205.jpg","datePublished":"2024-06-07T07:50:59+00:00","dateModified":"2025-04-03T07:35:03+00:00","breadcrumb":{"@id":"https:\/\/www.lamigraf.com\/de\/designs\/terranova-2\/#breadcrumb"},"inLanguage":"de","potentialAction":[{"@type":"ReadAction","target":["https:\/\/www.lamigraf.com\/de\/designs\/terranova-2\/"]}]},{"@type":"ImageObject","inLanguage":"de","@id":"https:\/\/www.lamigraf.com\/de\/designs\/terranova-2\/#primaryimage","url":"https:\/\/www.lamigraf.com\/wp-content\/uploads\/2024\/06\/02992-0205.jpg","contentUrl":"https:\/\/www.lamigraf.com\/wp-content\/uploads\/2024\/06\/02992-0205.jpg","width":1135,"height":1920},{"@type":"BreadcrumbList","@id":"https:\/\/www.lamigraf.com\/de\/designs\/terranova-2\/#breadcrumb","itemListElement":[{"@type":"ListItem","position":1,"name":"Home","item":"https:\/\/www.lamigraf.com\/de\/"},{"@type":"ListItem","position":2,"name":"Designs","item":"https:\/\/www.lamigraf.com\/designs\/"},{"@type":"ListItem","position":3,"name":"TERRANOVA"}]},{"@type":"WebSite","@id":"https:\/\/www.lamigraf.com\/#website","url":"https:\/\/www.lamigraf.com\/","name":"Lamigraf","description":"","publisher":{"@id":"https:\/\/www.lamigraf.com\/#organization"},"potentialAction":[{"@type":"SearchAction","target":{"@type":"EntryPoint","urlTemplate":"https:\/\/www.lamigraf.com\/?s={search_term_string}"},"query-input":{"@type":"PropertyValueSpecification","valueRequired":true,"valueName":"search_term_string"}}],"inLanguage":"de"},{"@type":"Organization","@id":"https:\/\/www.lamigraf.com\/#organization","name":"Lamigraf","url":"https:\/\/www.lamigraf.com\/","logo":{"@type":"ImageObject","inLanguage":"de","@id":"https:\/\/www.lamigraf.com\/#\/schema\/logo\/image\/","url":"https:\/\/www.lamigraf.com\/wp-content\/uploads\/2024\/05\/Logo-white.svg","contentUrl":"https:\/\/www.lamigraf.com\/wp-content\/uploads\/2024\/05\/Logo-white.svg","width":147,"height":36,"caption":"Lamigraf"},"image":{"@id":"https:\/\/www.lamigraf.com\/#\/schema\/logo\/image\/"}}]}},"_links":{"self":[{"href":"https:\/\/www.lamigraf.com\/de\/wp-json\/wp\/v2\/product\/12415","targetHints":{"allow":["GET"]}}],"collection":[{"href":"https:\/\/www.lamigraf.com\/de\/wp-json\/wp\/v2\/product"}],"about":[{"href":"https:\/\/www.lamigraf.com\/de\/wp-json\/wp\/v2\/types\/product"}],"version-history":[{"count":2,"href":"https:\/\/www.lamigraf.com\/de\/wp-json\/wp\/v2\/product\/12415\/revisions"}],"predecessor-version":[{"id":87114,"href":"https:\/\/www.lamigraf.com\/de\/wp-json\/wp\/v2\/product\/12415\/revisions\/87114"}],"acf:attachment":[{"embeddable":true,"href":"https:\/\/www.lamigraf.com\/de\/wp-json\/wp\/v2\/media\/97359"},{"embeddable":true,"href":"https:\/\/www.lamigraf.com\/de\/wp-json\/wp\/v2\/media\/97324"},{"embeddable":true,"href":"https:\/\/www.lamigraf.com\/de\/wp-json\/wp\/v2\/media\/97338"}],"wp:featuredmedia":[{"embeddable":true,"href":"https:\/\/www.lamigraf.com\/de\/wp-json\/wp\/v2\/media\/97331"}],"wp:attachment":[{"href":"https:\/\/www.lamigraf.com\/de\/wp-json\/wp\/v2\/media?parent=12415"}],"wp:term":[{"taxonomy":"product_applications","embeddable":true,"href":"https:\/\/www.lamigraf.com\/de\/wp-json\/wp\/v2\/applications?post=12415"},{"taxonomy":"product_type","embeddable":true,"href":"https:\/\/www.lamigraf.com\/de\/wp-json\/wp\/v2\/design-types?post=12415"},{"taxonomy":"product_characteristics","embeddable":true,"href":"https:\/\/www.lamigraf.com\/de\/wp-json\/wp\/v2\/characteristics?post=12415"},{"taxonomy":"product_apparence","embeddable":true,"href":"https:\/\/www.lamigraf.com\/de\/wp-json\/wp\/v2\/appearance?post=12415"}],"curies":[{"name":"wp","href":"https:\/\/api.w.org\/{rel}","templated":true}]}}