{"id":12418,"date":"2024-06-07T09:50:59","date_gmt":"2024-06-07T07:50:59","guid":{"rendered":"http:\/\/lamigraf.com\/designs\/manitu-2\/"},"modified":"2025-04-03T09:55:36","modified_gmt":"2025-04-03T07:55:36","slug":"manitu-2","status":"publish","type":"product","link":"https:\/\/www.lamigraf.com\/de\/designs\/manitu-2\/","title":{"rendered":"MANITU"},"content":{"rendered":"\n<p>Indem sie sich von traditionellen und klassischen Akazien abhebt, l\u00e4dt Manitu zu einer Neuinterpretation dieses exotischen Holzes ein, wodurch eine weichere und zeitgem\u00e4\u00dfere \u00c4sthetik entsteht, die durch warme und nat\u00fcrliche T\u00f6ne bereichert wird. Au\u00dfergew\u00f6hnlich elegant und vielseitig f\u00fcgt es sich harmonisch in jeden Raum ein und passt sich m\u00fchelos verschiedenen Designstilen an. Seine Anwendung wird durch die F\u00e4higkeit erleichtert, sich auf nat\u00fcrliche und harmonische Weise mit verschiedenen Materialien zu kombinieren, wodurch jedem Interieur eine Note von Raffinesse und W\u00e4rme verliehen wird.<\/p>\n","protected":false},"excerpt":{"rendered":"<p>Indem sie sich von traditionellen und klassischen Akazien abhebt, l\u00e4dt Manitu zu einer Neuinterpretation dieses exotischen Holzes ein, wodurch eine weichere und zeitgem\u00e4\u00dfere \u00c4sthetik entsteht, die durch warme und nat\u00fcrliche T\u00f6ne bereichert wird. Au\u00dfergew\u00f6hnlich elegant und vielseitig f\u00fcgt es sich harmonisch in jeden Raum ein und passt sich m\u00fchelos verschiedenen Designstilen an. Seine Anwendung wird [&hellip;]<\/p>\n","protected":false},"featured_media":97395,"template":"","meta":{"_acf_changed":false,"_gspb_post_css":"","footnotes":""},"applications":[8,691],"design-types":[812,811],"characteristics":[862,860],"appearance":[],"class_list":["post-12418","product","type-product","status-publish","has-post-thumbnail","hentry","product_applications-furniture","product_applications-furniture-de","product_type-acacy-de","product_type-wood-de","product_characteristics-planked-de","product_characteristics-2-3-cathedrals-de"],"acf":{"code":"2994","peripheral_development":"1250","axial_development":"2200","cylinders":"3","data_sheet":79675,"collections":[{"code":"2994-0301","thumbnail":97374,"render":97423},{"code":"2994-0302","thumbnail":97388,"render":97430},{"code":"2994-0305","thumbnail":97402,"render":97437},{"code":"2994-0306","thumbnail":97416,"render":97444}],"usages":[97409,97381],"inspiration":{"top":{"title":"Bettinnenraum","thumbnail":14395,"reference":"2883-302"},"bottom_title":"Bettm\u00f6bel und Tisch"},"hover_image":97409,"eir":"","collaborator":{"name":"","link":""},"synchro_wood":false,"novedad":false},"yoast_head":"<!-- This site is optimized with the Yoast SEO plugin v25.2 - https:\/\/yoast.com\/wordpress\/plugins\/seo\/ -->\n<title>MANITU - Lamigraf<\/title>\n<meta name=\"robots\" content=\"index, follow, max-snippet:-1, max-image-preview:large, max-video-preview:-1\" \/>\n<link rel=\"canonical\" href=\"https:\/\/www.lamigraf.com\/de\/designs\/manitu-2\/\" \/>\n<meta property=\"og:locale\" content=\"de_DE\" \/>\n<meta property=\"og:type\" content=\"article\" \/>\n<meta property=\"og:title\" content=\"MANITU - Lamigraf\" \/>\n<meta property=\"og:description\" content=\"Indem sie sich von traditionellen und klassischen Akazien abhebt, l\u00e4dt Manitu zu einer Neuinterpretation dieses exotischen Holzes ein, wodurch eine weichere und zeitgem\u00e4\u00dfere \u00c4sthetik entsteht, die durch warme und nat\u00fcrliche T\u00f6ne bereichert wird. Au\u00dfergew\u00f6hnlich elegant und vielseitig f\u00fcgt es sich harmonisch in jeden Raum ein und passt sich m\u00fchelos verschiedenen Designstilen an. Seine Anwendung wird [&hellip;]\" \/>\n<meta property=\"og:url\" content=\"https:\/\/www.lamigraf.com\/de\/designs\/manitu-2\/\" \/>\n<meta property=\"og:site_name\" content=\"Lamigraf\" \/>\n<meta property=\"article:modified_time\" content=\"2025-04-03T07:55:36+00:00\" \/>\n<meta property=\"og:image\" content=\"https:\/\/www.lamigraf.com\/wp-content\/uploads\/2024\/06\/02994-O.jpg\" \/>\n\t<meta property=\"og:image:width\" content=\"1920\" \/>\n\t<meta property=\"og:image:height\" content=\"1091\" \/>\n\t<meta property=\"og:image:type\" content=\"image\/jpeg\" \/>\n<meta name=\"twitter:card\" content=\"summary_large_image\" \/>\n<meta name=\"twitter:label1\" content=\"Gesch\u00e4tzte Lesezeit\" \/>\n\t<meta name=\"twitter:data1\" content=\"1\u00a0Minute\" \/>\n<script type=\"application\/ld+json\" class=\"yoast-schema-graph\">{\"@context\":\"https:\/\/schema.org\",\"@graph\":[{\"@type\":\"WebPage\",\"@id\":\"https:\/\/www.lamigraf.com\/de\/designs\/manitu-2\/\",\"url\":\"https:\/\/www.lamigraf.com\/de\/designs\/manitu-2\/\",\"name\":\"MANITU - Lamigraf\",\"isPartOf\":{\"@id\":\"https:\/\/www.lamigraf.com\/#website\"},\"primaryImageOfPage\":{\"@id\":\"https:\/\/www.lamigraf.com\/de\/designs\/manitu-2\/#primaryimage\"},\"image\":{\"@id\":\"https:\/\/www.lamigraf.com\/de\/designs\/manitu-2\/#primaryimage\"},\"thumbnailUrl\":\"https:\/\/www.lamigraf.com\/wp-content\/uploads\/2024\/06\/02994-0302.jpg\",\"datePublished\":\"2024-06-07T07:50:59+00:00\",\"dateModified\":\"2025-04-03T07:55:36+00:00\",\"breadcrumb\":{\"@id\":\"https:\/\/www.lamigraf.com\/de\/designs\/manitu-2\/#breadcrumb\"},\"inLanguage\":\"de\",\"potentialAction\":[{\"@type\":\"ReadAction\",\"target\":[\"https:\/\/www.lamigraf.com\/de\/designs\/manitu-2\/\"]}]},{\"@type\":\"ImageObject\",\"inLanguage\":\"de\",\"@id\":\"https:\/\/www.lamigraf.com\/de\/designs\/manitu-2\/#primaryimage\",\"url\":\"https:\/\/www.lamigraf.com\/wp-content\/uploads\/2024\/06\/02994-0302.jpg\",\"contentUrl\":\"https:\/\/www.lamigraf.com\/wp-content\/uploads\/2024\/06\/02994-0302.jpg\",\"width\":1091,\"height\":1920},{\"@type\":\"BreadcrumbList\",\"@id\":\"https:\/\/www.lamigraf.com\/de\/designs\/manitu-2\/#breadcrumb\",\"itemListElement\":[{\"@type\":\"ListItem\",\"position\":1,\"name\":\"Home\",\"item\":\"https:\/\/www.lamigraf.com\/de\/\"},{\"@type\":\"ListItem\",\"position\":2,\"name\":\"Designs\",\"item\":\"https:\/\/www.lamigraf.com\/designs\/\"},{\"@type\":\"ListItem\",\"position\":3,\"name\":\"MANITU\"}]},{\"@type\":\"WebSite\",\"@id\":\"https:\/\/www.lamigraf.com\/#website\",\"url\":\"https:\/\/www.lamigraf.com\/\",\"name\":\"Lamigraf\",\"description\":\"\",\"publisher\":{\"@id\":\"https:\/\/www.lamigraf.com\/#organization\"},\"potentialAction\":[{\"@type\":\"SearchAction\",\"target\":{\"@type\":\"EntryPoint\",\"urlTemplate\":\"https:\/\/www.lamigraf.com\/?s={search_term_string}\"},\"query-input\":{\"@type\":\"PropertyValueSpecification\",\"valueRequired\":true,\"valueName\":\"search_term_string\"}}],\"inLanguage\":\"de\"},{\"@type\":\"Organization\",\"@id\":\"https:\/\/www.lamigraf.com\/#organization\",\"name\":\"Lamigraf\",\"url\":\"https:\/\/www.lamigraf.com\/\",\"logo\":{\"@type\":\"ImageObject\",\"inLanguage\":\"de\",\"@id\":\"https:\/\/www.lamigraf.com\/#\/schema\/logo\/image\/\",\"url\":\"https:\/\/www.lamigraf.com\/wp-content\/uploads\/2024\/05\/Logo-white.svg\",\"contentUrl\":\"https:\/\/www.lamigraf.com\/wp-content\/uploads\/2024\/05\/Logo-white.svg\",\"width\":147,\"height\":36,\"caption\":\"Lamigraf\"},\"image\":{\"@id\":\"https:\/\/www.lamigraf.com\/#\/schema\/logo\/image\/\"}}]}<\/script>\n<!-- \/ Yoast SEO plugin. -->","yoast_head_json":{"title":"MANITU - Lamigraf","robots":{"index":"index","follow":"follow","max-snippet":"max-snippet:-1","max-image-preview":"max-image-preview:large","max-video-preview":"max-video-preview:-1"},"canonical":"https:\/\/www.lamigraf.com\/de\/designs\/manitu-2\/","og_locale":"de_DE","og_type":"article","og_title":"MANITU - Lamigraf","og_description":"Indem sie sich von traditionellen und klassischen Akazien abhebt, l\u00e4dt Manitu zu einer Neuinterpretation dieses exotischen Holzes ein, wodurch eine weichere und zeitgem\u00e4\u00dfere \u00c4sthetik entsteht, die durch warme und nat\u00fcrliche T\u00f6ne bereichert wird. Au\u00dfergew\u00f6hnlich elegant und vielseitig f\u00fcgt es sich harmonisch in jeden Raum ein und passt sich m\u00fchelos verschiedenen Designstilen an. Seine Anwendung wird [&hellip;]","og_url":"https:\/\/www.lamigraf.com\/de\/designs\/manitu-2\/","og_site_name":"Lamigraf","article_modified_time":"2025-04-03T07:55:36+00:00","og_image":[{"width":1920,"height":1091,"url":"https:\/\/www.lamigraf.com\/wp-content\/uploads\/2024\/06\/02994-O.jpg","type":"image\/jpeg"}],"twitter_card":"summary_large_image","twitter_misc":{"Gesch\u00e4tzte Lesezeit":"1\u00a0Minute"},"schema":{"@context":"https:\/\/schema.org","@graph":[{"@type":"WebPage","@id":"https:\/\/www.lamigraf.com\/de\/designs\/manitu-2\/","url":"https:\/\/www.lamigraf.com\/de\/designs\/manitu-2\/","name":"MANITU - Lamigraf","isPartOf":{"@id":"https:\/\/www.lamigraf.com\/#website"},"primaryImageOfPage":{"@id":"https:\/\/www.lamigraf.com\/de\/designs\/manitu-2\/#primaryimage"},"image":{"@id":"https:\/\/www.lamigraf.com\/de\/designs\/manitu-2\/#primaryimage"},"thumbnailUrl":"https:\/\/www.lamigraf.com\/wp-content\/uploads\/2024\/06\/02994-0302.jpg","datePublished":"2024-06-07T07:50:59+00:00","dateModified":"2025-04-03T07:55:36+00:00","breadcrumb":{"@id":"https:\/\/www.lamigraf.com\/de\/designs\/manitu-2\/#breadcrumb"},"inLanguage":"de","potentialAction":[{"@type":"ReadAction","target":["https:\/\/www.lamigraf.com\/de\/designs\/manitu-2\/"]}]},{"@type":"ImageObject","inLanguage":"de","@id":"https:\/\/www.lamigraf.com\/de\/designs\/manitu-2\/#primaryimage","url":"https:\/\/www.lamigraf.com\/wp-content\/uploads\/2024\/06\/02994-0302.jpg","contentUrl":"https:\/\/www.lamigraf.com\/wp-content\/uploads\/2024\/06\/02994-0302.jpg","width":1091,"height":1920},{"@type":"BreadcrumbList","@id":"https:\/\/www.lamigraf.com\/de\/designs\/manitu-2\/#breadcrumb","itemListElement":[{"@type":"ListItem","position":1,"name":"Home","item":"https:\/\/www.lamigraf.com\/de\/"},{"@type":"ListItem","position":2,"name":"Designs","item":"https:\/\/www.lamigraf.com\/designs\/"},{"@type":"ListItem","position":3,"name":"MANITU"}]},{"@type":"WebSite","@id":"https:\/\/www.lamigraf.com\/#website","url":"https:\/\/www.lamigraf.com\/","name":"Lamigraf","description":"","publisher":{"@id":"https:\/\/www.lamigraf.com\/#organization"},"potentialAction":[{"@type":"SearchAction","target":{"@type":"EntryPoint","urlTemplate":"https:\/\/www.lamigraf.com\/?s={search_term_string}"},"query-input":{"@type":"PropertyValueSpecification","valueRequired":true,"valueName":"search_term_string"}}],"inLanguage":"de"},{"@type":"Organization","@id":"https:\/\/www.lamigraf.com\/#organization","name":"Lamigraf","url":"https:\/\/www.lamigraf.com\/","logo":{"@type":"ImageObject","inLanguage":"de","@id":"https:\/\/www.lamigraf.com\/#\/schema\/logo\/image\/","url":"https:\/\/www.lamigraf.com\/wp-content\/uploads\/2024\/05\/Logo-white.svg","contentUrl":"https:\/\/www.lamigraf.com\/wp-content\/uploads\/2024\/05\/Logo-white.svg","width":147,"height":36,"caption":"Lamigraf"},"image":{"@id":"https:\/\/www.lamigraf.com\/#\/schema\/logo\/image\/"}}]}},"_links":{"self":[{"href":"https:\/\/www.lamigraf.com\/de\/wp-json\/wp\/v2\/product\/12418","targetHints":{"allow":["GET"]}}],"collection":[{"href":"https:\/\/www.lamigraf.com\/de\/wp-json\/wp\/v2\/product"}],"about":[{"href":"https:\/\/www.lamigraf.com\/de\/wp-json\/wp\/v2\/types\/product"}],"version-history":[{"count":1,"href":"https:\/\/www.lamigraf.com\/de\/wp-json\/wp\/v2\/product\/12418\/revisions"}],"predecessor-version":[{"id":87129,"href":"https:\/\/www.lamigraf.com\/de\/wp-json\/wp\/v2\/product\/12418\/revisions\/87129"}],"acf:attachment":[{"embeddable":true,"href":"https:\/\/www.lamigraf.com\/de\/wp-json\/wp\/v2\/media\/97381"},{"embeddable":true,"href":"https:\/\/www.lamigraf.com\/de\/wp-json\/wp\/v2\/media\/97409"}],"wp:featuredmedia":[{"embeddable":true,"href":"https:\/\/www.lamigraf.com\/de\/wp-json\/wp\/v2\/media\/97395"}],"wp:attachment":[{"href":"https:\/\/www.lamigraf.com\/de\/wp-json\/wp\/v2\/media?parent=12418"}],"wp:term":[{"taxonomy":"product_applications","embeddable":true,"href":"https:\/\/www.lamigraf.com\/de\/wp-json\/wp\/v2\/applications?post=12418"},{"taxonomy":"product_type","embeddable":true,"href":"https:\/\/www.lamigraf.com\/de\/wp-json\/wp\/v2\/design-types?post=12418"},{"taxonomy":"product_characteristics","embeddable":true,"href":"https:\/\/www.lamigraf.com\/de\/wp-json\/wp\/v2\/characteristics?post=12418"},{"taxonomy":"product_apparence","embeddable":true,"href":"https:\/\/www.lamigraf.com\/de\/wp-json\/wp\/v2\/appearance?post=12418"}],"curies":[{"name":"wp","href":"https:\/\/api.w.org\/{rel}","templated":true}]}}