{"id":12421,"date":"2024-06-07T09:50:59","date_gmt":"2024-06-07T07:50:59","guid":{"rendered":"http:\/\/lamigraf.com\/designs\/alcamo-travertine-2\/"},"modified":"2025-04-07T18:41:41","modified_gmt":"2025-04-07T16:41:41","slug":"alcamo-travertine-2","status":"publish","type":"product","link":"https:\/\/www.lamigraf.com\/de\/designs\/alcamo-travertine-2\/","title":{"rendered":"ALCAMO TRAVERTINE"},"content":{"rendered":"\n<p>Im Einklang mit den auf den letzten gro\u00dfen Messen gezeigten Trends bietet Alcamo Travertin eine zeitgem\u00e4\u00dfe und anspruchsvolle Interpretation des traditionellen Travertins, die seine nat\u00fcrliche Sch\u00f6nheit feiert und gleichzeitig moderne Designelemente integriert, um ein ruhiges und zeitlos elegantes Design zu schaffen. Eine neutrale Farbpalette wird verwendet, um die nat\u00fcrliche Sch\u00f6nheit des Travertins zu erg\u00e4nzen, mit sanften T\u00f6nen von Elfenbein, Creme und Grau, die ein Gef\u00fchl von Ruhe und Gelassenheit vermitteln und gleichzeitig den R\u00e4umen Vielseitigkeit verleihen.<\/p>\n","protected":false},"excerpt":{"rendered":"<p>Im Einklang mit den auf den letzten gro\u00dfen Messen gezeigten Trends bietet Alcamo Travertin eine zeitgem\u00e4\u00dfe und anspruchsvolle Interpretation des traditionellen Travertins, die seine nat\u00fcrliche Sch\u00f6nheit feiert und gleichzeitig moderne Designelemente integriert, um ein ruhiges und zeitlos elegantes Design zu schaffen. Eine neutrale Farbpalette wird verwendet, um die nat\u00fcrliche Sch\u00f6nheit des Travertins zu erg\u00e4nzen, mit [&hellip;]<\/p>\n","protected":false},"featured_media":97518,"template":"","meta":{"_acf_changed":false,"_gspb_post_css":"","footnotes":""},"applications":[8,691],"design-types":[842,722,618],"characteristics":[],"appearance":[],"class_list":["post-12421","product","type-product","status-publish","has-post-thumbnail","hentry","product_applications-furniture","product_applications-furniture-de","product_type-stone-de","product_type-travertine-de","product_type-travertine"],"acf":{"code":"2997","peripheral_development":"1300","axial_development":"2200","cylinders":"3","data_sheet":79654,"collections":[{"code":"2997-0201","thumbnail":12521,"render":97525},{"code":"2997-0301","thumbnail":12527,"render":97532},{"code":"2997-0303","thumbnail":12561,"render":97539},{"code":"2997-0305","thumbnail":12533,"render":97546}],"usages":[97581,97588,97574],"inspiration":{"top":{"title":"Schrankwand","thumbnail":84090,"reference":"3014-0303"},"bottom_title":"Inselarbeitsplatte"},"hover_image":97581,"eir":"","collaborator":{"name":"","link":""},"synchro_wood":false,"novedad":false},"yoast_head":"<!-- This site is optimized with the Yoast SEO plugin v25.2 - https:\/\/yoast.com\/wordpress\/plugins\/seo\/ -->\n<title>ALCAMO TRAVERTINE - Lamigraf<\/title>\n<meta name=\"robots\" content=\"index, follow, max-snippet:-1, max-image-preview:large, max-video-preview:-1\" \/>\n<link rel=\"canonical\" href=\"https:\/\/www.lamigraf.com\/de\/designs\/alcamo-travertine-2\/\" \/>\n<meta property=\"og:locale\" content=\"de_DE\" \/>\n<meta property=\"og:type\" content=\"article\" \/>\n<meta property=\"og:title\" content=\"ALCAMO TRAVERTINE - Lamigraf\" \/>\n<meta property=\"og:description\" content=\"Im Einklang mit den auf den letzten gro\u00dfen Messen gezeigten Trends bietet Alcamo Travertin eine zeitgem\u00e4\u00dfe und anspruchsvolle Interpretation des traditionellen Travertins, die seine nat\u00fcrliche Sch\u00f6nheit feiert und gleichzeitig moderne Designelemente integriert, um ein ruhiges und zeitlos elegantes Design zu schaffen. Eine neutrale Farbpalette wird verwendet, um die nat\u00fcrliche Sch\u00f6nheit des Travertins zu erg\u00e4nzen, mit [&hellip;]\" \/>\n<meta property=\"og:url\" content=\"https:\/\/www.lamigraf.com\/de\/designs\/alcamo-travertine-2\/\" \/>\n<meta property=\"og:site_name\" content=\"Lamigraf\" \/>\n<meta property=\"article:modified_time\" content=\"2025-04-07T16:41:41+00:00\" \/>\n<meta property=\"og:image\" content=\"https:\/\/www.lamigraf.com\/wp-content\/uploads\/2024\/06\/02997-O.jpg\" \/>\n\t<meta property=\"og:image:width\" content=\"1920\" \/>\n\t<meta property=\"og:image:height\" content=\"1135\" \/>\n\t<meta property=\"og:image:type\" content=\"image\/jpeg\" \/>\n<meta name=\"twitter:card\" content=\"summary_large_image\" \/>\n<meta name=\"twitter:label1\" content=\"Gesch\u00e4tzte Lesezeit\" \/>\n\t<meta name=\"twitter:data1\" content=\"1\u00a0Minute\" \/>\n<script type=\"application\/ld+json\" class=\"yoast-schema-graph\">{\"@context\":\"https:\/\/schema.org\",\"@graph\":[{\"@type\":\"WebPage\",\"@id\":\"https:\/\/www.lamigraf.com\/de\/designs\/alcamo-travertine-2\/\",\"url\":\"https:\/\/www.lamigraf.com\/de\/designs\/alcamo-travertine-2\/\",\"name\":\"ALCAMO TRAVERTINE - Lamigraf\",\"isPartOf\":{\"@id\":\"https:\/\/www.lamigraf.com\/#website\"},\"primaryImageOfPage\":{\"@id\":\"https:\/\/www.lamigraf.com\/de\/designs\/alcamo-travertine-2\/#primaryimage\"},\"image\":{\"@id\":\"https:\/\/www.lamigraf.com\/de\/designs\/alcamo-travertine-2\/#primaryimage\"},\"thumbnailUrl\":\"https:\/\/www.lamigraf.com\/wp-content\/uploads\/2024\/06\/02997-0303.jpg\",\"datePublished\":\"2024-06-07T07:50:59+00:00\",\"dateModified\":\"2025-04-07T16:41:41+00:00\",\"breadcrumb\":{\"@id\":\"https:\/\/www.lamigraf.com\/de\/designs\/alcamo-travertine-2\/#breadcrumb\"},\"inLanguage\":\"de\",\"potentialAction\":[{\"@type\":\"ReadAction\",\"target\":[\"https:\/\/www.lamigraf.com\/de\/designs\/alcamo-travertine-2\/\"]}]},{\"@type\":\"ImageObject\",\"inLanguage\":\"de\",\"@id\":\"https:\/\/www.lamigraf.com\/de\/designs\/alcamo-travertine-2\/#primaryimage\",\"url\":\"https:\/\/www.lamigraf.com\/wp-content\/uploads\/2024\/06\/02997-0303.jpg\",\"contentUrl\":\"https:\/\/www.lamigraf.com\/wp-content\/uploads\/2024\/06\/02997-0303.jpg\",\"width\":1135,\"height\":1920},{\"@type\":\"BreadcrumbList\",\"@id\":\"https:\/\/www.lamigraf.com\/de\/designs\/alcamo-travertine-2\/#breadcrumb\",\"itemListElement\":[{\"@type\":\"ListItem\",\"position\":1,\"name\":\"Home\",\"item\":\"https:\/\/www.lamigraf.com\/de\/\"},{\"@type\":\"ListItem\",\"position\":2,\"name\":\"Designs\",\"item\":\"https:\/\/www.lamigraf.com\/designs\/\"},{\"@type\":\"ListItem\",\"position\":3,\"name\":\"ALCAMO TRAVERTINE\"}]},{\"@type\":\"WebSite\",\"@id\":\"https:\/\/www.lamigraf.com\/#website\",\"url\":\"https:\/\/www.lamigraf.com\/\",\"name\":\"Lamigraf\",\"description\":\"\",\"publisher\":{\"@id\":\"https:\/\/www.lamigraf.com\/#organization\"},\"potentialAction\":[{\"@type\":\"SearchAction\",\"target\":{\"@type\":\"EntryPoint\",\"urlTemplate\":\"https:\/\/www.lamigraf.com\/?s={search_term_string}\"},\"query-input\":{\"@type\":\"PropertyValueSpecification\",\"valueRequired\":true,\"valueName\":\"search_term_string\"}}],\"inLanguage\":\"de\"},{\"@type\":\"Organization\",\"@id\":\"https:\/\/www.lamigraf.com\/#organization\",\"name\":\"Lamigraf\",\"url\":\"https:\/\/www.lamigraf.com\/\",\"logo\":{\"@type\":\"ImageObject\",\"inLanguage\":\"de\",\"@id\":\"https:\/\/www.lamigraf.com\/#\/schema\/logo\/image\/\",\"url\":\"https:\/\/www.lamigraf.com\/wp-content\/uploads\/2024\/05\/Logo-white.svg\",\"contentUrl\":\"https:\/\/www.lamigraf.com\/wp-content\/uploads\/2024\/05\/Logo-white.svg\",\"width\":147,\"height\":36,\"caption\":\"Lamigraf\"},\"image\":{\"@id\":\"https:\/\/www.lamigraf.com\/#\/schema\/logo\/image\/\"}}]}<\/script>\n<!-- \/ Yoast SEO plugin. -->","yoast_head_json":{"title":"ALCAMO TRAVERTINE - Lamigraf","robots":{"index":"index","follow":"follow","max-snippet":"max-snippet:-1","max-image-preview":"max-image-preview:large","max-video-preview":"max-video-preview:-1"},"canonical":"https:\/\/www.lamigraf.com\/de\/designs\/alcamo-travertine-2\/","og_locale":"de_DE","og_type":"article","og_title":"ALCAMO TRAVERTINE - Lamigraf","og_description":"Im Einklang mit den auf den letzten gro\u00dfen Messen gezeigten Trends bietet Alcamo Travertin eine zeitgem\u00e4\u00dfe und anspruchsvolle Interpretation des traditionellen Travertins, die seine nat\u00fcrliche Sch\u00f6nheit feiert und gleichzeitig moderne Designelemente integriert, um ein ruhiges und zeitlos elegantes Design zu schaffen. Eine neutrale Farbpalette wird verwendet, um die nat\u00fcrliche Sch\u00f6nheit des Travertins zu erg\u00e4nzen, mit [&hellip;]","og_url":"https:\/\/www.lamigraf.com\/de\/designs\/alcamo-travertine-2\/","og_site_name":"Lamigraf","article_modified_time":"2025-04-07T16:41:41+00:00","og_image":[{"width":1920,"height":1135,"url":"https:\/\/www.lamigraf.com\/wp-content\/uploads\/2024\/06\/02997-O.jpg","type":"image\/jpeg"}],"twitter_card":"summary_large_image","twitter_misc":{"Gesch\u00e4tzte Lesezeit":"1\u00a0Minute"},"schema":{"@context":"https:\/\/schema.org","@graph":[{"@type":"WebPage","@id":"https:\/\/www.lamigraf.com\/de\/designs\/alcamo-travertine-2\/","url":"https:\/\/www.lamigraf.com\/de\/designs\/alcamo-travertine-2\/","name":"ALCAMO TRAVERTINE - Lamigraf","isPartOf":{"@id":"https:\/\/www.lamigraf.com\/#website"},"primaryImageOfPage":{"@id":"https:\/\/www.lamigraf.com\/de\/designs\/alcamo-travertine-2\/#primaryimage"},"image":{"@id":"https:\/\/www.lamigraf.com\/de\/designs\/alcamo-travertine-2\/#primaryimage"},"thumbnailUrl":"https:\/\/www.lamigraf.com\/wp-content\/uploads\/2024\/06\/02997-0303.jpg","datePublished":"2024-06-07T07:50:59+00:00","dateModified":"2025-04-07T16:41:41+00:00","breadcrumb":{"@id":"https:\/\/www.lamigraf.com\/de\/designs\/alcamo-travertine-2\/#breadcrumb"},"inLanguage":"de","potentialAction":[{"@type":"ReadAction","target":["https:\/\/www.lamigraf.com\/de\/designs\/alcamo-travertine-2\/"]}]},{"@type":"ImageObject","inLanguage":"de","@id":"https:\/\/www.lamigraf.com\/de\/designs\/alcamo-travertine-2\/#primaryimage","url":"https:\/\/www.lamigraf.com\/wp-content\/uploads\/2024\/06\/02997-0303.jpg","contentUrl":"https:\/\/www.lamigraf.com\/wp-content\/uploads\/2024\/06\/02997-0303.jpg","width":1135,"height":1920},{"@type":"BreadcrumbList","@id":"https:\/\/www.lamigraf.com\/de\/designs\/alcamo-travertine-2\/#breadcrumb","itemListElement":[{"@type":"ListItem","position":1,"name":"Home","item":"https:\/\/www.lamigraf.com\/de\/"},{"@type":"ListItem","position":2,"name":"Designs","item":"https:\/\/www.lamigraf.com\/designs\/"},{"@type":"ListItem","position":3,"name":"ALCAMO TRAVERTINE"}]},{"@type":"WebSite","@id":"https:\/\/www.lamigraf.com\/#website","url":"https:\/\/www.lamigraf.com\/","name":"Lamigraf","description":"","publisher":{"@id":"https:\/\/www.lamigraf.com\/#organization"},"potentialAction":[{"@type":"SearchAction","target":{"@type":"EntryPoint","urlTemplate":"https:\/\/www.lamigraf.com\/?s={search_term_string}"},"query-input":{"@type":"PropertyValueSpecification","valueRequired":true,"valueName":"search_term_string"}}],"inLanguage":"de"},{"@type":"Organization","@id":"https:\/\/www.lamigraf.com\/#organization","name":"Lamigraf","url":"https:\/\/www.lamigraf.com\/","logo":{"@type":"ImageObject","inLanguage":"de","@id":"https:\/\/www.lamigraf.com\/#\/schema\/logo\/image\/","url":"https:\/\/www.lamigraf.com\/wp-content\/uploads\/2024\/05\/Logo-white.svg","contentUrl":"https:\/\/www.lamigraf.com\/wp-content\/uploads\/2024\/05\/Logo-white.svg","width":147,"height":36,"caption":"Lamigraf"},"image":{"@id":"https:\/\/www.lamigraf.com\/#\/schema\/logo\/image\/"}}]}},"_links":{"self":[{"href":"https:\/\/www.lamigraf.com\/de\/wp-json\/wp\/v2\/product\/12421","targetHints":{"allow":["GET"]}}],"collection":[{"href":"https:\/\/www.lamigraf.com\/de\/wp-json\/wp\/v2\/product"}],"about":[{"href":"https:\/\/www.lamigraf.com\/de\/wp-json\/wp\/v2\/types\/product"}],"version-history":[{"count":1,"href":"https:\/\/www.lamigraf.com\/de\/wp-json\/wp\/v2\/product\/12421\/revisions"}],"predecessor-version":[{"id":87680,"href":"https:\/\/www.lamigraf.com\/de\/wp-json\/wp\/v2\/product\/12421\/revisions\/87680"}],"acf:attachment":[{"embeddable":true,"href":"https:\/\/www.lamigraf.com\/de\/wp-json\/wp\/v2\/media\/97574"},{"embeddable":true,"href":"https:\/\/www.lamigraf.com\/de\/wp-json\/wp\/v2\/media\/97588"},{"embeddable":true,"href":"https:\/\/www.lamigraf.com\/de\/wp-json\/wp\/v2\/media\/97581"}],"wp:featuredmedia":[{"embeddable":true,"href":"https:\/\/www.lamigraf.com\/de\/wp-json\/wp\/v2\/media\/97518"}],"wp:attachment":[{"href":"https:\/\/www.lamigraf.com\/de\/wp-json\/wp\/v2\/media?parent=12421"}],"wp:term":[{"taxonomy":"product_applications","embeddable":true,"href":"https:\/\/www.lamigraf.com\/de\/wp-json\/wp\/v2\/applications?post=12421"},{"taxonomy":"product_type","embeddable":true,"href":"https:\/\/www.lamigraf.com\/de\/wp-json\/wp\/v2\/design-types?post=12421"},{"taxonomy":"product_characteristics","embeddable":true,"href":"https:\/\/www.lamigraf.com\/de\/wp-json\/wp\/v2\/characteristics?post=12421"},{"taxonomy":"product_apparence","embeddable":true,"href":"https:\/\/www.lamigraf.com\/de\/wp-json\/wp\/v2\/appearance?post=12421"}],"curies":[{"name":"wp","href":"https:\/\/api.w.org\/{rel}","templated":true}]}}