{"id":12424,"date":"2024-06-07T09:50:59","date_gmt":"2024-06-07T07:50:59","guid":{"rendered":"http:\/\/lamigraf.com\/designs\/litos-2\/"},"modified":"2025-04-07T18:51:21","modified_gmt":"2025-04-07T16:51:21","slug":"litos-2","status":"publish","type":"product","link":"https:\/\/www.lamigraf.com\/de\/designs\/litos-2\/","title":{"rendered":"LITOS"},"content":{"rendered":"\n<p>Litos ist eine Feier der Widerstandsf\u00e4higkeit und nat\u00fcrlichen Sch\u00f6nheit des EukalyptushaHolzes und pr\u00e4sentiert einen modernen und eleganten Ansatz f\u00fcr dieses exotische Holz. Mit klaren Linien und Farbmodulation l\u00e4dt Litos zu einem einzigartigen visuellen und taktilen Erlebnis ein. Seine Vielseitigkeit erm\u00f6glicht eine nahtlose Integration in verschiedene Umgebungen und verleiht jedem Raum einen Hauch von Raffinesse und Ruhe.<\/p>\n","protected":false},"excerpt":{"rendered":"<p>Litos ist eine Feier der Widerstandsf\u00e4higkeit und nat\u00fcrlichen Sch\u00f6nheit des EukalyptushaHolzes und pr\u00e4sentiert einen modernen und eleganten Ansatz f\u00fcr dieses exotische Holz. Mit klaren Linien und Farbmodulation l\u00e4dt Litos zu einem einzigartigen visuellen und taktilen Erlebnis ein. Seine Vielseitigkeit erm\u00f6glicht eine nahtlose Integration in verschiedene Umgebungen und verleiht jedem Raum einen Hauch von Raffinesse und [&hellip;]<\/p>\n","protected":false},"featured_media":12501,"template":"","meta":{"_acf_changed":false,"_gspb_post_css":"","footnotes":""},"applications":[8,691],"design-types":[850,811],"characteristics":[197,757,862,759,202],"appearance":[],"class_list":["post-12424","product","type-product","status-publish","has-post-thumbnail","hentry","product_applications-furniture","product_applications-furniture-de","product_type-eucalytus-de","product_type-wood-de","product_characteristics-metallic-effect","product_characteristics-metallic-effect-de","product_characteristics-planked-de","product_characteristics-striped-de","product_characteristics-striped"],"acf":{"code":"2987","peripheral_development":"1300","axial_development":"698","cylinders":"4","data_sheet":79696,"collections":[{"code":"2987-0404","thumbnail":84543,"render":77675},{"code":"2987-0405","thumbnail":84549,"render":77681},{"code":"2987-0406","thumbnail":84555,"render":77687}],"usages":[12508,80374,80381],"inspiration":{"top":{"title":"K\u00fcchentheke","thumbnail":17559,"reference":"2626-0306"},"bottom_title":"Regale"},"hover_image":12508,"eir":"","collaborator":{"name":"","link":""},"synchro_wood":false,"novedad":false},"yoast_head":"<!-- This site is optimized with the Yoast SEO plugin v25.2 - https:\/\/yoast.com\/wordpress\/plugins\/seo\/ -->\n<title>LITOS - Lamigraf<\/title>\n<meta name=\"robots\" content=\"index, follow, max-snippet:-1, max-image-preview:large, max-video-preview:-1\" \/>\n<link rel=\"canonical\" href=\"https:\/\/www.lamigraf.com\/de\/designs\/litos-2\/\" \/>\n<meta property=\"og:locale\" content=\"de_DE\" \/>\n<meta property=\"og:type\" content=\"article\" \/>\n<meta property=\"og:title\" content=\"LITOS - Lamigraf\" \/>\n<meta property=\"og:description\" content=\"Litos ist eine Feier der Widerstandsf\u00e4higkeit und nat\u00fcrlichen Sch\u00f6nheit des EukalyptushaHolzes und pr\u00e4sentiert einen modernen und eleganten Ansatz f\u00fcr dieses exotische Holz. Mit klaren Linien und Farbmodulation l\u00e4dt Litos zu einem einzigartigen visuellen und taktilen Erlebnis ein. Seine Vielseitigkeit erm\u00f6glicht eine nahtlose Integration in verschiedene Umgebungen und verleiht jedem Raum einen Hauch von Raffinesse und [&hellip;]\" \/>\n<meta property=\"og:url\" content=\"https:\/\/www.lamigraf.com\/de\/designs\/litos-2\/\" \/>\n<meta property=\"og:site_name\" content=\"Lamigraf\" \/>\n<meta property=\"article:modified_time\" content=\"2025-04-07T16:51:21+00:00\" \/>\n<meta property=\"og:image\" content=\"https:\/\/www.lamigraf.com\/wp-content\/uploads\/2024\/06\/02987-O-scaled.jpg\" \/>\n\t<meta property=\"og:image:width\" content=\"1374\" \/>\n\t<meta property=\"og:image:height\" content=\"2560\" \/>\n\t<meta property=\"og:image:type\" content=\"image\/jpeg\" \/>\n<meta name=\"twitter:card\" content=\"summary_large_image\" \/>\n<meta name=\"twitter:label1\" content=\"Gesch\u00e4tzte Lesezeit\" \/>\n\t<meta name=\"twitter:data1\" content=\"1\u00a0Minute\" \/>\n<script type=\"application\/ld+json\" class=\"yoast-schema-graph\">{\"@context\":\"https:\/\/schema.org\",\"@graph\":[{\"@type\":\"WebPage\",\"@id\":\"https:\/\/www.lamigraf.com\/de\/designs\/litos-2\/\",\"url\":\"https:\/\/www.lamigraf.com\/de\/designs\/litos-2\/\",\"name\":\"LITOS - Lamigraf\",\"isPartOf\":{\"@id\":\"https:\/\/www.lamigraf.com\/#website\"},\"primaryImageOfPage\":{\"@id\":\"https:\/\/www.lamigraf.com\/de\/designs\/litos-2\/#primaryimage\"},\"image\":{\"@id\":\"https:\/\/www.lamigraf.com\/de\/designs\/litos-2\/#primaryimage\"},\"thumbnailUrl\":\"https:\/\/www.lamigraf.com\/wp-content\/uploads\/2024\/06\/02987-O-scaled.jpg\",\"datePublished\":\"2024-06-07T07:50:59+00:00\",\"dateModified\":\"2025-04-07T16:51:21+00:00\",\"breadcrumb\":{\"@id\":\"https:\/\/www.lamigraf.com\/de\/designs\/litos-2\/#breadcrumb\"},\"inLanguage\":\"de\",\"potentialAction\":[{\"@type\":\"ReadAction\",\"target\":[\"https:\/\/www.lamigraf.com\/de\/designs\/litos-2\/\"]}]},{\"@type\":\"ImageObject\",\"inLanguage\":\"de\",\"@id\":\"https:\/\/www.lamigraf.com\/de\/designs\/litos-2\/#primaryimage\",\"url\":\"https:\/\/www.lamigraf.com\/wp-content\/uploads\/2024\/06\/02987-O-scaled.jpg\",\"contentUrl\":\"https:\/\/www.lamigraf.com\/wp-content\/uploads\/2024\/06\/02987-O-scaled.jpg\",\"width\":1374,\"height\":2560},{\"@type\":\"BreadcrumbList\",\"@id\":\"https:\/\/www.lamigraf.com\/de\/designs\/litos-2\/#breadcrumb\",\"itemListElement\":[{\"@type\":\"ListItem\",\"position\":1,\"name\":\"Home\",\"item\":\"https:\/\/www.lamigraf.com\/de\/\"},{\"@type\":\"ListItem\",\"position\":2,\"name\":\"Designs\",\"item\":\"https:\/\/www.lamigraf.com\/designs\/\"},{\"@type\":\"ListItem\",\"position\":3,\"name\":\"LITOS\"}]},{\"@type\":\"WebSite\",\"@id\":\"https:\/\/www.lamigraf.com\/#website\",\"url\":\"https:\/\/www.lamigraf.com\/\",\"name\":\"Lamigraf\",\"description\":\"\",\"publisher\":{\"@id\":\"https:\/\/www.lamigraf.com\/#organization\"},\"potentialAction\":[{\"@type\":\"SearchAction\",\"target\":{\"@type\":\"EntryPoint\",\"urlTemplate\":\"https:\/\/www.lamigraf.com\/?s={search_term_string}\"},\"query-input\":{\"@type\":\"PropertyValueSpecification\",\"valueRequired\":true,\"valueName\":\"search_term_string\"}}],\"inLanguage\":\"de\"},{\"@type\":\"Organization\",\"@id\":\"https:\/\/www.lamigraf.com\/#organization\",\"name\":\"Lamigraf\",\"url\":\"https:\/\/www.lamigraf.com\/\",\"logo\":{\"@type\":\"ImageObject\",\"inLanguage\":\"de\",\"@id\":\"https:\/\/www.lamigraf.com\/#\/schema\/logo\/image\/\",\"url\":\"https:\/\/www.lamigraf.com\/wp-content\/uploads\/2024\/05\/Logo-white.svg\",\"contentUrl\":\"https:\/\/www.lamigraf.com\/wp-content\/uploads\/2024\/05\/Logo-white.svg\",\"width\":147,\"height\":36,\"caption\":\"Lamigraf\"},\"image\":{\"@id\":\"https:\/\/www.lamigraf.com\/#\/schema\/logo\/image\/\"}}]}<\/script>\n<!-- \/ Yoast SEO plugin. -->","yoast_head_json":{"title":"LITOS - Lamigraf","robots":{"index":"index","follow":"follow","max-snippet":"max-snippet:-1","max-image-preview":"max-image-preview:large","max-video-preview":"max-video-preview:-1"},"canonical":"https:\/\/www.lamigraf.com\/de\/designs\/litos-2\/","og_locale":"de_DE","og_type":"article","og_title":"LITOS - Lamigraf","og_description":"Litos ist eine Feier der Widerstandsf\u00e4higkeit und nat\u00fcrlichen Sch\u00f6nheit des EukalyptushaHolzes und pr\u00e4sentiert einen modernen und eleganten Ansatz f\u00fcr dieses exotische Holz. Mit klaren Linien und Farbmodulation l\u00e4dt Litos zu einem einzigartigen visuellen und taktilen Erlebnis ein. Seine Vielseitigkeit erm\u00f6glicht eine nahtlose Integration in verschiedene Umgebungen und verleiht jedem Raum einen Hauch von Raffinesse und [&hellip;]","og_url":"https:\/\/www.lamigraf.com\/de\/designs\/litos-2\/","og_site_name":"Lamigraf","article_modified_time":"2025-04-07T16:51:21+00:00","og_image":[{"width":1374,"height":2560,"url":"https:\/\/www.lamigraf.com\/wp-content\/uploads\/2024\/06\/02987-O-scaled.jpg","type":"image\/jpeg"}],"twitter_card":"summary_large_image","twitter_misc":{"Gesch\u00e4tzte Lesezeit":"1\u00a0Minute"},"schema":{"@context":"https:\/\/schema.org","@graph":[{"@type":"WebPage","@id":"https:\/\/www.lamigraf.com\/de\/designs\/litos-2\/","url":"https:\/\/www.lamigraf.com\/de\/designs\/litos-2\/","name":"LITOS - Lamigraf","isPartOf":{"@id":"https:\/\/www.lamigraf.com\/#website"},"primaryImageOfPage":{"@id":"https:\/\/www.lamigraf.com\/de\/designs\/litos-2\/#primaryimage"},"image":{"@id":"https:\/\/www.lamigraf.com\/de\/designs\/litos-2\/#primaryimage"},"thumbnailUrl":"https:\/\/www.lamigraf.com\/wp-content\/uploads\/2024\/06\/02987-O-scaled.jpg","datePublished":"2024-06-07T07:50:59+00:00","dateModified":"2025-04-07T16:51:21+00:00","breadcrumb":{"@id":"https:\/\/www.lamigraf.com\/de\/designs\/litos-2\/#breadcrumb"},"inLanguage":"de","potentialAction":[{"@type":"ReadAction","target":["https:\/\/www.lamigraf.com\/de\/designs\/litos-2\/"]}]},{"@type":"ImageObject","inLanguage":"de","@id":"https:\/\/www.lamigraf.com\/de\/designs\/litos-2\/#primaryimage","url":"https:\/\/www.lamigraf.com\/wp-content\/uploads\/2024\/06\/02987-O-scaled.jpg","contentUrl":"https:\/\/www.lamigraf.com\/wp-content\/uploads\/2024\/06\/02987-O-scaled.jpg","width":1374,"height":2560},{"@type":"BreadcrumbList","@id":"https:\/\/www.lamigraf.com\/de\/designs\/litos-2\/#breadcrumb","itemListElement":[{"@type":"ListItem","position":1,"name":"Home","item":"https:\/\/www.lamigraf.com\/de\/"},{"@type":"ListItem","position":2,"name":"Designs","item":"https:\/\/www.lamigraf.com\/designs\/"},{"@type":"ListItem","position":3,"name":"LITOS"}]},{"@type":"WebSite","@id":"https:\/\/www.lamigraf.com\/#website","url":"https:\/\/www.lamigraf.com\/","name":"Lamigraf","description":"","publisher":{"@id":"https:\/\/www.lamigraf.com\/#organization"},"potentialAction":[{"@type":"SearchAction","target":{"@type":"EntryPoint","urlTemplate":"https:\/\/www.lamigraf.com\/?s={search_term_string}"},"query-input":{"@type":"PropertyValueSpecification","valueRequired":true,"valueName":"search_term_string"}}],"inLanguage":"de"},{"@type":"Organization","@id":"https:\/\/www.lamigraf.com\/#organization","name":"Lamigraf","url":"https:\/\/www.lamigraf.com\/","logo":{"@type":"ImageObject","inLanguage":"de","@id":"https:\/\/www.lamigraf.com\/#\/schema\/logo\/image\/","url":"https:\/\/www.lamigraf.com\/wp-content\/uploads\/2024\/05\/Logo-white.svg","contentUrl":"https:\/\/www.lamigraf.com\/wp-content\/uploads\/2024\/05\/Logo-white.svg","width":147,"height":36,"caption":"Lamigraf"},"image":{"@id":"https:\/\/www.lamigraf.com\/#\/schema\/logo\/image\/"}}]}},"_links":{"self":[{"href":"https:\/\/www.lamigraf.com\/de\/wp-json\/wp\/v2\/product\/12424","targetHints":{"allow":["GET"]}}],"collection":[{"href":"https:\/\/www.lamigraf.com\/de\/wp-json\/wp\/v2\/product"}],"about":[{"href":"https:\/\/www.lamigraf.com\/de\/wp-json\/wp\/v2\/types\/product"}],"version-history":[{"count":1,"href":"https:\/\/www.lamigraf.com\/de\/wp-json\/wp\/v2\/product\/12424\/revisions"}],"predecessor-version":[{"id":87700,"href":"https:\/\/www.lamigraf.com\/de\/wp-json\/wp\/v2\/product\/12424\/revisions\/87700"}],"acf:attachment":[{"embeddable":true,"href":"https:\/\/www.lamigraf.com\/de\/wp-json\/wp\/v2\/media\/80381"},{"embeddable":true,"href":"https:\/\/www.lamigraf.com\/de\/wp-json\/wp\/v2\/media\/80374"},{"embeddable":true,"href":"https:\/\/www.lamigraf.com\/de\/wp-json\/wp\/v2\/media\/12508"}],"wp:featuredmedia":[{"embeddable":true,"href":"https:\/\/www.lamigraf.com\/de\/wp-json\/wp\/v2\/media\/12501"}],"wp:attachment":[{"href":"https:\/\/www.lamigraf.com\/de\/wp-json\/wp\/v2\/media?parent=12424"}],"wp:term":[{"taxonomy":"product_applications","embeddable":true,"href":"https:\/\/www.lamigraf.com\/de\/wp-json\/wp\/v2\/applications?post=12424"},{"taxonomy":"product_type","embeddable":true,"href":"https:\/\/www.lamigraf.com\/de\/wp-json\/wp\/v2\/design-types?post=12424"},{"taxonomy":"product_characteristics","embeddable":true,"href":"https:\/\/www.lamigraf.com\/de\/wp-json\/wp\/v2\/characteristics?post=12424"},{"taxonomy":"product_apparence","embeddable":true,"href":"https:\/\/www.lamigraf.com\/de\/wp-json\/wp\/v2\/appearance?post=12424"}],"curies":[{"name":"wp","href":"https:\/\/api.w.org\/{rel}","templated":true}]}}