{"id":12427,"date":"2024-06-07T09:51:00","date_gmt":"2024-06-07T07:51:00","guid":{"rendered":"http:\/\/lamigraf.com\/designs\/everest-2\/"},"modified":"2025-04-09T10:50:00","modified_gmt":"2025-04-09T08:50:00","slug":"everest-2","status":"publish","type":"product","link":"https:\/\/www.lamigraf.com\/de\/designs\/everest-2\/","title":{"rendered":"EVEREST"},"content":{"rendered":"\n<p>Inspiriert von Gipfeln und T\u00e4lern, fordert uns Everest heraus, das Konzept von gestreiftem Holz aus einer neuen Perspektive zu \u00fcberdenken. Seine moderne und vielseitige \u00c4sthetik verspricht, Erwartungen zu \u00fcbertreffen, indem visuell beeindruckende und zugleich warme, einladende R\u00e4ume geschaffen werden. Durch die Verbindung der nat\u00fcrlichen Sch\u00f6nheit von Holz mit zeitgem\u00e4\u00dfem Design verspricht Everest, visuell atemberaubende und moderne Umgebungen zu schaffen, die jeden einladen, in seine fesselnde Atmosph\u00e4re einzutauchen.<\/p>\n","protected":false},"excerpt":{"rendered":"<p>Inspiriert von Gipfeln und T\u00e4lern, fordert uns Everest heraus, das Konzept von gestreiftem Holz aus einer neuen Perspektive zu \u00fcberdenken. Seine moderne und vielseitige \u00c4sthetik verspricht, Erwartungen zu \u00fcbertreffen, indem visuell beeindruckende und zugleich warme, einladende R\u00e4ume geschaffen werden. Durch die Verbindung der nat\u00fcrlichen Sch\u00f6nheit von Holz mit zeitgem\u00e4\u00dfem Design verspricht Everest, visuell atemberaubende und [&hellip;]<\/p>\n","protected":false},"featured_media":12459,"template":"","meta":{"_acf_changed":false,"_gspb_post_css":"","footnotes":""},"applications":[8,691],"design-types":[839,837],"characteristics":[759,202],"appearance":[],"class_list":["post-12427","product","type-product","status-publish","has-post-thumbnail","hentry","product_applications-furniture","product_applications-furniture-de","product_type-fantasy-de","product_type-creatives-de","product_characteristics-striped-de","product_characteristics-striped"],"acf":{"code":"3005","peripheral_development":"1250","axial_development":"2200","cylinders":"1","data_sheet":79647,"collections":[{"code":"3005-0301","thumbnail":12473,"render":84325},{"code":"3005-0302","thumbnail":12431,"render":84331},{"code":"3005-0303","thumbnail":12438,"render":84337},{"code":"3005-0304","thumbnail":12445,"render":84343}],"usages":[12466],"inspiration":{"top":{"title":"","thumbnail":16803,"reference":"2690-0301"},"bottom_title":""},"hover_image":12466,"eir":"","collaborator":{"name":"","link":""},"synchro_wood":false,"novedad":false},"yoast_head":"<!-- This site is optimized with the Yoast SEO plugin v25.2 - https:\/\/yoast.com\/wordpress\/plugins\/seo\/ -->\n<title>EVEREST - Lamigraf<\/title>\n<meta name=\"robots\" content=\"index, follow, max-snippet:-1, max-image-preview:large, max-video-preview:-1\" \/>\n<link rel=\"canonical\" href=\"https:\/\/www.lamigraf.com\/de\/designs\/everest-2\/\" \/>\n<meta property=\"og:locale\" content=\"de_DE\" \/>\n<meta property=\"og:type\" content=\"article\" \/>\n<meta property=\"og:title\" content=\"EVEREST - Lamigraf\" \/>\n<meta property=\"og:description\" content=\"Inspiriert von Gipfeln und T\u00e4lern, fordert uns Everest heraus, das Konzept von gestreiftem Holz aus einer neuen Perspektive zu \u00fcberdenken. Seine moderne und vielseitige \u00c4sthetik verspricht, Erwartungen zu \u00fcbertreffen, indem visuell beeindruckende und zugleich warme, einladende R\u00e4ume geschaffen werden. Durch die Verbindung der nat\u00fcrlichen Sch\u00f6nheit von Holz mit zeitgem\u00e4\u00dfem Design verspricht Everest, visuell atemberaubende und [&hellip;]\" \/>\n<meta property=\"og:url\" content=\"https:\/\/www.lamigraf.com\/de\/designs\/everest-2\/\" \/>\n<meta property=\"og:site_name\" content=\"Lamigraf\" \/>\n<meta property=\"article:modified_time\" content=\"2025-04-09T08:50:00+00:00\" \/>\n<meta property=\"og:image\" content=\"https:\/\/www.lamigraf.com\/wp-content\/uploads\/2024\/06\/03005-O-scaled.jpg\" \/>\n\t<meta property=\"og:image:width\" content=\"1229\" \/>\n\t<meta property=\"og:image:height\" content=\"2560\" \/>\n\t<meta property=\"og:image:type\" content=\"image\/jpeg\" \/>\n<meta name=\"twitter:card\" content=\"summary_large_image\" \/>\n<meta name=\"twitter:label1\" content=\"Gesch\u00e4tzte Lesezeit\" \/>\n\t<meta name=\"twitter:data1\" content=\"1\u00a0Minute\" \/>\n<script type=\"application\/ld+json\" class=\"yoast-schema-graph\">{\"@context\":\"https:\/\/schema.org\",\"@graph\":[{\"@type\":\"WebPage\",\"@id\":\"https:\/\/www.lamigraf.com\/de\/designs\/everest-2\/\",\"url\":\"https:\/\/www.lamigraf.com\/de\/designs\/everest-2\/\",\"name\":\"EVEREST - Lamigraf\",\"isPartOf\":{\"@id\":\"https:\/\/www.lamigraf.com\/#website\"},\"primaryImageOfPage\":{\"@id\":\"https:\/\/www.lamigraf.com\/de\/designs\/everest-2\/#primaryimage\"},\"image\":{\"@id\":\"https:\/\/www.lamigraf.com\/de\/designs\/everest-2\/#primaryimage\"},\"thumbnailUrl\":\"https:\/\/www.lamigraf.com\/wp-content\/uploads\/2024\/06\/03005-O-scaled.jpg\",\"datePublished\":\"2024-06-07T07:51:00+00:00\",\"dateModified\":\"2025-04-09T08:50:00+00:00\",\"breadcrumb\":{\"@id\":\"https:\/\/www.lamigraf.com\/de\/designs\/everest-2\/#breadcrumb\"},\"inLanguage\":\"de\",\"potentialAction\":[{\"@type\":\"ReadAction\",\"target\":[\"https:\/\/www.lamigraf.com\/de\/designs\/everest-2\/\"]}]},{\"@type\":\"ImageObject\",\"inLanguage\":\"de\",\"@id\":\"https:\/\/www.lamigraf.com\/de\/designs\/everest-2\/#primaryimage\",\"url\":\"https:\/\/www.lamigraf.com\/wp-content\/uploads\/2024\/06\/03005-O-scaled.jpg\",\"contentUrl\":\"https:\/\/www.lamigraf.com\/wp-content\/uploads\/2024\/06\/03005-O-scaled.jpg\",\"width\":1229,\"height\":2560},{\"@type\":\"BreadcrumbList\",\"@id\":\"https:\/\/www.lamigraf.com\/de\/designs\/everest-2\/#breadcrumb\",\"itemListElement\":[{\"@type\":\"ListItem\",\"position\":1,\"name\":\"Home\",\"item\":\"https:\/\/www.lamigraf.com\/de\/\"},{\"@type\":\"ListItem\",\"position\":2,\"name\":\"Designs\",\"item\":\"https:\/\/www.lamigraf.com\/designs\/\"},{\"@type\":\"ListItem\",\"position\":3,\"name\":\"EVEREST\"}]},{\"@type\":\"WebSite\",\"@id\":\"https:\/\/www.lamigraf.com\/#website\",\"url\":\"https:\/\/www.lamigraf.com\/\",\"name\":\"Lamigraf\",\"description\":\"\",\"publisher\":{\"@id\":\"https:\/\/www.lamigraf.com\/#organization\"},\"potentialAction\":[{\"@type\":\"SearchAction\",\"target\":{\"@type\":\"EntryPoint\",\"urlTemplate\":\"https:\/\/www.lamigraf.com\/?s={search_term_string}\"},\"query-input\":{\"@type\":\"PropertyValueSpecification\",\"valueRequired\":true,\"valueName\":\"search_term_string\"}}],\"inLanguage\":\"de\"},{\"@type\":\"Organization\",\"@id\":\"https:\/\/www.lamigraf.com\/#organization\",\"name\":\"Lamigraf\",\"url\":\"https:\/\/www.lamigraf.com\/\",\"logo\":{\"@type\":\"ImageObject\",\"inLanguage\":\"de\",\"@id\":\"https:\/\/www.lamigraf.com\/#\/schema\/logo\/image\/\",\"url\":\"https:\/\/www.lamigraf.com\/wp-content\/uploads\/2024\/05\/Logo-white.svg\",\"contentUrl\":\"https:\/\/www.lamigraf.com\/wp-content\/uploads\/2024\/05\/Logo-white.svg\",\"width\":147,\"height\":36,\"caption\":\"Lamigraf\"},\"image\":{\"@id\":\"https:\/\/www.lamigraf.com\/#\/schema\/logo\/image\/\"}}]}<\/script>\n<!-- \/ Yoast SEO plugin. -->","yoast_head_json":{"title":"EVEREST - Lamigraf","robots":{"index":"index","follow":"follow","max-snippet":"max-snippet:-1","max-image-preview":"max-image-preview:large","max-video-preview":"max-video-preview:-1"},"canonical":"https:\/\/www.lamigraf.com\/de\/designs\/everest-2\/","og_locale":"de_DE","og_type":"article","og_title":"EVEREST - Lamigraf","og_description":"Inspiriert von Gipfeln und T\u00e4lern, fordert uns Everest heraus, das Konzept von gestreiftem Holz aus einer neuen Perspektive zu \u00fcberdenken. Seine moderne und vielseitige \u00c4sthetik verspricht, Erwartungen zu \u00fcbertreffen, indem visuell beeindruckende und zugleich warme, einladende R\u00e4ume geschaffen werden. Durch die Verbindung der nat\u00fcrlichen Sch\u00f6nheit von Holz mit zeitgem\u00e4\u00dfem Design verspricht Everest, visuell atemberaubende und [&hellip;]","og_url":"https:\/\/www.lamigraf.com\/de\/designs\/everest-2\/","og_site_name":"Lamigraf","article_modified_time":"2025-04-09T08:50:00+00:00","og_image":[{"width":1229,"height":2560,"url":"https:\/\/www.lamigraf.com\/wp-content\/uploads\/2024\/06\/03005-O-scaled.jpg","type":"image\/jpeg"}],"twitter_card":"summary_large_image","twitter_misc":{"Gesch\u00e4tzte Lesezeit":"1\u00a0Minute"},"schema":{"@context":"https:\/\/schema.org","@graph":[{"@type":"WebPage","@id":"https:\/\/www.lamigraf.com\/de\/designs\/everest-2\/","url":"https:\/\/www.lamigraf.com\/de\/designs\/everest-2\/","name":"EVEREST - Lamigraf","isPartOf":{"@id":"https:\/\/www.lamigraf.com\/#website"},"primaryImageOfPage":{"@id":"https:\/\/www.lamigraf.com\/de\/designs\/everest-2\/#primaryimage"},"image":{"@id":"https:\/\/www.lamigraf.com\/de\/designs\/everest-2\/#primaryimage"},"thumbnailUrl":"https:\/\/www.lamigraf.com\/wp-content\/uploads\/2024\/06\/03005-O-scaled.jpg","datePublished":"2024-06-07T07:51:00+00:00","dateModified":"2025-04-09T08:50:00+00:00","breadcrumb":{"@id":"https:\/\/www.lamigraf.com\/de\/designs\/everest-2\/#breadcrumb"},"inLanguage":"de","potentialAction":[{"@type":"ReadAction","target":["https:\/\/www.lamigraf.com\/de\/designs\/everest-2\/"]}]},{"@type":"ImageObject","inLanguage":"de","@id":"https:\/\/www.lamigraf.com\/de\/designs\/everest-2\/#primaryimage","url":"https:\/\/www.lamigraf.com\/wp-content\/uploads\/2024\/06\/03005-O-scaled.jpg","contentUrl":"https:\/\/www.lamigraf.com\/wp-content\/uploads\/2024\/06\/03005-O-scaled.jpg","width":1229,"height":2560},{"@type":"BreadcrumbList","@id":"https:\/\/www.lamigraf.com\/de\/designs\/everest-2\/#breadcrumb","itemListElement":[{"@type":"ListItem","position":1,"name":"Home","item":"https:\/\/www.lamigraf.com\/de\/"},{"@type":"ListItem","position":2,"name":"Designs","item":"https:\/\/www.lamigraf.com\/designs\/"},{"@type":"ListItem","position":3,"name":"EVEREST"}]},{"@type":"WebSite","@id":"https:\/\/www.lamigraf.com\/#website","url":"https:\/\/www.lamigraf.com\/","name":"Lamigraf","description":"","publisher":{"@id":"https:\/\/www.lamigraf.com\/#organization"},"potentialAction":[{"@type":"SearchAction","target":{"@type":"EntryPoint","urlTemplate":"https:\/\/www.lamigraf.com\/?s={search_term_string}"},"query-input":{"@type":"PropertyValueSpecification","valueRequired":true,"valueName":"search_term_string"}}],"inLanguage":"de"},{"@type":"Organization","@id":"https:\/\/www.lamigraf.com\/#organization","name":"Lamigraf","url":"https:\/\/www.lamigraf.com\/","logo":{"@type":"ImageObject","inLanguage":"de","@id":"https:\/\/www.lamigraf.com\/#\/schema\/logo\/image\/","url":"https:\/\/www.lamigraf.com\/wp-content\/uploads\/2024\/05\/Logo-white.svg","contentUrl":"https:\/\/www.lamigraf.com\/wp-content\/uploads\/2024\/05\/Logo-white.svg","width":147,"height":36,"caption":"Lamigraf"},"image":{"@id":"https:\/\/www.lamigraf.com\/#\/schema\/logo\/image\/"}}]}},"_links":{"self":[{"href":"https:\/\/www.lamigraf.com\/de\/wp-json\/wp\/v2\/product\/12427","targetHints":{"allow":["GET"]}}],"collection":[{"href":"https:\/\/www.lamigraf.com\/de\/wp-json\/wp\/v2\/product"}],"about":[{"href":"https:\/\/www.lamigraf.com\/de\/wp-json\/wp\/v2\/types\/product"}],"version-history":[{"count":1,"href":"https:\/\/www.lamigraf.com\/de\/wp-json\/wp\/v2\/product\/12427\/revisions"}],"predecessor-version":[{"id":87927,"href":"https:\/\/www.lamigraf.com\/de\/wp-json\/wp\/v2\/product\/12427\/revisions\/87927"}],"acf:attachment":[{"embeddable":true,"href":"https:\/\/www.lamigraf.com\/de\/wp-json\/wp\/v2\/media\/12466"}],"wp:featuredmedia":[{"embeddable":true,"href":"https:\/\/www.lamigraf.com\/de\/wp-json\/wp\/v2\/media\/12459"}],"wp:attachment":[{"href":"https:\/\/www.lamigraf.com\/de\/wp-json\/wp\/v2\/media?parent=12427"}],"wp:term":[{"taxonomy":"product_applications","embeddable":true,"href":"https:\/\/www.lamigraf.com\/de\/wp-json\/wp\/v2\/applications?post=12427"},{"taxonomy":"product_type","embeddable":true,"href":"https:\/\/www.lamigraf.com\/de\/wp-json\/wp\/v2\/design-types?post=12427"},{"taxonomy":"product_characteristics","embeddable":true,"href":"https:\/\/www.lamigraf.com\/de\/wp-json\/wp\/v2\/characteristics?post=12427"},{"taxonomy":"product_apparence","embeddable":true,"href":"https:\/\/www.lamigraf.com\/de\/wp-json\/wp\/v2\/appearance?post=12427"}],"curies":[{"name":"wp","href":"https:\/\/api.w.org\/{rel}","templated":true}]}}