{"id":9043,"date":"2024-06-07T09:39:18","date_gmt":"2024-06-07T07:39:18","guid":{"rendered":"http:\/\/lamigraf.com\/designs\/esmeralda-hikory-2\/"},"modified":"2024-06-07T09:39:18","modified_gmt":"2024-06-07T07:39:18","slug":"esmeralda-hikory-2","status":"publish","type":"product","link":"https:\/\/www.lamigraf.com\/de\/designs\/esmeralda-hikory-2\/","title":{"rendered":"ESMERALDA HIKORY"},"content":{"rendered":"Die Originalit\u00e4t und der differenzierte Charakter macht diese Eiche zum Juwel seiner Klasse. Die ausgefeilten Details, das pr\u00e4chtige Farbspiel und die wechselnde Struktur l\u00e4sst niemanden kalt und transportiert Luxus und Exklusivit\u00e4t in jede Wohnoase.","protected":false},"excerpt":{"rendered":"<p>Die Originalit\u00e4t und der differenzierte Charakter macht diese Eiche zum Juwel seiner Klasse. Die ausgefeilten Details, das pr\u00e4chtige Farbspiel und die wechselnde Struktur l\u00e4sst niemanden kalt und transportiert Luxus und Exklusivit\u00e4t in jede Wohnoase.<\/p>\n","protected":false},"featured_media":73150,"template":"","meta":{"_acf_changed":false,"_gspb_post_css":"","footnotes":""},"applications":[10,696],"design-types":[967,811,604],"characteristics":[755,862],"appearance":[359,783],"class_list":["post-9043","product","type-product","status-publish","has-post-thumbnail","hentry","product_applications-flooring","product_applications-flooring-de","product_type-hickory-de","product_type-wood-de","product_type-oak","product_characteristics-knots-de","product_characteristics-planked-de","product_apparence-brushed","product_apparence-brushed-de"],"acf":{"code":"1975","peripheral_development":"1300","axial_development":"2000","cylinders":"3","data_sheet":"","collections":[{"code":"1975-D007","thumbnail":73083,"render":""},{"code":"1975-D009","thumbnail":73090,"render":""},{"code":"1975-D011","thumbnail":73097,"render":""},{"code":"1975-D015","thumbnail":73104,"render":""},{"code":"1975-D019","thumbnail":73111,"render":""},{"code":"1975-D024","thumbnail":73118,"render":""},{"code":"1975-D047","thumbnail":73125,"render":""},{"code":"1975-D051","thumbnail":73132,"render":""},{"code":"1975-D052","thumbnail":73139,"render":""}],"usages":[73160],"inspiration":{"top":{"title":"","thumbnail":"","reference":""},"bottom_title":""},"hover_image":73160,"eir":"","collaborator":{"name":"","link":""},"synchro_wood":false,"novedad":false},"yoast_head":"<!-- This site is optimized with the Yoast SEO plugin v25.2 - https:\/\/yoast.com\/wordpress\/plugins\/seo\/ -->\n<title>ESMERALDA HIKORY - Lamigraf<\/title>\n<meta name=\"robots\" content=\"index, follow, max-snippet:-1, max-image-preview:large, max-video-preview:-1\" \/>\n<link rel=\"canonical\" href=\"https:\/\/www.lamigraf.com\/designs\/esmeralda-hikory\/\" \/>\n<meta property=\"og:locale\" content=\"de_DE\" \/>\n<meta property=\"og:type\" content=\"article\" \/>\n<meta property=\"og:title\" content=\"ESMERALDA HIKORY - Lamigraf\" \/>\n<meta property=\"og:description\" content=\"Die Originalit\u00e4t und der differenzierte Charakter macht diese Eiche zum Juwel seiner Klasse. Die ausgefeilten Details, das pr\u00e4chtige Farbspiel und die wechselnde Struktur l\u00e4sst niemanden kalt und transportiert Luxus und Exklusivit\u00e4t in jede Wohnoase.\" \/>\n<meta property=\"og:url\" content=\"https:\/\/www.lamigraf.com\/designs\/esmeralda-hikory\/\" \/>\n<meta property=\"og:site_name\" content=\"Lamigraf\" \/>\n<meta property=\"og:image\" content=\"https:\/\/www.lamigraf.com\/wp-content\/uploads\/2024\/06\/01975-O.jpg\" \/>\n\t<meta property=\"og:image:width\" content=\"1920\" \/>\n\t<meta property=\"og:image:height\" content=\"1248\" \/>\n\t<meta property=\"og:image:type\" content=\"image\/jpeg\" \/>\n<meta name=\"twitter:card\" content=\"summary_large_image\" \/>\n<script type=\"application\/ld+json\" class=\"yoast-schema-graph\">{\"@context\":\"https:\/\/schema.org\",\"@graph\":[{\"@type\":\"WebPage\",\"@id\":\"https:\/\/www.lamigraf.com\/designs\/esmeralda-hikory\/\",\"url\":\"https:\/\/www.lamigraf.com\/designs\/esmeralda-hikory\/\",\"name\":\"ESMERALDA HIKORY - Lamigraf\",\"isPartOf\":{\"@id\":\"https:\/\/www.lamigraf.com\/#website\"},\"primaryImageOfPage\":{\"@id\":\"https:\/\/www.lamigraf.com\/designs\/esmeralda-hikory\/#primaryimage\"},\"image\":{\"@id\":\"https:\/\/www.lamigraf.com\/designs\/esmeralda-hikory\/#primaryimage\"},\"thumbnailUrl\":\"https:\/\/www.lamigraf.com\/wp-content\/uploads\/2024\/06\/01975-O.jpg\",\"datePublished\":\"2024-06-07T07:39:18+00:00\",\"breadcrumb\":{\"@id\":\"https:\/\/www.lamigraf.com\/designs\/esmeralda-hikory\/#breadcrumb\"},\"inLanguage\":\"de\",\"potentialAction\":[{\"@type\":\"ReadAction\",\"target\":[\"https:\/\/www.lamigraf.com\/designs\/esmeralda-hikory\/\"]}]},{\"@type\":\"ImageObject\",\"inLanguage\":\"de\",\"@id\":\"https:\/\/www.lamigraf.com\/designs\/esmeralda-hikory\/#primaryimage\",\"url\":\"https:\/\/www.lamigraf.com\/wp-content\/uploads\/2024\/06\/01975-O.jpg\",\"contentUrl\":\"https:\/\/www.lamigraf.com\/wp-content\/uploads\/2024\/06\/01975-O.jpg\",\"width\":1920,\"height\":1248},{\"@type\":\"BreadcrumbList\",\"@id\":\"https:\/\/www.lamigraf.com\/designs\/esmeralda-hikory\/#breadcrumb\",\"itemListElement\":[{\"@type\":\"ListItem\",\"position\":1,\"name\":\"Home\",\"item\":\"https:\/\/www.lamigraf.com\/de\/\"},{\"@type\":\"ListItem\",\"position\":2,\"name\":\"Designs\",\"item\":\"https:\/\/www.lamigraf.com\/designs\/\"},{\"@type\":\"ListItem\",\"position\":3,\"name\":\"ESMERALDA HIKORY\"}]},{\"@type\":\"WebSite\",\"@id\":\"https:\/\/www.lamigraf.com\/#website\",\"url\":\"https:\/\/www.lamigraf.com\/\",\"name\":\"Lamigraf\",\"description\":\"\",\"publisher\":{\"@id\":\"https:\/\/www.lamigraf.com\/#organization\"},\"potentialAction\":[{\"@type\":\"SearchAction\",\"target\":{\"@type\":\"EntryPoint\",\"urlTemplate\":\"https:\/\/www.lamigraf.com\/?s={search_term_string}\"},\"query-input\":{\"@type\":\"PropertyValueSpecification\",\"valueRequired\":true,\"valueName\":\"search_term_string\"}}],\"inLanguage\":\"de\"},{\"@type\":\"Organization\",\"@id\":\"https:\/\/www.lamigraf.com\/#organization\",\"name\":\"Lamigraf\",\"url\":\"https:\/\/www.lamigraf.com\/\",\"logo\":{\"@type\":\"ImageObject\",\"inLanguage\":\"de\",\"@id\":\"https:\/\/www.lamigraf.com\/#\/schema\/logo\/image\/\",\"url\":\"https:\/\/www.lamigraf.com\/wp-content\/uploads\/2024\/05\/Logo-white.svg\",\"contentUrl\":\"https:\/\/www.lamigraf.com\/wp-content\/uploads\/2024\/05\/Logo-white.svg\",\"width\":147,\"height\":36,\"caption\":\"Lamigraf\"},\"image\":{\"@id\":\"https:\/\/www.lamigraf.com\/#\/schema\/logo\/image\/\"}}]}<\/script>\n<!-- \/ Yoast SEO plugin. -->","yoast_head_json":{"title":"ESMERALDA HIKORY - Lamigraf","robots":{"index":"index","follow":"follow","max-snippet":"max-snippet:-1","max-image-preview":"max-image-preview:large","max-video-preview":"max-video-preview:-1"},"canonical":"https:\/\/www.lamigraf.com\/designs\/esmeralda-hikory\/","og_locale":"de_DE","og_type":"article","og_title":"ESMERALDA HIKORY - Lamigraf","og_description":"Die Originalit\u00e4t und der differenzierte Charakter macht diese Eiche zum Juwel seiner Klasse. Die ausgefeilten Details, das pr\u00e4chtige Farbspiel und die wechselnde Struktur l\u00e4sst niemanden kalt und transportiert Luxus und Exklusivit\u00e4t in jede Wohnoase.","og_url":"https:\/\/www.lamigraf.com\/designs\/esmeralda-hikory\/","og_site_name":"Lamigraf","og_image":[{"width":1920,"height":1248,"url":"https:\/\/www.lamigraf.com\/wp-content\/uploads\/2024\/06\/01975-O.jpg","type":"image\/jpeg"}],"twitter_card":"summary_large_image","schema":{"@context":"https:\/\/schema.org","@graph":[{"@type":"WebPage","@id":"https:\/\/www.lamigraf.com\/designs\/esmeralda-hikory\/","url":"https:\/\/www.lamigraf.com\/designs\/esmeralda-hikory\/","name":"ESMERALDA HIKORY - Lamigraf","isPartOf":{"@id":"https:\/\/www.lamigraf.com\/#website"},"primaryImageOfPage":{"@id":"https:\/\/www.lamigraf.com\/designs\/esmeralda-hikory\/#primaryimage"},"image":{"@id":"https:\/\/www.lamigraf.com\/designs\/esmeralda-hikory\/#primaryimage"},"thumbnailUrl":"https:\/\/www.lamigraf.com\/wp-content\/uploads\/2024\/06\/01975-O.jpg","datePublished":"2024-06-07T07:39:18+00:00","breadcrumb":{"@id":"https:\/\/www.lamigraf.com\/designs\/esmeralda-hikory\/#breadcrumb"},"inLanguage":"de","potentialAction":[{"@type":"ReadAction","target":["https:\/\/www.lamigraf.com\/designs\/esmeralda-hikory\/"]}]},{"@type":"ImageObject","inLanguage":"de","@id":"https:\/\/www.lamigraf.com\/designs\/esmeralda-hikory\/#primaryimage","url":"https:\/\/www.lamigraf.com\/wp-content\/uploads\/2024\/06\/01975-O.jpg","contentUrl":"https:\/\/www.lamigraf.com\/wp-content\/uploads\/2024\/06\/01975-O.jpg","width":1920,"height":1248},{"@type":"BreadcrumbList","@id":"https:\/\/www.lamigraf.com\/designs\/esmeralda-hikory\/#breadcrumb","itemListElement":[{"@type":"ListItem","position":1,"name":"Home","item":"https:\/\/www.lamigraf.com\/de\/"},{"@type":"ListItem","position":2,"name":"Designs","item":"https:\/\/www.lamigraf.com\/designs\/"},{"@type":"ListItem","position":3,"name":"ESMERALDA HIKORY"}]},{"@type":"WebSite","@id":"https:\/\/www.lamigraf.com\/#website","url":"https:\/\/www.lamigraf.com\/","name":"Lamigraf","description":"","publisher":{"@id":"https:\/\/www.lamigraf.com\/#organization"},"potentialAction":[{"@type":"SearchAction","target":{"@type":"EntryPoint","urlTemplate":"https:\/\/www.lamigraf.com\/?s={search_term_string}"},"query-input":{"@type":"PropertyValueSpecification","valueRequired":true,"valueName":"search_term_string"}}],"inLanguage":"de"},{"@type":"Organization","@id":"https:\/\/www.lamigraf.com\/#organization","name":"Lamigraf","url":"https:\/\/www.lamigraf.com\/","logo":{"@type":"ImageObject","inLanguage":"de","@id":"https:\/\/www.lamigraf.com\/#\/schema\/logo\/image\/","url":"https:\/\/www.lamigraf.com\/wp-content\/uploads\/2024\/05\/Logo-white.svg","contentUrl":"https:\/\/www.lamigraf.com\/wp-content\/uploads\/2024\/05\/Logo-white.svg","width":147,"height":36,"caption":"Lamigraf"},"image":{"@id":"https:\/\/www.lamigraf.com\/#\/schema\/logo\/image\/"}}]}},"_links":{"self":[{"href":"https:\/\/www.lamigraf.com\/de\/wp-json\/wp\/v2\/product\/9043","targetHints":{"allow":["GET"]}}],"collection":[{"href":"https:\/\/www.lamigraf.com\/de\/wp-json\/wp\/v2\/product"}],"about":[{"href":"https:\/\/www.lamigraf.com\/de\/wp-json\/wp\/v2\/types\/product"}],"version-history":[{"count":0,"href":"https:\/\/www.lamigraf.com\/de\/wp-json\/wp\/v2\/product\/9043\/revisions"}],"acf:attachment":[{"embeddable":true,"href":"https:\/\/www.lamigraf.com\/de\/wp-json\/wp\/v2\/media\/73160"}],"wp:featuredmedia":[{"embeddable":true,"href":"https:\/\/www.lamigraf.com\/de\/wp-json\/wp\/v2\/media\/73150"}],"wp:attachment":[{"href":"https:\/\/www.lamigraf.com\/de\/wp-json\/wp\/v2\/media?parent=9043"}],"wp:term":[{"taxonomy":"product_applications","embeddable":true,"href":"https:\/\/www.lamigraf.com\/de\/wp-json\/wp\/v2\/applications?post=9043"},{"taxonomy":"product_type","embeddable":true,"href":"https:\/\/www.lamigraf.com\/de\/wp-json\/wp\/v2\/design-types?post=9043"},{"taxonomy":"product_characteristics","embeddable":true,"href":"https:\/\/www.lamigraf.com\/de\/wp-json\/wp\/v2\/characteristics?post=9043"},{"taxonomy":"product_apparence","embeddable":true,"href":"https:\/\/www.lamigraf.com\/de\/wp-json\/wp\/v2\/appearance?post=9043"}],"curies":[{"name":"wp","href":"https:\/\/api.w.org\/{rel}","templated":true}]}}