{"id":9073,"date":"2024-06-07T09:39:20","date_gmt":"2024-06-07T07:39:20","guid":{"rendered":"http:\/\/lamigraf.com\/designs\/emerald-oak-2\/"},"modified":"2024-06-07T09:39:20","modified_gmt":"2024-06-07T07:39:20","slug":"emerald-oak-2","status":"publish","type":"product","link":"https:\/\/www.lamigraf.com\/de\/designs\/emerald-oak-2\/","title":{"rendered":"EMERALD OAK"},"content":{"rendered":"Diese luxuri\u00f6s gestaltete Eiche ist ein Zeugnis der sorgf\u00e4ltigen Manufaktur f\u00fcr die Erschaffung von exklusiven M\u00f6beln. Ihre vollst\u00e4ndigen Blumen werden durch lineare Einstreuungen unterst\u00fctzt und pr\u00e4destinieren dieses spannende Dekorbild f\u00fcr jeglichen Einsatz","protected":false},"excerpt":{"rendered":"<p>Diese luxuri\u00f6s gestaltete Eiche ist ein Zeugnis der sorgf\u00e4ltigen Manufaktur f\u00fcr die Erschaffung von exklusiven M\u00f6beln. Ihre vollst\u00e4ndigen Blumen werden durch lineare Einstreuungen unterst\u00fctzt und pr\u00e4destinieren dieses spannende Dekorbild f\u00fcr jeglichen Einsatz<\/p>\n","protected":false},"featured_media":72268,"template":"","meta":{"_acf_changed":false,"_gspb_post_css":"","footnotes":""},"applications":[8],"design-types":[604],"characteristics":[],"appearance":[],"class_list":["post-9073","product","type-product","status-publish","has-post-thumbnail","hentry","product_applications-furniture","product_type-oak"],"acf":{"code":"02008","peripheral_development":"1250","axial_development":"800","cylinders":"2","data_sheet":null,"collections":[{"code":"D001","thumbnail":72229,"render":null},{"code":"D002","thumbnail":72236,"render":null},{"code":"D004","thumbnail":72243,"render":null},{"code":"D005","thumbnail":72250,"render":null},{"code":"D006","thumbnail":72257,"render":null}],"usages":[72278,72285],"inspiration":{"top":{"title":"","thumbnail":null,"reference":""},"bottom_title":""},"hover_image":null,"eir":"","collaborator":{"name":"","link":""},"synchro_wood":false,"novedad":false},"yoast_head":"<!-- This site is optimized with the Yoast SEO plugin v25.2 - https:\/\/yoast.com\/wordpress\/plugins\/seo\/ -->\n<title>EMERALD OAK - Lamigraf<\/title>\n<meta name=\"robots\" content=\"index, follow, max-snippet:-1, max-image-preview:large, max-video-preview:-1\" \/>\n<link rel=\"canonical\" href=\"https:\/\/www.lamigraf.com\/designs\/emerald-oak\/\" \/>\n<meta property=\"og:locale\" content=\"de_DE\" \/>\n<meta property=\"og:type\" content=\"article\" \/>\n<meta property=\"og:title\" content=\"EMERALD OAK - Lamigraf\" \/>\n<meta property=\"og:description\" content=\"Diese luxuri\u00f6s gestaltete Eiche ist ein Zeugnis der sorgf\u00e4ltigen Manufaktur f\u00fcr die Erschaffung von exklusiven M\u00f6beln. Ihre vollst\u00e4ndigen Blumen werden durch lineare Einstreuungen unterst\u00fctzt und pr\u00e4destinieren dieses spannende Dekorbild f\u00fcr jeglichen Einsatz\" \/>\n<meta property=\"og:url\" content=\"https:\/\/www.lamigraf.com\/designs\/emerald-oak\/\" \/>\n<meta property=\"og:site_name\" content=\"Lamigraf\" \/>\n<meta property=\"og:image\" content=\"https:\/\/www.lamigraf.com\/wp-content\/uploads\/2024\/06\/02008-O-scaled.jpg\" \/>\n\t<meta property=\"og:image:width\" content=\"1639\" \/>\n\t<meta property=\"og:image:height\" content=\"2560\" \/>\n\t<meta property=\"og:image:type\" content=\"image\/jpeg\" \/>\n<meta name=\"twitter:card\" content=\"summary_large_image\" \/>\n<script type=\"application\/ld+json\" class=\"yoast-schema-graph\">{\"@context\":\"https:\/\/schema.org\",\"@graph\":[{\"@type\":\"WebPage\",\"@id\":\"https:\/\/www.lamigraf.com\/designs\/emerald-oak\/\",\"url\":\"https:\/\/www.lamigraf.com\/designs\/emerald-oak\/\",\"name\":\"EMERALD OAK - Lamigraf\",\"isPartOf\":{\"@id\":\"https:\/\/www.lamigraf.com\/#website\"},\"primaryImageOfPage\":{\"@id\":\"https:\/\/www.lamigraf.com\/designs\/emerald-oak\/#primaryimage\"},\"image\":{\"@id\":\"https:\/\/www.lamigraf.com\/designs\/emerald-oak\/#primaryimage\"},\"thumbnailUrl\":\"https:\/\/www.lamigraf.com\/wp-content\/uploads\/2024\/06\/02008-O-scaled.jpg\",\"datePublished\":\"2024-06-07T07:39:20+00:00\",\"breadcrumb\":{\"@id\":\"https:\/\/www.lamigraf.com\/designs\/emerald-oak\/#breadcrumb\"},\"inLanguage\":\"de\",\"potentialAction\":[{\"@type\":\"ReadAction\",\"target\":[\"https:\/\/www.lamigraf.com\/designs\/emerald-oak\/\"]}]},{\"@type\":\"ImageObject\",\"inLanguage\":\"de\",\"@id\":\"https:\/\/www.lamigraf.com\/designs\/emerald-oak\/#primaryimage\",\"url\":\"https:\/\/www.lamigraf.com\/wp-content\/uploads\/2024\/06\/02008-O-scaled.jpg\",\"contentUrl\":\"https:\/\/www.lamigraf.com\/wp-content\/uploads\/2024\/06\/02008-O-scaled.jpg\",\"width\":1639,\"height\":2560},{\"@type\":\"BreadcrumbList\",\"@id\":\"https:\/\/www.lamigraf.com\/designs\/emerald-oak\/#breadcrumb\",\"itemListElement\":[{\"@type\":\"ListItem\",\"position\":1,\"name\":\"Home\",\"item\":\"https:\/\/www.lamigraf.com\/de\/\"},{\"@type\":\"ListItem\",\"position\":2,\"name\":\"Designs\",\"item\":\"https:\/\/www.lamigraf.com\/designs\/\"},{\"@type\":\"ListItem\",\"position\":3,\"name\":\"EMERALD OAK\"}]},{\"@type\":\"WebSite\",\"@id\":\"https:\/\/www.lamigraf.com\/#website\",\"url\":\"https:\/\/www.lamigraf.com\/\",\"name\":\"Lamigraf\",\"description\":\"\",\"publisher\":{\"@id\":\"https:\/\/www.lamigraf.com\/#organization\"},\"potentialAction\":[{\"@type\":\"SearchAction\",\"target\":{\"@type\":\"EntryPoint\",\"urlTemplate\":\"https:\/\/www.lamigraf.com\/?s={search_term_string}\"},\"query-input\":{\"@type\":\"PropertyValueSpecification\",\"valueRequired\":true,\"valueName\":\"search_term_string\"}}],\"inLanguage\":\"de\"},{\"@type\":\"Organization\",\"@id\":\"https:\/\/www.lamigraf.com\/#organization\",\"name\":\"Lamigraf\",\"url\":\"https:\/\/www.lamigraf.com\/\",\"logo\":{\"@type\":\"ImageObject\",\"inLanguage\":\"de\",\"@id\":\"https:\/\/www.lamigraf.com\/#\/schema\/logo\/image\/\",\"url\":\"https:\/\/www.lamigraf.com\/wp-content\/uploads\/2024\/05\/Logo-white.svg\",\"contentUrl\":\"https:\/\/www.lamigraf.com\/wp-content\/uploads\/2024\/05\/Logo-white.svg\",\"width\":147,\"height\":36,\"caption\":\"Lamigraf\"},\"image\":{\"@id\":\"https:\/\/www.lamigraf.com\/#\/schema\/logo\/image\/\"}}]}<\/script>\n<!-- \/ Yoast SEO plugin. -->","yoast_head_json":{"title":"EMERALD OAK - Lamigraf","robots":{"index":"index","follow":"follow","max-snippet":"max-snippet:-1","max-image-preview":"max-image-preview:large","max-video-preview":"max-video-preview:-1"},"canonical":"https:\/\/www.lamigraf.com\/designs\/emerald-oak\/","og_locale":"de_DE","og_type":"article","og_title":"EMERALD OAK - Lamigraf","og_description":"Diese luxuri\u00f6s gestaltete Eiche ist ein Zeugnis der sorgf\u00e4ltigen Manufaktur f\u00fcr die Erschaffung von exklusiven M\u00f6beln. Ihre vollst\u00e4ndigen Blumen werden durch lineare Einstreuungen unterst\u00fctzt und pr\u00e4destinieren dieses spannende Dekorbild f\u00fcr jeglichen Einsatz","og_url":"https:\/\/www.lamigraf.com\/designs\/emerald-oak\/","og_site_name":"Lamigraf","og_image":[{"width":1639,"height":2560,"url":"https:\/\/www.lamigraf.com\/wp-content\/uploads\/2024\/06\/02008-O-scaled.jpg","type":"image\/jpeg"}],"twitter_card":"summary_large_image","schema":{"@context":"https:\/\/schema.org","@graph":[{"@type":"WebPage","@id":"https:\/\/www.lamigraf.com\/designs\/emerald-oak\/","url":"https:\/\/www.lamigraf.com\/designs\/emerald-oak\/","name":"EMERALD OAK - Lamigraf","isPartOf":{"@id":"https:\/\/www.lamigraf.com\/#website"},"primaryImageOfPage":{"@id":"https:\/\/www.lamigraf.com\/designs\/emerald-oak\/#primaryimage"},"image":{"@id":"https:\/\/www.lamigraf.com\/designs\/emerald-oak\/#primaryimage"},"thumbnailUrl":"https:\/\/www.lamigraf.com\/wp-content\/uploads\/2024\/06\/02008-O-scaled.jpg","datePublished":"2024-06-07T07:39:20+00:00","breadcrumb":{"@id":"https:\/\/www.lamigraf.com\/designs\/emerald-oak\/#breadcrumb"},"inLanguage":"de","potentialAction":[{"@type":"ReadAction","target":["https:\/\/www.lamigraf.com\/designs\/emerald-oak\/"]}]},{"@type":"ImageObject","inLanguage":"de","@id":"https:\/\/www.lamigraf.com\/designs\/emerald-oak\/#primaryimage","url":"https:\/\/www.lamigraf.com\/wp-content\/uploads\/2024\/06\/02008-O-scaled.jpg","contentUrl":"https:\/\/www.lamigraf.com\/wp-content\/uploads\/2024\/06\/02008-O-scaled.jpg","width":1639,"height":2560},{"@type":"BreadcrumbList","@id":"https:\/\/www.lamigraf.com\/designs\/emerald-oak\/#breadcrumb","itemListElement":[{"@type":"ListItem","position":1,"name":"Home","item":"https:\/\/www.lamigraf.com\/de\/"},{"@type":"ListItem","position":2,"name":"Designs","item":"https:\/\/www.lamigraf.com\/designs\/"},{"@type":"ListItem","position":3,"name":"EMERALD OAK"}]},{"@type":"WebSite","@id":"https:\/\/www.lamigraf.com\/#website","url":"https:\/\/www.lamigraf.com\/","name":"Lamigraf","description":"","publisher":{"@id":"https:\/\/www.lamigraf.com\/#organization"},"potentialAction":[{"@type":"SearchAction","target":{"@type":"EntryPoint","urlTemplate":"https:\/\/www.lamigraf.com\/?s={search_term_string}"},"query-input":{"@type":"PropertyValueSpecification","valueRequired":true,"valueName":"search_term_string"}}],"inLanguage":"de"},{"@type":"Organization","@id":"https:\/\/www.lamigraf.com\/#organization","name":"Lamigraf","url":"https:\/\/www.lamigraf.com\/","logo":{"@type":"ImageObject","inLanguage":"de","@id":"https:\/\/www.lamigraf.com\/#\/schema\/logo\/image\/","url":"https:\/\/www.lamigraf.com\/wp-content\/uploads\/2024\/05\/Logo-white.svg","contentUrl":"https:\/\/www.lamigraf.com\/wp-content\/uploads\/2024\/05\/Logo-white.svg","width":147,"height":36,"caption":"Lamigraf"},"image":{"@id":"https:\/\/www.lamigraf.com\/#\/schema\/logo\/image\/"}}]}},"_links":{"self":[{"href":"https:\/\/www.lamigraf.com\/de\/wp-json\/wp\/v2\/product\/9073","targetHints":{"allow":["GET"]}}],"collection":[{"href":"https:\/\/www.lamigraf.com\/de\/wp-json\/wp\/v2\/product"}],"about":[{"href":"https:\/\/www.lamigraf.com\/de\/wp-json\/wp\/v2\/types\/product"}],"version-history":[{"count":0,"href":"https:\/\/www.lamigraf.com\/de\/wp-json\/wp\/v2\/product\/9073\/revisions"}],"acf:attachment":[{"embeddable":true,"href":"https:\/\/www.lamigraf.com\/de\/wp-json\/wp\/v2\/media\/72285"},{"embeddable":true,"href":"https:\/\/www.lamigraf.com\/de\/wp-json\/wp\/v2\/media\/72278"}],"wp:featuredmedia":[{"embeddable":true,"href":"https:\/\/www.lamigraf.com\/de\/wp-json\/wp\/v2\/media\/72268"}],"wp:attachment":[{"href":"https:\/\/www.lamigraf.com\/de\/wp-json\/wp\/v2\/media?parent=9073"}],"wp:term":[{"taxonomy":"product_applications","embeddable":true,"href":"https:\/\/www.lamigraf.com\/de\/wp-json\/wp\/v2\/applications?post=9073"},{"taxonomy":"product_type","embeddable":true,"href":"https:\/\/www.lamigraf.com\/de\/wp-json\/wp\/v2\/design-types?post=9073"},{"taxonomy":"product_characteristics","embeddable":true,"href":"https:\/\/www.lamigraf.com\/de\/wp-json\/wp\/v2\/characteristics?post=9073"},{"taxonomy":"product_apparence","embeddable":true,"href":"https:\/\/www.lamigraf.com\/de\/wp-json\/wp\/v2\/appearance?post=9073"}],"curies":[{"name":"wp","href":"https:\/\/api.w.org\/{rel}","templated":true}]}}