{"id":9088,"date":"2024-06-07T09:39:21","date_gmt":"2024-06-07T07:39:21","guid":{"rendered":"http:\/\/lamigraf.com\/designs\/pearl-elm-2\/"},"modified":"2024-06-07T09:39:21","modified_gmt":"2024-06-07T07:39:21","slug":"pearl-elm-2","status":"publish","type":"product","link":"https:\/\/www.lamigraf.com\/de\/designs\/pearl-elm-2\/","title":{"rendered":"PEARL ELM"},"content":{"rendered":"Die &#8222;Pearl Elm&#8220; befriedigt das Bed\u00fcrfnis nach unverf\u00e4lschter Klarheit und bietet zeitlose \u00c4sthetik. Mit schlichten Bewegungen in Kombination zu zartem Farbspiel vermittelt dieses Dekor Gelassenheit und f\u00fchrt zu einer harmonischen Atmosph\u00e4re in jedem Raum.","protected":false},"excerpt":{"rendered":"<p>Die &#8222;Pearl Elm&#8220; befriedigt das Bed\u00fcrfnis nach unverf\u00e4lschter Klarheit und bietet zeitlose \u00c4sthetik. Mit schlichten Bewegungen in Kombination zu zartem Farbspiel vermittelt dieses Dekor Gelassenheit und f\u00fchrt zu einer harmonischen Atmosph\u00e4re in jedem Raum.<\/p>\n","protected":false},"featured_media":71897,"template":"","meta":{"_acf_changed":false,"_gspb_post_css":"","footnotes":""},"applications":[8,691],"design-types":[599,811,704],"characteristics":[692,862],"appearance":[783],"class_list":["post-9088","product","type-product","status-publish","has-post-thumbnail","hentry","product_applications-furniture","product_applications-furniture-de","product_type-elm","product_type-wood-de","product_type-elm-de","product_characteristics-cathedrals-de","product_characteristics-planked-de","product_apparence-brushed-de"],"acf":{"code":"2013","peripheral_development":"1250","axial_development":"2200","cylinders":"2","data_sheet":"","collections":[{"code":"2013-D001","thumbnail":71858,"render":""},{"code":"2013-D002","thumbnail":71865,"render":""},{"code":"2013-D003","thumbnail":71872,"render":""},{"code":"2013-D005","thumbnail":71879,"render":""},{"code":"2013-D007","thumbnail":71886,"render":""}],"usages":[71907],"inspiration":{"top":{"title":"","thumbnail":"","reference":""},"bottom_title":""},"hover_image":71907,"eir":"","collaborator":{"name":"","link":""},"synchro_wood":false,"novedad":false},"yoast_head":"<!-- This site is optimized with the Yoast SEO plugin v25.2 - https:\/\/yoast.com\/wordpress\/plugins\/seo\/ -->\n<title>PEARL ELM - Lamigraf<\/title>\n<meta name=\"robots\" content=\"index, follow, max-snippet:-1, max-image-preview:large, max-video-preview:-1\" \/>\n<link rel=\"canonical\" href=\"https:\/\/www.lamigraf.com\/designs\/pearl-elm\/\" \/>\n<meta property=\"og:locale\" content=\"de_DE\" \/>\n<meta property=\"og:type\" content=\"article\" \/>\n<meta property=\"og:title\" content=\"PEARL ELM - Lamigraf\" \/>\n<meta property=\"og:description\" content=\"Die &#8222;Pearl Elm&#8220; befriedigt das Bed\u00fcrfnis nach unverf\u00e4lschter Klarheit und bietet zeitlose \u00c4sthetik. Mit schlichten Bewegungen in Kombination zu zartem Farbspiel vermittelt dieses Dekor Gelassenheit und f\u00fchrt zu einer harmonischen Atmosph\u00e4re in jedem Raum.\" \/>\n<meta property=\"og:url\" content=\"https:\/\/www.lamigraf.com\/designs\/pearl-elm\/\" \/>\n<meta property=\"og:site_name\" content=\"Lamigraf\" \/>\n<meta property=\"og:image\" content=\"https:\/\/www.lamigraf.com\/wp-content\/uploads\/2024\/06\/02013-O-scaled.jpg\" \/>\n\t<meta property=\"og:image:width\" content=\"1229\" \/>\n\t<meta property=\"og:image:height\" content=\"2560\" \/>\n\t<meta property=\"og:image:type\" content=\"image\/jpeg\" \/>\n<meta name=\"twitter:card\" content=\"summary_large_image\" \/>\n<script type=\"application\/ld+json\" class=\"yoast-schema-graph\">{\"@context\":\"https:\/\/schema.org\",\"@graph\":[{\"@type\":\"WebPage\",\"@id\":\"https:\/\/www.lamigraf.com\/designs\/pearl-elm\/\",\"url\":\"https:\/\/www.lamigraf.com\/designs\/pearl-elm\/\",\"name\":\"PEARL ELM - Lamigraf\",\"isPartOf\":{\"@id\":\"https:\/\/www.lamigraf.com\/#website\"},\"primaryImageOfPage\":{\"@id\":\"https:\/\/www.lamigraf.com\/designs\/pearl-elm\/#primaryimage\"},\"image\":{\"@id\":\"https:\/\/www.lamigraf.com\/designs\/pearl-elm\/#primaryimage\"},\"thumbnailUrl\":\"https:\/\/www.lamigraf.com\/wp-content\/uploads\/2024\/06\/02013-O-scaled.jpg\",\"datePublished\":\"2024-06-07T07:39:21+00:00\",\"breadcrumb\":{\"@id\":\"https:\/\/www.lamigraf.com\/designs\/pearl-elm\/#breadcrumb\"},\"inLanguage\":\"de\",\"potentialAction\":[{\"@type\":\"ReadAction\",\"target\":[\"https:\/\/www.lamigraf.com\/designs\/pearl-elm\/\"]}]},{\"@type\":\"ImageObject\",\"inLanguage\":\"de\",\"@id\":\"https:\/\/www.lamigraf.com\/designs\/pearl-elm\/#primaryimage\",\"url\":\"https:\/\/www.lamigraf.com\/wp-content\/uploads\/2024\/06\/02013-O-scaled.jpg\",\"contentUrl\":\"https:\/\/www.lamigraf.com\/wp-content\/uploads\/2024\/06\/02013-O-scaled.jpg\",\"width\":1229,\"height\":2560},{\"@type\":\"BreadcrumbList\",\"@id\":\"https:\/\/www.lamigraf.com\/designs\/pearl-elm\/#breadcrumb\",\"itemListElement\":[{\"@type\":\"ListItem\",\"position\":1,\"name\":\"Home\",\"item\":\"https:\/\/www.lamigraf.com\/de\/\"},{\"@type\":\"ListItem\",\"position\":2,\"name\":\"Designs\",\"item\":\"https:\/\/www.lamigraf.com\/designs\/\"},{\"@type\":\"ListItem\",\"position\":3,\"name\":\"PEARL ELM\"}]},{\"@type\":\"WebSite\",\"@id\":\"https:\/\/www.lamigraf.com\/#website\",\"url\":\"https:\/\/www.lamigraf.com\/\",\"name\":\"Lamigraf\",\"description\":\"\",\"publisher\":{\"@id\":\"https:\/\/www.lamigraf.com\/#organization\"},\"potentialAction\":[{\"@type\":\"SearchAction\",\"target\":{\"@type\":\"EntryPoint\",\"urlTemplate\":\"https:\/\/www.lamigraf.com\/?s={search_term_string}\"},\"query-input\":{\"@type\":\"PropertyValueSpecification\",\"valueRequired\":true,\"valueName\":\"search_term_string\"}}],\"inLanguage\":\"de\"},{\"@type\":\"Organization\",\"@id\":\"https:\/\/www.lamigraf.com\/#organization\",\"name\":\"Lamigraf\",\"url\":\"https:\/\/www.lamigraf.com\/\",\"logo\":{\"@type\":\"ImageObject\",\"inLanguage\":\"de\",\"@id\":\"https:\/\/www.lamigraf.com\/#\/schema\/logo\/image\/\",\"url\":\"https:\/\/www.lamigraf.com\/wp-content\/uploads\/2024\/05\/Logo-white.svg\",\"contentUrl\":\"https:\/\/www.lamigraf.com\/wp-content\/uploads\/2024\/05\/Logo-white.svg\",\"width\":147,\"height\":36,\"caption\":\"Lamigraf\"},\"image\":{\"@id\":\"https:\/\/www.lamigraf.com\/#\/schema\/logo\/image\/\"}}]}<\/script>\n<!-- \/ Yoast SEO plugin. -->","yoast_head_json":{"title":"PEARL ELM - Lamigraf","robots":{"index":"index","follow":"follow","max-snippet":"max-snippet:-1","max-image-preview":"max-image-preview:large","max-video-preview":"max-video-preview:-1"},"canonical":"https:\/\/www.lamigraf.com\/designs\/pearl-elm\/","og_locale":"de_DE","og_type":"article","og_title":"PEARL ELM - Lamigraf","og_description":"Die &#8222;Pearl Elm&#8220; befriedigt das Bed\u00fcrfnis nach unverf\u00e4lschter Klarheit und bietet zeitlose \u00c4sthetik. Mit schlichten Bewegungen in Kombination zu zartem Farbspiel vermittelt dieses Dekor Gelassenheit und f\u00fchrt zu einer harmonischen Atmosph\u00e4re in jedem Raum.","og_url":"https:\/\/www.lamigraf.com\/designs\/pearl-elm\/","og_site_name":"Lamigraf","og_image":[{"width":1229,"height":2560,"url":"https:\/\/www.lamigraf.com\/wp-content\/uploads\/2024\/06\/02013-O-scaled.jpg","type":"image\/jpeg"}],"twitter_card":"summary_large_image","schema":{"@context":"https:\/\/schema.org","@graph":[{"@type":"WebPage","@id":"https:\/\/www.lamigraf.com\/designs\/pearl-elm\/","url":"https:\/\/www.lamigraf.com\/designs\/pearl-elm\/","name":"PEARL ELM - Lamigraf","isPartOf":{"@id":"https:\/\/www.lamigraf.com\/#website"},"primaryImageOfPage":{"@id":"https:\/\/www.lamigraf.com\/designs\/pearl-elm\/#primaryimage"},"image":{"@id":"https:\/\/www.lamigraf.com\/designs\/pearl-elm\/#primaryimage"},"thumbnailUrl":"https:\/\/www.lamigraf.com\/wp-content\/uploads\/2024\/06\/02013-O-scaled.jpg","datePublished":"2024-06-07T07:39:21+00:00","breadcrumb":{"@id":"https:\/\/www.lamigraf.com\/designs\/pearl-elm\/#breadcrumb"},"inLanguage":"de","potentialAction":[{"@type":"ReadAction","target":["https:\/\/www.lamigraf.com\/designs\/pearl-elm\/"]}]},{"@type":"ImageObject","inLanguage":"de","@id":"https:\/\/www.lamigraf.com\/designs\/pearl-elm\/#primaryimage","url":"https:\/\/www.lamigraf.com\/wp-content\/uploads\/2024\/06\/02013-O-scaled.jpg","contentUrl":"https:\/\/www.lamigraf.com\/wp-content\/uploads\/2024\/06\/02013-O-scaled.jpg","width":1229,"height":2560},{"@type":"BreadcrumbList","@id":"https:\/\/www.lamigraf.com\/designs\/pearl-elm\/#breadcrumb","itemListElement":[{"@type":"ListItem","position":1,"name":"Home","item":"https:\/\/www.lamigraf.com\/de\/"},{"@type":"ListItem","position":2,"name":"Designs","item":"https:\/\/www.lamigraf.com\/designs\/"},{"@type":"ListItem","position":3,"name":"PEARL ELM"}]},{"@type":"WebSite","@id":"https:\/\/www.lamigraf.com\/#website","url":"https:\/\/www.lamigraf.com\/","name":"Lamigraf","description":"","publisher":{"@id":"https:\/\/www.lamigraf.com\/#organization"},"potentialAction":[{"@type":"SearchAction","target":{"@type":"EntryPoint","urlTemplate":"https:\/\/www.lamigraf.com\/?s={search_term_string}"},"query-input":{"@type":"PropertyValueSpecification","valueRequired":true,"valueName":"search_term_string"}}],"inLanguage":"de"},{"@type":"Organization","@id":"https:\/\/www.lamigraf.com\/#organization","name":"Lamigraf","url":"https:\/\/www.lamigraf.com\/","logo":{"@type":"ImageObject","inLanguage":"de","@id":"https:\/\/www.lamigraf.com\/#\/schema\/logo\/image\/","url":"https:\/\/www.lamigraf.com\/wp-content\/uploads\/2024\/05\/Logo-white.svg","contentUrl":"https:\/\/www.lamigraf.com\/wp-content\/uploads\/2024\/05\/Logo-white.svg","width":147,"height":36,"caption":"Lamigraf"},"image":{"@id":"https:\/\/www.lamigraf.com\/#\/schema\/logo\/image\/"}}]}},"_links":{"self":[{"href":"https:\/\/www.lamigraf.com\/de\/wp-json\/wp\/v2\/product\/9088","targetHints":{"allow":["GET"]}}],"collection":[{"href":"https:\/\/www.lamigraf.com\/de\/wp-json\/wp\/v2\/product"}],"about":[{"href":"https:\/\/www.lamigraf.com\/de\/wp-json\/wp\/v2\/types\/product"}],"version-history":[{"count":0,"href":"https:\/\/www.lamigraf.com\/de\/wp-json\/wp\/v2\/product\/9088\/revisions"}],"acf:attachment":[{"embeddable":true,"href":"https:\/\/www.lamigraf.com\/de\/wp-json\/wp\/v2\/media\/71907"}],"wp:featuredmedia":[{"embeddable":true,"href":"https:\/\/www.lamigraf.com\/de\/wp-json\/wp\/v2\/media\/71897"}],"wp:attachment":[{"href":"https:\/\/www.lamigraf.com\/de\/wp-json\/wp\/v2\/media?parent=9088"}],"wp:term":[{"taxonomy":"product_applications","embeddable":true,"href":"https:\/\/www.lamigraf.com\/de\/wp-json\/wp\/v2\/applications?post=9088"},{"taxonomy":"product_type","embeddable":true,"href":"https:\/\/www.lamigraf.com\/de\/wp-json\/wp\/v2\/design-types?post=9088"},{"taxonomy":"product_characteristics","embeddable":true,"href":"https:\/\/www.lamigraf.com\/de\/wp-json\/wp\/v2\/characteristics?post=9088"},{"taxonomy":"product_apparence","embeddable":true,"href":"https:\/\/www.lamigraf.com\/de\/wp-json\/wp\/v2\/appearance?post=9088"}],"curies":[{"name":"wp","href":"https:\/\/api.w.org\/{rel}","templated":true}]}}