{"id":9091,"date":"2024-06-07T09:39:21","date_gmt":"2024-06-07T07:39:21","guid":{"rendered":"http:\/\/lamigraf.com\/designs\/ruby-oak-2\/"},"modified":"2024-06-07T09:39:21","modified_gmt":"2024-06-07T07:39:21","slug":"ruby-oak-2","status":"publish","type":"product","link":"https:\/\/www.lamigraf.com\/de\/designs\/ruby-oak-2\/","title":{"rendered":"RUBY OAK"},"content":{"rendered":"Dank der extremen Tiefenwirkung und linearen Struktur ohne jegliche Schn\u00f6rkel kultiviert die Ruby Oak den Eindruck w\u00fcrdiger Eleganz. Ein Design mit Aussage und unkomplizierter Flexibilit\u00e4t, seinen Traum von fantastischen Dekormodulen zu verwirklichen.","protected":false},"excerpt":{"rendered":"<p>Dank der extremen Tiefenwirkung und linearen Struktur ohne jegliche Schn\u00f6rkel kultiviert die Ruby Oak den Eindruck w\u00fcrdiger Eleganz. Ein Design mit Aussage und unkomplizierter Flexibilit\u00e4t, seinen Traum von fantastischen Dekormodulen zu verwirklichen.<\/p>\n","protected":false},"featured_media":71827,"template":"","meta":{"_acf_changed":false,"_gspb_post_css":"","footnotes":""},"applications":[8,691],"design-types":[706,811,604],"characteristics":[],"appearance":[783,874],"class_list":["post-9091","product","type-product","status-publish","has-post-thumbnail","hentry","product_applications-furniture","product_applications-furniture-de","product_type-oak-de","product_type-wood-de","product_type-oak","product_apparence-brushed-de","product_apparence-painted-de"],"acf":{"code":"2014","peripheral_development":"1250","axial_development":"560.08","cylinders":"2","data_sheet":"","collections":[{"code":"2014-D001","thumbnail":71788,"render":""},{"code":"2014-D002","thumbnail":71795,"render":""},{"code":"2014-D004","thumbnail":71802,"render":""},{"code":"2014-D006","thumbnail":71809,"render":""},{"code":"2014-D009","thumbnail":71816,"render":""}],"usages":[71837],"inspiration":{"top":{"title":"","thumbnail":"","reference":""},"bottom_title":""},"hover_image":71837,"eir":"","collaborator":{"name":"","link":""},"synchro_wood":false,"novedad":false},"yoast_head":"<!-- This site is optimized with the Yoast SEO plugin v25.2 - https:\/\/yoast.com\/wordpress\/plugins\/seo\/ -->\n<title>RUBY OAK - Lamigraf<\/title>\n<meta name=\"robots\" content=\"index, follow, max-snippet:-1, max-image-preview:large, max-video-preview:-1\" \/>\n<link rel=\"canonical\" href=\"https:\/\/www.lamigraf.com\/de\/designs\/ruby-oak-2\/\" \/>\n<meta property=\"og:locale\" content=\"de_DE\" \/>\n<meta property=\"og:type\" content=\"article\" \/>\n<meta property=\"og:title\" content=\"RUBY OAK - Lamigraf\" \/>\n<meta property=\"og:description\" content=\"Dank der extremen Tiefenwirkung und linearen Struktur ohne jegliche Schn\u00f6rkel kultiviert die Ruby Oak den Eindruck w\u00fcrdiger Eleganz. Ein Design mit Aussage und unkomplizierter Flexibilit\u00e4t, seinen Traum von fantastischen Dekormodulen zu verwirklichen.\" \/>\n<meta property=\"og:url\" content=\"https:\/\/www.lamigraf.com\/de\/designs\/ruby-oak-2\/\" \/>\n<meta property=\"og:site_name\" content=\"Lamigraf\" \/>\n<meta property=\"og:image\" content=\"https:\/\/www.lamigraf.com\/wp-content\/uploads\/2024\/06\/02014-O-scaled.jpg\" \/>\n\t<meta property=\"og:image:width\" content=\"1147\" \/>\n\t<meta property=\"og:image:height\" content=\"2560\" \/>\n\t<meta property=\"og:image:type\" content=\"image\/jpeg\" \/>\n<meta name=\"twitter:card\" content=\"summary_large_image\" \/>\n<script type=\"application\/ld+json\" class=\"yoast-schema-graph\">{\"@context\":\"https:\/\/schema.org\",\"@graph\":[{\"@type\":\"WebPage\",\"@id\":\"https:\/\/www.lamigraf.com\/de\/designs\/ruby-oak-2\/\",\"url\":\"https:\/\/www.lamigraf.com\/de\/designs\/ruby-oak-2\/\",\"name\":\"RUBY OAK - Lamigraf\",\"isPartOf\":{\"@id\":\"https:\/\/www.lamigraf.com\/#website\"},\"primaryImageOfPage\":{\"@id\":\"https:\/\/www.lamigraf.com\/de\/designs\/ruby-oak-2\/#primaryimage\"},\"image\":{\"@id\":\"https:\/\/www.lamigraf.com\/de\/designs\/ruby-oak-2\/#primaryimage\"},\"thumbnailUrl\":\"https:\/\/www.lamigraf.com\/wp-content\/uploads\/2024\/06\/02014-O-scaled.jpg\",\"datePublished\":\"2024-06-07T07:39:21+00:00\",\"breadcrumb\":{\"@id\":\"https:\/\/www.lamigraf.com\/de\/designs\/ruby-oak-2\/#breadcrumb\"},\"inLanguage\":\"de\",\"potentialAction\":[{\"@type\":\"ReadAction\",\"target\":[\"https:\/\/www.lamigraf.com\/de\/designs\/ruby-oak-2\/\"]}]},{\"@type\":\"ImageObject\",\"inLanguage\":\"de\",\"@id\":\"https:\/\/www.lamigraf.com\/de\/designs\/ruby-oak-2\/#primaryimage\",\"url\":\"https:\/\/www.lamigraf.com\/wp-content\/uploads\/2024\/06\/02014-O-scaled.jpg\",\"contentUrl\":\"https:\/\/www.lamigraf.com\/wp-content\/uploads\/2024\/06\/02014-O-scaled.jpg\",\"width\":1147,\"height\":2560},{\"@type\":\"BreadcrumbList\",\"@id\":\"https:\/\/www.lamigraf.com\/de\/designs\/ruby-oak-2\/#breadcrumb\",\"itemListElement\":[{\"@type\":\"ListItem\",\"position\":1,\"name\":\"Home\",\"item\":\"https:\/\/www.lamigraf.com\/de\/\"},{\"@type\":\"ListItem\",\"position\":2,\"name\":\"Designs\",\"item\":\"https:\/\/www.lamigraf.com\/designs\/\"},{\"@type\":\"ListItem\",\"position\":3,\"name\":\"RUBY OAK\"}]},{\"@type\":\"WebSite\",\"@id\":\"https:\/\/www.lamigraf.com\/#website\",\"url\":\"https:\/\/www.lamigraf.com\/\",\"name\":\"Lamigraf\",\"description\":\"\",\"publisher\":{\"@id\":\"https:\/\/www.lamigraf.com\/#organization\"},\"potentialAction\":[{\"@type\":\"SearchAction\",\"target\":{\"@type\":\"EntryPoint\",\"urlTemplate\":\"https:\/\/www.lamigraf.com\/?s={search_term_string}\"},\"query-input\":{\"@type\":\"PropertyValueSpecification\",\"valueRequired\":true,\"valueName\":\"search_term_string\"}}],\"inLanguage\":\"de\"},{\"@type\":\"Organization\",\"@id\":\"https:\/\/www.lamigraf.com\/#organization\",\"name\":\"Lamigraf\",\"url\":\"https:\/\/www.lamigraf.com\/\",\"logo\":{\"@type\":\"ImageObject\",\"inLanguage\":\"de\",\"@id\":\"https:\/\/www.lamigraf.com\/#\/schema\/logo\/image\/\",\"url\":\"https:\/\/www.lamigraf.com\/wp-content\/uploads\/2024\/05\/Logo-white.svg\",\"contentUrl\":\"https:\/\/www.lamigraf.com\/wp-content\/uploads\/2024\/05\/Logo-white.svg\",\"width\":147,\"height\":36,\"caption\":\"Lamigraf\"},\"image\":{\"@id\":\"https:\/\/www.lamigraf.com\/#\/schema\/logo\/image\/\"}}]}<\/script>\n<!-- \/ Yoast SEO plugin. -->","yoast_head_json":{"title":"RUBY OAK - Lamigraf","robots":{"index":"index","follow":"follow","max-snippet":"max-snippet:-1","max-image-preview":"max-image-preview:large","max-video-preview":"max-video-preview:-1"},"canonical":"https:\/\/www.lamigraf.com\/de\/designs\/ruby-oak-2\/","og_locale":"de_DE","og_type":"article","og_title":"RUBY OAK - Lamigraf","og_description":"Dank der extremen Tiefenwirkung und linearen Struktur ohne jegliche Schn\u00f6rkel kultiviert die Ruby Oak den Eindruck w\u00fcrdiger Eleganz. Ein Design mit Aussage und unkomplizierter Flexibilit\u00e4t, seinen Traum von fantastischen Dekormodulen zu verwirklichen.","og_url":"https:\/\/www.lamigraf.com\/de\/designs\/ruby-oak-2\/","og_site_name":"Lamigraf","og_image":[{"width":1147,"height":2560,"url":"https:\/\/www.lamigraf.com\/wp-content\/uploads\/2024\/06\/02014-O-scaled.jpg","type":"image\/jpeg"}],"twitter_card":"summary_large_image","schema":{"@context":"https:\/\/schema.org","@graph":[{"@type":"WebPage","@id":"https:\/\/www.lamigraf.com\/de\/designs\/ruby-oak-2\/","url":"https:\/\/www.lamigraf.com\/de\/designs\/ruby-oak-2\/","name":"RUBY OAK - Lamigraf","isPartOf":{"@id":"https:\/\/www.lamigraf.com\/#website"},"primaryImageOfPage":{"@id":"https:\/\/www.lamigraf.com\/de\/designs\/ruby-oak-2\/#primaryimage"},"image":{"@id":"https:\/\/www.lamigraf.com\/de\/designs\/ruby-oak-2\/#primaryimage"},"thumbnailUrl":"https:\/\/www.lamigraf.com\/wp-content\/uploads\/2024\/06\/02014-O-scaled.jpg","datePublished":"2024-06-07T07:39:21+00:00","breadcrumb":{"@id":"https:\/\/www.lamigraf.com\/de\/designs\/ruby-oak-2\/#breadcrumb"},"inLanguage":"de","potentialAction":[{"@type":"ReadAction","target":["https:\/\/www.lamigraf.com\/de\/designs\/ruby-oak-2\/"]}]},{"@type":"ImageObject","inLanguage":"de","@id":"https:\/\/www.lamigraf.com\/de\/designs\/ruby-oak-2\/#primaryimage","url":"https:\/\/www.lamigraf.com\/wp-content\/uploads\/2024\/06\/02014-O-scaled.jpg","contentUrl":"https:\/\/www.lamigraf.com\/wp-content\/uploads\/2024\/06\/02014-O-scaled.jpg","width":1147,"height":2560},{"@type":"BreadcrumbList","@id":"https:\/\/www.lamigraf.com\/de\/designs\/ruby-oak-2\/#breadcrumb","itemListElement":[{"@type":"ListItem","position":1,"name":"Home","item":"https:\/\/www.lamigraf.com\/de\/"},{"@type":"ListItem","position":2,"name":"Designs","item":"https:\/\/www.lamigraf.com\/designs\/"},{"@type":"ListItem","position":3,"name":"RUBY OAK"}]},{"@type":"WebSite","@id":"https:\/\/www.lamigraf.com\/#website","url":"https:\/\/www.lamigraf.com\/","name":"Lamigraf","description":"","publisher":{"@id":"https:\/\/www.lamigraf.com\/#organization"},"potentialAction":[{"@type":"SearchAction","target":{"@type":"EntryPoint","urlTemplate":"https:\/\/www.lamigraf.com\/?s={search_term_string}"},"query-input":{"@type":"PropertyValueSpecification","valueRequired":true,"valueName":"search_term_string"}}],"inLanguage":"de"},{"@type":"Organization","@id":"https:\/\/www.lamigraf.com\/#organization","name":"Lamigraf","url":"https:\/\/www.lamigraf.com\/","logo":{"@type":"ImageObject","inLanguage":"de","@id":"https:\/\/www.lamigraf.com\/#\/schema\/logo\/image\/","url":"https:\/\/www.lamigraf.com\/wp-content\/uploads\/2024\/05\/Logo-white.svg","contentUrl":"https:\/\/www.lamigraf.com\/wp-content\/uploads\/2024\/05\/Logo-white.svg","width":147,"height":36,"caption":"Lamigraf"},"image":{"@id":"https:\/\/www.lamigraf.com\/#\/schema\/logo\/image\/"}}]}},"_links":{"self":[{"href":"https:\/\/www.lamigraf.com\/de\/wp-json\/wp\/v2\/product\/9091","targetHints":{"allow":["GET"]}}],"collection":[{"href":"https:\/\/www.lamigraf.com\/de\/wp-json\/wp\/v2\/product"}],"about":[{"href":"https:\/\/www.lamigraf.com\/de\/wp-json\/wp\/v2\/types\/product"}],"version-history":[{"count":0,"href":"https:\/\/www.lamigraf.com\/de\/wp-json\/wp\/v2\/product\/9091\/revisions"}],"acf:attachment":[{"embeddable":true,"href":"https:\/\/www.lamigraf.com\/de\/wp-json\/wp\/v2\/media\/71837"}],"wp:featuredmedia":[{"embeddable":true,"href":"https:\/\/www.lamigraf.com\/de\/wp-json\/wp\/v2\/media\/71827"}],"wp:attachment":[{"href":"https:\/\/www.lamigraf.com\/de\/wp-json\/wp\/v2\/media?parent=9091"}],"wp:term":[{"taxonomy":"product_applications","embeddable":true,"href":"https:\/\/www.lamigraf.com\/de\/wp-json\/wp\/v2\/applications?post=9091"},{"taxonomy":"product_type","embeddable":true,"href":"https:\/\/www.lamigraf.com\/de\/wp-json\/wp\/v2\/design-types?post=9091"},{"taxonomy":"product_characteristics","embeddable":true,"href":"https:\/\/www.lamigraf.com\/de\/wp-json\/wp\/v2\/characteristics?post=9091"},{"taxonomy":"product_apparence","embeddable":true,"href":"https:\/\/www.lamigraf.com\/de\/wp-json\/wp\/v2\/appearance?post=9091"}],"curies":[{"name":"wp","href":"https:\/\/api.w.org\/{rel}","templated":true}]}}