{"id":92826,"date":"2025-05-14T12:41:56","date_gmt":"2025-05-14T10:41:56","guid":{"rendered":"https:\/\/www.lamigraf.com\/designs\/rayskin\/"},"modified":"2025-05-14T12:44:06","modified_gmt":"2025-05-14T10:44:06","slug":"rayskin","status":"publish","type":"product","link":"https:\/\/www.lamigraf.com\/de\/designs\/rayskin\/","title":{"rendered":"RAYSKIN"},"content":{"rendered":"\n<p>Geboren aus dem Unerwarteten ist\u00a0Rayskin\u00a0ein Dekor, das von der strukturierten Haut eines Fisches inspiriert ist. Es verwandelt organische Unregelm\u00e4\u00dfigkeiten in eine k\u00fchne, avantgardistische Oberfl\u00e4che. Das Design zeichnet sich durch invertierte, kleine kugelf\u00f6rmige Formen aus, die einen spielerischen und taktilen Rhythmus schaffen, der das Auge fesselt und zum Ber\u00fchren einl\u00e4dt. Der Einsatz von metallischer Tinte verleiht einen futuristischen Glanz und hebt die Textur mit lichtreflektierender Tiefe und Dimension hervor.\u00a0Rayskin\u00a0ist kompromisslos modern \u2013 verspielt, experimentell und voller Charakter. Mit seinem spielerischen Geist und seiner markanten visuellen Identit\u00e4t bricht dieses Dekor mit Konventionen und definiert, was Oberfl\u00e4chengestaltung sein kann, neu: ein Statement-St\u00fcck, das ebenso k\u00fcnstlerisch wie \u00fcberraschend ist.<\/p>\n","protected":false},"excerpt":{"rendered":"<p>Geboren aus dem Unerwarteten ist\u00a0Rayskin\u00a0ein Dekor, das von der strukturierten Haut eines Fisches inspiriert ist. Es verwandelt organische Unregelm\u00e4\u00dfigkeiten in eine k\u00fchne, avantgardistische Oberfl\u00e4che. Das Design zeichnet sich durch invertierte, kleine kugelf\u00f6rmige Formen aus, die einen spielerischen und taktilen Rhythmus schaffen, der das Auge fesselt und zum Ber\u00fchren einl\u00e4dt. Der Einsatz von metallischer Tinte verleiht [&hellip;]<\/p>\n","protected":false},"featured_media":97167,"template":"","meta":{"_acf_changed":false,"_gspb_post_css":"","footnotes":""},"applications":[691],"design-types":[839,837],"characteristics":[757],"appearance":[],"class_list":["post-92826","product","type-product","status-publish","has-post-thumbnail","hentry","product_applications-furniture-de","product_type-fantasy-de","product_type-creatives-de","product_characteristics-metallic-effect-de"],"acf":{"code":"3119","peripheral_development":"1,300","axial_development":"2,200","cylinders":"2","data_sheet":92775,"collections":[{"code":"3119-0201","thumbnail":97160,"render":""},{"code":"3119-0202","thumbnail":97174,"render":""},{"code":"3119-0203","thumbnail":97181,"render":""},{"code":"3119-0204","thumbnail":97188,"render":""}],"usages":[97153],"inspiration":{"top":{"title":"","thumbnail":"","reference":""},"bottom_title":""},"hover_image":97153,"eir":"","collaborator":{"name":"","link":""},"synchro_wood":false,"novedad":false},"yoast_head":"<!-- This site is optimized with the Yoast SEO plugin v25.2 - https:\/\/yoast.com\/wordpress\/plugins\/seo\/ -->\n<title>RAYSKIN - Lamigraf<\/title>\n<meta name=\"robots\" content=\"index, follow, max-snippet:-1, max-image-preview:large, max-video-preview:-1\" \/>\n<link rel=\"canonical\" href=\"https:\/\/www.lamigraf.com\/de\/designs\/rayskin\/\" \/>\n<meta property=\"og:locale\" content=\"de_DE\" \/>\n<meta property=\"og:type\" content=\"article\" \/>\n<meta property=\"og:title\" content=\"RAYSKIN - Lamigraf\" \/>\n<meta property=\"og:description\" content=\"Geboren aus dem Unerwarteten ist\u00a0Rayskin\u00a0ein Dekor, das von der strukturierten Haut eines Fisches inspiriert ist. Es verwandelt organische Unregelm\u00e4\u00dfigkeiten in eine k\u00fchne, avantgardistische Oberfl\u00e4che. Das Design zeichnet sich durch invertierte, kleine kugelf\u00f6rmige Formen aus, die einen spielerischen und taktilen Rhythmus schaffen, der das Auge fesselt und zum Ber\u00fchren einl\u00e4dt. Der Einsatz von metallischer Tinte verleiht [&hellip;]\" \/>\n<meta property=\"og:url\" content=\"https:\/\/www.lamigraf.com\/de\/designs\/rayskin\/\" \/>\n<meta property=\"og:site_name\" content=\"Lamigraf\" \/>\n<meta property=\"article:modified_time\" content=\"2025-05-14T10:44:06+00:00\" \/>\n<meta property=\"og:image\" content=\"https:\/\/www.lamigraf.com\/wp-content\/uploads\/2025\/05\/03119-0201-red-scaled.jpg\" \/>\n\t<meta property=\"og:image:width\" content=\"2560\" \/>\n\t<meta property=\"og:image:height\" content=\"1513\" \/>\n\t<meta property=\"og:image:type\" content=\"image\/jpeg\" \/>\n<meta name=\"twitter:card\" content=\"summary_large_image\" \/>\n<meta name=\"twitter:label1\" content=\"Gesch\u00e4tzte Lesezeit\" \/>\n\t<meta name=\"twitter:data1\" content=\"1\u00a0Minute\" \/>\n<script type=\"application\/ld+json\" class=\"yoast-schema-graph\">{\"@context\":\"https:\/\/schema.org\",\"@graph\":[{\"@type\":\"WebPage\",\"@id\":\"https:\/\/www.lamigraf.com\/de\/designs\/rayskin\/\",\"url\":\"https:\/\/www.lamigraf.com\/de\/designs\/rayskin\/\",\"name\":\"RAYSKIN - Lamigraf\",\"isPartOf\":{\"@id\":\"https:\/\/www.lamigraf.com\/#website\"},\"primaryImageOfPage\":{\"@id\":\"https:\/\/www.lamigraf.com\/de\/designs\/rayskin\/#primaryimage\"},\"image\":{\"@id\":\"https:\/\/www.lamigraf.com\/de\/designs\/rayskin\/#primaryimage\"},\"thumbnailUrl\":\"https:\/\/www.lamigraf.com\/wp-content\/uploads\/2025\/05\/03119-0201.jpg\",\"datePublished\":\"2025-05-14T10:41:56+00:00\",\"dateModified\":\"2025-05-14T10:44:06+00:00\",\"breadcrumb\":{\"@id\":\"https:\/\/www.lamigraf.com\/de\/designs\/rayskin\/#breadcrumb\"},\"inLanguage\":\"de\",\"potentialAction\":[{\"@type\":\"ReadAction\",\"target\":[\"https:\/\/www.lamigraf.com\/de\/designs\/rayskin\/\"]}]},{\"@type\":\"ImageObject\",\"inLanguage\":\"de\",\"@id\":\"https:\/\/www.lamigraf.com\/de\/designs\/rayskin\/#primaryimage\",\"url\":\"https:\/\/www.lamigraf.com\/wp-content\/uploads\/2025\/05\/03119-0201.jpg\",\"contentUrl\":\"https:\/\/www.lamigraf.com\/wp-content\/uploads\/2025\/05\/03119-0201.jpg\",\"width\":1135,\"height\":1920},{\"@type\":\"BreadcrumbList\",\"@id\":\"https:\/\/www.lamigraf.com\/de\/designs\/rayskin\/#breadcrumb\",\"itemListElement\":[{\"@type\":\"ListItem\",\"position\":1,\"name\":\"Home\",\"item\":\"https:\/\/www.lamigraf.com\/de\/\"},{\"@type\":\"ListItem\",\"position\":2,\"name\":\"Designs\",\"item\":\"https:\/\/www.lamigraf.com\/designs\/\"},{\"@type\":\"ListItem\",\"position\":3,\"name\":\"RAYSKIN\"}]},{\"@type\":\"WebSite\",\"@id\":\"https:\/\/www.lamigraf.com\/#website\",\"url\":\"https:\/\/www.lamigraf.com\/\",\"name\":\"Lamigraf\",\"description\":\"\",\"publisher\":{\"@id\":\"https:\/\/www.lamigraf.com\/#organization\"},\"potentialAction\":[{\"@type\":\"SearchAction\",\"target\":{\"@type\":\"EntryPoint\",\"urlTemplate\":\"https:\/\/www.lamigraf.com\/?s={search_term_string}\"},\"query-input\":{\"@type\":\"PropertyValueSpecification\",\"valueRequired\":true,\"valueName\":\"search_term_string\"}}],\"inLanguage\":\"de\"},{\"@type\":\"Organization\",\"@id\":\"https:\/\/www.lamigraf.com\/#organization\",\"name\":\"Lamigraf\",\"url\":\"https:\/\/www.lamigraf.com\/\",\"logo\":{\"@type\":\"ImageObject\",\"inLanguage\":\"de\",\"@id\":\"https:\/\/www.lamigraf.com\/#\/schema\/logo\/image\/\",\"url\":\"https:\/\/www.lamigraf.com\/wp-content\/uploads\/2024\/05\/Logo-white.svg\",\"contentUrl\":\"https:\/\/www.lamigraf.com\/wp-content\/uploads\/2024\/05\/Logo-white.svg\",\"width\":147,\"height\":36,\"caption\":\"Lamigraf\"},\"image\":{\"@id\":\"https:\/\/www.lamigraf.com\/#\/schema\/logo\/image\/\"}}]}<\/script>\n<!-- \/ Yoast SEO plugin. -->","yoast_head_json":{"title":"RAYSKIN - Lamigraf","robots":{"index":"index","follow":"follow","max-snippet":"max-snippet:-1","max-image-preview":"max-image-preview:large","max-video-preview":"max-video-preview:-1"},"canonical":"https:\/\/www.lamigraf.com\/de\/designs\/rayskin\/","og_locale":"de_DE","og_type":"article","og_title":"RAYSKIN - Lamigraf","og_description":"Geboren aus dem Unerwarteten ist\u00a0Rayskin\u00a0ein Dekor, das von der strukturierten Haut eines Fisches inspiriert ist. Es verwandelt organische Unregelm\u00e4\u00dfigkeiten in eine k\u00fchne, avantgardistische Oberfl\u00e4che. Das Design zeichnet sich durch invertierte, kleine kugelf\u00f6rmige Formen aus, die einen spielerischen und taktilen Rhythmus schaffen, der das Auge fesselt und zum Ber\u00fchren einl\u00e4dt. Der Einsatz von metallischer Tinte verleiht [&hellip;]","og_url":"https:\/\/www.lamigraf.com\/de\/designs\/rayskin\/","og_site_name":"Lamigraf","article_modified_time":"2025-05-14T10:44:06+00:00","og_image":[{"width":2560,"height":1513,"url":"https:\/\/www.lamigraf.com\/wp-content\/uploads\/2025\/05\/03119-0201-red-scaled.jpg","type":"image\/jpeg"}],"twitter_card":"summary_large_image","twitter_misc":{"Gesch\u00e4tzte Lesezeit":"1\u00a0Minute"},"schema":{"@context":"https:\/\/schema.org","@graph":[{"@type":"WebPage","@id":"https:\/\/www.lamigraf.com\/de\/designs\/rayskin\/","url":"https:\/\/www.lamigraf.com\/de\/designs\/rayskin\/","name":"RAYSKIN - Lamigraf","isPartOf":{"@id":"https:\/\/www.lamigraf.com\/#website"},"primaryImageOfPage":{"@id":"https:\/\/www.lamigraf.com\/de\/designs\/rayskin\/#primaryimage"},"image":{"@id":"https:\/\/www.lamigraf.com\/de\/designs\/rayskin\/#primaryimage"},"thumbnailUrl":"https:\/\/www.lamigraf.com\/wp-content\/uploads\/2025\/05\/03119-0201.jpg","datePublished":"2025-05-14T10:41:56+00:00","dateModified":"2025-05-14T10:44:06+00:00","breadcrumb":{"@id":"https:\/\/www.lamigraf.com\/de\/designs\/rayskin\/#breadcrumb"},"inLanguage":"de","potentialAction":[{"@type":"ReadAction","target":["https:\/\/www.lamigraf.com\/de\/designs\/rayskin\/"]}]},{"@type":"ImageObject","inLanguage":"de","@id":"https:\/\/www.lamigraf.com\/de\/designs\/rayskin\/#primaryimage","url":"https:\/\/www.lamigraf.com\/wp-content\/uploads\/2025\/05\/03119-0201.jpg","contentUrl":"https:\/\/www.lamigraf.com\/wp-content\/uploads\/2025\/05\/03119-0201.jpg","width":1135,"height":1920},{"@type":"BreadcrumbList","@id":"https:\/\/www.lamigraf.com\/de\/designs\/rayskin\/#breadcrumb","itemListElement":[{"@type":"ListItem","position":1,"name":"Home","item":"https:\/\/www.lamigraf.com\/de\/"},{"@type":"ListItem","position":2,"name":"Designs","item":"https:\/\/www.lamigraf.com\/designs\/"},{"@type":"ListItem","position":3,"name":"RAYSKIN"}]},{"@type":"WebSite","@id":"https:\/\/www.lamigraf.com\/#website","url":"https:\/\/www.lamigraf.com\/","name":"Lamigraf","description":"","publisher":{"@id":"https:\/\/www.lamigraf.com\/#organization"},"potentialAction":[{"@type":"SearchAction","target":{"@type":"EntryPoint","urlTemplate":"https:\/\/www.lamigraf.com\/?s={search_term_string}"},"query-input":{"@type":"PropertyValueSpecification","valueRequired":true,"valueName":"search_term_string"}}],"inLanguage":"de"},{"@type":"Organization","@id":"https:\/\/www.lamigraf.com\/#organization","name":"Lamigraf","url":"https:\/\/www.lamigraf.com\/","logo":{"@type":"ImageObject","inLanguage":"de","@id":"https:\/\/www.lamigraf.com\/#\/schema\/logo\/image\/","url":"https:\/\/www.lamigraf.com\/wp-content\/uploads\/2024\/05\/Logo-white.svg","contentUrl":"https:\/\/www.lamigraf.com\/wp-content\/uploads\/2024\/05\/Logo-white.svg","width":147,"height":36,"caption":"Lamigraf"},"image":{"@id":"https:\/\/www.lamigraf.com\/#\/schema\/logo\/image\/"}}]}},"_links":{"self":[{"href":"https:\/\/www.lamigraf.com\/de\/wp-json\/wp\/v2\/product\/92826","targetHints":{"allow":["GET"]}}],"collection":[{"href":"https:\/\/www.lamigraf.com\/de\/wp-json\/wp\/v2\/product"}],"about":[{"href":"https:\/\/www.lamigraf.com\/de\/wp-json\/wp\/v2\/types\/product"}],"version-history":[{"count":1,"href":"https:\/\/www.lamigraf.com\/de\/wp-json\/wp\/v2\/product\/92826\/revisions"}],"predecessor-version":[{"id":92827,"href":"https:\/\/www.lamigraf.com\/de\/wp-json\/wp\/v2\/product\/92826\/revisions\/92827"}],"acf:attachment":[{"embeddable":true,"href":"https:\/\/www.lamigraf.com\/de\/wp-json\/wp\/v2\/media\/97153"}],"wp:featuredmedia":[{"embeddable":true,"href":"https:\/\/www.lamigraf.com\/de\/wp-json\/wp\/v2\/media\/97167"}],"wp:attachment":[{"href":"https:\/\/www.lamigraf.com\/de\/wp-json\/wp\/v2\/media?parent=92826"}],"wp:term":[{"taxonomy":"product_applications","embeddable":true,"href":"https:\/\/www.lamigraf.com\/de\/wp-json\/wp\/v2\/applications?post=92826"},{"taxonomy":"product_type","embeddable":true,"href":"https:\/\/www.lamigraf.com\/de\/wp-json\/wp\/v2\/design-types?post=92826"},{"taxonomy":"product_characteristics","embeddable":true,"href":"https:\/\/www.lamigraf.com\/de\/wp-json\/wp\/v2\/characteristics?post=92826"},{"taxonomy":"product_apparence","embeddable":true,"href":"https:\/\/www.lamigraf.com\/de\/wp-json\/wp\/v2\/appearance?post=92826"}],"curies":[{"name":"wp","href":"https:\/\/api.w.org\/{rel}","templated":true}]}}