{"id":9589,"date":"2024-06-07T09:40:53","date_gmt":"2024-06-07T07:40:53","guid":{"rendered":"http:\/\/lamigraf.com\/designs\/dynamic-oak-2\/"},"modified":"2024-06-07T09:40:53","modified_gmt":"2024-06-07T07:40:53","slug":"dynamic-oak-2","status":"publish","type":"product","link":"https:\/\/www.lamigraf.com\/de\/designs\/dynamic-oak-2\/","title":{"rendered":"DYNAMIC OAK"},"content":{"rendered":"Eine moderne und perfekt ausgearbeitete Eiche, die dem neuen Zeitgeist entspricht und sich progressiv in Szene setzt. Seine au\u00dfergew\u00f6hnliche und gleichzeitig harmonische Kombination von Rissen, rustikalen \u00c4sten und S\u00e4geschnitten heben seine Einzigartigkeit hervor.","protected":false},"excerpt":{"rendered":"<p>Eine moderne und perfekt ausgearbeitete Eiche, die dem neuen Zeitgeist entspricht und sich progressiv in Szene setzt. Seine au\u00dfergew\u00f6hnliche und gleichzeitig harmonische Kombination von Rissen, rustikalen \u00c4sten und S\u00e4geschnitten heben seine Einzigartigkeit hervor.<\/p>\n","protected":false},"featured_media":58723,"template":"","meta":{"_acf_changed":false,"_gspb_post_css":"","footnotes":""},"applications":[10,696],"design-types":[706,811,604],"characteristics":[755,858],"appearance":[785,362],"class_list":["post-9589","product","type-product","status-publish","has-post-thumbnail","hentry","product_applications-flooring","product_applications-flooring-de","product_type-oak-de","product_type-wood-de","product_type-oak","product_characteristics-knots-de","product_characteristics-cracks-de","product_apparence-sandblasted-de","product_apparence-sandblasted"],"acf":{"code":"1870","peripheral_development":"1300","axial_development":"2000","cylinders":"4","data_sheet":"","collections":[{"code":"1870-D009","thumbnail":58656,"render":""},{"code":"1870-D013","thumbnail":58663,"render":""},{"code":"1870-D022","thumbnail":58670,"render":""},{"code":"1870-D027","thumbnail":58677,"render":""},{"code":"1870-D029","thumbnail":58684,"render":""},{"code":"1870-D030","thumbnail":58691,"render":""},{"code":"1870-D035","thumbnail":58698,"render":""},{"code":"1870-D041","thumbnail":58705,"render":""},{"code":"1870-D042","thumbnail":58712,"render":""}],"usages":[58733],"inspiration":{"top":{"title":"","thumbnail":"","reference":""},"bottom_title":""},"hover_image":58733,"eir":"","collaborator":{"name":"","link":""},"synchro_wood":false,"novedad":false},"yoast_head":"<!-- This site is optimized with the Yoast SEO plugin v25.2 - https:\/\/yoast.com\/wordpress\/plugins\/seo\/ -->\n<title>DYNAMIC OAK - Lamigraf<\/title>\n<meta name=\"robots\" content=\"index, follow, max-snippet:-1, max-image-preview:large, max-video-preview:-1\" \/>\n<link rel=\"canonical\" href=\"https:\/\/www.lamigraf.com\/designs\/dynamic-oak\/\" \/>\n<meta property=\"og:locale\" content=\"de_DE\" \/>\n<meta property=\"og:type\" content=\"article\" \/>\n<meta property=\"og:title\" content=\"DYNAMIC OAK - Lamigraf\" \/>\n<meta property=\"og:description\" content=\"Eine moderne und perfekt ausgearbeitete Eiche, die dem neuen Zeitgeist entspricht und sich progressiv in Szene setzt. Seine au\u00dfergew\u00f6hnliche und gleichzeitig harmonische Kombination von Rissen, rustikalen \u00c4sten und S\u00e4geschnitten heben seine Einzigartigkeit hervor.\" \/>\n<meta property=\"og:url\" content=\"https:\/\/www.lamigraf.com\/designs\/dynamic-oak\/\" \/>\n<meta property=\"og:site_name\" content=\"Lamigraf\" \/>\n<meta property=\"og:image\" content=\"https:\/\/www.lamigraf.com\/wp-content\/uploads\/2024\/06\/01870-O.jpg\" \/>\n\t<meta property=\"og:image:width\" content=\"1920\" \/>\n\t<meta property=\"og:image:height\" content=\"1248\" \/>\n\t<meta property=\"og:image:type\" content=\"image\/jpeg\" \/>\n<meta name=\"twitter:card\" content=\"summary_large_image\" \/>\n<script type=\"application\/ld+json\" class=\"yoast-schema-graph\">{\"@context\":\"https:\/\/schema.org\",\"@graph\":[{\"@type\":\"WebPage\",\"@id\":\"https:\/\/www.lamigraf.com\/designs\/dynamic-oak\/\",\"url\":\"https:\/\/www.lamigraf.com\/designs\/dynamic-oak\/\",\"name\":\"DYNAMIC OAK - Lamigraf\",\"isPartOf\":{\"@id\":\"https:\/\/www.lamigraf.com\/#website\"},\"primaryImageOfPage\":{\"@id\":\"https:\/\/www.lamigraf.com\/designs\/dynamic-oak\/#primaryimage\"},\"image\":{\"@id\":\"https:\/\/www.lamigraf.com\/designs\/dynamic-oak\/#primaryimage\"},\"thumbnailUrl\":\"https:\/\/www.lamigraf.com\/wp-content\/uploads\/2024\/06\/01870-O.jpg\",\"datePublished\":\"2024-06-07T07:40:53+00:00\",\"breadcrumb\":{\"@id\":\"https:\/\/www.lamigraf.com\/designs\/dynamic-oak\/#breadcrumb\"},\"inLanguage\":\"de\",\"potentialAction\":[{\"@type\":\"ReadAction\",\"target\":[\"https:\/\/www.lamigraf.com\/designs\/dynamic-oak\/\"]}]},{\"@type\":\"ImageObject\",\"inLanguage\":\"de\",\"@id\":\"https:\/\/www.lamigraf.com\/designs\/dynamic-oak\/#primaryimage\",\"url\":\"https:\/\/www.lamigraf.com\/wp-content\/uploads\/2024\/06\/01870-O.jpg\",\"contentUrl\":\"https:\/\/www.lamigraf.com\/wp-content\/uploads\/2024\/06\/01870-O.jpg\",\"width\":1920,\"height\":1248},{\"@type\":\"BreadcrumbList\",\"@id\":\"https:\/\/www.lamigraf.com\/designs\/dynamic-oak\/#breadcrumb\",\"itemListElement\":[{\"@type\":\"ListItem\",\"position\":1,\"name\":\"Home\",\"item\":\"https:\/\/www.lamigraf.com\/de\/\"},{\"@type\":\"ListItem\",\"position\":2,\"name\":\"Designs\",\"item\":\"https:\/\/www.lamigraf.com\/designs\/\"},{\"@type\":\"ListItem\",\"position\":3,\"name\":\"DYNAMIC OAK\"}]},{\"@type\":\"WebSite\",\"@id\":\"https:\/\/www.lamigraf.com\/#website\",\"url\":\"https:\/\/www.lamigraf.com\/\",\"name\":\"Lamigraf\",\"description\":\"\",\"publisher\":{\"@id\":\"https:\/\/www.lamigraf.com\/#organization\"},\"potentialAction\":[{\"@type\":\"SearchAction\",\"target\":{\"@type\":\"EntryPoint\",\"urlTemplate\":\"https:\/\/www.lamigraf.com\/?s={search_term_string}\"},\"query-input\":{\"@type\":\"PropertyValueSpecification\",\"valueRequired\":true,\"valueName\":\"search_term_string\"}}],\"inLanguage\":\"de\"},{\"@type\":\"Organization\",\"@id\":\"https:\/\/www.lamigraf.com\/#organization\",\"name\":\"Lamigraf\",\"url\":\"https:\/\/www.lamigraf.com\/\",\"logo\":{\"@type\":\"ImageObject\",\"inLanguage\":\"de\",\"@id\":\"https:\/\/www.lamigraf.com\/#\/schema\/logo\/image\/\",\"url\":\"https:\/\/www.lamigraf.com\/wp-content\/uploads\/2024\/05\/Logo-white.svg\",\"contentUrl\":\"https:\/\/www.lamigraf.com\/wp-content\/uploads\/2024\/05\/Logo-white.svg\",\"width\":147,\"height\":36,\"caption\":\"Lamigraf\"},\"image\":{\"@id\":\"https:\/\/www.lamigraf.com\/#\/schema\/logo\/image\/\"}}]}<\/script>\n<!-- \/ Yoast SEO plugin. -->","yoast_head_json":{"title":"DYNAMIC OAK - Lamigraf","robots":{"index":"index","follow":"follow","max-snippet":"max-snippet:-1","max-image-preview":"max-image-preview:large","max-video-preview":"max-video-preview:-1"},"canonical":"https:\/\/www.lamigraf.com\/designs\/dynamic-oak\/","og_locale":"de_DE","og_type":"article","og_title":"DYNAMIC OAK - Lamigraf","og_description":"Eine moderne und perfekt ausgearbeitete Eiche, die dem neuen Zeitgeist entspricht und sich progressiv in Szene setzt. Seine au\u00dfergew\u00f6hnliche und gleichzeitig harmonische Kombination von Rissen, rustikalen \u00c4sten und S\u00e4geschnitten heben seine Einzigartigkeit hervor.","og_url":"https:\/\/www.lamigraf.com\/designs\/dynamic-oak\/","og_site_name":"Lamigraf","og_image":[{"width":1920,"height":1248,"url":"https:\/\/www.lamigraf.com\/wp-content\/uploads\/2024\/06\/01870-O.jpg","type":"image\/jpeg"}],"twitter_card":"summary_large_image","schema":{"@context":"https:\/\/schema.org","@graph":[{"@type":"WebPage","@id":"https:\/\/www.lamigraf.com\/designs\/dynamic-oak\/","url":"https:\/\/www.lamigraf.com\/designs\/dynamic-oak\/","name":"DYNAMIC OAK - Lamigraf","isPartOf":{"@id":"https:\/\/www.lamigraf.com\/#website"},"primaryImageOfPage":{"@id":"https:\/\/www.lamigraf.com\/designs\/dynamic-oak\/#primaryimage"},"image":{"@id":"https:\/\/www.lamigraf.com\/designs\/dynamic-oak\/#primaryimage"},"thumbnailUrl":"https:\/\/www.lamigraf.com\/wp-content\/uploads\/2024\/06\/01870-O.jpg","datePublished":"2024-06-07T07:40:53+00:00","breadcrumb":{"@id":"https:\/\/www.lamigraf.com\/designs\/dynamic-oak\/#breadcrumb"},"inLanguage":"de","potentialAction":[{"@type":"ReadAction","target":["https:\/\/www.lamigraf.com\/designs\/dynamic-oak\/"]}]},{"@type":"ImageObject","inLanguage":"de","@id":"https:\/\/www.lamigraf.com\/designs\/dynamic-oak\/#primaryimage","url":"https:\/\/www.lamigraf.com\/wp-content\/uploads\/2024\/06\/01870-O.jpg","contentUrl":"https:\/\/www.lamigraf.com\/wp-content\/uploads\/2024\/06\/01870-O.jpg","width":1920,"height":1248},{"@type":"BreadcrumbList","@id":"https:\/\/www.lamigraf.com\/designs\/dynamic-oak\/#breadcrumb","itemListElement":[{"@type":"ListItem","position":1,"name":"Home","item":"https:\/\/www.lamigraf.com\/de\/"},{"@type":"ListItem","position":2,"name":"Designs","item":"https:\/\/www.lamigraf.com\/designs\/"},{"@type":"ListItem","position":3,"name":"DYNAMIC OAK"}]},{"@type":"WebSite","@id":"https:\/\/www.lamigraf.com\/#website","url":"https:\/\/www.lamigraf.com\/","name":"Lamigraf","description":"","publisher":{"@id":"https:\/\/www.lamigraf.com\/#organization"},"potentialAction":[{"@type":"SearchAction","target":{"@type":"EntryPoint","urlTemplate":"https:\/\/www.lamigraf.com\/?s={search_term_string}"},"query-input":{"@type":"PropertyValueSpecification","valueRequired":true,"valueName":"search_term_string"}}],"inLanguage":"de"},{"@type":"Organization","@id":"https:\/\/www.lamigraf.com\/#organization","name":"Lamigraf","url":"https:\/\/www.lamigraf.com\/","logo":{"@type":"ImageObject","inLanguage":"de","@id":"https:\/\/www.lamigraf.com\/#\/schema\/logo\/image\/","url":"https:\/\/www.lamigraf.com\/wp-content\/uploads\/2024\/05\/Logo-white.svg","contentUrl":"https:\/\/www.lamigraf.com\/wp-content\/uploads\/2024\/05\/Logo-white.svg","width":147,"height":36,"caption":"Lamigraf"},"image":{"@id":"https:\/\/www.lamigraf.com\/#\/schema\/logo\/image\/"}}]}},"_links":{"self":[{"href":"https:\/\/www.lamigraf.com\/de\/wp-json\/wp\/v2\/product\/9589","targetHints":{"allow":["GET"]}}],"collection":[{"href":"https:\/\/www.lamigraf.com\/de\/wp-json\/wp\/v2\/product"}],"about":[{"href":"https:\/\/www.lamigraf.com\/de\/wp-json\/wp\/v2\/types\/product"}],"version-history":[{"count":0,"href":"https:\/\/www.lamigraf.com\/de\/wp-json\/wp\/v2\/product\/9589\/revisions"}],"acf:attachment":[{"embeddable":true,"href":"https:\/\/www.lamigraf.com\/de\/wp-json\/wp\/v2\/media\/58733"}],"wp:featuredmedia":[{"embeddable":true,"href":"https:\/\/www.lamigraf.com\/de\/wp-json\/wp\/v2\/media\/58723"}],"wp:attachment":[{"href":"https:\/\/www.lamigraf.com\/de\/wp-json\/wp\/v2\/media?parent=9589"}],"wp:term":[{"taxonomy":"product_applications","embeddable":true,"href":"https:\/\/www.lamigraf.com\/de\/wp-json\/wp\/v2\/applications?post=9589"},{"taxonomy":"product_type","embeddable":true,"href":"https:\/\/www.lamigraf.com\/de\/wp-json\/wp\/v2\/design-types?post=9589"},{"taxonomy":"product_characteristics","embeddable":true,"href":"https:\/\/www.lamigraf.com\/de\/wp-json\/wp\/v2\/characteristics?post=9589"},{"taxonomy":"product_apparence","embeddable":true,"href":"https:\/\/www.lamigraf.com\/de\/wp-json\/wp\/v2\/appearance?post=9589"}],"curies":[{"name":"wp","href":"https:\/\/api.w.org\/{rel}","templated":true}]}}