{"id":76618,"date":"2024-03-12T17:41:21","date_gmt":"2024-03-12T16:41:21","guid":{"rendered":"http:\/\/lamigraf.com\/join-our-team\/"},"modified":"2024-09-26T09:35:40","modified_gmt":"2024-09-26T07:35:40","slug":"unete-a-nuestro-equipo","status":"publish","type":"page","link":"https:\/\/www.lamigraf.com\/es\/unete-a-nuestro-equipo\/","title":{"rendered":"\u00danete a nuestro equipo"},"content":{"rendered":"\n<div class=\"wp-block-greenshift-blocks-row gspb_row gspb_row-id-gsbp-fe6b370\" id=\"gspb_row-id-gsbp-fe6b370\"><div class=\"gspb_row__content\"> \n<div class=\"wp-block-greenshift-blocks-row-column gspb_row__col--12 gspb_col-id-gsbp-27cd1cf\" id=\"gspb_col-id-gsbp-27cd1cf\">\n<div id=\"gspb_gsap-gsbp-6bc7c17\"><div id=\"gsbp-6bc7c17\" class=\"gs-gsap-wrap\" data-o=\"1\" data-duration=\"2\" data-triggertype=\"scroll\" data-from=\"yes\" data-prehidden=\"1\">\n<h2 class=\"wp-block-heading has-text-align-center has-primary-color has-text-color has-link-color has-primary-font-family has-max-gigantic-font-size wp-elements-31bf74cdaa4322180c9f67e05cddec73\" id=\"the-human-touch\" style=\"margin-top:71px;margin-bottom:0px;font-style:normal;font-weight:500;line-height:1\"><em>\u00b7 The Human Touch \u00b7<\/em><\/h2>\n\n\n\n<div style=\"height:30px\" aria-hidden=\"true\" class=\"wp-block-spacer\"><\/div>\n\n\n\n<p class=\"has-text-align-center\">En Lamigraf, creemos que el verdadero motor de nuestro \u00e9xito radica en las personas que forman parte de nuestro equipo. Nos enorgullece crear un ambiente donde la innovaci\u00f3n, la creatividad y el compromiso se fusionan para dar forma a un futuro brillante.<\/p>\n\n\n\n<p class=\"has-text-align-center\">A continuaci\u00f3n, explora las oportunidades que ofrecemos y \u00fanete a una comunidad que valora tu talento y pasi\u00f3n.<\/p>\n\n\n\n<p class=\"has-text-align-center\">En Lamigraf, construimos juntos un camino de \u00e9xitos y crecimiento<\/p>\n<\/div><\/div>\n<\/div>\n <\/div><\/div>\n\n\n\n<div class=\"wp-block-greenshift-blocks-row gspb_row gspb_row-id-gsbp-87937cb\" id=\"gspb_row-id-gsbp-87937cb\"><div class=\"gspb_row__content\"> \n<div class=\"wp-block-greenshift-blocks-row-column gspb_row__col--4 gspb_col-id-gsbp-399bf4f\" id=\"gspb_col-id-gsbp-399bf4f\">\n<div class=\"gspb_button_wrapper gspb_button-id-gsbp-7b85a52\" id=\"gspb_button-id-gsbp-7b85a52\"><a class=\"wp-block-greenshift-blocks-buttonbox gspb-buttonbox wp-element-button  centrar-btn\" href=\"\/es\/unete-a-nosotros\/\" rel=\"noopener\"><span class=\"gspb-buttonbox-textwrap\"><span class=\"gspb-buttonbox-text\"><span class=\"gspb-buttonbox-title\">\u00danete a nosotros<\/span><\/span><\/span><\/a><\/div>\n<\/div>\n\n\n\n<div class=\"wp-block-greenshift-blocks-row-column gspb_row__col--4 gspb_col-id-gsbp-8cc4b8e\" id=\"gspb_col-id-gsbp-8cc4b8e\">\n<div class=\"gspb_button_wrapper gspb_button-id-gsbp-2e13728\" id=\"gspb_button-id-gsbp-2e13728\"><a class=\"wp-block-greenshift-blocks-buttonbox gspb-buttonbox wp-element-button  centrar-btn\" href=\"\/es\/oportunidades-de-empleo\" rel=\"noopener\"><span class=\"gspb-buttonbox-textwrap\"><span class=\"gspb-buttonbox-text\"><span class=\"gspb-buttonbox-title\">Oportunidades de Empleo<\/span><\/span><\/span><\/a><\/div>\n<\/div>\n\n\n\n<div class=\"wp-block-greenshift-blocks-row-column gspb_row__col--4 gspb_col-id-gsbp-f4c9864\" id=\"gspb_col-id-gsbp-f4c9864\">\n<div class=\"gspb_button_wrapper gspb_button-id-gsbp-6409029\" id=\"gspb_button-id-gsbp-6409029\"><a class=\"wp-block-greenshift-blocks-buttonbox gspb-buttonbox wp-element-button  centrar-btn\" href=\"https:\/\/www.lamigraf.com\/es\/programas-de-desarrollo-para-empleados\/\" rel=\"noopener\"><span class=\"gspb-buttonbox-textwrap\"><span class=\"gspb-buttonbox-text\"><span class=\"gspb-buttonbox-title\">Programas de desarrollo para empleados<\/span><\/span><\/span><\/a><\/div>\n<\/div>\n <\/div><\/div>\n","protected":false},"excerpt":{"rendered":"","protected":false},"author":1,"featured_media":74762,"parent":0,"menu_order":0,"comment_status":"closed","ping_status":"closed","template":"","meta":{"_acf_changed":false,"_gspb_post_css":"#gspb_row-id-gsbp-87937cb,#gspb_row-id-gsbp-fe6b370{justify-content:space-between;margin-bottom:0;display:flex;flex-wrap:wrap}#gspb_row-id-gsbp-fe6b370{margin-top:0}#gspb_row-id-gsbp-fe6b370>.gspb_row__content{display:flex;justify-content:space-between;margin:0 auto;width:100%;flex-wrap:wrap;max-width:650px}.gspb_row{position:relative}div[id^=gspb_col-id]{box-sizing:border-box;position:relative;padding:15px min(3vw,20px)}#gspb_col-id-gsbp-27cd1cf.gspb_row__col--12{width:100%}@media (max-width:575.98px){#gspb_col-id-gsbp-27cd1cf.gspb_row__col--12{width:100%}}#gspb_row-id-gsbp-87937cb>.gspb_row__content{display:flex;margin:0 auto;width:100%;flex-wrap:wrap;max-width:800px;justify-content:center}#gspb_row-id-gsbp-87937cb{margin-top:40px}#gspb_col-id-gsbp-399bf4f.gspb_row__col--4{width:33.333333333333336%}@media (max-width:575.98px){#gspb_col-id-gsbp-399bf4f.gspb_row__col--4{width:100%}}body #gspb_col-id-gsbp-399bf4f.gspb_row__col--4,body #gspb_col-id-gsbp-8cc4b8e.gspb_row__col--4,body #gspb_col-id-gsbp-f4c9864.gspb_row__col--4{display:flex;justify-content:center}#gspb_button-id-gsbp-2e13728,#gspb_button-id-gsbp-6409029,#gspb_button-id-gsbp-7b85a52{display:flex;justify-content:flex-start}#gspb_button-id-gsbp-7b85a52 .gspb-buttonbox-text{display:flex;flex-direction:column}#gspb_button-id-gsbp-7b85a52>.gspb-buttonbox{box-sizing:border-box;min-width:250px;text-align:center!important}#gspb_button-id-gsbp-7b85a52>.gspb-buttonbox .gsap-g-line{text-align:center!important}#gspb_col-id-gsbp-8cc4b8e.gspb_row__col--4{width:33.333333333333336%}@media (max-width:575.98px){#gspb_col-id-gsbp-8cc4b8e.gspb_row__col--4{width:100%}}#gspb_button-id-gsbp-2e13728 .gspb-buttonbox-text{display:flex;flex-direction:column}#gspb_button-id-gsbp-2e13728>.gspb-buttonbox{box-sizing:border-box;min-width:250px;text-align:center!important}#gspb_col-id-gsbp-f4c9864.gspb_row__col--4{width:33.333333333333336%}@media (max-width:575.98px){#gspb_col-id-gsbp-f4c9864.gspb_row__col--4{width:100%}}#gspb_button-id-gsbp-6409029 .gspb-buttonbox-text{display:flex;flex-direction:column}#gspb_button-id-gsbp-6409029>.gspb-buttonbox{box-sizing:border-box;min-width:250px;text-align:center!important}#gspb_button-id-gsbp-2e13728>.gspb-buttonbox .gsap-g-line,#gspb_button-id-gsbp-6409029>.gspb-buttonbox .gsap-g-line{text-align:center!important}[data-prehidden],body.gspb-bodyfront .gs-prehidden{visibility:hidden}#gspb_gsap-gsbp-e180b74{perspective:500px}","footnotes":""},"class_list":["post-76618","page","type-page","status-publish","has-post-thumbnail","hentry"],"acf":[],"yoast_head":"<!-- This site is optimized with the Yoast SEO plugin v25.2 - https:\/\/yoast.com\/wordpress\/plugins\/seo\/ -->\n<title>\u00danete a nuestro equipo - Lamigraf<\/title>\n<meta name=\"robots\" content=\"index, follow, max-snippet:-1, max-image-preview:large, max-video-preview:-1\" \/>\n<link rel=\"canonical\" href=\"https:\/\/www.lamigraf.com\/es\/unete-a-nuestro-equipo\/\" \/>\n<meta property=\"og:locale\" content=\"es_ES\" \/>\n<meta property=\"og:type\" content=\"article\" \/>\n<meta property=\"og:title\" content=\"\u00danete a nuestro equipo - Lamigraf\" \/>\n<meta property=\"og:url\" content=\"https:\/\/www.lamigraf.com\/es\/unete-a-nuestro-equipo\/\" \/>\n<meta property=\"og:site_name\" content=\"Lamigraf\" \/>\n<meta property=\"article:modified_time\" content=\"2024-09-26T07:35:40+00:00\" \/>\n<meta property=\"og:image\" content=\"https:\/\/www.lamigraf.com\/wp-content\/uploads\/2024\/06\/join-our-team.webp\" \/>\n\t<meta property=\"og:image:width\" content=\"2000\" \/>\n\t<meta property=\"og:image:height\" content=\"1125\" \/>\n\t<meta property=\"og:image:type\" content=\"image\/webp\" \/>\n<meta name=\"twitter:card\" content=\"summary_large_image\" \/>\n<script type=\"application\/ld+json\" class=\"yoast-schema-graph\">{\"@context\":\"https:\/\/schema.org\",\"@graph\":[{\"@type\":\"WebPage\",\"@id\":\"https:\/\/www.lamigraf.com\/es\/unete-a-nuestro-equipo\/\",\"url\":\"https:\/\/www.lamigraf.com\/es\/unete-a-nuestro-equipo\/\",\"name\":\"\u00danete a nuestro equipo - Lamigraf\",\"isPartOf\":{\"@id\":\"https:\/\/www.lamigraf.com\/#website\"},\"primaryImageOfPage\":{\"@id\":\"https:\/\/www.lamigraf.com\/es\/unete-a-nuestro-equipo\/#primaryimage\"},\"image\":{\"@id\":\"https:\/\/www.lamigraf.com\/es\/unete-a-nuestro-equipo\/#primaryimage\"},\"thumbnailUrl\":\"https:\/\/www.lamigraf.com\/wp-content\/uploads\/2024\/06\/join-our-team.webp\",\"datePublished\":\"2024-03-12T16:41:21+00:00\",\"dateModified\":\"2024-09-26T07:35:40+00:00\",\"breadcrumb\":{\"@id\":\"https:\/\/www.lamigraf.com\/es\/unete-a-nuestro-equipo\/#breadcrumb\"},\"inLanguage\":\"es\",\"potentialAction\":[{\"@type\":\"ReadAction\",\"target\":[\"https:\/\/www.lamigraf.com\/es\/unete-a-nuestro-equipo\/\"]}]},{\"@type\":\"ImageObject\",\"inLanguage\":\"es\",\"@id\":\"https:\/\/www.lamigraf.com\/es\/unete-a-nuestro-equipo\/#primaryimage\",\"url\":\"https:\/\/www.lamigraf.com\/wp-content\/uploads\/2024\/06\/join-our-team.webp\",\"contentUrl\":\"https:\/\/www.lamigraf.com\/wp-content\/uploads\/2024\/06\/join-our-team.webp\",\"width\":2000,\"height\":1125},{\"@type\":\"BreadcrumbList\",\"@id\":\"https:\/\/www.lamigraf.com\/es\/unete-a-nuestro-equipo\/#breadcrumb\",\"itemListElement\":[{\"@type\":\"ListItem\",\"position\":1,\"name\":\"Home\",\"item\":\"https:\/\/www.lamigraf.com\/es\/\"},{\"@type\":\"ListItem\",\"position\":2,\"name\":\"\u00danete a nuestro equipo\"}]},{\"@type\":\"WebSite\",\"@id\":\"https:\/\/www.lamigraf.com\/#website\",\"url\":\"https:\/\/www.lamigraf.com\/\",\"name\":\"Lamigraf\",\"description\":\"\",\"publisher\":{\"@id\":\"https:\/\/www.lamigraf.com\/#organization\"},\"potentialAction\":[{\"@type\":\"SearchAction\",\"target\":{\"@type\":\"EntryPoint\",\"urlTemplate\":\"https:\/\/www.lamigraf.com\/?s={search_term_string}\"},\"query-input\":{\"@type\":\"PropertyValueSpecification\",\"valueRequired\":true,\"valueName\":\"search_term_string\"}}],\"inLanguage\":\"es\"},{\"@type\":\"Organization\",\"@id\":\"https:\/\/www.lamigraf.com\/#organization\",\"name\":\"Lamigraf\",\"url\":\"https:\/\/www.lamigraf.com\/\",\"logo\":{\"@type\":\"ImageObject\",\"inLanguage\":\"es\",\"@id\":\"https:\/\/www.lamigraf.com\/#\/schema\/logo\/image\/\",\"url\":\"https:\/\/www.lamigraf.com\/wp-content\/uploads\/2024\/05\/Logo-white.svg\",\"contentUrl\":\"https:\/\/www.lamigraf.com\/wp-content\/uploads\/2024\/05\/Logo-white.svg\",\"width\":147,\"height\":36,\"caption\":\"Lamigraf\"},\"image\":{\"@id\":\"https:\/\/www.lamigraf.com\/#\/schema\/logo\/image\/\"}}]}<\/script>\n<!-- \/ Yoast SEO plugin. -->","yoast_head_json":{"title":"\u00danete a nuestro equipo - Lamigraf","robots":{"index":"index","follow":"follow","max-snippet":"max-snippet:-1","max-image-preview":"max-image-preview:large","max-video-preview":"max-video-preview:-1"},"canonical":"https:\/\/www.lamigraf.com\/es\/unete-a-nuestro-equipo\/","og_locale":"es_ES","og_type":"article","og_title":"\u00danete a nuestro equipo - Lamigraf","og_url":"https:\/\/www.lamigraf.com\/es\/unete-a-nuestro-equipo\/","og_site_name":"Lamigraf","article_modified_time":"2024-09-26T07:35:40+00:00","og_image":[{"width":2000,"height":1125,"url":"https:\/\/www.lamigraf.com\/wp-content\/uploads\/2024\/06\/join-our-team.webp","type":"image\/webp"}],"twitter_card":"summary_large_image","schema":{"@context":"https:\/\/schema.org","@graph":[{"@type":"WebPage","@id":"https:\/\/www.lamigraf.com\/es\/unete-a-nuestro-equipo\/","url":"https:\/\/www.lamigraf.com\/es\/unete-a-nuestro-equipo\/","name":"\u00danete a nuestro equipo - Lamigraf","isPartOf":{"@id":"https:\/\/www.lamigraf.com\/#website"},"primaryImageOfPage":{"@id":"https:\/\/www.lamigraf.com\/es\/unete-a-nuestro-equipo\/#primaryimage"},"image":{"@id":"https:\/\/www.lamigraf.com\/es\/unete-a-nuestro-equipo\/#primaryimage"},"thumbnailUrl":"https:\/\/www.lamigraf.com\/wp-content\/uploads\/2024\/06\/join-our-team.webp","datePublished":"2024-03-12T16:41:21+00:00","dateModified":"2024-09-26T07:35:40+00:00","breadcrumb":{"@id":"https:\/\/www.lamigraf.com\/es\/unete-a-nuestro-equipo\/#breadcrumb"},"inLanguage":"es","potentialAction":[{"@type":"ReadAction","target":["https:\/\/www.lamigraf.com\/es\/unete-a-nuestro-equipo\/"]}]},{"@type":"ImageObject","inLanguage":"es","@id":"https:\/\/www.lamigraf.com\/es\/unete-a-nuestro-equipo\/#primaryimage","url":"https:\/\/www.lamigraf.com\/wp-content\/uploads\/2024\/06\/join-our-team.webp","contentUrl":"https:\/\/www.lamigraf.com\/wp-content\/uploads\/2024\/06\/join-our-team.webp","width":2000,"height":1125},{"@type":"BreadcrumbList","@id":"https:\/\/www.lamigraf.com\/es\/unete-a-nuestro-equipo\/#breadcrumb","itemListElement":[{"@type":"ListItem","position":1,"name":"Home","item":"https:\/\/www.lamigraf.com\/es\/"},{"@type":"ListItem","position":2,"name":"\u00danete a nuestro equipo"}]},{"@type":"WebSite","@id":"https:\/\/www.lamigraf.com\/#website","url":"https:\/\/www.lamigraf.com\/","name":"Lamigraf","description":"","publisher":{"@id":"https:\/\/www.lamigraf.com\/#organization"},"potentialAction":[{"@type":"SearchAction","target":{"@type":"EntryPoint","urlTemplate":"https:\/\/www.lamigraf.com\/?s={search_term_string}"},"query-input":{"@type":"PropertyValueSpecification","valueRequired":true,"valueName":"search_term_string"}}],"inLanguage":"es"},{"@type":"Organization","@id":"https:\/\/www.lamigraf.com\/#organization","name":"Lamigraf","url":"https:\/\/www.lamigraf.com\/","logo":{"@type":"ImageObject","inLanguage":"es","@id":"https:\/\/www.lamigraf.com\/#\/schema\/logo\/image\/","url":"https:\/\/www.lamigraf.com\/wp-content\/uploads\/2024\/05\/Logo-white.svg","contentUrl":"https:\/\/www.lamigraf.com\/wp-content\/uploads\/2024\/05\/Logo-white.svg","width":147,"height":36,"caption":"Lamigraf"},"image":{"@id":"https:\/\/www.lamigraf.com\/#\/schema\/logo\/image\/"}}]}},"_links":{"self":[{"href":"https:\/\/www.lamigraf.com\/es\/wp-json\/wp\/v2\/pages\/76618","targetHints":{"allow":["GET"]}}],"collection":[{"href":"https:\/\/www.lamigraf.com\/es\/wp-json\/wp\/v2\/pages"}],"about":[{"href":"https:\/\/www.lamigraf.com\/es\/wp-json\/wp\/v2\/types\/page"}],"author":[{"embeddable":true,"href":"https:\/\/www.lamigraf.com\/es\/wp-json\/wp\/v2\/users\/1"}],"replies":[{"embeddable":true,"href":"https:\/\/www.lamigraf.com\/es\/wp-json\/wp\/v2\/comments?post=76618"}],"version-history":[{"count":5,"href":"https:\/\/www.lamigraf.com\/es\/wp-json\/wp\/v2\/pages\/76618\/revisions"}],"predecessor-version":[{"id":77156,"href":"https:\/\/www.lamigraf.com\/es\/wp-json\/wp\/v2\/pages\/76618\/revisions\/77156"}],"wp:featuredmedia":[{"embeddable":true,"href":"https:\/\/www.lamigraf.com\/es\/wp-json\/wp\/v2\/media\/74762"}],"wp:attachment":[{"href":"https:\/\/www.lamigraf.com\/es\/wp-json\/wp\/v2\/media?parent=76618"}],"curies":[{"name":"wp","href":"https:\/\/api.w.org\/{rel}","templated":true}]}}