{"id":76896,"date":"2024-03-12T17:19:51","date_gmt":"2024-03-12T16:19:51","guid":{"rendered":"http:\/\/lamigraf.com\/privacy-policy\/"},"modified":"2024-09-18T10:46:49","modified_gmt":"2024-09-18T08:46:49","slug":"politica-de-privacidad-y-proteccion-de-datos","status":"publish","type":"page","link":"https:\/\/www.lamigraf.com\/es\/politica-de-privacidad-y-proteccion-de-datos\/","title":{"rendered":"Pol\u00edtica de Privacidad y Protecci\u00f3n de Datos"},"content":{"rendered":"\n<p><strong>1. \u00bfQui\u00e9n es el Responsable del tratamiento de sus datos?<\/strong><\/p>\n\n\n\n<p>Identidad: Lamigraf, S.A.<\/p>\n\n\n\n<p>CIF: A08\/384638<\/p>\n\n\n\n<p>Dir. Postal: c\/ Mas Dorca, 14-16 Ametlla Park, 08480 \u2013 L\u2019Ametlla del Vall\u00e8s (Barcelona)<\/p>\n\n\n\n<p>Tel\u00e9fono: +34 93 843 18 88<\/p>\n\n\n\n<p>E-Mail: protecciodades@lamigraf.com<\/p>\n\n\n\n<p><strong>2. \u00bfCon qu\u00e9 finalidad tratamos sus datos personales?<\/strong><\/p>\n\n\n\n<p>En Lamigraf, S.A.U. tratamos sus datos con la finalidad principal de mantener nuestra agenda de contactos,<\/p>\n\n\n\n<p>a) Como persona de contacto para mantener relaciones con la entidad jur\u00eddica u organizaci\u00f3n en la que usted presta sus servicios.<\/p>\n\n\n\n<p>b) Como interesado que se ha puesto en contacto con nosotros consult\u00e1ndonos o solicit\u00e1ndonos alguna informaci\u00f3n, para poder atenderle.<\/p>\n\n\n\n<p>Como finalidad adicional, en caso de que se le hubiera solicitado autorizaci\u00f3n y nos la hubiera concedido, trataremos sus datos para el env\u00edo de comunicaciones comerciales.<\/p>\n\n\n\n<p><strong>3. \u00bfPor cu\u00e1nto tiempo conservaremos sus datos?<\/strong><\/p>\n\n\n\n<p>Los datos personales proporcionados se conservar\u00e1n en la finalidad principal:<\/p>\n\n\n\n<p>a) En caso de tratarse de una persona de contacto para mantener relaciones con la entidad jur\u00eddica u organizaci\u00f3n en la que usted presta sus servicios, se conservar\u00e1n mientras se mantenga nuestra relaci\u00f3n con dicha entidad jur\u00eddica u organizaci\u00f3n, y a salvo los plazos legales por las responsabilidades legales que pudieran derivarse de la relaci\u00f3n con la entidad jur\u00eddica u organizaci\u00f3n.<\/p>\n\n\n\n<p>b) En caso de interesado puesto en contacto con nosotros, hasta 6 meses despu\u00e9s de atender su requerimiento, por si se produjeran por su parte comunicaciones posteriores en referencia a dicha consulta o requerimiento de informaci\u00f3n.<\/p>\n\n\n\n<p>En la finalidad adicional de env\u00edo de comunicaciones comerciales, conservaremos sus datos en tanto no nos manifieste su oposici\u00f3n a continuar recibiendo nuestras comunicaciones.<\/p>\n\n\n\n<p><strong>4. Decisiones automatizadas, perfiles y l\u00f3gica aplicada:<\/strong><\/p>\n\n\n\n<p>La empresa NO tomar\u00e1 decisiones automatizadas.<\/p>\n\n\n\n<p><strong>5. \u00bfCu\u00e1l es la legitimaci\u00f3n para el tratamiento de sus datos?<\/strong><\/p>\n\n\n\n<p>La base legal para el tratamiento de sus datos en la finalidad principal de mantenimiento de agenda de contactos es<\/p>\n\n\n\n<p>a) En caso de tratarse de una persona de contacto para mantener relaciones con la entidad jur\u00eddica u organizaci\u00f3n en la que usted presta sus servicios, es la satisfacci\u00f3n del inter\u00e9s leg\u00edtimo del responsable, de acuerdo a lo establecido en el art. 6.1.f del RGPD.<\/p>\n\n\n\n<p>b) En caso de interesado puesto en contacto con nosotros, la base legal es la obtenci\u00f3n de su consentimiento.<\/p>\n\n\n\n<p>En la finalidad adicional de env\u00edo de comunicaciones comerciales, la base legal para el tratamiento de sus datos es la obtenci\u00f3n de su consentimiento.<\/p>\n\n\n\n<p><strong>6. \u00bfA qu\u00e9 destinatarios se comunicar\u00e1n sus datos?<\/strong><\/p>\n\n\n\n<p>Durante el periodo de duraci\u00f3n del tratamiento no comunicaremos sus datos a terceros.<\/p>\n\n\n\n<p>En Lamigraf, S.A.U. contaremos con la colaboraci\u00f3n de terceros prestadores de servicios que en cada caso hayamos podido contratar y que, para la prestaci\u00f3n de dicho servicio, puede ser necesario que tengan acceso a sus datos de car\u00e1cter personal, pero que los tratar\u00e1n con todas las garant\u00edas legales exigibles, siguiendo nuestras instrucciones y previa suscripci\u00f3n de un contrato de protecci\u00f3n de datos en las que exigimos, entre otras, tratar los datos exclusivamente para las finalidades pactadas, aplicar medidas t\u00e9cnicas y organizativas adecuadas, as\u00ed como suprimir y devolver los datos a la finalizaci\u00f3n del servicio.<\/p>\n\n\n\n<p>En Lamigraf, S.A.U. seguimos unos criterios estrictos de selecci\u00f3n de terceros prestadores de servicios con el fin de dar cumplimiento a nuestras obligaciones en materia de protecci\u00f3n de datos.<\/p>\n\n\n\n<p><strong>7. \u00bfCu\u00e1les son sus derechos cuando nos facilita sus datos?<\/strong><\/p>\n\n\n\n<p>Cualquier persona tiene derecho a obtener confirmaci\u00f3n sobre si JDA ASSESSORS CONSULTORS PROFESSIONALS, S.L.P. estamos tratando datos personales que le conciernan o no.<\/p>\n\n\n\n<p>Asimismo, tiene:<\/p>\n\n\n\n<ul class=\"wp-block-list\">\n<li>Derecho a solicitar el acceso a sus datos personales.<\/li>\n\n\n\n<li>Derecho a solicitar su rectificaci\u00f3n<\/li>\n\n\n\n<li>Derecho a solicitar su supresi\u00f3n.<\/li>\n\n\n\n<li>Derecho a solicitar la limitaci\u00f3n de su tratamiento.<\/li>\n\n\n\n<li>Derecho a oponerse al tratamiento.<\/li>\n\n\n\n<li>Derecho a la portabilidad de los datos.<\/li>\n\n\n\n<li>Derecho a retirar el consentimiento prestado.<\/li>\n\n\n\n<li>Derecho de informaci\u00f3n<\/li>\n\n\n\n<li>Derecho a oponerse a ser objeto de decisiones individuales automatizadas<\/li>\n<\/ul>\n\n\n\n<p>Para ejercer sus derechos, dirija un escrito adjuntando copia de su DNI a:<\/p>\n\n\n\n<p>Lamigraf, S.A.U.<\/p>\n\n\n\n<p>Ejercicio derechos protecci\u00f3n de datos<\/p>\n\n\n\n<p>c\/ Mas Dorca, 14-16 Ametlla Park<\/p>\n\n\n\n<p>08480 \u2013 L\u2019Ametlla del Vall\u00e8s (Barcelona)<\/p>\n\n\n\n<p>, o bien remita un email a:&nbsp;<strong>protecciodades@lamigraf.com<\/strong><\/p>\n\n\n\n<p>Asimismo, le informamos que puede dirigirse a la Agencia Espa\u00f1ola de Protecci\u00f3n de Datos (www.aepd.es) para obtener informaci\u00f3n adicional o para presentar una reclamaci\u00f3n, por ejemplo, si no has obtenido satisfacci\u00f3n en el ejercicio de tus derechos.<\/p>\n\n\n\n<p><a href=\"https:\/\/www.instagram.com\/lamigrafgroup\/\" target=\"_blank\" rel=\"noreferrer noopener\"><\/a><\/p>\n\n\n\n<p><a href=\"https:\/\/www.youtube.com\/channel\/UCvrXR_YbCVzeJEnRAvJ9o1Q\" target=\"_blank\" rel=\"noreferrer noopener\"><\/a><\/p>\n\n\n\n<p><a href=\"https:\/\/www.linkedin.com\/company\/9367517\/\" target=\"_blank\" rel=\"noreferrer noopener\"><\/a><\/p>\n","protected":false},"excerpt":{"rendered":"<p>1. \u00bfQui\u00e9n es el Responsable del tratamiento de sus datos? Identidad: Lamigraf, S.A. CIF: A08\/384638 Dir. Postal: c\/ Mas Dorca, 14-16 Ametlla Park, 08480 \u2013 L\u2019Ametlla del Vall\u00e8s (Barcelona) Tel\u00e9fono: +34 93 843 18 88 E-Mail: protecciodades@lamigraf.com 2. \u00bfCon qu\u00e9 finalidad tratamos sus datos personales? En Lamigraf, S.A.U. tratamos sus datos con la finalidad principal [&hellip;]<\/p>\n","protected":false},"author":1,"featured_media":0,"parent":0,"menu_order":0,"comment_status":"closed","ping_status":"open","template":"","meta":{"_acf_changed":false,"_gspb_post_css":"","footnotes":""},"class_list":["post-76896","page","type-page","status-publish","hentry"],"acf":[],"yoast_head":"<!-- This site is optimized with the Yoast SEO plugin v25.2 - https:\/\/yoast.com\/wordpress\/plugins\/seo\/ -->\n<title>Pol\u00edtica de Privacidad y Protecci\u00f3n de Datos - Lamigraf<\/title>\n<meta name=\"robots\" content=\"index, follow, max-snippet:-1, max-image-preview:large, max-video-preview:-1\" \/>\n<link rel=\"canonical\" href=\"https:\/\/www.lamigraf.com\/privacy-policy\/\" \/>\n<meta property=\"og:locale\" content=\"es_ES\" \/>\n<meta property=\"og:type\" content=\"article\" \/>\n<meta property=\"og:title\" content=\"Pol\u00edtica de Privacidad y Protecci\u00f3n de Datos - Lamigraf\" \/>\n<meta property=\"og:description\" content=\"1. \u00bfQui\u00e9n es el Responsable del tratamiento de sus datos? Identidad: Lamigraf, S.A. CIF: A08\/384638 Dir. Postal: c\/ Mas Dorca, 14-16 Ametlla Park, 08480 \u2013 L\u2019Ametlla del Vall\u00e8s (Barcelona) Tel\u00e9fono: +34 93 843 18 88 E-Mail: protecciodades@lamigraf.com 2. \u00bfCon qu\u00e9 finalidad tratamos sus datos personales? En Lamigraf, S.A.U. tratamos sus datos con la finalidad principal [&hellip;]\" \/>\n<meta property=\"og:url\" content=\"https:\/\/www.lamigraf.com\/privacy-policy\/\" \/>\n<meta property=\"og:site_name\" content=\"Lamigraf\" \/>\n<meta property=\"article:modified_time\" content=\"2024-09-18T08:46:49+00:00\" \/>\n<meta name=\"twitter:card\" content=\"summary_large_image\" \/>\n<meta name=\"twitter:label1\" content=\"Tiempo de lectura\" \/>\n\t<meta name=\"twitter:data1\" content=\"4 minutos\" \/>\n<script type=\"application\/ld+json\" class=\"yoast-schema-graph\">{\"@context\":\"https:\/\/schema.org\",\"@graph\":[{\"@type\":\"WebPage\",\"@id\":\"https:\/\/www.lamigraf.com\/privacy-policy\/\",\"url\":\"https:\/\/www.lamigraf.com\/privacy-policy\/\",\"name\":\"Pol\u00edtica de Privacidad y Protecci\u00f3n de Datos - Lamigraf\",\"isPartOf\":{\"@id\":\"https:\/\/www.lamigraf.com\/#website\"},\"datePublished\":\"2024-03-12T16:19:51+00:00\",\"dateModified\":\"2024-09-18T08:46:49+00:00\",\"breadcrumb\":{\"@id\":\"https:\/\/www.lamigraf.com\/privacy-policy\/#breadcrumb\"},\"inLanguage\":\"es\",\"potentialAction\":[{\"@type\":\"ReadAction\",\"target\":[\"https:\/\/www.lamigraf.com\/privacy-policy\/\"]}]},{\"@type\":\"BreadcrumbList\",\"@id\":\"https:\/\/www.lamigraf.com\/privacy-policy\/#breadcrumb\",\"itemListElement\":[{\"@type\":\"ListItem\",\"position\":1,\"name\":\"Home\",\"item\":\"https:\/\/www.lamigraf.com\/es\/\"},{\"@type\":\"ListItem\",\"position\":2,\"name\":\"Pol\u00edtica de Privacidad y Protecci\u00f3n de Datos\"}]},{\"@type\":\"WebSite\",\"@id\":\"https:\/\/www.lamigraf.com\/#website\",\"url\":\"https:\/\/www.lamigraf.com\/\",\"name\":\"Lamigraf\",\"description\":\"\",\"publisher\":{\"@id\":\"https:\/\/www.lamigraf.com\/#organization\"},\"potentialAction\":[{\"@type\":\"SearchAction\",\"target\":{\"@type\":\"EntryPoint\",\"urlTemplate\":\"https:\/\/www.lamigraf.com\/?s={search_term_string}\"},\"query-input\":{\"@type\":\"PropertyValueSpecification\",\"valueRequired\":true,\"valueName\":\"search_term_string\"}}],\"inLanguage\":\"es\"},{\"@type\":\"Organization\",\"@id\":\"https:\/\/www.lamigraf.com\/#organization\",\"name\":\"Lamigraf\",\"url\":\"https:\/\/www.lamigraf.com\/\",\"logo\":{\"@type\":\"ImageObject\",\"inLanguage\":\"es\",\"@id\":\"https:\/\/www.lamigraf.com\/#\/schema\/logo\/image\/\",\"url\":\"https:\/\/www.lamigraf.com\/wp-content\/uploads\/2024\/05\/Logo-white.svg\",\"contentUrl\":\"https:\/\/www.lamigraf.com\/wp-content\/uploads\/2024\/05\/Logo-white.svg\",\"width\":147,\"height\":36,\"caption\":\"Lamigraf\"},\"image\":{\"@id\":\"https:\/\/www.lamigraf.com\/#\/schema\/logo\/image\/\"}}]}<\/script>\n<!-- \/ Yoast SEO plugin. -->","yoast_head_json":{"title":"Pol\u00edtica de Privacidad y Protecci\u00f3n de Datos - Lamigraf","robots":{"index":"index","follow":"follow","max-snippet":"max-snippet:-1","max-image-preview":"max-image-preview:large","max-video-preview":"max-video-preview:-1"},"canonical":"https:\/\/www.lamigraf.com\/privacy-policy\/","og_locale":"es_ES","og_type":"article","og_title":"Pol\u00edtica de Privacidad y Protecci\u00f3n de Datos - Lamigraf","og_description":"1. \u00bfQui\u00e9n es el Responsable del tratamiento de sus datos? Identidad: Lamigraf, S.A. CIF: A08\/384638 Dir. Postal: c\/ Mas Dorca, 14-16 Ametlla Park, 08480 \u2013 L\u2019Ametlla del Vall\u00e8s (Barcelona) Tel\u00e9fono: +34 93 843 18 88 E-Mail: protecciodades@lamigraf.com 2. \u00bfCon qu\u00e9 finalidad tratamos sus datos personales? En Lamigraf, S.A.U. tratamos sus datos con la finalidad principal [&hellip;]","og_url":"https:\/\/www.lamigraf.com\/privacy-policy\/","og_site_name":"Lamigraf","article_modified_time":"2024-09-18T08:46:49+00:00","twitter_card":"summary_large_image","twitter_misc":{"Tiempo de lectura":"4 minutos"},"schema":{"@context":"https:\/\/schema.org","@graph":[{"@type":"WebPage","@id":"https:\/\/www.lamigraf.com\/privacy-policy\/","url":"https:\/\/www.lamigraf.com\/privacy-policy\/","name":"Pol\u00edtica de Privacidad y Protecci\u00f3n de Datos - Lamigraf","isPartOf":{"@id":"https:\/\/www.lamigraf.com\/#website"},"datePublished":"2024-03-12T16:19:51+00:00","dateModified":"2024-09-18T08:46:49+00:00","breadcrumb":{"@id":"https:\/\/www.lamigraf.com\/privacy-policy\/#breadcrumb"},"inLanguage":"es","potentialAction":[{"@type":"ReadAction","target":["https:\/\/www.lamigraf.com\/privacy-policy\/"]}]},{"@type":"BreadcrumbList","@id":"https:\/\/www.lamigraf.com\/privacy-policy\/#breadcrumb","itemListElement":[{"@type":"ListItem","position":1,"name":"Home","item":"https:\/\/www.lamigraf.com\/es\/"},{"@type":"ListItem","position":2,"name":"Pol\u00edtica de Privacidad y Protecci\u00f3n de Datos"}]},{"@type":"WebSite","@id":"https:\/\/www.lamigraf.com\/#website","url":"https:\/\/www.lamigraf.com\/","name":"Lamigraf","description":"","publisher":{"@id":"https:\/\/www.lamigraf.com\/#organization"},"potentialAction":[{"@type":"SearchAction","target":{"@type":"EntryPoint","urlTemplate":"https:\/\/www.lamigraf.com\/?s={search_term_string}"},"query-input":{"@type":"PropertyValueSpecification","valueRequired":true,"valueName":"search_term_string"}}],"inLanguage":"es"},{"@type":"Organization","@id":"https:\/\/www.lamigraf.com\/#organization","name":"Lamigraf","url":"https:\/\/www.lamigraf.com\/","logo":{"@type":"ImageObject","inLanguage":"es","@id":"https:\/\/www.lamigraf.com\/#\/schema\/logo\/image\/","url":"https:\/\/www.lamigraf.com\/wp-content\/uploads\/2024\/05\/Logo-white.svg","contentUrl":"https:\/\/www.lamigraf.com\/wp-content\/uploads\/2024\/05\/Logo-white.svg","width":147,"height":36,"caption":"Lamigraf"},"image":{"@id":"https:\/\/www.lamigraf.com\/#\/schema\/logo\/image\/"}}]}},"_links":{"self":[{"href":"https:\/\/www.lamigraf.com\/es\/wp-json\/wp\/v2\/pages\/76896","targetHints":{"allow":["GET"]}}],"collection":[{"href":"https:\/\/www.lamigraf.com\/es\/wp-json\/wp\/v2\/pages"}],"about":[{"href":"https:\/\/www.lamigraf.com\/es\/wp-json\/wp\/v2\/types\/page"}],"author":[{"embeddable":true,"href":"https:\/\/www.lamigraf.com\/es\/wp-json\/wp\/v2\/users\/1"}],"replies":[{"embeddable":true,"href":"https:\/\/www.lamigraf.com\/es\/wp-json\/wp\/v2\/comments?post=76896"}],"version-history":[{"count":4,"href":"https:\/\/www.lamigraf.com\/es\/wp-json\/wp\/v2\/pages\/76896\/revisions"}],"predecessor-version":[{"id":86940,"href":"https:\/\/www.lamigraf.com\/es\/wp-json\/wp\/v2\/pages\/76896\/revisions\/86940"}],"wp:attachment":[{"href":"https:\/\/www.lamigraf.com\/es\/wp-json\/wp\/v2\/media?parent=76896"}],"curies":[{"name":"wp","href":"https:\/\/api.w.org\/{rel}","templated":true}]}}