{"id":117127,"date":"2026-02-10T12:29:37","date_gmt":"2026-02-10T11:29:37","guid":{"rendered":"https:\/\/www.lamigraf.com\/?post_type=product&#038;p=117127"},"modified":"2026-02-10T12:29:37","modified_gmt":"2026-02-10T11:29:37","slug":"litha","status":"publish","type":"product","link":"https:\/\/www.lamigraf.com\/es\/disenos\/litha\/","title":{"rendered":"LITHA"},"content":{"rendered":"\n<p>Litha es un dise\u00f1o de piedra que encarna la serenidad y la sofisticaci\u00f3n. Sus tonos claros y c\u00e1lidos, con suaves matices beige y cremosos, transmiten una sensaci\u00f3n de calma y equilibrio visual. Las delicadas vetas difuminadas a\u00f1aden profundidad sin dominar la superficie, en l\u00ednea con la tendencia actual hacia materiales m\u00e1s sobrios y elegantes. El aspecto natural y refinado de \u00d2nix lo convierte en una opci\u00f3n ideal para interiores contempor\u00e1neos que buscan luminosidad, amplitud y una sensaci\u00f3n de bienestar. Su est\u00e9tica tranquila se integra a la perfecci\u00f3n en espacios minimalistas, org\u00e1nicos, de inspiraci\u00f3n japonesa o mediterr\u00e1nea, donde los materiales realzan el entorno sin dominarlo.<\/p>\n\n\n\n<p><\/p>\n","protected":false},"excerpt":{"rendered":"<p>Litha es un dise\u00f1o de piedra que encarna la serenidad y la sofisticaci\u00f3n. Sus tonos claros y c\u00e1lidos, con suaves matices beige y cremosos, transmiten una sensaci\u00f3n de calma y equilibrio visual. Las delicadas vetas difuminadas a\u00f1aden profundidad sin dominar la superficie, en l\u00ednea con la tendencia actual hacia materiales m\u00e1s sobrios y elegantes. El [&hellip;]<\/p>\n","protected":false},"featured_media":117077,"template":"","meta":{"_acf_changed":false,"_gspb_post_css":"","footnotes":""},"applications":[689],"design-types":[840],"characteristics":[],"appearance":[],"class_list":["post-117127","product","type-product","status-publish","has-post-thumbnail","hentry","product_applications-muebles","product_type-stones-es"],"acf":{"code":"3167","peripheral_development":"1,300","axial_development":"2,200","cylinders":"3","data_sheet":117056,"collections":[{"code":"3167-0101","thumbnail":117063,"render":117150},{"code":"3167-0102","thumbnail":117070,"render":""},{"code":"3167-0201","thumbnail":117077,"render":""},{"code":"3167-0301","thumbnail":117084,"render":117157},{"code":"3167-302","thumbnail":117091,"render":117143}],"usages":[117098,117105],"inspiration":{"top":{"title":"","thumbnail":117164,"reference":"3092-303"},"bottom_title":""},"hover_image":117105,"eir":"","collaborator":{"name":"","link":""},"synchro_wood":false,"novedad":true},"yoast_head":"<!-- This site is optimized with the Yoast SEO plugin v25.2 - https:\/\/yoast.com\/wordpress\/plugins\/seo\/ -->\n<title>LITHA - Lamigraf<\/title>\n<meta name=\"robots\" content=\"index, follow, max-snippet:-1, max-image-preview:large, max-video-preview:-1\" \/>\n<link rel=\"canonical\" href=\"https:\/\/www.lamigraf.com\/es\/disenos\/litha\/\" \/>\n<meta property=\"og:locale\" content=\"es_ES\" \/>\n<meta property=\"og:type\" content=\"article\" \/>\n<meta property=\"og:title\" content=\"LITHA - Lamigraf\" \/>\n<meta property=\"og:description\" content=\"Litha es un dise\u00f1o de piedra que encarna la serenidad y la sofisticaci\u00f3n. Sus tonos claros y c\u00e1lidos, con suaves matices beige y cremosos, transmiten una sensaci\u00f3n de calma y equilibrio visual. Las delicadas vetas difuminadas a\u00f1aden profundidad sin dominar la superficie, en l\u00ednea con la tendencia actual hacia materiales m\u00e1s sobrios y elegantes. El [&hellip;]\" \/>\n<meta property=\"og:url\" content=\"https:\/\/www.lamigraf.com\/es\/disenos\/litha\/\" \/>\n<meta property=\"og:site_name\" content=\"Lamigraf\" \/>\n<meta property=\"og:image\" content=\"https:\/\/www.lamigraf.com\/wp-content\/uploads\/2026\/02\/03167-0201-red-scaled.jpg\" \/>\n\t<meta property=\"og:image:width\" content=\"2560\" \/>\n\t<meta property=\"og:image:height\" content=\"1513\" \/>\n\t<meta property=\"og:image:type\" content=\"image\/jpeg\" \/>\n<meta name=\"twitter:card\" content=\"summary_large_image\" \/>\n<meta name=\"twitter:label1\" content=\"Tiempo de lectura\" \/>\n\t<meta name=\"twitter:data1\" content=\"1 minuto\" \/>\n<script type=\"application\/ld+json\" class=\"yoast-schema-graph\">{\"@context\":\"https:\/\/schema.org\",\"@graph\":[{\"@type\":\"WebPage\",\"@id\":\"https:\/\/www.lamigraf.com\/es\/disenos\/litha\/\",\"url\":\"https:\/\/www.lamigraf.com\/es\/disenos\/litha\/\",\"name\":\"LITHA - Lamigraf\",\"isPartOf\":{\"@id\":\"https:\/\/www.lamigraf.com\/#website\"},\"primaryImageOfPage\":{\"@id\":\"https:\/\/www.lamigraf.com\/es\/disenos\/litha\/#primaryimage\"},\"image\":{\"@id\":\"https:\/\/www.lamigraf.com\/es\/disenos\/litha\/#primaryimage\"},\"thumbnailUrl\":\"https:\/\/www.lamigraf.com\/wp-content\/uploads\/2026\/02\/03167-0201-red-scaled.jpg\",\"datePublished\":\"2026-02-10T11:29:37+00:00\",\"breadcrumb\":{\"@id\":\"https:\/\/www.lamigraf.com\/es\/disenos\/litha\/#breadcrumb\"},\"inLanguage\":\"es\",\"potentialAction\":[{\"@type\":\"ReadAction\",\"target\":[\"https:\/\/www.lamigraf.com\/es\/disenos\/litha\/\"]}]},{\"@type\":\"ImageObject\",\"inLanguage\":\"es\",\"@id\":\"https:\/\/www.lamigraf.com\/es\/disenos\/litha\/#primaryimage\",\"url\":\"https:\/\/www.lamigraf.com\/wp-content\/uploads\/2026\/02\/03167-0201-red-scaled.jpg\",\"contentUrl\":\"https:\/\/www.lamigraf.com\/wp-content\/uploads\/2026\/02\/03167-0201-red-scaled.jpg\",\"width\":2560,\"height\":1513},{\"@type\":\"BreadcrumbList\",\"@id\":\"https:\/\/www.lamigraf.com\/es\/disenos\/litha\/#breadcrumb\",\"itemListElement\":[{\"@type\":\"ListItem\",\"position\":1,\"name\":\"Home\",\"item\":\"https:\/\/www.lamigraf.com\/es\/\"},{\"@type\":\"ListItem\",\"position\":2,\"name\":\"Designs\",\"item\":\"https:\/\/www.lamigraf.com\/designs\/\"},{\"@type\":\"ListItem\",\"position\":3,\"name\":\"LITHA\"}]},{\"@type\":\"WebSite\",\"@id\":\"https:\/\/www.lamigraf.com\/#website\",\"url\":\"https:\/\/www.lamigraf.com\/\",\"name\":\"Lamigraf\",\"description\":\"\",\"publisher\":{\"@id\":\"https:\/\/www.lamigraf.com\/#organization\"},\"potentialAction\":[{\"@type\":\"SearchAction\",\"target\":{\"@type\":\"EntryPoint\",\"urlTemplate\":\"https:\/\/www.lamigraf.com\/?s={search_term_string}\"},\"query-input\":{\"@type\":\"PropertyValueSpecification\",\"valueRequired\":true,\"valueName\":\"search_term_string\"}}],\"inLanguage\":\"es\"},{\"@type\":\"Organization\",\"@id\":\"https:\/\/www.lamigraf.com\/#organization\",\"name\":\"Lamigraf\",\"url\":\"https:\/\/www.lamigraf.com\/\",\"logo\":{\"@type\":\"ImageObject\",\"inLanguage\":\"es\",\"@id\":\"https:\/\/www.lamigraf.com\/#\/schema\/logo\/image\/\",\"url\":\"https:\/\/www.lamigraf.com\/wp-content\/uploads\/2024\/05\/Logo-white.svg\",\"contentUrl\":\"https:\/\/www.lamigraf.com\/wp-content\/uploads\/2024\/05\/Logo-white.svg\",\"width\":147,\"height\":36,\"caption\":\"Lamigraf\"},\"image\":{\"@id\":\"https:\/\/www.lamigraf.com\/#\/schema\/logo\/image\/\"}}]}<\/script>\n<!-- \/ Yoast SEO plugin. -->","yoast_head_json":{"title":"LITHA - Lamigraf","robots":{"index":"index","follow":"follow","max-snippet":"max-snippet:-1","max-image-preview":"max-image-preview:large","max-video-preview":"max-video-preview:-1"},"canonical":"https:\/\/www.lamigraf.com\/es\/disenos\/litha\/","og_locale":"es_ES","og_type":"article","og_title":"LITHA - Lamigraf","og_description":"Litha es un dise\u00f1o de piedra que encarna la serenidad y la sofisticaci\u00f3n. Sus tonos claros y c\u00e1lidos, con suaves matices beige y cremosos, transmiten una sensaci\u00f3n de calma y equilibrio visual. Las delicadas vetas difuminadas a\u00f1aden profundidad sin dominar la superficie, en l\u00ednea con la tendencia actual hacia materiales m\u00e1s sobrios y elegantes. El [&hellip;]","og_url":"https:\/\/www.lamigraf.com\/es\/disenos\/litha\/","og_site_name":"Lamigraf","og_image":[{"width":2560,"height":1513,"url":"https:\/\/www.lamigraf.com\/wp-content\/uploads\/2026\/02\/03167-0201-red-scaled.jpg","type":"image\/jpeg"}],"twitter_card":"summary_large_image","twitter_misc":{"Tiempo de lectura":"1 minuto"},"schema":{"@context":"https:\/\/schema.org","@graph":[{"@type":"WebPage","@id":"https:\/\/www.lamigraf.com\/es\/disenos\/litha\/","url":"https:\/\/www.lamigraf.com\/es\/disenos\/litha\/","name":"LITHA - Lamigraf","isPartOf":{"@id":"https:\/\/www.lamigraf.com\/#website"},"primaryImageOfPage":{"@id":"https:\/\/www.lamigraf.com\/es\/disenos\/litha\/#primaryimage"},"image":{"@id":"https:\/\/www.lamigraf.com\/es\/disenos\/litha\/#primaryimage"},"thumbnailUrl":"https:\/\/www.lamigraf.com\/wp-content\/uploads\/2026\/02\/03167-0201-red-scaled.jpg","datePublished":"2026-02-10T11:29:37+00:00","breadcrumb":{"@id":"https:\/\/www.lamigraf.com\/es\/disenos\/litha\/#breadcrumb"},"inLanguage":"es","potentialAction":[{"@type":"ReadAction","target":["https:\/\/www.lamigraf.com\/es\/disenos\/litha\/"]}]},{"@type":"ImageObject","inLanguage":"es","@id":"https:\/\/www.lamigraf.com\/es\/disenos\/litha\/#primaryimage","url":"https:\/\/www.lamigraf.com\/wp-content\/uploads\/2026\/02\/03167-0201-red-scaled.jpg","contentUrl":"https:\/\/www.lamigraf.com\/wp-content\/uploads\/2026\/02\/03167-0201-red-scaled.jpg","width":2560,"height":1513},{"@type":"BreadcrumbList","@id":"https:\/\/www.lamigraf.com\/es\/disenos\/litha\/#breadcrumb","itemListElement":[{"@type":"ListItem","position":1,"name":"Home","item":"https:\/\/www.lamigraf.com\/es\/"},{"@type":"ListItem","position":2,"name":"Designs","item":"https:\/\/www.lamigraf.com\/designs\/"},{"@type":"ListItem","position":3,"name":"LITHA"}]},{"@type":"WebSite","@id":"https:\/\/www.lamigraf.com\/#website","url":"https:\/\/www.lamigraf.com\/","name":"Lamigraf","description":"","publisher":{"@id":"https:\/\/www.lamigraf.com\/#organization"},"potentialAction":[{"@type":"SearchAction","target":{"@type":"EntryPoint","urlTemplate":"https:\/\/www.lamigraf.com\/?s={search_term_string}"},"query-input":{"@type":"PropertyValueSpecification","valueRequired":true,"valueName":"search_term_string"}}],"inLanguage":"es"},{"@type":"Organization","@id":"https:\/\/www.lamigraf.com\/#organization","name":"Lamigraf","url":"https:\/\/www.lamigraf.com\/","logo":{"@type":"ImageObject","inLanguage":"es","@id":"https:\/\/www.lamigraf.com\/#\/schema\/logo\/image\/","url":"https:\/\/www.lamigraf.com\/wp-content\/uploads\/2024\/05\/Logo-white.svg","contentUrl":"https:\/\/www.lamigraf.com\/wp-content\/uploads\/2024\/05\/Logo-white.svg","width":147,"height":36,"caption":"Lamigraf"},"image":{"@id":"https:\/\/www.lamigraf.com\/#\/schema\/logo\/image\/"}}]}},"_links":{"self":[{"href":"https:\/\/www.lamigraf.com\/es\/wp-json\/wp\/v2\/product\/117127","targetHints":{"allow":["GET"]}}],"collection":[{"href":"https:\/\/www.lamigraf.com\/es\/wp-json\/wp\/v2\/product"}],"about":[{"href":"https:\/\/www.lamigraf.com\/es\/wp-json\/wp\/v2\/types\/product"}],"version-history":[{"count":1,"href":"https:\/\/www.lamigraf.com\/es\/wp-json\/wp\/v2\/product\/117127\/revisions"}],"predecessor-version":[{"id":117128,"href":"https:\/\/www.lamigraf.com\/es\/wp-json\/wp\/v2\/product\/117127\/revisions\/117128"}],"acf:attachment":[{"embeddable":true,"href":"https:\/\/www.lamigraf.com\/es\/wp-json\/wp\/v2\/media\/117105"},{"embeddable":true,"href":"https:\/\/www.lamigraf.com\/es\/wp-json\/wp\/v2\/media\/117098"}],"wp:featuredmedia":[{"embeddable":true,"href":"https:\/\/www.lamigraf.com\/es\/wp-json\/wp\/v2\/media\/117077"}],"wp:attachment":[{"href":"https:\/\/www.lamigraf.com\/es\/wp-json\/wp\/v2\/media?parent=117127"}],"wp:term":[{"taxonomy":"product_applications","embeddable":true,"href":"https:\/\/www.lamigraf.com\/es\/wp-json\/wp\/v2\/applications?post=117127"},{"taxonomy":"product_type","embeddable":true,"href":"https:\/\/www.lamigraf.com\/es\/wp-json\/wp\/v2\/design-types?post=117127"},{"taxonomy":"product_characteristics","embeddable":true,"href":"https:\/\/www.lamigraf.com\/es\/wp-json\/wp\/v2\/characteristics?post=117127"},{"taxonomy":"product_apparence","embeddable":true,"href":"https:\/\/www.lamigraf.com\/es\/wp-json\/wp\/v2\/appearance?post=117127"}],"curies":[{"name":"wp","href":"https:\/\/api.w.org\/{rel}","templated":true}]}}