{"id":118433,"date":"2026-04-30T13:17:31","date_gmt":"2026-04-30T11:17:31","guid":{"rendered":"https:\/\/www.lamigraf.com\/?post_type=product&#038;p=118433"},"modified":"2026-04-30T13:17:31","modified_gmt":"2026-04-30T11:17:31","slug":"nobara","status":"publish","type":"product","link":"https:\/\/www.lamigraf.com\/es\/disenos\/nobara\/","title":{"rendered":"NOBARA"},"content":{"rendered":"\n<p>Nobara es un dise\u00f1o de roble contempor\u00e1neo que combina linealidad estructurada con catedrales suaves, generando un equilibrio natural entre orden y movimiento.<\/p>\n\n\n\n<p>Su car\u00e1cter se define por una composici\u00f3n donde la veta lineal se intercala con zonas de catedral de transici\u00f3n fluida, creando un ritmo visual sutil y continuo. Esta construcci\u00f3n permite una lectura limpia, evitando contrastes agresivos y aportando una sensaci\u00f3n de calma y sofisticaci\u00f3n.<\/p>\n\n\n\n<p>El desarrollo crom\u00e1tico abarca una gama de tonos de claros a oscuros, manteniendo coherencia visual en toda la colecci\u00f3n gracias a un tratamiento del color progresivo y natural.<\/p>\n\n\n\n<p>Un aspecto diferencial del dise\u00f1o es su inspiraci\u00f3n en procesos artesanales:<br>el acabado evoca un tratamiento con ingredientes naturales,basado en vinagre y acero, que reacciona con la madera para generar tonalidades aut\u00e9nticas y matices profundos. Este proceso se complementa con un ligero efecto cepillado, que aporta textura t\u00e1ctil y realza la direcci\u00f3n de la veta sin exagerarla.<\/p>\n\n\n\n<p>El resultado es un dise\u00f1o de apariencia natural, matizada y contempor\u00e1nea, donde la textura y el color trabajan de forma integrada.<\/p>\n\n\n\n<p><\/p>\n","protected":false},"excerpt":{"rendered":"<p>Nobara es un dise\u00f1o de roble contempor\u00e1neo que combina linealidad estructurada con catedrales suaves, generando un equilibrio natural entre orden y movimiento. Su car\u00e1cter se define por una composici\u00f3n donde la veta lineal se intercala con zonas de catedral de transici\u00f3n fluida, creando un ritmo visual sutil y continuo. Esta construcci\u00f3n permite una lectura limpia, [&hellip;]<\/p>\n","protected":false},"featured_media":118442,"template":"","meta":{"_acf_changed":false,"_gspb_post_css":"","footnotes":""},"applications":[],"design-types":[],"characteristics":[],"appearance":[],"class_list":["post-118433","product","type-product","status-publish","has-post-thumbnail","hentry"],"acf":{"code":"","peripheral_development":"","axial_development":"","cylinders":"","data_sheet":"","collections":[{"code":"3201-0302","thumbnail":118442,"render":""},{"code":"3201-0201","thumbnail":118449,"render":""},{"code":"3201-0301","thumbnail":118456,"render":""},{"code":"3201-0303","thumbnail":118464,"render":""},{"code":"3201-0304","thumbnail":118471,"render":""}],"usages":[118478,118485],"inspiration":{"top":{"title":"","thumbnail":"","reference":""},"bottom_title":""},"hover_image":118478,"eir":"","collaborator":{"name":"","link":""},"synchro_wood":false,"novedad":true},"yoast_head":"<!-- This site is optimized with the Yoast SEO plugin v25.2 - https:\/\/yoast.com\/wordpress\/plugins\/seo\/ -->\n<title>NOBARA - Lamigraf<\/title>\n<meta name=\"robots\" content=\"index, follow, max-snippet:-1, max-image-preview:large, max-video-preview:-1\" \/>\n<link rel=\"canonical\" href=\"https:\/\/www.lamigraf.com\/es\/disenos\/nobara\/\" \/>\n<meta property=\"og:locale\" content=\"es_ES\" \/>\n<meta property=\"og:type\" content=\"article\" \/>\n<meta property=\"og:title\" content=\"NOBARA - Lamigraf\" \/>\n<meta property=\"og:description\" content=\"Nobara es un dise\u00f1o de roble contempor\u00e1neo que combina linealidad estructurada con catedrales suaves, generando un equilibrio natural entre orden y movimiento. Su car\u00e1cter se define por una composici\u00f3n donde la veta lineal se intercala con zonas de catedral de transici\u00f3n fluida, creando un ritmo visual sutil y continuo. Esta construcci\u00f3n permite una lectura limpia, [&hellip;]\" \/>\n<meta property=\"og:url\" content=\"https:\/\/www.lamigraf.com\/es\/disenos\/nobara\/\" \/>\n<meta property=\"og:site_name\" content=\"Lamigraf\" \/>\n<meta property=\"og:image\" content=\"https:\/\/www.lamigraf.com\/wp-content\/uploads\/2026\/04\/03201-0302-red-scaled.jpg\" \/>\n\t<meta property=\"og:image:width\" content=\"2560\" \/>\n\t<meta property=\"og:image:height\" content=\"1513\" \/>\n\t<meta property=\"og:image:type\" content=\"image\/jpeg\" \/>\n<meta name=\"twitter:card\" content=\"summary_large_image\" \/>\n<meta name=\"twitter:label1\" content=\"Tiempo de lectura\" \/>\n\t<meta name=\"twitter:data1\" content=\"1 minuto\" \/>\n<script type=\"application\/ld+json\" class=\"yoast-schema-graph\">{\"@context\":\"https:\/\/schema.org\",\"@graph\":[{\"@type\":\"WebPage\",\"@id\":\"https:\/\/www.lamigraf.com\/es\/disenos\/nobara\/\",\"url\":\"https:\/\/www.lamigraf.com\/es\/disenos\/nobara\/\",\"name\":\"NOBARA - Lamigraf\",\"isPartOf\":{\"@id\":\"https:\/\/www.lamigraf.com\/#website\"},\"primaryImageOfPage\":{\"@id\":\"https:\/\/www.lamigraf.com\/es\/disenos\/nobara\/#primaryimage\"},\"image\":{\"@id\":\"https:\/\/www.lamigraf.com\/es\/disenos\/nobara\/#primaryimage\"},\"thumbnailUrl\":\"https:\/\/www.lamigraf.com\/wp-content\/uploads\/2026\/04\/03201-0302-red-scaled.jpg\",\"datePublished\":\"2026-04-30T11:17:31+00:00\",\"breadcrumb\":{\"@id\":\"https:\/\/www.lamigraf.com\/es\/disenos\/nobara\/#breadcrumb\"},\"inLanguage\":\"es\",\"potentialAction\":[{\"@type\":\"ReadAction\",\"target\":[\"https:\/\/www.lamigraf.com\/es\/disenos\/nobara\/\"]}]},{\"@type\":\"ImageObject\",\"inLanguage\":\"es\",\"@id\":\"https:\/\/www.lamigraf.com\/es\/disenos\/nobara\/#primaryimage\",\"url\":\"https:\/\/www.lamigraf.com\/wp-content\/uploads\/2026\/04\/03201-0302-red-scaled.jpg\",\"contentUrl\":\"https:\/\/www.lamigraf.com\/wp-content\/uploads\/2026\/04\/03201-0302-red-scaled.jpg\",\"width\":2560,\"height\":1513},{\"@type\":\"BreadcrumbList\",\"@id\":\"https:\/\/www.lamigraf.com\/es\/disenos\/nobara\/#breadcrumb\",\"itemListElement\":[{\"@type\":\"ListItem\",\"position\":1,\"name\":\"Home\",\"item\":\"https:\/\/www.lamigraf.com\/es\/\"},{\"@type\":\"ListItem\",\"position\":2,\"name\":\"Designs\",\"item\":\"https:\/\/www.lamigraf.com\/designs\/\"},{\"@type\":\"ListItem\",\"position\":3,\"name\":\"NOBARA\"}]},{\"@type\":\"WebSite\",\"@id\":\"https:\/\/www.lamigraf.com\/#website\",\"url\":\"https:\/\/www.lamigraf.com\/\",\"name\":\"Lamigraf\",\"description\":\"\",\"publisher\":{\"@id\":\"https:\/\/www.lamigraf.com\/#organization\"},\"potentialAction\":[{\"@type\":\"SearchAction\",\"target\":{\"@type\":\"EntryPoint\",\"urlTemplate\":\"https:\/\/www.lamigraf.com\/?s={search_term_string}\"},\"query-input\":{\"@type\":\"PropertyValueSpecification\",\"valueRequired\":true,\"valueName\":\"search_term_string\"}}],\"inLanguage\":\"es\"},{\"@type\":\"Organization\",\"@id\":\"https:\/\/www.lamigraf.com\/#organization\",\"name\":\"Lamigraf\",\"url\":\"https:\/\/www.lamigraf.com\/\",\"logo\":{\"@type\":\"ImageObject\",\"inLanguage\":\"es\",\"@id\":\"https:\/\/www.lamigraf.com\/#\/schema\/logo\/image\/\",\"url\":\"https:\/\/www.lamigraf.com\/wp-content\/uploads\/2024\/05\/Logo-white.svg\",\"contentUrl\":\"https:\/\/www.lamigraf.com\/wp-content\/uploads\/2024\/05\/Logo-white.svg\",\"width\":147,\"height\":36,\"caption\":\"Lamigraf\"},\"image\":{\"@id\":\"https:\/\/www.lamigraf.com\/#\/schema\/logo\/image\/\"}}]}<\/script>\n<!-- \/ Yoast SEO plugin. -->","yoast_head_json":{"title":"NOBARA - Lamigraf","robots":{"index":"index","follow":"follow","max-snippet":"max-snippet:-1","max-image-preview":"max-image-preview:large","max-video-preview":"max-video-preview:-1"},"canonical":"https:\/\/www.lamigraf.com\/es\/disenos\/nobara\/","og_locale":"es_ES","og_type":"article","og_title":"NOBARA - Lamigraf","og_description":"Nobara es un dise\u00f1o de roble contempor\u00e1neo que combina linealidad estructurada con catedrales suaves, generando un equilibrio natural entre orden y movimiento. Su car\u00e1cter se define por una composici\u00f3n donde la veta lineal se intercala con zonas de catedral de transici\u00f3n fluida, creando un ritmo visual sutil y continuo. Esta construcci\u00f3n permite una lectura limpia, [&hellip;]","og_url":"https:\/\/www.lamigraf.com\/es\/disenos\/nobara\/","og_site_name":"Lamigraf","og_image":[{"width":2560,"height":1513,"url":"https:\/\/www.lamigraf.com\/wp-content\/uploads\/2026\/04\/03201-0302-red-scaled.jpg","type":"image\/jpeg"}],"twitter_card":"summary_large_image","twitter_misc":{"Tiempo de lectura":"1 minuto"},"schema":{"@context":"https:\/\/schema.org","@graph":[{"@type":"WebPage","@id":"https:\/\/www.lamigraf.com\/es\/disenos\/nobara\/","url":"https:\/\/www.lamigraf.com\/es\/disenos\/nobara\/","name":"NOBARA - Lamigraf","isPartOf":{"@id":"https:\/\/www.lamigraf.com\/#website"},"primaryImageOfPage":{"@id":"https:\/\/www.lamigraf.com\/es\/disenos\/nobara\/#primaryimage"},"image":{"@id":"https:\/\/www.lamigraf.com\/es\/disenos\/nobara\/#primaryimage"},"thumbnailUrl":"https:\/\/www.lamigraf.com\/wp-content\/uploads\/2026\/04\/03201-0302-red-scaled.jpg","datePublished":"2026-04-30T11:17:31+00:00","breadcrumb":{"@id":"https:\/\/www.lamigraf.com\/es\/disenos\/nobara\/#breadcrumb"},"inLanguage":"es","potentialAction":[{"@type":"ReadAction","target":["https:\/\/www.lamigraf.com\/es\/disenos\/nobara\/"]}]},{"@type":"ImageObject","inLanguage":"es","@id":"https:\/\/www.lamigraf.com\/es\/disenos\/nobara\/#primaryimage","url":"https:\/\/www.lamigraf.com\/wp-content\/uploads\/2026\/04\/03201-0302-red-scaled.jpg","contentUrl":"https:\/\/www.lamigraf.com\/wp-content\/uploads\/2026\/04\/03201-0302-red-scaled.jpg","width":2560,"height":1513},{"@type":"BreadcrumbList","@id":"https:\/\/www.lamigraf.com\/es\/disenos\/nobara\/#breadcrumb","itemListElement":[{"@type":"ListItem","position":1,"name":"Home","item":"https:\/\/www.lamigraf.com\/es\/"},{"@type":"ListItem","position":2,"name":"Designs","item":"https:\/\/www.lamigraf.com\/designs\/"},{"@type":"ListItem","position":3,"name":"NOBARA"}]},{"@type":"WebSite","@id":"https:\/\/www.lamigraf.com\/#website","url":"https:\/\/www.lamigraf.com\/","name":"Lamigraf","description":"","publisher":{"@id":"https:\/\/www.lamigraf.com\/#organization"},"potentialAction":[{"@type":"SearchAction","target":{"@type":"EntryPoint","urlTemplate":"https:\/\/www.lamigraf.com\/?s={search_term_string}"},"query-input":{"@type":"PropertyValueSpecification","valueRequired":true,"valueName":"search_term_string"}}],"inLanguage":"es"},{"@type":"Organization","@id":"https:\/\/www.lamigraf.com\/#organization","name":"Lamigraf","url":"https:\/\/www.lamigraf.com\/","logo":{"@type":"ImageObject","inLanguage":"es","@id":"https:\/\/www.lamigraf.com\/#\/schema\/logo\/image\/","url":"https:\/\/www.lamigraf.com\/wp-content\/uploads\/2024\/05\/Logo-white.svg","contentUrl":"https:\/\/www.lamigraf.com\/wp-content\/uploads\/2024\/05\/Logo-white.svg","width":147,"height":36,"caption":"Lamigraf"},"image":{"@id":"https:\/\/www.lamigraf.com\/#\/schema\/logo\/image\/"}}]}},"_links":{"self":[{"href":"https:\/\/www.lamigraf.com\/es\/wp-json\/wp\/v2\/product\/118433","targetHints":{"allow":["GET"]}}],"collection":[{"href":"https:\/\/www.lamigraf.com\/es\/wp-json\/wp\/v2\/product"}],"about":[{"href":"https:\/\/www.lamigraf.com\/es\/wp-json\/wp\/v2\/types\/product"}],"version-history":[{"count":4,"href":"https:\/\/www.lamigraf.com\/es\/wp-json\/wp\/v2\/product\/118433\/revisions"}],"predecessor-version":[{"id":118493,"href":"https:\/\/www.lamigraf.com\/es\/wp-json\/wp\/v2\/product\/118433\/revisions\/118493"}],"acf:attachment":[{"embeddable":true,"href":"https:\/\/www.lamigraf.com\/es\/wp-json\/wp\/v2\/media\/118485"},{"embeddable":true,"href":"https:\/\/www.lamigraf.com\/es\/wp-json\/wp\/v2\/media\/118478"}],"wp:featuredmedia":[{"embeddable":true,"href":"https:\/\/www.lamigraf.com\/es\/wp-json\/wp\/v2\/media\/118442"}],"wp:attachment":[{"href":"https:\/\/www.lamigraf.com\/es\/wp-json\/wp\/v2\/media?parent=118433"}],"wp:term":[{"taxonomy":"product_applications","embeddable":true,"href":"https:\/\/www.lamigraf.com\/es\/wp-json\/wp\/v2\/applications?post=118433"},{"taxonomy":"product_type","embeddable":true,"href":"https:\/\/www.lamigraf.com\/es\/wp-json\/wp\/v2\/design-types?post=118433"},{"taxonomy":"product_characteristics","embeddable":true,"href":"https:\/\/www.lamigraf.com\/es\/wp-json\/wp\/v2\/characteristics?post=118433"},{"taxonomy":"product_apparence","embeddable":true,"href":"https:\/\/www.lamigraf.com\/es\/wp-json\/wp\/v2\/appearance?post=118433"}],"curies":[{"name":"wp","href":"https:\/\/api.w.org\/{rel}","templated":true}]}}