{"id":12252,"date":"2024-06-07T09:50:43","date_gmt":"2024-06-07T07:50:43","guid":{"rendered":"http:\/\/lamigraf.com\/designs\/wimberley-oak-2\/"},"modified":"2025-04-23T15:44:13","modified_gmt":"2025-04-23T13:44:13","slug":"wimberley-oak-2","status":"publish","type":"product","link":"https:\/\/www.lamigraf.com\/es\/disenos\/wimberley-oak-2\/","title":{"rendered":"WIMBERLEY OAK"},"content":{"rendered":"\n<p>Encontrar un roble distintivo y reconocible es cada vez m\u00e1s dif\u00edcil. Aqu\u00ed tenemos un roble con caracter\u00edsticas conocidas, pero con una interpretaci\u00f3n completamente nueva. Un roble tratado t\u00e9rmicamente de forma suave, con una imagen de madera m\u00e1s calmada y un sutil corte de sierra con apariencia textil que permanece en segundo plano y aporta al dise\u00f1o un estilo r\u00fastico muy elegante.<\/p>\n","protected":false},"excerpt":{"rendered":"<p>Encontrar un roble distintivo y reconocible es cada vez m\u00e1s dif\u00edcil. Aqu\u00ed tenemos un roble con caracter\u00edsticas conocidas, pero con una interpretaci\u00f3n completamente nueva. Un roble tratado t\u00e9rmicamente de forma suave, con una imagen de madera m\u00e1s calmada y un sutil corte de sierra con apariencia textil que permanece en segundo plano y aporta al [&hellip;]<\/p>\n","protected":false},"featured_media":15694,"template":"","meta":{"_acf_changed":false,"_gspb_post_css":"","footnotes":""},"applications":[8,689],"design-types":[813,604,705],"characteristics":[],"appearance":[778,359,782,357],"class_list":["post-12252","product","type-product","status-publish","has-post-thumbnail","hentry","product_applications-furniture","product_applications-muebles","product_type-wood-es","product_type-oak","product_type-oak-es","product_apparence-thermally-treated-es","product_apparence-brushed","product_apparence-brushed-es","product_apparence-thermally-treated"],"acf":{"code":"2783","peripheral_development":"1300","axial_development":"702","cylinders":"3","data_sheet":78832,"collections":[{"code":"2783-0201","thumbnail":85038,"render":78468},{"code":"2783-0301","thumbnail":85044,"render":78474},{"code":"2783-0302","thumbnail":85050,"render":78480},{"code":"2783-0303","thumbnail":85056,"render":78486},{"code":"2783-0304","thumbnail":85062,"render":78492}],"usages":[15706,78492],"inspiration":{"top":{"title":"Estantes","thumbnail":15629,"reference":"02782-0311"},"bottom_title":"Escritorio"},"hover_image":15706,"eir":"","collaborator":{"name":"","link":""},"synchro_wood":false,"novedad":false},"yoast_head":"<!-- This site is optimized with the Yoast SEO plugin v25.2 - https:\/\/yoast.com\/wordpress\/plugins\/seo\/ -->\n<title>WIMBERLEY OAK - Lamigraf<\/title>\n<meta name=\"robots\" content=\"index, follow, max-snippet:-1, max-image-preview:large, max-video-preview:-1\" \/>\n<link rel=\"canonical\" href=\"https:\/\/www.lamigraf.com\/es\/disenos\/wimberley-oak-2\/\" \/>\n<meta property=\"og:locale\" content=\"es_ES\" \/>\n<meta property=\"og:type\" content=\"article\" \/>\n<meta property=\"og:title\" content=\"WIMBERLEY OAK - Lamigraf\" \/>\n<meta property=\"og:description\" content=\"Encontrar un roble distintivo y reconocible es cada vez m\u00e1s dif\u00edcil. Aqu\u00ed tenemos un roble con caracter\u00edsticas conocidas, pero con una interpretaci\u00f3n completamente nueva. Un roble tratado t\u00e9rmicamente de forma suave, con una imagen de madera m\u00e1s calmada y un sutil corte de sierra con apariencia textil que permanece en segundo plano y aporta al [&hellip;]\" \/>\n<meta property=\"og:url\" content=\"https:\/\/www.lamigraf.com\/es\/disenos\/wimberley-oak-2\/\" \/>\n<meta property=\"og:site_name\" content=\"Lamigraf\" \/>\n<meta property=\"article:modified_time\" content=\"2025-04-23T13:44:13+00:00\" \/>\n<meta property=\"og:image\" content=\"https:\/\/www.lamigraf.com\/wp-content\/uploads\/2024\/06\/02783-O-scaled.jpg\" \/>\n\t<meta property=\"og:image:width\" content=\"1383\" \/>\n\t<meta property=\"og:image:height\" content=\"2560\" \/>\n\t<meta property=\"og:image:type\" content=\"image\/jpeg\" \/>\n<meta name=\"twitter:card\" content=\"summary_large_image\" \/>\n<meta name=\"twitter:label1\" content=\"Tiempo de lectura\" \/>\n\t<meta name=\"twitter:data1\" content=\"1 minuto\" \/>\n<script type=\"application\/ld+json\" class=\"yoast-schema-graph\">{\"@context\":\"https:\/\/schema.org\",\"@graph\":[{\"@type\":\"WebPage\",\"@id\":\"https:\/\/www.lamigraf.com\/es\/disenos\/wimberley-oak-2\/\",\"url\":\"https:\/\/www.lamigraf.com\/es\/disenos\/wimberley-oak-2\/\",\"name\":\"WIMBERLEY OAK - Lamigraf\",\"isPartOf\":{\"@id\":\"https:\/\/www.lamigraf.com\/#website\"},\"primaryImageOfPage\":{\"@id\":\"https:\/\/www.lamigraf.com\/es\/disenos\/wimberley-oak-2\/#primaryimage\"},\"image\":{\"@id\":\"https:\/\/www.lamigraf.com\/es\/disenos\/wimberley-oak-2\/#primaryimage\"},\"thumbnailUrl\":\"https:\/\/www.lamigraf.com\/wp-content\/uploads\/2024\/06\/02783-O-scaled.jpg\",\"datePublished\":\"2024-06-07T07:50:43+00:00\",\"dateModified\":\"2025-04-23T13:44:13+00:00\",\"breadcrumb\":{\"@id\":\"https:\/\/www.lamigraf.com\/es\/disenos\/wimberley-oak-2\/#breadcrumb\"},\"inLanguage\":\"es\",\"potentialAction\":[{\"@type\":\"ReadAction\",\"target\":[\"https:\/\/www.lamigraf.com\/es\/disenos\/wimberley-oak-2\/\"]}]},{\"@type\":\"ImageObject\",\"inLanguage\":\"es\",\"@id\":\"https:\/\/www.lamigraf.com\/es\/disenos\/wimberley-oak-2\/#primaryimage\",\"url\":\"https:\/\/www.lamigraf.com\/wp-content\/uploads\/2024\/06\/02783-O-scaled.jpg\",\"contentUrl\":\"https:\/\/www.lamigraf.com\/wp-content\/uploads\/2024\/06\/02783-O-scaled.jpg\",\"width\":1383,\"height\":2560},{\"@type\":\"BreadcrumbList\",\"@id\":\"https:\/\/www.lamigraf.com\/es\/disenos\/wimberley-oak-2\/#breadcrumb\",\"itemListElement\":[{\"@type\":\"ListItem\",\"position\":1,\"name\":\"Home\",\"item\":\"https:\/\/www.lamigraf.com\/es\/\"},{\"@type\":\"ListItem\",\"position\":2,\"name\":\"Designs\",\"item\":\"https:\/\/www.lamigraf.com\/designs\/\"},{\"@type\":\"ListItem\",\"position\":3,\"name\":\"WIMBERLEY OAK\"}]},{\"@type\":\"WebSite\",\"@id\":\"https:\/\/www.lamigraf.com\/#website\",\"url\":\"https:\/\/www.lamigraf.com\/\",\"name\":\"Lamigraf\",\"description\":\"\",\"publisher\":{\"@id\":\"https:\/\/www.lamigraf.com\/#organization\"},\"potentialAction\":[{\"@type\":\"SearchAction\",\"target\":{\"@type\":\"EntryPoint\",\"urlTemplate\":\"https:\/\/www.lamigraf.com\/?s={search_term_string}\"},\"query-input\":{\"@type\":\"PropertyValueSpecification\",\"valueRequired\":true,\"valueName\":\"search_term_string\"}}],\"inLanguage\":\"es\"},{\"@type\":\"Organization\",\"@id\":\"https:\/\/www.lamigraf.com\/#organization\",\"name\":\"Lamigraf\",\"url\":\"https:\/\/www.lamigraf.com\/\",\"logo\":{\"@type\":\"ImageObject\",\"inLanguage\":\"es\",\"@id\":\"https:\/\/www.lamigraf.com\/#\/schema\/logo\/image\/\",\"url\":\"https:\/\/www.lamigraf.com\/wp-content\/uploads\/2024\/05\/Logo-white.svg\",\"contentUrl\":\"https:\/\/www.lamigraf.com\/wp-content\/uploads\/2024\/05\/Logo-white.svg\",\"width\":147,\"height\":36,\"caption\":\"Lamigraf\"},\"image\":{\"@id\":\"https:\/\/www.lamigraf.com\/#\/schema\/logo\/image\/\"}}]}<\/script>\n<!-- \/ Yoast SEO plugin. -->","yoast_head_json":{"title":"WIMBERLEY OAK - Lamigraf","robots":{"index":"index","follow":"follow","max-snippet":"max-snippet:-1","max-image-preview":"max-image-preview:large","max-video-preview":"max-video-preview:-1"},"canonical":"https:\/\/www.lamigraf.com\/es\/disenos\/wimberley-oak-2\/","og_locale":"es_ES","og_type":"article","og_title":"WIMBERLEY OAK - Lamigraf","og_description":"Encontrar un roble distintivo y reconocible es cada vez m\u00e1s dif\u00edcil. Aqu\u00ed tenemos un roble con caracter\u00edsticas conocidas, pero con una interpretaci\u00f3n completamente nueva. Un roble tratado t\u00e9rmicamente de forma suave, con una imagen de madera m\u00e1s calmada y un sutil corte de sierra con apariencia textil que permanece en segundo plano y aporta al [&hellip;]","og_url":"https:\/\/www.lamigraf.com\/es\/disenos\/wimberley-oak-2\/","og_site_name":"Lamigraf","article_modified_time":"2025-04-23T13:44:13+00:00","og_image":[{"width":1383,"height":2560,"url":"https:\/\/www.lamigraf.com\/wp-content\/uploads\/2024\/06\/02783-O-scaled.jpg","type":"image\/jpeg"}],"twitter_card":"summary_large_image","twitter_misc":{"Tiempo de lectura":"1 minuto"},"schema":{"@context":"https:\/\/schema.org","@graph":[{"@type":"WebPage","@id":"https:\/\/www.lamigraf.com\/es\/disenos\/wimberley-oak-2\/","url":"https:\/\/www.lamigraf.com\/es\/disenos\/wimberley-oak-2\/","name":"WIMBERLEY OAK - Lamigraf","isPartOf":{"@id":"https:\/\/www.lamigraf.com\/#website"},"primaryImageOfPage":{"@id":"https:\/\/www.lamigraf.com\/es\/disenos\/wimberley-oak-2\/#primaryimage"},"image":{"@id":"https:\/\/www.lamigraf.com\/es\/disenos\/wimberley-oak-2\/#primaryimage"},"thumbnailUrl":"https:\/\/www.lamigraf.com\/wp-content\/uploads\/2024\/06\/02783-O-scaled.jpg","datePublished":"2024-06-07T07:50:43+00:00","dateModified":"2025-04-23T13:44:13+00:00","breadcrumb":{"@id":"https:\/\/www.lamigraf.com\/es\/disenos\/wimberley-oak-2\/#breadcrumb"},"inLanguage":"es","potentialAction":[{"@type":"ReadAction","target":["https:\/\/www.lamigraf.com\/es\/disenos\/wimberley-oak-2\/"]}]},{"@type":"ImageObject","inLanguage":"es","@id":"https:\/\/www.lamigraf.com\/es\/disenos\/wimberley-oak-2\/#primaryimage","url":"https:\/\/www.lamigraf.com\/wp-content\/uploads\/2024\/06\/02783-O-scaled.jpg","contentUrl":"https:\/\/www.lamigraf.com\/wp-content\/uploads\/2024\/06\/02783-O-scaled.jpg","width":1383,"height":2560},{"@type":"BreadcrumbList","@id":"https:\/\/www.lamigraf.com\/es\/disenos\/wimberley-oak-2\/#breadcrumb","itemListElement":[{"@type":"ListItem","position":1,"name":"Home","item":"https:\/\/www.lamigraf.com\/es\/"},{"@type":"ListItem","position":2,"name":"Designs","item":"https:\/\/www.lamigraf.com\/designs\/"},{"@type":"ListItem","position":3,"name":"WIMBERLEY OAK"}]},{"@type":"WebSite","@id":"https:\/\/www.lamigraf.com\/#website","url":"https:\/\/www.lamigraf.com\/","name":"Lamigraf","description":"","publisher":{"@id":"https:\/\/www.lamigraf.com\/#organization"},"potentialAction":[{"@type":"SearchAction","target":{"@type":"EntryPoint","urlTemplate":"https:\/\/www.lamigraf.com\/?s={search_term_string}"},"query-input":{"@type":"PropertyValueSpecification","valueRequired":true,"valueName":"search_term_string"}}],"inLanguage":"es"},{"@type":"Organization","@id":"https:\/\/www.lamigraf.com\/#organization","name":"Lamigraf","url":"https:\/\/www.lamigraf.com\/","logo":{"@type":"ImageObject","inLanguage":"es","@id":"https:\/\/www.lamigraf.com\/#\/schema\/logo\/image\/","url":"https:\/\/www.lamigraf.com\/wp-content\/uploads\/2024\/05\/Logo-white.svg","contentUrl":"https:\/\/www.lamigraf.com\/wp-content\/uploads\/2024\/05\/Logo-white.svg","width":147,"height":36,"caption":"Lamigraf"},"image":{"@id":"https:\/\/www.lamigraf.com\/#\/schema\/logo\/image\/"}}]}},"_links":{"self":[{"href":"https:\/\/www.lamigraf.com\/es\/wp-json\/wp\/v2\/product\/12252","targetHints":{"allow":["GET"]}}],"collection":[{"href":"https:\/\/www.lamigraf.com\/es\/wp-json\/wp\/v2\/product"}],"about":[{"href":"https:\/\/www.lamigraf.com\/es\/wp-json\/wp\/v2\/types\/product"}],"version-history":[{"count":1,"href":"https:\/\/www.lamigraf.com\/es\/wp-json\/wp\/v2\/product\/12252\/revisions"}],"predecessor-version":[{"id":89654,"href":"https:\/\/www.lamigraf.com\/es\/wp-json\/wp\/v2\/product\/12252\/revisions\/89654"}],"acf:attachment":[{"embeddable":true,"href":"https:\/\/www.lamigraf.com\/es\/wp-json\/wp\/v2\/media\/78492"},{"embeddable":true,"href":"https:\/\/www.lamigraf.com\/es\/wp-json\/wp\/v2\/media\/15706"}],"wp:featuredmedia":[{"embeddable":true,"href":"https:\/\/www.lamigraf.com\/es\/wp-json\/wp\/v2\/media\/15694"}],"wp:attachment":[{"href":"https:\/\/www.lamigraf.com\/es\/wp-json\/wp\/v2\/media?parent=12252"}],"wp:term":[{"taxonomy":"product_applications","embeddable":true,"href":"https:\/\/www.lamigraf.com\/es\/wp-json\/wp\/v2\/applications?post=12252"},{"taxonomy":"product_type","embeddable":true,"href":"https:\/\/www.lamigraf.com\/es\/wp-json\/wp\/v2\/design-types?post=12252"},{"taxonomy":"product_characteristics","embeddable":true,"href":"https:\/\/www.lamigraf.com\/es\/wp-json\/wp\/v2\/characteristics?post=12252"},{"taxonomy":"product_apparence","embeddable":true,"href":"https:\/\/www.lamigraf.com\/es\/wp-json\/wp\/v2\/appearance?post=12252"}],"curies":[{"name":"wp","href":"https:\/\/api.w.org\/{rel}","templated":true}]}}