{"id":12255,"date":"2024-06-07T09:50:43","date_gmt":"2024-06-07T07:50:43","guid":{"rendered":"http:\/\/lamigraf.com\/designs\/dune-rosse-2\/"},"modified":"2025-04-23T16:02:40","modified_gmt":"2025-04-23T14:02:40","slug":"dune-rosse-2","status":"publish","type":"product","link":"https:\/\/www.lamigraf.com\/es\/disenos\/dune-rosse-2\/","title":{"rendered":"DUNE ROSSE"},"content":{"rendered":"\n<p>Un dise\u00f1o creado a partir de residuos valiosos de materias primas. Dune Rosse nace de las virutas generadas durante el procesamiento de metales. Peque\u00f1as virutas dispuestas de forma desigual sobre una superficie plana, que juegan con la luz, generan una superficie \u00fanica: no homog\u00e9nea, pero s\u00ed serena. Es perfecta para combinar con colores lisos de tendencia, abriendo un nuevo campo de juego para la estructura y el color.<\/p>\n","protected":false},"excerpt":{"rendered":"<p>Un dise\u00f1o creado a partir de residuos valiosos de materias primas. Dune Rosse nace de las virutas generadas durante el procesamiento de metales. Peque\u00f1as virutas dispuestas de forma desigual sobre una superficie plana, que juegan con la luz, generan una superficie \u00fanica: no homog\u00e9nea, pero s\u00ed serena. Es perfecta para combinar con colores lisos de [&hellip;]<\/p>\n","protected":false},"featured_media":15631,"template":"","meta":{"_acf_changed":false,"_gspb_post_css":"","footnotes":""},"applications":[8,689],"design-types":[828,829],"characteristics":[756,197],"appearance":[],"class_list":["post-12255","product","type-product","status-publish","has-post-thumbnail","hentry","product_applications-furniture","product_applications-muebles","product_type-creatives-es","product_type-fantasy-es","product_characteristics-metallic-effect-es","product_characteristics-metallic-effect"],"acf":{"code":"2782","peripheral_development":"1250","axial_development":"2200","cylinders":"3","data_sheet":78839,"collections":[{"code":"2782-0302","thumbnail":85070,"render":78499},{"code":"2782-0307","thumbnail":85076,"render":78505},{"code":"2782-0309","thumbnail":85082,"render":81177},{"code":"2782-0310","thumbnail":85088,"render":81183},{"code":"2782-0311","thumbnail":85094,"render":78511},{"code":"2782-0312","thumbnail":85100,"render":78517}],"usages":[15643,15650,78517],"inspiration":{"top":{"title":"Estantes","thumbnail":18296,"reference":"02667-0301"},"bottom_title":"Encimera"},"hover_image":15643,"eir":"","collaborator":{"name":"","link":""},"synchro_wood":false,"novedad":false},"yoast_head":"<!-- This site is optimized with the Yoast SEO plugin v25.2 - https:\/\/yoast.com\/wordpress\/plugins\/seo\/ -->\n<title>DUNE ROSSE - Lamigraf<\/title>\n<meta name=\"robots\" content=\"index, follow, max-snippet:-1, max-image-preview:large, max-video-preview:-1\" \/>\n<link rel=\"canonical\" href=\"https:\/\/www.lamigraf.com\/es\/disenos\/dune-rosse-2\/\" \/>\n<meta property=\"og:locale\" content=\"es_ES\" \/>\n<meta property=\"og:type\" content=\"article\" \/>\n<meta property=\"og:title\" content=\"DUNE ROSSE - Lamigraf\" \/>\n<meta property=\"og:description\" content=\"Un dise\u00f1o creado a partir de residuos valiosos de materias primas. Dune Rosse nace de las virutas generadas durante el procesamiento de metales. Peque\u00f1as virutas dispuestas de forma desigual sobre una superficie plana, que juegan con la luz, generan una superficie \u00fanica: no homog\u00e9nea, pero s\u00ed serena. Es perfecta para combinar con colores lisos de [&hellip;]\" \/>\n<meta property=\"og:url\" content=\"https:\/\/www.lamigraf.com\/es\/disenos\/dune-rosse-2\/\" \/>\n<meta property=\"og:site_name\" content=\"Lamigraf\" \/>\n<meta property=\"article:modified_time\" content=\"2025-04-23T14:02:40+00:00\" \/>\n<meta property=\"og:image\" content=\"https:\/\/www.lamigraf.com\/wp-content\/uploads\/2024\/06\/02782-O-scaled.jpg\" \/>\n\t<meta property=\"og:image:width\" content=\"1259\" \/>\n\t<meta property=\"og:image:height\" content=\"2560\" \/>\n\t<meta property=\"og:image:type\" content=\"image\/jpeg\" \/>\n<meta name=\"twitter:card\" content=\"summary_large_image\" \/>\n<meta name=\"twitter:label1\" content=\"Tiempo de lectura\" \/>\n\t<meta name=\"twitter:data1\" content=\"1 minuto\" \/>\n<script type=\"application\/ld+json\" class=\"yoast-schema-graph\">{\"@context\":\"https:\/\/schema.org\",\"@graph\":[{\"@type\":\"WebPage\",\"@id\":\"https:\/\/www.lamigraf.com\/es\/disenos\/dune-rosse-2\/\",\"url\":\"https:\/\/www.lamigraf.com\/es\/disenos\/dune-rosse-2\/\",\"name\":\"DUNE ROSSE - Lamigraf\",\"isPartOf\":{\"@id\":\"https:\/\/www.lamigraf.com\/#website\"},\"primaryImageOfPage\":{\"@id\":\"https:\/\/www.lamigraf.com\/es\/disenos\/dune-rosse-2\/#primaryimage\"},\"image\":{\"@id\":\"https:\/\/www.lamigraf.com\/es\/disenos\/dune-rosse-2\/#primaryimage\"},\"thumbnailUrl\":\"https:\/\/www.lamigraf.com\/wp-content\/uploads\/2024\/06\/02782-O-scaled.jpg\",\"datePublished\":\"2024-06-07T07:50:43+00:00\",\"dateModified\":\"2025-04-23T14:02:40+00:00\",\"breadcrumb\":{\"@id\":\"https:\/\/www.lamigraf.com\/es\/disenos\/dune-rosse-2\/#breadcrumb\"},\"inLanguage\":\"es\",\"potentialAction\":[{\"@type\":\"ReadAction\",\"target\":[\"https:\/\/www.lamigraf.com\/es\/disenos\/dune-rosse-2\/\"]}]},{\"@type\":\"ImageObject\",\"inLanguage\":\"es\",\"@id\":\"https:\/\/www.lamigraf.com\/es\/disenos\/dune-rosse-2\/#primaryimage\",\"url\":\"https:\/\/www.lamigraf.com\/wp-content\/uploads\/2024\/06\/02782-O-scaled.jpg\",\"contentUrl\":\"https:\/\/www.lamigraf.com\/wp-content\/uploads\/2024\/06\/02782-O-scaled.jpg\",\"width\":1259,\"height\":2560},{\"@type\":\"BreadcrumbList\",\"@id\":\"https:\/\/www.lamigraf.com\/es\/disenos\/dune-rosse-2\/#breadcrumb\",\"itemListElement\":[{\"@type\":\"ListItem\",\"position\":1,\"name\":\"Home\",\"item\":\"https:\/\/www.lamigraf.com\/es\/\"},{\"@type\":\"ListItem\",\"position\":2,\"name\":\"Designs\",\"item\":\"https:\/\/www.lamigraf.com\/designs\/\"},{\"@type\":\"ListItem\",\"position\":3,\"name\":\"DUNE ROSSE\"}]},{\"@type\":\"WebSite\",\"@id\":\"https:\/\/www.lamigraf.com\/#website\",\"url\":\"https:\/\/www.lamigraf.com\/\",\"name\":\"Lamigraf\",\"description\":\"\",\"publisher\":{\"@id\":\"https:\/\/www.lamigraf.com\/#organization\"},\"potentialAction\":[{\"@type\":\"SearchAction\",\"target\":{\"@type\":\"EntryPoint\",\"urlTemplate\":\"https:\/\/www.lamigraf.com\/?s={search_term_string}\"},\"query-input\":{\"@type\":\"PropertyValueSpecification\",\"valueRequired\":true,\"valueName\":\"search_term_string\"}}],\"inLanguage\":\"es\"},{\"@type\":\"Organization\",\"@id\":\"https:\/\/www.lamigraf.com\/#organization\",\"name\":\"Lamigraf\",\"url\":\"https:\/\/www.lamigraf.com\/\",\"logo\":{\"@type\":\"ImageObject\",\"inLanguage\":\"es\",\"@id\":\"https:\/\/www.lamigraf.com\/#\/schema\/logo\/image\/\",\"url\":\"https:\/\/www.lamigraf.com\/wp-content\/uploads\/2024\/05\/Logo-white.svg\",\"contentUrl\":\"https:\/\/www.lamigraf.com\/wp-content\/uploads\/2024\/05\/Logo-white.svg\",\"width\":147,\"height\":36,\"caption\":\"Lamigraf\"},\"image\":{\"@id\":\"https:\/\/www.lamigraf.com\/#\/schema\/logo\/image\/\"}}]}<\/script>\n<!-- \/ Yoast SEO plugin. -->","yoast_head_json":{"title":"DUNE ROSSE - Lamigraf","robots":{"index":"index","follow":"follow","max-snippet":"max-snippet:-1","max-image-preview":"max-image-preview:large","max-video-preview":"max-video-preview:-1"},"canonical":"https:\/\/www.lamigraf.com\/es\/disenos\/dune-rosse-2\/","og_locale":"es_ES","og_type":"article","og_title":"DUNE ROSSE - Lamigraf","og_description":"Un dise\u00f1o creado a partir de residuos valiosos de materias primas. Dune Rosse nace de las virutas generadas durante el procesamiento de metales. Peque\u00f1as virutas dispuestas de forma desigual sobre una superficie plana, que juegan con la luz, generan una superficie \u00fanica: no homog\u00e9nea, pero s\u00ed serena. Es perfecta para combinar con colores lisos de [&hellip;]","og_url":"https:\/\/www.lamigraf.com\/es\/disenos\/dune-rosse-2\/","og_site_name":"Lamigraf","article_modified_time":"2025-04-23T14:02:40+00:00","og_image":[{"width":1259,"height":2560,"url":"https:\/\/www.lamigraf.com\/wp-content\/uploads\/2024\/06\/02782-O-scaled.jpg","type":"image\/jpeg"}],"twitter_card":"summary_large_image","twitter_misc":{"Tiempo de lectura":"1 minuto"},"schema":{"@context":"https:\/\/schema.org","@graph":[{"@type":"WebPage","@id":"https:\/\/www.lamigraf.com\/es\/disenos\/dune-rosse-2\/","url":"https:\/\/www.lamigraf.com\/es\/disenos\/dune-rosse-2\/","name":"DUNE ROSSE - Lamigraf","isPartOf":{"@id":"https:\/\/www.lamigraf.com\/#website"},"primaryImageOfPage":{"@id":"https:\/\/www.lamigraf.com\/es\/disenos\/dune-rosse-2\/#primaryimage"},"image":{"@id":"https:\/\/www.lamigraf.com\/es\/disenos\/dune-rosse-2\/#primaryimage"},"thumbnailUrl":"https:\/\/www.lamigraf.com\/wp-content\/uploads\/2024\/06\/02782-O-scaled.jpg","datePublished":"2024-06-07T07:50:43+00:00","dateModified":"2025-04-23T14:02:40+00:00","breadcrumb":{"@id":"https:\/\/www.lamigraf.com\/es\/disenos\/dune-rosse-2\/#breadcrumb"},"inLanguage":"es","potentialAction":[{"@type":"ReadAction","target":["https:\/\/www.lamigraf.com\/es\/disenos\/dune-rosse-2\/"]}]},{"@type":"ImageObject","inLanguage":"es","@id":"https:\/\/www.lamigraf.com\/es\/disenos\/dune-rosse-2\/#primaryimage","url":"https:\/\/www.lamigraf.com\/wp-content\/uploads\/2024\/06\/02782-O-scaled.jpg","contentUrl":"https:\/\/www.lamigraf.com\/wp-content\/uploads\/2024\/06\/02782-O-scaled.jpg","width":1259,"height":2560},{"@type":"BreadcrumbList","@id":"https:\/\/www.lamigraf.com\/es\/disenos\/dune-rosse-2\/#breadcrumb","itemListElement":[{"@type":"ListItem","position":1,"name":"Home","item":"https:\/\/www.lamigraf.com\/es\/"},{"@type":"ListItem","position":2,"name":"Designs","item":"https:\/\/www.lamigraf.com\/designs\/"},{"@type":"ListItem","position":3,"name":"DUNE ROSSE"}]},{"@type":"WebSite","@id":"https:\/\/www.lamigraf.com\/#website","url":"https:\/\/www.lamigraf.com\/","name":"Lamigraf","description":"","publisher":{"@id":"https:\/\/www.lamigraf.com\/#organization"},"potentialAction":[{"@type":"SearchAction","target":{"@type":"EntryPoint","urlTemplate":"https:\/\/www.lamigraf.com\/?s={search_term_string}"},"query-input":{"@type":"PropertyValueSpecification","valueRequired":true,"valueName":"search_term_string"}}],"inLanguage":"es"},{"@type":"Organization","@id":"https:\/\/www.lamigraf.com\/#organization","name":"Lamigraf","url":"https:\/\/www.lamigraf.com\/","logo":{"@type":"ImageObject","inLanguage":"es","@id":"https:\/\/www.lamigraf.com\/#\/schema\/logo\/image\/","url":"https:\/\/www.lamigraf.com\/wp-content\/uploads\/2024\/05\/Logo-white.svg","contentUrl":"https:\/\/www.lamigraf.com\/wp-content\/uploads\/2024\/05\/Logo-white.svg","width":147,"height":36,"caption":"Lamigraf"},"image":{"@id":"https:\/\/www.lamigraf.com\/#\/schema\/logo\/image\/"}}]}},"_links":{"self":[{"href":"https:\/\/www.lamigraf.com\/es\/wp-json\/wp\/v2\/product\/12255","targetHints":{"allow":["GET"]}}],"collection":[{"href":"https:\/\/www.lamigraf.com\/es\/wp-json\/wp\/v2\/product"}],"about":[{"href":"https:\/\/www.lamigraf.com\/es\/wp-json\/wp\/v2\/types\/product"}],"version-history":[{"count":2,"href":"https:\/\/www.lamigraf.com\/es\/wp-json\/wp\/v2\/product\/12255\/revisions"}],"predecessor-version":[{"id":89681,"href":"https:\/\/www.lamigraf.com\/es\/wp-json\/wp\/v2\/product\/12255\/revisions\/89681"}],"acf:attachment":[{"embeddable":true,"href":"https:\/\/www.lamigraf.com\/es\/wp-json\/wp\/v2\/media\/78517"},{"embeddable":true,"href":"https:\/\/www.lamigraf.com\/es\/wp-json\/wp\/v2\/media\/15650"},{"embeddable":true,"href":"https:\/\/www.lamigraf.com\/es\/wp-json\/wp\/v2\/media\/15643"}],"wp:featuredmedia":[{"embeddable":true,"href":"https:\/\/www.lamigraf.com\/es\/wp-json\/wp\/v2\/media\/15631"}],"wp:attachment":[{"href":"https:\/\/www.lamigraf.com\/es\/wp-json\/wp\/v2\/media?parent=12255"}],"wp:term":[{"taxonomy":"product_applications","embeddable":true,"href":"https:\/\/www.lamigraf.com\/es\/wp-json\/wp\/v2\/applications?post=12255"},{"taxonomy":"product_type","embeddable":true,"href":"https:\/\/www.lamigraf.com\/es\/wp-json\/wp\/v2\/design-types?post=12255"},{"taxonomy":"product_characteristics","embeddable":true,"href":"https:\/\/www.lamigraf.com\/es\/wp-json\/wp\/v2\/characteristics?post=12255"},{"taxonomy":"product_apparence","embeddable":true,"href":"https:\/\/www.lamigraf.com\/es\/wp-json\/wp\/v2\/appearance?post=12255"}],"curies":[{"name":"wp","href":"https:\/\/api.w.org\/{rel}","templated":true}]}}