{"id":12288,"date":"2024-06-07T09:50:45","date_gmt":"2024-06-07T07:50:45","guid":{"rendered":"http:\/\/lamigraf.com\/designs\/boulevard-2\/"},"modified":"2025-04-23T15:31:27","modified_gmt":"2025-04-23T13:31:27","slug":"boulevard-2","status":"publish","type":"product","link":"https:\/\/www.lamigraf.com\/es\/disenos\/boulevard-2\/","title":{"rendered":"BOULEVARD"},"content":{"rendered":"\n<p>El renacimiento de materiales y maderas europeas olvidadas hace tiempo. Un arce moderno y atemporal, que no resulta intrusivo, ideal para ideas de mobiliario muy contempor\u00e1neas.<br>Una composici\u00f3n rica en color, con vetas estriadas, flores abiertas y semiabiertas, y catedrales, son las caracter\u00edsticas de este dise\u00f1o.<br>Este arce puede te\u00f1irse perfectamente en tonos que van desde rubios hasta colores nogal.<\/p>\n","protected":false},"excerpt":{"rendered":"<p>El renacimiento de materiales y maderas europeas olvidadas hace tiempo. Un arce moderno y atemporal, que no resulta intrusivo, ideal para ideas de mobiliario muy contempor\u00e1neas.Una composici\u00f3n rica en color, con vetas estriadas, flores abiertas y semiabiertas, y catedrales, son las caracter\u00edsticas de este dise\u00f1o.Este arce puede te\u00f1irse perfectamente en tonos que van desde rubios [&hellip;]<\/p>\n","protected":false},"featured_media":15036,"template":"","meta":{"_acf_changed":false,"_gspb_post_css":"","footnotes":""},"applications":[8,689],"design-types":[817,813],"characteristics":[861,203,760],"appearance":[373,872],"class_list":["post-12288","product","type-product","status-publish","has-post-thumbnail","hentry","product_applications-furniture","product_applications-muebles","product_type-maple-es","product_type-wood-es","product_characteristics-planked-es","product_characteristics-half-cathedrals","product_characteristics-half-cathedrals-es","product_apparence-french-bleed","product_apparence-oiled-varnished-es"],"acf":{"code":"2769","peripheral_development":"1300","axial_development":"2200","cylinders":"3","data_sheet":78882,"collections":[{"code":"2769-0301","thumbnail":85277,"render":78383},{"code":"2769-0302","thumbnail":85283,"render":78389},{"code":"2769-0303","thumbnail":85289,"render":78395},{"code":"2769-0304","thumbnail":85295,"render":78401}],"usages":[15048,15055,15062,85301],"inspiration":{"top":{"title":"Panel de pared","thumbnail":48291,"reference":"02435-0103"},"bottom_title":"Estantes"},"hover_image":15062,"eir":"","collaborator":{"name":"","link":""},"synchro_wood":false,"novedad":false},"yoast_head":"<!-- This site is optimized with the Yoast SEO plugin v25.2 - https:\/\/yoast.com\/wordpress\/plugins\/seo\/ -->\n<title>BOULEVARD - Lamigraf<\/title>\n<meta name=\"robots\" content=\"index, follow, max-snippet:-1, max-image-preview:large, max-video-preview:-1\" \/>\n<link rel=\"canonical\" href=\"https:\/\/www.lamigraf.com\/es\/disenos\/boulevard-2\/\" \/>\n<meta property=\"og:locale\" content=\"es_ES\" \/>\n<meta property=\"og:type\" content=\"article\" \/>\n<meta property=\"og:title\" content=\"BOULEVARD - Lamigraf\" \/>\n<meta property=\"og:description\" content=\"El renacimiento de materiales y maderas europeas olvidadas hace tiempo. Un arce moderno y atemporal, que no resulta intrusivo, ideal para ideas de mobiliario muy contempor\u00e1neas.Una composici\u00f3n rica en color, con vetas estriadas, flores abiertas y semiabiertas, y catedrales, son las caracter\u00edsticas de este dise\u00f1o.Este arce puede te\u00f1irse perfectamente en tonos que van desde rubios [&hellip;]\" \/>\n<meta property=\"og:url\" content=\"https:\/\/www.lamigraf.com\/es\/disenos\/boulevard-2\/\" \/>\n<meta property=\"og:site_name\" content=\"Lamigraf\" \/>\n<meta property=\"article:modified_time\" content=\"2025-04-23T13:31:27+00:00\" \/>\n<meta property=\"og:image\" content=\"https:\/\/www.lamigraf.com\/wp-content\/uploads\/2024\/06\/02769-O-scaled.jpg\" \/>\n\t<meta property=\"og:image:width\" content=\"1339\" \/>\n\t<meta property=\"og:image:height\" content=\"2560\" \/>\n\t<meta property=\"og:image:type\" content=\"image\/jpeg\" \/>\n<meta name=\"twitter:card\" content=\"summary_large_image\" \/>\n<meta name=\"twitter:label1\" content=\"Tiempo de lectura\" \/>\n\t<meta name=\"twitter:data1\" content=\"1 minuto\" \/>\n<script type=\"application\/ld+json\" class=\"yoast-schema-graph\">{\"@context\":\"https:\/\/schema.org\",\"@graph\":[{\"@type\":\"WebPage\",\"@id\":\"https:\/\/www.lamigraf.com\/es\/disenos\/boulevard-2\/\",\"url\":\"https:\/\/www.lamigraf.com\/es\/disenos\/boulevard-2\/\",\"name\":\"BOULEVARD - Lamigraf\",\"isPartOf\":{\"@id\":\"https:\/\/www.lamigraf.com\/#website\"},\"primaryImageOfPage\":{\"@id\":\"https:\/\/www.lamigraf.com\/es\/disenos\/boulevard-2\/#primaryimage\"},\"image\":{\"@id\":\"https:\/\/www.lamigraf.com\/es\/disenos\/boulevard-2\/#primaryimage\"},\"thumbnailUrl\":\"https:\/\/www.lamigraf.com\/wp-content\/uploads\/2024\/06\/02769-O-scaled.jpg\",\"datePublished\":\"2024-06-07T07:50:45+00:00\",\"dateModified\":\"2025-04-23T13:31:27+00:00\",\"breadcrumb\":{\"@id\":\"https:\/\/www.lamigraf.com\/es\/disenos\/boulevard-2\/#breadcrumb\"},\"inLanguage\":\"es\",\"potentialAction\":[{\"@type\":\"ReadAction\",\"target\":[\"https:\/\/www.lamigraf.com\/es\/disenos\/boulevard-2\/\"]}]},{\"@type\":\"ImageObject\",\"inLanguage\":\"es\",\"@id\":\"https:\/\/www.lamigraf.com\/es\/disenos\/boulevard-2\/#primaryimage\",\"url\":\"https:\/\/www.lamigraf.com\/wp-content\/uploads\/2024\/06\/02769-O-scaled.jpg\",\"contentUrl\":\"https:\/\/www.lamigraf.com\/wp-content\/uploads\/2024\/06\/02769-O-scaled.jpg\",\"width\":1339,\"height\":2560},{\"@type\":\"BreadcrumbList\",\"@id\":\"https:\/\/www.lamigraf.com\/es\/disenos\/boulevard-2\/#breadcrumb\",\"itemListElement\":[{\"@type\":\"ListItem\",\"position\":1,\"name\":\"Home\",\"item\":\"https:\/\/www.lamigraf.com\/es\/\"},{\"@type\":\"ListItem\",\"position\":2,\"name\":\"Designs\",\"item\":\"https:\/\/www.lamigraf.com\/designs\/\"},{\"@type\":\"ListItem\",\"position\":3,\"name\":\"BOULEVARD\"}]},{\"@type\":\"WebSite\",\"@id\":\"https:\/\/www.lamigraf.com\/#website\",\"url\":\"https:\/\/www.lamigraf.com\/\",\"name\":\"Lamigraf\",\"description\":\"\",\"publisher\":{\"@id\":\"https:\/\/www.lamigraf.com\/#organization\"},\"potentialAction\":[{\"@type\":\"SearchAction\",\"target\":{\"@type\":\"EntryPoint\",\"urlTemplate\":\"https:\/\/www.lamigraf.com\/?s={search_term_string}\"},\"query-input\":{\"@type\":\"PropertyValueSpecification\",\"valueRequired\":true,\"valueName\":\"search_term_string\"}}],\"inLanguage\":\"es\"},{\"@type\":\"Organization\",\"@id\":\"https:\/\/www.lamigraf.com\/#organization\",\"name\":\"Lamigraf\",\"url\":\"https:\/\/www.lamigraf.com\/\",\"logo\":{\"@type\":\"ImageObject\",\"inLanguage\":\"es\",\"@id\":\"https:\/\/www.lamigraf.com\/#\/schema\/logo\/image\/\",\"url\":\"https:\/\/www.lamigraf.com\/wp-content\/uploads\/2024\/05\/Logo-white.svg\",\"contentUrl\":\"https:\/\/www.lamigraf.com\/wp-content\/uploads\/2024\/05\/Logo-white.svg\",\"width\":147,\"height\":36,\"caption\":\"Lamigraf\"},\"image\":{\"@id\":\"https:\/\/www.lamigraf.com\/#\/schema\/logo\/image\/\"}}]}<\/script>\n<!-- \/ Yoast SEO plugin. -->","yoast_head_json":{"title":"BOULEVARD - Lamigraf","robots":{"index":"index","follow":"follow","max-snippet":"max-snippet:-1","max-image-preview":"max-image-preview:large","max-video-preview":"max-video-preview:-1"},"canonical":"https:\/\/www.lamigraf.com\/es\/disenos\/boulevard-2\/","og_locale":"es_ES","og_type":"article","og_title":"BOULEVARD - Lamigraf","og_description":"El renacimiento de materiales y maderas europeas olvidadas hace tiempo. Un arce moderno y atemporal, que no resulta intrusivo, ideal para ideas de mobiliario muy contempor\u00e1neas.Una composici\u00f3n rica en color, con vetas estriadas, flores abiertas y semiabiertas, y catedrales, son las caracter\u00edsticas de este dise\u00f1o.Este arce puede te\u00f1irse perfectamente en tonos que van desde rubios [&hellip;]","og_url":"https:\/\/www.lamigraf.com\/es\/disenos\/boulevard-2\/","og_site_name":"Lamigraf","article_modified_time":"2025-04-23T13:31:27+00:00","og_image":[{"width":1339,"height":2560,"url":"https:\/\/www.lamigraf.com\/wp-content\/uploads\/2024\/06\/02769-O-scaled.jpg","type":"image\/jpeg"}],"twitter_card":"summary_large_image","twitter_misc":{"Tiempo de lectura":"1 minuto"},"schema":{"@context":"https:\/\/schema.org","@graph":[{"@type":"WebPage","@id":"https:\/\/www.lamigraf.com\/es\/disenos\/boulevard-2\/","url":"https:\/\/www.lamigraf.com\/es\/disenos\/boulevard-2\/","name":"BOULEVARD - Lamigraf","isPartOf":{"@id":"https:\/\/www.lamigraf.com\/#website"},"primaryImageOfPage":{"@id":"https:\/\/www.lamigraf.com\/es\/disenos\/boulevard-2\/#primaryimage"},"image":{"@id":"https:\/\/www.lamigraf.com\/es\/disenos\/boulevard-2\/#primaryimage"},"thumbnailUrl":"https:\/\/www.lamigraf.com\/wp-content\/uploads\/2024\/06\/02769-O-scaled.jpg","datePublished":"2024-06-07T07:50:45+00:00","dateModified":"2025-04-23T13:31:27+00:00","breadcrumb":{"@id":"https:\/\/www.lamigraf.com\/es\/disenos\/boulevard-2\/#breadcrumb"},"inLanguage":"es","potentialAction":[{"@type":"ReadAction","target":["https:\/\/www.lamigraf.com\/es\/disenos\/boulevard-2\/"]}]},{"@type":"ImageObject","inLanguage":"es","@id":"https:\/\/www.lamigraf.com\/es\/disenos\/boulevard-2\/#primaryimage","url":"https:\/\/www.lamigraf.com\/wp-content\/uploads\/2024\/06\/02769-O-scaled.jpg","contentUrl":"https:\/\/www.lamigraf.com\/wp-content\/uploads\/2024\/06\/02769-O-scaled.jpg","width":1339,"height":2560},{"@type":"BreadcrumbList","@id":"https:\/\/www.lamigraf.com\/es\/disenos\/boulevard-2\/#breadcrumb","itemListElement":[{"@type":"ListItem","position":1,"name":"Home","item":"https:\/\/www.lamigraf.com\/es\/"},{"@type":"ListItem","position":2,"name":"Designs","item":"https:\/\/www.lamigraf.com\/designs\/"},{"@type":"ListItem","position":3,"name":"BOULEVARD"}]},{"@type":"WebSite","@id":"https:\/\/www.lamigraf.com\/#website","url":"https:\/\/www.lamigraf.com\/","name":"Lamigraf","description":"","publisher":{"@id":"https:\/\/www.lamigraf.com\/#organization"},"potentialAction":[{"@type":"SearchAction","target":{"@type":"EntryPoint","urlTemplate":"https:\/\/www.lamigraf.com\/?s={search_term_string}"},"query-input":{"@type":"PropertyValueSpecification","valueRequired":true,"valueName":"search_term_string"}}],"inLanguage":"es"},{"@type":"Organization","@id":"https:\/\/www.lamigraf.com\/#organization","name":"Lamigraf","url":"https:\/\/www.lamigraf.com\/","logo":{"@type":"ImageObject","inLanguage":"es","@id":"https:\/\/www.lamigraf.com\/#\/schema\/logo\/image\/","url":"https:\/\/www.lamigraf.com\/wp-content\/uploads\/2024\/05\/Logo-white.svg","contentUrl":"https:\/\/www.lamigraf.com\/wp-content\/uploads\/2024\/05\/Logo-white.svg","width":147,"height":36,"caption":"Lamigraf"},"image":{"@id":"https:\/\/www.lamigraf.com\/#\/schema\/logo\/image\/"}}]}},"_links":{"self":[{"href":"https:\/\/www.lamigraf.com\/es\/wp-json\/wp\/v2\/product\/12288","targetHints":{"allow":["GET"]}}],"collection":[{"href":"https:\/\/www.lamigraf.com\/es\/wp-json\/wp\/v2\/product"}],"about":[{"href":"https:\/\/www.lamigraf.com\/es\/wp-json\/wp\/v2\/types\/product"}],"version-history":[{"count":1,"href":"https:\/\/www.lamigraf.com\/es\/wp-json\/wp\/v2\/product\/12288\/revisions"}],"predecessor-version":[{"id":89646,"href":"https:\/\/www.lamigraf.com\/es\/wp-json\/wp\/v2\/product\/12288\/revisions\/89646"}],"acf:attachment":[{"embeddable":true,"href":"https:\/\/www.lamigraf.com\/es\/wp-json\/wp\/v2\/media\/85301"},{"embeddable":true,"href":"https:\/\/www.lamigraf.com\/es\/wp-json\/wp\/v2\/media\/15062"},{"embeddable":true,"href":"https:\/\/www.lamigraf.com\/es\/wp-json\/wp\/v2\/media\/15055"},{"embeddable":true,"href":"https:\/\/www.lamigraf.com\/es\/wp-json\/wp\/v2\/media\/15048"}],"wp:featuredmedia":[{"embeddable":true,"href":"https:\/\/www.lamigraf.com\/es\/wp-json\/wp\/v2\/media\/15036"}],"wp:attachment":[{"href":"https:\/\/www.lamigraf.com\/es\/wp-json\/wp\/v2\/media?parent=12288"}],"wp:term":[{"taxonomy":"product_applications","embeddable":true,"href":"https:\/\/www.lamigraf.com\/es\/wp-json\/wp\/v2\/applications?post=12288"},{"taxonomy":"product_type","embeddable":true,"href":"https:\/\/www.lamigraf.com\/es\/wp-json\/wp\/v2\/design-types?post=12288"},{"taxonomy":"product_characteristics","embeddable":true,"href":"https:\/\/www.lamigraf.com\/es\/wp-json\/wp\/v2\/characteristics?post=12288"},{"taxonomy":"product_apparence","embeddable":true,"href":"https:\/\/www.lamigraf.com\/es\/wp-json\/wp\/v2\/appearance?post=12288"}],"curies":[{"name":"wp","href":"https:\/\/api.w.org\/{rel}","templated":true}]}}