{"id":12348,"date":"2024-06-07T09:50:56","date_gmt":"2024-06-07T07:50:56","guid":{"rendered":"http:\/\/lamigraf.com\/designs\/haikou-2\/"},"modified":"2024-10-24T08:44:10","modified_gmt":"2024-10-24T06:44:10","slug":"haikou-2","status":"publish","type":"product","link":"https:\/\/www.lamigraf.com\/es\/disenos\/haikou-2\/","title":{"rendered":"HAIKOU"},"content":{"rendered":"Lo especial de la acacia es que se ve homog\u00e9nea y discreta en su conjunto y es combinable en una inspecci\u00f3n m\u00e1s cercana. Esto se debe al tratamiento, que aqu\u00ed se mantuvo deliberadamente m\u00e1s plano, por lo que elementos como las catedrales son m\u00e1s d\u00e9biles, pero siguen teniendo una influencia decisiva en la imagen general, que con partes veteadas se alternan y fluyen entre s\u00ed. Dise\u00f1o general cl\u00e1sico que se adapta a frentes y armarios.","protected":false},"excerpt":{"rendered":"<p>Lo especial de la acacia es que se ve homog\u00e9nea y discreta en su conjunto y es combinable en una inspecci\u00f3n m\u00e1s cercana. Esto se debe al tratamiento, que aqu\u00ed se mantuvo deliberadamente m\u00e1s plano, por lo que elementos como las catedrales son m\u00e1s d\u00e9biles, pero siguen teniendo una influencia decisiva en la imagen general, [&hellip;]<\/p>\n","protected":false},"featured_media":13907,"template":"","meta":{"_acf_changed":false,"_gspb_post_css":"","footnotes":""},"applications":[8,689],"design-types":[],"characteristics":[753,195,756],"appearance":[],"class_list":["post-12348","product","type-product","status-publish","has-post-thumbnail","hentry","product_applications-furniture","product_applications-muebles","product_characteristics-cathedrals-es","product_characteristics-cathedrals","product_characteristics-metallic-effect-es"],"acf":{"code":"2901","peripheral_development":"1300","axial_development":"2200","cylinders":"3","data_sheet":78693,"collections":[{"code":"2901-0301","thumbnail":81077,"render":""},{"code":"2901-0302","thumbnail":13879,"render":78192},{"code":"2901-0303","thumbnail":13886,"render":78198},{"code":"2901-0304","thumbnail":13893,"render":""}],"usages":[13914,13921,81096,81102],"inspiration":{"top":{"title":"Top","thumbnail":16693,"reference":"2696-0401"},"bottom_title":"Bottom"},"hover_image":13914,"eir":"Embossed in register","collaborator":{"name":"Collaborator","link":"https:\/\/www.lamigraf.com\/pt-pt\/designs\/haikou\/"},"synchro_wood":true,"novedad":true},"yoast_head":"<!-- This site is optimized with the Yoast SEO plugin v25.2 - https:\/\/yoast.com\/wordpress\/plugins\/seo\/ -->\n<title>HAIKOU - Lamigraf<\/title>\n<meta name=\"robots\" content=\"index, follow, max-snippet:-1, max-image-preview:large, max-video-preview:-1\" \/>\n<link rel=\"canonical\" href=\"https:\/\/www.lamigraf.com\/es\/disenos\/haikou-2\/\" \/>\n<meta property=\"og:locale\" content=\"es_ES\" \/>\n<meta property=\"og:type\" content=\"article\" \/>\n<meta property=\"og:title\" content=\"HAIKOU - Lamigraf\" \/>\n<meta property=\"og:description\" content=\"Lo especial de la acacia es que se ve homog\u00e9nea y discreta en su conjunto y es combinable en una inspecci\u00f3n m\u00e1s cercana. Esto se debe al tratamiento, que aqu\u00ed se mantuvo deliberadamente m\u00e1s plano, por lo que elementos como las catedrales son m\u00e1s d\u00e9biles, pero siguen teniendo una influencia decisiva en la imagen general, [&hellip;]\" \/>\n<meta property=\"og:url\" content=\"https:\/\/www.lamigraf.com\/es\/disenos\/haikou-2\/\" \/>\n<meta property=\"og:site_name\" content=\"Lamigraf\" \/>\n<meta property=\"article:modified_time\" content=\"2024-10-24T06:44:10+00:00\" \/>\n<meta property=\"og:image\" content=\"https:\/\/www.lamigraf.com\/wp-content\/uploads\/2024\/06\/02901-O-scaled.jpg\" \/>\n\t<meta property=\"og:image:width\" content=\"1166\" \/>\n\t<meta property=\"og:image:height\" content=\"2560\" \/>\n\t<meta property=\"og:image:type\" content=\"image\/jpeg\" \/>\n<meta name=\"twitter:card\" content=\"summary_large_image\" \/>\n<script type=\"application\/ld+json\" class=\"yoast-schema-graph\">{\"@context\":\"https:\/\/schema.org\",\"@graph\":[{\"@type\":\"WebPage\",\"@id\":\"https:\/\/www.lamigraf.com\/es\/disenos\/haikou-2\/\",\"url\":\"https:\/\/www.lamigraf.com\/es\/disenos\/haikou-2\/\",\"name\":\"HAIKOU - Lamigraf\",\"isPartOf\":{\"@id\":\"https:\/\/www.lamigraf.com\/#website\"},\"primaryImageOfPage\":{\"@id\":\"https:\/\/www.lamigraf.com\/es\/disenos\/haikou-2\/#primaryimage\"},\"image\":{\"@id\":\"https:\/\/www.lamigraf.com\/es\/disenos\/haikou-2\/#primaryimage\"},\"thumbnailUrl\":\"https:\/\/www.lamigraf.com\/wp-content\/uploads\/2024\/06\/02901-O-scaled.jpg\",\"datePublished\":\"2024-06-07T07:50:56+00:00\",\"dateModified\":\"2024-10-24T06:44:10+00:00\",\"breadcrumb\":{\"@id\":\"https:\/\/www.lamigraf.com\/es\/disenos\/haikou-2\/#breadcrumb\"},\"inLanguage\":\"es\",\"potentialAction\":[{\"@type\":\"ReadAction\",\"target\":[\"https:\/\/www.lamigraf.com\/es\/disenos\/haikou-2\/\"]}]},{\"@type\":\"ImageObject\",\"inLanguage\":\"es\",\"@id\":\"https:\/\/www.lamigraf.com\/es\/disenos\/haikou-2\/#primaryimage\",\"url\":\"https:\/\/www.lamigraf.com\/wp-content\/uploads\/2024\/06\/02901-O-scaled.jpg\",\"contentUrl\":\"https:\/\/www.lamigraf.com\/wp-content\/uploads\/2024\/06\/02901-O-scaled.jpg\",\"width\":1166,\"height\":2560},{\"@type\":\"BreadcrumbList\",\"@id\":\"https:\/\/www.lamigraf.com\/es\/disenos\/haikou-2\/#breadcrumb\",\"itemListElement\":[{\"@type\":\"ListItem\",\"position\":1,\"name\":\"Home\",\"item\":\"https:\/\/www.lamigraf.com\/es\/\"},{\"@type\":\"ListItem\",\"position\":2,\"name\":\"Designs\",\"item\":\"https:\/\/www.lamigraf.com\/designs\/\"},{\"@type\":\"ListItem\",\"position\":3,\"name\":\"HAIKOU\"}]},{\"@type\":\"WebSite\",\"@id\":\"https:\/\/www.lamigraf.com\/#website\",\"url\":\"https:\/\/www.lamigraf.com\/\",\"name\":\"Lamigraf\",\"description\":\"\",\"publisher\":{\"@id\":\"https:\/\/www.lamigraf.com\/#organization\"},\"potentialAction\":[{\"@type\":\"SearchAction\",\"target\":{\"@type\":\"EntryPoint\",\"urlTemplate\":\"https:\/\/www.lamigraf.com\/?s={search_term_string}\"},\"query-input\":{\"@type\":\"PropertyValueSpecification\",\"valueRequired\":true,\"valueName\":\"search_term_string\"}}],\"inLanguage\":\"es\"},{\"@type\":\"Organization\",\"@id\":\"https:\/\/www.lamigraf.com\/#organization\",\"name\":\"Lamigraf\",\"url\":\"https:\/\/www.lamigraf.com\/\",\"logo\":{\"@type\":\"ImageObject\",\"inLanguage\":\"es\",\"@id\":\"https:\/\/www.lamigraf.com\/#\/schema\/logo\/image\/\",\"url\":\"https:\/\/www.lamigraf.com\/wp-content\/uploads\/2024\/05\/Logo-white.svg\",\"contentUrl\":\"https:\/\/www.lamigraf.com\/wp-content\/uploads\/2024\/05\/Logo-white.svg\",\"width\":147,\"height\":36,\"caption\":\"Lamigraf\"},\"image\":{\"@id\":\"https:\/\/www.lamigraf.com\/#\/schema\/logo\/image\/\"}}]}<\/script>\n<!-- \/ Yoast SEO plugin. -->","yoast_head_json":{"title":"HAIKOU - Lamigraf","robots":{"index":"index","follow":"follow","max-snippet":"max-snippet:-1","max-image-preview":"max-image-preview:large","max-video-preview":"max-video-preview:-1"},"canonical":"https:\/\/www.lamigraf.com\/es\/disenos\/haikou-2\/","og_locale":"es_ES","og_type":"article","og_title":"HAIKOU - Lamigraf","og_description":"Lo especial de la acacia es que se ve homog\u00e9nea y discreta en su conjunto y es combinable en una inspecci\u00f3n m\u00e1s cercana. Esto se debe al tratamiento, que aqu\u00ed se mantuvo deliberadamente m\u00e1s plano, por lo que elementos como las catedrales son m\u00e1s d\u00e9biles, pero siguen teniendo una influencia decisiva en la imagen general, [&hellip;]","og_url":"https:\/\/www.lamigraf.com\/es\/disenos\/haikou-2\/","og_site_name":"Lamigraf","article_modified_time":"2024-10-24T06:44:10+00:00","og_image":[{"width":1166,"height":2560,"url":"https:\/\/www.lamigraf.com\/wp-content\/uploads\/2024\/06\/02901-O-scaled.jpg","type":"image\/jpeg"}],"twitter_card":"summary_large_image","schema":{"@context":"https:\/\/schema.org","@graph":[{"@type":"WebPage","@id":"https:\/\/www.lamigraf.com\/es\/disenos\/haikou-2\/","url":"https:\/\/www.lamigraf.com\/es\/disenos\/haikou-2\/","name":"HAIKOU - Lamigraf","isPartOf":{"@id":"https:\/\/www.lamigraf.com\/#website"},"primaryImageOfPage":{"@id":"https:\/\/www.lamigraf.com\/es\/disenos\/haikou-2\/#primaryimage"},"image":{"@id":"https:\/\/www.lamigraf.com\/es\/disenos\/haikou-2\/#primaryimage"},"thumbnailUrl":"https:\/\/www.lamigraf.com\/wp-content\/uploads\/2024\/06\/02901-O-scaled.jpg","datePublished":"2024-06-07T07:50:56+00:00","dateModified":"2024-10-24T06:44:10+00:00","breadcrumb":{"@id":"https:\/\/www.lamigraf.com\/es\/disenos\/haikou-2\/#breadcrumb"},"inLanguage":"es","potentialAction":[{"@type":"ReadAction","target":["https:\/\/www.lamigraf.com\/es\/disenos\/haikou-2\/"]}]},{"@type":"ImageObject","inLanguage":"es","@id":"https:\/\/www.lamigraf.com\/es\/disenos\/haikou-2\/#primaryimage","url":"https:\/\/www.lamigraf.com\/wp-content\/uploads\/2024\/06\/02901-O-scaled.jpg","contentUrl":"https:\/\/www.lamigraf.com\/wp-content\/uploads\/2024\/06\/02901-O-scaled.jpg","width":1166,"height":2560},{"@type":"BreadcrumbList","@id":"https:\/\/www.lamigraf.com\/es\/disenos\/haikou-2\/#breadcrumb","itemListElement":[{"@type":"ListItem","position":1,"name":"Home","item":"https:\/\/www.lamigraf.com\/es\/"},{"@type":"ListItem","position":2,"name":"Designs","item":"https:\/\/www.lamigraf.com\/designs\/"},{"@type":"ListItem","position":3,"name":"HAIKOU"}]},{"@type":"WebSite","@id":"https:\/\/www.lamigraf.com\/#website","url":"https:\/\/www.lamigraf.com\/","name":"Lamigraf","description":"","publisher":{"@id":"https:\/\/www.lamigraf.com\/#organization"},"potentialAction":[{"@type":"SearchAction","target":{"@type":"EntryPoint","urlTemplate":"https:\/\/www.lamigraf.com\/?s={search_term_string}"},"query-input":{"@type":"PropertyValueSpecification","valueRequired":true,"valueName":"search_term_string"}}],"inLanguage":"es"},{"@type":"Organization","@id":"https:\/\/www.lamigraf.com\/#organization","name":"Lamigraf","url":"https:\/\/www.lamigraf.com\/","logo":{"@type":"ImageObject","inLanguage":"es","@id":"https:\/\/www.lamigraf.com\/#\/schema\/logo\/image\/","url":"https:\/\/www.lamigraf.com\/wp-content\/uploads\/2024\/05\/Logo-white.svg","contentUrl":"https:\/\/www.lamigraf.com\/wp-content\/uploads\/2024\/05\/Logo-white.svg","width":147,"height":36,"caption":"Lamigraf"},"image":{"@id":"https:\/\/www.lamigraf.com\/#\/schema\/logo\/image\/"}}]}},"_links":{"self":[{"href":"https:\/\/www.lamigraf.com\/es\/wp-json\/wp\/v2\/product\/12348","targetHints":{"allow":["GET"]}}],"collection":[{"href":"https:\/\/www.lamigraf.com\/es\/wp-json\/wp\/v2\/product"}],"about":[{"href":"https:\/\/www.lamigraf.com\/es\/wp-json\/wp\/v2\/types\/product"}],"version-history":[{"count":2,"href":"https:\/\/www.lamigraf.com\/es\/wp-json\/wp\/v2\/product\/12348\/revisions"}],"predecessor-version":[{"id":77488,"href":"https:\/\/www.lamigraf.com\/es\/wp-json\/wp\/v2\/product\/12348\/revisions\/77488"}],"acf:attachment":[{"embeddable":true,"href":"https:\/\/www.lamigraf.com\/es\/wp-json\/wp\/v2\/media\/81102"},{"embeddable":true,"href":"https:\/\/www.lamigraf.com\/es\/wp-json\/wp\/v2\/media\/81096"},{"embeddable":true,"href":"https:\/\/www.lamigraf.com\/es\/wp-json\/wp\/v2\/media\/13921"},{"embeddable":true,"href":"https:\/\/www.lamigraf.com\/es\/wp-json\/wp\/v2\/media\/13914"}],"wp:featuredmedia":[{"embeddable":true,"href":"https:\/\/www.lamigraf.com\/es\/wp-json\/wp\/v2\/media\/13907"}],"wp:attachment":[{"href":"https:\/\/www.lamigraf.com\/es\/wp-json\/wp\/v2\/media?parent=12348"}],"wp:term":[{"taxonomy":"product_applications","embeddable":true,"href":"https:\/\/www.lamigraf.com\/es\/wp-json\/wp\/v2\/applications?post=12348"},{"taxonomy":"product_type","embeddable":true,"href":"https:\/\/www.lamigraf.com\/es\/wp-json\/wp\/v2\/design-types?post=12348"},{"taxonomy":"product_characteristics","embeddable":true,"href":"https:\/\/www.lamigraf.com\/es\/wp-json\/wp\/v2\/characteristics?post=12348"},{"taxonomy":"product_apparence","embeddable":true,"href":"https:\/\/www.lamigraf.com\/es\/wp-json\/wp\/v2\/appearance?post=12348"}],"curies":[{"name":"wp","href":"https:\/\/api.w.org\/{rel}","templated":true}]}}