{"id":12384,"date":"2024-06-07T09:50:57","date_gmt":"2024-06-07T07:50:57","guid":{"rendered":"http:\/\/lamigraf.com\/designs\/verona-2\/"},"modified":"2025-04-10T11:56:30","modified_gmt":"2025-04-10T09:56:30","slug":"verona","status":"publish","type":"product","link":"https:\/\/www.lamigraf.com\/es\/disenos\/verona\/","title":{"rendered":"VERONA"},"content":{"rendered":"\n<p>Combinando armoniosamente elementos naturales con un toque de audacia, Verona encarna el equilibrio ideal entre lo contempor\u00e1neo y lo r\u00fastico. La madera de roble natural con suaves grietas es la respuesta perfecta al creciente atractivo de los estilos r\u00fasticos reinventados. Su versatilidad es notable, permitiendo su aplicaci\u00f3n en una amplia variedad de espacios, donde a\u00f1ade un aura de sofisticaci\u00f3n y encanto atemporal.<\/p>\n","protected":false},"excerpt":{"rendered":"<p>Combinando armoniosamente elementos naturales con un toque de audacia, Verona encarna el equilibrio ideal entre lo contempor\u00e1neo y lo r\u00fastico. La madera de roble natural con suaves grietas es la respuesta perfecta al creciente atractivo de los estilos r\u00fasticos reinventados. Su versatilidad es notable, permitiendo su aplicaci\u00f3n en una amplia variedad de espacios, donde a\u00f1ade [&hellip;]<\/p>\n","protected":false},"featured_media":13165,"template":"","meta":{"_acf_changed":false,"_gspb_post_css":"","footnotes":""},"applications":[689],"design-types":[813,705],"characteristics":[753,861,857],"appearance":[782],"class_list":["post-12384","product","type-product","status-publish","has-post-thumbnail","hentry","product_applications-muebles","product_type-wood-es","product_type-oak-es","product_characteristics-cathedrals-es","product_characteristics-planked-es","product_characteristics-cracks-es","product_apparence-brushed-es"],"acf":{"code":"3014","peripheral_development":"1300","axial_development":"2200","cylinders":"3","data_sheet":79614,"collections":[{"code":"3014-0201","thumbnail":84080,"render":84108},{"code":"3014-0301","thumbnail":84074,"render":84114},{"code":"3014-0302","thumbnail":84086,"render":84120},{"code":"3014-0303","thumbnail":84092,"render":84126},{"code":"3014-0304","thumbnail":84098,"render":84132}],"usages":[13172,80738],"inspiration":{"top":{"title":"Encimera","thumbnail":16588,"reference":"2697-0301"},"bottom_title":"Estantes"},"hover_image":13172,"eir":"","collaborator":{"name":"","link":""},"synchro_wood":false,"novedad":false},"yoast_head":"<!-- This site is optimized with the Yoast SEO plugin v25.2 - https:\/\/yoast.com\/wordpress\/plugins\/seo\/ -->\n<title>VERONA - Lamigraf<\/title>\n<meta name=\"robots\" content=\"index, follow, max-snippet:-1, max-image-preview:large, max-video-preview:-1\" \/>\n<link rel=\"canonical\" href=\"https:\/\/www.lamigraf.com\/es\/disenos\/verona\/\" \/>\n<meta property=\"og:locale\" content=\"es_ES\" \/>\n<meta property=\"og:type\" content=\"article\" \/>\n<meta property=\"og:title\" content=\"VERONA - Lamigraf\" \/>\n<meta property=\"og:description\" content=\"Combinando armoniosamente elementos naturales con un toque de audacia, Verona encarna el equilibrio ideal entre lo contempor\u00e1neo y lo r\u00fastico. La madera de roble natural con suaves grietas es la respuesta perfecta al creciente atractivo de los estilos r\u00fasticos reinventados. Su versatilidad es notable, permitiendo su aplicaci\u00f3n en una amplia variedad de espacios, donde a\u00f1ade [&hellip;]\" \/>\n<meta property=\"og:url\" content=\"https:\/\/www.lamigraf.com\/es\/disenos\/verona\/\" \/>\n<meta property=\"og:site_name\" content=\"Lamigraf\" \/>\n<meta property=\"article:modified_time\" content=\"2025-04-10T09:56:30+00:00\" \/>\n<meta property=\"og:image\" content=\"https:\/\/www.lamigraf.com\/wp-content\/uploads\/2024\/06\/03014-O-scaled.jpg\" \/>\n\t<meta property=\"og:image:width\" content=\"1390\" \/>\n\t<meta property=\"og:image:height\" content=\"2560\" \/>\n\t<meta property=\"og:image:type\" content=\"image\/jpeg\" \/>\n<meta name=\"twitter:card\" content=\"summary_large_image\" \/>\n<meta name=\"twitter:label1\" content=\"Tiempo de lectura\" \/>\n\t<meta name=\"twitter:data1\" content=\"1 minuto\" \/>\n<script type=\"application\/ld+json\" class=\"yoast-schema-graph\">{\"@context\":\"https:\/\/schema.org\",\"@graph\":[{\"@type\":\"WebPage\",\"@id\":\"https:\/\/www.lamigraf.com\/es\/disenos\/verona\/\",\"url\":\"https:\/\/www.lamigraf.com\/es\/disenos\/verona\/\",\"name\":\"VERONA - Lamigraf\",\"isPartOf\":{\"@id\":\"https:\/\/www.lamigraf.com\/#website\"},\"primaryImageOfPage\":{\"@id\":\"https:\/\/www.lamigraf.com\/es\/disenos\/verona\/#primaryimage\"},\"image\":{\"@id\":\"https:\/\/www.lamigraf.com\/es\/disenos\/verona\/#primaryimage\"},\"thumbnailUrl\":\"https:\/\/www.lamigraf.com\/wp-content\/uploads\/2024\/06\/03014-O-scaled.jpg\",\"datePublished\":\"2024-06-07T07:50:57+00:00\",\"dateModified\":\"2025-04-10T09:56:30+00:00\",\"breadcrumb\":{\"@id\":\"https:\/\/www.lamigraf.com\/es\/disenos\/verona\/#breadcrumb\"},\"inLanguage\":\"es\",\"potentialAction\":[{\"@type\":\"ReadAction\",\"target\":[\"https:\/\/www.lamigraf.com\/es\/disenos\/verona\/\"]}]},{\"@type\":\"ImageObject\",\"inLanguage\":\"es\",\"@id\":\"https:\/\/www.lamigraf.com\/es\/disenos\/verona\/#primaryimage\",\"url\":\"https:\/\/www.lamigraf.com\/wp-content\/uploads\/2024\/06\/03014-O-scaled.jpg\",\"contentUrl\":\"https:\/\/www.lamigraf.com\/wp-content\/uploads\/2024\/06\/03014-O-scaled.jpg\",\"width\":1390,\"height\":2560},{\"@type\":\"BreadcrumbList\",\"@id\":\"https:\/\/www.lamigraf.com\/es\/disenos\/verona\/#breadcrumb\",\"itemListElement\":[{\"@type\":\"ListItem\",\"position\":1,\"name\":\"Home\",\"item\":\"https:\/\/www.lamigraf.com\/es\/\"},{\"@type\":\"ListItem\",\"position\":2,\"name\":\"Designs\",\"item\":\"https:\/\/www.lamigraf.com\/designs\/\"},{\"@type\":\"ListItem\",\"position\":3,\"name\":\"VERONA\"}]},{\"@type\":\"WebSite\",\"@id\":\"https:\/\/www.lamigraf.com\/#website\",\"url\":\"https:\/\/www.lamigraf.com\/\",\"name\":\"Lamigraf\",\"description\":\"\",\"publisher\":{\"@id\":\"https:\/\/www.lamigraf.com\/#organization\"},\"potentialAction\":[{\"@type\":\"SearchAction\",\"target\":{\"@type\":\"EntryPoint\",\"urlTemplate\":\"https:\/\/www.lamigraf.com\/?s={search_term_string}\"},\"query-input\":{\"@type\":\"PropertyValueSpecification\",\"valueRequired\":true,\"valueName\":\"search_term_string\"}}],\"inLanguage\":\"es\"},{\"@type\":\"Organization\",\"@id\":\"https:\/\/www.lamigraf.com\/#organization\",\"name\":\"Lamigraf\",\"url\":\"https:\/\/www.lamigraf.com\/\",\"logo\":{\"@type\":\"ImageObject\",\"inLanguage\":\"es\",\"@id\":\"https:\/\/www.lamigraf.com\/#\/schema\/logo\/image\/\",\"url\":\"https:\/\/www.lamigraf.com\/wp-content\/uploads\/2024\/05\/Logo-white.svg\",\"contentUrl\":\"https:\/\/www.lamigraf.com\/wp-content\/uploads\/2024\/05\/Logo-white.svg\",\"width\":147,\"height\":36,\"caption\":\"Lamigraf\"},\"image\":{\"@id\":\"https:\/\/www.lamigraf.com\/#\/schema\/logo\/image\/\"}}]}<\/script>\n<!-- \/ Yoast SEO plugin. -->","yoast_head_json":{"title":"VERONA - Lamigraf","robots":{"index":"index","follow":"follow","max-snippet":"max-snippet:-1","max-image-preview":"max-image-preview:large","max-video-preview":"max-video-preview:-1"},"canonical":"https:\/\/www.lamigraf.com\/es\/disenos\/verona\/","og_locale":"es_ES","og_type":"article","og_title":"VERONA - Lamigraf","og_description":"Combinando armoniosamente elementos naturales con un toque de audacia, Verona encarna el equilibrio ideal entre lo contempor\u00e1neo y lo r\u00fastico. La madera de roble natural con suaves grietas es la respuesta perfecta al creciente atractivo de los estilos r\u00fasticos reinventados. Su versatilidad es notable, permitiendo su aplicaci\u00f3n en una amplia variedad de espacios, donde a\u00f1ade [&hellip;]","og_url":"https:\/\/www.lamigraf.com\/es\/disenos\/verona\/","og_site_name":"Lamigraf","article_modified_time":"2025-04-10T09:56:30+00:00","og_image":[{"width":1390,"height":2560,"url":"https:\/\/www.lamigraf.com\/wp-content\/uploads\/2024\/06\/03014-O-scaled.jpg","type":"image\/jpeg"}],"twitter_card":"summary_large_image","twitter_misc":{"Tiempo de lectura":"1 minuto"},"schema":{"@context":"https:\/\/schema.org","@graph":[{"@type":"WebPage","@id":"https:\/\/www.lamigraf.com\/es\/disenos\/verona\/","url":"https:\/\/www.lamigraf.com\/es\/disenos\/verona\/","name":"VERONA - Lamigraf","isPartOf":{"@id":"https:\/\/www.lamigraf.com\/#website"},"primaryImageOfPage":{"@id":"https:\/\/www.lamigraf.com\/es\/disenos\/verona\/#primaryimage"},"image":{"@id":"https:\/\/www.lamigraf.com\/es\/disenos\/verona\/#primaryimage"},"thumbnailUrl":"https:\/\/www.lamigraf.com\/wp-content\/uploads\/2024\/06\/03014-O-scaled.jpg","datePublished":"2024-06-07T07:50:57+00:00","dateModified":"2025-04-10T09:56:30+00:00","breadcrumb":{"@id":"https:\/\/www.lamigraf.com\/es\/disenos\/verona\/#breadcrumb"},"inLanguage":"es","potentialAction":[{"@type":"ReadAction","target":["https:\/\/www.lamigraf.com\/es\/disenos\/verona\/"]}]},{"@type":"ImageObject","inLanguage":"es","@id":"https:\/\/www.lamigraf.com\/es\/disenos\/verona\/#primaryimage","url":"https:\/\/www.lamigraf.com\/wp-content\/uploads\/2024\/06\/03014-O-scaled.jpg","contentUrl":"https:\/\/www.lamigraf.com\/wp-content\/uploads\/2024\/06\/03014-O-scaled.jpg","width":1390,"height":2560},{"@type":"BreadcrumbList","@id":"https:\/\/www.lamigraf.com\/es\/disenos\/verona\/#breadcrumb","itemListElement":[{"@type":"ListItem","position":1,"name":"Home","item":"https:\/\/www.lamigraf.com\/es\/"},{"@type":"ListItem","position":2,"name":"Designs","item":"https:\/\/www.lamigraf.com\/designs\/"},{"@type":"ListItem","position":3,"name":"VERONA"}]},{"@type":"WebSite","@id":"https:\/\/www.lamigraf.com\/#website","url":"https:\/\/www.lamigraf.com\/","name":"Lamigraf","description":"","publisher":{"@id":"https:\/\/www.lamigraf.com\/#organization"},"potentialAction":[{"@type":"SearchAction","target":{"@type":"EntryPoint","urlTemplate":"https:\/\/www.lamigraf.com\/?s={search_term_string}"},"query-input":{"@type":"PropertyValueSpecification","valueRequired":true,"valueName":"search_term_string"}}],"inLanguage":"es"},{"@type":"Organization","@id":"https:\/\/www.lamigraf.com\/#organization","name":"Lamigraf","url":"https:\/\/www.lamigraf.com\/","logo":{"@type":"ImageObject","inLanguage":"es","@id":"https:\/\/www.lamigraf.com\/#\/schema\/logo\/image\/","url":"https:\/\/www.lamigraf.com\/wp-content\/uploads\/2024\/05\/Logo-white.svg","contentUrl":"https:\/\/www.lamigraf.com\/wp-content\/uploads\/2024\/05\/Logo-white.svg","width":147,"height":36,"caption":"Lamigraf"},"image":{"@id":"https:\/\/www.lamigraf.com\/#\/schema\/logo\/image\/"}}]}},"_links":{"self":[{"href":"https:\/\/www.lamigraf.com\/es\/wp-json\/wp\/v2\/product\/12384","targetHints":{"allow":["GET"]}}],"collection":[{"href":"https:\/\/www.lamigraf.com\/es\/wp-json\/wp\/v2\/product"}],"about":[{"href":"https:\/\/www.lamigraf.com\/es\/wp-json\/wp\/v2\/types\/product"}],"version-history":[{"count":3,"href":"https:\/\/www.lamigraf.com\/es\/wp-json\/wp\/v2\/product\/12384\/revisions"}],"predecessor-version":[{"id":88182,"href":"https:\/\/www.lamigraf.com\/es\/wp-json\/wp\/v2\/product\/12384\/revisions\/88182"}],"acf:attachment":[{"embeddable":true,"href":"https:\/\/www.lamigraf.com\/es\/wp-json\/wp\/v2\/media\/80738"},{"embeddable":true,"href":"https:\/\/www.lamigraf.com\/es\/wp-json\/wp\/v2\/media\/13172"}],"wp:featuredmedia":[{"embeddable":true,"href":"https:\/\/www.lamigraf.com\/es\/wp-json\/wp\/v2\/media\/13165"}],"wp:attachment":[{"href":"https:\/\/www.lamigraf.com\/es\/wp-json\/wp\/v2\/media?parent=12384"}],"wp:term":[{"taxonomy":"product_applications","embeddable":true,"href":"https:\/\/www.lamigraf.com\/es\/wp-json\/wp\/v2\/applications?post=12384"},{"taxonomy":"product_type","embeddable":true,"href":"https:\/\/www.lamigraf.com\/es\/wp-json\/wp\/v2\/design-types?post=12384"},{"taxonomy":"product_characteristics","embeddable":true,"href":"https:\/\/www.lamigraf.com\/es\/wp-json\/wp\/v2\/characteristics?post=12384"},{"taxonomy":"product_apparence","embeddable":true,"href":"https:\/\/www.lamigraf.com\/es\/wp-json\/wp\/v2\/appearance?post=12384"}],"curies":[{"name":"wp","href":"https:\/\/api.w.org\/{rel}","templated":true}]}}