{"id":12399,"date":"2024-06-07T09:50:58","date_gmt":"2024-06-07T07:50:58","guid":{"rendered":"http:\/\/lamigraf.com\/designs\/java-2\/"},"modified":"2025-04-09T12:59:40","modified_gmt":"2025-04-09T10:59:40","slug":"java-2","status":"publish","type":"product","link":"https:\/\/www.lamigraf.com\/es\/disenos\/java-2\/","title":{"rendered":"JAVA"},"content":{"rendered":"Java es una celebraci\u00f3n de la belleza natural y armoniosa de la madera de roble, buscando capturar su esencia temporal y elegante. Envuelto en elementos contempor\u00e1neos, este dise\u00f1o, es una expresi\u00f3n de sofisticaci\u00f3n vers\u00e1til, creando una pieza elegante y a la vez adaptable. Dise\u00f1ado para integrarse armoniosamente en una variedad de espacios y estilos de decoraci\u00f3n, su versatilidad en cuanto a estructuras y tonos permite una incorporaci\u00f3n fluida y refinada en cualquier ambiente.","protected":false},"excerpt":{"rendered":"<p>Java es una celebraci\u00f3n de la belleza natural y armoniosa de la madera de roble, buscando capturar su esencia temporal y elegante. Envuelto en elementos contempor\u00e1neos, este dise\u00f1o, es una expresi\u00f3n de sofisticaci\u00f3n vers\u00e1til, creando una pieza elegante y a la vez adaptable. Dise\u00f1ado para integrarse armoniosamente en una variedad de espacios y estilos de [&hellip;]<\/p>\n","protected":false},"featured_media":12906,"template":"","meta":{"_acf_changed":false,"_gspb_post_css":"","footnotes":""},"applications":[8,689],"design-types":[813,604,705],"characteristics":[753,861,754],"appearance":[],"class_list":["post-12399","product","type-product","status-publish","has-post-thumbnail","hentry","product_applications-furniture","product_applications-muebles","product_type-wood-es","product_type-oak","product_type-oak-es","product_characteristics-cathedrals-es","product_characteristics-planked-es","product_characteristics-knots-es"],"acf":{"code":"3017","peripheral_development":"1400","axial_development":"1220","cylinders":"3","data_sheet":79569,"collections":[{"code":"3017-0201","thumbnail":84003,"render":83972},{"code":"3017-0301","thumbnail":84009,"render":83978},{"code":"3017-0302","thumbnail":84015,"render":83984},{"code":"3017-0303","thumbnail":84021,"render":83990},{"code":"3017-0304","thumbnail":84027,"render":83996}],"usages":[12913,77812],"inspiration":{"top":{"title":"Encimera de cocina","thumbnail":50559,"reference":"2397-0309"},"bottom_title":"Estantes"},"hover_image":12913,"eir":"","collaborator":{"name":"","link":""},"synchro_wood":false,"novedad":false},"yoast_head":"<!-- This site is optimized with the Yoast SEO plugin v25.2 - https:\/\/yoast.com\/wordpress\/plugins\/seo\/ -->\n<title>JAVA - Lamigraf<\/title>\n<meta name=\"robots\" content=\"index, follow, max-snippet:-1, max-image-preview:large, max-video-preview:-1\" \/>\n<link rel=\"canonical\" href=\"https:\/\/www.lamigraf.com\/es\/disenos\/java-2\/\" \/>\n<meta property=\"og:locale\" content=\"es_ES\" \/>\n<meta property=\"og:type\" content=\"article\" \/>\n<meta property=\"og:title\" content=\"JAVA - Lamigraf\" \/>\n<meta property=\"og:description\" content=\"Java es una celebraci\u00f3n de la belleza natural y armoniosa de la madera de roble, buscando capturar su esencia temporal y elegante. Envuelto en elementos contempor\u00e1neos, este dise\u00f1o, es una expresi\u00f3n de sofisticaci\u00f3n vers\u00e1til, creando una pieza elegante y a la vez adaptable. Dise\u00f1ado para integrarse armoniosamente en una variedad de espacios y estilos de [&hellip;]\" \/>\n<meta property=\"og:url\" content=\"https:\/\/www.lamigraf.com\/es\/disenos\/java-2\/\" \/>\n<meta property=\"og:site_name\" content=\"Lamigraf\" \/>\n<meta property=\"article:modified_time\" content=\"2025-04-09T10:59:40+00:00\" \/>\n<meta property=\"og:image\" content=\"https:\/\/www.lamigraf.com\/wp-content\/uploads\/2024\/06\/03017-O.jpg\" \/>\n\t<meta property=\"og:image:width\" content=\"1920\" \/>\n\t<meta property=\"og:image:height\" content=\"1135\" \/>\n\t<meta property=\"og:image:type\" content=\"image\/jpeg\" \/>\n<meta name=\"twitter:card\" content=\"summary_large_image\" \/>\n<meta name=\"twitter:label1\" content=\"Tiempo de lectura\" \/>\n\t<meta name=\"twitter:data1\" content=\"1 minuto\" \/>\n<script type=\"application\/ld+json\" class=\"yoast-schema-graph\">{\"@context\":\"https:\/\/schema.org\",\"@graph\":[{\"@type\":\"WebPage\",\"@id\":\"https:\/\/www.lamigraf.com\/es\/disenos\/java-2\/\",\"url\":\"https:\/\/www.lamigraf.com\/es\/disenos\/java-2\/\",\"name\":\"JAVA - Lamigraf\",\"isPartOf\":{\"@id\":\"https:\/\/www.lamigraf.com\/#website\"},\"primaryImageOfPage\":{\"@id\":\"https:\/\/www.lamigraf.com\/es\/disenos\/java-2\/#primaryimage\"},\"image\":{\"@id\":\"https:\/\/www.lamigraf.com\/es\/disenos\/java-2\/#primaryimage\"},\"thumbnailUrl\":\"https:\/\/www.lamigraf.com\/wp-content\/uploads\/2024\/06\/03017-O.jpg\",\"datePublished\":\"2024-06-07T07:50:58+00:00\",\"dateModified\":\"2025-04-09T10:59:40+00:00\",\"breadcrumb\":{\"@id\":\"https:\/\/www.lamigraf.com\/es\/disenos\/java-2\/#breadcrumb\"},\"inLanguage\":\"es\",\"potentialAction\":[{\"@type\":\"ReadAction\",\"target\":[\"https:\/\/www.lamigraf.com\/es\/disenos\/java-2\/\"]}]},{\"@type\":\"ImageObject\",\"inLanguage\":\"es\",\"@id\":\"https:\/\/www.lamigraf.com\/es\/disenos\/java-2\/#primaryimage\",\"url\":\"https:\/\/www.lamigraf.com\/wp-content\/uploads\/2024\/06\/03017-O.jpg\",\"contentUrl\":\"https:\/\/www.lamigraf.com\/wp-content\/uploads\/2024\/06\/03017-O.jpg\",\"width\":1920,\"height\":1135},{\"@type\":\"BreadcrumbList\",\"@id\":\"https:\/\/www.lamigraf.com\/es\/disenos\/java-2\/#breadcrumb\",\"itemListElement\":[{\"@type\":\"ListItem\",\"position\":1,\"name\":\"Home\",\"item\":\"https:\/\/www.lamigraf.com\/es\/\"},{\"@type\":\"ListItem\",\"position\":2,\"name\":\"Designs\",\"item\":\"https:\/\/www.lamigraf.com\/designs\/\"},{\"@type\":\"ListItem\",\"position\":3,\"name\":\"JAVA\"}]},{\"@type\":\"WebSite\",\"@id\":\"https:\/\/www.lamigraf.com\/#website\",\"url\":\"https:\/\/www.lamigraf.com\/\",\"name\":\"Lamigraf\",\"description\":\"\",\"publisher\":{\"@id\":\"https:\/\/www.lamigraf.com\/#organization\"},\"potentialAction\":[{\"@type\":\"SearchAction\",\"target\":{\"@type\":\"EntryPoint\",\"urlTemplate\":\"https:\/\/www.lamigraf.com\/?s={search_term_string}\"},\"query-input\":{\"@type\":\"PropertyValueSpecification\",\"valueRequired\":true,\"valueName\":\"search_term_string\"}}],\"inLanguage\":\"es\"},{\"@type\":\"Organization\",\"@id\":\"https:\/\/www.lamigraf.com\/#organization\",\"name\":\"Lamigraf\",\"url\":\"https:\/\/www.lamigraf.com\/\",\"logo\":{\"@type\":\"ImageObject\",\"inLanguage\":\"es\",\"@id\":\"https:\/\/www.lamigraf.com\/#\/schema\/logo\/image\/\",\"url\":\"https:\/\/www.lamigraf.com\/wp-content\/uploads\/2024\/05\/Logo-white.svg\",\"contentUrl\":\"https:\/\/www.lamigraf.com\/wp-content\/uploads\/2024\/05\/Logo-white.svg\",\"width\":147,\"height\":36,\"caption\":\"Lamigraf\"},\"image\":{\"@id\":\"https:\/\/www.lamigraf.com\/#\/schema\/logo\/image\/\"}}]}<\/script>\n<!-- \/ Yoast SEO plugin. -->","yoast_head_json":{"title":"JAVA - Lamigraf","robots":{"index":"index","follow":"follow","max-snippet":"max-snippet:-1","max-image-preview":"max-image-preview:large","max-video-preview":"max-video-preview:-1"},"canonical":"https:\/\/www.lamigraf.com\/es\/disenos\/java-2\/","og_locale":"es_ES","og_type":"article","og_title":"JAVA - Lamigraf","og_description":"Java es una celebraci\u00f3n de la belleza natural y armoniosa de la madera de roble, buscando capturar su esencia temporal y elegante. Envuelto en elementos contempor\u00e1neos, este dise\u00f1o, es una expresi\u00f3n de sofisticaci\u00f3n vers\u00e1til, creando una pieza elegante y a la vez adaptable. Dise\u00f1ado para integrarse armoniosamente en una variedad de espacios y estilos de [&hellip;]","og_url":"https:\/\/www.lamigraf.com\/es\/disenos\/java-2\/","og_site_name":"Lamigraf","article_modified_time":"2025-04-09T10:59:40+00:00","og_image":[{"width":1920,"height":1135,"url":"https:\/\/www.lamigraf.com\/wp-content\/uploads\/2024\/06\/03017-O.jpg","type":"image\/jpeg"}],"twitter_card":"summary_large_image","twitter_misc":{"Tiempo de lectura":"1 minuto"},"schema":{"@context":"https:\/\/schema.org","@graph":[{"@type":"WebPage","@id":"https:\/\/www.lamigraf.com\/es\/disenos\/java-2\/","url":"https:\/\/www.lamigraf.com\/es\/disenos\/java-2\/","name":"JAVA - Lamigraf","isPartOf":{"@id":"https:\/\/www.lamigraf.com\/#website"},"primaryImageOfPage":{"@id":"https:\/\/www.lamigraf.com\/es\/disenos\/java-2\/#primaryimage"},"image":{"@id":"https:\/\/www.lamigraf.com\/es\/disenos\/java-2\/#primaryimage"},"thumbnailUrl":"https:\/\/www.lamigraf.com\/wp-content\/uploads\/2024\/06\/03017-O.jpg","datePublished":"2024-06-07T07:50:58+00:00","dateModified":"2025-04-09T10:59:40+00:00","breadcrumb":{"@id":"https:\/\/www.lamigraf.com\/es\/disenos\/java-2\/#breadcrumb"},"inLanguage":"es","potentialAction":[{"@type":"ReadAction","target":["https:\/\/www.lamigraf.com\/es\/disenos\/java-2\/"]}]},{"@type":"ImageObject","inLanguage":"es","@id":"https:\/\/www.lamigraf.com\/es\/disenos\/java-2\/#primaryimage","url":"https:\/\/www.lamigraf.com\/wp-content\/uploads\/2024\/06\/03017-O.jpg","contentUrl":"https:\/\/www.lamigraf.com\/wp-content\/uploads\/2024\/06\/03017-O.jpg","width":1920,"height":1135},{"@type":"BreadcrumbList","@id":"https:\/\/www.lamigraf.com\/es\/disenos\/java-2\/#breadcrumb","itemListElement":[{"@type":"ListItem","position":1,"name":"Home","item":"https:\/\/www.lamigraf.com\/es\/"},{"@type":"ListItem","position":2,"name":"Designs","item":"https:\/\/www.lamigraf.com\/designs\/"},{"@type":"ListItem","position":3,"name":"JAVA"}]},{"@type":"WebSite","@id":"https:\/\/www.lamigraf.com\/#website","url":"https:\/\/www.lamigraf.com\/","name":"Lamigraf","description":"","publisher":{"@id":"https:\/\/www.lamigraf.com\/#organization"},"potentialAction":[{"@type":"SearchAction","target":{"@type":"EntryPoint","urlTemplate":"https:\/\/www.lamigraf.com\/?s={search_term_string}"},"query-input":{"@type":"PropertyValueSpecification","valueRequired":true,"valueName":"search_term_string"}}],"inLanguage":"es"},{"@type":"Organization","@id":"https:\/\/www.lamigraf.com\/#organization","name":"Lamigraf","url":"https:\/\/www.lamigraf.com\/","logo":{"@type":"ImageObject","inLanguage":"es","@id":"https:\/\/www.lamigraf.com\/#\/schema\/logo\/image\/","url":"https:\/\/www.lamigraf.com\/wp-content\/uploads\/2024\/05\/Logo-white.svg","contentUrl":"https:\/\/www.lamigraf.com\/wp-content\/uploads\/2024\/05\/Logo-white.svg","width":147,"height":36,"caption":"Lamigraf"},"image":{"@id":"https:\/\/www.lamigraf.com\/#\/schema\/logo\/image\/"}}]}},"_links":{"self":[{"href":"https:\/\/www.lamigraf.com\/es\/wp-json\/wp\/v2\/product\/12399","targetHints":{"allow":["GET"]}}],"collection":[{"href":"https:\/\/www.lamigraf.com\/es\/wp-json\/wp\/v2\/product"}],"about":[{"href":"https:\/\/www.lamigraf.com\/es\/wp-json\/wp\/v2\/types\/product"}],"version-history":[{"count":1,"href":"https:\/\/www.lamigraf.com\/es\/wp-json\/wp\/v2\/product\/12399\/revisions"}],"predecessor-version":[{"id":87971,"href":"https:\/\/www.lamigraf.com\/es\/wp-json\/wp\/v2\/product\/12399\/revisions\/87971"}],"acf:attachment":[{"embeddable":true,"href":"https:\/\/www.lamigraf.com\/es\/wp-json\/wp\/v2\/media\/77812"},{"embeddable":true,"href":"https:\/\/www.lamigraf.com\/es\/wp-json\/wp\/v2\/media\/12913"}],"wp:featuredmedia":[{"embeddable":true,"href":"https:\/\/www.lamigraf.com\/es\/wp-json\/wp\/v2\/media\/12906"}],"wp:attachment":[{"href":"https:\/\/www.lamigraf.com\/es\/wp-json\/wp\/v2\/media?parent=12399"}],"wp:term":[{"taxonomy":"product_applications","embeddable":true,"href":"https:\/\/www.lamigraf.com\/es\/wp-json\/wp\/v2\/applications?post=12399"},{"taxonomy":"product_type","embeddable":true,"href":"https:\/\/www.lamigraf.com\/es\/wp-json\/wp\/v2\/design-types?post=12399"},{"taxonomy":"product_characteristics","embeddable":true,"href":"https:\/\/www.lamigraf.com\/es\/wp-json\/wp\/v2\/characteristics?post=12399"},{"taxonomy":"product_apparence","embeddable":true,"href":"https:\/\/www.lamigraf.com\/es\/wp-json\/wp\/v2\/appearance?post=12399"}],"curies":[{"name":"wp","href":"https:\/\/api.w.org\/{rel}","templated":true}]}}