{"id":12417,"date":"2024-06-07T09:50:59","date_gmt":"2024-06-07T07:50:59","guid":{"rendered":"http:\/\/lamigraf.com\/designs\/manitu-2\/"},"modified":"2025-04-03T09:53:53","modified_gmt":"2025-04-03T07:53:53","slug":"manitu-2","status":"publish","type":"product","link":"https:\/\/www.lamigraf.com\/es\/disenos\/manitu-2\/","title":{"rendered":"MANITU"},"content":{"rendered":"Diferenci\u00e1ndose de las acacias tradicionales y cl\u00e1sicas, Manitu nos invita a una reinterpretaci\u00f3n de esta madera ex\u00f3tica, dando como resultado una est\u00e9tica final m\u00e1s suave y contempor\u00e1nea, enriquecida por tonos c\u00e1lidos y naturales. Notablemente elegante y vers\u00e1til, se integra armoniosamente en cualquier espacio, adapt\u00e1ndose f\u00e1cilmente a una variedad de estilos de dise\u00f1o. Su aplicaci\u00f3n se ve facilitada por su capacidad para combinar de forma natural y armoniosa con diferentes tipos de materiales, aportando una dosis de sofisticaci\u00f3n y calidez a cualquier interior. ","protected":false},"excerpt":{"rendered":"<p>Diferenci\u00e1ndose de las acacias tradicionales y cl\u00e1sicas, Manitu nos invita a una reinterpretaci\u00f3n de esta madera ex\u00f3tica, dando como resultado una est\u00e9tica final m\u00e1s suave y contempor\u00e1nea, enriquecida por tonos c\u00e1lidos y naturales. Notablemente elegante y vers\u00e1til, se integra armoniosamente en cualquier espacio, adapt\u00e1ndose f\u00e1cilmente a una variedad de estilos de dise\u00f1o. Su aplicaci\u00f3n se [&hellip;]<\/p>\n","protected":false},"featured_media":97397,"template":"","meta":{"_acf_changed":false,"_gspb_post_css":"","footnotes":""},"applications":[8,689],"design-types":[833,813],"characteristics":[856,861],"appearance":[],"class_list":["post-12417","product","type-product","status-publish","has-post-thumbnail","hentry","product_applications-furniture","product_applications-muebles","product_type-acacy-es","product_type-wood-es","product_characteristics-2-3-cathedrals-es","product_characteristics-planked-es"],"acf":{"code":"2994","peripheral_development":"1250","axial_development":"2200","cylinders":"3","data_sheet":79677,"collections":[{"code":"2994-0301","thumbnail":97376,"render":97425},{"code":"2994-0302","thumbnail":97390,"render":97432},{"code":"2994-0305","thumbnail":97404,"render":97439},{"code":"2994-0306","thumbnail":97418,"render":97446}],"usages":[97411,97383],"inspiration":{"top":{"title":"Interior cama","thumbnail":14397,"reference":"2883-302"},"bottom_title":"Cama y mesa"},"hover_image":97411,"eir":"","collaborator":{"name":"","link":""},"synchro_wood":false,"novedad":false},"yoast_head":"<!-- This site is optimized with the Yoast SEO plugin v25.2 - https:\/\/yoast.com\/wordpress\/plugins\/seo\/ -->\n<title>MANITU - Lamigraf<\/title>\n<meta name=\"robots\" content=\"index, follow, max-snippet:-1, max-image-preview:large, max-video-preview:-1\" \/>\n<link rel=\"canonical\" href=\"https:\/\/www.lamigraf.com\/es\/disenos\/manitu-2\/\" \/>\n<meta property=\"og:locale\" content=\"es_ES\" \/>\n<meta property=\"og:type\" content=\"article\" \/>\n<meta property=\"og:title\" content=\"MANITU - Lamigraf\" \/>\n<meta property=\"og:description\" content=\"Diferenci\u00e1ndose de las acacias tradicionales y cl\u00e1sicas, Manitu nos invita a una reinterpretaci\u00f3n de esta madera ex\u00f3tica, dando como resultado una est\u00e9tica final m\u00e1s suave y contempor\u00e1nea, enriquecida por tonos c\u00e1lidos y naturales. Notablemente elegante y vers\u00e1til, se integra armoniosamente en cualquier espacio, adapt\u00e1ndose f\u00e1cilmente a una variedad de estilos de dise\u00f1o. Su aplicaci\u00f3n se [&hellip;]\" \/>\n<meta property=\"og:url\" content=\"https:\/\/www.lamigraf.com\/es\/disenos\/manitu-2\/\" \/>\n<meta property=\"og:site_name\" content=\"Lamigraf\" \/>\n<meta property=\"article:modified_time\" content=\"2025-04-03T07:53:53+00:00\" \/>\n<meta property=\"og:image\" content=\"https:\/\/www.lamigraf.com\/wp-content\/uploads\/2024\/06\/02994-O.jpg\" \/>\n\t<meta property=\"og:image:width\" content=\"1920\" \/>\n\t<meta property=\"og:image:height\" content=\"1091\" \/>\n\t<meta property=\"og:image:type\" content=\"image\/jpeg\" \/>\n<meta name=\"twitter:card\" content=\"summary_large_image\" \/>\n<meta name=\"twitter:label1\" content=\"Tiempo de lectura\" \/>\n\t<meta name=\"twitter:data1\" content=\"1 minuto\" \/>\n<script type=\"application\/ld+json\" class=\"yoast-schema-graph\">{\"@context\":\"https:\/\/schema.org\",\"@graph\":[{\"@type\":\"WebPage\",\"@id\":\"https:\/\/www.lamigraf.com\/es\/disenos\/manitu-2\/\",\"url\":\"https:\/\/www.lamigraf.com\/es\/disenos\/manitu-2\/\",\"name\":\"MANITU - Lamigraf\",\"isPartOf\":{\"@id\":\"https:\/\/www.lamigraf.com\/#website\"},\"primaryImageOfPage\":{\"@id\":\"https:\/\/www.lamigraf.com\/es\/disenos\/manitu-2\/#primaryimage\"},\"image\":{\"@id\":\"https:\/\/www.lamigraf.com\/es\/disenos\/manitu-2\/#primaryimage\"},\"thumbnailUrl\":\"https:\/\/www.lamigraf.com\/wp-content\/uploads\/2024\/06\/02994-0302.jpg\",\"datePublished\":\"2024-06-07T07:50:59+00:00\",\"dateModified\":\"2025-04-03T07:53:53+00:00\",\"breadcrumb\":{\"@id\":\"https:\/\/www.lamigraf.com\/es\/disenos\/manitu-2\/#breadcrumb\"},\"inLanguage\":\"es\",\"potentialAction\":[{\"@type\":\"ReadAction\",\"target\":[\"https:\/\/www.lamigraf.com\/es\/disenos\/manitu-2\/\"]}]},{\"@type\":\"ImageObject\",\"inLanguage\":\"es\",\"@id\":\"https:\/\/www.lamigraf.com\/es\/disenos\/manitu-2\/#primaryimage\",\"url\":\"https:\/\/www.lamigraf.com\/wp-content\/uploads\/2024\/06\/02994-0302.jpg\",\"contentUrl\":\"https:\/\/www.lamigraf.com\/wp-content\/uploads\/2024\/06\/02994-0302.jpg\",\"width\":1091,\"height\":1920},{\"@type\":\"BreadcrumbList\",\"@id\":\"https:\/\/www.lamigraf.com\/es\/disenos\/manitu-2\/#breadcrumb\",\"itemListElement\":[{\"@type\":\"ListItem\",\"position\":1,\"name\":\"Home\",\"item\":\"https:\/\/www.lamigraf.com\/es\/\"},{\"@type\":\"ListItem\",\"position\":2,\"name\":\"Designs\",\"item\":\"https:\/\/www.lamigraf.com\/designs\/\"},{\"@type\":\"ListItem\",\"position\":3,\"name\":\"MANITU\"}]},{\"@type\":\"WebSite\",\"@id\":\"https:\/\/www.lamigraf.com\/#website\",\"url\":\"https:\/\/www.lamigraf.com\/\",\"name\":\"Lamigraf\",\"description\":\"\",\"publisher\":{\"@id\":\"https:\/\/www.lamigraf.com\/#organization\"},\"potentialAction\":[{\"@type\":\"SearchAction\",\"target\":{\"@type\":\"EntryPoint\",\"urlTemplate\":\"https:\/\/www.lamigraf.com\/?s={search_term_string}\"},\"query-input\":{\"@type\":\"PropertyValueSpecification\",\"valueRequired\":true,\"valueName\":\"search_term_string\"}}],\"inLanguage\":\"es\"},{\"@type\":\"Organization\",\"@id\":\"https:\/\/www.lamigraf.com\/#organization\",\"name\":\"Lamigraf\",\"url\":\"https:\/\/www.lamigraf.com\/\",\"logo\":{\"@type\":\"ImageObject\",\"inLanguage\":\"es\",\"@id\":\"https:\/\/www.lamigraf.com\/#\/schema\/logo\/image\/\",\"url\":\"https:\/\/www.lamigraf.com\/wp-content\/uploads\/2024\/05\/Logo-white.svg\",\"contentUrl\":\"https:\/\/www.lamigraf.com\/wp-content\/uploads\/2024\/05\/Logo-white.svg\",\"width\":147,\"height\":36,\"caption\":\"Lamigraf\"},\"image\":{\"@id\":\"https:\/\/www.lamigraf.com\/#\/schema\/logo\/image\/\"}}]}<\/script>\n<!-- \/ Yoast SEO plugin. -->","yoast_head_json":{"title":"MANITU - Lamigraf","robots":{"index":"index","follow":"follow","max-snippet":"max-snippet:-1","max-image-preview":"max-image-preview:large","max-video-preview":"max-video-preview:-1"},"canonical":"https:\/\/www.lamigraf.com\/es\/disenos\/manitu-2\/","og_locale":"es_ES","og_type":"article","og_title":"MANITU - Lamigraf","og_description":"Diferenci\u00e1ndose de las acacias tradicionales y cl\u00e1sicas, Manitu nos invita a una reinterpretaci\u00f3n de esta madera ex\u00f3tica, dando como resultado una est\u00e9tica final m\u00e1s suave y contempor\u00e1nea, enriquecida por tonos c\u00e1lidos y naturales. Notablemente elegante y vers\u00e1til, se integra armoniosamente en cualquier espacio, adapt\u00e1ndose f\u00e1cilmente a una variedad de estilos de dise\u00f1o. Su aplicaci\u00f3n se [&hellip;]","og_url":"https:\/\/www.lamigraf.com\/es\/disenos\/manitu-2\/","og_site_name":"Lamigraf","article_modified_time":"2025-04-03T07:53:53+00:00","og_image":[{"width":1920,"height":1091,"url":"https:\/\/www.lamigraf.com\/wp-content\/uploads\/2024\/06\/02994-O.jpg","type":"image\/jpeg"}],"twitter_card":"summary_large_image","twitter_misc":{"Tiempo de lectura":"1 minuto"},"schema":{"@context":"https:\/\/schema.org","@graph":[{"@type":"WebPage","@id":"https:\/\/www.lamigraf.com\/es\/disenos\/manitu-2\/","url":"https:\/\/www.lamigraf.com\/es\/disenos\/manitu-2\/","name":"MANITU - Lamigraf","isPartOf":{"@id":"https:\/\/www.lamigraf.com\/#website"},"primaryImageOfPage":{"@id":"https:\/\/www.lamigraf.com\/es\/disenos\/manitu-2\/#primaryimage"},"image":{"@id":"https:\/\/www.lamigraf.com\/es\/disenos\/manitu-2\/#primaryimage"},"thumbnailUrl":"https:\/\/www.lamigraf.com\/wp-content\/uploads\/2024\/06\/02994-0302.jpg","datePublished":"2024-06-07T07:50:59+00:00","dateModified":"2025-04-03T07:53:53+00:00","breadcrumb":{"@id":"https:\/\/www.lamigraf.com\/es\/disenos\/manitu-2\/#breadcrumb"},"inLanguage":"es","potentialAction":[{"@type":"ReadAction","target":["https:\/\/www.lamigraf.com\/es\/disenos\/manitu-2\/"]}]},{"@type":"ImageObject","inLanguage":"es","@id":"https:\/\/www.lamigraf.com\/es\/disenos\/manitu-2\/#primaryimage","url":"https:\/\/www.lamigraf.com\/wp-content\/uploads\/2024\/06\/02994-0302.jpg","contentUrl":"https:\/\/www.lamigraf.com\/wp-content\/uploads\/2024\/06\/02994-0302.jpg","width":1091,"height":1920},{"@type":"BreadcrumbList","@id":"https:\/\/www.lamigraf.com\/es\/disenos\/manitu-2\/#breadcrumb","itemListElement":[{"@type":"ListItem","position":1,"name":"Home","item":"https:\/\/www.lamigraf.com\/es\/"},{"@type":"ListItem","position":2,"name":"Designs","item":"https:\/\/www.lamigraf.com\/designs\/"},{"@type":"ListItem","position":3,"name":"MANITU"}]},{"@type":"WebSite","@id":"https:\/\/www.lamigraf.com\/#website","url":"https:\/\/www.lamigraf.com\/","name":"Lamigraf","description":"","publisher":{"@id":"https:\/\/www.lamigraf.com\/#organization"},"potentialAction":[{"@type":"SearchAction","target":{"@type":"EntryPoint","urlTemplate":"https:\/\/www.lamigraf.com\/?s={search_term_string}"},"query-input":{"@type":"PropertyValueSpecification","valueRequired":true,"valueName":"search_term_string"}}],"inLanguage":"es"},{"@type":"Organization","@id":"https:\/\/www.lamigraf.com\/#organization","name":"Lamigraf","url":"https:\/\/www.lamigraf.com\/","logo":{"@type":"ImageObject","inLanguage":"es","@id":"https:\/\/www.lamigraf.com\/#\/schema\/logo\/image\/","url":"https:\/\/www.lamigraf.com\/wp-content\/uploads\/2024\/05\/Logo-white.svg","contentUrl":"https:\/\/www.lamigraf.com\/wp-content\/uploads\/2024\/05\/Logo-white.svg","width":147,"height":36,"caption":"Lamigraf"},"image":{"@id":"https:\/\/www.lamigraf.com\/#\/schema\/logo\/image\/"}}]}},"_links":{"self":[{"href":"https:\/\/www.lamigraf.com\/es\/wp-json\/wp\/v2\/product\/12417","targetHints":{"allow":["GET"]}}],"collection":[{"href":"https:\/\/www.lamigraf.com\/es\/wp-json\/wp\/v2\/product"}],"about":[{"href":"https:\/\/www.lamigraf.com\/es\/wp-json\/wp\/v2\/types\/product"}],"version-history":[{"count":2,"href":"https:\/\/www.lamigraf.com\/es\/wp-json\/wp\/v2\/product\/12417\/revisions"}],"predecessor-version":[{"id":87128,"href":"https:\/\/www.lamigraf.com\/es\/wp-json\/wp\/v2\/product\/12417\/revisions\/87128"}],"acf:attachment":[{"embeddable":true,"href":"https:\/\/www.lamigraf.com\/es\/wp-json\/wp\/v2\/media\/97383"},{"embeddable":true,"href":"https:\/\/www.lamigraf.com\/es\/wp-json\/wp\/v2\/media\/97411"}],"wp:featuredmedia":[{"embeddable":true,"href":"https:\/\/www.lamigraf.com\/es\/wp-json\/wp\/v2\/media\/97397"}],"wp:attachment":[{"href":"https:\/\/www.lamigraf.com\/es\/wp-json\/wp\/v2\/media?parent=12417"}],"wp:term":[{"taxonomy":"product_applications","embeddable":true,"href":"https:\/\/www.lamigraf.com\/es\/wp-json\/wp\/v2\/applications?post=12417"},{"taxonomy":"product_type","embeddable":true,"href":"https:\/\/www.lamigraf.com\/es\/wp-json\/wp\/v2\/design-types?post=12417"},{"taxonomy":"product_characteristics","embeddable":true,"href":"https:\/\/www.lamigraf.com\/es\/wp-json\/wp\/v2\/characteristics?post=12417"},{"taxonomy":"product_apparence","embeddable":true,"href":"https:\/\/www.lamigraf.com\/es\/wp-json\/wp\/v2\/appearance?post=12417"}],"curies":[{"name":"wp","href":"https:\/\/api.w.org\/{rel}","templated":true}]}}