{"id":12423,"date":"2024-06-07T09:50:59","date_gmt":"2024-06-07T07:50:59","guid":{"rendered":"http:\/\/lamigraf.com\/designs\/litos-2\/"},"modified":"2025-04-07T18:50:27","modified_gmt":"2025-04-07T16:50:27","slug":"litos-2","status":"publish","type":"product","link":"https:\/\/www.lamigraf.com\/es\/disenos\/litos-2\/","title":{"rendered":"LITOS"},"content":{"rendered":"Litos es una celebraci\u00f3n de la resistencia y la belleza natural de la madera de eucalipto, presentando un enfoque contempor\u00e1neo y elegante de esta madera ex\u00f3tica, con l\u00edneas limpias y modulaci\u00f3n de color. Litos te invita a una experiencia visual y t\u00e1ctil \u00fanica. Su versatilidad permite una integraci\u00f3n fluida en una gran variedad de ambientes, aportando un toque de sofisticaci\u00f3n y tranquilidad all\u00e1 donde se aplique. ","protected":false},"excerpt":{"rendered":"<p>Litos es una celebraci\u00f3n de la resistencia y la belleza natural de la madera de eucalipto, presentando un enfoque contempor\u00e1neo y elegante de esta madera ex\u00f3tica, con l\u00edneas limpias y modulaci\u00f3n de color. Litos te invita a una experiencia visual y t\u00e1ctil \u00fanica. Su versatilidad permite una integraci\u00f3n fluida en una gran variedad de ambientes, [&hellip;]<\/p>\n","protected":false},"featured_media":12503,"template":"","meta":{"_acf_changed":false,"_gspb_post_css":"","footnotes":""},"applications":[8,689],"design-types":[815,813],"characteristics":[756,861,758,197,202],"appearance":[],"class_list":["post-12423","product","type-product","status-publish","has-post-thumbnail","hentry","product_applications-furniture","product_applications-muebles","product_type-eucalyptus-es","product_type-wood-es","product_characteristics-metallic-effect-es","product_characteristics-planked-es","product_characteristics-striped-es","product_characteristics-metallic-effect","product_characteristics-striped"],"acf":{"code":"2987","peripheral_development":"1300","axial_development":"698","cylinders":"4","data_sheet":79698,"collections":[{"code":"2987-0404","thumbnail":84545,"render":77677},{"code":"2987-0405","thumbnail":84551,"render":77683},{"code":"2987-0406","thumbnail":84557,"render":77689}],"usages":[12510,80376,80383],"inspiration":{"top":{"title":"Encimera de cocina","thumbnail":17561,"reference":"2626-0306"},"bottom_title":"Estanter\u00edas"},"hover_image":12510,"eir":"","collaborator":{"name":"","link":""},"synchro_wood":false,"novedad":false},"yoast_head":"<!-- This site is optimized with the Yoast SEO plugin v25.2 - https:\/\/yoast.com\/wordpress\/plugins\/seo\/ -->\n<title>LITOS - Lamigraf<\/title>\n<meta name=\"robots\" content=\"index, follow, max-snippet:-1, max-image-preview:large, max-video-preview:-1\" \/>\n<link rel=\"canonical\" href=\"https:\/\/www.lamigraf.com\/es\/disenos\/litos-2\/\" \/>\n<meta property=\"og:locale\" content=\"es_ES\" \/>\n<meta property=\"og:type\" content=\"article\" \/>\n<meta property=\"og:title\" content=\"LITOS - Lamigraf\" \/>\n<meta property=\"og:description\" content=\"Litos es una celebraci\u00f3n de la resistencia y la belleza natural de la madera de eucalipto, presentando un enfoque contempor\u00e1neo y elegante de esta madera ex\u00f3tica, con l\u00edneas limpias y modulaci\u00f3n de color. Litos te invita a una experiencia visual y t\u00e1ctil \u00fanica. Su versatilidad permite una integraci\u00f3n fluida en una gran variedad de ambientes, [&hellip;]\" \/>\n<meta property=\"og:url\" content=\"https:\/\/www.lamigraf.com\/es\/disenos\/litos-2\/\" \/>\n<meta property=\"og:site_name\" content=\"Lamigraf\" \/>\n<meta property=\"article:modified_time\" content=\"2025-04-07T16:50:27+00:00\" \/>\n<meta property=\"og:image\" content=\"https:\/\/www.lamigraf.com\/wp-content\/uploads\/2024\/06\/02987-O-scaled.jpg\" \/>\n\t<meta property=\"og:image:width\" content=\"1374\" \/>\n\t<meta property=\"og:image:height\" content=\"2560\" \/>\n\t<meta property=\"og:image:type\" content=\"image\/jpeg\" \/>\n<meta name=\"twitter:card\" content=\"summary_large_image\" \/>\n<meta name=\"twitter:label1\" content=\"Tiempo de lectura\" \/>\n\t<meta name=\"twitter:data1\" content=\"1 minuto\" \/>\n<script type=\"application\/ld+json\" class=\"yoast-schema-graph\">{\"@context\":\"https:\/\/schema.org\",\"@graph\":[{\"@type\":\"WebPage\",\"@id\":\"https:\/\/www.lamigraf.com\/es\/disenos\/litos-2\/\",\"url\":\"https:\/\/www.lamigraf.com\/es\/disenos\/litos-2\/\",\"name\":\"LITOS - Lamigraf\",\"isPartOf\":{\"@id\":\"https:\/\/www.lamigraf.com\/#website\"},\"primaryImageOfPage\":{\"@id\":\"https:\/\/www.lamigraf.com\/es\/disenos\/litos-2\/#primaryimage\"},\"image\":{\"@id\":\"https:\/\/www.lamigraf.com\/es\/disenos\/litos-2\/#primaryimage\"},\"thumbnailUrl\":\"https:\/\/www.lamigraf.com\/wp-content\/uploads\/2024\/06\/02987-O-scaled.jpg\",\"datePublished\":\"2024-06-07T07:50:59+00:00\",\"dateModified\":\"2025-04-07T16:50:27+00:00\",\"breadcrumb\":{\"@id\":\"https:\/\/www.lamigraf.com\/es\/disenos\/litos-2\/#breadcrumb\"},\"inLanguage\":\"es\",\"potentialAction\":[{\"@type\":\"ReadAction\",\"target\":[\"https:\/\/www.lamigraf.com\/es\/disenos\/litos-2\/\"]}]},{\"@type\":\"ImageObject\",\"inLanguage\":\"es\",\"@id\":\"https:\/\/www.lamigraf.com\/es\/disenos\/litos-2\/#primaryimage\",\"url\":\"https:\/\/www.lamigraf.com\/wp-content\/uploads\/2024\/06\/02987-O-scaled.jpg\",\"contentUrl\":\"https:\/\/www.lamigraf.com\/wp-content\/uploads\/2024\/06\/02987-O-scaled.jpg\",\"width\":1374,\"height\":2560},{\"@type\":\"BreadcrumbList\",\"@id\":\"https:\/\/www.lamigraf.com\/es\/disenos\/litos-2\/#breadcrumb\",\"itemListElement\":[{\"@type\":\"ListItem\",\"position\":1,\"name\":\"Home\",\"item\":\"https:\/\/www.lamigraf.com\/es\/\"},{\"@type\":\"ListItem\",\"position\":2,\"name\":\"Designs\",\"item\":\"https:\/\/www.lamigraf.com\/designs\/\"},{\"@type\":\"ListItem\",\"position\":3,\"name\":\"LITOS\"}]},{\"@type\":\"WebSite\",\"@id\":\"https:\/\/www.lamigraf.com\/#website\",\"url\":\"https:\/\/www.lamigraf.com\/\",\"name\":\"Lamigraf\",\"description\":\"\",\"publisher\":{\"@id\":\"https:\/\/www.lamigraf.com\/#organization\"},\"potentialAction\":[{\"@type\":\"SearchAction\",\"target\":{\"@type\":\"EntryPoint\",\"urlTemplate\":\"https:\/\/www.lamigraf.com\/?s={search_term_string}\"},\"query-input\":{\"@type\":\"PropertyValueSpecification\",\"valueRequired\":true,\"valueName\":\"search_term_string\"}}],\"inLanguage\":\"es\"},{\"@type\":\"Organization\",\"@id\":\"https:\/\/www.lamigraf.com\/#organization\",\"name\":\"Lamigraf\",\"url\":\"https:\/\/www.lamigraf.com\/\",\"logo\":{\"@type\":\"ImageObject\",\"inLanguage\":\"es\",\"@id\":\"https:\/\/www.lamigraf.com\/#\/schema\/logo\/image\/\",\"url\":\"https:\/\/www.lamigraf.com\/wp-content\/uploads\/2024\/05\/Logo-white.svg\",\"contentUrl\":\"https:\/\/www.lamigraf.com\/wp-content\/uploads\/2024\/05\/Logo-white.svg\",\"width\":147,\"height\":36,\"caption\":\"Lamigraf\"},\"image\":{\"@id\":\"https:\/\/www.lamigraf.com\/#\/schema\/logo\/image\/\"}}]}<\/script>\n<!-- \/ Yoast SEO plugin. -->","yoast_head_json":{"title":"LITOS - Lamigraf","robots":{"index":"index","follow":"follow","max-snippet":"max-snippet:-1","max-image-preview":"max-image-preview:large","max-video-preview":"max-video-preview:-1"},"canonical":"https:\/\/www.lamigraf.com\/es\/disenos\/litos-2\/","og_locale":"es_ES","og_type":"article","og_title":"LITOS - Lamigraf","og_description":"Litos es una celebraci\u00f3n de la resistencia y la belleza natural de la madera de eucalipto, presentando un enfoque contempor\u00e1neo y elegante de esta madera ex\u00f3tica, con l\u00edneas limpias y modulaci\u00f3n de color. Litos te invita a una experiencia visual y t\u00e1ctil \u00fanica. Su versatilidad permite una integraci\u00f3n fluida en una gran variedad de ambientes, [&hellip;]","og_url":"https:\/\/www.lamigraf.com\/es\/disenos\/litos-2\/","og_site_name":"Lamigraf","article_modified_time":"2025-04-07T16:50:27+00:00","og_image":[{"width":1374,"height":2560,"url":"https:\/\/www.lamigraf.com\/wp-content\/uploads\/2024\/06\/02987-O-scaled.jpg","type":"image\/jpeg"}],"twitter_card":"summary_large_image","twitter_misc":{"Tiempo de lectura":"1 minuto"},"schema":{"@context":"https:\/\/schema.org","@graph":[{"@type":"WebPage","@id":"https:\/\/www.lamigraf.com\/es\/disenos\/litos-2\/","url":"https:\/\/www.lamigraf.com\/es\/disenos\/litos-2\/","name":"LITOS - Lamigraf","isPartOf":{"@id":"https:\/\/www.lamigraf.com\/#website"},"primaryImageOfPage":{"@id":"https:\/\/www.lamigraf.com\/es\/disenos\/litos-2\/#primaryimage"},"image":{"@id":"https:\/\/www.lamigraf.com\/es\/disenos\/litos-2\/#primaryimage"},"thumbnailUrl":"https:\/\/www.lamigraf.com\/wp-content\/uploads\/2024\/06\/02987-O-scaled.jpg","datePublished":"2024-06-07T07:50:59+00:00","dateModified":"2025-04-07T16:50:27+00:00","breadcrumb":{"@id":"https:\/\/www.lamigraf.com\/es\/disenos\/litos-2\/#breadcrumb"},"inLanguage":"es","potentialAction":[{"@type":"ReadAction","target":["https:\/\/www.lamigraf.com\/es\/disenos\/litos-2\/"]}]},{"@type":"ImageObject","inLanguage":"es","@id":"https:\/\/www.lamigraf.com\/es\/disenos\/litos-2\/#primaryimage","url":"https:\/\/www.lamigraf.com\/wp-content\/uploads\/2024\/06\/02987-O-scaled.jpg","contentUrl":"https:\/\/www.lamigraf.com\/wp-content\/uploads\/2024\/06\/02987-O-scaled.jpg","width":1374,"height":2560},{"@type":"BreadcrumbList","@id":"https:\/\/www.lamigraf.com\/es\/disenos\/litos-2\/#breadcrumb","itemListElement":[{"@type":"ListItem","position":1,"name":"Home","item":"https:\/\/www.lamigraf.com\/es\/"},{"@type":"ListItem","position":2,"name":"Designs","item":"https:\/\/www.lamigraf.com\/designs\/"},{"@type":"ListItem","position":3,"name":"LITOS"}]},{"@type":"WebSite","@id":"https:\/\/www.lamigraf.com\/#website","url":"https:\/\/www.lamigraf.com\/","name":"Lamigraf","description":"","publisher":{"@id":"https:\/\/www.lamigraf.com\/#organization"},"potentialAction":[{"@type":"SearchAction","target":{"@type":"EntryPoint","urlTemplate":"https:\/\/www.lamigraf.com\/?s={search_term_string}"},"query-input":{"@type":"PropertyValueSpecification","valueRequired":true,"valueName":"search_term_string"}}],"inLanguage":"es"},{"@type":"Organization","@id":"https:\/\/www.lamigraf.com\/#organization","name":"Lamigraf","url":"https:\/\/www.lamigraf.com\/","logo":{"@type":"ImageObject","inLanguage":"es","@id":"https:\/\/www.lamigraf.com\/#\/schema\/logo\/image\/","url":"https:\/\/www.lamigraf.com\/wp-content\/uploads\/2024\/05\/Logo-white.svg","contentUrl":"https:\/\/www.lamigraf.com\/wp-content\/uploads\/2024\/05\/Logo-white.svg","width":147,"height":36,"caption":"Lamigraf"},"image":{"@id":"https:\/\/www.lamigraf.com\/#\/schema\/logo\/image\/"}}]}},"_links":{"self":[{"href":"https:\/\/www.lamigraf.com\/es\/wp-json\/wp\/v2\/product\/12423","targetHints":{"allow":["GET"]}}],"collection":[{"href":"https:\/\/www.lamigraf.com\/es\/wp-json\/wp\/v2\/product"}],"about":[{"href":"https:\/\/www.lamigraf.com\/es\/wp-json\/wp\/v2\/types\/product"}],"version-history":[{"count":1,"href":"https:\/\/www.lamigraf.com\/es\/wp-json\/wp\/v2\/product\/12423\/revisions"}],"predecessor-version":[{"id":87699,"href":"https:\/\/www.lamigraf.com\/es\/wp-json\/wp\/v2\/product\/12423\/revisions\/87699"}],"acf:attachment":[{"embeddable":true,"href":"https:\/\/www.lamigraf.com\/es\/wp-json\/wp\/v2\/media\/80383"},{"embeddable":true,"href":"https:\/\/www.lamigraf.com\/es\/wp-json\/wp\/v2\/media\/80376"},{"embeddable":true,"href":"https:\/\/www.lamigraf.com\/es\/wp-json\/wp\/v2\/media\/12510"}],"wp:featuredmedia":[{"embeddable":true,"href":"https:\/\/www.lamigraf.com\/es\/wp-json\/wp\/v2\/media\/12503"}],"wp:attachment":[{"href":"https:\/\/www.lamigraf.com\/es\/wp-json\/wp\/v2\/media?parent=12423"}],"wp:term":[{"taxonomy":"product_applications","embeddable":true,"href":"https:\/\/www.lamigraf.com\/es\/wp-json\/wp\/v2\/applications?post=12423"},{"taxonomy":"product_type","embeddable":true,"href":"https:\/\/www.lamigraf.com\/es\/wp-json\/wp\/v2\/design-types?post=12423"},{"taxonomy":"product_characteristics","embeddable":true,"href":"https:\/\/www.lamigraf.com\/es\/wp-json\/wp\/v2\/characteristics?post=12423"},{"taxonomy":"product_apparence","embeddable":true,"href":"https:\/\/www.lamigraf.com\/es\/wp-json\/wp\/v2\/appearance?post=12423"}],"curies":[{"name":"wp","href":"https:\/\/api.w.org\/{rel}","templated":true}]}}