{"id":91526,"date":"2025-05-14T11:41:49","date_gmt":"2025-05-14T09:41:49","guid":{"rendered":"https:\/\/www.lamigraf.com\/?post_type=product&#038;p=91526"},"modified":"2025-07-02T17:06:43","modified_gmt":"2025-07-02T15:06:43","slug":"delgado","status":"publish","type":"product","link":"https:\/\/www.lamigraf.com\/es\/disenos\/delgado\/","title":{"rendered":"DELGADO"},"content":{"rendered":"\n<p>Delgado es un dise\u00f1o que encarna la sofisticaci\u00f3n silenciosa y el refinamiento moderno. Hecho de roble, su car\u00e1cter ligeramente difuso ofrece una elegancia contenida, sin \u00e1reas dominantes que distraigan de su belleza equilibrada. Las vetas sutiles y las delicadas flores est\u00e1n distribuidas uniformemente, creando una superficie armoniosa y consistente. Un suave cepillado de los poros, combinado con un ligero esmalte blanco, aporta una textura refinada y discreta. Peque\u00f1os cortes deliberados en algunas lamas introducen un toque innovador, elevando el dise\u00f1o con un enfoque moderno. Delgado es perfecto para espacios que buscan una est\u00e9tica tranquila pero contempor\u00e1nea, ofreciendo elegancia atemporal con un giro fresco e innovador.<\/p>\n","protected":false},"excerpt":{"rendered":"<p>Delgado es un dise\u00f1o que encarna la sofisticaci\u00f3n silenciosa y el refinamiento moderno. Hecho de roble, su car\u00e1cter ligeramente difuso ofrece una elegancia contenida, sin \u00e1reas dominantes que distraigan de su belleza equilibrada. Las vetas sutiles y las delicadas flores est\u00e1n distribuidas uniformemente, creando una superficie armoniosa y consistente. Un suave cepillado de los poros, [&hellip;]<\/p>\n","protected":false},"featured_media":96341,"template":"","meta":{"_acf_changed":false,"_gspb_post_css":"","footnotes":""},"applications":[689],"design-types":[813,705],"characteristics":[758],"appearance":[782],"class_list":["post-91526","product","type-product","status-publish","has-post-thumbnail","hentry","product_applications-muebles","product_type-wood-es","product_type-oak-es","product_characteristics-striped-es","product_apparence-brushed-es"],"acf":{"code":"3070","peripheral_development":"1,300","axial_development":"2,200","cylinders":"3","data_sheet":91689,"collections":[{"code":"3070-0303","thumbnail":96313,"render":""},{"code":"3070-0309","thumbnail":96320,"render":""},{"code":"3070-0311","thumbnail":96327,"render":103631},{"code":"3070-0313","thumbnail":96334,"render":103638}],"usages":[96306],"inspiration":{"top":{"title":"Encimera de cocina","thumbnail":96955,"reference":"3104-201"},"bottom_title":"Armarios"},"hover_image":96306,"eir":"","collaborator":{"name":"Mkt","link":""},"synchro_wood":false,"novedad":false},"yoast_head":"<!-- This site is optimized with the Yoast SEO plugin v25.2 - https:\/\/yoast.com\/wordpress\/plugins\/seo\/ -->\n<title>DELGADO - Lamigraf<\/title>\n<meta name=\"robots\" content=\"index, follow, max-snippet:-1, max-image-preview:large, max-video-preview:-1\" \/>\n<link rel=\"canonical\" href=\"https:\/\/www.lamigraf.com\/es\/disenos\/delgado\/\" \/>\n<meta property=\"og:locale\" content=\"es_ES\" \/>\n<meta property=\"og:type\" content=\"article\" \/>\n<meta property=\"og:title\" content=\"DELGADO - Lamigraf\" \/>\n<meta property=\"og:description\" content=\"Delgado es un dise\u00f1o que encarna la sofisticaci\u00f3n silenciosa y el refinamiento moderno. Hecho de roble, su car\u00e1cter ligeramente difuso ofrece una elegancia contenida, sin \u00e1reas dominantes que distraigan de su belleza equilibrada. Las vetas sutiles y las delicadas flores est\u00e1n distribuidas uniformemente, creando una superficie armoniosa y consistente. Un suave cepillado de los poros, [&hellip;]\" \/>\n<meta property=\"og:url\" content=\"https:\/\/www.lamigraf.com\/es\/disenos\/delgado\/\" \/>\n<meta property=\"og:site_name\" content=\"Lamigraf\" \/>\n<meta property=\"article:modified_time\" content=\"2025-07-02T15:06:43+00:00\" \/>\n<meta property=\"og:image\" content=\"https:\/\/www.lamigraf.com\/wp-content\/uploads\/2025\/05\/03070-0313.jpg\" \/>\n\t<meta property=\"og:image:width\" content=\"1135\" \/>\n\t<meta property=\"og:image:height\" content=\"1920\" \/>\n\t<meta property=\"og:image:type\" content=\"image\/jpeg\" \/>\n<meta name=\"twitter:card\" content=\"summary_large_image\" \/>\n<meta name=\"twitter:label1\" content=\"Tiempo de lectura\" \/>\n\t<meta name=\"twitter:data1\" content=\"1 minuto\" \/>\n<script type=\"application\/ld+json\" class=\"yoast-schema-graph\">{\"@context\":\"https:\/\/schema.org\",\"@graph\":[{\"@type\":\"WebPage\",\"@id\":\"https:\/\/www.lamigraf.com\/es\/disenos\/delgado\/\",\"url\":\"https:\/\/www.lamigraf.com\/es\/disenos\/delgado\/\",\"name\":\"DELGADO - Lamigraf\",\"isPartOf\":{\"@id\":\"https:\/\/www.lamigraf.com\/#website\"},\"primaryImageOfPage\":{\"@id\":\"https:\/\/www.lamigraf.com\/es\/disenos\/delgado\/#primaryimage\"},\"image\":{\"@id\":\"https:\/\/www.lamigraf.com\/es\/disenos\/delgado\/#primaryimage\"},\"thumbnailUrl\":\"https:\/\/www.lamigraf.com\/wp-content\/uploads\/2025\/05\/03070-0313.jpg\",\"datePublished\":\"2025-05-14T09:41:49+00:00\",\"dateModified\":\"2025-07-02T15:06:43+00:00\",\"breadcrumb\":{\"@id\":\"https:\/\/www.lamigraf.com\/es\/disenos\/delgado\/#breadcrumb\"},\"inLanguage\":\"es\",\"potentialAction\":[{\"@type\":\"ReadAction\",\"target\":[\"https:\/\/www.lamigraf.com\/es\/disenos\/delgado\/\"]}]},{\"@type\":\"ImageObject\",\"inLanguage\":\"es\",\"@id\":\"https:\/\/www.lamigraf.com\/es\/disenos\/delgado\/#primaryimage\",\"url\":\"https:\/\/www.lamigraf.com\/wp-content\/uploads\/2025\/05\/03070-0313.jpg\",\"contentUrl\":\"https:\/\/www.lamigraf.com\/wp-content\/uploads\/2025\/05\/03070-0313.jpg\",\"width\":1135,\"height\":1920},{\"@type\":\"BreadcrumbList\",\"@id\":\"https:\/\/www.lamigraf.com\/es\/disenos\/delgado\/#breadcrumb\",\"itemListElement\":[{\"@type\":\"ListItem\",\"position\":1,\"name\":\"Home\",\"item\":\"https:\/\/www.lamigraf.com\/es\/\"},{\"@type\":\"ListItem\",\"position\":2,\"name\":\"Designs\",\"item\":\"https:\/\/www.lamigraf.com\/designs\/\"},{\"@type\":\"ListItem\",\"position\":3,\"name\":\"DELGADO\"}]},{\"@type\":\"WebSite\",\"@id\":\"https:\/\/www.lamigraf.com\/#website\",\"url\":\"https:\/\/www.lamigraf.com\/\",\"name\":\"Lamigraf\",\"description\":\"\",\"publisher\":{\"@id\":\"https:\/\/www.lamigraf.com\/#organization\"},\"potentialAction\":[{\"@type\":\"SearchAction\",\"target\":{\"@type\":\"EntryPoint\",\"urlTemplate\":\"https:\/\/www.lamigraf.com\/?s={search_term_string}\"},\"query-input\":{\"@type\":\"PropertyValueSpecification\",\"valueRequired\":true,\"valueName\":\"search_term_string\"}}],\"inLanguage\":\"es\"},{\"@type\":\"Organization\",\"@id\":\"https:\/\/www.lamigraf.com\/#organization\",\"name\":\"Lamigraf\",\"url\":\"https:\/\/www.lamigraf.com\/\",\"logo\":{\"@type\":\"ImageObject\",\"inLanguage\":\"es\",\"@id\":\"https:\/\/www.lamigraf.com\/#\/schema\/logo\/image\/\",\"url\":\"https:\/\/www.lamigraf.com\/wp-content\/uploads\/2024\/05\/Logo-white.svg\",\"contentUrl\":\"https:\/\/www.lamigraf.com\/wp-content\/uploads\/2024\/05\/Logo-white.svg\",\"width\":147,\"height\":36,\"caption\":\"Lamigraf\"},\"image\":{\"@id\":\"https:\/\/www.lamigraf.com\/#\/schema\/logo\/image\/\"}}]}<\/script>\n<!-- \/ Yoast SEO plugin. -->","yoast_head_json":{"title":"DELGADO - Lamigraf","robots":{"index":"index","follow":"follow","max-snippet":"max-snippet:-1","max-image-preview":"max-image-preview:large","max-video-preview":"max-video-preview:-1"},"canonical":"https:\/\/www.lamigraf.com\/es\/disenos\/delgado\/","og_locale":"es_ES","og_type":"article","og_title":"DELGADO - Lamigraf","og_description":"Delgado es un dise\u00f1o que encarna la sofisticaci\u00f3n silenciosa y el refinamiento moderno. Hecho de roble, su car\u00e1cter ligeramente difuso ofrece una elegancia contenida, sin \u00e1reas dominantes que distraigan de su belleza equilibrada. Las vetas sutiles y las delicadas flores est\u00e1n distribuidas uniformemente, creando una superficie armoniosa y consistente. Un suave cepillado de los poros, [&hellip;]","og_url":"https:\/\/www.lamigraf.com\/es\/disenos\/delgado\/","og_site_name":"Lamigraf","article_modified_time":"2025-07-02T15:06:43+00:00","og_image":[{"width":1135,"height":1920,"url":"https:\/\/www.lamigraf.com\/wp-content\/uploads\/2025\/05\/03070-0313.jpg","type":"image\/jpeg"}],"twitter_card":"summary_large_image","twitter_misc":{"Tiempo de lectura":"1 minuto"},"schema":{"@context":"https:\/\/schema.org","@graph":[{"@type":"WebPage","@id":"https:\/\/www.lamigraf.com\/es\/disenos\/delgado\/","url":"https:\/\/www.lamigraf.com\/es\/disenos\/delgado\/","name":"DELGADO - Lamigraf","isPartOf":{"@id":"https:\/\/www.lamigraf.com\/#website"},"primaryImageOfPage":{"@id":"https:\/\/www.lamigraf.com\/es\/disenos\/delgado\/#primaryimage"},"image":{"@id":"https:\/\/www.lamigraf.com\/es\/disenos\/delgado\/#primaryimage"},"thumbnailUrl":"https:\/\/www.lamigraf.com\/wp-content\/uploads\/2025\/05\/03070-0313.jpg","datePublished":"2025-05-14T09:41:49+00:00","dateModified":"2025-07-02T15:06:43+00:00","breadcrumb":{"@id":"https:\/\/www.lamigraf.com\/es\/disenos\/delgado\/#breadcrumb"},"inLanguage":"es","potentialAction":[{"@type":"ReadAction","target":["https:\/\/www.lamigraf.com\/es\/disenos\/delgado\/"]}]},{"@type":"ImageObject","inLanguage":"es","@id":"https:\/\/www.lamigraf.com\/es\/disenos\/delgado\/#primaryimage","url":"https:\/\/www.lamigraf.com\/wp-content\/uploads\/2025\/05\/03070-0313.jpg","contentUrl":"https:\/\/www.lamigraf.com\/wp-content\/uploads\/2025\/05\/03070-0313.jpg","width":1135,"height":1920},{"@type":"BreadcrumbList","@id":"https:\/\/www.lamigraf.com\/es\/disenos\/delgado\/#breadcrumb","itemListElement":[{"@type":"ListItem","position":1,"name":"Home","item":"https:\/\/www.lamigraf.com\/es\/"},{"@type":"ListItem","position":2,"name":"Designs","item":"https:\/\/www.lamigraf.com\/designs\/"},{"@type":"ListItem","position":3,"name":"DELGADO"}]},{"@type":"WebSite","@id":"https:\/\/www.lamigraf.com\/#website","url":"https:\/\/www.lamigraf.com\/","name":"Lamigraf","description":"","publisher":{"@id":"https:\/\/www.lamigraf.com\/#organization"},"potentialAction":[{"@type":"SearchAction","target":{"@type":"EntryPoint","urlTemplate":"https:\/\/www.lamigraf.com\/?s={search_term_string}"},"query-input":{"@type":"PropertyValueSpecification","valueRequired":true,"valueName":"search_term_string"}}],"inLanguage":"es"},{"@type":"Organization","@id":"https:\/\/www.lamigraf.com\/#organization","name":"Lamigraf","url":"https:\/\/www.lamigraf.com\/","logo":{"@type":"ImageObject","inLanguage":"es","@id":"https:\/\/www.lamigraf.com\/#\/schema\/logo\/image\/","url":"https:\/\/www.lamigraf.com\/wp-content\/uploads\/2024\/05\/Logo-white.svg","contentUrl":"https:\/\/www.lamigraf.com\/wp-content\/uploads\/2024\/05\/Logo-white.svg","width":147,"height":36,"caption":"Lamigraf"},"image":{"@id":"https:\/\/www.lamigraf.com\/#\/schema\/logo\/image\/"}}]}},"_links":{"self":[{"href":"https:\/\/www.lamigraf.com\/es\/wp-json\/wp\/v2\/product\/91526","targetHints":{"allow":["GET"]}}],"collection":[{"href":"https:\/\/www.lamigraf.com\/es\/wp-json\/wp\/v2\/product"}],"about":[{"href":"https:\/\/www.lamigraf.com\/es\/wp-json\/wp\/v2\/types\/product"}],"version-history":[{"count":4,"href":"https:\/\/www.lamigraf.com\/es\/wp-json\/wp\/v2\/product\/91526\/revisions"}],"predecessor-version":[{"id":103758,"href":"https:\/\/www.lamigraf.com\/es\/wp-json\/wp\/v2\/product\/91526\/revisions\/103758"}],"acf:attachment":[{"embeddable":true,"href":"https:\/\/www.lamigraf.com\/es\/wp-json\/wp\/v2\/media\/96306"}],"wp:featuredmedia":[{"embeddable":true,"href":"https:\/\/www.lamigraf.com\/es\/wp-json\/wp\/v2\/media\/96341"}],"wp:attachment":[{"href":"https:\/\/www.lamigraf.com\/es\/wp-json\/wp\/v2\/media?parent=91526"}],"wp:term":[{"taxonomy":"product_applications","embeddable":true,"href":"https:\/\/www.lamigraf.com\/es\/wp-json\/wp\/v2\/applications?post=91526"},{"taxonomy":"product_type","embeddable":true,"href":"https:\/\/www.lamigraf.com\/es\/wp-json\/wp\/v2\/design-types?post=91526"},{"taxonomy":"product_characteristics","embeddable":true,"href":"https:\/\/www.lamigraf.com\/es\/wp-json\/wp\/v2\/characteristics?post=91526"},{"taxonomy":"product_apparence","embeddable":true,"href":"https:\/\/www.lamigraf.com\/es\/wp-json\/wp\/v2\/appearance?post=91526"}],"curies":[{"name":"wp","href":"https:\/\/api.w.org\/{rel}","templated":true}]}}