{"id":92760,"date":"2025-05-14T12:30:20","date_gmt":"2025-05-14T10:30:20","guid":{"rendered":"https:\/\/www.lamigraf.com\/designs\/andromeda\/"},"modified":"2025-07-16T09:56:24","modified_gmt":"2025-07-16T07:56:24","slug":"andromeda","status":"publish","type":"product","link":"https:\/\/www.lamigraf.com\/es\/disenos\/andromeda\/","title":{"rendered":"ANDROMEDA"},"content":{"rendered":"\n<p>Andr\u00f3meda es una decoraci\u00f3n que encarna la elegancia refinada del casta\u00f1o, ofreciendo una est\u00e9tica moderna y limpia sin elementos distractores. El dise\u00f1o presenta sutiles y juguetonas medias catedrales, con un patr\u00f3n de poros prominente que crea una textura hermosa y uniforme. Ligeramente cepillada para mantener una superficie suave, Andr\u00f3meda irradia un encanto contempor\u00e1neo mientras conserva una calidez natural. El efecto entablado realza su atractivo moderno, mientras que la posibilidad de cortar libremente el material a\u00f1ade versatilidad y un giro din\u00e1mico a cualquier espacio. La discreta sofisticaci\u00f3n y l\u00edneas limpias de Andr\u00f3meda la convierten en la elecci\u00f3n perfecta para interiores que buscan elegancia e innovaci\u00f3n.<\/p>\n\n\n\n<p><\/p>\n","protected":false},"excerpt":{"rendered":"<p>Andr\u00f3meda es una decoraci\u00f3n que encarna la elegancia refinada del casta\u00f1o, ofreciendo una est\u00e9tica moderna y limpia sin elementos distractores. El dise\u00f1o presenta sutiles y juguetonas medias catedrales, con un patr\u00f3n de poros prominente que crea una textura hermosa y uniforme. Ligeramente cepillada para mantener una superficie suave, Andr\u00f3meda irradia un encanto contempor\u00e1neo mientras conserva [&hellip;]<\/p>\n","protected":false},"featured_media":97276,"template":"","meta":{"_acf_changed":false,"_gspb_post_css":"","footnotes":""},"applications":[689],"design-types":[701,813],"characteristics":[861,760],"appearance":[782],"class_list":["post-92760","product","type-product","status-publish","has-post-thumbnail","hentry","product_applications-muebles","product_type-chestnut-es","product_type-wood-es","product_characteristics-planked-es","product_characteristics-half-cathedrals-es","product_apparence-brushed-es"],"acf":{"code":"3122","peripheral_development":"1,300","axial_development":"2,200","cylinders":"3","data_sheet":92715,"collections":[{"code":"3122-0301","thumbnail":97269,"render":103739},{"code":"3122-0302","thumbnail":97283,"render":103746},{"code":"3122-0303","thumbnail":97290,"render":103753},{"code":"3122-0304","thumbnail":97297,"render":""}],"usages":[97262,103739],"inspiration":{"top":{"title":"Puertas superiores del gabinete","thumbnail":97333,"reference":"2992-0205"},"bottom_title":"Puertas inferiores del gabinete"},"hover_image":97262,"eir":"","collaborator":{"name":"","link":""},"synchro_wood":false,"novedad":false},"yoast_head":"<!-- This site is optimized with the Yoast SEO plugin v25.2 - https:\/\/yoast.com\/wordpress\/plugins\/seo\/ -->\n<title>ANDROMEDA - Lamigraf<\/title>\n<meta name=\"robots\" content=\"index, follow, max-snippet:-1, max-image-preview:large, max-video-preview:-1\" \/>\n<link rel=\"canonical\" href=\"https:\/\/www.lamigraf.com\/es\/disenos\/andromeda\/\" \/>\n<meta property=\"og:locale\" content=\"es_ES\" \/>\n<meta property=\"og:type\" content=\"article\" \/>\n<meta property=\"og:title\" content=\"ANDROMEDA - Lamigraf\" \/>\n<meta property=\"og:description\" content=\"Andr\u00f3meda es una decoraci\u00f3n que encarna la elegancia refinada del casta\u00f1o, ofreciendo una est\u00e9tica moderna y limpia sin elementos distractores. El dise\u00f1o presenta sutiles y juguetonas medias catedrales, con un patr\u00f3n de poros prominente que crea una textura hermosa y uniforme. Ligeramente cepillada para mantener una superficie suave, Andr\u00f3meda irradia un encanto contempor\u00e1neo mientras conserva [&hellip;]\" \/>\n<meta property=\"og:url\" content=\"https:\/\/www.lamigraf.com\/es\/disenos\/andromeda\/\" \/>\n<meta property=\"og:site_name\" content=\"Lamigraf\" \/>\n<meta property=\"article:modified_time\" content=\"2025-07-16T07:56:24+00:00\" \/>\n<meta property=\"og:image\" content=\"https:\/\/www.lamigraf.com\/wp-content\/uploads\/2025\/05\/3122-0301-1.jpg\" \/>\n\t<meta property=\"og:image:width\" content=\"1135\" \/>\n\t<meta property=\"og:image:height\" content=\"1920\" \/>\n\t<meta property=\"og:image:type\" content=\"image\/jpeg\" \/>\n<meta name=\"twitter:card\" content=\"summary_large_image\" \/>\n<meta name=\"twitter:label1\" content=\"Tiempo de lectura\" \/>\n\t<meta name=\"twitter:data1\" content=\"1 minuto\" \/>\n<script type=\"application\/ld+json\" class=\"yoast-schema-graph\">{\"@context\":\"https:\/\/schema.org\",\"@graph\":[{\"@type\":\"WebPage\",\"@id\":\"https:\/\/www.lamigraf.com\/es\/disenos\/andromeda\/\",\"url\":\"https:\/\/www.lamigraf.com\/es\/disenos\/andromeda\/\",\"name\":\"ANDROMEDA - Lamigraf\",\"isPartOf\":{\"@id\":\"https:\/\/www.lamigraf.com\/#website\"},\"primaryImageOfPage\":{\"@id\":\"https:\/\/www.lamigraf.com\/es\/disenos\/andromeda\/#primaryimage\"},\"image\":{\"@id\":\"https:\/\/www.lamigraf.com\/es\/disenos\/andromeda\/#primaryimage\"},\"thumbnailUrl\":\"https:\/\/www.lamigraf.com\/wp-content\/uploads\/2025\/05\/3122-0301-1.jpg\",\"datePublished\":\"2025-05-14T10:30:20+00:00\",\"dateModified\":\"2025-07-16T07:56:24+00:00\",\"breadcrumb\":{\"@id\":\"https:\/\/www.lamigraf.com\/es\/disenos\/andromeda\/#breadcrumb\"},\"inLanguage\":\"es\",\"potentialAction\":[{\"@type\":\"ReadAction\",\"target\":[\"https:\/\/www.lamigraf.com\/es\/disenos\/andromeda\/\"]}]},{\"@type\":\"ImageObject\",\"inLanguage\":\"es\",\"@id\":\"https:\/\/www.lamigraf.com\/es\/disenos\/andromeda\/#primaryimage\",\"url\":\"https:\/\/www.lamigraf.com\/wp-content\/uploads\/2025\/05\/3122-0301-1.jpg\",\"contentUrl\":\"https:\/\/www.lamigraf.com\/wp-content\/uploads\/2025\/05\/3122-0301-1.jpg\",\"width\":1135,\"height\":1920},{\"@type\":\"BreadcrumbList\",\"@id\":\"https:\/\/www.lamigraf.com\/es\/disenos\/andromeda\/#breadcrumb\",\"itemListElement\":[{\"@type\":\"ListItem\",\"position\":1,\"name\":\"Home\",\"item\":\"https:\/\/www.lamigraf.com\/es\/\"},{\"@type\":\"ListItem\",\"position\":2,\"name\":\"Designs\",\"item\":\"https:\/\/www.lamigraf.com\/designs\/\"},{\"@type\":\"ListItem\",\"position\":3,\"name\":\"ANDROMEDA\"}]},{\"@type\":\"WebSite\",\"@id\":\"https:\/\/www.lamigraf.com\/#website\",\"url\":\"https:\/\/www.lamigraf.com\/\",\"name\":\"Lamigraf\",\"description\":\"\",\"publisher\":{\"@id\":\"https:\/\/www.lamigraf.com\/#organization\"},\"potentialAction\":[{\"@type\":\"SearchAction\",\"target\":{\"@type\":\"EntryPoint\",\"urlTemplate\":\"https:\/\/www.lamigraf.com\/?s={search_term_string}\"},\"query-input\":{\"@type\":\"PropertyValueSpecification\",\"valueRequired\":true,\"valueName\":\"search_term_string\"}}],\"inLanguage\":\"es\"},{\"@type\":\"Organization\",\"@id\":\"https:\/\/www.lamigraf.com\/#organization\",\"name\":\"Lamigraf\",\"url\":\"https:\/\/www.lamigraf.com\/\",\"logo\":{\"@type\":\"ImageObject\",\"inLanguage\":\"es\",\"@id\":\"https:\/\/www.lamigraf.com\/#\/schema\/logo\/image\/\",\"url\":\"https:\/\/www.lamigraf.com\/wp-content\/uploads\/2024\/05\/Logo-white.svg\",\"contentUrl\":\"https:\/\/www.lamigraf.com\/wp-content\/uploads\/2024\/05\/Logo-white.svg\",\"width\":147,\"height\":36,\"caption\":\"Lamigraf\"},\"image\":{\"@id\":\"https:\/\/www.lamigraf.com\/#\/schema\/logo\/image\/\"}}]}<\/script>\n<!-- \/ Yoast SEO plugin. -->","yoast_head_json":{"title":"ANDROMEDA - Lamigraf","robots":{"index":"index","follow":"follow","max-snippet":"max-snippet:-1","max-image-preview":"max-image-preview:large","max-video-preview":"max-video-preview:-1"},"canonical":"https:\/\/www.lamigraf.com\/es\/disenos\/andromeda\/","og_locale":"es_ES","og_type":"article","og_title":"ANDROMEDA - Lamigraf","og_description":"Andr\u00f3meda es una decoraci\u00f3n que encarna la elegancia refinada del casta\u00f1o, ofreciendo una est\u00e9tica moderna y limpia sin elementos distractores. El dise\u00f1o presenta sutiles y juguetonas medias catedrales, con un patr\u00f3n de poros prominente que crea una textura hermosa y uniforme. Ligeramente cepillada para mantener una superficie suave, Andr\u00f3meda irradia un encanto contempor\u00e1neo mientras conserva [&hellip;]","og_url":"https:\/\/www.lamigraf.com\/es\/disenos\/andromeda\/","og_site_name":"Lamigraf","article_modified_time":"2025-07-16T07:56:24+00:00","og_image":[{"width":1135,"height":1920,"url":"https:\/\/www.lamigraf.com\/wp-content\/uploads\/2025\/05\/3122-0301-1.jpg","type":"image\/jpeg"}],"twitter_card":"summary_large_image","twitter_misc":{"Tiempo de lectura":"1 minuto"},"schema":{"@context":"https:\/\/schema.org","@graph":[{"@type":"WebPage","@id":"https:\/\/www.lamigraf.com\/es\/disenos\/andromeda\/","url":"https:\/\/www.lamigraf.com\/es\/disenos\/andromeda\/","name":"ANDROMEDA - Lamigraf","isPartOf":{"@id":"https:\/\/www.lamigraf.com\/#website"},"primaryImageOfPage":{"@id":"https:\/\/www.lamigraf.com\/es\/disenos\/andromeda\/#primaryimage"},"image":{"@id":"https:\/\/www.lamigraf.com\/es\/disenos\/andromeda\/#primaryimage"},"thumbnailUrl":"https:\/\/www.lamigraf.com\/wp-content\/uploads\/2025\/05\/3122-0301-1.jpg","datePublished":"2025-05-14T10:30:20+00:00","dateModified":"2025-07-16T07:56:24+00:00","breadcrumb":{"@id":"https:\/\/www.lamigraf.com\/es\/disenos\/andromeda\/#breadcrumb"},"inLanguage":"es","potentialAction":[{"@type":"ReadAction","target":["https:\/\/www.lamigraf.com\/es\/disenos\/andromeda\/"]}]},{"@type":"ImageObject","inLanguage":"es","@id":"https:\/\/www.lamigraf.com\/es\/disenos\/andromeda\/#primaryimage","url":"https:\/\/www.lamigraf.com\/wp-content\/uploads\/2025\/05\/3122-0301-1.jpg","contentUrl":"https:\/\/www.lamigraf.com\/wp-content\/uploads\/2025\/05\/3122-0301-1.jpg","width":1135,"height":1920},{"@type":"BreadcrumbList","@id":"https:\/\/www.lamigraf.com\/es\/disenos\/andromeda\/#breadcrumb","itemListElement":[{"@type":"ListItem","position":1,"name":"Home","item":"https:\/\/www.lamigraf.com\/es\/"},{"@type":"ListItem","position":2,"name":"Designs","item":"https:\/\/www.lamigraf.com\/designs\/"},{"@type":"ListItem","position":3,"name":"ANDROMEDA"}]},{"@type":"WebSite","@id":"https:\/\/www.lamigraf.com\/#website","url":"https:\/\/www.lamigraf.com\/","name":"Lamigraf","description":"","publisher":{"@id":"https:\/\/www.lamigraf.com\/#organization"},"potentialAction":[{"@type":"SearchAction","target":{"@type":"EntryPoint","urlTemplate":"https:\/\/www.lamigraf.com\/?s={search_term_string}"},"query-input":{"@type":"PropertyValueSpecification","valueRequired":true,"valueName":"search_term_string"}}],"inLanguage":"es"},{"@type":"Organization","@id":"https:\/\/www.lamigraf.com\/#organization","name":"Lamigraf","url":"https:\/\/www.lamigraf.com\/","logo":{"@type":"ImageObject","inLanguage":"es","@id":"https:\/\/www.lamigraf.com\/#\/schema\/logo\/image\/","url":"https:\/\/www.lamigraf.com\/wp-content\/uploads\/2024\/05\/Logo-white.svg","contentUrl":"https:\/\/www.lamigraf.com\/wp-content\/uploads\/2024\/05\/Logo-white.svg","width":147,"height":36,"caption":"Lamigraf"},"image":{"@id":"https:\/\/www.lamigraf.com\/#\/schema\/logo\/image\/"}}]}},"_links":{"self":[{"href":"https:\/\/www.lamigraf.com\/es\/wp-json\/wp\/v2\/product\/92760","targetHints":{"allow":["GET"]}}],"collection":[{"href":"https:\/\/www.lamigraf.com\/es\/wp-json\/wp\/v2\/product"}],"about":[{"href":"https:\/\/www.lamigraf.com\/es\/wp-json\/wp\/v2\/types\/product"}],"version-history":[{"count":2,"href":"https:\/\/www.lamigraf.com\/es\/wp-json\/wp\/v2\/product\/92760\/revisions"}],"predecessor-version":[{"id":106342,"href":"https:\/\/www.lamigraf.com\/es\/wp-json\/wp\/v2\/product\/92760\/revisions\/106342"}],"acf:attachment":[{"embeddable":true,"href":"https:\/\/www.lamigraf.com\/es\/wp-json\/wp\/v2\/media\/103739"},{"embeddable":true,"href":"https:\/\/www.lamigraf.com\/es\/wp-json\/wp\/v2\/media\/97262"}],"wp:featuredmedia":[{"embeddable":true,"href":"https:\/\/www.lamigraf.com\/es\/wp-json\/wp\/v2\/media\/97276"}],"wp:attachment":[{"href":"https:\/\/www.lamigraf.com\/es\/wp-json\/wp\/v2\/media?parent=92760"}],"wp:term":[{"taxonomy":"product_applications","embeddable":true,"href":"https:\/\/www.lamigraf.com\/es\/wp-json\/wp\/v2\/applications?post=92760"},{"taxonomy":"product_type","embeddable":true,"href":"https:\/\/www.lamigraf.com\/es\/wp-json\/wp\/v2\/design-types?post=92760"},{"taxonomy":"product_characteristics","embeddable":true,"href":"https:\/\/www.lamigraf.com\/es\/wp-json\/wp\/v2\/characteristics?post=92760"},{"taxonomy":"product_apparence","embeddable":true,"href":"https:\/\/www.lamigraf.com\/es\/wp-json\/wp\/v2\/appearance?post=92760"}],"curies":[{"name":"wp","href":"https:\/\/api.w.org\/{rel}","templated":true}]}}