{"id":9603,"date":"2024-06-07T09:41:03","date_gmt":"2024-06-07T07:41:03","guid":{"rendered":"http:\/\/lamigraf.com\/designs\/pipa-pine-2\/"},"modified":"2024-06-07T09:41:03","modified_gmt":"2024-06-07T07:41:03","slug":"pipa-pine-2","status":"publish","type":"product","link":"https:\/\/www.lamigraf.com\/es\/disenos\/pipa-pine-2\/","title":{"rendered":"PIPA PINE"},"content":{"rendered":"Pino con nudos tratado con tintas metalizadas que le aportan una apariencia tridimensional diferente en ciertas \u00e1reas. Adem\u00e1s su juego de sombras complementa esta nueva reinterpretaci\u00f3n de la madera de pino. Para ambientes selectos marcando la diferencia.","protected":false},"excerpt":{"rendered":"<p>Pino con nudos tratado con tintas metalizadas que le aportan una apariencia tridimensional diferente en ciertas \u00e1reas. Adem\u00e1s su juego de sombras complementa esta nueva reinterpretaci\u00f3n de la madera de pino. Para ambientes selectos marcando la diferencia.<\/p>\n","protected":false},"featured_media":58247,"template":"","meta":{"_acf_changed":false,"_gspb_post_css":"","footnotes":""},"applications":[10,695],"design-types":[813,606,707],"characteristics":[861,754],"appearance":[778,357],"class_list":["post-9603","product","type-product","status-publish","has-post-thumbnail","hentry","product_applications-flooring","product_applications-flooring-es","product_type-wood-es","product_type-pine","product_type-pine-es","product_characteristics-planked-es","product_characteristics-knots-es","product_apparence-thermally-treated-es","product_apparence-thermally-treated"],"acf":{"code":"1884","peripheral_development":"1300","axial_development":"2000","cylinders":"3","data_sheet":"","collections":[{"code":"1884-D002","thumbnail":58182,"render":""},{"code":"1884-D003","thumbnail":58189,"render":""},{"code":"1884-D006","thumbnail":58196,"render":""},{"code":"1884-D007","thumbnail":58203,"render":""},{"code":"1884-D010","thumbnail":58210,"render":""},{"code":"1884-D015","thumbnail":58217,"render":""},{"code":"1884-D019","thumbnail":58224,"render":""},{"code":"1884-D020","thumbnail":58231,"render":""},{"code":"1884-D022","thumbnail":58238,"render":""}],"usages":[58259],"inspiration":{"top":{"title":"","thumbnail":"","reference":""},"bottom_title":""},"hover_image":58259,"eir":"","collaborator":{"name":"","link":""},"synchro_wood":false,"novedad":false},"yoast_head":"<!-- This site is optimized with the Yoast SEO plugin v25.2 - https:\/\/yoast.com\/wordpress\/plugins\/seo\/ -->\n<title>PIPA PINE - Lamigraf<\/title>\n<meta name=\"robots\" content=\"index, follow, max-snippet:-1, max-image-preview:large, max-video-preview:-1\" \/>\n<link rel=\"canonical\" href=\"https:\/\/www.lamigraf.com\/es\/disenos\/pipa-pine-2\/\" \/>\n<meta property=\"og:locale\" content=\"es_ES\" \/>\n<meta property=\"og:type\" content=\"article\" \/>\n<meta property=\"og:title\" content=\"PIPA PINE - Lamigraf\" \/>\n<meta property=\"og:description\" content=\"Pino con nudos tratado con tintas metalizadas que le aportan una apariencia tridimensional diferente en ciertas \u00e1reas. Adem\u00e1s su juego de sombras complementa esta nueva reinterpretaci\u00f3n de la madera de pino. Para ambientes selectos marcando la diferencia.\" \/>\n<meta property=\"og:url\" content=\"https:\/\/www.lamigraf.com\/es\/disenos\/pipa-pine-2\/\" \/>\n<meta property=\"og:site_name\" content=\"Lamigraf\" \/>\n<meta property=\"og:image\" content=\"https:\/\/www.lamigraf.com\/wp-content\/uploads\/2024\/06\/01884-O.jpg\" \/>\n\t<meta property=\"og:image:width\" content=\"1920\" \/>\n\t<meta property=\"og:image:height\" content=\"1248\" \/>\n\t<meta property=\"og:image:type\" content=\"image\/jpeg\" \/>\n<meta name=\"twitter:card\" content=\"summary_large_image\" \/>\n<script type=\"application\/ld+json\" class=\"yoast-schema-graph\">{\"@context\":\"https:\/\/schema.org\",\"@graph\":[{\"@type\":\"WebPage\",\"@id\":\"https:\/\/www.lamigraf.com\/es\/disenos\/pipa-pine-2\/\",\"url\":\"https:\/\/www.lamigraf.com\/es\/disenos\/pipa-pine-2\/\",\"name\":\"PIPA PINE - Lamigraf\",\"isPartOf\":{\"@id\":\"https:\/\/www.lamigraf.com\/#website\"},\"primaryImageOfPage\":{\"@id\":\"https:\/\/www.lamigraf.com\/es\/disenos\/pipa-pine-2\/#primaryimage\"},\"image\":{\"@id\":\"https:\/\/www.lamigraf.com\/es\/disenos\/pipa-pine-2\/#primaryimage\"},\"thumbnailUrl\":\"https:\/\/www.lamigraf.com\/wp-content\/uploads\/2024\/06\/01884-O.jpg\",\"datePublished\":\"2024-06-07T07:41:03+00:00\",\"breadcrumb\":{\"@id\":\"https:\/\/www.lamigraf.com\/es\/disenos\/pipa-pine-2\/#breadcrumb\"},\"inLanguage\":\"es\",\"potentialAction\":[{\"@type\":\"ReadAction\",\"target\":[\"https:\/\/www.lamigraf.com\/es\/disenos\/pipa-pine-2\/\"]}]},{\"@type\":\"ImageObject\",\"inLanguage\":\"es\",\"@id\":\"https:\/\/www.lamigraf.com\/es\/disenos\/pipa-pine-2\/#primaryimage\",\"url\":\"https:\/\/www.lamigraf.com\/wp-content\/uploads\/2024\/06\/01884-O.jpg\",\"contentUrl\":\"https:\/\/www.lamigraf.com\/wp-content\/uploads\/2024\/06\/01884-O.jpg\",\"width\":1920,\"height\":1248},{\"@type\":\"BreadcrumbList\",\"@id\":\"https:\/\/www.lamigraf.com\/es\/disenos\/pipa-pine-2\/#breadcrumb\",\"itemListElement\":[{\"@type\":\"ListItem\",\"position\":1,\"name\":\"Home\",\"item\":\"https:\/\/www.lamigraf.com\/es\/\"},{\"@type\":\"ListItem\",\"position\":2,\"name\":\"Designs\",\"item\":\"https:\/\/www.lamigraf.com\/designs\/\"},{\"@type\":\"ListItem\",\"position\":3,\"name\":\"PIPA PINE\"}]},{\"@type\":\"WebSite\",\"@id\":\"https:\/\/www.lamigraf.com\/#website\",\"url\":\"https:\/\/www.lamigraf.com\/\",\"name\":\"Lamigraf\",\"description\":\"\",\"publisher\":{\"@id\":\"https:\/\/www.lamigraf.com\/#organization\"},\"potentialAction\":[{\"@type\":\"SearchAction\",\"target\":{\"@type\":\"EntryPoint\",\"urlTemplate\":\"https:\/\/www.lamigraf.com\/?s={search_term_string}\"},\"query-input\":{\"@type\":\"PropertyValueSpecification\",\"valueRequired\":true,\"valueName\":\"search_term_string\"}}],\"inLanguage\":\"es\"},{\"@type\":\"Organization\",\"@id\":\"https:\/\/www.lamigraf.com\/#organization\",\"name\":\"Lamigraf\",\"url\":\"https:\/\/www.lamigraf.com\/\",\"logo\":{\"@type\":\"ImageObject\",\"inLanguage\":\"es\",\"@id\":\"https:\/\/www.lamigraf.com\/#\/schema\/logo\/image\/\",\"url\":\"https:\/\/www.lamigraf.com\/wp-content\/uploads\/2024\/05\/Logo-white.svg\",\"contentUrl\":\"https:\/\/www.lamigraf.com\/wp-content\/uploads\/2024\/05\/Logo-white.svg\",\"width\":147,\"height\":36,\"caption\":\"Lamigraf\"},\"image\":{\"@id\":\"https:\/\/www.lamigraf.com\/#\/schema\/logo\/image\/\"}}]}<\/script>\n<!-- \/ Yoast SEO plugin. -->","yoast_head_json":{"title":"PIPA PINE - Lamigraf","robots":{"index":"index","follow":"follow","max-snippet":"max-snippet:-1","max-image-preview":"max-image-preview:large","max-video-preview":"max-video-preview:-1"},"canonical":"https:\/\/www.lamigraf.com\/es\/disenos\/pipa-pine-2\/","og_locale":"es_ES","og_type":"article","og_title":"PIPA PINE - Lamigraf","og_description":"Pino con nudos tratado con tintas metalizadas que le aportan una apariencia tridimensional diferente en ciertas \u00e1reas. Adem\u00e1s su juego de sombras complementa esta nueva reinterpretaci\u00f3n de la madera de pino. Para ambientes selectos marcando la diferencia.","og_url":"https:\/\/www.lamigraf.com\/es\/disenos\/pipa-pine-2\/","og_site_name":"Lamigraf","og_image":[{"width":1920,"height":1248,"url":"https:\/\/www.lamigraf.com\/wp-content\/uploads\/2024\/06\/01884-O.jpg","type":"image\/jpeg"}],"twitter_card":"summary_large_image","schema":{"@context":"https:\/\/schema.org","@graph":[{"@type":"WebPage","@id":"https:\/\/www.lamigraf.com\/es\/disenos\/pipa-pine-2\/","url":"https:\/\/www.lamigraf.com\/es\/disenos\/pipa-pine-2\/","name":"PIPA PINE - Lamigraf","isPartOf":{"@id":"https:\/\/www.lamigraf.com\/#website"},"primaryImageOfPage":{"@id":"https:\/\/www.lamigraf.com\/es\/disenos\/pipa-pine-2\/#primaryimage"},"image":{"@id":"https:\/\/www.lamigraf.com\/es\/disenos\/pipa-pine-2\/#primaryimage"},"thumbnailUrl":"https:\/\/www.lamigraf.com\/wp-content\/uploads\/2024\/06\/01884-O.jpg","datePublished":"2024-06-07T07:41:03+00:00","breadcrumb":{"@id":"https:\/\/www.lamigraf.com\/es\/disenos\/pipa-pine-2\/#breadcrumb"},"inLanguage":"es","potentialAction":[{"@type":"ReadAction","target":["https:\/\/www.lamigraf.com\/es\/disenos\/pipa-pine-2\/"]}]},{"@type":"ImageObject","inLanguage":"es","@id":"https:\/\/www.lamigraf.com\/es\/disenos\/pipa-pine-2\/#primaryimage","url":"https:\/\/www.lamigraf.com\/wp-content\/uploads\/2024\/06\/01884-O.jpg","contentUrl":"https:\/\/www.lamigraf.com\/wp-content\/uploads\/2024\/06\/01884-O.jpg","width":1920,"height":1248},{"@type":"BreadcrumbList","@id":"https:\/\/www.lamigraf.com\/es\/disenos\/pipa-pine-2\/#breadcrumb","itemListElement":[{"@type":"ListItem","position":1,"name":"Home","item":"https:\/\/www.lamigraf.com\/es\/"},{"@type":"ListItem","position":2,"name":"Designs","item":"https:\/\/www.lamigraf.com\/designs\/"},{"@type":"ListItem","position":3,"name":"PIPA PINE"}]},{"@type":"WebSite","@id":"https:\/\/www.lamigraf.com\/#website","url":"https:\/\/www.lamigraf.com\/","name":"Lamigraf","description":"","publisher":{"@id":"https:\/\/www.lamigraf.com\/#organization"},"potentialAction":[{"@type":"SearchAction","target":{"@type":"EntryPoint","urlTemplate":"https:\/\/www.lamigraf.com\/?s={search_term_string}"},"query-input":{"@type":"PropertyValueSpecification","valueRequired":true,"valueName":"search_term_string"}}],"inLanguage":"es"},{"@type":"Organization","@id":"https:\/\/www.lamigraf.com\/#organization","name":"Lamigraf","url":"https:\/\/www.lamigraf.com\/","logo":{"@type":"ImageObject","inLanguage":"es","@id":"https:\/\/www.lamigraf.com\/#\/schema\/logo\/image\/","url":"https:\/\/www.lamigraf.com\/wp-content\/uploads\/2024\/05\/Logo-white.svg","contentUrl":"https:\/\/www.lamigraf.com\/wp-content\/uploads\/2024\/05\/Logo-white.svg","width":147,"height":36,"caption":"Lamigraf"},"image":{"@id":"https:\/\/www.lamigraf.com\/#\/schema\/logo\/image\/"}}]}},"_links":{"self":[{"href":"https:\/\/www.lamigraf.com\/es\/wp-json\/wp\/v2\/product\/9603","targetHints":{"allow":["GET"]}}],"collection":[{"href":"https:\/\/www.lamigraf.com\/es\/wp-json\/wp\/v2\/product"}],"about":[{"href":"https:\/\/www.lamigraf.com\/es\/wp-json\/wp\/v2\/types\/product"}],"version-history":[{"count":0,"href":"https:\/\/www.lamigraf.com\/es\/wp-json\/wp\/v2\/product\/9603\/revisions"}],"acf:attachment":[{"embeddable":true,"href":"https:\/\/www.lamigraf.com\/es\/wp-json\/wp\/v2\/media\/58259"}],"wp:featuredmedia":[{"embeddable":true,"href":"https:\/\/www.lamigraf.com\/es\/wp-json\/wp\/v2\/media\/58247"}],"wp:attachment":[{"href":"https:\/\/www.lamigraf.com\/es\/wp-json\/wp\/v2\/media?parent=9603"}],"wp:term":[{"taxonomy":"product_applications","embeddable":true,"href":"https:\/\/www.lamigraf.com\/es\/wp-json\/wp\/v2\/applications?post=9603"},{"taxonomy":"product_type","embeddable":true,"href":"https:\/\/www.lamigraf.com\/es\/wp-json\/wp\/v2\/design-types?post=9603"},{"taxonomy":"product_characteristics","embeddable":true,"href":"https:\/\/www.lamigraf.com\/es\/wp-json\/wp\/v2\/characteristics?post=9603"},{"taxonomy":"product_apparence","embeddable":true,"href":"https:\/\/www.lamigraf.com\/es\/wp-json\/wp\/v2\/appearance?post=9603"}],"curies":[{"name":"wp","href":"https:\/\/api.w.org\/{rel}","templated":true}]}}