{"id":118618,"date":"2026-05-12T16:45:56","date_gmt":"2026-05-12T14:45:56","guid":{"rendered":"https:\/\/www.lamigraf.com\/politica-de-cookies\/"},"modified":"2026-05-12T16:46:01","modified_gmt":"2026-05-12T14:46:01","slug":"politica-de-cookies","status":"publish","type":"page","link":"https:\/\/www.lamigraf.com\/pt-pt\/politica-de-cookies\/","title":{"rendered":"Pol\u00edtica de Cookies"},"content":{"rendered":"\n<p><strong>1. O que s\u00e3o cookies?<\/strong><\/p>\n\n<p>Os cookies s\u00e3o arquivos que s\u00e3o baixados para o dispositivo do usu\u00e1rio (computador\/smartphone\/tablet) ao acessar determinados sites e s\u00e3o armazenados em sua mem\u00f3ria. Os cookies permitem, entre outras coisas, o armazenamento e a recupera\u00e7\u00e3o de informa\u00e7\u00f5es sobre os h\u00e1bitos de navega\u00e7\u00e3o de um usu\u00e1rio ou de seu dispositivo, para ver quais p\u00e1ginas s\u00e3o visitadas, o tempo de conex\u00e3o, analisar o funcionamento de uma p\u00e1gina, se h\u00e1 problemas t\u00e9cnicos, etc. Dependendo das informa\u00e7\u00f5es que cont\u00eam e da forma como o dispositivo \u00e9 usado, podem ser utilizados para reconhecer o usu\u00e1rio.<\/p>\n\n<p><strong>2. Que tipos de biscoitos existem?<\/strong><\/p>\n\n<p>Dependendo da entidade que os gere, os cookies podem ser:<\/p>\n\n<ul class=\"wp-block-list\">\n<li><strong>Cookies prim\u00e1rios.<\/strong>Estes s\u00e3o de nossa propriedade e gerenciados por n\u00f3s.<\/li>\n\n\n\n<li><strong>Cookies de terceiros.<\/strong> Estes cookies pertencem a terceiros que gerenciam as informa\u00e7\u00f5es obtidas por meio deles.<\/li>\n<\/ul>\n\n<p>Dependendo do tempo em que permanecerem ativados, eles podem ser:<\/p>\n\n<ul class=\"wp-block-list\">\n<li><strong>Cookies de sess\u00e3o<\/strong>. Projetados para coletar e armazenar dados enquanto o usu\u00e1rio acessa um site.<\/li>\n\n\n\n<li><strong>Cookies persistentes<\/strong>. Os dados s\u00e3o armazenados no terminal e podem ser acessados \u200b\u200be processados \u200b\u200bpor um per\u00edodo definido pelo gerenciador de cookies, que pode variar de minutos a anos.<\/li>\n<\/ul>\n\n<p>Dependendo da sua finalidade, podem ser:<\/p>\n\n<ul class=\"wp-block-list\">\n<li><strong>Cookies t\u00e9cnicos.<\/strong>Esses cookies s\u00e3o usados \u200b\u200bpara permitir que o usu\u00e1rio navegue no site ou aplicativo e s\u00e3o estritamente necess\u00e1rios para fornecer um servi\u00e7o solicitado pelo usu\u00e1rio, como cookies de login, autentica\u00e7\u00e3o ou identifica\u00e7\u00e3o (somente de sess\u00e3o), cookies de seguran\u00e7a do usu\u00e1rio, cookies de sess\u00e3o do reprodutor de m\u00eddia, cookies de sess\u00e3o para balanceamento de carga, cookies de personaliza\u00e7\u00e3o da interface do usu\u00e1rio, determinados cookies de plug-in para troca de conte\u00fado social, etc.<\/li>\n\n\n\n<li><strong>Cookies de prefer\u00eancia ou personaliza\u00e7\u00e3o.<\/strong> Estes cookies s\u00e3o utilizados para armazenar as configura\u00e7\u00f5es do servi\u00e7o, para que voc\u00ea n\u00e3o precise reconfigur\u00e1-las cada vez que visitar o site.<\/li>\n\n\n\n<li><strong>Cookies de an\u00e1lise ou medi\u00e7\u00e3o.<\/strong>Esses cookies s\u00e3o usados \u200b\u200bpara rastrear e analisar o comportamento dos usu\u00e1rios dos sites aos quais est\u00e3o vinculados, incluindo a quantifica\u00e7\u00e3o do impacto dos an\u00fancios. As informa\u00e7\u00f5es coletadas por meio desse tipo de cookie s\u00e3o usadas para medir a atividade de sites, aplicativos ou plataformas, a fim de introduzir melhorias com base na an\u00e1lise dos dados de uso feita pelos usu\u00e1rios do servi\u00e7o.<\/li>\n\n\n\n<li><strong>Cookies de publicidade comportamental.<\/strong>Esses cookies armazenam informa\u00e7\u00f5es sobre o comportamento do usu\u00e1rio, obtidas por meio da observa\u00e7\u00e3o cont\u00ednua de seus h\u00e1bitos de navega\u00e7\u00e3o, permitindo o desenvolvimento de um perfil espec\u00edfico para exibir publicidade com base nesse perfil.<\/li>\n<\/ul>\n\n<p><strong>3. Que cookies utilizamos no nosso website?<\/strong><\/p>\n\n<p>Os cookies utilizados em nosso site s\u00e3o os seguintes:<\/p>\n\n<p>[wcc_category_list]<\/p>\n\n<p><strong>4. Como configurar, desativar ou excluir esses cookies?<\/strong><\/p>\n\n<p>Voc\u00ea pode reconfigurar os cookies a qualquer momento clicando aqui + [wcc_preference_button].<\/p>\n\n<p>Voc\u00ea tamb\u00e9m pode permitir ou bloquear cookies, bem como excluir seus dados de navega\u00e7\u00e3o (incluindo cookies), a qualquer momento, nas configura\u00e7\u00f5es do navegador que utiliza. Consulte as op\u00e7\u00f5es e instru\u00e7\u00f5es fornecidas pelo seu navegador para obter mais informa\u00e7\u00f5es. Observe que, se voc\u00ea aceitar cookies de terceiros, dever\u00e1 exclu\u00ed-los nas configura\u00e7\u00f5es do seu navegador.<\/p>\n\n<p>Abaixo seguem links com informa\u00e7\u00f5es sobre como gerenciar cookies nos navegadores mais utilizados:<\/p>\n\n<ul class=\"wp-block-list\">\n<li><strong>Firefox<\/strong>: <a href=\"http:\/\/support.mozilla.org\/es\/kb\/habilitar-y-deshabilitar-cookies-que-los-sitios-we\">http:\/\/support.mozilla.org\/es\/kb\/habilitar-y-deshabilitar-cookies-que-los-sitios-we<\/a><\/li>\n\n\n\n<li><strong>Chrome<\/strong>: <a href=\"http:\/\/support.google.com\/chrome\/bin\/answer.py?hl=es&amp;answer=95647\">http:\/\/support.google.com\/chrome\/bin\/answer.py?hl=es&amp;answer=95647<\/a><\/li>\n\n\n\n<li><strong>Internet Explorer<\/strong>: <a href=\"https:\/\/support.microsoft.com\/es-es\/help\/278835\/how-to-delete-cookie-files-in-internet-explorer\">https:\/\/support.microsoft.com\/es-es\/help\/278835\/how-to-delete-cookie-files-in-internet-explorer<\/a><\/li>\n\n\n\n<li><strong>Microsoft Edge:<\/strong> <a href=\"https:\/\/support.microsoft.com\/es-es\/help\/4027947\/microsoft-edge-delete-cookies\" target=\"_blank\" rel=\"noreferrer noopener\">https:\/\/support.microsoft.com\/es-es\/help\/4027947\/microsoft-edge-delete-cookies<\/a><\/li>\n\n\n\n<li><strong>Safari<\/strong>: <a href=\"http:\/\/support.apple.com\/kb\/ph5042\">http:\/\/support.apple.com\/kb\/ph5042<\/a><\/li>\n\n\n\n<li><strong>Opera<\/strong>: <a href=\"http:\/\/help.opera.com\/Windows\/11.50\/es-ES\/cookies.html\">http:\/\/help.opera.com\/Windows\/11.50\/es-ES\/cookies.html<\/a><\/li>\n\n\n\n<li><strong>Outros navegadores:<\/strong>consulte a documenta\u00e7\u00e3o do navegador que voc\u00ea instalou.<\/li>\n<\/ul>\n\n<p><strong>5. Exerc\u00edcio de direitos<\/strong><\/p>\n\n<p>Voc\u00ea pode conhecer e exercer seus direitos de prote\u00e7\u00e3o de dados acessando nossa <a href=\"https:\/\/www.lamigraf.com\/pt-pt\/privacy-policy\/\">Pol\u00edtica de Privacidade<\/a>.<\/p>\n\n<p><\/p>\n","protected":false},"excerpt":{"rendered":"<p>1. O que s\u00e3o cookies? Os cookies s\u00e3o arquivos que s\u00e3o baixados para o dispositivo do usu\u00e1rio (computador\/smartphone\/tablet) ao acessar determinados sites e s\u00e3o armazenados em sua mem\u00f3ria. Os cookies permitem, entre outras coisas, o armazenamento e a recupera\u00e7\u00e3o de informa\u00e7\u00f5es sobre os h\u00e1bitos de navega\u00e7\u00e3o de um usu\u00e1rio ou de seu dispositivo, para ver [&hellip;]<\/p>\n","protected":false},"author":2,"featured_media":0,"parent":0,"menu_order":0,"comment_status":"closed","ping_status":"closed","template":"","meta":{"_acf_changed":false,"_gspb_post_css":"","footnotes":""},"class_list":["post-118618","page","type-page","status-publish","hentry"],"acf":[],"yoast_head":"<!-- This site is optimized with the Yoast SEO plugin v25.2 - https:\/\/yoast.com\/wordpress\/plugins\/seo\/ -->\n<title>Pol\u00edtica de Cookies - Lamigraf<\/title>\n<meta name=\"robots\" content=\"index, follow, max-snippet:-1, max-image-preview:large, max-video-preview:-1\" \/>\n<link rel=\"canonical\" href=\"https:\/\/www.lamigraf.com\/pt-pt\/politica-de-cookies\/\" \/>\n<meta property=\"og:locale\" content=\"pt_PT\" \/>\n<meta property=\"og:type\" content=\"article\" \/>\n<meta property=\"og:title\" content=\"Pol\u00edtica de Cookies - Lamigraf\" \/>\n<meta property=\"og:description\" content=\"1. O que s\u00e3o cookies? Os cookies s\u00e3o arquivos que s\u00e3o baixados para o dispositivo do usu\u00e1rio (computador\/smartphone\/tablet) ao acessar determinados sites e s\u00e3o armazenados em sua mem\u00f3ria. Os cookies permitem, entre outras coisas, o armazenamento e a recupera\u00e7\u00e3o de informa\u00e7\u00f5es sobre os h\u00e1bitos de navega\u00e7\u00e3o de um usu\u00e1rio ou de seu dispositivo, para ver [&hellip;]\" \/>\n<meta property=\"og:url\" content=\"https:\/\/www.lamigraf.com\/pt-pt\/politica-de-cookies\/\" \/>\n<meta property=\"og:site_name\" content=\"Lamigraf\" \/>\n<meta property=\"article:modified_time\" content=\"2026-05-12T14:46:01+00:00\" \/>\n<meta name=\"twitter:card\" content=\"summary_large_image\" \/>\n<meta name=\"twitter:label1\" content=\"Tempo estimado de leitura\" \/>\n\t<meta name=\"twitter:data1\" content=\"3 minutos\" \/>\n<script type=\"application\/ld+json\" class=\"yoast-schema-graph\">{\"@context\":\"https:\/\/schema.org\",\"@graph\":[{\"@type\":\"WebPage\",\"@id\":\"https:\/\/www.lamigraf.com\/pt-pt\/politica-de-cookies\/\",\"url\":\"https:\/\/www.lamigraf.com\/pt-pt\/politica-de-cookies\/\",\"name\":\"Pol\u00edtica de Cookies - Lamigraf\",\"isPartOf\":{\"@id\":\"https:\/\/www.lamigraf.com\/#website\"},\"datePublished\":\"2026-05-12T14:45:56+00:00\",\"dateModified\":\"2026-05-12T14:46:01+00:00\",\"breadcrumb\":{\"@id\":\"https:\/\/www.lamigraf.com\/pt-pt\/politica-de-cookies\/#breadcrumb\"},\"inLanguage\":\"pt-PT\",\"potentialAction\":[{\"@type\":\"ReadAction\",\"target\":[\"https:\/\/www.lamigraf.com\/pt-pt\/politica-de-cookies\/\"]}]},{\"@type\":\"BreadcrumbList\",\"@id\":\"https:\/\/www.lamigraf.com\/pt-pt\/politica-de-cookies\/#breadcrumb\",\"itemListElement\":[{\"@type\":\"ListItem\",\"position\":1,\"name\":\"Home\",\"item\":\"https:\/\/www.lamigraf.com\/pt-pt\/\"},{\"@type\":\"ListItem\",\"position\":2,\"name\":\"Pol\u00edtica de Cookies\"}]},{\"@type\":\"WebSite\",\"@id\":\"https:\/\/www.lamigraf.com\/#website\",\"url\":\"https:\/\/www.lamigraf.com\/\",\"name\":\"Lamigraf\",\"description\":\"\",\"publisher\":{\"@id\":\"https:\/\/www.lamigraf.com\/#organization\"},\"potentialAction\":[{\"@type\":\"SearchAction\",\"target\":{\"@type\":\"EntryPoint\",\"urlTemplate\":\"https:\/\/www.lamigraf.com\/?s={search_term_string}\"},\"query-input\":{\"@type\":\"PropertyValueSpecification\",\"valueRequired\":true,\"valueName\":\"search_term_string\"}}],\"inLanguage\":\"pt-PT\"},{\"@type\":\"Organization\",\"@id\":\"https:\/\/www.lamigraf.com\/#organization\",\"name\":\"Lamigraf\",\"url\":\"https:\/\/www.lamigraf.com\/\",\"logo\":{\"@type\":\"ImageObject\",\"inLanguage\":\"pt-PT\",\"@id\":\"https:\/\/www.lamigraf.com\/#\/schema\/logo\/image\/\",\"url\":\"https:\/\/www.lamigraf.com\/wp-content\/uploads\/2024\/05\/Logo-white.svg\",\"contentUrl\":\"https:\/\/www.lamigraf.com\/wp-content\/uploads\/2024\/05\/Logo-white.svg\",\"width\":147,\"height\":36,\"caption\":\"Lamigraf\"},\"image\":{\"@id\":\"https:\/\/www.lamigraf.com\/#\/schema\/logo\/image\/\"}}]}<\/script>\n<!-- \/ Yoast SEO plugin. -->","yoast_head_json":{"title":"Pol\u00edtica de Cookies - Lamigraf","robots":{"index":"index","follow":"follow","max-snippet":"max-snippet:-1","max-image-preview":"max-image-preview:large","max-video-preview":"max-video-preview:-1"},"canonical":"https:\/\/www.lamigraf.com\/pt-pt\/politica-de-cookies\/","og_locale":"pt_PT","og_type":"article","og_title":"Pol\u00edtica de Cookies - Lamigraf","og_description":"1. O que s\u00e3o cookies? Os cookies s\u00e3o arquivos que s\u00e3o baixados para o dispositivo do usu\u00e1rio (computador\/smartphone\/tablet) ao acessar determinados sites e s\u00e3o armazenados em sua mem\u00f3ria. Os cookies permitem, entre outras coisas, o armazenamento e a recupera\u00e7\u00e3o de informa\u00e7\u00f5es sobre os h\u00e1bitos de navega\u00e7\u00e3o de um usu\u00e1rio ou de seu dispositivo, para ver [&hellip;]","og_url":"https:\/\/www.lamigraf.com\/pt-pt\/politica-de-cookies\/","og_site_name":"Lamigraf","article_modified_time":"2026-05-12T14:46:01+00:00","twitter_card":"summary_large_image","twitter_misc":{"Tempo estimado de leitura":"3 minutos"},"schema":{"@context":"https:\/\/schema.org","@graph":[{"@type":"WebPage","@id":"https:\/\/www.lamigraf.com\/pt-pt\/politica-de-cookies\/","url":"https:\/\/www.lamigraf.com\/pt-pt\/politica-de-cookies\/","name":"Pol\u00edtica de Cookies - Lamigraf","isPartOf":{"@id":"https:\/\/www.lamigraf.com\/#website"},"datePublished":"2026-05-12T14:45:56+00:00","dateModified":"2026-05-12T14:46:01+00:00","breadcrumb":{"@id":"https:\/\/www.lamigraf.com\/pt-pt\/politica-de-cookies\/#breadcrumb"},"inLanguage":"pt-PT","potentialAction":[{"@type":"ReadAction","target":["https:\/\/www.lamigraf.com\/pt-pt\/politica-de-cookies\/"]}]},{"@type":"BreadcrumbList","@id":"https:\/\/www.lamigraf.com\/pt-pt\/politica-de-cookies\/#breadcrumb","itemListElement":[{"@type":"ListItem","position":1,"name":"Home","item":"https:\/\/www.lamigraf.com\/pt-pt\/"},{"@type":"ListItem","position":2,"name":"Pol\u00edtica de Cookies"}]},{"@type":"WebSite","@id":"https:\/\/www.lamigraf.com\/#website","url":"https:\/\/www.lamigraf.com\/","name":"Lamigraf","description":"","publisher":{"@id":"https:\/\/www.lamigraf.com\/#organization"},"potentialAction":[{"@type":"SearchAction","target":{"@type":"EntryPoint","urlTemplate":"https:\/\/www.lamigraf.com\/?s={search_term_string}"},"query-input":{"@type":"PropertyValueSpecification","valueRequired":true,"valueName":"search_term_string"}}],"inLanguage":"pt-PT"},{"@type":"Organization","@id":"https:\/\/www.lamigraf.com\/#organization","name":"Lamigraf","url":"https:\/\/www.lamigraf.com\/","logo":{"@type":"ImageObject","inLanguage":"pt-PT","@id":"https:\/\/www.lamigraf.com\/#\/schema\/logo\/image\/","url":"https:\/\/www.lamigraf.com\/wp-content\/uploads\/2024\/05\/Logo-white.svg","contentUrl":"https:\/\/www.lamigraf.com\/wp-content\/uploads\/2024\/05\/Logo-white.svg","width":147,"height":36,"caption":"Lamigraf"},"image":{"@id":"https:\/\/www.lamigraf.com\/#\/schema\/logo\/image\/"}}]}},"_links":{"self":[{"href":"https:\/\/www.lamigraf.com\/pt-pt\/wp-json\/wp\/v2\/pages\/118618","targetHints":{"allow":["GET"]}}],"collection":[{"href":"https:\/\/www.lamigraf.com\/pt-pt\/wp-json\/wp\/v2\/pages"}],"about":[{"href":"https:\/\/www.lamigraf.com\/pt-pt\/wp-json\/wp\/v2\/types\/page"}],"author":[{"embeddable":true,"href":"https:\/\/www.lamigraf.com\/pt-pt\/wp-json\/wp\/v2\/users\/2"}],"replies":[{"embeddable":true,"href":"https:\/\/www.lamigraf.com\/pt-pt\/wp-json\/wp\/v2\/comments?post=118618"}],"version-history":[{"count":1,"href":"https:\/\/www.lamigraf.com\/pt-pt\/wp-json\/wp\/v2\/pages\/118618\/revisions"}],"predecessor-version":[{"id":118619,"href":"https:\/\/www.lamigraf.com\/pt-pt\/wp-json\/wp\/v2\/pages\/118618\/revisions\/118619"}],"wp:attachment":[{"href":"https:\/\/www.lamigraf.com\/pt-pt\/wp-json\/wp\/v2\/media?parent=118618"}],"curies":[{"name":"wp","href":"https:\/\/api.w.org\/{rel}","templated":true}]}}